{"id":8437,"date":"2021-12-16T11:22:37","date_gmt":"2021-12-16T10:22:37","guid":{"rendered":"https:\/\/ibcparts.eu\/?post_type=product&#038;p=8437"},"modified":"2026-01-14T10:36:22","modified_gmt":"2026-01-14T09:36:22","slug":"kroglicni-ventil-s80-s60","status":"publish","type":"product","link":"https:\/\/ibcparts.eu\/nl\/product\/kroglicni-ventil-s80-s60\/","title":{"rendered":"Krogli\u010dni ventil S80 &#8211; S60 za IBC cisterno"},"content":{"rendered":"<p>Ventili IBC cistern so veliki, plasti\u010dni in ob\u010dutljivi. Temperaturne razlike, UV \u017earki, suh zrak, umazanija in \u0161e drugi dejavniki vplivajo na to, da je ventil obi\u010dajno prva stvar, ki pri cisterni preneha delovati.<\/p>\n<p>Zanimivost: Testirali smo obstojnost ventilov novih cistern. Izpostavili smo jih direktni son\u010dni svetlobi, mrazu, de\u017eju, skratka vsem vremenskim vplivom. Po \u0161tirih letih je polovica ventilov pu\u0161\u010dala, preperela ali se kako druga\u010de po\u0161kodovala. Spet drugi so delovali brez problema.<\/p>\n<p>V vsakem primeru vam priporo\u010damo, da:<\/p>\n<ol>\n<li>ventil za\u0161\u010ditite pred son\u010dno svetlobo,<\/li>\n<li>vodo v cisterni vsaj malo prefiltrirate,<\/li>\n<li>ne odpirate ventila ve\u010dkrat, kot je to potrebno &#8211; v ponudbi imamo ogromno izbiro kompletov pipa+ reducir, ki se montirajo na ta ventil &#8211; nato lahko vodo regulirate s tem kompletom -pipo.<\/li>\n<\/ol>\n<p>Na\u0161i ventili so namenjeni samo uporabi z vodo za namen zalivanja vrta.<\/p>","protected":false},"excerpt":{"rendered":"<h2 data-start=\"127\" data-end=\"186\"><strong data-start=\"127\" data-end=\"186\">Zanesljiv zaporni ventil z vrtljivo aluminijasto matico<\/strong><\/h2>\n<p data-start=\"188\" data-end=\"389\">Krogli\u010dni ventil <strong data-start=\"205\" data-end=\"218\">S80 \u2013 S60<\/strong> je zelo kakovosten ventil za <strong data-start=\"248\" data-end=\"291\">IBC cisterne z navojem S80\u00d76 (74\u201381 mm)<\/strong>. Namenjen je zanesljivemu zapiranju in odpiranju pretoka vode med cisterno in priklju\u010deno opremo.<\/p>\n<p data-start=\"391\" data-end=\"622\">Ventil ima na sprednjem delu <strong data-start=\"420\" data-end=\"444\">klasi\u010den navoj S60\u00d76<\/strong>, kar omogo\u010da neposredno povezavo z drugimi IBC priklju\u010dki ali adapterji. Opremljen je z <strong data-start=\"533\" data-end=\"556\">aluminijasto matico<\/strong>, ki zagotavlja visoko mehansko trdnost in dolgo \u017eivljenjsko dobo.<\/p>\n<ul>\n<li data-start=\"626\" data-end=\"661\"><strong data-start=\"626\" data-end=\"642\">Tip ventila:<\/strong> krogli\u010dni ventil<\/li>\n<li data-start=\"664\" data-end=\"690\"><strong data-start=\"664\" data-end=\"674\">Schroefdraad:<\/strong> S80\u00d76 \u2192 S60\u00d76<\/li>\n<li data-start=\"693\" data-end=\"785\"><strong data-start=\"693\" data-end=\"712\">Compatibiliteit:<\/strong> IBC cisterne z navojem na balonu cisterne fi <strong data-start=\"758\" data-end=\"770\">74\u201381 mm<\/strong>, grobi navoj<\/li>\n<li data-start=\"788\" data-end=\"842\"><strong data-start=\"788\" data-end=\"801\">Materiaal<\/strong> robustna izvedba z aluminijasto matico<\/li>\n<li data-start=\"845\" data-end=\"906\"><strong data-start=\"845\" data-end=\"857\">Uporaba:<\/strong> menjava ali nadgradnja obstoje\u010dega IBC ventila<\/li>\n<\/ul>\n<p data-start=\"908\" data-end=\"1021\"><strong data-start=\"908\" data-end=\"969\">Ne veste, ali je ta ventil primeren za va\u0161o IBC cisterno?<\/strong><\/p>\n<p>Preverite tukaj: <a class=\"woodmart-nav-link\" href=\"https:\/\/ibcparts.eu\/zamenjava-ibc-ventila\/\">Vervangen van een IBC-tankafsluiter<\/a><\/p>","protected":false},"featured_media":16277,"template":"","meta":[],"product_brand":[],"product_cat":[182,260],"product_tag":[473],"class_list":{"0":"post-8437","1":"product","2":"type-product","3":"status-publish","4":"has-post-thumbnail","6":"product_cat-ibc-cisterne-ventili-in-dodatki","7":"product_cat-ventili-in-nadomestki-ventilov","8":"product_tag-kroglicni-ventil-s80-za-ibc-cisterno","10":"first","11":"instock","12":"shipping-taxable","13":"purchasable","14":"product-type-simple"},"yoast_head":"<!-- This site is optimized with the Yoast SEO plugin v27.1.1 - https:\/\/yoast.com\/product\/yoast-seo-wordpress\/ -->\n<title>Krogli\u010dni ventil S80 - S60 za IBC cisterno | IBCparts.eu<\/title>\n<meta name=\"description\" content=\"Kvaliteten krogli\u010dni ventil S80 za IBC cisterno z navojem fi 74-81 mm. Aluminijasta vrtljiva matica. Na sprednjem delu klasi\u010den navoj S60x6.\" \/>\n<meta name=\"robots\" content=\"index, follow, max-snippet:-1, max-image-preview:large, max-video-preview:-1\" \/>\n<link rel=\"canonical\" href=\"https:\/\/ibcparts.eu\/nl\/product\/kroglicni-ventil-s80-s60\/\" \/>\n<meta property=\"og:locale\" content=\"nl_NL\" \/>\n<meta property=\"og:type\" content=\"article\" \/>\n<meta property=\"og:title\" content=\"Krogli\u010dni ventil S80 - S60 za IBC cisterno | IBCparts.eu\" \/>\n<meta property=\"og:description\" content=\"Kvaliteten krogli\u010dni ventil S80 za IBC cisterno z navojem fi 74-81 mm. Aluminijasta vrtljiva matica. Na sprednjem delu klasi\u010den navoj S60x6.\" \/>\n<meta property=\"og:url\" content=\"https:\/\/ibcparts.eu\/nl\/product\/kroglicni-ventil-s80-s60\/\" \/>\n<meta property=\"og:site_name\" content=\"IBCparts.eu\" \/>\n<meta property=\"article:modified_time\" content=\"2026-01-14T09:36:22+00:00\" \/>\n<meta property=\"og:image\" content=\"https:\/\/ibcparts.eu\/wp-content\/uploads\/2021\/12\/Ventil-za-IBC-cisterno-S60.png\" \/>\n\t<meta property=\"og:image:width\" content=\"500\" \/>\n\t<meta property=\"og:image:height\" content=\"500\" \/>\n\t<meta property=\"og:image:type\" content=\"image\/png\" \/>\n<meta name=\"twitter:card\" content=\"summary_large_image\" \/>\n<meta name=\"twitter:label1\" content=\"Geschatte leestijd\" \/>\n\t<meta name=\"twitter:data1\" content=\"1 minuut\" \/>\n<script type=\"application\/ld+json\" class=\"yoast-schema-graph\">{\"@context\":\"https:\/\/schema.org\",\"@graph\":[{\"@type\":\"WebPage\",\"@id\":\"https:\/\/ibcparts.eu\/izdelek\/kroglicni-ventil-s80-s60\/\",\"url\":\"https:\/\/ibcparts.eu\/izdelek\/kroglicni-ventil-s80-s60\/\",\"name\":\"Krogli\u010dni ventil S80 - S60 za IBC cisterno | IBCparts.eu\",\"isPartOf\":{\"@id\":\"https:\/\/ibcparts.eu\/#website\"},\"primaryImageOfPage\":{\"@id\":\"https:\/\/ibcparts.eu\/izdelek\/kroglicni-ventil-s80-s60\/#primaryimage\"},\"image\":{\"@id\":\"https:\/\/ibcparts.eu\/izdelek\/kroglicni-ventil-s80-s60\/#primaryimage\"},\"thumbnailUrl\":\"https:\/\/ibcparts.eu\/wp-content\/uploads\/2021\/12\/Ventil-za-IBC-cisterno-S60.png\",\"datePublished\":\"2021-12-16T10:22:37+00:00\",\"dateModified\":\"2026-01-14T09:36:22+00:00\",\"description\":\"Kvaliteten krogli\u010dni ventil S80 za IBC cisterno z navojem fi 74-81 mm. Aluminijasta vrtljiva matica. Na sprednjem delu klasi\u010den navoj S60x6.\",\"breadcrumb\":{\"@id\":\"https:\/\/ibcparts.eu\/izdelek\/kroglicni-ventil-s80-s60\/#breadcrumb\"},\"inLanguage\":\"nl-NL\",\"potentialAction\":[{\"@type\":\"ReadAction\",\"target\":[\"https:\/\/ibcparts.eu\/izdelek\/kroglicni-ventil-s80-s60\/\"]}]},{\"@type\":\"ImageObject\",\"inLanguage\":\"nl-NL\",\"@id\":\"https:\/\/ibcparts.eu\/izdelek\/kroglicni-ventil-s80-s60\/#primaryimage\",\"url\":\"https:\/\/ibcparts.eu\/wp-content\/uploads\/2021\/12\/Ventil-za-IBC-cisterno-S60.png\",\"contentUrl\":\"https:\/\/ibcparts.eu\/wp-content\/uploads\/2021\/12\/Ventil-za-IBC-cisterno-S60.png\",\"width\":500,\"height\":500,\"caption\":\"Krogli\u010dni ventil za IBC cisterno\"},{\"@type\":\"BreadcrumbList\",\"@id\":\"https:\/\/ibcparts.eu\/izdelek\/kroglicni-ventil-s80-s60\/#breadcrumb\",\"itemListElement\":[{\"@type\":\"ListItem\",\"position\":1,\"name\":\"Home\",\"item\":\"https:\/\/ibcparts.eu\/\"},{\"@type\":\"ListItem\",\"position\":2,\"name\":\"Nakupujte\",\"item\":\"https:\/\/ibcparts.eu\/nakupujte\/\"},{\"@type\":\"ListItem\",\"position\":3,\"name\":\"Krogli\u010dni ventil S80 &#8211; S60 za IBC cisterno\"}]},{\"@type\":\"WebSite\",\"@id\":\"https:\/\/ibcparts.eu\/#website\",\"url\":\"https:\/\/ibcparts.eu\/\",\"name\":\"IBCparts.eu\",\"description\":\"\",\"publisher\":{\"@id\":\"https:\/\/ibcparts.eu\/#organization\"},\"potentialAction\":[{\"@type\":\"SearchAction\",\"target\":{\"@type\":\"EntryPoint\",\"urlTemplate\":\"https:\/\/ibcparts.eu\/?s={search_term_string}\"},\"query-input\":{\"@type\":\"PropertyValueSpecification\",\"valueRequired\":true,\"valueName\":\"search_term_string\"}}],\"inLanguage\":\"nl-NL\"},{\"@type\":\"Organization\",\"@id\":\"https:\/\/ibcparts.eu\/#organization\",\"name\":\"IBCparts\",\"url\":\"https:\/\/ibcparts.eu\/\",\"logo\":{\"@type\":\"ImageObject\",\"inLanguage\":\"nl-NL\",\"@id\":\"https:\/\/ibcparts.eu\/#\/schema\/logo\/image\/\",\"url\":\"https:\/\/ibcparts.eu\/wp-content\/uploads\/2021\/10\/Footer-Logo.png\",\"contentUrl\":\"https:\/\/ibcparts.eu\/wp-content\/uploads\/2021\/10\/Footer-Logo.png\",\"width\":1992,\"height\":772,\"caption\":\"IBCparts\"},\"image\":{\"@id\":\"https:\/\/ibcparts.eu\/#\/schema\/logo\/image\/\"}}]}<\/script>\n<!-- \/ Yoast SEO plugin. -->","yoast_head_json":{"title":"Krogli\u010dni ventil S80 - S60 za IBC cisterno | IBCparts.eu","description":"Kvaliteten krogli\u010dni ventil S80 za IBC cisterno z navojem fi 74-81 mm. Aluminijasta vrtljiva matica. Na sprednjem delu klasi\u010den navoj S60x6.","robots":{"index":"index","follow":"follow","max-snippet":"max-snippet:-1","max-image-preview":"max-image-preview:large","max-video-preview":"max-video-preview:-1"},"canonical":"https:\/\/ibcparts.eu\/nl\/product\/kroglicni-ventil-s80-s60\/","og_locale":"nl_NL","og_type":"article","og_title":"Krogli\u010dni ventil S80 - S60 za IBC cisterno | IBCparts.eu","og_description":"Kvaliteten krogli\u010dni ventil S80 za IBC cisterno z navojem fi 74-81 mm. Aluminijasta vrtljiva matica. Na sprednjem delu klasi\u010den navoj S60x6.","og_url":"https:\/\/ibcparts.eu\/nl\/product\/kroglicni-ventil-s80-s60\/","og_site_name":"IBCparts.eu","article_modified_time":"2026-01-14T09:36:22+00:00","og_image":[{"width":500,"height":500,"url":"https:\/\/ibcparts.eu\/wp-content\/uploads\/2021\/12\/Ventil-za-IBC-cisterno-S60.png","type":"image\/png"}],"twitter_card":"summary_large_image","twitter_misc":{"Geschatte leestijd":"1 minuut"},"schema":{"@context":"https:\/\/schema.org","@graph":[{"@type":"WebPage","@id":"https:\/\/ibcparts.eu\/izdelek\/kroglicni-ventil-s80-s60\/","url":"https:\/\/ibcparts.eu\/izdelek\/kroglicni-ventil-s80-s60\/","name":"Krogli\u010dni ventil S80 - S60 za IBC cisterno | IBCparts.eu","isPartOf":{"@id":"https:\/\/ibcparts.eu\/#website"},"primaryImageOfPage":{"@id":"https:\/\/ibcparts.eu\/izdelek\/kroglicni-ventil-s80-s60\/#primaryimage"},"image":{"@id":"https:\/\/ibcparts.eu\/izdelek\/kroglicni-ventil-s80-s60\/#primaryimage"},"thumbnailUrl":"https:\/\/ibcparts.eu\/wp-content\/uploads\/2021\/12\/Ventil-za-IBC-cisterno-S60.png","datePublished":"2021-12-16T10:22:37+00:00","dateModified":"2026-01-14T09:36:22+00:00","description":"Kvaliteten krogli\u010dni ventil S80 za IBC cisterno z navojem fi 74-81 mm. Aluminijasta vrtljiva matica. Na sprednjem delu klasi\u010den navoj S60x6.","breadcrumb":{"@id":"https:\/\/ibcparts.eu\/izdelek\/kroglicni-ventil-s80-s60\/#breadcrumb"},"inLanguage":"nl-NL","potentialAction":[{"@type":"ReadAction","target":["https:\/\/ibcparts.eu\/izdelek\/kroglicni-ventil-s80-s60\/"]}]},{"@type":"ImageObject","inLanguage":"nl-NL","@id":"https:\/\/ibcparts.eu\/izdelek\/kroglicni-ventil-s80-s60\/#primaryimage","url":"https:\/\/ibcparts.eu\/wp-content\/uploads\/2021\/12\/Ventil-za-IBC-cisterno-S60.png","contentUrl":"https:\/\/ibcparts.eu\/wp-content\/uploads\/2021\/12\/Ventil-za-IBC-cisterno-S60.png","width":500,"height":500,"caption":"Krogli\u010dni ventil za IBC cisterno"},{"@type":"BreadcrumbList","@id":"https:\/\/ibcparts.eu\/izdelek\/kroglicni-ventil-s80-s60\/#breadcrumb","itemListElement":[{"@type":"ListItem","position":1,"name":"Home","item":"https:\/\/ibcparts.eu\/"},{"@type":"ListItem","position":2,"name":"Nakupujte","item":"https:\/\/ibcparts.eu\/nakupujte\/"},{"@type":"ListItem","position":3,"name":"Krogli\u010dni ventil S80 &#8211; S60 za IBC cisterno"}]},{"@type":"WebSite","@id":"https:\/\/ibcparts.eu\/#website","url":"https:\/\/ibcparts.eu\/","name":"IBCparts.eu","description":"","publisher":{"@id":"https:\/\/ibcparts.eu\/#organization"},"potentialAction":[{"@type":"SearchAction","target":{"@type":"EntryPoint","urlTemplate":"https:\/\/ibcparts.eu\/?s={search_term_string}"},"query-input":{"@type":"PropertyValueSpecification","valueRequired":true,"valueName":"search_term_string"}}],"inLanguage":"nl-NL"},{"@type":"Organization","@id":"https:\/\/ibcparts.eu\/#organization","name":"IBCparts","url":"https:\/\/ibcparts.eu\/","logo":{"@type":"ImageObject","inLanguage":"nl-NL","@id":"https:\/\/ibcparts.eu\/#\/schema\/logo\/image\/","url":"https:\/\/ibcparts.eu\/wp-content\/uploads\/2021\/10\/Footer-Logo.png","contentUrl":"https:\/\/ibcparts.eu\/wp-content\/uploads\/2021\/10\/Footer-Logo.png","width":1992,"height":772,"caption":"IBCparts"},"image":{"@id":"https:\/\/ibcparts.eu\/#\/schema\/logo\/image\/"}}]}},"_links":{"self":[{"href":"https:\/\/ibcparts.eu\/nl\/wp-json\/wp\/v2\/product\/8437","targetHints":{"allow":["GET"]}}],"collection":[{"href":"https:\/\/ibcparts.eu\/nl\/wp-json\/wp\/v2\/product"}],"about":[{"href":"https:\/\/ibcparts.eu\/nl\/wp-json\/wp\/v2\/types\/product"}],"version-history":[{"count":3,"href":"https:\/\/ibcparts.eu\/nl\/wp-json\/wp\/v2\/product\/8437\/revisions"}],"predecessor-version":[{"id":20287,"href":"https:\/\/ibcparts.eu\/nl\/wp-json\/wp\/v2\/product\/8437\/revisions\/20287"}],"wp:featuredmedia":[{"embeddable":true,"href":"https:\/\/ibcparts.eu\/nl\/wp-json\/wp\/v2\/media\/16277"}],"wp:attachment":[{"href":"https:\/\/ibcparts.eu\/nl\/wp-json\/wp\/v2\/media?parent=8437"}],"wp:term":[{"taxonomy":"product_brand","embeddable":true,"href":"https:\/\/ibcparts.eu\/nl\/wp-json\/wp\/v2\/product_brand?post=8437"},{"taxonomy":"product_cat","embeddable":true,"href":"https:\/\/ibcparts.eu\/nl\/wp-json\/wp\/v2\/product_cat?post=8437"},{"taxonomy":"product_tag","embeddable":true,"href":"https:\/\/ibcparts.eu\/nl\/wp-json\/wp\/v2\/product_tag?post=8437"}],"curies":[{"name":"wp","href":"https:\/\/api.w.org\/{rel}","templated":true}]}}