{"id":7882,"date":"2021-11-14T19:02:17","date_gmt":"2021-11-14T18:02:17","guid":{"rendered":"https:\/\/ibcparts.eu\/?post_type=product&#038;p=7882"},"modified":"2026-03-12T15:42:19","modified_gmt":"2026-03-12T14:42:19","slug":"ibc-cisterna-1000l-za-vodo-koleno-gratis","status":"publish","type":"product","link":"https:\/\/ibcparts.eu\/nl\/product\/ibc-cisterna-1000l-za-vodo-koleno-gratis\/","title":{"rendered":"IBC cisterna 1000 L Schutz \u2013 rabljena, prehranska industrija"},"content":{"rendered":"<p><strong>Opozorilo!<\/strong><br \/>\nOb nakupu rabljenih cistern iz oglasov bodite pozorni na to, da je cisterna neopore\u010dna, ter da niso bile uporabljene za transport kemikalij.<\/p>\n<p>\u010ce cisterna ni neopore\u010dna, pomeni da ni ustrezna tudi za\u00a0 zalivanje vrta.<\/p>\n<p>Na\u0161e cisterne so trenutno iz podjetja, kjer proizvajajo pija\u010do. V njih so bile razli\u010dne surovine za izdelavo teh pija\u010d. To\u010dno katera surovina je bila v kateri cisterni ni znano, pomembno je to, da je bila ta surovina \u017eivilo.<br \/>\nSo o\u010di\u0161\u010dene in pripravljene za uporabo. Ne \u0161koduje, \u010de jih pred uporabo \u0161e enkrat operete z vodo.<\/p>\n<p><strong>Ve\u010dkrat postavljena vpra\u0161anja:<\/strong><\/p>\n<p>Zakaj jih nimate vedno na zalogi?<br \/>\nNa\u0161a glavna dejavnost so dodatki za IBC cisterne. Ob\u010dasno pa imamo mo\u017enost na\u0161im strankam ponuditi odli\u010dne rabljene (obnovljene) ob\u010dasno tudi FOODGRADE cisterne. Lahko se zgodi, da ve\u010d kot pol leta ni nove zaloge.<\/p>\n<p><strong>Ali imajo rabljene cisterne certifikat?<\/strong><br \/>\nNobene rabljene cisterne nimajo certifikata o ponovni ustreznosti, ker niti ni in\u0161titucije, ki bi to preverjala oz. certifikat izdajala.\u00a0Na\u0161e FOODGRADE cisterne pa imajo sledljivost, ki jo ima le redkokatera rabljena cisterna.<\/p>\n<p><strong>Zakaj rabljene cisterne podjetja prodajajo in jih raje ne vrnejo nazaj od koder so jih prejeli, \u010de je cisterna \u0161e uporabna?<\/strong><br \/>\nV ve\u010djih mestih to deluje. Schutz ima npr. linijo Recobulk (ogrodje se popravi, \u010de je potrebno, balon cisterne pa se zamenja z novim. Transportni stro\u0161ki in ostali dejavniki to mo\u017enost omejijo. Najve\u010dkrat je vrednost cisterne vklju\u010dena v ceno surovine.<\/p>\n<p><strong>Ali imajo va\u0161e rabljene cisterne kak\u0161en vonj?<\/strong><br \/>\nV 90% primerih ne &#8211; oziroma po HDPE plastiki, tako kot nove.<br \/>\nV 10% primerih lahko, npr. po sladkem (fruktoza) ipd.<\/p>\n<p><strong>Ali so va\u0161e rabljene cisterne primerne tudi za pitno vodo?<\/strong><br \/>\nOdgovor je na kratko ne. Zakaj? Stoje\u010da voda je problem tudi v novih cisternah. \u010ce ni dodanih konzervansov, UV sterilizacije ipd., se v njej razvijajo mikroorganizmi, ki lahko \u0161kodujejo zdravju, \u010de\/ko jih je preve\u010d. Za pitno vodo priporo\u010damo nove cisterne (ne nujno Food grade, tudi pri obi\u010dajnih novih cisternah gre za \u010disti, nerecikliran HDPE, ki je primeren za ta namen)\u00a0in pa ustrezno pre\u010di\u0161\u010devanje oz konzerviranje itd &#8211; s tem se\u00a0<u>ne\u00a0<\/u>ukvarjamo. Na\u0161e cisterne so uporabljene izrecno za prehransko industrijo, oprane pa so z vro\u010do vodo pod pritiskom.<\/p>\n<p><strong>Ali je voda bolj \u010dista v \u010drni cisterni?<\/strong><br \/>\nNe vemo, ker umazanije v njej ne vidimo zaradi \u010drnih sten. \u0160alo na stran &#8211; mikroorganizmi in alge se definitivno razra\u0161\u010dajo manj. Tudi plastika teh cistern je bolj UV odporna. Se pa voda v cisterni bolj greje in tudi, \u010de bi bilo cisterno dobro o\u010distiti, tega ne opazimo, ker se dejansko ne vidi. Bolj priporo\u010damo obi\u010dajno (belo) cisterno in\u00a0<a href=\"https:\/\/ibcparts.eu\/izdelek\/zascitna-ponjava-tarp-za-ibc-cisterno\/\">za\u0161\u010ditno ponjavo<\/a>. Voda tako ostaja hladnej\u0161a, tudi \u010de je ponjava \u010drna, saj zrak deluje kot izolator. Na zalogi pa imamo obi\u010dajno tudi \u010drne cisterne.<\/p>\n<p><strong>Kak\u0161na je \u017eivljenjska doba cisterne?<\/strong><br \/>\nLahko 3 leta, lahko 30 let. Odvisno od kvalitete cisterne, od zunanjih dejavnikov (sonce, mraz), od skrbi zanjo, ter nenazadnje od sre\u010de. Problemi se obi\u010dajno najprej za\u010dnejo pri ventilih, z balonom ni ve\u010djih te\u017eav. Ventili IBC cistern niso namenjeni konstantnemu odpiranju in zapiranju, zato svetujemo, da uporabljate komplete\u00a0<a href=\"https:\/\/ibcparts.eu\/kompleti-pipareducir\/\">Pipa+reducir<\/a>, ki jih najdete v na\u0161i ponudbi.<\/p>\n<p><strong>Ali moramo pozimi vodo spustiti iz cisterne?<\/strong><br \/>\nDa, najbolje je tako. In ventil (in pipo) pustite odprt.<br \/>\n\u010ce boste vodo pozimi pustili v cisterni, bodite pozorni na to, da ni popolnoma polna. Ventil in pipo izolirajte (pokrijte s toplim blagom).<\/p>\n<p><strong>Ali je kovinsko ogrodje nerjave\u010de?<\/strong><br \/>\nDa, je namre\u010d galvanizirano &#8211; hladno cinkano. Prav tako paleta, \u010de je kovinska. \u010ce se po\u0161koduje, lahko za\u010dne rjaveti.<\/p>","protected":false},"excerpt":{"rendered":"<p><span style=\"font-size: large;\"><strong>Productinformatie:<\/strong><br \/>\n\u200bIBC cisterna, enkrat rabljena za transport sestavine za pija\u010do.<br \/>\nTovarni\u0161ko oprana in kot nova.<\/span><\/p>\n<p><strong>Prednosti na\u0161e cisterne<\/strong>:<br \/>\n-Zelo kvaliteten proizvajalec Schutz.<br \/>\n-na\u00a0<strong>plasti\u010dni ali kovinski\u00a0<\/strong>paleti,<br \/>\n-standardni ventil S60 &#8211; za ta navoj obstaja ogromno priklju\u010dkov,<br \/>\n-ventil je lepljen ali privija\u010den na cisterno.<br \/>\n-pokrov standardne dimenzije 165mm &#8211; obi\u010dajno navaden, lahko pa je tudi z oddu\u0161nikom (\u010de je to za vas pomembno, nas na to pri naro\u010dilu opozorite).<br \/>\n&#8211;<strong>starost do ~4 mesece<\/strong> &#8211; prakti\u010dno nove cisterne &#8211; zelo pomembno, ker je plastika prakti\u010dno nova.<\/p>\n<p><strong>Dimenzije:<\/strong><br \/>\nDol\u017eina x \u0161irina x vi\u0161ina = 120 x 100 x 117cm.<\/p>\n<p><strong>SAMO OSEBNI PREVZEM\u00a0 &#8211; NE PO\u0160ILJAMO PO PO\u0160TI<\/strong><\/p>","protected":false},"featured_media":17317,"template":"","meta":[],"product_brand":[],"product_cat":[308,182],"product_tag":[351,341,352,340],"class_list":{"0":"post-7882","1":"product","2":"type-product","3":"status-publish","4":"has-post-thumbnail","6":"product_cat-cisterne","7":"product_cat-ibc-cisterne-ventili-in-dodatki","8":"product_tag-ibc-cisterna","9":"product_tag-kot-nova","10":"product_tag-na-kovinski-ali-plasticni-paleti","11":"product_tag-rabljena-ibc-cisterna","12":"product_shipping_class-no-shipping-pick-up-only","14":"first","15":"instock","16":"shipping-taxable","17":"purchasable","18":"product-type-variable"},"yoast_head":"<!-- This site is optimized with the Yoast SEO plugin v27.1.1 - https:\/\/yoast.com\/product\/yoast-seo-wordpress\/ -->\n<title>IBC cisterna 1000 L Schutz \u2013 rabljena, prehranska industrija<\/title>\n<meta name=\"description\" content=\"Standardna IBC cisterna Schutz na kovinski ali plasti\u010dni paleti, uporabljena 1x za transport sestavine za pija\u010do, o\u010di\u0161\u010dena, prakti\u010dno nova.\" \/>\n<meta name=\"robots\" content=\"index, follow, max-snippet:-1, max-image-preview:large, max-video-preview:-1\" \/>\n<link rel=\"canonical\" href=\"https:\/\/ibcparts.eu\/nl\/product\/ibc-cisterna-1000l-za-vodo-koleno-gratis\/\" \/>\n<meta property=\"og:locale\" content=\"nl_NL\" \/>\n<meta property=\"og:type\" content=\"article\" \/>\n<meta property=\"og:title\" content=\"IBC cisterna 1000 L Schutz \u2013 rabljena, prehranska industrija\" \/>\n<meta property=\"og:description\" content=\"Standardna IBC cisterna Schutz na kovinski ali plasti\u010dni paleti, uporabljena 1x za transport sestavine za pija\u010do, o\u010di\u0161\u010dena, prakti\u010dno nova.\" \/>\n<meta property=\"og:url\" content=\"https:\/\/ibcparts.eu\/nl\/product\/ibc-cisterna-1000l-za-vodo-koleno-gratis\/\" \/>\n<meta property=\"og:site_name\" content=\"IBCparts.eu\" \/>\n<meta property=\"article:modified_time\" content=\"2026-03-12T14:42:19+00:00\" \/>\n<meta property=\"og:image\" content=\"https:\/\/ibcparts.eu\/wp-content\/uploads\/2021\/11\/cisterna-ibc-namoci_4-600x600-1.jpg\" \/>\n\t<meta property=\"og:image:width\" content=\"600\" \/>\n\t<meta property=\"og:image:height\" content=\"600\" \/>\n\t<meta property=\"og:image:type\" content=\"image\/jpeg\" \/>\n<meta name=\"twitter:card\" content=\"summary_large_image\" \/>\n<meta name=\"twitter:label1\" content=\"Geschatte leestijd\" \/>\n\t<meta name=\"twitter:data1\" content=\"3 minuten\" \/>\n<script type=\"application\/ld+json\" class=\"yoast-schema-graph\">{\"@context\":\"https:\/\/schema.org\",\"@graph\":[{\"@type\":\"WebPage\",\"@id\":\"https:\/\/ibcparts.eu\/izdelek\/ibc-cisterna-1000l-za-vodo-koleno-gratis\/\",\"url\":\"https:\/\/ibcparts.eu\/izdelek\/ibc-cisterna-1000l-za-vodo-koleno-gratis\/\",\"name\":\"IBC cisterna 1000 L Schutz \u2013 rabljena, prehranska industrija\",\"isPartOf\":{\"@id\":\"https:\/\/ibcparts.eu\/#website\"},\"primaryImageOfPage\":{\"@id\":\"https:\/\/ibcparts.eu\/izdelek\/ibc-cisterna-1000l-za-vodo-koleno-gratis\/#primaryimage\"},\"image\":{\"@id\":\"https:\/\/ibcparts.eu\/izdelek\/ibc-cisterna-1000l-za-vodo-koleno-gratis\/#primaryimage\"},\"thumbnailUrl\":\"https:\/\/ibcparts.eu\/wp-content\/uploads\/2021\/11\/cisterna-ibc-namoci_4-600x600-1.jpg\",\"datePublished\":\"2021-11-14T18:02:17+00:00\",\"dateModified\":\"2026-03-12T14:42:19+00:00\",\"description\":\"Standardna IBC cisterna Schutz na kovinski ali plasti\u010dni paleti, uporabljena 1x za transport sestavine za pija\u010do, o\u010di\u0161\u010dena, prakti\u010dno nova.\",\"breadcrumb\":{\"@id\":\"https:\/\/ibcparts.eu\/izdelek\/ibc-cisterna-1000l-za-vodo-koleno-gratis\/#breadcrumb\"},\"inLanguage\":\"nl-NL\",\"potentialAction\":[{\"@type\":\"ReadAction\",\"target\":[\"https:\/\/ibcparts.eu\/izdelek\/ibc-cisterna-1000l-za-vodo-koleno-gratis\/\"]}]},{\"@type\":\"ImageObject\",\"inLanguage\":\"nl-NL\",\"@id\":\"https:\/\/ibcparts.eu\/izdelek\/ibc-cisterna-1000l-za-vodo-koleno-gratis\/#primaryimage\",\"url\":\"https:\/\/ibcparts.eu\/wp-content\/uploads\/2021\/11\/cisterna-ibc-namoci_4-600x600-1.jpg\",\"contentUrl\":\"https:\/\/ibcparts.eu\/wp-content\/uploads\/2021\/11\/cisterna-ibc-namoci_4-600x600-1.jpg\",\"width\":600,\"height\":600},{\"@type\":\"BreadcrumbList\",\"@id\":\"https:\/\/ibcparts.eu\/izdelek\/ibc-cisterna-1000l-za-vodo-koleno-gratis\/#breadcrumb\",\"itemListElement\":[{\"@type\":\"ListItem\",\"position\":1,\"name\":\"Home\",\"item\":\"https:\/\/ibcparts.eu\/\"},{\"@type\":\"ListItem\",\"position\":2,\"name\":\"Nakupujte\",\"item\":\"https:\/\/ibcparts.eu\/nakupujte\/\"},{\"@type\":\"ListItem\",\"position\":3,\"name\":\"IBC cisterna 1000 L Schutz \u2013 rabljena, prehranska industrija\"}]},{\"@type\":\"WebSite\",\"@id\":\"https:\/\/ibcparts.eu\/#website\",\"url\":\"https:\/\/ibcparts.eu\/\",\"name\":\"IBCparts.eu\",\"description\":\"\",\"publisher\":{\"@id\":\"https:\/\/ibcparts.eu\/#organization\"},\"potentialAction\":[{\"@type\":\"SearchAction\",\"target\":{\"@type\":\"EntryPoint\",\"urlTemplate\":\"https:\/\/ibcparts.eu\/?s={search_term_string}\"},\"query-input\":{\"@type\":\"PropertyValueSpecification\",\"valueRequired\":true,\"valueName\":\"search_term_string\"}}],\"inLanguage\":\"nl-NL\"},{\"@type\":\"Organization\",\"@id\":\"https:\/\/ibcparts.eu\/#organization\",\"name\":\"IBCparts\",\"url\":\"https:\/\/ibcparts.eu\/\",\"logo\":{\"@type\":\"ImageObject\",\"inLanguage\":\"nl-NL\",\"@id\":\"https:\/\/ibcparts.eu\/#\/schema\/logo\/image\/\",\"url\":\"https:\/\/ibcparts.eu\/wp-content\/uploads\/2021\/10\/Footer-Logo.png\",\"contentUrl\":\"https:\/\/ibcparts.eu\/wp-content\/uploads\/2021\/10\/Footer-Logo.png\",\"width\":1992,\"height\":772,\"caption\":\"IBCparts\"},\"image\":{\"@id\":\"https:\/\/ibcparts.eu\/#\/schema\/logo\/image\/\"}}]}<\/script>\n<!-- \/ Yoast SEO plugin. -->","yoast_head_json":{"title":"IBC cisterna 1000 L Schutz \u2013 rabljena, prehranska industrija","description":"Standardna IBC cisterna Schutz na kovinski ali plasti\u010dni paleti, uporabljena 1x za transport sestavine za pija\u010do, o\u010di\u0161\u010dena, prakti\u010dno nova.","robots":{"index":"index","follow":"follow","max-snippet":"max-snippet:-1","max-image-preview":"max-image-preview:large","max-video-preview":"max-video-preview:-1"},"canonical":"https:\/\/ibcparts.eu\/nl\/product\/ibc-cisterna-1000l-za-vodo-koleno-gratis\/","og_locale":"nl_NL","og_type":"article","og_title":"IBC cisterna 1000 L Schutz \u2013 rabljena, prehranska industrija","og_description":"Standardna IBC cisterna Schutz na kovinski ali plasti\u010dni paleti, uporabljena 1x za transport sestavine za pija\u010do, o\u010di\u0161\u010dena, prakti\u010dno nova.","og_url":"https:\/\/ibcparts.eu\/nl\/product\/ibc-cisterna-1000l-za-vodo-koleno-gratis\/","og_site_name":"IBCparts.eu","article_modified_time":"2026-03-12T14:42:19+00:00","og_image":[{"width":600,"height":600,"url":"https:\/\/ibcparts.eu\/wp-content\/uploads\/2021\/11\/cisterna-ibc-namoci_4-600x600-1.jpg","type":"image\/jpeg"}],"twitter_card":"summary_large_image","twitter_misc":{"Geschatte leestijd":"3 minuten"},"schema":{"@context":"https:\/\/schema.org","@graph":[{"@type":"WebPage","@id":"https:\/\/ibcparts.eu\/izdelek\/ibc-cisterna-1000l-za-vodo-koleno-gratis\/","url":"https:\/\/ibcparts.eu\/izdelek\/ibc-cisterna-1000l-za-vodo-koleno-gratis\/","name":"IBC cisterna 1000 L Schutz \u2013 rabljena, prehranska industrija","isPartOf":{"@id":"https:\/\/ibcparts.eu\/#website"},"primaryImageOfPage":{"@id":"https:\/\/ibcparts.eu\/izdelek\/ibc-cisterna-1000l-za-vodo-koleno-gratis\/#primaryimage"},"image":{"@id":"https:\/\/ibcparts.eu\/izdelek\/ibc-cisterna-1000l-za-vodo-koleno-gratis\/#primaryimage"},"thumbnailUrl":"https:\/\/ibcparts.eu\/wp-content\/uploads\/2021\/11\/cisterna-ibc-namoci_4-600x600-1.jpg","datePublished":"2021-11-14T18:02:17+00:00","dateModified":"2026-03-12T14:42:19+00:00","description":"Standardna IBC cisterna Schutz na kovinski ali plasti\u010dni paleti, uporabljena 1x za transport sestavine za pija\u010do, o\u010di\u0161\u010dena, prakti\u010dno nova.","breadcrumb":{"@id":"https:\/\/ibcparts.eu\/izdelek\/ibc-cisterna-1000l-za-vodo-koleno-gratis\/#breadcrumb"},"inLanguage":"nl-NL","potentialAction":[{"@type":"ReadAction","target":["https:\/\/ibcparts.eu\/izdelek\/ibc-cisterna-1000l-za-vodo-koleno-gratis\/"]}]},{"@type":"ImageObject","inLanguage":"nl-NL","@id":"https:\/\/ibcparts.eu\/izdelek\/ibc-cisterna-1000l-za-vodo-koleno-gratis\/#primaryimage","url":"https:\/\/ibcparts.eu\/wp-content\/uploads\/2021\/11\/cisterna-ibc-namoci_4-600x600-1.jpg","contentUrl":"https:\/\/ibcparts.eu\/wp-content\/uploads\/2021\/11\/cisterna-ibc-namoci_4-600x600-1.jpg","width":600,"height":600},{"@type":"BreadcrumbList","@id":"https:\/\/ibcparts.eu\/izdelek\/ibc-cisterna-1000l-za-vodo-koleno-gratis\/#breadcrumb","itemListElement":[{"@type":"ListItem","position":1,"name":"Home","item":"https:\/\/ibcparts.eu\/"},{"@type":"ListItem","position":2,"name":"Nakupujte","item":"https:\/\/ibcparts.eu\/nakupujte\/"},{"@type":"ListItem","position":3,"name":"IBC cisterna 1000 L Schutz \u2013 rabljena, prehranska industrija"}]},{"@type":"WebSite","@id":"https:\/\/ibcparts.eu\/#website","url":"https:\/\/ibcparts.eu\/","name":"IBCparts.eu","description":"","publisher":{"@id":"https:\/\/ibcparts.eu\/#organization"},"potentialAction":[{"@type":"SearchAction","target":{"@type":"EntryPoint","urlTemplate":"https:\/\/ibcparts.eu\/?s={search_term_string}"},"query-input":{"@type":"PropertyValueSpecification","valueRequired":true,"valueName":"search_term_string"}}],"inLanguage":"nl-NL"},{"@type":"Organization","@id":"https:\/\/ibcparts.eu\/#organization","name":"IBCparts","url":"https:\/\/ibcparts.eu\/","logo":{"@type":"ImageObject","inLanguage":"nl-NL","@id":"https:\/\/ibcparts.eu\/#\/schema\/logo\/image\/","url":"https:\/\/ibcparts.eu\/wp-content\/uploads\/2021\/10\/Footer-Logo.png","contentUrl":"https:\/\/ibcparts.eu\/wp-content\/uploads\/2021\/10\/Footer-Logo.png","width":1992,"height":772,"caption":"IBCparts"},"image":{"@id":"https:\/\/ibcparts.eu\/#\/schema\/logo\/image\/"}}]}},"_links":{"self":[{"href":"https:\/\/ibcparts.eu\/nl\/wp-json\/wp\/v2\/product\/7882","targetHints":{"allow":["GET"]}}],"collection":[{"href":"https:\/\/ibcparts.eu\/nl\/wp-json\/wp\/v2\/product"}],"about":[{"href":"https:\/\/ibcparts.eu\/nl\/wp-json\/wp\/v2\/types\/product"}],"version-history":[{"count":5,"href":"https:\/\/ibcparts.eu\/nl\/wp-json\/wp\/v2\/product\/7882\/revisions"}],"predecessor-version":[{"id":20763,"href":"https:\/\/ibcparts.eu\/nl\/wp-json\/wp\/v2\/product\/7882\/revisions\/20763"}],"wp:featuredmedia":[{"embeddable":true,"href":"https:\/\/ibcparts.eu\/nl\/wp-json\/wp\/v2\/media\/17317"}],"wp:attachment":[{"href":"https:\/\/ibcparts.eu\/nl\/wp-json\/wp\/v2\/media?parent=7882"}],"wp:term":[{"taxonomy":"product_brand","embeddable":true,"href":"https:\/\/ibcparts.eu\/nl\/wp-json\/wp\/v2\/product_brand?post=7882"},{"taxonomy":"product_cat","embeddable":true,"href":"https:\/\/ibcparts.eu\/nl\/wp-json\/wp\/v2\/product_cat?post=7882"},{"taxonomy":"product_tag","embeddable":true,"href":"https:\/\/ibcparts.eu\/nl\/wp-json\/wp\/v2\/product_tag?post=7882"}],"curies":[{"name":"wp","href":"https:\/\/api.w.org\/{rel}","templated":true}]}}