{"id":7822,"date":"2021-11-14T18:28:35","date_gmt":"2021-11-14T17:28:35","guid":{"rendered":"https:\/\/ibcparts.eu\/?post_type=product&#038;p=7822"},"modified":"2026-03-03T08:09:56","modified_gmt":"2026-03-03T07:09:56","slug":"3d-aquamyst-filter","status":"publish","type":"product","link":"https:\/\/ibcparts.eu\/nl\/product\/3d-aquamyst-filter\/","title":{"rendered":"3D AquaMyst\u00a9 filter voor IBC-containers"},"content":{"rendered":"","protected":false},"excerpt":{"rendered":"<h2 data-start=\"156\" data-end=\"261\"><strong data-start=\"159\" data-end=\"261\">3D AquaMyst\u00a9 200-micron filter voor IBC-tanks \u2013 schoon regenwater zonder algen, muggen en verontreinigingen<\/strong><\/h2>\n<p class=\" translation-block\">Wij presenteren de <strong>3D AquaMyst<\/strong> 200-micronfilter voor IBC-containers \u2013 een hoogwaardige oplossing voor effici\u00ebnte regenwaterfiltratie en onderhoud van tanks. Dit industri\u00eble filter, vervaardigd uit robuust 3D-polypropyleen, is ontworpen voor optimale prestaties, zelfs buiten het beoogde gebruik.<\/p>\n<p><strong>Voordelen en korte aanwijzingen:<\/strong><\/p>\n<ol>\n<li class=\" translation-block\"><strong>Verbeterde zuiverheid van regenwater:<\/strong> Ons filter zorgt voor schoon regenwater, vermindert verontreinigingen en helpt uw IBC-container in goede staat te houden. Het \u201cneedled felt\u201d-filter maakt uitstekende 3D-filtratie mogelijk \u2014 vuildeeltjes worden vastgehouden in de dichte structuur. Het vangt zowel grove als fijne verontreinigingen zoals bladeren, mos, zand, insecten (waardoor er <strong>geen muggen<\/strong> in de container zijn), dakpanresten en meer.<\/li>\n<li><strong>FDA-gecertificeerd (geschikt voor contact met levensmiddelen)<\/strong><\/li>\n<li class=\" translation-block\">Algencontrole: Zeg vaarwel tegen ongewenste algengroei. Het geavanceerde ontwerp van ons filter vermindert algvorming en helpt de waterkwaliteit te behouden. Door het gebruik van onze TARP-beschermhoes wordt zonlicht geblokkeerd, waardoor de ontwikkeling van micro-organismen verder wordt beperkt en zowel het filter als de IBC-container worden beschermd tegen UV-degradatie.<\/li>\n<li class=\" translation-block\"><strong>Perfecte pasvorm:<\/strong> Ons filter past naadloos in IBC-containers en biedt een op maat gemaakte filtratieoplossing. Het wordt geplaatst in de opening van de IBC-container met een dekseldiameter van <strong>165 mm<\/strong>. Het deksel van de container kan niet worden gesloten zolang het filter is geplaatst.<\/li>\n<li class=\" translation-block\"><strong>Zorgt voor een snelle waterdoorstroming:<\/strong> Door het filter blijft er geen water staan!<\/li>\n<li class=\" translation-block\"><strong>Maximale levensduur:<\/strong> De dikke polypropyleenconstructie van het filter is ontworpen voor duurzaamheid bij wrijving en voor het filteren van zelfs harde deeltjes. Het filter kan worden geleegd en gereinigd, maar zal door de 3D-constructie niet meer als nieuw worden. Robuuste uitvoering, uitstekende weerstand en sterke naden.<\/li>\n<li class=\" translation-block\"><strong>Eenvoudige vervanging:<\/strong> Wij raden aan de filters twee keer per seizoen te vervangen (afhankelijk van de behoefte en de omstandigheden ter plaatse).<\/li>\n<li class=\" translation-block\"><strong>UV-bescherming:<\/strong> Houd het filter in optimale staat. Plaats het filter uit direct zonlicht om het te beschermen tegen UV-straling en de levensduur te verlengen.<\/li>\n<li class=\" translation-block\"><strong>Flexibiliteit:<\/strong> Dankzij de afmetingen (diameter) is het geschikt voor alle buisdiameters die van de dakgoot naar de container lopen (tot 140 mm).<\/li>\n<\/ol>\n<p>Ervaar het gemak van een schone container, minder onderhoud en uitstekende waterkwaliteit.<\/p>\n<ul>\n<li><strong>Gostota: 200 mikronov (to pomeni, da so okenca v mre\u017ei velikosti 0,2 mm)<\/strong><\/li>\n<li>Materiaal: polypropyleen (het filter is dikker uitgevoerd om beter bestand te zijn tegen trillingen en mogelijke wrijving van de buis tegen het filter).<\/li>\n<li>De diameter van de filterring past perfect om de hals van de IBC-container met een diameter van 165 mm (daadwerkelijke opening 140 mm).<\/li>\n<li>De lengte van het filter is geoptimaliseerd voor maximale waterbenutting op basis van jarenlang testen.<\/li>\n<\/ul>","protected":false},"featured_media":14630,"template":"","meta":[],"product_brand":[],"product_cat":[186],"product_tag":[290],"class_list":{"0":"post-7822","1":"product","2":"type-product","3":"status-publish","4":"has-post-thumbnail","6":"product_cat-filtri-za-dezevnico-in-pvc-redukcije","7":"product_tag-filter-za-ibc-cisterno","9":"first","10":"instock","11":"shipping-taxable","12":"purchasable","13":"product-type-simple"},"yoast_head":"<!-- This site is optimized with the Yoast SEO plugin v27.1.1 - https:\/\/yoast.com\/product\/yoast-seo-wordpress\/ -->\n<title>3D AquaMyst\u00a9 filter za IBC | IBCparts.eu<\/title>\n<meta name=\"description\" content=\"3D AquaMyst\u00a9 filter za IBC cisterno omogo\u010da odli\u010dno 3D filtracijo\u00a0- delci ne\u010disto\u010d se ujamejo v njegovo gosto mre\u017eo. FDA certificiran (primeren za \u017eivila)\" \/>\n<meta name=\"robots\" content=\"index, follow, max-snippet:-1, max-image-preview:large, max-video-preview:-1\" \/>\n<link rel=\"canonical\" href=\"https:\/\/ibcparts.eu\/nl\/product\/3d-aquamyst-filter\/\" \/>\n<meta property=\"og:locale\" content=\"nl_NL\" \/>\n<meta property=\"og:type\" content=\"article\" \/>\n<meta property=\"og:title\" content=\"3D AquaMyst\u00a9 filter za IBC | IBCparts.eu\" \/>\n<meta property=\"og:description\" content=\"3D AquaMyst\u00a9 filter za IBC cisterno omogo\u010da odli\u010dno 3D filtracijo\u00a0- delci ne\u010disto\u010d se ujamejo v njegovo gosto mre\u017eo. FDA certificiran (primeren za \u017eivila)\" \/>\n<meta property=\"og:url\" content=\"https:\/\/ibcparts.eu\/nl\/product\/3d-aquamyst-filter\/\" \/>\n<meta property=\"og:site_name\" content=\"IBCparts.eu\" \/>\n<meta property=\"article:modified_time\" content=\"2026-03-03T07:09:56+00:00\" \/>\n<meta property=\"og:image\" content=\"https:\/\/ibcparts.eu\/wp-content\/uploads\/2021\/11\/filter-za-v-odprtino-ibc-cisterne_orig.jpg\" \/>\n\t<meta property=\"og:image:width\" content=\"592\" \/>\n\t<meta property=\"og:image:height\" content=\"592\" \/>\n\t<meta property=\"og:image:type\" content=\"image\/jpeg\" \/>\n<meta name=\"twitter:card\" content=\"summary_large_image\" \/>\n<script type=\"application\/ld+json\" class=\"yoast-schema-graph\">{\"@context\":\"https:\/\/schema.org\",\"@graph\":[{\"@type\":\"WebPage\",\"@id\":\"https:\/\/ibcparts.eu\/izdelek\/3d-aquamyst-filter\/\",\"url\":\"https:\/\/ibcparts.eu\/izdelek\/3d-aquamyst-filter\/\",\"name\":\"3D AquaMyst\u00a9 filter za IBC | IBCparts.eu\",\"isPartOf\":{\"@id\":\"https:\/\/ibcparts.eu\/#website\"},\"primaryImageOfPage\":{\"@id\":\"https:\/\/ibcparts.eu\/izdelek\/3d-aquamyst-filter\/#primaryimage\"},\"image\":{\"@id\":\"https:\/\/ibcparts.eu\/izdelek\/3d-aquamyst-filter\/#primaryimage\"},\"thumbnailUrl\":\"https:\/\/ibcparts.eu\/wp-content\/uploads\/2021\/11\/filter-za-v-odprtino-ibc-cisterne_orig.jpg\",\"datePublished\":\"2021-11-14T17:28:35+00:00\",\"dateModified\":\"2026-03-03T07:09:56+00:00\",\"description\":\"3D AquaMyst\u00a9 filter za IBC cisterno omogo\u010da odli\u010dno 3D filtracijo\u00a0- delci ne\u010disto\u010d se ujamejo v njegovo gosto mre\u017eo. FDA certificiran (primeren za \u017eivila)\",\"breadcrumb\":{\"@id\":\"https:\/\/ibcparts.eu\/izdelek\/3d-aquamyst-filter\/#breadcrumb\"},\"inLanguage\":\"nl-NL\",\"potentialAction\":[{\"@type\":\"ReadAction\",\"target\":[\"https:\/\/ibcparts.eu\/izdelek\/3d-aquamyst-filter\/\"]}]},{\"@type\":\"ImageObject\",\"inLanguage\":\"nl-NL\",\"@id\":\"https:\/\/ibcparts.eu\/izdelek\/3d-aquamyst-filter\/#primaryimage\",\"url\":\"https:\/\/ibcparts.eu\/wp-content\/uploads\/2021\/11\/filter-za-v-odprtino-ibc-cisterne_orig.jpg\",\"contentUrl\":\"https:\/\/ibcparts.eu\/wp-content\/uploads\/2021\/11\/filter-za-v-odprtino-ibc-cisterne_orig.jpg\",\"width\":592,\"height\":592,\"caption\":\"3D AquaMyst\u00a9 filter za IBC cisterno\"},{\"@type\":\"BreadcrumbList\",\"@id\":\"https:\/\/ibcparts.eu\/izdelek\/3d-aquamyst-filter\/#breadcrumb\",\"itemListElement\":[{\"@type\":\"ListItem\",\"position\":1,\"name\":\"Home\",\"item\":\"https:\/\/ibcparts.eu\/\"},{\"@type\":\"ListItem\",\"position\":2,\"name\":\"Nakupujte\",\"item\":\"https:\/\/ibcparts.eu\/nakupujte\/\"},{\"@type\":\"ListItem\",\"position\":3,\"name\":\"3D AquaMyst\u00a9 filter za IBC\"}]},{\"@type\":\"WebSite\",\"@id\":\"https:\/\/ibcparts.eu\/#website\",\"url\":\"https:\/\/ibcparts.eu\/\",\"name\":\"IBCparts.eu\",\"description\":\"\",\"publisher\":{\"@id\":\"https:\/\/ibcparts.eu\/#organization\"},\"potentialAction\":[{\"@type\":\"SearchAction\",\"target\":{\"@type\":\"EntryPoint\",\"urlTemplate\":\"https:\/\/ibcparts.eu\/?s={search_term_string}\"},\"query-input\":{\"@type\":\"PropertyValueSpecification\",\"valueRequired\":true,\"valueName\":\"search_term_string\"}}],\"inLanguage\":\"nl-NL\"},{\"@type\":\"Organization\",\"@id\":\"https:\/\/ibcparts.eu\/#organization\",\"name\":\"IBCparts\",\"url\":\"https:\/\/ibcparts.eu\/\",\"logo\":{\"@type\":\"ImageObject\",\"inLanguage\":\"nl-NL\",\"@id\":\"https:\/\/ibcparts.eu\/#\/schema\/logo\/image\/\",\"url\":\"https:\/\/ibcparts.eu\/wp-content\/uploads\/2021\/10\/Footer-Logo.png\",\"contentUrl\":\"https:\/\/ibcparts.eu\/wp-content\/uploads\/2021\/10\/Footer-Logo.png\",\"width\":1992,\"height\":772,\"caption\":\"IBCparts\"},\"image\":{\"@id\":\"https:\/\/ibcparts.eu\/#\/schema\/logo\/image\/\"}}]}<\/script>\n<!-- \/ Yoast SEO plugin. -->","yoast_head_json":{"title":"3D AquaMyst\u00a9 filter za IBC | IBCparts.eu","description":"3D AquaMyst\u00a9 filter za IBC cisterno omogo\u010da odli\u010dno 3D filtracijo\u00a0- delci ne\u010disto\u010d se ujamejo v njegovo gosto mre\u017eo. FDA certificiran (primeren za \u017eivila)","robots":{"index":"index","follow":"follow","max-snippet":"max-snippet:-1","max-image-preview":"max-image-preview:large","max-video-preview":"max-video-preview:-1"},"canonical":"https:\/\/ibcparts.eu\/nl\/product\/3d-aquamyst-filter\/","og_locale":"nl_NL","og_type":"article","og_title":"3D AquaMyst\u00a9 filter za IBC | IBCparts.eu","og_description":"3D AquaMyst\u00a9 filter za IBC cisterno omogo\u010da odli\u010dno 3D filtracijo\u00a0- delci ne\u010disto\u010d se ujamejo v njegovo gosto mre\u017eo. FDA certificiran (primeren za \u017eivila)","og_url":"https:\/\/ibcparts.eu\/nl\/product\/3d-aquamyst-filter\/","og_site_name":"IBCparts.eu","article_modified_time":"2026-03-03T07:09:56+00:00","og_image":[{"width":592,"height":592,"url":"https:\/\/ibcparts.eu\/wp-content\/uploads\/2021\/11\/filter-za-v-odprtino-ibc-cisterne_orig.jpg","type":"image\/jpeg"}],"twitter_card":"summary_large_image","schema":{"@context":"https:\/\/schema.org","@graph":[{"@type":"WebPage","@id":"https:\/\/ibcparts.eu\/izdelek\/3d-aquamyst-filter\/","url":"https:\/\/ibcparts.eu\/izdelek\/3d-aquamyst-filter\/","name":"3D AquaMyst\u00a9 filter za IBC | IBCparts.eu","isPartOf":{"@id":"https:\/\/ibcparts.eu\/#website"},"primaryImageOfPage":{"@id":"https:\/\/ibcparts.eu\/izdelek\/3d-aquamyst-filter\/#primaryimage"},"image":{"@id":"https:\/\/ibcparts.eu\/izdelek\/3d-aquamyst-filter\/#primaryimage"},"thumbnailUrl":"https:\/\/ibcparts.eu\/wp-content\/uploads\/2021\/11\/filter-za-v-odprtino-ibc-cisterne_orig.jpg","datePublished":"2021-11-14T17:28:35+00:00","dateModified":"2026-03-03T07:09:56+00:00","description":"3D AquaMyst\u00a9 filter za IBC cisterno omogo\u010da odli\u010dno 3D filtracijo\u00a0- delci ne\u010disto\u010d se ujamejo v njegovo gosto mre\u017eo. FDA certificiran (primeren za \u017eivila)","breadcrumb":{"@id":"https:\/\/ibcparts.eu\/izdelek\/3d-aquamyst-filter\/#breadcrumb"},"inLanguage":"nl-NL","potentialAction":[{"@type":"ReadAction","target":["https:\/\/ibcparts.eu\/izdelek\/3d-aquamyst-filter\/"]}]},{"@type":"ImageObject","inLanguage":"nl-NL","@id":"https:\/\/ibcparts.eu\/izdelek\/3d-aquamyst-filter\/#primaryimage","url":"https:\/\/ibcparts.eu\/wp-content\/uploads\/2021\/11\/filter-za-v-odprtino-ibc-cisterne_orig.jpg","contentUrl":"https:\/\/ibcparts.eu\/wp-content\/uploads\/2021\/11\/filter-za-v-odprtino-ibc-cisterne_orig.jpg","width":592,"height":592,"caption":"3D AquaMyst\u00a9 filter za IBC cisterno"},{"@type":"BreadcrumbList","@id":"https:\/\/ibcparts.eu\/izdelek\/3d-aquamyst-filter\/#breadcrumb","itemListElement":[{"@type":"ListItem","position":1,"name":"Home","item":"https:\/\/ibcparts.eu\/"},{"@type":"ListItem","position":2,"name":"Nakupujte","item":"https:\/\/ibcparts.eu\/nakupujte\/"},{"@type":"ListItem","position":3,"name":"3D AquaMyst\u00a9 filter za IBC"}]},{"@type":"WebSite","@id":"https:\/\/ibcparts.eu\/#website","url":"https:\/\/ibcparts.eu\/","name":"IBCparts.eu","description":"","publisher":{"@id":"https:\/\/ibcparts.eu\/#organization"},"potentialAction":[{"@type":"SearchAction","target":{"@type":"EntryPoint","urlTemplate":"https:\/\/ibcparts.eu\/?s={search_term_string}"},"query-input":{"@type":"PropertyValueSpecification","valueRequired":true,"valueName":"search_term_string"}}],"inLanguage":"nl-NL"},{"@type":"Organization","@id":"https:\/\/ibcparts.eu\/#organization","name":"IBCparts","url":"https:\/\/ibcparts.eu\/","logo":{"@type":"ImageObject","inLanguage":"nl-NL","@id":"https:\/\/ibcparts.eu\/#\/schema\/logo\/image\/","url":"https:\/\/ibcparts.eu\/wp-content\/uploads\/2021\/10\/Footer-Logo.png","contentUrl":"https:\/\/ibcparts.eu\/wp-content\/uploads\/2021\/10\/Footer-Logo.png","width":1992,"height":772,"caption":"IBCparts"},"image":{"@id":"https:\/\/ibcparts.eu\/#\/schema\/logo\/image\/"}}]}},"_links":{"self":[{"href":"https:\/\/ibcparts.eu\/nl\/wp-json\/wp\/v2\/product\/7822","targetHints":{"allow":["GET"]}}],"collection":[{"href":"https:\/\/ibcparts.eu\/nl\/wp-json\/wp\/v2\/product"}],"about":[{"href":"https:\/\/ibcparts.eu\/nl\/wp-json\/wp\/v2\/types\/product"}],"version-history":[{"count":4,"href":"https:\/\/ibcparts.eu\/nl\/wp-json\/wp\/v2\/product\/7822\/revisions"}],"predecessor-version":[{"id":20698,"href":"https:\/\/ibcparts.eu\/nl\/wp-json\/wp\/v2\/product\/7822\/revisions\/20698"}],"wp:featuredmedia":[{"embeddable":true,"href":"https:\/\/ibcparts.eu\/nl\/wp-json\/wp\/v2\/media\/14630"}],"wp:attachment":[{"href":"https:\/\/ibcparts.eu\/nl\/wp-json\/wp\/v2\/media?parent=7822"}],"wp:term":[{"taxonomy":"product_brand","embeddable":true,"href":"https:\/\/ibcparts.eu\/nl\/wp-json\/wp\/v2\/product_brand?post=7822"},{"taxonomy":"product_cat","embeddable":true,"href":"https:\/\/ibcparts.eu\/nl\/wp-json\/wp\/v2\/product_cat?post=7822"},{"taxonomy":"product_tag","embeddable":true,"href":"https:\/\/ibcparts.eu\/nl\/wp-json\/wp\/v2\/product_tag?post=7822"}],"curies":[{"name":"wp","href":"https:\/\/api.w.org\/{rel}","templated":true}]}}