{"id":7807,"date":"2021-11-14T18:21:27","date_gmt":"2021-11-14T17:21:27","guid":{"rendered":"https:\/\/ibcparts.eu\/?post_type=product&#038;p=7807"},"modified":"2026-01-13T13:27:39","modified_gmt":"2026-01-13T12:27:39","slug":"pokrov-z-oddusnikom","status":"publish","type":"product","link":"https:\/\/ibcparts.eu\/nl\/product\/ontluchtingsdeksel-voor-ibc-tank\/","title":{"rendered":"Dop met ontluchting voor IBC-container (165mm, 225mm)"},"content":{"rendered":"","protected":false},"excerpt":{"rendered":"<h2 data-start=\"183\" data-end=\"246\">Pokrov z oddu\u0161nikom za IBC cisterno &#8211; 165 mm in 225 mm<\/h2>\n<article class=\"text-token-text-primary w-full focus:outline-none [--shadow-height:45px] has-data-writing-block:pointer-events-none has-data-writing-block:-mt-(--shadow-height) has-data-writing-block:pt-(--shadow-height) [&amp;:has([data-writing-block])&gt;*]:pointer-events-auto scroll-mt-[calc(var(--header-height)+min(200px,max(70px,20svh)))]\" dir=\"auto\" tabindex=\"-1\" data-turn-id=\"request-6965e06c-bdcc-8332-9af0-e8e7a7c5fa59-4\" data-testid=\"conversation-turn-172\" data-scroll-anchor=\"false\" data-turn=\"assistant\">\n<div class=\"text-base my-auto mx-auto [--thread-content-margin:--spacing(4)] @w-sm\/main:[--thread-content-margin:--spacing(6)] @w-lg\/main:[--thread-content-margin:--spacing(16)] px-(--thread-content-margin)\">\n<div class=\"[--thread-content-max-width:40rem] @w-lg\/main:[--thread-content-max-width:48rem] mx-auto max-w-(--thread-content-max-width) flex-1 group\/turn-messages focus-visible:outline-hidden relative flex w-full min-w-0 flex-col agent-turn\" tabindex=\"-1\">\n<div class=\"flex max-w-full flex-col grow\">\n<div class=\"min-h-8 text-message relative flex w-full flex-col items-end gap-2 text-start break-words whitespace-normal [.text-message+&amp;]:mt-1\" dir=\"auto\" data-message-author-role=\"assistant\" data-message-id=\"ccaff56a-c378-47e0-a849-f4b68a44d6ce\" data-message-model-slug=\"gpt-5-2\">\n<div class=\"flex w-full flex-col gap-1 empty:hidden first:pt-[1px]\">\n<div class=\"markdown prose dark:prose-invert w-full break-words light markdown-new-styling\">\n<div class=\"flex flex-col text-sm pb-25\">\n<article class=\"text-token-text-primary w-full focus:outline-none [--shadow-height:45px] has-data-writing-block:pointer-events-none has-data-writing-block:-mt-(--shadow-height) has-data-writing-block:pt-(--shadow-height) [&amp;:has([data-writing-block])&gt;*]:pointer-events-auto scroll-mt-[calc(var(--header-height)+min(200px,max(70px,20svh)))]\" dir=\"auto\" tabindex=\"-1\" data-turn-id=\"request-6965e06c-bdcc-8332-9af0-e8e7a7c5fa59-6\" data-testid=\"conversation-turn-176\" data-scroll-anchor=\"true\" data-turn=\"assistant\">\n<div class=\"text-base my-auto mx-auto pb-10 [--thread-content-margin:--spacing(4)] @w-sm\/main:[--thread-content-margin:--spacing(6)] @w-lg\/main:[--thread-content-margin:--spacing(16)] px-(--thread-content-margin)\">\n<div class=\"[--thread-content-max-width:40rem] @w-lg\/main:[--thread-content-max-width:48rem] mx-auto max-w-(--thread-content-max-width) flex-1 group\/turn-messages focus-visible:outline-hidden relative flex w-full min-w-0 flex-col agent-turn\" tabindex=\"-1\">\n<div class=\"flex max-w-full flex-col grow\">\n<div class=\"min-h-8 text-message relative flex w-full flex-col items-end gap-2 text-start break-words whitespace-normal [.text-message+&amp;]:mt-1\" dir=\"auto\" data-message-author-role=\"assistant\" data-message-id=\"afcf0af4-0955-4d15-a765-a46c2033ad0a\" data-message-model-slug=\"gpt-5-2\">\n<div class=\"flex w-full flex-col gap-1 empty:hidden first:pt-[1px]\">\n<div class=\"markdown prose dark:prose-invert w-full break-words light markdown-new-styling\">\n<p data-start=\"59\" data-end=\"504\" data-is-last-node=\"\" data-is-only-node=\"\">Pokrov z oddu\u0161nikom omogo\u010da izena\u010devanje tlaka v IBC cisterni med polnjenjem in praznjenjem, s \u010dimer prepre\u010duje po\u0161kodbe cisterne in zagotavlja nemoteno delovanje. \u010ce oddu\u0161nik odvijete, se razkrije 2\u2033 BSP navoj, v katerega lahko privijete razli\u010dne priklju\u010dke, cevi ali \u010drpalke. <strong>Posebnost na\u0161ega pokrova je, da je ta 2\u2033 navoj uporaben tudi s spodnje strani pokrova<\/strong> \u2013 kar pri originalnih IBC pokrovih ni mogo\u010de in je v praksi izjemno uporabno.<\/p>\n<\/div>\n<\/div>\n<\/div>\n<\/div>\n<\/div>\n<\/div>\n<\/article>\n<\/div>\n<\/div>\n<\/div>\n<\/div>\n<\/div>\n<\/div>\n<\/div>\n<\/article>\n<ul>\n<li>Tip pokrova: pokrov z oddu\u0161nikom (FLOW-OUT)<\/li>\n<li>Za cisterne z odprtino pokrova: <strong>165mm<\/strong> (DN150 \/ S165x7) in <strong>225mm<\/strong>.<\/li>\n<li>Oddu\u0161nik se lahko odstrani.<\/li>\n<li>Tip navoja na sredini (po odstranitvi oddu\u0161nika): \u017eenski BSP navoj dimenzije 2\u2033 na zgornji in spodnji strani pokrova \u2013 glej sliko.<\/li>\n<li>Material: HDPE<\/li>\n<li>Barva: rde\u010da<\/li>\n<li>\u010ce voda dose\u017ee vrh pokrova (torej, \u010de je cisterna polna), voda odteka skozi oddu\u0161nik.<\/li>\n<li>Zrak prehaja samo v smeri iz cisterne, ne noter.<\/li>\n<li>V sredini pokrova je gumijast \u010dep &#8211; <strong>\u010de se ga odstrani je pretok zraka ve\u010dji in diha v obe smeri<\/strong>.<\/li>\n<li>Namen pokrova: Pri polnjenju ali praznjenju cisterne se tlak v cisterni izena\u010duje, zato ne pride do po\u0161kodb cisterne.<\/li>\n<\/ul>\n<p><strong>Ve\u010d kosov, ve\u010dji popust \u2013 kosi razli\u010dnih artiklov in variacije se se\u0161tevajo!<\/strong><\/p>\n<p>\u010ce \u017eelite, da cisterna ne prepu\u0161\u010da vode, ko je polna, vam svetujemo, da naro\u010dite pokrov oddu\u0161nikom IRRI oziroma preverite ostalo ponudbo.<\/p>\n","protected":false},"featured_media":18822,"template":"","meta":[],"product_brand":[],"product_cat":[182,261],"product_tag":[459],"class_list":{"0":"post-7807","1":"product","2":"type-product","3":"status-publish","4":"has-post-thumbnail","6":"product_cat-ibc-cisterne-ventili-in-dodatki","7":"product_cat-pokrovi-za-ibc-cisterne","8":"product_tag-pokrov-z-oddusnikom-za-ibc-cisterno","10":"first","11":"instock","12":"shipping-taxable","13":"purchasable","14":"product-type-variable"},"yoast_head":"<!-- This site is optimized with the Yoast SEO plugin v27.1.1 - https:\/\/yoast.com\/product\/yoast-seo-wordpress\/ -->\n<title>Pokrov z oddu\u0161nikom za IBC cisterno (165mm, 225mm) | IBCparts.eu<\/title>\n<meta name=\"description\" content=\"Za cisterne z odprtino pokrova 165mm in 225mm. Oddu\u0161nik se lahko odstrani. Tip navoja na sredini: \u017denski BSP navoj dimenzije 2&#039;&#039;.\" \/>\n<meta name=\"robots\" content=\"index, follow, max-snippet:-1, max-image-preview:large, max-video-preview:-1\" \/>\n<link rel=\"canonical\" href=\"https:\/\/ibcparts.eu\/nl\/product\/ontluchtingsdeksel-voor-ibc-tank\/\" \/>\n<meta property=\"og:locale\" content=\"nl_NL\" \/>\n<meta property=\"og:type\" content=\"article\" \/>\n<meta property=\"og:title\" content=\"Pokrov z oddu\u0161nikom za IBC cisterno (165mm, 225mm) | IBCparts.eu\" \/>\n<meta property=\"og:description\" content=\"Za cisterne z odprtino pokrova 165mm in 225mm. Oddu\u0161nik se lahko odstrani. Tip navoja na sredini: \u017denski BSP navoj dimenzije 2&#039;&#039;.\" \/>\n<meta property=\"og:url\" content=\"https:\/\/ibcparts.eu\/nl\/product\/ontluchtingsdeksel-voor-ibc-tank\/\" \/>\n<meta property=\"og:site_name\" content=\"IBCparts.eu\" \/>\n<meta property=\"article:modified_time\" content=\"2026-01-13T12:27:39+00:00\" \/>\n<meta property=\"og:image\" content=\"https:\/\/ibcparts.eu\/wp-content\/uploads\/2021\/11\/Pokrov-z-oddusnikom-za-IBC-cisterno-2.png\" \/>\n\t<meta property=\"og:image:width\" content=\"500\" \/>\n\t<meta property=\"og:image:height\" content=\"500\" \/>\n\t<meta property=\"og:image:type\" content=\"image\/png\" \/>\n<meta name=\"twitter:card\" content=\"summary_large_image\" \/>\n<script type=\"application\/ld+json\" class=\"yoast-schema-graph\">{\"@context\":\"https:\/\/schema.org\",\"@graph\":[{\"@type\":\"WebPage\",\"@id\":\"https:\/\/ibcparts.eu\/izdelek\/pokrov-z-oddusnikom\/\",\"url\":\"https:\/\/ibcparts.eu\/izdelek\/pokrov-z-oddusnikom\/\",\"name\":\"Pokrov z oddu\u0161nikom za IBC cisterno (165mm, 225mm) | IBCparts.eu\",\"isPartOf\":{\"@id\":\"https:\/\/ibcparts.eu\/#website\"},\"primaryImageOfPage\":{\"@id\":\"https:\/\/ibcparts.eu\/izdelek\/pokrov-z-oddusnikom\/#primaryimage\"},\"image\":{\"@id\":\"https:\/\/ibcparts.eu\/izdelek\/pokrov-z-oddusnikom\/#primaryimage\"},\"thumbnailUrl\":\"https:\/\/ibcparts.eu\/wp-content\/uploads\/2021\/11\/Pokrov-z-oddusnikom-za-IBC-cisterno-2.png\",\"datePublished\":\"2021-11-14T17:21:27+00:00\",\"dateModified\":\"2026-01-13T12:27:39+00:00\",\"description\":\"Za cisterne z odprtino pokrova 165mm in 225mm. Oddu\u0161nik se lahko odstrani. Tip navoja na sredini: \u017denski BSP navoj dimenzije 2''.\",\"breadcrumb\":{\"@id\":\"https:\/\/ibcparts.eu\/izdelek\/pokrov-z-oddusnikom\/#breadcrumb\"},\"inLanguage\":\"nl-NL\",\"potentialAction\":[{\"@type\":\"ReadAction\",\"target\":[\"https:\/\/ibcparts.eu\/izdelek\/pokrov-z-oddusnikom\/\"]}]},{\"@type\":\"ImageObject\",\"inLanguage\":\"nl-NL\",\"@id\":\"https:\/\/ibcparts.eu\/izdelek\/pokrov-z-oddusnikom\/#primaryimage\",\"url\":\"https:\/\/ibcparts.eu\/wp-content\/uploads\/2021\/11\/Pokrov-z-oddusnikom-za-IBC-cisterno-2.png\",\"contentUrl\":\"https:\/\/ibcparts.eu\/wp-content\/uploads\/2021\/11\/Pokrov-z-oddusnikom-za-IBC-cisterno-2.png\",\"width\":500,\"height\":500,\"caption\":\"Pokrov z oddu\u0161nikom za IBC cisterno\"},{\"@type\":\"BreadcrumbList\",\"@id\":\"https:\/\/ibcparts.eu\/izdelek\/pokrov-z-oddusnikom\/#breadcrumb\",\"itemListElement\":[{\"@type\":\"ListItem\",\"position\":1,\"name\":\"Home\",\"item\":\"https:\/\/ibcparts.eu\/\"},{\"@type\":\"ListItem\",\"position\":2,\"name\":\"Nakupujte\",\"item\":\"https:\/\/ibcparts.eu\/nakupujte\/\"},{\"@type\":\"ListItem\",\"position\":3,\"name\":\"Pokrov z oddu\u0161nikom za IBC cisterno (165mm, 225mm)\"}]},{\"@type\":\"WebSite\",\"@id\":\"https:\/\/ibcparts.eu\/#website\",\"url\":\"https:\/\/ibcparts.eu\/\",\"name\":\"IBCparts.eu\",\"description\":\"\",\"publisher\":{\"@id\":\"https:\/\/ibcparts.eu\/#organization\"},\"potentialAction\":[{\"@type\":\"SearchAction\",\"target\":{\"@type\":\"EntryPoint\",\"urlTemplate\":\"https:\/\/ibcparts.eu\/?s={search_term_string}\"},\"query-input\":{\"@type\":\"PropertyValueSpecification\",\"valueRequired\":true,\"valueName\":\"search_term_string\"}}],\"inLanguage\":\"nl-NL\"},{\"@type\":\"Organization\",\"@id\":\"https:\/\/ibcparts.eu\/#organization\",\"name\":\"IBCparts\",\"url\":\"https:\/\/ibcparts.eu\/\",\"logo\":{\"@type\":\"ImageObject\",\"inLanguage\":\"nl-NL\",\"@id\":\"https:\/\/ibcparts.eu\/#\/schema\/logo\/image\/\",\"url\":\"https:\/\/ibcparts.eu\/wp-content\/uploads\/2021\/10\/Footer-Logo.png\",\"contentUrl\":\"https:\/\/ibcparts.eu\/wp-content\/uploads\/2021\/10\/Footer-Logo.png\",\"width\":1992,\"height\":772,\"caption\":\"IBCparts\"},\"image\":{\"@id\":\"https:\/\/ibcparts.eu\/#\/schema\/logo\/image\/\"}}]}<\/script>\n<!-- \/ Yoast SEO plugin. -->","yoast_head_json":{"title":"Pokrov z oddu\u0161nikom za IBC cisterno (165mm, 225mm) | IBCparts.eu","description":"Za cisterne z odprtino pokrova 165mm in 225mm. Oddu\u0161nik se lahko odstrani. Tip navoja na sredini: \u017denski BSP navoj dimenzije 2''.","robots":{"index":"index","follow":"follow","max-snippet":"max-snippet:-1","max-image-preview":"max-image-preview:large","max-video-preview":"max-video-preview:-1"},"canonical":"https:\/\/ibcparts.eu\/nl\/product\/ontluchtingsdeksel-voor-ibc-tank\/","og_locale":"nl_NL","og_type":"article","og_title":"Pokrov z oddu\u0161nikom za IBC cisterno (165mm, 225mm) | IBCparts.eu","og_description":"Za cisterne z odprtino pokrova 165mm in 225mm. Oddu\u0161nik se lahko odstrani. Tip navoja na sredini: \u017denski BSP navoj dimenzije 2''.","og_url":"https:\/\/ibcparts.eu\/nl\/product\/ontluchtingsdeksel-voor-ibc-tank\/","og_site_name":"IBCparts.eu","article_modified_time":"2026-01-13T12:27:39+00:00","og_image":[{"width":500,"height":500,"url":"https:\/\/ibcparts.eu\/wp-content\/uploads\/2021\/11\/Pokrov-z-oddusnikom-za-IBC-cisterno-2.png","type":"image\/png"}],"twitter_card":"summary_large_image","schema":{"@context":"https:\/\/schema.org","@graph":[{"@type":"WebPage","@id":"https:\/\/ibcparts.eu\/izdelek\/pokrov-z-oddusnikom\/","url":"https:\/\/ibcparts.eu\/izdelek\/pokrov-z-oddusnikom\/","name":"Pokrov z oddu\u0161nikom za IBC cisterno (165mm, 225mm) | IBCparts.eu","isPartOf":{"@id":"https:\/\/ibcparts.eu\/#website"},"primaryImageOfPage":{"@id":"https:\/\/ibcparts.eu\/izdelek\/pokrov-z-oddusnikom\/#primaryimage"},"image":{"@id":"https:\/\/ibcparts.eu\/izdelek\/pokrov-z-oddusnikom\/#primaryimage"},"thumbnailUrl":"https:\/\/ibcparts.eu\/wp-content\/uploads\/2021\/11\/Pokrov-z-oddusnikom-za-IBC-cisterno-2.png","datePublished":"2021-11-14T17:21:27+00:00","dateModified":"2026-01-13T12:27:39+00:00","description":"Za cisterne z odprtino pokrova 165mm in 225mm. Oddu\u0161nik se lahko odstrani. Tip navoja na sredini: \u017denski BSP navoj dimenzije 2''.","breadcrumb":{"@id":"https:\/\/ibcparts.eu\/izdelek\/pokrov-z-oddusnikom\/#breadcrumb"},"inLanguage":"nl-NL","potentialAction":[{"@type":"ReadAction","target":["https:\/\/ibcparts.eu\/izdelek\/pokrov-z-oddusnikom\/"]}]},{"@type":"ImageObject","inLanguage":"nl-NL","@id":"https:\/\/ibcparts.eu\/izdelek\/pokrov-z-oddusnikom\/#primaryimage","url":"https:\/\/ibcparts.eu\/wp-content\/uploads\/2021\/11\/Pokrov-z-oddusnikom-za-IBC-cisterno-2.png","contentUrl":"https:\/\/ibcparts.eu\/wp-content\/uploads\/2021\/11\/Pokrov-z-oddusnikom-za-IBC-cisterno-2.png","width":500,"height":500,"caption":"Pokrov z oddu\u0161nikom za IBC cisterno"},{"@type":"BreadcrumbList","@id":"https:\/\/ibcparts.eu\/izdelek\/pokrov-z-oddusnikom\/#breadcrumb","itemListElement":[{"@type":"ListItem","position":1,"name":"Home","item":"https:\/\/ibcparts.eu\/"},{"@type":"ListItem","position":2,"name":"Nakupujte","item":"https:\/\/ibcparts.eu\/nakupujte\/"},{"@type":"ListItem","position":3,"name":"Pokrov z oddu\u0161nikom za IBC cisterno (165mm, 225mm)"}]},{"@type":"WebSite","@id":"https:\/\/ibcparts.eu\/#website","url":"https:\/\/ibcparts.eu\/","name":"IBCparts.eu","description":"","publisher":{"@id":"https:\/\/ibcparts.eu\/#organization"},"potentialAction":[{"@type":"SearchAction","target":{"@type":"EntryPoint","urlTemplate":"https:\/\/ibcparts.eu\/?s={search_term_string}"},"query-input":{"@type":"PropertyValueSpecification","valueRequired":true,"valueName":"search_term_string"}}],"inLanguage":"nl-NL"},{"@type":"Organization","@id":"https:\/\/ibcparts.eu\/#organization","name":"IBCparts","url":"https:\/\/ibcparts.eu\/","logo":{"@type":"ImageObject","inLanguage":"nl-NL","@id":"https:\/\/ibcparts.eu\/#\/schema\/logo\/image\/","url":"https:\/\/ibcparts.eu\/wp-content\/uploads\/2021\/10\/Footer-Logo.png","contentUrl":"https:\/\/ibcparts.eu\/wp-content\/uploads\/2021\/10\/Footer-Logo.png","width":1992,"height":772,"caption":"IBCparts"},"image":{"@id":"https:\/\/ibcparts.eu\/#\/schema\/logo\/image\/"}}]}},"_links":{"self":[{"href":"https:\/\/ibcparts.eu\/nl\/wp-json\/wp\/v2\/product\/7807","targetHints":{"allow":["GET"]}}],"collection":[{"href":"https:\/\/ibcparts.eu\/nl\/wp-json\/wp\/v2\/product"}],"about":[{"href":"https:\/\/ibcparts.eu\/nl\/wp-json\/wp\/v2\/types\/product"}],"version-history":[{"count":3,"href":"https:\/\/ibcparts.eu\/nl\/wp-json\/wp\/v2\/product\/7807\/revisions"}],"predecessor-version":[{"id":20136,"href":"https:\/\/ibcparts.eu\/nl\/wp-json\/wp\/v2\/product\/7807\/revisions\/20136"}],"wp:featuredmedia":[{"embeddable":true,"href":"https:\/\/ibcparts.eu\/nl\/wp-json\/wp\/v2\/media\/18822"}],"wp:attachment":[{"href":"https:\/\/ibcparts.eu\/nl\/wp-json\/wp\/v2\/media?parent=7807"}],"wp:term":[{"taxonomy":"product_brand","embeddable":true,"href":"https:\/\/ibcparts.eu\/nl\/wp-json\/wp\/v2\/product_brand?post=7807"},{"taxonomy":"product_cat","embeddable":true,"href":"https:\/\/ibcparts.eu\/nl\/wp-json\/wp\/v2\/product_cat?post=7807"},{"taxonomy":"product_tag","embeddable":true,"href":"https:\/\/ibcparts.eu\/nl\/wp-json\/wp\/v2\/product_tag?post=7807"}],"curies":[{"name":"wp","href":"https:\/\/api.w.org\/{rel}","templated":true}]}}