{"id":7804,"date":"2021-11-14T18:17:37","date_gmt":"2021-11-14T17:17:37","guid":{"rendered":"https:\/\/ibcparts.eu\/?post_type=product&#038;p=7804"},"modified":"2026-01-13T13:28:14","modified_gmt":"2026-01-13T12:28:14","slug":"pokrov-za-ibc-s-kolenom","status":"publish","type":"product","link":"https:\/\/ibcparts.eu\/nl\/product\/pokrov-za-ibc-s-kolenom\/","title":{"rendered":"Pokrov za IBC cisterno s priklju\u010dkom za cev 50mm"},"content":{"rendered":"","protected":false},"excerpt":{"rendered":"<h2>165 mm dop voor IBC-container met 50 mm slangaansluiting<\/h2>\n<p data-start=\"110\" data-end=\"251\" class=\" translation-block\">De DN150 (165 mm) dop voor een IBC-container met een 50 mm slangaansluiting maakt een eenvoudige en betrouwbare aansluiting van de slang mogelijk zonder de containerwand te moeten aanpassen. De aansluiting is uitgerust met een <strong>wartelmoer en EPDM-afdichting<\/strong>, waardoor de slang snel en eenvoudig kan worden aangesloten en losgekoppeld \u2013 ook wanneer u de slang wilt verwijderen en de containerdop wilt losdraaien.<\/p>\n<p data-start=\"447\" data-end=\"488\">Op de aansluiting kunt u direct aansluiten:<\/p>\n<ul>\n<li data-start=\"491\" data-end=\"532\">flexibele slang met een binnendiameter van 50 mm<\/li>\n<li data-start=\"535\" data-end=\"563\">harde PVC-buis met een diameter van 50 mm<\/li>\n<\/ul>\n<p data-start=\"565\" data-end=\"617\">Een voorbeeld van gebruik kunt u bekijken in de productgalerij.<\/p>\n<p data-start=\"619\" data-end=\"842\" class=\" translation-block\">Een bijzonder kenmerk van onze dop is dat u vanaf de <strong>onderzijde<\/strong> elke <strong>fitting met 2\u2033 BSP-schroefdraad<\/strong> of een <strong>2\u2033 filterkorf<\/strong> kunt vastschroeven (voor effici\u00ebntere filtratie zijn er ook speciale filterdoppen beschikbaar in ons assortiment).<\/p>\n<p data-start=\"844\" data-end=\"969\">Door deze dop te gebruiken voorkomt u dat er gaten in de wand van de container moeten worden geboord en blijft de container in originele, onbeschadigde staat.<\/p>\n<p data-start=\"971\" data-end=\"1077\" class=\" translation-block\">Als u de vloeistof via de kortste weg door de wand van de container wilt leiden, raden wij het gebruik van onze <strong>doorvoerfittingen<\/strong> aan.<\/p>\n<p data-start=\"1079\" data-end=\"1155\" data-is-last-node=\"\" data-is-only-node=\"\">Neem contact met ons op voor staffelkortingen \u2013 wij maken graag een offerte voor u.<\/p>","protected":false},"featured_media":19200,"template":"","meta":[],"product_brand":[],"product_cat":[182,261],"product_tag":[502],"class_list":{"0":"post-7804","1":"product","2":"type-product","3":"status-publish","4":"has-post-thumbnail","6":"product_cat-ibc-cisterne-ventili-in-dodatki","7":"product_cat-pokrovi-za-ibc-cisterne","8":"product_tag-165mm","10":"first","11":"instock","12":"sale","13":"shipping-taxable","14":"purchasable","15":"product-type-simple"},"yoast_head":"<!-- This site is optimized with the Yoast SEO plugin v27.1.1 - https:\/\/yoast.com\/product\/yoast-seo-wordpress\/ -->\n<title>Pokrov za IBC cisterno s priklju\u010dkom za cev 50mm<\/title>\n<meta name=\"description\" content=\"Pokrov 165mm za IBC cisterno s 50mm priklju\u010dkom za cev. Priklju\u010dek ima vrtljivo matico z EPDM tesnilom za enostavno priklapljanje in odklapljanje cevi.\" \/>\n<meta name=\"robots\" content=\"index, follow, max-snippet:-1, max-image-preview:large, max-video-preview:-1\" \/>\n<link rel=\"canonical\" href=\"https:\/\/ibcparts.eu\/nl\/product\/pokrov-za-ibc-s-kolenom\/\" \/>\n<meta property=\"og:locale\" content=\"nl_NL\" \/>\n<meta property=\"og:type\" content=\"article\" \/>\n<meta property=\"og:title\" content=\"Pokrov za IBC cisterno s priklju\u010dkom za cev 50mm\" \/>\n<meta property=\"og:description\" content=\"Pokrov 165mm za IBC cisterno s 50mm priklju\u010dkom za cev. Priklju\u010dek ima vrtljivo matico z EPDM tesnilom za enostavno priklapljanje in odklapljanje cevi.\" \/>\n<meta property=\"og:url\" content=\"https:\/\/ibcparts.eu\/nl\/product\/pokrov-za-ibc-s-kolenom\/\" \/>\n<meta property=\"og:site_name\" content=\"IBCparts.eu\" \/>\n<meta property=\"article:modified_time\" content=\"2026-01-13T12:28:14+00:00\" \/>\n<meta property=\"og:image\" content=\"https:\/\/ibcparts.eu\/wp-content\/uploads\/2021\/11\/Pokrov-za-IBC-cisterno-s-prikljuckom-za-cev-50mm.png\" \/>\n\t<meta property=\"og:image:width\" content=\"500\" \/>\n\t<meta property=\"og:image:height\" content=\"500\" \/>\n\t<meta property=\"og:image:type\" content=\"image\/png\" \/>\n<meta name=\"twitter:card\" content=\"summary_large_image\" \/>\n<script type=\"application\/ld+json\" class=\"yoast-schema-graph\">{\"@context\":\"https:\/\/schema.org\",\"@graph\":[{\"@type\":\"WebPage\",\"@id\":\"https:\/\/ibcparts.eu\/izdelek\/pokrov-za-ibc-s-kolenom\/\",\"url\":\"https:\/\/ibcparts.eu\/izdelek\/pokrov-za-ibc-s-kolenom\/\",\"name\":\"Pokrov za IBC cisterno s priklju\u010dkom za cev 50mm\",\"isPartOf\":{\"@id\":\"https:\/\/ibcparts.eu\/#website\"},\"primaryImageOfPage\":{\"@id\":\"https:\/\/ibcparts.eu\/izdelek\/pokrov-za-ibc-s-kolenom\/#primaryimage\"},\"image\":{\"@id\":\"https:\/\/ibcparts.eu\/izdelek\/pokrov-za-ibc-s-kolenom\/#primaryimage\"},\"thumbnailUrl\":\"https:\/\/ibcparts.eu\/wp-content\/uploads\/2021\/11\/Pokrov-za-IBC-cisterno-s-prikljuckom-za-cev-50mm.png\",\"datePublished\":\"2021-11-14T17:17:37+00:00\",\"dateModified\":\"2026-01-13T12:28:14+00:00\",\"description\":\"Pokrov 165mm za IBC cisterno s 50mm priklju\u010dkom za cev. Priklju\u010dek ima vrtljivo matico z EPDM tesnilom za enostavno priklapljanje in odklapljanje cevi.\",\"breadcrumb\":{\"@id\":\"https:\/\/ibcparts.eu\/izdelek\/pokrov-za-ibc-s-kolenom\/#breadcrumb\"},\"inLanguage\":\"nl-NL\",\"potentialAction\":[{\"@type\":\"ReadAction\",\"target\":[\"https:\/\/ibcparts.eu\/izdelek\/pokrov-za-ibc-s-kolenom\/\"]}]},{\"@type\":\"ImageObject\",\"inLanguage\":\"nl-NL\",\"@id\":\"https:\/\/ibcparts.eu\/izdelek\/pokrov-za-ibc-s-kolenom\/#primaryimage\",\"url\":\"https:\/\/ibcparts.eu\/wp-content\/uploads\/2021\/11\/Pokrov-za-IBC-cisterno-s-prikljuckom-za-cev-50mm.png\",\"contentUrl\":\"https:\/\/ibcparts.eu\/wp-content\/uploads\/2021\/11\/Pokrov-za-IBC-cisterno-s-prikljuckom-za-cev-50mm.png\",\"width\":500,\"height\":500,\"caption\":\"Pokrov za IBC cisterno s priklju\u010dkom za cev 50mm\"},{\"@type\":\"BreadcrumbList\",\"@id\":\"https:\/\/ibcparts.eu\/izdelek\/pokrov-za-ibc-s-kolenom\/#breadcrumb\",\"itemListElement\":[{\"@type\":\"ListItem\",\"position\":1,\"name\":\"Home\",\"item\":\"https:\/\/ibcparts.eu\/\"},{\"@type\":\"ListItem\",\"position\":2,\"name\":\"Nakupujte\",\"item\":\"https:\/\/ibcparts.eu\/nakupujte\/\"},{\"@type\":\"ListItem\",\"position\":3,\"name\":\"Pokrov za IBC cisterno s priklju\u010dkom za cev 50mm\"}]},{\"@type\":\"WebSite\",\"@id\":\"https:\/\/ibcparts.eu\/#website\",\"url\":\"https:\/\/ibcparts.eu\/\",\"name\":\"IBCparts.eu\",\"description\":\"\",\"publisher\":{\"@id\":\"https:\/\/ibcparts.eu\/#organization\"},\"potentialAction\":[{\"@type\":\"SearchAction\",\"target\":{\"@type\":\"EntryPoint\",\"urlTemplate\":\"https:\/\/ibcparts.eu\/?s={search_term_string}\"},\"query-input\":{\"@type\":\"PropertyValueSpecification\",\"valueRequired\":true,\"valueName\":\"search_term_string\"}}],\"inLanguage\":\"nl-NL\"},{\"@type\":\"Organization\",\"@id\":\"https:\/\/ibcparts.eu\/#organization\",\"name\":\"IBCparts\",\"url\":\"https:\/\/ibcparts.eu\/\",\"logo\":{\"@type\":\"ImageObject\",\"inLanguage\":\"nl-NL\",\"@id\":\"https:\/\/ibcparts.eu\/#\/schema\/logo\/image\/\",\"url\":\"https:\/\/ibcparts.eu\/wp-content\/uploads\/2021\/10\/Footer-Logo.png\",\"contentUrl\":\"https:\/\/ibcparts.eu\/wp-content\/uploads\/2021\/10\/Footer-Logo.png\",\"width\":1992,\"height\":772,\"caption\":\"IBCparts\"},\"image\":{\"@id\":\"https:\/\/ibcparts.eu\/#\/schema\/logo\/image\/\"}}]}<\/script>\n<!-- \/ Yoast SEO plugin. -->","yoast_head_json":{"title":"Pokrov za IBC cisterno s priklju\u010dkom za cev 50mm","description":"Pokrov 165mm za IBC cisterno s 50mm priklju\u010dkom za cev. Priklju\u010dek ima vrtljivo matico z EPDM tesnilom za enostavno priklapljanje in odklapljanje cevi.","robots":{"index":"index","follow":"follow","max-snippet":"max-snippet:-1","max-image-preview":"max-image-preview:large","max-video-preview":"max-video-preview:-1"},"canonical":"https:\/\/ibcparts.eu\/nl\/product\/pokrov-za-ibc-s-kolenom\/","og_locale":"nl_NL","og_type":"article","og_title":"Pokrov za IBC cisterno s priklju\u010dkom za cev 50mm","og_description":"Pokrov 165mm za IBC cisterno s 50mm priklju\u010dkom za cev. Priklju\u010dek ima vrtljivo matico z EPDM tesnilom za enostavno priklapljanje in odklapljanje cevi.","og_url":"https:\/\/ibcparts.eu\/nl\/product\/pokrov-za-ibc-s-kolenom\/","og_site_name":"IBCparts.eu","article_modified_time":"2026-01-13T12:28:14+00:00","og_image":[{"width":500,"height":500,"url":"https:\/\/ibcparts.eu\/wp-content\/uploads\/2021\/11\/Pokrov-za-IBC-cisterno-s-prikljuckom-za-cev-50mm.png","type":"image\/png"}],"twitter_card":"summary_large_image","schema":{"@context":"https:\/\/schema.org","@graph":[{"@type":"WebPage","@id":"https:\/\/ibcparts.eu\/izdelek\/pokrov-za-ibc-s-kolenom\/","url":"https:\/\/ibcparts.eu\/izdelek\/pokrov-za-ibc-s-kolenom\/","name":"Pokrov za IBC cisterno s priklju\u010dkom za cev 50mm","isPartOf":{"@id":"https:\/\/ibcparts.eu\/#website"},"primaryImageOfPage":{"@id":"https:\/\/ibcparts.eu\/izdelek\/pokrov-za-ibc-s-kolenom\/#primaryimage"},"image":{"@id":"https:\/\/ibcparts.eu\/izdelek\/pokrov-za-ibc-s-kolenom\/#primaryimage"},"thumbnailUrl":"https:\/\/ibcparts.eu\/wp-content\/uploads\/2021\/11\/Pokrov-za-IBC-cisterno-s-prikljuckom-za-cev-50mm.png","datePublished":"2021-11-14T17:17:37+00:00","dateModified":"2026-01-13T12:28:14+00:00","description":"Pokrov 165mm za IBC cisterno s 50mm priklju\u010dkom za cev. Priklju\u010dek ima vrtljivo matico z EPDM tesnilom za enostavno priklapljanje in odklapljanje cevi.","breadcrumb":{"@id":"https:\/\/ibcparts.eu\/izdelek\/pokrov-za-ibc-s-kolenom\/#breadcrumb"},"inLanguage":"nl-NL","potentialAction":[{"@type":"ReadAction","target":["https:\/\/ibcparts.eu\/izdelek\/pokrov-za-ibc-s-kolenom\/"]}]},{"@type":"ImageObject","inLanguage":"nl-NL","@id":"https:\/\/ibcparts.eu\/izdelek\/pokrov-za-ibc-s-kolenom\/#primaryimage","url":"https:\/\/ibcparts.eu\/wp-content\/uploads\/2021\/11\/Pokrov-za-IBC-cisterno-s-prikljuckom-za-cev-50mm.png","contentUrl":"https:\/\/ibcparts.eu\/wp-content\/uploads\/2021\/11\/Pokrov-za-IBC-cisterno-s-prikljuckom-za-cev-50mm.png","width":500,"height":500,"caption":"Pokrov za IBC cisterno s priklju\u010dkom za cev 50mm"},{"@type":"BreadcrumbList","@id":"https:\/\/ibcparts.eu\/izdelek\/pokrov-za-ibc-s-kolenom\/#breadcrumb","itemListElement":[{"@type":"ListItem","position":1,"name":"Home","item":"https:\/\/ibcparts.eu\/"},{"@type":"ListItem","position":2,"name":"Nakupujte","item":"https:\/\/ibcparts.eu\/nakupujte\/"},{"@type":"ListItem","position":3,"name":"Pokrov za IBC cisterno s priklju\u010dkom za cev 50mm"}]},{"@type":"WebSite","@id":"https:\/\/ibcparts.eu\/#website","url":"https:\/\/ibcparts.eu\/","name":"IBCparts.eu","description":"","publisher":{"@id":"https:\/\/ibcparts.eu\/#organization"},"potentialAction":[{"@type":"SearchAction","target":{"@type":"EntryPoint","urlTemplate":"https:\/\/ibcparts.eu\/?s={search_term_string}"},"query-input":{"@type":"PropertyValueSpecification","valueRequired":true,"valueName":"search_term_string"}}],"inLanguage":"nl-NL"},{"@type":"Organization","@id":"https:\/\/ibcparts.eu\/#organization","name":"IBCparts","url":"https:\/\/ibcparts.eu\/","logo":{"@type":"ImageObject","inLanguage":"nl-NL","@id":"https:\/\/ibcparts.eu\/#\/schema\/logo\/image\/","url":"https:\/\/ibcparts.eu\/wp-content\/uploads\/2021\/10\/Footer-Logo.png","contentUrl":"https:\/\/ibcparts.eu\/wp-content\/uploads\/2021\/10\/Footer-Logo.png","width":1992,"height":772,"caption":"IBCparts"},"image":{"@id":"https:\/\/ibcparts.eu\/#\/schema\/logo\/image\/"}}]}},"_links":{"self":[{"href":"https:\/\/ibcparts.eu\/nl\/wp-json\/wp\/v2\/product\/7804","targetHints":{"allow":["GET"]}}],"collection":[{"href":"https:\/\/ibcparts.eu\/nl\/wp-json\/wp\/v2\/product"}],"about":[{"href":"https:\/\/ibcparts.eu\/nl\/wp-json\/wp\/v2\/types\/product"}],"version-history":[{"count":3,"href":"https:\/\/ibcparts.eu\/nl\/wp-json\/wp\/v2\/product\/7804\/revisions"}],"predecessor-version":[{"id":20138,"href":"https:\/\/ibcparts.eu\/nl\/wp-json\/wp\/v2\/product\/7804\/revisions\/20138"}],"wp:featuredmedia":[{"embeddable":true,"href":"https:\/\/ibcparts.eu\/nl\/wp-json\/wp\/v2\/media\/19200"}],"wp:attachment":[{"href":"https:\/\/ibcparts.eu\/nl\/wp-json\/wp\/v2\/media?parent=7804"}],"wp:term":[{"taxonomy":"product_brand","embeddable":true,"href":"https:\/\/ibcparts.eu\/nl\/wp-json\/wp\/v2\/product_brand?post=7804"},{"taxonomy":"product_cat","embeddable":true,"href":"https:\/\/ibcparts.eu\/nl\/wp-json\/wp\/v2\/product_cat?post=7804"},{"taxonomy":"product_tag","embeddable":true,"href":"https:\/\/ibcparts.eu\/nl\/wp-json\/wp\/v2\/product_tag?post=7804"}],"curies":[{"name":"wp","href":"https:\/\/api.w.org\/{rel}","templated":true}]}}