{"id":7604,"date":"2021-11-11T13:12:43","date_gmt":"2021-11-11T12:12:43","guid":{"rendered":"https:\/\/ibcparts.eu\/?post_type=product&#038;p=7604"},"modified":"2026-01-13T13:58:36","modified_gmt":"2026-01-13T12:58:36","slug":"adapter-s60-na-2-fini-bsp-zenski-navoj","status":"publish","type":"product","link":"https:\/\/ibcparts.eu\/nl\/product\/s60-naar-2-inch-bsp-binnendraad-adapter\/","title":{"rendered":"S60x2\u2033 F adapter voor IBC-container (fijne BSP vrouwelijke schroefdraad)"},"content":{"rendered":"<p>Zeer sterke verloopstuk voor IBC-containers met S60x6-schroefdraad en 2\u2033 inwendige BSP-schroefdraad. Geschikt voor containers met S60x6-klep \u2013 dit is het meest voorkomende type klep op IBC-containers.<\/p>\n<ul>\n<li>Type schroefdraad: inwendig S60x6 vrouwelijke schroefdraad, inwendig (vrouwelijk) 2\u2033 BSP-schroefdraad \u2013 zie afbeelding.<\/li>\n<li class=\" translation-block\"><strong>Materiaal:<\/strong> PP \u2013 een uiterst duurzaam, lichtgewicht en waterdicht materiaal, bestand tegen UV-straling, chemicali\u00ebn en stoten. Dankzij zijn veiligheid en stabiliteit is het ideaal voor producten die een lange levensduur en hoge duurzaamheid vereisen.<\/li>\n<li>Kleur: zwart<\/li>\n<li class=\" translation-block\">Afdichting: <strong>EPDM-rubber \u2013 uitstekende bestendigheid tegen UV-straling, weersinvloeden en temperatuurschommelingen<\/strong><\/li>\n<li>Aan de zijde met fijn schroefdraad adviseren wij het gebruik van teflon.<\/li>\n<li>Tussen het ventiel van de container en de verloopadapter wordt GEEN teflon gebruikt.<\/li>\n<li>Uitstekende afdichting en hoge duurzaamheid!<\/li>\n<\/ul>","protected":false},"excerpt":{"rendered":"<h2 data-start=\"143\" data-end=\"205\">S60x6 naar 2\u2033 BSP vrouwelijke adapter voor IBC-container<\/h2>\n<p data-start=\"207\" data-end=\"687\" class=\" translation-block\">Az S60x2\u2033 F adapter egy nagyon er\u0151s adapter S60x6 menettel rendelkez\u0151 IBC tart\u00e1lyokhoz. <strong>IBC tart\u00e1ly adapterk\u00e9nt vagy csatlakoz\u00f3k\u00e9nt<\/strong> haszn\u00e1lhat\u00f3 t\u00f6ml\u0151k, szelepek vagy m\u00e1s, 2\u2033 m\u00e9ret\u0171 bels\u0151 (n\u0151i) BSP menettel rendelkez\u0151 rendszerek csatlakoztat\u00e1s\u00e1hoz. PP anyagb\u00f3l k\u00e9sz\u00fclt, \u00e9s 100% EPDM gumib\u00f3l k\u00e9sz\u00fclt t\u00f6m\u00edt\u00e9ssel van ell\u00e1tva, amelyet optim\u00e1lis kem\u00e9nys\u00e9ggel fejlesztettek ki, \u00e9s <strong>megb\u00edzhat\u00f3 t\u00f6m\u00edt\u00e9st biztos\u00edt m\u00e9g nagyobb egyenetlens\u00e9gek eset\u00e9n is a szelepen<\/strong>, valamint hossz\u00fa t\u00e1v\u00fa, sziv\u00e1rg\u00e1smentes haszn\u00e1latot garant\u00e1l.<\/p>\n<p data-start=\"689\" data-end=\"710\">Technische specificaties<\/p>\n<ul>\n<li data-start=\"713\" data-end=\"764\">Producttype: adapter (aansluiting voor IBC-container)<\/li>\n<li data-start=\"767\" data-end=\"820\">Type schroefdraad op de container: S60x6, standaard IBC-schroefdraad<\/li>\n<li data-start=\"823\" data-end=\"868\" class=\" translation-block\">Type schroefdraad aan de uitgang: inwendig (vrouwelijk) <strong>2\u2033<\/strong> BSP<\/li>\n<li data-start=\"901\" data-end=\"917\">Materiaal: HDPE<\/li>\n<li data-start=\"920\" data-end=\"933\">Kleur: zwart<\/li>\n<li class=\" translation-block\"><strong>Afdichting:<\/strong> <strong>100% EPDM-rubber \u2013 exclusief bij ons. Deze speciaal ontwikkelde afdichting met optimale hardheid compenseert effectief zelfs grotere onregelmatigheden aan het ventiel en zorgt voor een langdurige, betrouwbare afdichting zonder lekkage.<\/strong><\/li>\n<li>Uitstekende afdichting en hoge duurzaamheid!<\/li>\n<\/ul>\n<p><strong>Meer stuks, meer korting \u2013 aantallen van verschillende artikelen en varianten worden opgeteld!<\/strong><\/p>\n<div id=\"335931145728526365\"><\/div>","protected":false},"featured_media":7605,"template":"","meta":[],"product_brand":[],"product_cat":[170,298],"product_tag":[461],"class_list":{"0":"post-7604","1":"product","2":"type-product","3":"status-publish","4":"has-post-thumbnail","6":"product_cat-reducirji-in-prikljucki-za-ibc","7":"product_cat-prikljucki-za-cisterno-z-navojem-s60x6","8":"product_tag-adapter-s60-na-2-fini-bsp-zenski-navoj-za-ibc-cisterno","10":"first","11":"instock","12":"shipping-taxable","13":"purchasable","14":"product-type-simple"},"yoast_head":"<!-- This site is optimized with the Yoast SEO plugin v27.1.1 - https:\/\/yoast.com\/product\/yoast-seo-wordpress\/ -->\n<title>Adapter S60x2&quot; F za IBC cisterno (fini BSP \u017eenski navoj) | IBCparts.eu<\/title>\n<meta name=\"description\" content=\"Adapter S60x6 na 2\u2033 \u017eenski BSP navoj za IBC cisterno. Iz PP, z EPDM tesnilom za zanesljivo tesnjenje brez pu\u0161\u010danja.\" \/>\n<meta name=\"robots\" content=\"index, follow, max-snippet:-1, max-image-preview:large, max-video-preview:-1\" \/>\n<link rel=\"canonical\" href=\"https:\/\/ibcparts.eu\/nl\/product\/s60-naar-2-inch-bsp-binnendraad-adapter\/\" \/>\n<meta property=\"og:locale\" content=\"nl_NL\" \/>\n<meta property=\"og:type\" content=\"article\" \/>\n<meta property=\"og:title\" content=\"Adapter S60x2&quot; F za IBC cisterno (fini BSP \u017eenski navoj) | IBCparts.eu\" \/>\n<meta property=\"og:description\" content=\"Adapter S60x6 na 2\u2033 \u017eenski BSP navoj za IBC cisterno. Iz PP, z EPDM tesnilom za zanesljivo tesnjenje brez pu\u0161\u010danja.\" \/>\n<meta property=\"og:url\" content=\"https:\/\/ibcparts.eu\/nl\/product\/s60-naar-2-inch-bsp-binnendraad-adapter\/\" \/>\n<meta property=\"og:site_name\" content=\"IBCparts.eu\" \/>\n<meta property=\"article:modified_time\" content=\"2026-01-13T12:58:36+00:00\" \/>\n<meta property=\"og:image\" content=\"https:\/\/ibcparts.eu\/wp-content\/uploads\/2021\/11\/s60-adapter-2-fini-enski-2_1_orig.jpg\" \/>\n\t<meta property=\"og:image:width\" content=\"1080\" \/>\n\t<meta property=\"og:image:height\" content=\"1080\" \/>\n\t<meta property=\"og:image:type\" content=\"image\/jpeg\" \/>\n<meta name=\"twitter:card\" content=\"summary_large_image\" \/>\n<meta name=\"twitter:label1\" content=\"Geschatte leestijd\" \/>\n\t<meta name=\"twitter:data1\" content=\"1 minuut\" \/>\n<script type=\"application\/ld+json\" class=\"yoast-schema-graph\">{\"@context\":\"https:\/\/schema.org\",\"@graph\":[{\"@type\":\"WebPage\",\"@id\":\"https:\/\/ibcparts.eu\/izdelek\/adapter-s60-na-2-fini-bsp-zenski-navoj\/\",\"url\":\"https:\/\/ibcparts.eu\/izdelek\/adapter-s60-na-2-fini-bsp-zenski-navoj\/\",\"name\":\"Adapter S60x2\\\" F za IBC cisterno (fini BSP \u017eenski navoj) | IBCparts.eu\",\"isPartOf\":{\"@id\":\"https:\/\/ibcparts.eu\/#website\"},\"primaryImageOfPage\":{\"@id\":\"https:\/\/ibcparts.eu\/izdelek\/adapter-s60-na-2-fini-bsp-zenski-navoj\/#primaryimage\"},\"image\":{\"@id\":\"https:\/\/ibcparts.eu\/izdelek\/adapter-s60-na-2-fini-bsp-zenski-navoj\/#primaryimage\"},\"thumbnailUrl\":\"https:\/\/ibcparts.eu\/wp-content\/uploads\/2021\/11\/s60-adapter-2-fini-enski-2_1_orig.jpg\",\"datePublished\":\"2021-11-11T12:12:43+00:00\",\"dateModified\":\"2026-01-13T12:58:36+00:00\",\"description\":\"Adapter S60x6 na 2\u2033 \u017eenski BSP navoj za IBC cisterno. Iz PP, z EPDM tesnilom za zanesljivo tesnjenje brez pu\u0161\u010danja.\",\"breadcrumb\":{\"@id\":\"https:\/\/ibcparts.eu\/izdelek\/adapter-s60-na-2-fini-bsp-zenski-navoj\/#breadcrumb\"},\"inLanguage\":\"nl-NL\",\"potentialAction\":[{\"@type\":\"ReadAction\",\"target\":[\"https:\/\/ibcparts.eu\/izdelek\/adapter-s60-na-2-fini-bsp-zenski-navoj\/\"]}]},{\"@type\":\"ImageObject\",\"inLanguage\":\"nl-NL\",\"@id\":\"https:\/\/ibcparts.eu\/izdelek\/adapter-s60-na-2-fini-bsp-zenski-navoj\/#primaryimage\",\"url\":\"https:\/\/ibcparts.eu\/wp-content\/uploads\/2021\/11\/s60-adapter-2-fini-enski-2_1_orig.jpg\",\"contentUrl\":\"https:\/\/ibcparts.eu\/wp-content\/uploads\/2021\/11\/s60-adapter-2-fini-enski-2_1_orig.jpg\",\"width\":1080,\"height\":1080,\"caption\":\"s60-adapter-2-fini-enski-2_1_orig\"},{\"@type\":\"BreadcrumbList\",\"@id\":\"https:\/\/ibcparts.eu\/izdelek\/adapter-s60-na-2-fini-bsp-zenski-navoj\/#breadcrumb\",\"itemListElement\":[{\"@type\":\"ListItem\",\"position\":1,\"name\":\"Home\",\"item\":\"https:\/\/ibcparts.eu\/\"},{\"@type\":\"ListItem\",\"position\":2,\"name\":\"Nakupujte\",\"item\":\"https:\/\/ibcparts.eu\/nakupujte\/\"},{\"@type\":\"ListItem\",\"position\":3,\"name\":\"Adapter S60x2&#8243; F za IBC cisterno (fini BSP \u017eenski navoj)\"}]},{\"@type\":\"WebSite\",\"@id\":\"https:\/\/ibcparts.eu\/#website\",\"url\":\"https:\/\/ibcparts.eu\/\",\"name\":\"IBCparts.eu\",\"description\":\"\",\"publisher\":{\"@id\":\"https:\/\/ibcparts.eu\/#organization\"},\"potentialAction\":[{\"@type\":\"SearchAction\",\"target\":{\"@type\":\"EntryPoint\",\"urlTemplate\":\"https:\/\/ibcparts.eu\/?s={search_term_string}\"},\"query-input\":{\"@type\":\"PropertyValueSpecification\",\"valueRequired\":true,\"valueName\":\"search_term_string\"}}],\"inLanguage\":\"nl-NL\"},{\"@type\":\"Organization\",\"@id\":\"https:\/\/ibcparts.eu\/#organization\",\"name\":\"IBCparts\",\"url\":\"https:\/\/ibcparts.eu\/\",\"logo\":{\"@type\":\"ImageObject\",\"inLanguage\":\"nl-NL\",\"@id\":\"https:\/\/ibcparts.eu\/#\/schema\/logo\/image\/\",\"url\":\"https:\/\/ibcparts.eu\/wp-content\/uploads\/2021\/10\/Footer-Logo.png\",\"contentUrl\":\"https:\/\/ibcparts.eu\/wp-content\/uploads\/2021\/10\/Footer-Logo.png\",\"width\":1992,\"height\":772,\"caption\":\"IBCparts\"},\"image\":{\"@id\":\"https:\/\/ibcparts.eu\/#\/schema\/logo\/image\/\"}}]}<\/script>\n<!-- \/ Yoast SEO plugin. -->","yoast_head_json":{"title":"Adapter S60x2\" F za IBC cisterno (fini BSP \u017eenski navoj) | IBCparts.eu","description":"Adapter S60x6 na 2\u2033 \u017eenski BSP navoj za IBC cisterno. Iz PP, z EPDM tesnilom za zanesljivo tesnjenje brez pu\u0161\u010danja.","robots":{"index":"index","follow":"follow","max-snippet":"max-snippet:-1","max-image-preview":"max-image-preview:large","max-video-preview":"max-video-preview:-1"},"canonical":"https:\/\/ibcparts.eu\/nl\/product\/s60-naar-2-inch-bsp-binnendraad-adapter\/","og_locale":"nl_NL","og_type":"article","og_title":"Adapter S60x2\" F za IBC cisterno (fini BSP \u017eenski navoj) | IBCparts.eu","og_description":"Adapter S60x6 na 2\u2033 \u017eenski BSP navoj za IBC cisterno. Iz PP, z EPDM tesnilom za zanesljivo tesnjenje brez pu\u0161\u010danja.","og_url":"https:\/\/ibcparts.eu\/nl\/product\/s60-naar-2-inch-bsp-binnendraad-adapter\/","og_site_name":"IBCparts.eu","article_modified_time":"2026-01-13T12:58:36+00:00","og_image":[{"width":1080,"height":1080,"url":"https:\/\/ibcparts.eu\/wp-content\/uploads\/2021\/11\/s60-adapter-2-fini-enski-2_1_orig.jpg","type":"image\/jpeg"}],"twitter_card":"summary_large_image","twitter_misc":{"Geschatte leestijd":"1 minuut"},"schema":{"@context":"https:\/\/schema.org","@graph":[{"@type":"WebPage","@id":"https:\/\/ibcparts.eu\/izdelek\/adapter-s60-na-2-fini-bsp-zenski-navoj\/","url":"https:\/\/ibcparts.eu\/izdelek\/adapter-s60-na-2-fini-bsp-zenski-navoj\/","name":"Adapter S60x2\" F za IBC cisterno (fini BSP \u017eenski navoj) | IBCparts.eu","isPartOf":{"@id":"https:\/\/ibcparts.eu\/#website"},"primaryImageOfPage":{"@id":"https:\/\/ibcparts.eu\/izdelek\/adapter-s60-na-2-fini-bsp-zenski-navoj\/#primaryimage"},"image":{"@id":"https:\/\/ibcparts.eu\/izdelek\/adapter-s60-na-2-fini-bsp-zenski-navoj\/#primaryimage"},"thumbnailUrl":"https:\/\/ibcparts.eu\/wp-content\/uploads\/2021\/11\/s60-adapter-2-fini-enski-2_1_orig.jpg","datePublished":"2021-11-11T12:12:43+00:00","dateModified":"2026-01-13T12:58:36+00:00","description":"Adapter S60x6 na 2\u2033 \u017eenski BSP navoj za IBC cisterno. Iz PP, z EPDM tesnilom za zanesljivo tesnjenje brez pu\u0161\u010danja.","breadcrumb":{"@id":"https:\/\/ibcparts.eu\/izdelek\/adapter-s60-na-2-fini-bsp-zenski-navoj\/#breadcrumb"},"inLanguage":"nl-NL","potentialAction":[{"@type":"ReadAction","target":["https:\/\/ibcparts.eu\/izdelek\/adapter-s60-na-2-fini-bsp-zenski-navoj\/"]}]},{"@type":"ImageObject","inLanguage":"nl-NL","@id":"https:\/\/ibcparts.eu\/izdelek\/adapter-s60-na-2-fini-bsp-zenski-navoj\/#primaryimage","url":"https:\/\/ibcparts.eu\/wp-content\/uploads\/2021\/11\/s60-adapter-2-fini-enski-2_1_orig.jpg","contentUrl":"https:\/\/ibcparts.eu\/wp-content\/uploads\/2021\/11\/s60-adapter-2-fini-enski-2_1_orig.jpg","width":1080,"height":1080,"caption":"s60-adapter-2-fini-enski-2_1_orig"},{"@type":"BreadcrumbList","@id":"https:\/\/ibcparts.eu\/izdelek\/adapter-s60-na-2-fini-bsp-zenski-navoj\/#breadcrumb","itemListElement":[{"@type":"ListItem","position":1,"name":"Home","item":"https:\/\/ibcparts.eu\/"},{"@type":"ListItem","position":2,"name":"Nakupujte","item":"https:\/\/ibcparts.eu\/nakupujte\/"},{"@type":"ListItem","position":3,"name":"Adapter S60x2&#8243; F za IBC cisterno (fini BSP \u017eenski navoj)"}]},{"@type":"WebSite","@id":"https:\/\/ibcparts.eu\/#website","url":"https:\/\/ibcparts.eu\/","name":"IBCparts.eu","description":"","publisher":{"@id":"https:\/\/ibcparts.eu\/#organization"},"potentialAction":[{"@type":"SearchAction","target":{"@type":"EntryPoint","urlTemplate":"https:\/\/ibcparts.eu\/?s={search_term_string}"},"query-input":{"@type":"PropertyValueSpecification","valueRequired":true,"valueName":"search_term_string"}}],"inLanguage":"nl-NL"},{"@type":"Organization","@id":"https:\/\/ibcparts.eu\/#organization","name":"IBCparts","url":"https:\/\/ibcparts.eu\/","logo":{"@type":"ImageObject","inLanguage":"nl-NL","@id":"https:\/\/ibcparts.eu\/#\/schema\/logo\/image\/","url":"https:\/\/ibcparts.eu\/wp-content\/uploads\/2021\/10\/Footer-Logo.png","contentUrl":"https:\/\/ibcparts.eu\/wp-content\/uploads\/2021\/10\/Footer-Logo.png","width":1992,"height":772,"caption":"IBCparts"},"image":{"@id":"https:\/\/ibcparts.eu\/#\/schema\/logo\/image\/"}}]}},"_links":{"self":[{"href":"https:\/\/ibcparts.eu\/nl\/wp-json\/wp\/v2\/product\/7604","targetHints":{"allow":["GET"]}}],"collection":[{"href":"https:\/\/ibcparts.eu\/nl\/wp-json\/wp\/v2\/product"}],"about":[{"href":"https:\/\/ibcparts.eu\/nl\/wp-json\/wp\/v2\/types\/product"}],"version-history":[{"count":3,"href":"https:\/\/ibcparts.eu\/nl\/wp-json\/wp\/v2\/product\/7604\/revisions"}],"predecessor-version":[{"id":20171,"href":"https:\/\/ibcparts.eu\/nl\/wp-json\/wp\/v2\/product\/7604\/revisions\/20171"}],"wp:featuredmedia":[{"embeddable":true,"href":"https:\/\/ibcparts.eu\/nl\/wp-json\/wp\/v2\/media\/7605"}],"wp:attachment":[{"href":"https:\/\/ibcparts.eu\/nl\/wp-json\/wp\/v2\/media?parent=7604"}],"wp:term":[{"taxonomy":"product_brand","embeddable":true,"href":"https:\/\/ibcparts.eu\/nl\/wp-json\/wp\/v2\/product_brand?post=7604"},{"taxonomy":"product_cat","embeddable":true,"href":"https:\/\/ibcparts.eu\/nl\/wp-json\/wp\/v2\/product_cat?post=7604"},{"taxonomy":"product_tag","embeddable":true,"href":"https:\/\/ibcparts.eu\/nl\/wp-json\/wp\/v2\/product_tag?post=7604"}],"curies":[{"name":"wp","href":"https:\/\/api.w.org\/{rel}","templated":true}]}}