{"id":7200,"date":"2021-11-04T10:31:52","date_gmt":"2021-11-04T09:31:52","guid":{"rendered":"https:\/\/ibcparts.eu\/?post_type=product&#038;p=7200"},"modified":"2026-01-14T09:16:22","modified_gmt":"2026-01-14T08:16:22","slug":"sistem-duo-klasik-2","status":"publish","type":"product","link":"https:\/\/ibcparts.eu\/nl\/product\/sistem-duo-klasik-2\/","title":{"rendered":"DUO KLASIK \u2013 povezava dveh IBC cistern"},"content":{"rendered":"<p style=\"margin-bottom: var(--wd-tags-margin-bottom); font-style: normal; font-variant-ligatures: normal; font-variant-caps: normal; font-weight: 400; font-family: Lato, Arial, Helvetica, sans-serif; font-size: 14px;\"><strong>Upgrade-opties:<\/strong><\/p>\n<ul style=\"margin-bottom: var(--list-mb); padding-left: var(--li-pl); font-style: normal; font-variant-ligatures: normal; font-variant-caps: normal; font-family: Lato, Arial, Helvetica, sans-serif; font-size: 14px; --list-mb: 20px; --li-mb: 10px; --li-pl: 17px;\">\n<li style=\"margin-bottom: var(--li-mb); font-size: 14px;\"><b>Gumijasto tesnilo<\/b> 2x (GRATIS): Zgolj rezerva. Originalno penasto tesnilo se s\u010dasoma potla\u010di. \u010ce so na ventilu nepravilnosti, se lahko tako tesnilo po\u0161koduje. V tem primeru ga nadomestite z gumijastim tesnilom. Ne uporabljajte dveh tesnil hkrati, ker ni potrebe.<\/li>\n<li style=\"margin-bottom: var(--li-mb); font-size: 14px;\"><b>Duo PLUS<\/b> (Priklop za vrtno cev z ventilom): Ta nadgradnja obstoje\u010di povezavi doda ventil s priklopom za vrtno cev. Obi\u010dajno je zelo prakti\u010dno, da je vrtna cev vedno priklopljena, glavna pipa pa je namenjena hitremu pretakanju v zalivalko.<\/li>\n<li style=\"font-size: 14px;\"><b>SkyTap<\/b> (Pipa dvignjena na vi\u0161ino zalivalke): Ta nadgradnja povi\u0161a polo\u017eaj glavne pipe na povezavi na vi\u0161ino zalivalke (cca 35cm od tal).<\/li>\n<\/ul>\n<p>&nbsp;<\/p>\n<p><strong style=\"font-size: 14px; color: var(--wd-text-color);\">Osnovni paket vsebuje:<\/strong><b><br \/>\n<\/b><\/p>\n<p>2x reducir AVA\u00a0za cisterne z ventilom fi 55-62mm, grobi navoj S60x6 (DN50)., T-kos F, 2x koleno F, 2x alkaten cev* 47-48cm, pipa.<\/p>\n<p>*Alkaten cevi so rahlo ukrivljene, ker so shranjene na kolutih. Uporabljamo MEHKE alkaten cevi, ki so bolj pro\u017ene in veliko enostavnej\u0161e za uporabo &#8211; pri monta\u017ei jih poravnate in ostanejo v tem polo\u017eaju.<\/p>\n<p>Priklju\u010dki so zelene barve, kot na sliki. Razmak med cisternami po monta\u017ei sistema DUO je od 2 do 6cm.<\/p>\n<p>Sistem je na voljo v velikosti 1&#8243; (zunanji premer cevi 32mm), \u010de ni druga\u010de ozna\u010deno.<\/p>\n<p>Tesnilo iz pene\u00a0(PE).\u00a0Odli\u010dno tesnjenje.<\/p>\n<p>&nbsp;<\/p>\n<p><strong>Napotek:<\/strong><br \/>\n<strong>\u010ce boste vodo speljali v eno cisterno, mora imeti druga cisterna omogo\u010deno odzra\u010devanje, da se voda nemoteno pretaka preko ventilov.<\/strong><\/p>\n<p><strong>Dit kunt u op verschillende manieren doen:<\/strong><\/p>\n<p class=\" translation-block\"><strong style=\"color: #666666;font-family: 'Libre Franklin';font-size: 16px;font-style: normal\">1. <\/strong>Als u het niet erg vindt dat het water via de opening van het deksel van de tweede tank naar buiten stroomt wanneer deze tot de rand is gevuld, kunt u het deksel eenvoudig iets losdraaien \u2013 net genoeg om lucht door te laten. Zodra beide tanks volledig zijn gevuld, zal het overtollige water (overloop) hier wegstromen.<br style=\"color: #666666;font-family: 'Libre Franklin';font-size: 16px\"><strong style=\"color: #666666;font-family: 'Libre Franklin';font-size: 16px;font-style: normal\">2. <\/strong>Een <a href=\"https:\/\/ibcparts.eu\/izdelek\/pokrov-z-oddusnikom\/\" target=\"_self\"><span style=\"color: #666666;font-family: Libre Franklin\">ontluchtingsdeksel<\/span><\/a> werkt op een vergelijkbare manier \u2013 lucht kan passeren, maar ook water stroomt weg zodra de tanks tot de rand zijn gevuld.<br style=\"color: #666666;font-family: 'Libre Franklin';font-size: 16px\"><strong style=\"color: #666666;font-family: 'Libre Franklin';font-size: 16px;font-style: normal\">3.<\/strong> U kunt een <a style=\"color: #666666;font-family: 'Libre Franklin';font-size: 16px;font-style: normal;font-weight: 300\" href=\"https:\/\/ibcparts.eu\/izdelek\/pokrov-pipelink\/\" target=\"_self\">PipeLink-deksel<\/a> gebruiken (zoals weergegeven in de animatie) of een <a href=\"https:\/\/ibcparts.eu\/izdelek\/pokrov-autovent\/\" target=\"_self\"><i>AutoVent<\/i><\/a>-deksel \u2013 <b>aanbevolen.<\/b><br style=\"color: #666666;font-family: 'Libre Franklin';font-size: 16px\"><strong style=\"color: #666666;font-family: 'Libre Franklin';font-size: 16px;font-style: normal\">4.<\/strong> Gebruik een deksel met uitgang en bevestig hierop een geschikte koppeling (bijv. T-stuk voor PE-buis, tuinslang, flexibele slang, PVC-buis\u2026).<br style=\"color: #666666;font-family: 'Libre Franklin';font-size: 16px\"><strong style=\"color: #666666;font-family: 'Libre Franklin';font-size: 16px;font-style: normal\">5. <\/strong>Als er een groter hoogteverschil is tussen de afvoer van de regenpijp en de bovenkant van de tank, kunt u een <a style=\"color: #666666;font-family: 'Libre Franklin';font-size: 16px;font-style: normal;font-weight: 300\" href=\"https:\/\/ibcparts.eu\/izdelek\/skoznik-flowtek-bend\/\" target=\"_self\">FlowTek Bend doorvoer<\/a> gebruiken (gebruik een deksel met uitgang of boor een gat in de tank). Sluit hier een tuinslang op aan. Bevestig het andere uiteinde van de slang boven het niveau waar het water de tank binnenkomt (bij<\/p>\n<p>&nbsp;<\/p>\n<p><strong>Za dodatna vpra\u0161anja in svetovanje nas kontaktirajte.<\/strong><\/p>\n<p><strong>Prosimo vas, da si pred monta\u017eo preberete spodnja opozorila\/nasvete.<\/strong><br \/>\nOpozorilo:<br \/>\nCisterne so na prvi pogled enake, vendar se med seboj razlikujejo. Najve\u010dja razlika je prav v ventilih. Standarden in najbolj pogost zunanji premer ventila je 60mm. V praksi se lahko razlikuje in je med\u00a0<strong>55 in 62mm<\/strong>.<br \/>\nVsi reducirji S60 v na\u0161i ponudbi so zasnovani tako, da ustrezajo vsem grobim navojem na ventilih premera 60mm (S60x6). Glede na malenkostne razlike v &#8220;standardnih&#8221; navojih ventilov, je lahko ob\u010dutek pri monta\u017ei reducirja razli\u010den. Lahko se popolnoma prilega, lahko gre malenkost ohlapno ali malenkost bolj na tesno. Ko ga privija\u010dimo do konca, zadeva tesni in je fiksna. Vsi reducirji so preverjene kakovosti.<\/p>\n<p>Nasvet:<br \/>\nPred monta\u017eo bodite pozorni na to, da je lice ventila cisterne (kamor montiramo reducir)\u00a0<strong>gladko in nepo\u0161kodovano<\/strong>. Nove cisterne imajo aluminijasto plombo na odprtini ventila &#8211; \u010de je ta povr\u0161no odstranjena, je lahko to vzrok slab\u0161ega tesnjenja reducirja. Vsakr\u0161ne nepravilnosti na ventilu odstranite oz pobrusite s smirkovim papirjem pred prvo monta\u017eo reducirja.<\/p>\n<p>Reducirji <b>AVA<\/b>, uporabljeni v sistemih DUO KLASIK<strong>\u00a0<\/strong>so izredno trpe\u017eni in UV odporni.<\/p>\n<p><iframe title=\"How to connect two IBC containers using DUO system.\" width=\"500\" height=\"281\" src=\"https:\/\/www.youtube.com\/embed\/ZKfg1PYo-qQ?feature=oembed\" frameborder=\"0\" allow=\"accelerometer; autoplay; clipboard-write; encrypted-media; gyroscope; picture-in-picture; web-share\" referrerpolicy=\"strict-origin-when-cross-origin\" allowfullscreen><\/iframe><\/p>\n<p><strong style=\"color: #666666; font-family: 'Libre Franklin'; font-size: 16px; font-style: normal; font-variant-ligatures: normal; font-variant-caps: normal;\">Spodaj je prikazana animacija ene izmed mo\u017enosti delujo\u010de povezave:<br \/>\n<\/strong>Uporabljen je Filter padne vode\u00a0ter pokrov\u00a0<a href=\"https:\/\/ibcparts.eu\/izdelek\/tritonflex\/\"><i>TritonFlex<\/i><\/a>. Na drugi cisterni je pokrov z oddu\u0161nikom.<\/p>\n<p><img decoding=\"async\" src=\"https:\/\/ibcparts.eu\/wp-content\/uploads\/2021\/11\/povezava-ibc-cistern-duo-animacija-1.gif\" alt=\"\" width=\"435\" height=\"397\" \/><\/p>","protected":false},"excerpt":{"rendered":"<h2 data-start=\"264\" data-end=\"366\"><strong data-start=\"264\" data-end=\"366\">Mo\u010dna, zanesljiva in ugodna povezava dveh IBC cistern \u2013 \u017ee sestavljena in pripravljena za monta\u017eo.<\/strong><\/h2>\n<p data-start=\"368\" data-end=\"725\">DUO KLASIK omogo\u010da hitro in varno povezavo dveh IBC cistern, pri \u010demer je <strong data-start=\"442\" data-end=\"485\">pipa ali ventil name\u0161\u010den med cisternama<\/strong>. Med katerima dvema bo izhod, se lahko odlo\u010dite \u0161ele ob monta\u017ei, kar omogo\u010da ve\u010d prilagodljivosti. Sistem je primeren za zbiranje de\u017eevnice, tehni\u010dno vodo in druge aplikacije, kjer potrebujete stabilno in dolgotrajno re\u0161itev brez pu\u0161\u010danja.<\/p>\n<hr data-start=\"727\" data-end=\"730\" \/>\n<h3 data-start=\"732\" data-end=\"761\">Zakaj izbrati DUO KLASIK?<\/h3>\n<ul>\n<li data-start=\"764\" data-end=\"798\">Sterke en beproefde constructie<\/li>\n<li data-start=\"801\" data-end=\"845\">\u017de sestavljen sistem \u2013 brez dodatnega dela. Cev po potrebi prikraj\u0161ate z olfa no\u017eem.<\/li>\n<li data-start=\"848\" data-end=\"917\">Izhod (pipa ali ventil) med dvema cisternama za ve\u010djo fleksibilnost<\/li>\n<li data-start=\"920\" data-end=\"963\">100 % EPDM tesnilo (ne pu\u0161\u010da, UV odporno)<\/li>\n<li data-start=\"966\" data-end=\"1027\">Ook geschikt voor oudere of licht beschadigde IBC-kleppen<\/li>\n<li data-start=\"1030\" data-end=\"1075\">Enostavna monta\u017ea tudi na neravnih podlagah<\/li>\n<\/ul>\n<p><u><strong>Opcije:<\/strong><\/u><\/p>\n<p>\u0161t.artikla: #599,\u00a0<strong>DUOBREZ<\/strong>:\u00a0<strong><span style=\"color: #508d24; font-size: medium;\">30,50\u20ac\u00a0<\/span><\/strong>(brez pipe in t-kosa, samo povezava med cisternama).<br \/>\n<strong><span style=\"color: #508d24; font-size: medium;\">\u200b<\/span><\/strong>\u0161t.artikla: #601,\u00a0<strong>DUO1<\/strong>:\u00a0<strong><span style=\"color: #508d24; font-size: medium;\">44,50\u20ac\u00a0<\/span><\/strong>(kovinska pipa GardenFlow 3\/4&#8243;*).<br \/>\n<strong><span style=\"color: #508d24; font-size: medium;\">\u200b<\/span><\/strong>\u0161t.artikla: #602,\u00a0<strong>DUO2<\/strong>:\u00a0<strong><span style=\"color: #508d24; font-size: medium;\">49,50\u20ac\u00a0<\/span><\/strong>(kovinska pipa\u00a0HighFlow 3\/4&#8243;*).<br \/>\n<strong><span style=\"color: #508d24; font-size: medium;\">\u200b<\/span><\/strong>\u0161t.artikla: #603,\u00a0<strong>DUO3<\/strong>:\u00a0<strong><span style=\"color: #508d24; font-size: medium;\">54,50\u20ac\u00a0<\/span><\/strong>(<u>dvojna\u00a0<\/u>kovinska pipa 1\/2&#8243; PRO*).<br \/>\n<strong><span style=\"color: #508d24; font-size: medium;\">\u200b<\/span><\/strong>\u0161t.artikla: #604,\u00a0<strong>DUO4<\/strong>:\u00a0<strong><span style=\"color: #508d24; font-size: medium;\">58,50\u20ac\u00a0<\/span><\/strong>(<u>dvojna\u00a0<\/u>kovinska pipa 3\/4 PRO*).<br \/>\n\u0161t.artikla: #605,\u00a0<strong>DUO5<\/strong>:\u00a0<strong><span style=\"color: #508d24; font-size: medium;\">51,50\u20ac\u00a0<\/span><\/strong>(kovinska pipa\u00a0QuickFlow 1&#8243;).<br \/>\n\u0161t.artikla: #606,\u00a0<strong>DUO6<\/strong>:\u00a0<strong><span style=\"color: #508d24; font-size: medium;\">52,50\u20ac\u00a0<\/span><\/strong>(plasti\u010dni ventil MF PRO 1&#8243; s plasti\u010dnim ravnim nastavkom za cev 25mm*).<br \/>\n\u0161t.artikla: #607,\u00a0<strong>DUO7<\/strong>:\u00a0<strong><span style=\"color: #508d24; font-size: medium;\">52,50\u20ac\u00a0<\/span><\/strong>(kovinski ventil 1&#8243; z medeninastim ravnim nastavkom za cev 25mm*)<br \/>\n\u0161t.artikla: #608,\u00a0<strong>DUO8<\/strong>:\u00a0<strong><span style=\"color: #508d24; font-size: medium;\">52,50\u20ac\u00a0<\/span><\/strong>(plasti\u010dni ventil MF PRO 1&#8243; s plasti\u010dnim nastavkom &#8211; koleno za cev 25mm*).<\/p>\n<p>\u200b\u27a1\ufe0f <strong data-start=\"1930\" data-end=\"1969\">Sistem lahko sestavimo tudi po meri<\/strong> \u2013 ve\u010d izhodov, ventili za hidrofor, dodatne pipe itd.<\/p>\n<p>*Pipe in ventile si lahko ogledate na zgornjih slikah in\/ali\u00a0<strong><a href=\"https:\/\/ibcparts.eu\/kategorije\/pipe-ventili-in-medeninasti-prikljucki\/\">tukaj<\/a><\/strong>.<\/p>\n<h3 data-start=\"2100\" data-end=\"2126\">Afdichting en materialen<\/h3>\n<p data-start=\"2128\" data-end=\"2497\">Reducirji \u017ee vsebujejo kakovostno <strong data-start=\"2162\" data-end=\"2186\">penasto (PE) tesnilo<\/strong>, dodatno pa <strong data-start=\"2199\" data-end=\"2251\">GRATIS prilo\u017eimo \u0161e gumijasto 100 % EPDM tesnilo<\/strong> \u2013 ekskluzivno pri nas.<br data-start=\"2274\" data-end=\"2277\" \/>Posebej razvito tesnilo z optimalno trdoto u\u010dinkovito izravna tudi ve\u010dje nepravilnosti na ventilu in zagotavlja <strong data-start=\"2389\" data-end=\"2440\">dolgotrajno, zanesljivo tesnjenje brez pu\u0161\u010danja<\/strong>, tudi pri starej\u0161ih ali rahlo po\u0161kodovanih IBC ventilih.<\/p>\n<p data-start=\"2499\" data-end=\"2707\">Uporabljena <strong data-start=\"2511\" data-end=\"2523\">LDPE cev<\/strong> je mehkej\u0161a, prilagodljiva in UV odporna, kar omogo\u010da enostavno monta\u017eo ter zanesljivo in dolgoro\u010dno tesno povezavo IBC cistern tudi na neravnih podlagah brez obremenjevanja ventilov.<\/p>\n<hr data-start=\"2709\" data-end=\"2712\" \/>\n<h3 data-start=\"2714\" data-end=\"2741\">Razlika med DUO sistemi<\/h3>\n<ul>\n<li class=\" translation-block\"><strong>SIMPLE<\/strong>: kraan of klep op de uiterst linker of rechter tank (u kunt dit tijdens de montage bepalen \u2013 aan te passen aan uw behoeften \u2013 zie de afbeelding in de galerij bij SIMPLE).<\/li>\n<li><strong>KLASIK<\/strong>: pipa ali ventil med dvema cisternama (med katerima dvema se lahko odlo\u010dite takrat, ko montirate \u2013 prilagodite va\u0161im potrebam \u2013 glejte sliko v galeriji pri KLASIK).<\/li>\n<li><strong>FLEXI<\/strong>: povezava dveh cistern s fleksibilno armirano cevjo \u2013 (glejte sliko v galeriji pri FLEXI).<\/li>\n<li><strong>ZAPOREDNO<\/strong>: povezava dveh cistern s fleksibilno armirano cevjo v postavitvi ena za drugo, obe obrnjeni v isto smer \u2013 (glejte sliko v galeriji pri ZAPOREDNO).<\/li>\n<li><strong>VERTIKAL<\/strong>: povezava dveh cistern v postavitvi ena na vrhu druge \u2013 (glejte sliko v galeriji pri VERTIKAL).<\/li>\n<\/ul>\n<hr data-start=\"3059\" data-end=\"3062\" \/>\n<p data-start=\"3064\" data-end=\"3364\"><strong data-start=\"3064\" data-end=\"3364\">DUO KLASIK ustreza ve\u010dini IBC cistern s standardnim ventilom S60\u00d76. Monta\u017ea je zelo enostavna \u2013 sistem je \u017ee predsestavljen in ne zahteva posebnega znanja. Vsi materiali so vzdr\u017eljivi, UV odporni in primerni za dolgotrajno zunanjo uporabo. Pri druga\u010dnem navoju ventila sistem prilagodimo po meri.<\/strong><\/p>","protected":false},"featured_media":12586,"template":"","meta":[],"product_brand":[],"product_cat":[264,189],"product_tag":[292,269,268],"class_list":{"0":"post-7200","1":"product","2":"type-product","3":"status-publish","4":"has-post-thumbnail","6":"product_cat-sistemi-duo","7":"product_cat-sistemi-za-povezavo","8":"product_tag-povezava-dveh-kontejnerjev","9":"product_tag-povezava-ibc-cistern","10":"product_tag-sistem-duo","12":"first","13":"instock","14":"shipping-taxable","15":"purchasable","16":"product-type-variable"},"yoast_head":"<!-- This site is optimized with the Yoast SEO plugin v27.1.1 - https:\/\/yoast.com\/product\/yoast-seo-wordpress\/ -->\n<title>DUO KLASIK \u2013 povezava dveh IBC cistern | IBCparts.eu<\/title>\n<meta name=\"description\" content=\"Povezava dveh IBC cistern z\u200b mehkej\u0161o alkaten cevjo. Izjemno mo\u010dan, enostaven in stabilen sistem. Velika izbira pip in ventilov. Sestavimo po va\u0161ih \u017eeljah.\" \/>\n<meta name=\"robots\" content=\"index, follow, max-snippet:-1, max-image-preview:large, max-video-preview:-1\" \/>\n<link rel=\"canonical\" href=\"https:\/\/ibcparts.eu\/nl\/product\/sistem-duo-klasik-2\/\" \/>\n<meta property=\"og:locale\" content=\"nl_NL\" \/>\n<meta property=\"og:type\" content=\"article\" \/>\n<meta property=\"og:title\" content=\"DUO KLASIK \u2013 povezava dveh IBC cistern | IBCparts.eu\" \/>\n<meta property=\"og:description\" content=\"Povezava dveh IBC cistern z\u200b mehkej\u0161o alkaten cevjo. Izjemno mo\u010dan, enostaven in stabilen sistem. Velika izbira pip in ventilov. Sestavimo po va\u0161ih \u017eeljah.\" \/>\n<meta property=\"og:url\" content=\"https:\/\/ibcparts.eu\/nl\/product\/sistem-duo-klasik-2\/\" \/>\n<meta property=\"og:site_name\" content=\"IBCparts.eu\" \/>\n<meta property=\"article:modified_time\" content=\"2026-01-14T08:16:22+00:00\" \/>\n<meta property=\"og:image\" content=\"https:\/\/ibcparts.eu\/wp-content\/uploads\/2022\/01\/DUO-KLASIK.jpg\" \/>\n\t<meta property=\"og:image:width\" content=\"1181\" \/>\n\t<meta property=\"og:image:height\" content=\"1181\" \/>\n\t<meta property=\"og:image:type\" content=\"image\/jpeg\" \/>\n<meta name=\"twitter:card\" content=\"summary_large_image\" \/>\n<meta name=\"twitter:label1\" content=\"Geschatte leestijd\" \/>\n\t<meta name=\"twitter:data1\" content=\"4 minuten\" \/>\n<script type=\"application\/ld+json\" class=\"yoast-schema-graph\">{\"@context\":\"https:\/\/schema.org\",\"@graph\":[{\"@type\":\"WebPage\",\"@id\":\"https:\/\/ibcparts.eu\/izdelek\/sistem-duo-klasik-2\/\",\"url\":\"https:\/\/ibcparts.eu\/izdelek\/sistem-duo-klasik-2\/\",\"name\":\"DUO KLASIK \u2013 povezava dveh IBC cistern | IBCparts.eu\",\"isPartOf\":{\"@id\":\"https:\/\/ibcparts.eu\/#website\"},\"primaryImageOfPage\":{\"@id\":\"https:\/\/ibcparts.eu\/izdelek\/sistem-duo-klasik-2\/#primaryimage\"},\"image\":{\"@id\":\"https:\/\/ibcparts.eu\/izdelek\/sistem-duo-klasik-2\/#primaryimage\"},\"thumbnailUrl\":\"https:\/\/ibcparts.eu\/wp-content\/uploads\/2022\/01\/DUO-KLASIK.jpg\",\"datePublished\":\"2021-11-04T09:31:52+00:00\",\"dateModified\":\"2026-01-14T08:16:22+00:00\",\"description\":\"Povezava dveh IBC cistern z\u200b mehkej\u0161o alkaten cevjo. Izjemno mo\u010dan, enostaven in stabilen sistem. Velika izbira pip in ventilov. Sestavimo po va\u0161ih \u017eeljah.\",\"breadcrumb\":{\"@id\":\"https:\/\/ibcparts.eu\/izdelek\/sistem-duo-klasik-2\/#breadcrumb\"},\"inLanguage\":\"nl-NL\",\"potentialAction\":[{\"@type\":\"ReadAction\",\"target\":[\"https:\/\/ibcparts.eu\/izdelek\/sistem-duo-klasik-2\/\"]}]},{\"@type\":\"ImageObject\",\"inLanguage\":\"nl-NL\",\"@id\":\"https:\/\/ibcparts.eu\/izdelek\/sistem-duo-klasik-2\/#primaryimage\",\"url\":\"https:\/\/ibcparts.eu\/wp-content\/uploads\/2022\/01\/DUO-KLASIK.jpg\",\"contentUrl\":\"https:\/\/ibcparts.eu\/wp-content\/uploads\/2022\/01\/DUO-KLASIK.jpg\",\"width\":1181,\"height\":1181,\"caption\":\"Povezava dveh IBC cistern - DUO KLASIK\"},{\"@type\":\"BreadcrumbList\",\"@id\":\"https:\/\/ibcparts.eu\/izdelek\/sistem-duo-klasik-2\/#breadcrumb\",\"itemListElement\":[{\"@type\":\"ListItem\",\"position\":1,\"name\":\"Home\",\"item\":\"https:\/\/ibcparts.eu\/\"},{\"@type\":\"ListItem\",\"position\":2,\"name\":\"Nakupujte\",\"item\":\"https:\/\/ibcparts.eu\/nakupujte\/\"},{\"@type\":\"ListItem\",\"position\":3,\"name\":\"DUO KLASIK \u2013 povezava dveh IBC cistern\"}]},{\"@type\":\"WebSite\",\"@id\":\"https:\/\/ibcparts.eu\/#website\",\"url\":\"https:\/\/ibcparts.eu\/\",\"name\":\"IBCparts.eu\",\"description\":\"\",\"publisher\":{\"@id\":\"https:\/\/ibcparts.eu\/#organization\"},\"potentialAction\":[{\"@type\":\"SearchAction\",\"target\":{\"@type\":\"EntryPoint\",\"urlTemplate\":\"https:\/\/ibcparts.eu\/?s={search_term_string}\"},\"query-input\":{\"@type\":\"PropertyValueSpecification\",\"valueRequired\":true,\"valueName\":\"search_term_string\"}}],\"inLanguage\":\"nl-NL\"},{\"@type\":\"Organization\",\"@id\":\"https:\/\/ibcparts.eu\/#organization\",\"name\":\"IBCparts\",\"url\":\"https:\/\/ibcparts.eu\/\",\"logo\":{\"@type\":\"ImageObject\",\"inLanguage\":\"nl-NL\",\"@id\":\"https:\/\/ibcparts.eu\/#\/schema\/logo\/image\/\",\"url\":\"https:\/\/ibcparts.eu\/wp-content\/uploads\/2021\/10\/Footer-Logo.png\",\"contentUrl\":\"https:\/\/ibcparts.eu\/wp-content\/uploads\/2021\/10\/Footer-Logo.png\",\"width\":1992,\"height\":772,\"caption\":\"IBCparts\"},\"image\":{\"@id\":\"https:\/\/ibcparts.eu\/#\/schema\/logo\/image\/\"}}]}<\/script>\n<!-- \/ Yoast SEO plugin. -->","yoast_head_json":{"title":"DUO KLASIK \u2013 povezava dveh IBC cistern | IBCparts.eu","description":"Povezava dveh IBC cistern z\u200b mehkej\u0161o alkaten cevjo. Izjemno mo\u010dan, enostaven in stabilen sistem. Velika izbira pip in ventilov. Sestavimo po va\u0161ih \u017eeljah.","robots":{"index":"index","follow":"follow","max-snippet":"max-snippet:-1","max-image-preview":"max-image-preview:large","max-video-preview":"max-video-preview:-1"},"canonical":"https:\/\/ibcparts.eu\/nl\/product\/sistem-duo-klasik-2\/","og_locale":"nl_NL","og_type":"article","og_title":"DUO KLASIK \u2013 povezava dveh IBC cistern | IBCparts.eu","og_description":"Povezava dveh IBC cistern z\u200b mehkej\u0161o alkaten cevjo. Izjemno mo\u010dan, enostaven in stabilen sistem. Velika izbira pip in ventilov. Sestavimo po va\u0161ih \u017eeljah.","og_url":"https:\/\/ibcparts.eu\/nl\/product\/sistem-duo-klasik-2\/","og_site_name":"IBCparts.eu","article_modified_time":"2026-01-14T08:16:22+00:00","og_image":[{"width":1181,"height":1181,"url":"https:\/\/ibcparts.eu\/wp-content\/uploads\/2022\/01\/DUO-KLASIK.jpg","type":"image\/jpeg"}],"twitter_card":"summary_large_image","twitter_misc":{"Geschatte leestijd":"4 minuten"},"schema":{"@context":"https:\/\/schema.org","@graph":[{"@type":"WebPage","@id":"https:\/\/ibcparts.eu\/izdelek\/sistem-duo-klasik-2\/","url":"https:\/\/ibcparts.eu\/izdelek\/sistem-duo-klasik-2\/","name":"DUO KLASIK \u2013 povezava dveh IBC cistern | IBCparts.eu","isPartOf":{"@id":"https:\/\/ibcparts.eu\/#website"},"primaryImageOfPage":{"@id":"https:\/\/ibcparts.eu\/izdelek\/sistem-duo-klasik-2\/#primaryimage"},"image":{"@id":"https:\/\/ibcparts.eu\/izdelek\/sistem-duo-klasik-2\/#primaryimage"},"thumbnailUrl":"https:\/\/ibcparts.eu\/wp-content\/uploads\/2022\/01\/DUO-KLASIK.jpg","datePublished":"2021-11-04T09:31:52+00:00","dateModified":"2026-01-14T08:16:22+00:00","description":"Povezava dveh IBC cistern z\u200b mehkej\u0161o alkaten cevjo. Izjemno mo\u010dan, enostaven in stabilen sistem. Velika izbira pip in ventilov. Sestavimo po va\u0161ih \u017eeljah.","breadcrumb":{"@id":"https:\/\/ibcparts.eu\/izdelek\/sistem-duo-klasik-2\/#breadcrumb"},"inLanguage":"nl-NL","potentialAction":[{"@type":"ReadAction","target":["https:\/\/ibcparts.eu\/izdelek\/sistem-duo-klasik-2\/"]}]},{"@type":"ImageObject","inLanguage":"nl-NL","@id":"https:\/\/ibcparts.eu\/izdelek\/sistem-duo-klasik-2\/#primaryimage","url":"https:\/\/ibcparts.eu\/wp-content\/uploads\/2022\/01\/DUO-KLASIK.jpg","contentUrl":"https:\/\/ibcparts.eu\/wp-content\/uploads\/2022\/01\/DUO-KLASIK.jpg","width":1181,"height":1181,"caption":"Povezava dveh IBC cistern - DUO KLASIK"},{"@type":"BreadcrumbList","@id":"https:\/\/ibcparts.eu\/izdelek\/sistem-duo-klasik-2\/#breadcrumb","itemListElement":[{"@type":"ListItem","position":1,"name":"Home","item":"https:\/\/ibcparts.eu\/"},{"@type":"ListItem","position":2,"name":"Nakupujte","item":"https:\/\/ibcparts.eu\/nakupujte\/"},{"@type":"ListItem","position":3,"name":"DUO KLASIK \u2013 povezava dveh IBC cistern"}]},{"@type":"WebSite","@id":"https:\/\/ibcparts.eu\/#website","url":"https:\/\/ibcparts.eu\/","name":"IBCparts.eu","description":"","publisher":{"@id":"https:\/\/ibcparts.eu\/#organization"},"potentialAction":[{"@type":"SearchAction","target":{"@type":"EntryPoint","urlTemplate":"https:\/\/ibcparts.eu\/?s={search_term_string}"},"query-input":{"@type":"PropertyValueSpecification","valueRequired":true,"valueName":"search_term_string"}}],"inLanguage":"nl-NL"},{"@type":"Organization","@id":"https:\/\/ibcparts.eu\/#organization","name":"IBCparts","url":"https:\/\/ibcparts.eu\/","logo":{"@type":"ImageObject","inLanguage":"nl-NL","@id":"https:\/\/ibcparts.eu\/#\/schema\/logo\/image\/","url":"https:\/\/ibcparts.eu\/wp-content\/uploads\/2021\/10\/Footer-Logo.png","contentUrl":"https:\/\/ibcparts.eu\/wp-content\/uploads\/2021\/10\/Footer-Logo.png","width":1992,"height":772,"caption":"IBCparts"},"image":{"@id":"https:\/\/ibcparts.eu\/#\/schema\/logo\/image\/"}}]}},"_links":{"self":[{"href":"https:\/\/ibcparts.eu\/nl\/wp-json\/wp\/v2\/product\/7200","targetHints":{"allow":["GET"]}}],"collection":[{"href":"https:\/\/ibcparts.eu\/nl\/wp-json\/wp\/v2\/product"}],"about":[{"href":"https:\/\/ibcparts.eu\/nl\/wp-json\/wp\/v2\/types\/product"}],"version-history":[{"count":7,"href":"https:\/\/ibcparts.eu\/nl\/wp-json\/wp\/v2\/product\/7200\/revisions"}],"predecessor-version":[{"id":20262,"href":"https:\/\/ibcparts.eu\/nl\/wp-json\/wp\/v2\/product\/7200\/revisions\/20262"}],"wp:featuredmedia":[{"embeddable":true,"href":"https:\/\/ibcparts.eu\/nl\/wp-json\/wp\/v2\/media\/12586"}],"wp:attachment":[{"href":"https:\/\/ibcparts.eu\/nl\/wp-json\/wp\/v2\/media?parent=7200"}],"wp:term":[{"taxonomy":"product_brand","embeddable":true,"href":"https:\/\/ibcparts.eu\/nl\/wp-json\/wp\/v2\/product_brand?post=7200"},{"taxonomy":"product_cat","embeddable":true,"href":"https:\/\/ibcparts.eu\/nl\/wp-json\/wp\/v2\/product_cat?post=7200"},{"taxonomy":"product_tag","embeddable":true,"href":"https:\/\/ibcparts.eu\/nl\/wp-json\/wp\/v2\/product_tag?post=7200"}],"curies":[{"name":"wp","href":"https:\/\/api.w.org\/{rel}","templated":true}]}}