{"id":7148,"date":"2021-11-04T10:08:36","date_gmt":"2021-11-04T10:08:36","guid":{"rendered":"https:\/\/ibcparts.eu\/?post_type=product&#038;p=7148"},"modified":"2026-01-14T09:34:57","modified_gmt":"2026-01-14T08:34:57","slug":"sistem-trio-pro","status":"publish","type":"product","link":"https:\/\/ibcparts.eu\/nl\/product\/sistem-trio-pro\/","title":{"rendered":"3+ PRO (verbind 3 of meer IBC-tanks horizontaal)"},"content":{"rendered":"<p><iframe title=\"How to connect two IBC containers using DUO system.\" width=\"500\" height=\"281\" src=\"https:\/\/www.youtube.com\/embed\/ZKfg1PYo-qQ?feature=oembed\" frameborder=\"0\" allow=\"accelerometer; autoplay; clipboard-write; encrypted-media; gyroscope; picture-in-picture; web-share\" referrerpolicy=\"strict-origin-when-cross-origin\" allowfullscreen><\/iframe><\/p>\n<p class=\" translation-block\">Productinformatie:<br>\nSysteem voor het verbinden van drie IBC-tanks \u2013 nu nog sterker en voordeliger!<\/p>\n<p><strong><span style=\"font-size: medium;\">Nu met EPDM-rubberen afdichtingen GRATIS!<\/span><\/strong><\/p>\n<p>Paket vsebuje:<br \/>\n3x reducir AVA za cisterne z ventilom fi 55-62mm, grobi navoj S60x6 (DN50)., 1x kri\u017e F, 2x priklju\u010dek M, 2x koleno F, 3x alkaten cev*, pipa, redukcija.<\/p>\n<p>*Alkaten cevi so rahlo ukrivljene, ker so shranjene na kolutih. Uporabljamo MEHKE alkaten cevi, ki so bolj pro\u017ene in veliko enostavnej\u0161e za uporabo &#8211; pri monta\u017ei jih poravnate in ostanejo v tem polo\u017eaju.<\/p>\n<p>De aansluitingen voor de alkathene slang zijn groen van kleur, zoals op de afbeelding.<\/p>\n<p>Razmak med cisternami po monta\u017ei sistema 3+ je od 2 do 6cm &#8211; po potrebi lahko cev sami skraj\u0161ate z olfa no\u017eem.<\/p>\n<p>Uitstekende afdichting en hoge duurzaamheid!<\/p>\n<p>Het systeem is verkrijgbaar in maat 1\u2033 (32 mm).<\/p>\n<p>&nbsp;<\/p>\n<p><strong>*Ve\u010d informacij o pipah in ventilih lahko najdete\u00a0<a href=\"https:\/\/ibcparts.eu\/kategorije\/pipe-ventili-in-medeninasti-prikljucki\/\">tukaj<\/a>.<\/strong><\/p>\n<p>&nbsp;<\/p>\n<p style=\"margin-bottom: var(--wd-tags-margin-bottom); font-style: normal; font-variant-ligatures: normal; font-variant-caps: normal; font-family: Lato, Arial, Helvetica, sans-serif; font-size: 14px;\"><b>Napotek:<br \/>\n<\/b>\u010ce boste vodo speljali v eno cisterno, mora imeti druga cisterna omogo\u010deno odzra\u010devanje, da se voda nemoteno pretaka preko ventilov.<\/p>\n<p><strong>Dit kunt u op verschillende manieren doen:<\/strong><\/p>\n<p class=\" translation-block\"><strong style=\"color: #666666;font-family: 'Libre Franklin';font-size: 16px;font-style: normal\">1. <\/strong>Als u het niet erg vindt dat het water via de opening van het deksel van de tweede tank naar buiten stroomt wanneer deze tot de rand is gevuld, kunt u het deksel eenvoudig iets losdraaien \u2013 net genoeg om lucht door te laten. Zodra beide tanks volledig zijn gevuld, zal het overtollige water (overloop) hier wegstromen.<br style=\"color: #666666;font-family: 'Libre Franklin';font-size: 16px\"><strong style=\"color: #666666;font-family: 'Libre Franklin';font-size: 16px;font-style: normal\">2. <\/strong>Een <a href=\"https:\/\/ibcparts.eu\/izdelek\/pokrov-z-oddusnikom\/\" target=\"_self\"><span style=\"color: #666666;font-family: Libre Franklin\">ontluchtingsdeksel<\/span><\/a> werkt op een vergelijkbare manier \u2013 lucht kan passeren, maar ook water stroomt weg zodra de tanks tot de rand zijn gevuld.<br style=\"color: #666666;font-family: 'Libre Franklin';font-size: 16px\"><strong style=\"color: #666666;font-family: 'Libre Franklin';font-size: 16px;font-style: normal\">3.<\/strong> U kunt een <a style=\"color: #666666;font-family: 'Libre Franklin';font-size: 16px;font-style: normal;font-weight: 300\" href=\"https:\/\/ibcparts.eu\/izdelek\/pokrov-pipelink\/\" target=\"_self\">PipeLink-deksel<\/a> gebruiken (zoals weergegeven in de animatie) of een <a href=\"https:\/\/ibcparts.eu\/izdelek\/pokrov-autovent\/\" target=\"_self\"><i>AutoVent<\/i><\/a>-deksel \u2013 <b>aanbevolen.<\/b><br style=\"color: #666666;font-family: 'Libre Franklin';font-size: 16px\"><strong style=\"color: #666666;font-family: 'Libre Franklin';font-size: 16px;font-style: normal\">4.<\/strong> Gebruik een deksel met uitgang en bevestig hierop een geschikte koppeling (bijv. T-stuk voor PE-buis, tuinslang, flexibele slang, PVC-buis\u2026).<br style=\"color: #666666;font-family: 'Libre Franklin';font-size: 16px\"><strong style=\"color: #666666;font-family: 'Libre Franklin';font-size: 16px;font-style: normal\">5. <\/strong>Als er een groter hoogteverschil is tussen de afvoer van de regenpijp en de bovenkant van de tank, kunt u een <a style=\"color: #666666;font-family: 'Libre Franklin';font-size: 16px;font-style: normal;font-weight: 300\" href=\"https:\/\/ibcparts.eu\/izdelek\/skoznik-flowtek-bend\/\" target=\"_self\">FlowTek Bend doorvoer<\/a> gebruiken (gebruik een deksel met uitgang of boor een gat in de tank). Sluit hier een tuinslang op aan. Bevestig het andere uiteinde van de slang boven het niveau waar het water de tank binnenkomt (bij<\/p>\n<p>&nbsp;<\/p>\n<p>Sestavimo tudi sistem po va\u0161ih \u017eeljah. Lahko tudi ve\u010d izhodov, ventil za priklop hidroforja, ve\u010d pip itd&#8230; Priklop hidroforja je najbolj prakti\u010den povsem na desni strani &#8211; zaradi smeri odpiranja ro\u010dke ventila.<\/p>\n<p>AVA-reducties die in de 3+-systemen worden gebruikt, zijn uiterst duurzaam en hebben een EPDM-rubberen afdichting.<\/p>","protected":false},"excerpt":{"rendered":"<h2 data-start=\"173\" data-end=\"293\"><strong data-start=\"173\" data-end=\"293\">Sterke, betrouwbare en voordelige horizontale verbinding van drie of meer IBC-containers \u2013 voorgemonteerd en klaar voor installatie.<\/strong><\/h2>\n<p data-start=\"295\" data-end=\"760\" class=\" translation-block\">3+ PRO is een vernieuwd systeem voor <strong data-start=\"326\" data-end=\"386\">het horizontaal verbinden van IBC-tanks<\/strong>, waarbij de <strong data-start=\"396\" data-end=\"456\">kraan of klep op een van de middelste tanks<\/strong> is geplaatst. Bij het verbinden van drie tanks zit de uitgang op de middelste tank; bij een groter aantal tanks kunt u de positie van de uitgang tijdens de installatie kiezen. Het systeem is bedoeld voor effici\u00ebnt regenwater verzamelen en doorvoeren en voor andere toepassingen waarbij maximale functionaliteit en een gelijkmatige doorstroomverdeling belangrijk zijn.<\/p>\n<hr data-start=\"762\" data-end=\"765\" \/>\n<h3 data-start=\"767\" data-end=\"792\">Waarom kiezen voor 3+ PRO?<\/h3>\n<ul>\n<li data-start=\"795\" data-end=\"829\">Sterke en beproefde constructie<\/li>\n<li>Voorgemonteerd systeem \u2013 geen extra werk nodig (de buis kan indien nodig met een stanleymes worden ingekort)<\/li>\n<li data-start=\"879\" data-end=\"924\" class=\" translation-block\">Ontworpen voor het koppelen van 3 of meer IBC-tanks<\/li>\n<li data-start=\"927\" data-end=\"998\" class=\" translation-block\">Uitgang (kraan of klep) op de <strong data-start=\"954\" data-end=\"976\">middelste tank<\/strong> voor optimale doorstroming<\/li>\n<li data-start=\"1001\" data-end=\"1044\">100% EPDM-afdichting \u2013 lekvrij, UV-bestendig<\/li>\n<li data-start=\"1047\" data-end=\"1113\">Zachtere LDPE-buis voor eenvoudige montage en lange levensduur<\/li>\n<\/ul>\n<hr data-start=\"1115\" data-end=\"1118\" \/>\n<h3 data-start=\"1120\" data-end=\"1138\">Prijs \/ Opties:<\/h3>\n<ul>\n<li><strong><span style=\"color: #508d24; font-size: medium;\">\u200b<\/span><\/strong>\u0161t.artikla: #671,\u00a0<strong>TRIO PRO 1<\/strong>: <strong><span style=\"color: #508d24; font-size: medium;\">66,99\u20ac <\/span><\/strong>(kovinska pipa 3\/4&#8243; GardenFlow*).<\/li>\n<li>\u0161t.artikla: #672,\u00a0<strong>TRIO PRO 2<\/strong>: <strong><span style=\"color: #508d24; font-size: medium;\">69,50\u20ac <\/span><\/strong>(kovinska pipa 3\/4&#8221; HighFlow*).<\/li>\n<li>\u0161t.artikla: #673,\u00a0<strong>TRIO PRO 3<\/strong>: <strong><span style=\"color: #508d24; font-size: medium;\">74,50\u20ac <\/span><\/strong>(<u>dvojna\u00a0<\/u>kovinska pipa 1\/2&#8243; PRO*).<\/li>\n<li>\u0161t.artikla: #674,\u00a0<strong>TRIO PRO 4<\/strong>: <strong><span style=\"color: #508d24; font-size: medium;\">79,50\u20ac <\/span><\/strong>(<u>dvojna\u00a0<\/u>kovinska pipa 3\/4 PRO*).<\/li>\n<li>\u0161t.artikla: #675,\u00a0<strong>TRIO PRO 5<\/strong>: <strong><span style=\"color: #508d24; font-size: medium;\">72,50\u20ac <\/span><\/strong>(kovinska pipa 1&#8243; Quickflow*).<\/li>\n<li>\u0161t.artikla: #677,\u00a0<strong>TRIO PRO 6<\/strong>: <strong><span style=\"color: #508d24; font-size: medium;\">72,50\u20ac <\/span><\/strong>(plasti\u010dni 1\u2033 MF PRO ventil* s plasti\u010dnim ravnim nastavkom za cev 25mm*).<\/li>\n<li>\u0161t.artikla: #678,\u00a0<strong>TRIO PRO 7<\/strong>: <strong><span style=\"color: #508d24; font-size: medium;\">76,50\u20ac <\/span><\/strong>(kovinski\u00a0 1\u2033 PRO ventil* z medeninastim ravnim nastavkom za cev 25mm*).<\/li>\n<li>\u0161t.artikla: #679,\u00a0<strong>TRIO PRO 8<\/strong>: <strong><span style=\"color: #508d24; font-size: medium;\">72,50\u20ac <\/span><\/strong>(plasti\u010dni 1\u2033 MF PRO ventil* s plasti\u010dnim nastavkom \u2013 koleno za cev 25mm*).<\/li>\n<\/ul>\n<hr data-start=\"1921\" data-end=\"1924\" \/>\n<h3 data-start=\"1926\" data-end=\"1952\">Afdichting en materialen<\/h3>\n<p data-start=\"1953\" data-end=\"2231\" class=\" translation-block\">Er wordt <strong data-start=\"1961\" data-end=\"2005\">100% EPDM-afdichting \u2013 exclusief bij ons<\/strong> gebruikt, speciaal ontwikkeld met optimale hardheid die zelfs grotere onregelmatigheden op het ventiel effectief compenseert en <strong data-start=\"2116\" data-end=\"2167\">langdurige, betrouwbare afdichting zonder lekkage<\/strong> garandeert, zelfs bij oudere of licht beschadigde IBC-ventielen.<\/p>\n<p data-start=\"2233\" data-end=\"2421\" class=\" translation-block\">De zachtere, flexibele en UV-bestendige <strong data-start=\"2264\" data-end=\"2276\">LDPE-buis<\/strong> maakt eenvoudige installatie mogelijk en zorgt voor een betrouwbare, langdurige, lekvrije verbinding van IBC-tanks, zelfs op oneffen oppervlakken, zonder de kleppen te belasten.<\/p>\n<hr data-start=\"2423\" data-end=\"2426\" \/>\n<h3 data-start=\"2428\" data-end=\"2475\">Systeemuitbreiding \u2013 voeg meer tanks toe<\/h3>\n<p data-start=\"2476\" data-end=\"2649\" class=\" translation-block\">Met de <strong data-start=\"2478\" data-end=\"2492\">Multi-link<\/strong>-optie kunt u aan het systeem <strong data-start=\"2514\" data-end=\"2552\">een onbeperkt aantal extra tanks<\/strong> toevoegen in een horizontale opstelling.<br data-start=\"2576\" data-end=\"2579\">Voorbeeld: verbinding van 5 tanks = basispakket (3) + 2\u00d7 Multi-link.<\/p>\n<p data-start=\"2651\" data-end=\"2753\" class=\" translation-block\">Als uw IBC-tanks op de grond staan, kunt u met de <strong data-start=\"2504\" data-end=\"2514\">SkyTap<\/strong>-optie moeiteloos water overgieten in een gieter.<\/p>\n<hr data-start=\"2755\" data-end=\"2758\" \/>\n<h3 data-start=\"2760\" data-end=\"2797\">3+ systemen (hoe ze verschillen):<\/h3>\n<ul>\n<li class=\" translation-block\"><strong>SIMPLE<\/strong>: kraan of klep op de uiterst linker of rechter tank (u kunt dit tijdens de montage bepalen \u2013 aan te passen aan uw behoeften \u2013 zie de afbeelding in de galerij bij SIMPLE).<\/li>\n<li class=\" translation-block\"><strong>KLASIK<\/strong>: kraan of klep tussen twee tanks (u bepaalt tijdens de montage tussen welke twee \u2013 aan te passen aan uw behoeften \u2013 zie de afbeelding in de galerij bij KLASIK).<\/li>\n<li class=\" translation-block\"><strong>PRO<\/strong>: kraan of klep op een van de middelste tanks (bij 3 gekoppelde tanks bevindt de kraan zich op de middelste tank; bij meer gekoppelde tanks kunt u dit tijdens de montage bepalen \u2013 aan te passen aan uw behoeften \u2013 zie de afbeelding in de galerij bij PRO).<\/li>\n<\/ul>\n<hr data-start=\"3057\" data-end=\"3060\" \/>\n<p data-start=\"3062\" data-end=\"3353\"><strong data-start=\"3062\" data-end=\"3353\">3+ PRO is geschikt voor de meeste IBC-tanks met een standaard S60\u00d76-klep. De installatie is zeer eenvoudig, omdat het systeem al voorgemonteerd is en geen speciale kennis vereist. Alle materialen zijn duurzaam, UV-bestendig en geschikt voor langdurig buitengebruik. Bij een andere klepdraad wordt het systeem op maat aangepast.<\/strong><\/p>","protected":false},"featured_media":12583,"template":"","meta":[],"product_brand":[],"product_cat":[191,189],"product_tag":[349,339],"class_list":{"0":"post-7148","1":"product","2":"type-product","3":"status-publish","4":"has-post-thumbnail","6":"product_cat-sistemi-3","7":"product_cat-sistemi-za-povezavo","8":"product_tag-3-pro-vodoravno-povezite-3-ali-vec-ibc-cistern","9":"product_tag-povezava-vec-ibc-cistern-v-vodoravni-postavitvi","11":"first","12":"instock","13":"shipping-taxable","14":"purchasable","15":"product-type-variable"},"yoast_head":"<!-- This site is optimized with the Yoast SEO plugin v27.1.1 - https:\/\/yoast.com\/product\/yoast-seo-wordpress\/ -->\n<title>3+ PRO (vodoravno pove\u017eite 3 ali ve\u010d IBC cistern) | IBCparts.eu<\/title>\n<meta name=\"description\" content=\"3+ PRO je sistem za povezavo treh IBC cistern (ali ve\u010d) z izhodom na sredinski cisterni. \u017de sestavljen, z mo\u017enostjo raz\u0161iritve z Multi-link in SkyTap.\" \/>\n<meta name=\"robots\" content=\"index, follow, max-snippet:-1, max-image-preview:large, max-video-preview:-1\" \/>\n<link rel=\"canonical\" href=\"https:\/\/ibcparts.eu\/nl\/product\/sistem-trio-pro\/\" \/>\n<meta property=\"og:locale\" content=\"nl_NL\" \/>\n<meta property=\"og:type\" content=\"article\" \/>\n<meta property=\"og:title\" content=\"3+ PRO (vodoravno pove\u017eite 3 ali ve\u010d IBC cistern) | IBCparts.eu\" \/>\n<meta property=\"og:description\" content=\"3+ PRO je sistem za povezavo treh IBC cistern (ali ve\u010d) z izhodom na sredinski cisterni. \u017de sestavljen, z mo\u017enostjo raz\u0161iritve z Multi-link in SkyTap.\" \/>\n<meta property=\"og:url\" content=\"https:\/\/ibcparts.eu\/nl\/product\/sistem-trio-pro\/\" \/>\n<meta property=\"og:site_name\" content=\"IBCparts.eu\" \/>\n<meta property=\"article:modified_time\" content=\"2026-01-14T08:34:57+00:00\" \/>\n<meta property=\"og:image\" content=\"https:\/\/ibcparts.eu\/wp-content\/uploads\/2022\/01\/TRIO-PRO.jpg\" \/>\n\t<meta property=\"og:image:width\" content=\"1181\" \/>\n\t<meta property=\"og:image:height\" content=\"1181\" \/>\n\t<meta property=\"og:image:type\" content=\"image\/jpeg\" \/>\n<meta name=\"twitter:card\" content=\"summary_large_image\" \/>\n<meta name=\"twitter:label1\" content=\"Geschatte leestijd\" \/>\n\t<meta name=\"twitter:data1\" content=\"2 minuten\" \/>\n<script type=\"application\/ld+json\" class=\"yoast-schema-graph\">{\"@context\":\"https:\/\/schema.org\",\"@graph\":[{\"@type\":\"WebPage\",\"@id\":\"https:\/\/ibcparts.eu\/izdelek\/sistem-trio-pro\/\",\"url\":\"https:\/\/ibcparts.eu\/izdelek\/sistem-trio-pro\/\",\"name\":\"3+ PRO (vodoravno pove\u017eite 3 ali ve\u010d IBC cistern) | IBCparts.eu\",\"isPartOf\":{\"@id\":\"https:\/\/ibcparts.eu\/#website\"},\"primaryImageOfPage\":{\"@id\":\"https:\/\/ibcparts.eu\/izdelek\/sistem-trio-pro\/#primaryimage\"},\"image\":{\"@id\":\"https:\/\/ibcparts.eu\/izdelek\/sistem-trio-pro\/#primaryimage\"},\"thumbnailUrl\":\"https:\/\/ibcparts.eu\/wp-content\/uploads\/2022\/01\/TRIO-PRO.jpg\",\"datePublished\":\"2021-11-04T10:08:36+00:00\",\"dateModified\":\"2026-01-14T08:34:57+00:00\",\"description\":\"3+ PRO je sistem za povezavo treh IBC cistern (ali ve\u010d) z izhodom na sredinski cisterni. \u017de sestavljen, z mo\u017enostjo raz\u0161iritve z Multi-link in SkyTap.\",\"breadcrumb\":{\"@id\":\"https:\/\/ibcparts.eu\/izdelek\/sistem-trio-pro\/#breadcrumb\"},\"inLanguage\":\"nl-NL\",\"potentialAction\":[{\"@type\":\"ReadAction\",\"target\":[\"https:\/\/ibcparts.eu\/izdelek\/sistem-trio-pro\/\"]}]},{\"@type\":\"ImageObject\",\"inLanguage\":\"nl-NL\",\"@id\":\"https:\/\/ibcparts.eu\/izdelek\/sistem-trio-pro\/#primaryimage\",\"url\":\"https:\/\/ibcparts.eu\/wp-content\/uploads\/2022\/01\/TRIO-PRO.jpg\",\"contentUrl\":\"https:\/\/ibcparts.eu\/wp-content\/uploads\/2022\/01\/TRIO-PRO.jpg\",\"width\":1181,\"height\":1181,\"caption\":\"Vodoravna povezava treh ali ve\u010d IBC cistern \u2013 sistem 3+ PRO\"},{\"@type\":\"BreadcrumbList\",\"@id\":\"https:\/\/ibcparts.eu\/izdelek\/sistem-trio-pro\/#breadcrumb\",\"itemListElement\":[{\"@type\":\"ListItem\",\"position\":1,\"name\":\"Home\",\"item\":\"https:\/\/ibcparts.eu\/\"},{\"@type\":\"ListItem\",\"position\":2,\"name\":\"Nakupujte\",\"item\":\"https:\/\/ibcparts.eu\/nakupujte\/\"},{\"@type\":\"ListItem\",\"position\":3,\"name\":\"3+ PRO (vodoravno pove\u017eite 3 ali ve\u010d IBC cistern)\"}]},{\"@type\":\"WebSite\",\"@id\":\"https:\/\/ibcparts.eu\/#website\",\"url\":\"https:\/\/ibcparts.eu\/\",\"name\":\"IBCparts.eu\",\"description\":\"\",\"publisher\":{\"@id\":\"https:\/\/ibcparts.eu\/#organization\"},\"potentialAction\":[{\"@type\":\"SearchAction\",\"target\":{\"@type\":\"EntryPoint\",\"urlTemplate\":\"https:\/\/ibcparts.eu\/?s={search_term_string}\"},\"query-input\":{\"@type\":\"PropertyValueSpecification\",\"valueRequired\":true,\"valueName\":\"search_term_string\"}}],\"inLanguage\":\"nl-NL\"},{\"@type\":\"Organization\",\"@id\":\"https:\/\/ibcparts.eu\/#organization\",\"name\":\"IBCparts\",\"url\":\"https:\/\/ibcparts.eu\/\",\"logo\":{\"@type\":\"ImageObject\",\"inLanguage\":\"nl-NL\",\"@id\":\"https:\/\/ibcparts.eu\/#\/schema\/logo\/image\/\",\"url\":\"https:\/\/ibcparts.eu\/wp-content\/uploads\/2021\/10\/Footer-Logo.png\",\"contentUrl\":\"https:\/\/ibcparts.eu\/wp-content\/uploads\/2021\/10\/Footer-Logo.png\",\"width\":1992,\"height\":772,\"caption\":\"IBCparts\"},\"image\":{\"@id\":\"https:\/\/ibcparts.eu\/#\/schema\/logo\/image\/\"}}]}<\/script>\n<!-- \/ Yoast SEO plugin. -->","yoast_head_json":{"title":"3+ PRO (vodoravno pove\u017eite 3 ali ve\u010d IBC cistern) | IBCparts.eu","description":"3+ PRO je sistem za povezavo treh IBC cistern (ali ve\u010d) z izhodom na sredinski cisterni. \u017de sestavljen, z mo\u017enostjo raz\u0161iritve z Multi-link in SkyTap.","robots":{"index":"index","follow":"follow","max-snippet":"max-snippet:-1","max-image-preview":"max-image-preview:large","max-video-preview":"max-video-preview:-1"},"canonical":"https:\/\/ibcparts.eu\/nl\/product\/sistem-trio-pro\/","og_locale":"nl_NL","og_type":"article","og_title":"3+ PRO (vodoravno pove\u017eite 3 ali ve\u010d IBC cistern) | IBCparts.eu","og_description":"3+ PRO je sistem za povezavo treh IBC cistern (ali ve\u010d) z izhodom na sredinski cisterni. \u017de sestavljen, z mo\u017enostjo raz\u0161iritve z Multi-link in SkyTap.","og_url":"https:\/\/ibcparts.eu\/nl\/product\/sistem-trio-pro\/","og_site_name":"IBCparts.eu","article_modified_time":"2026-01-14T08:34:57+00:00","og_image":[{"width":1181,"height":1181,"url":"https:\/\/ibcparts.eu\/wp-content\/uploads\/2022\/01\/TRIO-PRO.jpg","type":"image\/jpeg"}],"twitter_card":"summary_large_image","twitter_misc":{"Geschatte leestijd":"2 minuten"},"schema":{"@context":"https:\/\/schema.org","@graph":[{"@type":"WebPage","@id":"https:\/\/ibcparts.eu\/izdelek\/sistem-trio-pro\/","url":"https:\/\/ibcparts.eu\/izdelek\/sistem-trio-pro\/","name":"3+ PRO (vodoravno pove\u017eite 3 ali ve\u010d IBC cistern) | IBCparts.eu","isPartOf":{"@id":"https:\/\/ibcparts.eu\/#website"},"primaryImageOfPage":{"@id":"https:\/\/ibcparts.eu\/izdelek\/sistem-trio-pro\/#primaryimage"},"image":{"@id":"https:\/\/ibcparts.eu\/izdelek\/sistem-trio-pro\/#primaryimage"},"thumbnailUrl":"https:\/\/ibcparts.eu\/wp-content\/uploads\/2022\/01\/TRIO-PRO.jpg","datePublished":"2021-11-04T10:08:36+00:00","dateModified":"2026-01-14T08:34:57+00:00","description":"3+ PRO je sistem za povezavo treh IBC cistern (ali ve\u010d) z izhodom na sredinski cisterni. \u017de sestavljen, z mo\u017enostjo raz\u0161iritve z Multi-link in SkyTap.","breadcrumb":{"@id":"https:\/\/ibcparts.eu\/izdelek\/sistem-trio-pro\/#breadcrumb"},"inLanguage":"nl-NL","potentialAction":[{"@type":"ReadAction","target":["https:\/\/ibcparts.eu\/izdelek\/sistem-trio-pro\/"]}]},{"@type":"ImageObject","inLanguage":"nl-NL","@id":"https:\/\/ibcparts.eu\/izdelek\/sistem-trio-pro\/#primaryimage","url":"https:\/\/ibcparts.eu\/wp-content\/uploads\/2022\/01\/TRIO-PRO.jpg","contentUrl":"https:\/\/ibcparts.eu\/wp-content\/uploads\/2022\/01\/TRIO-PRO.jpg","width":1181,"height":1181,"caption":"Vodoravna povezava treh ali ve\u010d IBC cistern \u2013 sistem 3+ PRO"},{"@type":"BreadcrumbList","@id":"https:\/\/ibcparts.eu\/izdelek\/sistem-trio-pro\/#breadcrumb","itemListElement":[{"@type":"ListItem","position":1,"name":"Home","item":"https:\/\/ibcparts.eu\/"},{"@type":"ListItem","position":2,"name":"Nakupujte","item":"https:\/\/ibcparts.eu\/nakupujte\/"},{"@type":"ListItem","position":3,"name":"3+ PRO (vodoravno pove\u017eite 3 ali ve\u010d IBC cistern)"}]},{"@type":"WebSite","@id":"https:\/\/ibcparts.eu\/#website","url":"https:\/\/ibcparts.eu\/","name":"IBCparts.eu","description":"","publisher":{"@id":"https:\/\/ibcparts.eu\/#organization"},"potentialAction":[{"@type":"SearchAction","target":{"@type":"EntryPoint","urlTemplate":"https:\/\/ibcparts.eu\/?s={search_term_string}"},"query-input":{"@type":"PropertyValueSpecification","valueRequired":true,"valueName":"search_term_string"}}],"inLanguage":"nl-NL"},{"@type":"Organization","@id":"https:\/\/ibcparts.eu\/#organization","name":"IBCparts","url":"https:\/\/ibcparts.eu\/","logo":{"@type":"ImageObject","inLanguage":"nl-NL","@id":"https:\/\/ibcparts.eu\/#\/schema\/logo\/image\/","url":"https:\/\/ibcparts.eu\/wp-content\/uploads\/2021\/10\/Footer-Logo.png","contentUrl":"https:\/\/ibcparts.eu\/wp-content\/uploads\/2021\/10\/Footer-Logo.png","width":1992,"height":772,"caption":"IBCparts"},"image":{"@id":"https:\/\/ibcparts.eu\/#\/schema\/logo\/image\/"}}]}},"_links":{"self":[{"href":"https:\/\/ibcparts.eu\/nl\/wp-json\/wp\/v2\/product\/7148","targetHints":{"allow":["GET"]}}],"collection":[{"href":"https:\/\/ibcparts.eu\/nl\/wp-json\/wp\/v2\/product"}],"about":[{"href":"https:\/\/ibcparts.eu\/nl\/wp-json\/wp\/v2\/types\/product"}],"version-history":[{"count":3,"href":"https:\/\/ibcparts.eu\/nl\/wp-json\/wp\/v2\/product\/7148\/revisions"}],"predecessor-version":[{"id":20271,"href":"https:\/\/ibcparts.eu\/nl\/wp-json\/wp\/v2\/product\/7148\/revisions\/20271"}],"wp:featuredmedia":[{"embeddable":true,"href":"https:\/\/ibcparts.eu\/nl\/wp-json\/wp\/v2\/media\/12583"}],"wp:attachment":[{"href":"https:\/\/ibcparts.eu\/nl\/wp-json\/wp\/v2\/media?parent=7148"}],"wp:term":[{"taxonomy":"product_brand","embeddable":true,"href":"https:\/\/ibcparts.eu\/nl\/wp-json\/wp\/v2\/product_brand?post=7148"},{"taxonomy":"product_cat","embeddable":true,"href":"https:\/\/ibcparts.eu\/nl\/wp-json\/wp\/v2\/product_cat?post=7148"},{"taxonomy":"product_tag","embeddable":true,"href":"https:\/\/ibcparts.eu\/nl\/wp-json\/wp\/v2\/product_tag?post=7148"}],"curies":[{"name":"wp","href":"https:\/\/api.w.org\/{rel}","templated":true}]}}