{"id":6936,"date":"2021-11-04T05:15:07","date_gmt":"2021-11-04T04:15:07","guid":{"rendered":"https:\/\/ibcparts.eu\/?post_type=product&#038;p=6936"},"modified":"2026-01-20T11:34:07","modified_gmt":"2026-01-20T10:34:07","slug":"quickflow-pipa","status":"publish","type":"product","link":"https:\/\/ibcparts.eu\/nl\/product\/quickflow-kraan\/","title":{"rendered":"QuickFlow pipa 1&#8221;"},"content":{"rendered":"","protected":false},"excerpt":{"rendered":"<h2 data-start=\"183\" data-end=\"269\"><strong data-start=\"186\" data-end=\"269\">Kakovostna kovinska pipa QuickFlow 1\u2033 \u2013 izjemno mo\u010dna pipa za hiter pretok vode<\/strong><\/h2>\n<h3 data-start=\"271\" data-end=\"288\"><strong data-start=\"271\" data-end=\"288\">Opis izdelka:<\/strong><\/h3>\n<p data-start=\"290\" data-end=\"635\">QuickFlow 1\u2033 je zelo zmogljiva kovinska pipa z velikim notranjim premerom, namenjena hitremu pretoku vode pri polnjenju posod, sodov in zalivalk. Zaradi robustne konstrukcije in preverjenih kovinskih zlitin je izdelana v skladu z evropskimi standardi ter zagotavlja visoko mehansko trdnost in dolgo \u017eivljenjsko dobo tudi pri ve\u010djih obremenitvah.<\/p>\n<p data-start=\"637\" data-end=\"933\">Pipa je zasnovana kot namenski izliv za hiter pretok in <strong data-start=\"693\" data-end=\"736\">ni zdru\u017eljiva s priklju\u010dki za vrtno cev<\/strong>, kar omogo\u010da optimalen presek brez omejitev pretoka. Idealna je za uporabnike, ki potrebujejo zanesljivo in zelo mo\u010dno pipo za neposredno polnjenje posod, kjer je hitrost pretoka klju\u010dnega pomena.<\/p>\n<p data-start=\"935\" data-end=\"1059\">V primerjavi s standardnimi pipami QuickFlow 1\u2033 omogo\u010da bistveno ve\u010dji pretok vode ter stabilno delovanje brez du\u0161enja toka.<\/p>\n<hr data-start=\"1061\" data-end=\"1064\" \/>\n<h3 data-start=\"1066\" data-end=\"1119\"><strong data-start=\"1070\" data-end=\"1119\">Tehni\u010dne lastnosti kovinske pipe QuickFlow 1\u2033<\/strong><\/h3>\n<ul>\n<li data-start=\"1122\" data-end=\"1135\">Schroefdraad: <strong data-start=\"1129\" data-end=\"1135\">1\u2033<\/strong><\/li>\n<li data-start=\"1138\" data-end=\"1184\">Notranji premer: <strong data-start=\"1155\" data-end=\"1184\">15 mm (zelo hiter pretok)<\/strong><\/li>\n<li data-start=\"1187\" data-end=\"1233\">Uporaba: <strong data-start=\"1196\" data-end=\"1233\">hitro polnjenje posod in zalivalk<\/strong><\/li>\n<li><strong data-start=\"475\" data-end=\"495\">Navoj na izlivu:<\/strong> kovinski oblikovalec curka je odstranljiv; pod njim se nahaja\u00a0<strong data-start=\"558\" data-end=\"581\">navoj 5\/4\u2033<\/strong><\/li>\n<li data-start=\"1236\" data-end=\"1287\">Zdru\u017eljivost: <strong data-start=\"1250\" data-end=\"1287\">niet geschikt voor het aansluiten van een tuinslang<\/strong><\/li>\n<li data-start=\"1290\" data-end=\"1334\">Materiaal <strong data-start=\"1300\" data-end=\"1334\">certificirana kovinska zlitina<\/strong><\/li>\n<li data-start=\"1337\" data-end=\"1406\">Prednosti: <strong data-start=\"1348\" data-end=\"1406\">izjemna mo\u010d, zelo velik pretok, dolga \u017eivljenjska doba<\/strong><\/li>\n<\/ul>\n<p data-start=\"1408\" data-end=\"1563\">QuickFlow 1\u2033 je prava izbira za uporabnike, ki i\u0161\u010dejo <strong data-start=\"1462\" data-end=\"1514\">zelo mo\u010dno kovinsko pipo 1\u2033 za hiter pretok vode<\/strong>, brez kompromisov pri trdnosti in zanesljivosti.<\/p>","protected":false},"featured_media":6938,"template":"","meta":[],"product_brand":[],"product_cat":[184],"product_tag":[],"class_list":{"0":"post-6936","1":"product","2":"type-product","3":"status-publish","4":"has-post-thumbnail","6":"product_cat-pipe-ventili-in-medeninasti-prikljucki","8":"first","9":"instock","10":"shipping-taxable","11":"purchasable","12":"product-type-simple"},"yoast_head":"<!-- This site is optimized with the Yoast SEO plugin v27.1.1 - https:\/\/yoast.com\/product\/yoast-seo-wordpress\/ -->\n<title>QuickFlow pipa 1&#039;&#039; | IBCparts.eu<\/title>\n<meta name=\"description\" content=\"QuickFlow pipa 1&quot; omogo\u010da hiter pretok vode v posode za zalivanje. Zelo mo\u010dna. Ni zdru\u017eljiva s priklju\u010dki za vrtno cev. Notranji premer: 15 mm.\" \/>\n<meta name=\"robots\" content=\"index, follow, max-snippet:-1, max-image-preview:large, max-video-preview:-1\" \/>\n<link rel=\"canonical\" href=\"https:\/\/ibcparts.eu\/nl\/product\/quickflow-kraan\/\" \/>\n<meta property=\"og:locale\" content=\"nl_NL\" \/>\n<meta property=\"og:type\" content=\"article\" \/>\n<meta property=\"og:title\" content=\"QuickFlow pipa 1&#039;&#039; | IBCparts.eu\" \/>\n<meta property=\"og:description\" content=\"QuickFlow pipa 1&quot; omogo\u010da hiter pretok vode v posode za zalivanje. Zelo mo\u010dna. Ni zdru\u017eljiva s priklju\u010dki za vrtno cev. Notranji premer: 15 mm.\" \/>\n<meta property=\"og:url\" content=\"https:\/\/ibcparts.eu\/nl\/product\/quickflow-kraan\/\" \/>\n<meta property=\"og:site_name\" content=\"IBCparts.eu\" \/>\n<meta property=\"article:modified_time\" content=\"2026-01-20T10:34:07+00:00\" \/>\n<meta property=\"og:image\" content=\"https:\/\/ibcparts.eu\/wp-content\/uploads\/2021\/11\/pipa-pro-1cola.jpg\" \/>\n\t<meta property=\"og:image:width\" content=\"590\" \/>\n\t<meta property=\"og:image:height\" content=\"590\" \/>\n\t<meta property=\"og:image:type\" content=\"image\/jpeg\" \/>\n<meta name=\"twitter:card\" content=\"summary_large_image\" \/>\n<script type=\"application\/ld+json\" class=\"yoast-schema-graph\">{\"@context\":\"https:\/\/schema.org\",\"@graph\":[{\"@type\":\"WebPage\",\"@id\":\"https:\/\/ibcparts.eu\/izdelek\/quickflow-pipa\/\",\"url\":\"https:\/\/ibcparts.eu\/izdelek\/quickflow-pipa\/\",\"name\":\"QuickFlow pipa 1'' | IBCparts.eu\",\"isPartOf\":{\"@id\":\"https:\/\/ibcparts.eu\/#website\"},\"primaryImageOfPage\":{\"@id\":\"https:\/\/ibcparts.eu\/izdelek\/quickflow-pipa\/#primaryimage\"},\"image\":{\"@id\":\"https:\/\/ibcparts.eu\/izdelek\/quickflow-pipa\/#primaryimage\"},\"thumbnailUrl\":\"https:\/\/ibcparts.eu\/wp-content\/uploads\/2021\/11\/pipa-pro-1cola.jpg\",\"datePublished\":\"2021-11-04T04:15:07+00:00\",\"dateModified\":\"2026-01-20T10:34:07+00:00\",\"description\":\"QuickFlow pipa 1\\\" omogo\u010da hiter pretok vode v posode za zalivanje. Zelo mo\u010dna. Ni zdru\u017eljiva s priklju\u010dki za vrtno cev. Notranji premer: 15 mm.\",\"breadcrumb\":{\"@id\":\"https:\/\/ibcparts.eu\/izdelek\/quickflow-pipa\/#breadcrumb\"},\"inLanguage\":\"nl-NL\",\"potentialAction\":[{\"@type\":\"ReadAction\",\"target\":[\"https:\/\/ibcparts.eu\/izdelek\/quickflow-pipa\/\"]}]},{\"@type\":\"ImageObject\",\"inLanguage\":\"nl-NL\",\"@id\":\"https:\/\/ibcparts.eu\/izdelek\/quickflow-pipa\/#primaryimage\",\"url\":\"https:\/\/ibcparts.eu\/wp-content\/uploads\/2021\/11\/pipa-pro-1cola.jpg\",\"contentUrl\":\"https:\/\/ibcparts.eu\/wp-content\/uploads\/2021\/11\/pipa-pro-1cola.jpg\",\"width\":590,\"height\":590,\"caption\":\"pipa-pro-1cola\"},{\"@type\":\"BreadcrumbList\",\"@id\":\"https:\/\/ibcparts.eu\/izdelek\/quickflow-pipa\/#breadcrumb\",\"itemListElement\":[{\"@type\":\"ListItem\",\"position\":1,\"name\":\"Home\",\"item\":\"https:\/\/ibcparts.eu\/\"},{\"@type\":\"ListItem\",\"position\":2,\"name\":\"Nakupujte\",\"item\":\"https:\/\/ibcparts.eu\/nakupujte\/\"},{\"@type\":\"ListItem\",\"position\":3,\"name\":\"QuickFlow pipa 1&#8221;\"}]},{\"@type\":\"WebSite\",\"@id\":\"https:\/\/ibcparts.eu\/#website\",\"url\":\"https:\/\/ibcparts.eu\/\",\"name\":\"IBCparts.eu\",\"description\":\"\",\"publisher\":{\"@id\":\"https:\/\/ibcparts.eu\/#organization\"},\"potentialAction\":[{\"@type\":\"SearchAction\",\"target\":{\"@type\":\"EntryPoint\",\"urlTemplate\":\"https:\/\/ibcparts.eu\/?s={search_term_string}\"},\"query-input\":{\"@type\":\"PropertyValueSpecification\",\"valueRequired\":true,\"valueName\":\"search_term_string\"}}],\"inLanguage\":\"nl-NL\"},{\"@type\":\"Organization\",\"@id\":\"https:\/\/ibcparts.eu\/#organization\",\"name\":\"IBCparts\",\"url\":\"https:\/\/ibcparts.eu\/\",\"logo\":{\"@type\":\"ImageObject\",\"inLanguage\":\"nl-NL\",\"@id\":\"https:\/\/ibcparts.eu\/#\/schema\/logo\/image\/\",\"url\":\"https:\/\/ibcparts.eu\/wp-content\/uploads\/2021\/10\/Footer-Logo.png\",\"contentUrl\":\"https:\/\/ibcparts.eu\/wp-content\/uploads\/2021\/10\/Footer-Logo.png\",\"width\":1992,\"height\":772,\"caption\":\"IBCparts\"},\"image\":{\"@id\":\"https:\/\/ibcparts.eu\/#\/schema\/logo\/image\/\"}}]}<\/script>\n<!-- \/ Yoast SEO plugin. -->","yoast_head_json":{"title":"QuickFlow pipa 1'' | IBCparts.eu","description":"QuickFlow pipa 1\" omogo\u010da hiter pretok vode v posode za zalivanje. Zelo mo\u010dna. Ni zdru\u017eljiva s priklju\u010dki za vrtno cev. Notranji premer: 15 mm.","robots":{"index":"index","follow":"follow","max-snippet":"max-snippet:-1","max-image-preview":"max-image-preview:large","max-video-preview":"max-video-preview:-1"},"canonical":"https:\/\/ibcparts.eu\/nl\/product\/quickflow-kraan\/","og_locale":"nl_NL","og_type":"article","og_title":"QuickFlow pipa 1'' | IBCparts.eu","og_description":"QuickFlow pipa 1\" omogo\u010da hiter pretok vode v posode za zalivanje. Zelo mo\u010dna. Ni zdru\u017eljiva s priklju\u010dki za vrtno cev. Notranji premer: 15 mm.","og_url":"https:\/\/ibcparts.eu\/nl\/product\/quickflow-kraan\/","og_site_name":"IBCparts.eu","article_modified_time":"2026-01-20T10:34:07+00:00","og_image":[{"width":590,"height":590,"url":"https:\/\/ibcparts.eu\/wp-content\/uploads\/2021\/11\/pipa-pro-1cola.jpg","type":"image\/jpeg"}],"twitter_card":"summary_large_image","schema":{"@context":"https:\/\/schema.org","@graph":[{"@type":"WebPage","@id":"https:\/\/ibcparts.eu\/izdelek\/quickflow-pipa\/","url":"https:\/\/ibcparts.eu\/izdelek\/quickflow-pipa\/","name":"QuickFlow pipa 1'' | IBCparts.eu","isPartOf":{"@id":"https:\/\/ibcparts.eu\/#website"},"primaryImageOfPage":{"@id":"https:\/\/ibcparts.eu\/izdelek\/quickflow-pipa\/#primaryimage"},"image":{"@id":"https:\/\/ibcparts.eu\/izdelek\/quickflow-pipa\/#primaryimage"},"thumbnailUrl":"https:\/\/ibcparts.eu\/wp-content\/uploads\/2021\/11\/pipa-pro-1cola.jpg","datePublished":"2021-11-04T04:15:07+00:00","dateModified":"2026-01-20T10:34:07+00:00","description":"QuickFlow pipa 1\" omogo\u010da hiter pretok vode v posode za zalivanje. Zelo mo\u010dna. Ni zdru\u017eljiva s priklju\u010dki za vrtno cev. Notranji premer: 15 mm.","breadcrumb":{"@id":"https:\/\/ibcparts.eu\/izdelek\/quickflow-pipa\/#breadcrumb"},"inLanguage":"nl-NL","potentialAction":[{"@type":"ReadAction","target":["https:\/\/ibcparts.eu\/izdelek\/quickflow-pipa\/"]}]},{"@type":"ImageObject","inLanguage":"nl-NL","@id":"https:\/\/ibcparts.eu\/izdelek\/quickflow-pipa\/#primaryimage","url":"https:\/\/ibcparts.eu\/wp-content\/uploads\/2021\/11\/pipa-pro-1cola.jpg","contentUrl":"https:\/\/ibcparts.eu\/wp-content\/uploads\/2021\/11\/pipa-pro-1cola.jpg","width":590,"height":590,"caption":"pipa-pro-1cola"},{"@type":"BreadcrumbList","@id":"https:\/\/ibcparts.eu\/izdelek\/quickflow-pipa\/#breadcrumb","itemListElement":[{"@type":"ListItem","position":1,"name":"Home","item":"https:\/\/ibcparts.eu\/"},{"@type":"ListItem","position":2,"name":"Nakupujte","item":"https:\/\/ibcparts.eu\/nakupujte\/"},{"@type":"ListItem","position":3,"name":"QuickFlow pipa 1&#8221;"}]},{"@type":"WebSite","@id":"https:\/\/ibcparts.eu\/#website","url":"https:\/\/ibcparts.eu\/","name":"IBCparts.eu","description":"","publisher":{"@id":"https:\/\/ibcparts.eu\/#organization"},"potentialAction":[{"@type":"SearchAction","target":{"@type":"EntryPoint","urlTemplate":"https:\/\/ibcparts.eu\/?s={search_term_string}"},"query-input":{"@type":"PropertyValueSpecification","valueRequired":true,"valueName":"search_term_string"}}],"inLanguage":"nl-NL"},{"@type":"Organization","@id":"https:\/\/ibcparts.eu\/#organization","name":"IBCparts","url":"https:\/\/ibcparts.eu\/","logo":{"@type":"ImageObject","inLanguage":"nl-NL","@id":"https:\/\/ibcparts.eu\/#\/schema\/logo\/image\/","url":"https:\/\/ibcparts.eu\/wp-content\/uploads\/2021\/10\/Footer-Logo.png","contentUrl":"https:\/\/ibcparts.eu\/wp-content\/uploads\/2021\/10\/Footer-Logo.png","width":1992,"height":772,"caption":"IBCparts"},"image":{"@id":"https:\/\/ibcparts.eu\/#\/schema\/logo\/image\/"}}]}},"_links":{"self":[{"href":"https:\/\/ibcparts.eu\/nl\/wp-json\/wp\/v2\/product\/6936","targetHints":{"allow":["GET"]}}],"collection":[{"href":"https:\/\/ibcparts.eu\/nl\/wp-json\/wp\/v2\/product"}],"about":[{"href":"https:\/\/ibcparts.eu\/nl\/wp-json\/wp\/v2\/types\/product"}],"version-history":[{"count":1,"href":"https:\/\/ibcparts.eu\/nl\/wp-json\/wp\/v2\/product\/6936\/revisions"}],"predecessor-version":[{"id":20387,"href":"https:\/\/ibcparts.eu\/nl\/wp-json\/wp\/v2\/product\/6936\/revisions\/20387"}],"wp:featuredmedia":[{"embeddable":true,"href":"https:\/\/ibcparts.eu\/nl\/wp-json\/wp\/v2\/media\/6938"}],"wp:attachment":[{"href":"https:\/\/ibcparts.eu\/nl\/wp-json\/wp\/v2\/media?parent=6936"}],"wp:term":[{"taxonomy":"product_brand","embeddable":true,"href":"https:\/\/ibcparts.eu\/nl\/wp-json\/wp\/v2\/product_brand?post=6936"},{"taxonomy":"product_cat","embeddable":true,"href":"https:\/\/ibcparts.eu\/nl\/wp-json\/wp\/v2\/product_cat?post=6936"},{"taxonomy":"product_tag","embeddable":true,"href":"https:\/\/ibcparts.eu\/nl\/wp-json\/wp\/v2\/product_tag?post=6936"}],"curies":[{"name":"wp","href":"https:\/\/api.w.org\/{rel}","templated":true}]}}