{"id":6324,"date":"2021-10-16T18:30:25","date_gmt":"2021-10-16T17:30:25","guid":{"rendered":"https:\/\/ibcparts.eu\/?post_type=product&#038;p=6324"},"modified":"2026-03-12T15:35:27","modified_gmt":"2026-03-12T14:35:27","slug":"reducir-za-ibc-cisterne-iz-s100-na-s60","status":"publish","type":"product","link":"https:\/\/ibcparts.eu\/nl\/product\/reductie-voor-ibc-tanks-van-s100-naar-s60\/","title":{"rendered":"Reducir iz S100 na S60 za IBC cisterno z EPDM tesnilom (odporen na mraz)"},"content":{"rendered":"<p>&nbsp;<\/p>\n<p class=\" translation-block\"><strong>Tip:<\/strong><br>\nControleer v\u00f3\u00f3r montage of het afdichtvlak van de tankklep (waar de reducer wordt gemonteerd) glad en onbeschadigd is. Nieuwe tanks hebben een aluminium verzegeling op de klepopening \u2013 als deze slordig wordt verwijderd, kan dit leiden tot een slechtere afdichting. Verwijder of schuur eventuele onregelmatigheden op de klep met schuurpapier v\u00f3\u00f3r de eerste montage van de reducer.<\/p>","protected":false},"excerpt":{"rendered":"<h2 data-start=\"156\" data-end=\"208\">Reduceer van S100x8 naar S60x6 voor IBC-container<\/h2>\n<p data-start=\"210\" data-end=\"670\">Reducir iz S100 na S60 je namenjen pretvorbi <strong data-start=\"267\" data-end=\"299\">redkej\u0161ega IBC navoja S100x8<\/strong> v <strong data-start=\"302\" data-end=\"341\">najpogosteje uporabljen navoj S60x6<\/strong>. Uporablja se kot <strong data-start=\"360\" data-end=\"406\">adapter oziroma priklju\u010dek za IBC cisterno<\/strong>, s katerim omogo\u010dite uporabo \u0161irokega nabora S60 priklju\u010dkov, pip in dodatnih nastavkov. Izdelan je iz materiala PP in ima PVC ali EPDM tesnilo na notranji strani, ki zagotavlja <strong data-start=\"576\" data-end=\"642\">zanesljivo tesnjenje tudi pri manj\u0161ih nepravilnostih na navoju<\/strong> ter dolgo \u017eivljenjsko dobo.<\/p>\n<p data-start=\"210\" data-end=\"670\">\u2705 Za ta adapter smo razvili <strong data-start=\"176\" data-end=\"196\">novo PVC tesnilo<\/strong>, ki zagotavlja zanesljivo tesnjenje tudi v hladnej\u0161ih pogojih \u2013 testirano do <strong data-start=\"274\" data-end=\"283\">-5 \u00b0C<\/strong>.<\/p>\n<p data-start=\"672\" data-end=\"697\"><strong data-start=\"672\" data-end=\"695\">Technische specificaties<\/strong><\/p>\n<ul>\n<li data-start=\"700\" data-end=\"761\">Producttype: verloopadapter (adapter \/ aansluiting voor IBC-container)<\/li>\n<li class=\" translation-block\"><strong>Type schroefdraad:<\/strong> Inwendige (vrouwelijke) S100x8 schroefdraad aan \u00e9\u00e9n zijde, uitwendige (mannelijke) S60x6 aan de andere zijde (grove schroefdraad).<\/li>\n<li><strong>Materiaal<\/strong> zelo mo\u010dna plastika (PP)<\/li>\n<li>Zeer hoogwaardige afwerking.<\/li>\n<li><strong>Kleur<\/strong> \u010drna<\/li>\n<li><strong>Afdichting:<\/strong> \u010disti PVC; na voljo tudi 100% EPDM guma<\/li>\n<li>Uitstekende afdichting en hoge duurzaamheid!<\/li>\n<li class=\" translation-block\">Op deze adapter\/reduceer passen <a href=\"https:\/\/ibcparts.eu\/product-category\/reducirji-in-prikljucki-za-ibc\/prikljucki-za-cisterno-z-navojem-s60x6\/\" target=\"_self\"><strong>S60-aansluitingen<\/strong><\/a>, waarop u elke kraan of extra accessoire kunt bevestigen.<\/li>\n<\/ul>\n<p>&nbsp;<\/p>\n<p>\u2705 Za uporabo v proizvodnih procesih, kjer se pretakajo <strong data-start=\"443\" data-end=\"496\">smole ali drugi mediji pri povi\u0161anih temperaturah<\/strong>, so pri nas na voljo tudi <strong data-start=\"515\" data-end=\"568\">silikonska ter druga temperaturno odporna tesnila<\/strong> za ta adapter.<\/p>\n<p class=\" translation-block\"><em>Als u meerdere verschillende artikelen met deze tabel of verschillende productvariaties selecteert, wordt de totale hoeveelheid meegerekend.<\/em><em> Bijvoorbeeld: 5 stuks van het ene artikel + 6 stuks van een ander artikel = volumekorting voor 11 stuks.<\/em><\/p>\n<p>&nbsp;<\/p>","protected":false},"featured_media":15925,"template":"","meta":[],"product_brand":[],"product_cat":[170,303],"product_tag":[504],"class_list":{"0":"post-6324","1":"product","2":"type-product","3":"status-publish","4":"has-post-thumbnail","6":"product_cat-reducirji-in-prikljucki-za-ibc","7":"product_cat-s100x8","8":"product_tag-s100xs60","10":"first","11":"instock","12":"featured","13":"shipping-taxable","14":"purchasable","15":"product-type-variable"},"yoast_head":"<!-- This site is optimized with the Yoast SEO plugin v27.1.1 - https:\/\/yoast.com\/product\/yoast-seo-wordpress\/ -->\n<title>Reducir iz S100 na S60 za IBC cisterno z EPDM tesnilom (odporen na mraz)<\/title>\n<meta name=\"description\" content=\"Reducir iz S100x8 na S60x6 za IBC cisterno. PP izvedba z EPDM tesnilom omogo\u010da uporabo standardnih S60 priklju\u010dkov in zagotavlja zanesljivo tesnjenje.\" \/>\n<meta name=\"robots\" content=\"index, follow, max-snippet:-1, max-image-preview:large, max-video-preview:-1\" \/>\n<link rel=\"canonical\" href=\"https:\/\/ibcparts.eu\/nl\/product\/reductie-voor-ibc-tanks-van-s100-naar-s60\/\" \/>\n<meta property=\"og:locale\" content=\"nl_NL\" \/>\n<meta property=\"og:type\" content=\"article\" \/>\n<meta property=\"og:title\" content=\"Reducir iz S100 na S60 za IBC cisterno z EPDM tesnilom (odporen na mraz)\" \/>\n<meta property=\"og:description\" content=\"Reducir iz S100x8 na S60x6 za IBC cisterno. PP izvedba z EPDM tesnilom omogo\u010da uporabo standardnih S60 priklju\u010dkov in zagotavlja zanesljivo tesnjenje.\" \/>\n<meta property=\"og:url\" content=\"https:\/\/ibcparts.eu\/nl\/product\/reductie-voor-ibc-tanks-van-s100-naar-s60\/\" \/>\n<meta property=\"og:site_name\" content=\"IBCparts.eu\" \/>\n<meta property=\"article:modified_time\" content=\"2026-03-12T14:35:27+00:00\" \/>\n<meta property=\"og:image\" content=\"https:\/\/ibcparts.eu\/wp-content\/uploads\/2021\/10\/reducir-s100-na-s60_orig.jpg\" \/>\n\t<meta property=\"og:image:width\" content=\"385\" \/>\n\t<meta property=\"og:image:height\" content=\"385\" \/>\n\t<meta property=\"og:image:type\" content=\"image\/jpeg\" \/>\n<meta name=\"twitter:card\" content=\"summary_large_image\" \/>\n<script type=\"application\/ld+json\" class=\"yoast-schema-graph\">{\"@context\":\"https:\/\/schema.org\",\"@graph\":[{\"@type\":\"WebPage\",\"@id\":\"https:\/\/ibcparts.eu\/izdelek\/reducir-za-ibc-cisterne-iz-s100-na-s60\/\",\"url\":\"https:\/\/ibcparts.eu\/izdelek\/reducir-za-ibc-cisterne-iz-s100-na-s60\/\",\"name\":\"Reducir iz S100 na S60 za IBC cisterno z EPDM tesnilom (odporen na mraz)\",\"isPartOf\":{\"@id\":\"https:\/\/ibcparts.eu\/#website\"},\"primaryImageOfPage\":{\"@id\":\"https:\/\/ibcparts.eu\/izdelek\/reducir-za-ibc-cisterne-iz-s100-na-s60\/#primaryimage\"},\"image\":{\"@id\":\"https:\/\/ibcparts.eu\/izdelek\/reducir-za-ibc-cisterne-iz-s100-na-s60\/#primaryimage\"},\"thumbnailUrl\":\"https:\/\/ibcparts.eu\/wp-content\/uploads\/2021\/10\/reducir-s100-na-s60_orig.jpg\",\"datePublished\":\"2021-10-16T17:30:25+00:00\",\"dateModified\":\"2026-03-12T14:35:27+00:00\",\"description\":\"Reducir iz S100x8 na S60x6 za IBC cisterno. PP izvedba z EPDM tesnilom omogo\u010da uporabo standardnih S60 priklju\u010dkov in zagotavlja zanesljivo tesnjenje.\",\"breadcrumb\":{\"@id\":\"https:\/\/ibcparts.eu\/izdelek\/reducir-za-ibc-cisterne-iz-s100-na-s60\/#breadcrumb\"},\"inLanguage\":\"nl-NL\",\"potentialAction\":[{\"@type\":\"ReadAction\",\"target\":[\"https:\/\/ibcparts.eu\/izdelek\/reducir-za-ibc-cisterne-iz-s100-na-s60\/\"]}]},{\"@type\":\"ImageObject\",\"inLanguage\":\"nl-NL\",\"@id\":\"https:\/\/ibcparts.eu\/izdelek\/reducir-za-ibc-cisterne-iz-s100-na-s60\/#primaryimage\",\"url\":\"https:\/\/ibcparts.eu\/wp-content\/uploads\/2021\/10\/reducir-s100-na-s60_orig.jpg\",\"contentUrl\":\"https:\/\/ibcparts.eu\/wp-content\/uploads\/2021\/10\/reducir-s100-na-s60_orig.jpg\",\"width\":385,\"height\":385,\"caption\":\"Adapter S100x6 na S60x5 za IBC cisterno\"},{\"@type\":\"BreadcrumbList\",\"@id\":\"https:\/\/ibcparts.eu\/izdelek\/reducir-za-ibc-cisterne-iz-s100-na-s60\/#breadcrumb\",\"itemListElement\":[{\"@type\":\"ListItem\",\"position\":1,\"name\":\"Home\",\"item\":\"https:\/\/ibcparts.eu\/\"},{\"@type\":\"ListItem\",\"position\":2,\"name\":\"Nakupujte\",\"item\":\"https:\/\/ibcparts.eu\/nakupujte\/\"},{\"@type\":\"ListItem\",\"position\":3,\"name\":\"Reducir iz S100 na S60 za IBC cisterno z EPDM tesnilom (odporen na mraz)\"}]},{\"@type\":\"WebSite\",\"@id\":\"https:\/\/ibcparts.eu\/#website\",\"url\":\"https:\/\/ibcparts.eu\/\",\"name\":\"IBCparts.eu\",\"description\":\"\",\"publisher\":{\"@id\":\"https:\/\/ibcparts.eu\/#organization\"},\"potentialAction\":[{\"@type\":\"SearchAction\",\"target\":{\"@type\":\"EntryPoint\",\"urlTemplate\":\"https:\/\/ibcparts.eu\/?s={search_term_string}\"},\"query-input\":{\"@type\":\"PropertyValueSpecification\",\"valueRequired\":true,\"valueName\":\"search_term_string\"}}],\"inLanguage\":\"nl-NL\"},{\"@type\":\"Organization\",\"@id\":\"https:\/\/ibcparts.eu\/#organization\",\"name\":\"IBCparts\",\"url\":\"https:\/\/ibcparts.eu\/\",\"logo\":{\"@type\":\"ImageObject\",\"inLanguage\":\"nl-NL\",\"@id\":\"https:\/\/ibcparts.eu\/#\/schema\/logo\/image\/\",\"url\":\"https:\/\/ibcparts.eu\/wp-content\/uploads\/2021\/10\/Footer-Logo.png\",\"contentUrl\":\"https:\/\/ibcparts.eu\/wp-content\/uploads\/2021\/10\/Footer-Logo.png\",\"width\":1992,\"height\":772,\"caption\":\"IBCparts\"},\"image\":{\"@id\":\"https:\/\/ibcparts.eu\/#\/schema\/logo\/image\/\"}}]}<\/script>\n<!-- \/ Yoast SEO plugin. -->","yoast_head_json":{"title":"Reducir iz S100 na S60 za IBC cisterno z EPDM tesnilom (odporen na mraz)","description":"Reducir iz S100x8 na S60x6 za IBC cisterno. PP izvedba z EPDM tesnilom omogo\u010da uporabo standardnih S60 priklju\u010dkov in zagotavlja zanesljivo tesnjenje.","robots":{"index":"index","follow":"follow","max-snippet":"max-snippet:-1","max-image-preview":"max-image-preview:large","max-video-preview":"max-video-preview:-1"},"canonical":"https:\/\/ibcparts.eu\/nl\/product\/reductie-voor-ibc-tanks-van-s100-naar-s60\/","og_locale":"nl_NL","og_type":"article","og_title":"Reducir iz S100 na S60 za IBC cisterno z EPDM tesnilom (odporen na mraz)","og_description":"Reducir iz S100x8 na S60x6 za IBC cisterno. PP izvedba z EPDM tesnilom omogo\u010da uporabo standardnih S60 priklju\u010dkov in zagotavlja zanesljivo tesnjenje.","og_url":"https:\/\/ibcparts.eu\/nl\/product\/reductie-voor-ibc-tanks-van-s100-naar-s60\/","og_site_name":"IBCparts.eu","article_modified_time":"2026-03-12T14:35:27+00:00","og_image":[{"width":385,"height":385,"url":"https:\/\/ibcparts.eu\/wp-content\/uploads\/2021\/10\/reducir-s100-na-s60_orig.jpg","type":"image\/jpeg"}],"twitter_card":"summary_large_image","schema":{"@context":"https:\/\/schema.org","@graph":[{"@type":"WebPage","@id":"https:\/\/ibcparts.eu\/izdelek\/reducir-za-ibc-cisterne-iz-s100-na-s60\/","url":"https:\/\/ibcparts.eu\/izdelek\/reducir-za-ibc-cisterne-iz-s100-na-s60\/","name":"Reducir iz S100 na S60 za IBC cisterno z EPDM tesnilom (odporen na mraz)","isPartOf":{"@id":"https:\/\/ibcparts.eu\/#website"},"primaryImageOfPage":{"@id":"https:\/\/ibcparts.eu\/izdelek\/reducir-za-ibc-cisterne-iz-s100-na-s60\/#primaryimage"},"image":{"@id":"https:\/\/ibcparts.eu\/izdelek\/reducir-za-ibc-cisterne-iz-s100-na-s60\/#primaryimage"},"thumbnailUrl":"https:\/\/ibcparts.eu\/wp-content\/uploads\/2021\/10\/reducir-s100-na-s60_orig.jpg","datePublished":"2021-10-16T17:30:25+00:00","dateModified":"2026-03-12T14:35:27+00:00","description":"Reducir iz S100x8 na S60x6 za IBC cisterno. PP izvedba z EPDM tesnilom omogo\u010da uporabo standardnih S60 priklju\u010dkov in zagotavlja zanesljivo tesnjenje.","breadcrumb":{"@id":"https:\/\/ibcparts.eu\/izdelek\/reducir-za-ibc-cisterne-iz-s100-na-s60\/#breadcrumb"},"inLanguage":"nl-NL","potentialAction":[{"@type":"ReadAction","target":["https:\/\/ibcparts.eu\/izdelek\/reducir-za-ibc-cisterne-iz-s100-na-s60\/"]}]},{"@type":"ImageObject","inLanguage":"nl-NL","@id":"https:\/\/ibcparts.eu\/izdelek\/reducir-za-ibc-cisterne-iz-s100-na-s60\/#primaryimage","url":"https:\/\/ibcparts.eu\/wp-content\/uploads\/2021\/10\/reducir-s100-na-s60_orig.jpg","contentUrl":"https:\/\/ibcparts.eu\/wp-content\/uploads\/2021\/10\/reducir-s100-na-s60_orig.jpg","width":385,"height":385,"caption":"Adapter S100x6 na S60x5 za IBC cisterno"},{"@type":"BreadcrumbList","@id":"https:\/\/ibcparts.eu\/izdelek\/reducir-za-ibc-cisterne-iz-s100-na-s60\/#breadcrumb","itemListElement":[{"@type":"ListItem","position":1,"name":"Home","item":"https:\/\/ibcparts.eu\/"},{"@type":"ListItem","position":2,"name":"Nakupujte","item":"https:\/\/ibcparts.eu\/nakupujte\/"},{"@type":"ListItem","position":3,"name":"Reducir iz S100 na S60 za IBC cisterno z EPDM tesnilom (odporen na mraz)"}]},{"@type":"WebSite","@id":"https:\/\/ibcparts.eu\/#website","url":"https:\/\/ibcparts.eu\/","name":"IBCparts.eu","description":"","publisher":{"@id":"https:\/\/ibcparts.eu\/#organization"},"potentialAction":[{"@type":"SearchAction","target":{"@type":"EntryPoint","urlTemplate":"https:\/\/ibcparts.eu\/?s={search_term_string}"},"query-input":{"@type":"PropertyValueSpecification","valueRequired":true,"valueName":"search_term_string"}}],"inLanguage":"nl-NL"},{"@type":"Organization","@id":"https:\/\/ibcparts.eu\/#organization","name":"IBCparts","url":"https:\/\/ibcparts.eu\/","logo":{"@type":"ImageObject","inLanguage":"nl-NL","@id":"https:\/\/ibcparts.eu\/#\/schema\/logo\/image\/","url":"https:\/\/ibcparts.eu\/wp-content\/uploads\/2021\/10\/Footer-Logo.png","contentUrl":"https:\/\/ibcparts.eu\/wp-content\/uploads\/2021\/10\/Footer-Logo.png","width":1992,"height":772,"caption":"IBCparts"},"image":{"@id":"https:\/\/ibcparts.eu\/#\/schema\/logo\/image\/"}}]}},"_links":{"self":[{"href":"https:\/\/ibcparts.eu\/nl\/wp-json\/wp\/v2\/product\/6324","targetHints":{"allow":["GET"]}}],"collection":[{"href":"https:\/\/ibcparts.eu\/nl\/wp-json\/wp\/v2\/product"}],"about":[{"href":"https:\/\/ibcparts.eu\/nl\/wp-json\/wp\/v2\/types\/product"}],"version-history":[{"count":8,"href":"https:\/\/ibcparts.eu\/nl\/wp-json\/wp\/v2\/product\/6324\/revisions"}],"predecessor-version":[{"id":20759,"href":"https:\/\/ibcparts.eu\/nl\/wp-json\/wp\/v2\/product\/6324\/revisions\/20759"}],"wp:featuredmedia":[{"embeddable":true,"href":"https:\/\/ibcparts.eu\/nl\/wp-json\/wp\/v2\/media\/15925"}],"wp:attachment":[{"href":"https:\/\/ibcparts.eu\/nl\/wp-json\/wp\/v2\/media?parent=6324"}],"wp:term":[{"taxonomy":"product_brand","embeddable":true,"href":"https:\/\/ibcparts.eu\/nl\/wp-json\/wp\/v2\/product_brand?post=6324"},{"taxonomy":"product_cat","embeddable":true,"href":"https:\/\/ibcparts.eu\/nl\/wp-json\/wp\/v2\/product_cat?post=6324"},{"taxonomy":"product_tag","embeddable":true,"href":"https:\/\/ibcparts.eu\/nl\/wp-json\/wp\/v2\/product_tag?post=6324"}],"curies":[{"name":"wp","href":"https:\/\/api.w.org\/{rel}","templated":true}]}}