{"id":6239,"date":"2021-10-15T19:11:33","date_gmt":"2021-10-15T18:11:33","guid":{"rendered":"https:\/\/ibcparts.eu\/?post_type=product&#038;p=6239"},"modified":"2026-04-09T10:19:37","modified_gmt":"2026-04-09T09:19:37","slug":"reducir-eco-1-2-3-4-in-1-za-ibc-cisterne-z-ventilom-s60","status":"publish","type":"product","link":"https:\/\/ibcparts.eu\/nl\/product\/reducir-eco-1-2-3-4-in-1-za-ibc-cisterne-z-ventilom-s60\/","title":{"rendered":"Reducir ECO S60 za IBC cisterno (1\/2&#8221;, 3\/4&#8243; in 1&#8243;) z gumijastim tesnilom"},"content":{"rendered":"<p>\u200bKvaliteten in preverjen reducir ECO za cisterne z ventilom fi 55-62mm, grobi navoj S60x6 (DN50). To je najpogostej\u0161i tip ventila na IBC cisternah.<\/p>\n<ul>\n<li><strong>Type schroefdraad in het midden<\/strong> Notranji (\u017eenski) BSP navoj v treh razli\u010dnih dimenzijah.<\/li>\n<li><strong>Materiaal\u00a0<\/strong>HDPE &#8211; izjemno trpe\u017een, lahek in vodoodporen material, odporen na UV \u017earke, kemikalije in udarce. Zaradi svoje varnosti in stabilnosti je idealen za izdelke, ki zahtevajo dolgo \u017eivljenjsko dobo in visoko vzdr\u017eljivost.<\/li>\n<li><strong>Kleur\u00a0<\/strong>\u010drna<\/li>\n<li><strong>Tesnilo:\u00a0 EPDM guma &#8211; odli\u010dna odpornost na UV, vremenske vplive in temperaturne razlike.<\/strong><\/li>\n<li>Pri uporabi kovinske pipe obvezna uporaba teflona. Med ventilom cisterne in reducirjem se teflona NE uporablja.<\/li>\n<li>Niet geschikt voor het onderling verbinden van tanks, omdat de belasting in dat geval hoger is en de levensduur aanzienlijk wordt verkort.<\/li>\n<\/ul>\n<p>Za bolj profesionalno rabo svetujemo uporabo reducirjev AVA ali PRO.<\/p>\n<p>Uitstekende afdichting en hoge duurzaamheid!<\/p>\n<p><strong>Maten:<\/strong><\/p>\n<ul>\n<li>Binnendraad 1\/2\u2033<\/li>\n<li>Binnendraad 3\/4\u2033<\/li>\n<li>Binnendraad 1\u2033<\/li>\n<\/ul>\n<p><em>Bodite pozorni na to, da je na trgu veliko kopij, ki so na prvi pogled podobni, njihova kvaliteta pa je zelo slaba.<\/em><\/p>\n<p>\u200b<br \/>\n<strong>Prosimo vas, da preberete spodnja opozorila\/navodila.<\/strong><br \/>\n\u200b<\/p>\n<p><strong>Nasvet1:<\/strong><br \/>\nPred monta\u017eo bodite pozorni na to, da je lice ventila cisterne (kamor montiramo reducir)\u00a0<strong>gladko in nepo\u0161kodovano<\/strong>. Nove cisterne imajo aluminijasto plombo na odprtini ventila &#8211; \u010de je ta povr\u0161no odstranjena, je lahko to vzrok slab\u0161ega tesnjenja reducirja. Vsakr\u0161ne nepravilnosti na ventilu odstranite oz pobrusite s smirkovim papirjem pred prvo monta\u017eo reducirja.<br \/>\n\u200b<br \/>\n<strong>Nasvet2:<\/strong><br \/>\n\u200bPri monta\u017ei kakr\u0161nega koli priklju\u010dka na ta reducir, obvezno uporabite teflonski trak. Tako zagotovite popolno tesnjenje in pravilno pozicijo pipe oz. priklju\u010dka.<\/p>\n<p><strong>Nasvet3:<\/strong><br \/>\nReducirji\u00a0<strong>ECO\u00a0<\/strong>so originalni, kvalitetnega in priznanega dobavitelja. Cenovno so ugodni in odli\u010dni za rabo namakanja vrta ter dobro opravljajo funkcijo, za katero so namenjeni.<\/p>\n<p>\u017divljenjska doba reducirjev je odvisna od izpostavljenosti soncu\/mrazu in na\u010dina uporabe. ECO &lt; AVA &lt; PRO.<\/p>\n<p>&nbsp;<\/p>\n<p>&nbsp;<\/p>","protected":false},"excerpt":{"rendered":"<h2 data-start=\"171\" data-end=\"253\">Reducir ECO S60 z notranjim BSP navojem za IBC cisterno (1\/2\u2033, 3\/4\u2033, 1\u2033)<\/h2>\n<p data-start=\"255\" data-end=\"688\">Reducir ECO S60 je kvaliteten in preverjen reducir za IBC cisterne z ventilom premera 55\u201362 mm in grobim navojem S60x6 (DN50). Na izhodu ima notranji (\u017eenski) BSP navoj v treh dimenzijah. Izdelan je iz materiala HDPE in opremljen s tesnilom iz 100 % EPDM gume, ki je posebej razvito z optimalno trdoto ter zagotavlja <strong data-start=\"584\" data-end=\"650\">zanesljivo tesnjenje tudi pri ve\u010djih nepravilnostih na ventilu<\/strong> in dolgotrajno uporabo brez pu\u0161\u010danja.<\/p>\n<p data-start=\"690\" data-end=\"711\">Technische specificaties<\/p>\n<ul>\n<li data-start=\"714\" data-end=\"736\">Tip izdelka: reducir za cisterno<\/li>\n<li data-start=\"739\" data-end=\"790\">Type schroefdraad op de container: S60x6 (DN50), grove schroefdraad<\/li>\n<li data-start=\"793\" data-end=\"838\">Type schroefdraad aan de uitgang: interne (vrouwelijke) BSP<\/li>\n<li data-start=\"841\" data-end=\"868\">\n<p data-start=\"699\" data-end=\"711\">Maten:<\/p>\n<ul data-start=\"714\" data-end=\"742\">\n<li data-start=\"714\" data-end=\"722\">\n<p data-start=\"716\" data-end=\"722\">1\/2\u2033<\/p>\n<\/li>\n<li data-start=\"725\" data-end=\"733\">\n<p data-start=\"727\" data-end=\"733\">3\/4\u2033<\/p>\n<\/li>\n<li data-start=\"736\" data-end=\"742\">\n<p data-start=\"738\" data-end=\"742\">1\u2033<\/p>\n<\/li>\n<\/ul>\n<\/li>\n<li data-start=\"871\" data-end=\"887\">Materiaal: HDPE<\/li>\n<li data-start=\"890\" data-end=\"903\">Kleur: zwart<\/li>\n<li data-start=\"906\" data-end=\"932\" class=\" translation-block\"><strong>Afdichting:<\/strong> <strong>100% EPDM-rubber \u2013 exclusief bij ons. Deze speciaal ontwikkelde afdichting met optimale hardheid compenseert effectief zelfs grotere onregelmatigheden aan het ventiel en zorgt voor een langdurige, betrouwbare afdichting zonder lekkage.<\/strong><\/li>\n<\/ul>\n<p>Uitstekende afdichting en hoge duurzaamheid!<\/p>\n<p class=\" translation-block\"><strong>Let op:<\/strong> Visueel vergelijkbare producten op de markt halen vaak niet dezelfde kwaliteit.<\/p>\n<p><strong>Meer stuks, meer korting \u2013 aantallen van verschillende artikelen en varianten worden opgeteld!<\/strong><\/p>","protected":false},"featured_media":6240,"template":"","meta":[],"product_brand":[],"product_cat":[170,298],"product_tag":[280,278,277,275,273,274,272,279,276],"class_list":{"0":"post-6239","1":"product","2":"type-product","3":"status-publish","4":"has-post-thumbnail","6":"product_cat-reducirji-in-prikljucki-za-ibc","7":"product_cat-prikljucki-za-cisterno-z-navojem-s60x6","8":"product_tag-adapter-eco","9":"product_tag-adapter-for-ibc-container","10":"product_tag-adapter-za-1000l","11":"product_tag-adapter-za-kontejner","12":"product_tag-cep-za-cisterno","13":"product_tag-cep-za-ibc","14":"product_tag-ibc-adapter","15":"product_tag-reducir-eco","16":"product_tag-reducir-za-kontejner","18":"first","19":"instock","20":"shipping-taxable","21":"purchasable","22":"product-type-variable"},"yoast_head":"<!-- This site is optimized with the Yoast SEO plugin v27.1.1 - https:\/\/yoast.com\/product\/yoast-seo-wordpress\/ -->\n<title>Reducir ECO S60 za IBC cisterno (1\/2&#039;&#039;, 3\/4&quot; in 1&quot;) z gumijastim tesnilom<\/title>\n<meta name=\"description\" content=\"\u200bKvaliteten in preverjen reducir ECO za IBC cisterno, namenjen za doma\u010do uporabo (vrt). Za cisterne z ventilom fi 55-62mm, grobi navoj S60x6 (DN50).\" \/>\n<meta name=\"robots\" content=\"index, follow, max-snippet:-1, max-image-preview:large, max-video-preview:-1\" \/>\n<link rel=\"canonical\" href=\"https:\/\/ibcparts.eu\/nl\/product\/reducir-eco-1-2-3-4-in-1-za-ibc-cisterne-z-ventilom-s60\/\" \/>\n<meta property=\"og:locale\" content=\"nl_NL\" \/>\n<meta property=\"og:type\" content=\"article\" \/>\n<meta property=\"og:title\" content=\"Reducir ECO S60 za IBC cisterno (1\/2&#039;&#039;, 3\/4&quot; in 1&quot;) z gumijastim tesnilom\" \/>\n<meta property=\"og:description\" content=\"\u200bKvaliteten in preverjen reducir ECO za IBC cisterno, namenjen za doma\u010do uporabo (vrt). Za cisterne z ventilom fi 55-62mm, grobi navoj S60x6 (DN50).\" \/>\n<meta property=\"og:url\" content=\"https:\/\/ibcparts.eu\/nl\/product\/reducir-eco-1-2-3-4-in-1-za-ibc-cisterne-z-ventilom-s60\/\" \/>\n<meta property=\"og:site_name\" content=\"IBCparts.eu\" \/>\n<meta property=\"article:modified_time\" content=\"2026-04-09T09:19:37+00:00\" \/>\n<meta property=\"og:image\" content=\"https:\/\/ibcparts.eu\/wp-content\/uploads\/2021\/10\/s60-reducir-1-2_6_orig.jpg\" \/>\n\t<meta property=\"og:image:width\" content=\"1080\" \/>\n\t<meta property=\"og:image:height\" content=\"1080\" \/>\n\t<meta property=\"og:image:type\" content=\"image\/jpeg\" \/>\n<meta name=\"twitter:card\" content=\"summary_large_image\" \/>\n<meta name=\"twitter:label1\" content=\"Geschatte leestijd\" \/>\n\t<meta name=\"twitter:data1\" content=\"3 minuten\" \/>\n<script type=\"application\/ld+json\" class=\"yoast-schema-graph\">{\"@context\":\"https:\/\/schema.org\",\"@graph\":[{\"@type\":\"WebPage\",\"@id\":\"https:\/\/ibcparts.eu\/izdelek\/reducir-eco-1-2-3-4-in-1-za-ibc-cisterne-z-ventilom-s60\/\",\"url\":\"https:\/\/ibcparts.eu\/izdelek\/reducir-eco-1-2-3-4-in-1-za-ibc-cisterne-z-ventilom-s60\/\",\"name\":\"Reducir ECO S60 za IBC cisterno (1\/2'', 3\/4\\\" in 1\\\") z gumijastim tesnilom\",\"isPartOf\":{\"@id\":\"https:\/\/ibcparts.eu\/#website\"},\"primaryImageOfPage\":{\"@id\":\"https:\/\/ibcparts.eu\/izdelek\/reducir-eco-1-2-3-4-in-1-za-ibc-cisterne-z-ventilom-s60\/#primaryimage\"},\"image\":{\"@id\":\"https:\/\/ibcparts.eu\/izdelek\/reducir-eco-1-2-3-4-in-1-za-ibc-cisterne-z-ventilom-s60\/#primaryimage\"},\"thumbnailUrl\":\"https:\/\/ibcparts.eu\/wp-content\/uploads\/2021\/10\/s60-reducir-1-2_6_orig.jpg\",\"datePublished\":\"2021-10-15T18:11:33+00:00\",\"dateModified\":\"2026-04-09T09:19:37+00:00\",\"description\":\"\u200bKvaliteten in preverjen reducir ECO za IBC cisterno, namenjen za doma\u010do uporabo (vrt). Za cisterne z ventilom fi 55-62mm, grobi navoj S60x6 (DN50).\",\"breadcrumb\":{\"@id\":\"https:\/\/ibcparts.eu\/izdelek\/reducir-eco-1-2-3-4-in-1-za-ibc-cisterne-z-ventilom-s60\/#breadcrumb\"},\"inLanguage\":\"nl-NL\",\"potentialAction\":[{\"@type\":\"ReadAction\",\"target\":[\"https:\/\/ibcparts.eu\/izdelek\/reducir-eco-1-2-3-4-in-1-za-ibc-cisterne-z-ventilom-s60\/\"]}]},{\"@type\":\"ImageObject\",\"inLanguage\":\"nl-NL\",\"@id\":\"https:\/\/ibcparts.eu\/izdelek\/reducir-eco-1-2-3-4-in-1-za-ibc-cisterne-z-ventilom-s60\/#primaryimage\",\"url\":\"https:\/\/ibcparts.eu\/wp-content\/uploads\/2021\/10\/s60-reducir-1-2_6_orig.jpg\",\"contentUrl\":\"https:\/\/ibcparts.eu\/wp-content\/uploads\/2021\/10\/s60-reducir-1-2_6_orig.jpg\",\"width\":1080,\"height\":1080,\"caption\":\"s60-reducir-1-2_6_orig\"},{\"@type\":\"BreadcrumbList\",\"@id\":\"https:\/\/ibcparts.eu\/izdelek\/reducir-eco-1-2-3-4-in-1-za-ibc-cisterne-z-ventilom-s60\/#breadcrumb\",\"itemListElement\":[{\"@type\":\"ListItem\",\"position\":1,\"name\":\"Home\",\"item\":\"https:\/\/ibcparts.eu\/\"},{\"@type\":\"ListItem\",\"position\":2,\"name\":\"Nakupujte\",\"item\":\"https:\/\/ibcparts.eu\/nakupujte\/\"},{\"@type\":\"ListItem\",\"position\":3,\"name\":\"Reducir ECO S60 za IBC cisterno (1\/2&#8221;, 3\/4&#8243; in 1&#8243;) z gumijastim tesnilom\"}]},{\"@type\":\"WebSite\",\"@id\":\"https:\/\/ibcparts.eu\/#website\",\"url\":\"https:\/\/ibcparts.eu\/\",\"name\":\"IBCparts.eu\",\"description\":\"\",\"publisher\":{\"@id\":\"https:\/\/ibcparts.eu\/#organization\"},\"potentialAction\":[{\"@type\":\"SearchAction\",\"target\":{\"@type\":\"EntryPoint\",\"urlTemplate\":\"https:\/\/ibcparts.eu\/?s={search_term_string}\"},\"query-input\":{\"@type\":\"PropertyValueSpecification\",\"valueRequired\":true,\"valueName\":\"search_term_string\"}}],\"inLanguage\":\"nl-NL\"},{\"@type\":\"Organization\",\"@id\":\"https:\/\/ibcparts.eu\/#organization\",\"name\":\"IBCparts\",\"url\":\"https:\/\/ibcparts.eu\/\",\"logo\":{\"@type\":\"ImageObject\",\"inLanguage\":\"nl-NL\",\"@id\":\"https:\/\/ibcparts.eu\/#\/schema\/logo\/image\/\",\"url\":\"https:\/\/ibcparts.eu\/wp-content\/uploads\/2021\/10\/Footer-Logo.png\",\"contentUrl\":\"https:\/\/ibcparts.eu\/wp-content\/uploads\/2021\/10\/Footer-Logo.png\",\"width\":1992,\"height\":772,\"caption\":\"IBCparts\"},\"image\":{\"@id\":\"https:\/\/ibcparts.eu\/#\/schema\/logo\/image\/\"}}]}<\/script>\n<!-- \/ Yoast SEO plugin. -->","yoast_head_json":{"title":"Reducir ECO S60 za IBC cisterno (1\/2'', 3\/4\" in 1\") z gumijastim tesnilom","description":"\u200bKvaliteten in preverjen reducir ECO za IBC cisterno, namenjen za doma\u010do uporabo (vrt). Za cisterne z ventilom fi 55-62mm, grobi navoj S60x6 (DN50).","robots":{"index":"index","follow":"follow","max-snippet":"max-snippet:-1","max-image-preview":"max-image-preview:large","max-video-preview":"max-video-preview:-1"},"canonical":"https:\/\/ibcparts.eu\/nl\/product\/reducir-eco-1-2-3-4-in-1-za-ibc-cisterne-z-ventilom-s60\/","og_locale":"nl_NL","og_type":"article","og_title":"Reducir ECO S60 za IBC cisterno (1\/2'', 3\/4\" in 1\") z gumijastim tesnilom","og_description":"\u200bKvaliteten in preverjen reducir ECO za IBC cisterno, namenjen za doma\u010do uporabo (vrt). Za cisterne z ventilom fi 55-62mm, grobi navoj S60x6 (DN50).","og_url":"https:\/\/ibcparts.eu\/nl\/product\/reducir-eco-1-2-3-4-in-1-za-ibc-cisterne-z-ventilom-s60\/","og_site_name":"IBCparts.eu","article_modified_time":"2026-04-09T09:19:37+00:00","og_image":[{"width":1080,"height":1080,"url":"https:\/\/ibcparts.eu\/wp-content\/uploads\/2021\/10\/s60-reducir-1-2_6_orig.jpg","type":"image\/jpeg"}],"twitter_card":"summary_large_image","twitter_misc":{"Geschatte leestijd":"3 minuten"},"schema":{"@context":"https:\/\/schema.org","@graph":[{"@type":"WebPage","@id":"https:\/\/ibcparts.eu\/izdelek\/reducir-eco-1-2-3-4-in-1-za-ibc-cisterne-z-ventilom-s60\/","url":"https:\/\/ibcparts.eu\/izdelek\/reducir-eco-1-2-3-4-in-1-za-ibc-cisterne-z-ventilom-s60\/","name":"Reducir ECO S60 za IBC cisterno (1\/2'', 3\/4\" in 1\") z gumijastim tesnilom","isPartOf":{"@id":"https:\/\/ibcparts.eu\/#website"},"primaryImageOfPage":{"@id":"https:\/\/ibcparts.eu\/izdelek\/reducir-eco-1-2-3-4-in-1-za-ibc-cisterne-z-ventilom-s60\/#primaryimage"},"image":{"@id":"https:\/\/ibcparts.eu\/izdelek\/reducir-eco-1-2-3-4-in-1-za-ibc-cisterne-z-ventilom-s60\/#primaryimage"},"thumbnailUrl":"https:\/\/ibcparts.eu\/wp-content\/uploads\/2021\/10\/s60-reducir-1-2_6_orig.jpg","datePublished":"2021-10-15T18:11:33+00:00","dateModified":"2026-04-09T09:19:37+00:00","description":"\u200bKvaliteten in preverjen reducir ECO za IBC cisterno, namenjen za doma\u010do uporabo (vrt). Za cisterne z ventilom fi 55-62mm, grobi navoj S60x6 (DN50).","breadcrumb":{"@id":"https:\/\/ibcparts.eu\/izdelek\/reducir-eco-1-2-3-4-in-1-za-ibc-cisterne-z-ventilom-s60\/#breadcrumb"},"inLanguage":"nl-NL","potentialAction":[{"@type":"ReadAction","target":["https:\/\/ibcparts.eu\/izdelek\/reducir-eco-1-2-3-4-in-1-za-ibc-cisterne-z-ventilom-s60\/"]}]},{"@type":"ImageObject","inLanguage":"nl-NL","@id":"https:\/\/ibcparts.eu\/izdelek\/reducir-eco-1-2-3-4-in-1-za-ibc-cisterne-z-ventilom-s60\/#primaryimage","url":"https:\/\/ibcparts.eu\/wp-content\/uploads\/2021\/10\/s60-reducir-1-2_6_orig.jpg","contentUrl":"https:\/\/ibcparts.eu\/wp-content\/uploads\/2021\/10\/s60-reducir-1-2_6_orig.jpg","width":1080,"height":1080,"caption":"s60-reducir-1-2_6_orig"},{"@type":"BreadcrumbList","@id":"https:\/\/ibcparts.eu\/izdelek\/reducir-eco-1-2-3-4-in-1-za-ibc-cisterne-z-ventilom-s60\/#breadcrumb","itemListElement":[{"@type":"ListItem","position":1,"name":"Home","item":"https:\/\/ibcparts.eu\/"},{"@type":"ListItem","position":2,"name":"Nakupujte","item":"https:\/\/ibcparts.eu\/nakupujte\/"},{"@type":"ListItem","position":3,"name":"Reducir ECO S60 za IBC cisterno (1\/2&#8221;, 3\/4&#8243; in 1&#8243;) z gumijastim tesnilom"}]},{"@type":"WebSite","@id":"https:\/\/ibcparts.eu\/#website","url":"https:\/\/ibcparts.eu\/","name":"IBCparts.eu","description":"","publisher":{"@id":"https:\/\/ibcparts.eu\/#organization"},"potentialAction":[{"@type":"SearchAction","target":{"@type":"EntryPoint","urlTemplate":"https:\/\/ibcparts.eu\/?s={search_term_string}"},"query-input":{"@type":"PropertyValueSpecification","valueRequired":true,"valueName":"search_term_string"}}],"inLanguage":"nl-NL"},{"@type":"Organization","@id":"https:\/\/ibcparts.eu\/#organization","name":"IBCparts","url":"https:\/\/ibcparts.eu\/","logo":{"@type":"ImageObject","inLanguage":"nl-NL","@id":"https:\/\/ibcparts.eu\/#\/schema\/logo\/image\/","url":"https:\/\/ibcparts.eu\/wp-content\/uploads\/2021\/10\/Footer-Logo.png","contentUrl":"https:\/\/ibcparts.eu\/wp-content\/uploads\/2021\/10\/Footer-Logo.png","width":1992,"height":772,"caption":"IBCparts"},"image":{"@id":"https:\/\/ibcparts.eu\/#\/schema\/logo\/image\/"}}]}},"_links":{"self":[{"href":"https:\/\/ibcparts.eu\/nl\/wp-json\/wp\/v2\/product\/6239","targetHints":{"allow":["GET"]}}],"collection":[{"href":"https:\/\/ibcparts.eu\/nl\/wp-json\/wp\/v2\/product"}],"about":[{"href":"https:\/\/ibcparts.eu\/nl\/wp-json\/wp\/v2\/types\/product"}],"version-history":[{"count":3,"href":"https:\/\/ibcparts.eu\/nl\/wp-json\/wp\/v2\/product\/6239\/revisions"}],"predecessor-version":[{"id":20161,"href":"https:\/\/ibcparts.eu\/nl\/wp-json\/wp\/v2\/product\/6239\/revisions\/20161"}],"wp:featuredmedia":[{"embeddable":true,"href":"https:\/\/ibcparts.eu\/nl\/wp-json\/wp\/v2\/media\/6240"}],"wp:attachment":[{"href":"https:\/\/ibcparts.eu\/nl\/wp-json\/wp\/v2\/media?parent=6239"}],"wp:term":[{"taxonomy":"product_brand","embeddable":true,"href":"https:\/\/ibcparts.eu\/nl\/wp-json\/wp\/v2\/product_brand?post=6239"},{"taxonomy":"product_cat","embeddable":true,"href":"https:\/\/ibcparts.eu\/nl\/wp-json\/wp\/v2\/product_cat?post=6239"},{"taxonomy":"product_tag","embeddable":true,"href":"https:\/\/ibcparts.eu\/nl\/wp-json\/wp\/v2\/product_tag?post=6239"}],"curies":[{"name":"wp","href":"https:\/\/api.w.org\/{rel}","templated":true}]}}