{"id":20504,"date":"2026-02-06T08:15:16","date_gmt":"2026-02-06T07:15:16","guid":{"rendered":"https:\/\/ibcparts.eu\/?post_type=product&#038;p=20504"},"modified":"2026-02-09T14:23:06","modified_gmt":"2026-02-09T13:23:06","slug":"zeroclog-ibc","status":"publish","type":"product","link":"https:\/\/ibcparts.eu\/nl\/product\/zeroclog-ibc\/","title":{"rendered":"Oddu\u0161nik ZeroClog za v pokrov IBC cisterne (2&#8243; BSP ali S56x4)"},"content":{"rendered":"","protected":false},"excerpt":{"rendered":"<p data-start=\"93\" data-end=\"236\"><strong data-start=\"93\" data-end=\"139\">Oddu\u0161nik ZeroClog za v pokrov IBC cisterne<\/strong> je najbolj enostavna in hkrati najbolj zanesljiva re\u0161itev za odzra\u010devanje povezanih IBC cistern.<\/p>\n<p data-start=\"238\" data-end=\"569\">Ko je ve\u010d cistern med sabo povezanih v isti ravnini in se voda v zgornjo odprtino pretaka v eno izmed njih preko pokrova TritonFlex (avtomatski preliv pri polni cisterni), morajo biti ostale na vrhu pravilno odzra\u010dene, da zrak nemoteno prehaja in se nivo vode lahko enakomerno izena\u010duje. ZeroClog se privije direktno v standardno 2&#8243; odprtino na pokrovu IBC cisterne in zagotavlja stabilen prehod zraka brez zapletenih mehanizmov.<\/p>\n<p data-start=\"571\" data-end=\"845\">Ker gre za preprosto re\u0161itev brez ventilov ali plovcev, je prakti\u010dno brez mo\u017enosti okvar. To je \u0161e posebej pomembno pri sistemih, kjer voda stoji dlje \u010dasa, saj se pri bolj sofisticiranih oddu\u0161nikih lahko s\u010dasoma pojavijo te\u017eave zaradi mikroorganizmov, ne\u010disto\u010d ali usedlin.<\/p>\n<p data-start=\"847\" data-end=\"1013\">V spojko je vstavljena cca. 30 cm HDPE cev, ki s tem pove\u010da dvig maksimalne gladine vode v cisterni &#8211; glejte animacijo v galeriji. Po \u017eelji lahko na vrh cevi dodate \u0161e drobno mre\u017eico, da prepre\u010dite vstop mr\u010desa.<\/p>\n<p data-start=\"847\" data-end=\"1013\"><em>Pred nakupom preverite navoj na sredini zgornjega pokrova va\u0161e IBC cisterne, saj niso vsi enaki. Navoj je lahko fini <strong>2&#8243; BSP<\/strong> (najpogosteje pri Schutz cisternah) ali pa grob <strong>S56\u00d74<\/strong> (korak 4 mm, obi\u010dajno pri Mauser cisternah).<\/em><\/p>\n<p data-start=\"1015\" data-end=\"1031\"><strong data-start=\"1015\" data-end=\"1031\">Primerno za:<\/strong><\/p>\n<ul>\n<li data-start=\"1034\" data-end=\"1071\">povezovanje ve\u010d IBC cistern v sistem,<\/li>\n<li data-start=\"1074\" data-end=\"1108\">izena\u010devanje tlaka in nivoja vode,<\/li>\n<li data-start=\"1111\" data-end=\"1162\">odzra\u010devanje pri polnjenju iz ene cisterne v drugo,<\/li>\n<li data-start=\"1111\" data-end=\"1162\">pokrove IBC cistern, ki imajo na sredini 2&#8243; BSP navoj (Schutz) ali S56x4 (Mauser).<\/li>\n<\/ul>","protected":false},"featured_media":20508,"template":"","meta":[],"product_brand":[],"product_cat":[182,263],"product_tag":[368],"class_list":{"0":"post-20504","1":"product","2":"type-product","3":"status-publish","4":"has-post-thumbnail","6":"product_cat-ibc-cisterne-ventili-in-dodatki","7":"product_cat-oddusniki","8":"product_tag-oddusnik-za-ibc-cisterno","10":"first","11":"instock","12":"shipping-taxable","13":"purchasable","14":"product-type-variable"},"yoast_head":"<!-- This site is optimized with the Yoast SEO plugin v27.1.1 - https:\/\/yoast.com\/product\/yoast-seo-wordpress\/ -->\n<title>Oddu\u0161nik ZeroClog za v pokrov IBC cisterne (2&quot; BSP ali S56x4) | IBCparts.eu<\/title>\n<meta name=\"description\" content=\"Oddu\u0161nik ZeroClog za pokrov IBC cisterne (2&quot; navoj) je preprosta in zanesljiva re\u0161itev za odzra\u010devanje povezanih cistern. Brez mehanizmov, brez ma\u0161enja.\" \/>\n<meta name=\"robots\" content=\"index, follow, max-snippet:-1, max-image-preview:large, max-video-preview:-1\" \/>\n<link rel=\"canonical\" href=\"https:\/\/ibcparts.eu\/nl\/product\/zeroclog-ibc\/\" \/>\n<meta property=\"og:locale\" content=\"nl_NL\" \/>\n<meta property=\"og:type\" content=\"article\" \/>\n<meta property=\"og:title\" content=\"Oddu\u0161nik ZeroClog za v pokrov IBC cisterne (2&quot; BSP ali S56x4) | IBCparts.eu\" \/>\n<meta property=\"og:description\" content=\"Oddu\u0161nik ZeroClog za pokrov IBC cisterne (2&quot; navoj) je preprosta in zanesljiva re\u0161itev za odzra\u010devanje povezanih cistern. Brez mehanizmov, brez ma\u0161enja.\" \/>\n<meta property=\"og:url\" content=\"https:\/\/ibcparts.eu\/nl\/product\/zeroclog-ibc\/\" \/>\n<meta property=\"og:site_name\" content=\"IBCparts.eu\" \/>\n<meta property=\"article:modified_time\" content=\"2026-02-09T13:23:06+00:00\" \/>\n<meta property=\"og:image\" content=\"https:\/\/ibcparts.eu\/wp-content\/uploads\/2026\/02\/Oddusnik-ZeroClog-za-pokrov-IBC-cisterne-2-\u2013-redukcija-na-34-z-alkaten-cevjo.jpg\" \/>\n\t<meta property=\"og:image:width\" content=\"500\" \/>\n\t<meta property=\"og:image:height\" content=\"500\" \/>\n\t<meta property=\"og:image:type\" content=\"image\/jpeg\" \/>\n<meta name=\"twitter:card\" content=\"summary_large_image\" \/>\n<script type=\"application\/ld+json\" class=\"yoast-schema-graph\">{\"@context\":\"https:\/\/schema.org\",\"@graph\":[{\"@type\":\"WebPage\",\"@id\":\"https:\/\/ibcparts.eu\/izdelek\/zeroclog-ibc\/\",\"url\":\"https:\/\/ibcparts.eu\/izdelek\/zeroclog-ibc\/\",\"name\":\"Oddu\u0161nik ZeroClog za v pokrov IBC cisterne (2\\\" BSP ali S56x4) | IBCparts.eu\",\"isPartOf\":{\"@id\":\"https:\/\/ibcparts.eu\/#website\"},\"primaryImageOfPage\":{\"@id\":\"https:\/\/ibcparts.eu\/izdelek\/zeroclog-ibc\/#primaryimage\"},\"image\":{\"@id\":\"https:\/\/ibcparts.eu\/izdelek\/zeroclog-ibc\/#primaryimage\"},\"thumbnailUrl\":\"https:\/\/ibcparts.eu\/wp-content\/uploads\/2026\/02\/Oddusnik-ZeroClog-za-pokrov-IBC-cisterne-2-\u2013-redukcija-na-34-z-alkaten-cevjo.jpg\",\"datePublished\":\"2026-02-06T07:15:16+00:00\",\"dateModified\":\"2026-02-09T13:23:06+00:00\",\"description\":\"Oddu\u0161nik ZeroClog za pokrov IBC cisterne (2\\\" navoj) je preprosta in zanesljiva re\u0161itev za odzra\u010devanje povezanih cistern. Brez mehanizmov, brez ma\u0161enja.\",\"breadcrumb\":{\"@id\":\"https:\/\/ibcparts.eu\/izdelek\/zeroclog-ibc\/#breadcrumb\"},\"inLanguage\":\"nl-NL\",\"potentialAction\":[{\"@type\":\"ReadAction\",\"target\":[\"https:\/\/ibcparts.eu\/izdelek\/zeroclog-ibc\/\"]}]},{\"@type\":\"ImageObject\",\"inLanguage\":\"nl-NL\",\"@id\":\"https:\/\/ibcparts.eu\/izdelek\/zeroclog-ibc\/#primaryimage\",\"url\":\"https:\/\/ibcparts.eu\/wp-content\/uploads\/2026\/02\/Oddusnik-ZeroClog-za-pokrov-IBC-cisterne-2-\u2013-redukcija-na-34-z-alkaten-cevjo.jpg\",\"contentUrl\":\"https:\/\/ibcparts.eu\/wp-content\/uploads\/2026\/02\/Oddusnik-ZeroClog-za-pokrov-IBC-cisterne-2-\u2013-redukcija-na-34-z-alkaten-cevjo.jpg\",\"width\":500,\"height\":500,\"caption\":\"Oddu\u0161nik ZeroClog za pokrov IBC cisterne 2'' \u2013 redukcija na 34'' z alkaten cevjo\"},{\"@type\":\"BreadcrumbList\",\"@id\":\"https:\/\/ibcparts.eu\/izdelek\/zeroclog-ibc\/#breadcrumb\",\"itemListElement\":[{\"@type\":\"ListItem\",\"position\":1,\"name\":\"Home\",\"item\":\"https:\/\/ibcparts.eu\/\"},{\"@type\":\"ListItem\",\"position\":2,\"name\":\"Nakupujte\",\"item\":\"https:\/\/ibcparts.eu\/nakupujte\/\"},{\"@type\":\"ListItem\",\"position\":3,\"name\":\"Oddu\u0161nik ZeroClog za v pokrov IBC cisterne (2&#8243; BSP ali S56x4)\"}]},{\"@type\":\"WebSite\",\"@id\":\"https:\/\/ibcparts.eu\/#website\",\"url\":\"https:\/\/ibcparts.eu\/\",\"name\":\"IBCparts.eu\",\"description\":\"\",\"publisher\":{\"@id\":\"https:\/\/ibcparts.eu\/#organization\"},\"potentialAction\":[{\"@type\":\"SearchAction\",\"target\":{\"@type\":\"EntryPoint\",\"urlTemplate\":\"https:\/\/ibcparts.eu\/?s={search_term_string}\"},\"query-input\":{\"@type\":\"PropertyValueSpecification\",\"valueRequired\":true,\"valueName\":\"search_term_string\"}}],\"inLanguage\":\"nl-NL\"},{\"@type\":\"Organization\",\"@id\":\"https:\/\/ibcparts.eu\/#organization\",\"name\":\"IBCparts\",\"url\":\"https:\/\/ibcparts.eu\/\",\"logo\":{\"@type\":\"ImageObject\",\"inLanguage\":\"nl-NL\",\"@id\":\"https:\/\/ibcparts.eu\/#\/schema\/logo\/image\/\",\"url\":\"https:\/\/ibcparts.eu\/wp-content\/uploads\/2021\/10\/Footer-Logo.png\",\"contentUrl\":\"https:\/\/ibcparts.eu\/wp-content\/uploads\/2021\/10\/Footer-Logo.png\",\"width\":1992,\"height\":772,\"caption\":\"IBCparts\"},\"image\":{\"@id\":\"https:\/\/ibcparts.eu\/#\/schema\/logo\/image\/\"}}]}<\/script>\n<!-- \/ Yoast SEO plugin. -->","yoast_head_json":{"title":"Oddu\u0161nik ZeroClog za v pokrov IBC cisterne (2\" BSP ali S56x4) | IBCparts.eu","description":"Oddu\u0161nik ZeroClog za pokrov IBC cisterne (2\" navoj) je preprosta in zanesljiva re\u0161itev za odzra\u010devanje povezanih cistern. Brez mehanizmov, brez ma\u0161enja.","robots":{"index":"index","follow":"follow","max-snippet":"max-snippet:-1","max-image-preview":"max-image-preview:large","max-video-preview":"max-video-preview:-1"},"canonical":"https:\/\/ibcparts.eu\/nl\/product\/zeroclog-ibc\/","og_locale":"nl_NL","og_type":"article","og_title":"Oddu\u0161nik ZeroClog za v pokrov IBC cisterne (2\" BSP ali S56x4) | IBCparts.eu","og_description":"Oddu\u0161nik ZeroClog za pokrov IBC cisterne (2\" navoj) je preprosta in zanesljiva re\u0161itev za odzra\u010devanje povezanih cistern. Brez mehanizmov, brez ma\u0161enja.","og_url":"https:\/\/ibcparts.eu\/nl\/product\/zeroclog-ibc\/","og_site_name":"IBCparts.eu","article_modified_time":"2026-02-09T13:23:06+00:00","og_image":[{"width":500,"height":500,"url":"https:\/\/ibcparts.eu\/wp-content\/uploads\/2026\/02\/Oddusnik-ZeroClog-za-pokrov-IBC-cisterne-2-\u2013-redukcija-na-34-z-alkaten-cevjo.jpg","type":"image\/jpeg"}],"twitter_card":"summary_large_image","schema":{"@context":"https:\/\/schema.org","@graph":[{"@type":"WebPage","@id":"https:\/\/ibcparts.eu\/izdelek\/zeroclog-ibc\/","url":"https:\/\/ibcparts.eu\/izdelek\/zeroclog-ibc\/","name":"Oddu\u0161nik ZeroClog za v pokrov IBC cisterne (2\" BSP ali S56x4) | IBCparts.eu","isPartOf":{"@id":"https:\/\/ibcparts.eu\/#website"},"primaryImageOfPage":{"@id":"https:\/\/ibcparts.eu\/izdelek\/zeroclog-ibc\/#primaryimage"},"image":{"@id":"https:\/\/ibcparts.eu\/izdelek\/zeroclog-ibc\/#primaryimage"},"thumbnailUrl":"https:\/\/ibcparts.eu\/wp-content\/uploads\/2026\/02\/Oddusnik-ZeroClog-za-pokrov-IBC-cisterne-2-\u2013-redukcija-na-34-z-alkaten-cevjo.jpg","datePublished":"2026-02-06T07:15:16+00:00","dateModified":"2026-02-09T13:23:06+00:00","description":"Oddu\u0161nik ZeroClog za pokrov IBC cisterne (2\" navoj) je preprosta in zanesljiva re\u0161itev za odzra\u010devanje povezanih cistern. Brez mehanizmov, brez ma\u0161enja.","breadcrumb":{"@id":"https:\/\/ibcparts.eu\/izdelek\/zeroclog-ibc\/#breadcrumb"},"inLanguage":"nl-NL","potentialAction":[{"@type":"ReadAction","target":["https:\/\/ibcparts.eu\/izdelek\/zeroclog-ibc\/"]}]},{"@type":"ImageObject","inLanguage":"nl-NL","@id":"https:\/\/ibcparts.eu\/izdelek\/zeroclog-ibc\/#primaryimage","url":"https:\/\/ibcparts.eu\/wp-content\/uploads\/2026\/02\/Oddusnik-ZeroClog-za-pokrov-IBC-cisterne-2-\u2013-redukcija-na-34-z-alkaten-cevjo.jpg","contentUrl":"https:\/\/ibcparts.eu\/wp-content\/uploads\/2026\/02\/Oddusnik-ZeroClog-za-pokrov-IBC-cisterne-2-\u2013-redukcija-na-34-z-alkaten-cevjo.jpg","width":500,"height":500,"caption":"Oddu\u0161nik ZeroClog za pokrov IBC cisterne 2'' \u2013 redukcija na 34'' z alkaten cevjo"},{"@type":"BreadcrumbList","@id":"https:\/\/ibcparts.eu\/izdelek\/zeroclog-ibc\/#breadcrumb","itemListElement":[{"@type":"ListItem","position":1,"name":"Home","item":"https:\/\/ibcparts.eu\/"},{"@type":"ListItem","position":2,"name":"Nakupujte","item":"https:\/\/ibcparts.eu\/nakupujte\/"},{"@type":"ListItem","position":3,"name":"Oddu\u0161nik ZeroClog za v pokrov IBC cisterne (2&#8243; BSP ali S56x4)"}]},{"@type":"WebSite","@id":"https:\/\/ibcparts.eu\/#website","url":"https:\/\/ibcparts.eu\/","name":"IBCparts.eu","description":"","publisher":{"@id":"https:\/\/ibcparts.eu\/#organization"},"potentialAction":[{"@type":"SearchAction","target":{"@type":"EntryPoint","urlTemplate":"https:\/\/ibcparts.eu\/?s={search_term_string}"},"query-input":{"@type":"PropertyValueSpecification","valueRequired":true,"valueName":"search_term_string"}}],"inLanguage":"nl-NL"},{"@type":"Organization","@id":"https:\/\/ibcparts.eu\/#organization","name":"IBCparts","url":"https:\/\/ibcparts.eu\/","logo":{"@type":"ImageObject","inLanguage":"nl-NL","@id":"https:\/\/ibcparts.eu\/#\/schema\/logo\/image\/","url":"https:\/\/ibcparts.eu\/wp-content\/uploads\/2021\/10\/Footer-Logo.png","contentUrl":"https:\/\/ibcparts.eu\/wp-content\/uploads\/2021\/10\/Footer-Logo.png","width":1992,"height":772,"caption":"IBCparts"},"image":{"@id":"https:\/\/ibcparts.eu\/#\/schema\/logo\/image\/"}}]}},"_links":{"self":[{"href":"https:\/\/ibcparts.eu\/nl\/wp-json\/wp\/v2\/product\/20504","targetHints":{"allow":["GET"]}}],"collection":[{"href":"https:\/\/ibcparts.eu\/nl\/wp-json\/wp\/v2\/product"}],"about":[{"href":"https:\/\/ibcparts.eu\/nl\/wp-json\/wp\/v2\/types\/product"}],"version-history":[{"count":3,"href":"https:\/\/ibcparts.eu\/nl\/wp-json\/wp\/v2\/product\/20504\/revisions"}],"predecessor-version":[{"id":20567,"href":"https:\/\/ibcparts.eu\/nl\/wp-json\/wp\/v2\/product\/20504\/revisions\/20567"}],"wp:featuredmedia":[{"embeddable":true,"href":"https:\/\/ibcparts.eu\/nl\/wp-json\/wp\/v2\/media\/20508"}],"wp:attachment":[{"href":"https:\/\/ibcparts.eu\/nl\/wp-json\/wp\/v2\/media?parent=20504"}],"wp:term":[{"taxonomy":"product_brand","embeddable":true,"href":"https:\/\/ibcparts.eu\/nl\/wp-json\/wp\/v2\/product_brand?post=20504"},{"taxonomy":"product_cat","embeddable":true,"href":"https:\/\/ibcparts.eu\/nl\/wp-json\/wp\/v2\/product_cat?post=20504"},{"taxonomy":"product_tag","embeddable":true,"href":"https:\/\/ibcparts.eu\/nl\/wp-json\/wp\/v2\/product_tag?post=20504"}],"curies":[{"name":"wp","href":"https:\/\/api.w.org\/{rel}","templated":true}]}}