{"id":19739,"date":"2026-01-01T16:44:42","date_gmt":"2026-01-01T15:44:42","guid":{"rendered":"https:\/\/ibcparts.eu\/?post_type=product&#038;p=19739"},"modified":"2026-02-12T13:58:54","modified_gmt":"2026-02-12T12:58:54","slug":"ibc-liner-vreca","status":"publish","type":"product","link":"https:\/\/ibcparts.eu\/nl\/product\/ibc-binnenzak\/","title":{"rendered":"IBC liner vre\u010da za 1000 L IBC cisterno"},"content":{"rendered":"","protected":false},"excerpt":{"rendered":"<h2 data-start=\"208\" data-end=\"249\">IBC liner vre\u010da za 1000 L IBC cisterno<\/h2>\n<p data-start=\"307\" data-end=\"505\">IBC liner vre\u010da je profesionalna re\u0161itev za varno, \u010disto in u\u010dinkovito uporabo <strong data-start=\"386\" data-end=\"409\">1000 L IBC cisterne<\/strong>, kadar je pomembno, da teko\u010dina ali surovina <strong data-start=\"455\" data-end=\"504\">ne pride v stik z notranjimi stenami cisterne<\/strong>.<\/p>\n<p data-start=\"507\" data-end=\"671\">Z uporabo linerja lahko tudi starej\u0161o ali te\u017eko o\u010distljivo cisterno uporabljate <strong data-start=\"587\" data-end=\"599\">kot novo<\/strong>, brez dodatnih stro\u0161kov \u010di\u0161\u010denja, izpiranja ali tveganja kontaminacije.<\/p>\n<p data-start=\"673\" data-end=\"788\">Liner se vstavi skozi zgornjo odprtino IBC cisterne, napolni s surovino in zapre. Po uporabi se enostavno odstrani.<\/p>\n<hr data-start=\"781\" data-end=\"784\" \/>\n<h3 data-start=\"786\" data-end=\"806\">Glavne prednosti<\/h3>\n<ul>\n<li data-start=\"809\" data-end=\"866\">\u2714 Cisterna ostane \u010dista \u2013 brez stika teko\u010dine s stenami<\/li>\n<li data-start=\"869\" data-end=\"913\">\u2714 Podalj\u0161uje \u017eivljenjsko dobo IBC cisterne<\/li>\n<li data-start=\"916\" data-end=\"975\">\u2714 Enostavna uporaba \u2013 hitro vstavljanje in odstranjevanje<\/li>\n<li data-start=\"978\" data-end=\"1036\">\u2714 Mo\u017eno polnjenje in praznjenje z vrha<\/li>\n<li data-start=\"1039\" data-end=\"1084\">\u2714 Zmanj\u0161a stro\u0161ke \u010di\u0161\u010denja in kontaminacije<\/li>\n<li data-start=\"1087\" data-end=\"1136\">\u2714 Primerna za enkratno ali kratkotrajno uporabo<\/li>\n<li>\u2714 Idealna za za\u010dasno skladi\u0161\u010denje, transport<\/li>\n<li>\u2714 Cisterno lahko uporabljate kot novo<\/li>\n<\/ul>\n<hr data-start=\"1138\" data-end=\"1141\" \/>\n<h3 data-start=\"1143\" data-end=\"1168\">Material in lastnosti<\/h3>\n<ul>\n<li data-start=\"1171\" data-end=\"1229\"><strong data-start=\"1171\" data-end=\"1184\">Materiaal<\/strong> LLDPE (linearni nizko-gostotni polietilen)<\/li>\n<li data-start=\"1232\" data-end=\"1252\"><strong data-start=\"1232\" data-end=\"1245\">Debelina:<\/strong> 8 \u03bcm<\/li>\n<li data-start=\"1255\" data-end=\"1280\"><strong data-start=\"1255\" data-end=\"1271\">Prostornina:<\/strong> 1000 L<\/li>\n<li data-start=\"1283\" data-end=\"1304\"><strong data-start=\"1283\" data-end=\"1293\">Kleur<\/strong> prozorna<\/li>\n<li data-start=\"1307\" data-end=\"1342\"><strong data-start=\"1307\" data-end=\"1321\">Zapiranje:<\/strong> zavezovanje zgoraj<\/li>\n<li data-start=\"1345\" data-end=\"1394\"><strong data-start=\"1345\" data-end=\"1356\">Oblika:<\/strong> prilagojena standardni 1000L IBC cisterni<\/li>\n<\/ul>\n<h2 data-start=\"3222\" data-end=\"3283\"><strong data-start=\"3225\" data-end=\"3283\">Zakaj je LLDPE prava izbira za IBC linerje<\/strong><\/h2>\n<p data-start=\"3284\" data-end=\"3680\"><strong data-start=\"3284\" data-end=\"3293\">LLDPE<\/strong> je zaradi kombinacije <strong data-start=\"3316\" data-end=\"3403\">pro\u017enosti, visoke trdnosti, odpornosti proti pretrganju in kemi\u010dne odpornosti <\/strong>idealen material za linerje, ki jih uporabljamo v <strong data-start=\"3454\" data-end=\"3496\">IBC cisternah za teko\u010dine ali surovine<\/strong>. Zaradi teh lastnosti lahko liner zanesljivo <strong data-start=\"3542\" data-end=\"3593\">varuje cisterno pred kontaminacijo in umazanijo<\/strong> ter hkrati zmanj\u0161a stro\u0161ke \u010di\u0161\u010denja in pranja.<\/p>\n<p data-start=\"3284\" data-end=\"3680\"><strong data-start=\"0\" data-end=\"26\" data-is-only-node=\"\">Omejitev odgovornosti:<\/strong> Kupec je dol\u017ean sam preveriti kompatibilnost linerja s surovino; prodajalec ne prevzema odgovornosti za neustreznost materiala glede na specifi\u010dno uporabo.<\/p>","protected":false},"featured_media":19740,"template":"","meta":[],"product_brand":[],"product_cat":[308,182],"product_tag":[],"class_list":{"0":"post-19739","1":"product","2":"type-product","3":"status-publish","4":"has-post-thumbnail","6":"product_cat-cisterne","7":"product_cat-ibc-cisterne-ventili-in-dodatki","9":"first","10":"instock","11":"shipping-taxable","12":"purchasable","13":"product-type-simple"},"yoast_head":"<!-- This site is optimized with the Yoast SEO plugin v27.1.1 - https:\/\/yoast.com\/product\/yoast-seo-wordpress\/ -->\n<title>IBC liner vre\u010da za 1000 L IBC cisterno<\/title>\n<meta name=\"description\" content=\"IBC liner vre\u010da za 1000 L cisterno iz LLDPE materiala. Ohranite cisterno \u010disto, brez kontaminacije. Cisterno tako lahko uporabljate kot novo.\" \/>\n<meta name=\"robots\" content=\"index, follow, max-snippet:-1, max-image-preview:large, max-video-preview:-1\" \/>\n<link rel=\"canonical\" href=\"https:\/\/ibcparts.eu\/nl\/product\/ibc-binnenzak\/\" \/>\n<meta property=\"og:locale\" content=\"nl_NL\" \/>\n<meta property=\"og:type\" content=\"article\" \/>\n<meta property=\"og:title\" content=\"IBC liner vre\u010da za 1000 L IBC cisterno\" \/>\n<meta property=\"og:description\" content=\"IBC liner vre\u010da za 1000 L cisterno iz LLDPE materiala. Ohranite cisterno \u010disto, brez kontaminacije. Cisterno tako lahko uporabljate kot novo.\" \/>\n<meta property=\"og:url\" content=\"https:\/\/ibcparts.eu\/nl\/product\/ibc-binnenzak\/\" \/>\n<meta property=\"og:site_name\" content=\"IBCparts.eu\" \/>\n<meta property=\"article:modified_time\" content=\"2026-02-12T12:58:54+00:00\" \/>\n<meta property=\"og:image\" content=\"https:\/\/ibcparts.eu\/wp-content\/uploads\/2026\/01\/IBC-liner-bag-ibcparts.png\" \/>\n\t<meta property=\"og:image:width\" content=\"1024\" \/>\n\t<meta property=\"og:image:height\" content=\"1024\" \/>\n\t<meta property=\"og:image:type\" content=\"image\/png\" \/>\n<meta name=\"twitter:card\" content=\"summary_large_image\" \/>\n<script type=\"application\/ld+json\" class=\"yoast-schema-graph\">{\"@context\":\"https:\/\/schema.org\",\"@graph\":[{\"@type\":\"WebPage\",\"@id\":\"https:\/\/ibcparts.eu\/izdelek\/ibc-liner-vreca\/\",\"url\":\"https:\/\/ibcparts.eu\/izdelek\/ibc-liner-vreca\/\",\"name\":\"IBC liner vre\u010da za 1000 L IBC cisterno\",\"isPartOf\":{\"@id\":\"https:\/\/ibcparts.eu\/#website\"},\"primaryImageOfPage\":{\"@id\":\"https:\/\/ibcparts.eu\/izdelek\/ibc-liner-vreca\/#primaryimage\"},\"image\":{\"@id\":\"https:\/\/ibcparts.eu\/izdelek\/ibc-liner-vreca\/#primaryimage\"},\"thumbnailUrl\":\"https:\/\/ibcparts.eu\/wp-content\/uploads\/2026\/01\/IBC-liner-bag-ibcparts.png\",\"datePublished\":\"2026-01-01T15:44:42+00:00\",\"dateModified\":\"2026-02-12T12:58:54+00:00\",\"description\":\"IBC liner vre\u010da za 1000 L cisterno iz LLDPE materiala. Ohranite cisterno \u010disto, brez kontaminacije. Cisterno tako lahko uporabljate kot novo.\",\"breadcrumb\":{\"@id\":\"https:\/\/ibcparts.eu\/izdelek\/ibc-liner-vreca\/#breadcrumb\"},\"inLanguage\":\"nl-NL\",\"potentialAction\":[{\"@type\":\"ReadAction\",\"target\":[\"https:\/\/ibcparts.eu\/izdelek\/ibc-liner-vreca\/\"]}]},{\"@type\":\"ImageObject\",\"inLanguage\":\"nl-NL\",\"@id\":\"https:\/\/ibcparts.eu\/izdelek\/ibc-liner-vreca\/#primaryimage\",\"url\":\"https:\/\/ibcparts.eu\/wp-content\/uploads\/2026\/01\/IBC-liner-bag-ibcparts.png\",\"contentUrl\":\"https:\/\/ibcparts.eu\/wp-content\/uploads\/2026\/01\/IBC-liner-bag-ibcparts.png\",\"width\":1024,\"height\":1024,\"caption\":\"IBC liner bag ibcparts\"},{\"@type\":\"BreadcrumbList\",\"@id\":\"https:\/\/ibcparts.eu\/izdelek\/ibc-liner-vreca\/#breadcrumb\",\"itemListElement\":[{\"@type\":\"ListItem\",\"position\":1,\"name\":\"Home\",\"item\":\"https:\/\/ibcparts.eu\/\"},{\"@type\":\"ListItem\",\"position\":2,\"name\":\"Nakupujte\",\"item\":\"https:\/\/ibcparts.eu\/nakupujte\/\"},{\"@type\":\"ListItem\",\"position\":3,\"name\":\"IBC liner vre\u010da za 1000 L IBC cisterno\"}]},{\"@type\":\"WebSite\",\"@id\":\"https:\/\/ibcparts.eu\/#website\",\"url\":\"https:\/\/ibcparts.eu\/\",\"name\":\"IBCparts.eu\",\"description\":\"\",\"publisher\":{\"@id\":\"https:\/\/ibcparts.eu\/#organization\"},\"potentialAction\":[{\"@type\":\"SearchAction\",\"target\":{\"@type\":\"EntryPoint\",\"urlTemplate\":\"https:\/\/ibcparts.eu\/?s={search_term_string}\"},\"query-input\":{\"@type\":\"PropertyValueSpecification\",\"valueRequired\":true,\"valueName\":\"search_term_string\"}}],\"inLanguage\":\"nl-NL\"},{\"@type\":\"Organization\",\"@id\":\"https:\/\/ibcparts.eu\/#organization\",\"name\":\"IBCparts\",\"url\":\"https:\/\/ibcparts.eu\/\",\"logo\":{\"@type\":\"ImageObject\",\"inLanguage\":\"nl-NL\",\"@id\":\"https:\/\/ibcparts.eu\/#\/schema\/logo\/image\/\",\"url\":\"https:\/\/ibcparts.eu\/wp-content\/uploads\/2021\/10\/Footer-Logo.png\",\"contentUrl\":\"https:\/\/ibcparts.eu\/wp-content\/uploads\/2021\/10\/Footer-Logo.png\",\"width\":1992,\"height\":772,\"caption\":\"IBCparts\"},\"image\":{\"@id\":\"https:\/\/ibcparts.eu\/#\/schema\/logo\/image\/\"}}]}<\/script>\n<!-- \/ Yoast SEO plugin. -->","yoast_head_json":{"title":"IBC liner vre\u010da za 1000 L IBC cisterno","description":"IBC liner vre\u010da za 1000 L cisterno iz LLDPE materiala. Ohranite cisterno \u010disto, brez kontaminacije. Cisterno tako lahko uporabljate kot novo.","robots":{"index":"index","follow":"follow","max-snippet":"max-snippet:-1","max-image-preview":"max-image-preview:large","max-video-preview":"max-video-preview:-1"},"canonical":"https:\/\/ibcparts.eu\/nl\/product\/ibc-binnenzak\/","og_locale":"nl_NL","og_type":"article","og_title":"IBC liner vre\u010da za 1000 L IBC cisterno","og_description":"IBC liner vre\u010da za 1000 L cisterno iz LLDPE materiala. Ohranite cisterno \u010disto, brez kontaminacije. Cisterno tako lahko uporabljate kot novo.","og_url":"https:\/\/ibcparts.eu\/nl\/product\/ibc-binnenzak\/","og_site_name":"IBCparts.eu","article_modified_time":"2026-02-12T12:58:54+00:00","og_image":[{"width":1024,"height":1024,"url":"https:\/\/ibcparts.eu\/wp-content\/uploads\/2026\/01\/IBC-liner-bag-ibcparts.png","type":"image\/png"}],"twitter_card":"summary_large_image","schema":{"@context":"https:\/\/schema.org","@graph":[{"@type":"WebPage","@id":"https:\/\/ibcparts.eu\/izdelek\/ibc-liner-vreca\/","url":"https:\/\/ibcparts.eu\/izdelek\/ibc-liner-vreca\/","name":"IBC liner vre\u010da za 1000 L IBC cisterno","isPartOf":{"@id":"https:\/\/ibcparts.eu\/#website"},"primaryImageOfPage":{"@id":"https:\/\/ibcparts.eu\/izdelek\/ibc-liner-vreca\/#primaryimage"},"image":{"@id":"https:\/\/ibcparts.eu\/izdelek\/ibc-liner-vreca\/#primaryimage"},"thumbnailUrl":"https:\/\/ibcparts.eu\/wp-content\/uploads\/2026\/01\/IBC-liner-bag-ibcparts.png","datePublished":"2026-01-01T15:44:42+00:00","dateModified":"2026-02-12T12:58:54+00:00","description":"IBC liner vre\u010da za 1000 L cisterno iz LLDPE materiala. Ohranite cisterno \u010disto, brez kontaminacije. Cisterno tako lahko uporabljate kot novo.","breadcrumb":{"@id":"https:\/\/ibcparts.eu\/izdelek\/ibc-liner-vreca\/#breadcrumb"},"inLanguage":"nl-NL","potentialAction":[{"@type":"ReadAction","target":["https:\/\/ibcparts.eu\/izdelek\/ibc-liner-vreca\/"]}]},{"@type":"ImageObject","inLanguage":"nl-NL","@id":"https:\/\/ibcparts.eu\/izdelek\/ibc-liner-vreca\/#primaryimage","url":"https:\/\/ibcparts.eu\/wp-content\/uploads\/2026\/01\/IBC-liner-bag-ibcparts.png","contentUrl":"https:\/\/ibcparts.eu\/wp-content\/uploads\/2026\/01\/IBC-liner-bag-ibcparts.png","width":1024,"height":1024,"caption":"IBC liner bag ibcparts"},{"@type":"BreadcrumbList","@id":"https:\/\/ibcparts.eu\/izdelek\/ibc-liner-vreca\/#breadcrumb","itemListElement":[{"@type":"ListItem","position":1,"name":"Home","item":"https:\/\/ibcparts.eu\/"},{"@type":"ListItem","position":2,"name":"Nakupujte","item":"https:\/\/ibcparts.eu\/nakupujte\/"},{"@type":"ListItem","position":3,"name":"IBC liner vre\u010da za 1000 L IBC cisterno"}]},{"@type":"WebSite","@id":"https:\/\/ibcparts.eu\/#website","url":"https:\/\/ibcparts.eu\/","name":"IBCparts.eu","description":"","publisher":{"@id":"https:\/\/ibcparts.eu\/#organization"},"potentialAction":[{"@type":"SearchAction","target":{"@type":"EntryPoint","urlTemplate":"https:\/\/ibcparts.eu\/?s={search_term_string}"},"query-input":{"@type":"PropertyValueSpecification","valueRequired":true,"valueName":"search_term_string"}}],"inLanguage":"nl-NL"},{"@type":"Organization","@id":"https:\/\/ibcparts.eu\/#organization","name":"IBCparts","url":"https:\/\/ibcparts.eu\/","logo":{"@type":"ImageObject","inLanguage":"nl-NL","@id":"https:\/\/ibcparts.eu\/#\/schema\/logo\/image\/","url":"https:\/\/ibcparts.eu\/wp-content\/uploads\/2021\/10\/Footer-Logo.png","contentUrl":"https:\/\/ibcparts.eu\/wp-content\/uploads\/2021\/10\/Footer-Logo.png","width":1992,"height":772,"caption":"IBCparts"},"image":{"@id":"https:\/\/ibcparts.eu\/#\/schema\/logo\/image\/"}}]}},"_links":{"self":[{"href":"https:\/\/ibcparts.eu\/nl\/wp-json\/wp\/v2\/product\/19739","targetHints":{"allow":["GET"]}}],"collection":[{"href":"https:\/\/ibcparts.eu\/nl\/wp-json\/wp\/v2\/product"}],"about":[{"href":"https:\/\/ibcparts.eu\/nl\/wp-json\/wp\/v2\/types\/product"}],"version-history":[{"count":2,"href":"https:\/\/ibcparts.eu\/nl\/wp-json\/wp\/v2\/product\/19739\/revisions"}],"predecessor-version":[{"id":20616,"href":"https:\/\/ibcparts.eu\/nl\/wp-json\/wp\/v2\/product\/19739\/revisions\/20616"}],"wp:featuredmedia":[{"embeddable":true,"href":"https:\/\/ibcparts.eu\/nl\/wp-json\/wp\/v2\/media\/19740"}],"wp:attachment":[{"href":"https:\/\/ibcparts.eu\/nl\/wp-json\/wp\/v2\/media?parent=19739"}],"wp:term":[{"taxonomy":"product_brand","embeddable":true,"href":"https:\/\/ibcparts.eu\/nl\/wp-json\/wp\/v2\/product_brand?post=19739"},{"taxonomy":"product_cat","embeddable":true,"href":"https:\/\/ibcparts.eu\/nl\/wp-json\/wp\/v2\/product_cat?post=19739"},{"taxonomy":"product_tag","embeddable":true,"href":"https:\/\/ibcparts.eu\/nl\/wp-json\/wp\/v2\/product_tag?post=19739"}],"curies":[{"name":"wp","href":"https:\/\/api.w.org\/{rel}","templated":true}]}}