{"id":19143,"date":"2025-12-17T14:03:29","date_gmt":"2025-12-17T13:03:29","guid":{"rendered":"https:\/\/ibcparts.eu\/?post_type=product&#038;p=19143"},"modified":"2025-12-27T18:14:21","modified_gmt":"2025-12-27T17:14:21","slug":"rocka-za-natakanje-diesel","status":"publish","type":"product","link":"https:\/\/ibcparts.eu\/nl\/product\/diesel-vulpistool\/","title":{"rendered":"Ro\u010dka za natakanje (diesel, kurilno olje)"},"content":{"rendered":"<div class=\"paragraph\"><\/div>","protected":false},"excerpt":{"rendered":"<p><span style=\"font-size: large;\">\u200bKvalitetna ro\u010dka za pretakanje diesla in kurilnega olja.<\/span><\/p>\n<ul>\n<li>Maksimalni pretok ro\u010dke 120l\/minuto.<\/li>\n<li>Max pritisk na ro\u010dki 0,5 MPa &#8211; 72.5psi.<\/li>\n<li>Material ro\u010dke: PP<\/li>\n<li>Barva: \u010drna.<\/li>\n<li>Izdelano v EU.<\/li>\n<li><strong>Velikost: 1&#8243; (25mm priklju\u010dek)<br \/>\n<\/strong><\/li>\n<li><strong>Ro\u010dka se ne izklopi avtomatsko, \u010de je rezervoar poln.<\/strong><\/li>\n<li>Ro\u010dka ima zati\u010d, ki dr\u017ei odprt pretok, brez da jo dr\u017eite v roki.<\/li>\n<\/ul>\n<p>Enostavno upravljanje in visoka vzdr\u017eljivost!<\/p>","protected":false},"featured_media":19149,"template":"","meta":[],"product_brand":[],"product_cat":[187,486],"product_tag":[484],"class_list":{"0":"post-19143","1":"product","2":"type-product","3":"status-publish","4":"has-post-thumbnail","6":"product_cat-pripomocki-za-pretakanje-tekocine","7":"product_cat-rocke-za-pretakanje-tekocine","8":"product_tag-rocka-za-natakanje-diesla-in-kurilnega-olja","10":"first","11":"instock","12":"shipping-taxable","13":"purchasable","14":"product-type-simple"},"yoast_head":"<!-- This site is optimized with the Yoast SEO plugin v27.1.1 - https:\/\/yoast.com\/product\/yoast-seo-wordpress\/ -->\n<title>Ro\u010dka za natakanje (diesel, kurilno olje) | IBCparts.eu<\/title>\n<meta name=\"description\" content=\"Kvalitetna ro\u010dka za pretakanje diesla in kurilnega olja. Maksimalni pretok ro\u010dke 120l\/minuto. Velikost: 1&quot; (25mm priklju\u010dek).\" \/>\n<meta name=\"robots\" content=\"index, follow, max-snippet:-1, max-image-preview:large, max-video-preview:-1\" \/>\n<link rel=\"canonical\" href=\"https:\/\/ibcparts.eu\/nl\/prodotto\/rocka-za-natakanje-diesel\/\" \/>\n<meta property=\"og:locale\" content=\"nl_NL\" \/>\n<meta property=\"og:type\" content=\"article\" \/>\n<meta property=\"og:title\" content=\"Ro\u010dka za natakanje (diesel, kurilno olje) | IBCparts.eu\" \/>\n<meta property=\"og:description\" content=\"Kvalitetna ro\u010dka za pretakanje diesla in kurilnega olja. Maksimalni pretok ro\u010dke 120l\/minuto. Velikost: 1&quot; (25mm priklju\u010dek).\" \/>\n<meta property=\"og:url\" content=\"https:\/\/ibcparts.eu\/nl\/prodotto\/rocka-za-natakanje-diesel\/\" \/>\n<meta property=\"og:site_name\" content=\"IBCparts.eu\" \/>\n<meta property=\"article:modified_time\" content=\"2025-12-27T17:14:21+00:00\" \/>\n<meta property=\"og:image\" content=\"https:\/\/ibcparts.eu\/wp-content\/uploads\/2025\/12\/Rocka-za-pretakanje-diesla-kurilnega-olja.png\" \/>\n\t<meta property=\"og:image:width\" content=\"500\" \/>\n\t<meta property=\"og:image:height\" content=\"500\" \/>\n\t<meta property=\"og:image:type\" content=\"image\/png\" \/>\n<meta name=\"twitter:card\" content=\"summary_large_image\" \/>\n<script type=\"application\/ld+json\" class=\"yoast-schema-graph\">{\"@context\":\"https:\/\/schema.org\",\"@graph\":[{\"@type\":\"WebPage\",\"@id\":\"https:\/\/ibcparts.eu\/it\/prodotto\/rocka-za-natakanje-diesel\/\",\"url\":\"https:\/\/ibcparts.eu\/it\/prodotto\/rocka-za-natakanje-diesel\/\",\"name\":\"Ro\u010dka za natakanje (diesel, kurilno olje) | IBCparts.eu\",\"isPartOf\":{\"@id\":\"https:\/\/ibcparts.eu\/#website\"},\"primaryImageOfPage\":{\"@id\":\"https:\/\/ibcparts.eu\/it\/prodotto\/rocka-za-natakanje-diesel\/#primaryimage\"},\"image\":{\"@id\":\"https:\/\/ibcparts.eu\/it\/prodotto\/rocka-za-natakanje-diesel\/#primaryimage\"},\"thumbnailUrl\":\"https:\/\/ibcparts.eu\/wp-content\/uploads\/2025\/12\/Rocka-za-pretakanje-diesla-kurilnega-olja.png\",\"datePublished\":\"2025-12-17T13:03:29+00:00\",\"dateModified\":\"2025-12-27T17:14:21+00:00\",\"description\":\"Kvalitetna ro\u010dka za pretakanje diesla in kurilnega olja. Maksimalni pretok ro\u010dke 120l\/minuto. Velikost: 1\\\" (25mm priklju\u010dek).\",\"breadcrumb\":{\"@id\":\"https:\/\/ibcparts.eu\/it\/prodotto\/rocka-za-natakanje-diesel\/#breadcrumb\"},\"inLanguage\":\"nl-NL\",\"potentialAction\":[{\"@type\":\"ReadAction\",\"target\":[\"https:\/\/ibcparts.eu\/it\/prodotto\/rocka-za-natakanje-diesel\/\"]}]},{\"@type\":\"ImageObject\",\"inLanguage\":\"nl-NL\",\"@id\":\"https:\/\/ibcparts.eu\/it\/prodotto\/rocka-za-natakanje-diesel\/#primaryimage\",\"url\":\"https:\/\/ibcparts.eu\/wp-content\/uploads\/2025\/12\/Rocka-za-pretakanje-diesla-kurilnega-olja.png\",\"contentUrl\":\"https:\/\/ibcparts.eu\/wp-content\/uploads\/2025\/12\/Rocka-za-pretakanje-diesla-kurilnega-olja.png\",\"width\":500,\"height\":500,\"caption\":\"Ro\u010dka za pretakanje diesla, kurilnega olja\"},{\"@type\":\"BreadcrumbList\",\"@id\":\"https:\/\/ibcparts.eu\/it\/prodotto\/rocka-za-natakanje-diesel\/#breadcrumb\",\"itemListElement\":[{\"@type\":\"ListItem\",\"position\":1,\"name\":\"Home\",\"item\":\"https:\/\/ibcparts.eu\/\"},{\"@type\":\"ListItem\",\"position\":2,\"name\":\"Nakupujte\",\"item\":\"https:\/\/ibcparts.eu\/nakupujte\/\"},{\"@type\":\"ListItem\",\"position\":3,\"name\":\"Ro\u010dka za natakanje (diesel, kurilno olje)\"}]},{\"@type\":\"WebSite\",\"@id\":\"https:\/\/ibcparts.eu\/#website\",\"url\":\"https:\/\/ibcparts.eu\/\",\"name\":\"IBCparts.eu\",\"description\":\"\",\"publisher\":{\"@id\":\"https:\/\/ibcparts.eu\/#organization\"},\"potentialAction\":[{\"@type\":\"SearchAction\",\"target\":{\"@type\":\"EntryPoint\",\"urlTemplate\":\"https:\/\/ibcparts.eu\/?s={search_term_string}\"},\"query-input\":{\"@type\":\"PropertyValueSpecification\",\"valueRequired\":true,\"valueName\":\"search_term_string\"}}],\"inLanguage\":\"nl-NL\"},{\"@type\":\"Organization\",\"@id\":\"https:\/\/ibcparts.eu\/#organization\",\"name\":\"IBCparts\",\"url\":\"https:\/\/ibcparts.eu\/\",\"logo\":{\"@type\":\"ImageObject\",\"inLanguage\":\"nl-NL\",\"@id\":\"https:\/\/ibcparts.eu\/#\/schema\/logo\/image\/\",\"url\":\"https:\/\/ibcparts.eu\/wp-content\/uploads\/2021\/10\/Footer-Logo.png\",\"contentUrl\":\"https:\/\/ibcparts.eu\/wp-content\/uploads\/2021\/10\/Footer-Logo.png\",\"width\":1992,\"height\":772,\"caption\":\"IBCparts\"},\"image\":{\"@id\":\"https:\/\/ibcparts.eu\/#\/schema\/logo\/image\/\"}}]}<\/script>\n<!-- \/ Yoast SEO plugin. -->","yoast_head_json":{"title":"Ro\u010dka za natakanje (diesel, kurilno olje) | IBCparts.eu","description":"Kvalitetna ro\u010dka za pretakanje diesla in kurilnega olja. Maksimalni pretok ro\u010dke 120l\/minuto. Velikost: 1\" (25mm priklju\u010dek).","robots":{"index":"index","follow":"follow","max-snippet":"max-snippet:-1","max-image-preview":"max-image-preview:large","max-video-preview":"max-video-preview:-1"},"canonical":"https:\/\/ibcparts.eu\/nl\/prodotto\/rocka-za-natakanje-diesel\/","og_locale":"nl_NL","og_type":"article","og_title":"Ro\u010dka za natakanje (diesel, kurilno olje) | IBCparts.eu","og_description":"Kvalitetna ro\u010dka za pretakanje diesla in kurilnega olja. Maksimalni pretok ro\u010dke 120l\/minuto. Velikost: 1\" (25mm priklju\u010dek).","og_url":"https:\/\/ibcparts.eu\/nl\/prodotto\/rocka-za-natakanje-diesel\/","og_site_name":"IBCparts.eu","article_modified_time":"2025-12-27T17:14:21+00:00","og_image":[{"width":500,"height":500,"url":"https:\/\/ibcparts.eu\/wp-content\/uploads\/2025\/12\/Rocka-za-pretakanje-diesla-kurilnega-olja.png","type":"image\/png"}],"twitter_card":"summary_large_image","schema":{"@context":"https:\/\/schema.org","@graph":[{"@type":"WebPage","@id":"https:\/\/ibcparts.eu\/it\/prodotto\/rocka-za-natakanje-diesel\/","url":"https:\/\/ibcparts.eu\/it\/prodotto\/rocka-za-natakanje-diesel\/","name":"Ro\u010dka za natakanje (diesel, kurilno olje) | IBCparts.eu","isPartOf":{"@id":"https:\/\/ibcparts.eu\/#website"},"primaryImageOfPage":{"@id":"https:\/\/ibcparts.eu\/it\/prodotto\/rocka-za-natakanje-diesel\/#primaryimage"},"image":{"@id":"https:\/\/ibcparts.eu\/it\/prodotto\/rocka-za-natakanje-diesel\/#primaryimage"},"thumbnailUrl":"https:\/\/ibcparts.eu\/wp-content\/uploads\/2025\/12\/Rocka-za-pretakanje-diesla-kurilnega-olja.png","datePublished":"2025-12-17T13:03:29+00:00","dateModified":"2025-12-27T17:14:21+00:00","description":"Kvalitetna ro\u010dka za pretakanje diesla in kurilnega olja. Maksimalni pretok ro\u010dke 120l\/minuto. Velikost: 1\" (25mm priklju\u010dek).","breadcrumb":{"@id":"https:\/\/ibcparts.eu\/it\/prodotto\/rocka-za-natakanje-diesel\/#breadcrumb"},"inLanguage":"nl-NL","potentialAction":[{"@type":"ReadAction","target":["https:\/\/ibcparts.eu\/it\/prodotto\/rocka-za-natakanje-diesel\/"]}]},{"@type":"ImageObject","inLanguage":"nl-NL","@id":"https:\/\/ibcparts.eu\/it\/prodotto\/rocka-za-natakanje-diesel\/#primaryimage","url":"https:\/\/ibcparts.eu\/wp-content\/uploads\/2025\/12\/Rocka-za-pretakanje-diesla-kurilnega-olja.png","contentUrl":"https:\/\/ibcparts.eu\/wp-content\/uploads\/2025\/12\/Rocka-za-pretakanje-diesla-kurilnega-olja.png","width":500,"height":500,"caption":"Ro\u010dka za pretakanje diesla, kurilnega olja"},{"@type":"BreadcrumbList","@id":"https:\/\/ibcparts.eu\/it\/prodotto\/rocka-za-natakanje-diesel\/#breadcrumb","itemListElement":[{"@type":"ListItem","position":1,"name":"Home","item":"https:\/\/ibcparts.eu\/"},{"@type":"ListItem","position":2,"name":"Nakupujte","item":"https:\/\/ibcparts.eu\/nakupujte\/"},{"@type":"ListItem","position":3,"name":"Ro\u010dka za natakanje (diesel, kurilno olje)"}]},{"@type":"WebSite","@id":"https:\/\/ibcparts.eu\/#website","url":"https:\/\/ibcparts.eu\/","name":"IBCparts.eu","description":"","publisher":{"@id":"https:\/\/ibcparts.eu\/#organization"},"potentialAction":[{"@type":"SearchAction","target":{"@type":"EntryPoint","urlTemplate":"https:\/\/ibcparts.eu\/?s={search_term_string}"},"query-input":{"@type":"PropertyValueSpecification","valueRequired":true,"valueName":"search_term_string"}}],"inLanguage":"nl-NL"},{"@type":"Organization","@id":"https:\/\/ibcparts.eu\/#organization","name":"IBCparts","url":"https:\/\/ibcparts.eu\/","logo":{"@type":"ImageObject","inLanguage":"nl-NL","@id":"https:\/\/ibcparts.eu\/#\/schema\/logo\/image\/","url":"https:\/\/ibcparts.eu\/wp-content\/uploads\/2021\/10\/Footer-Logo.png","contentUrl":"https:\/\/ibcparts.eu\/wp-content\/uploads\/2021\/10\/Footer-Logo.png","width":1992,"height":772,"caption":"IBCparts"},"image":{"@id":"https:\/\/ibcparts.eu\/#\/schema\/logo\/image\/"}}]}},"_links":{"self":[{"href":"https:\/\/ibcparts.eu\/nl\/wp-json\/wp\/v2\/product\/19143","targetHints":{"allow":["GET"]}}],"collection":[{"href":"https:\/\/ibcparts.eu\/nl\/wp-json\/wp\/v2\/product"}],"about":[{"href":"https:\/\/ibcparts.eu\/nl\/wp-json\/wp\/v2\/types\/product"}],"version-history":[{"count":2,"href":"https:\/\/ibcparts.eu\/nl\/wp-json\/wp\/v2\/product\/19143\/revisions"}],"predecessor-version":[{"id":19453,"href":"https:\/\/ibcparts.eu\/nl\/wp-json\/wp\/v2\/product\/19143\/revisions\/19453"}],"wp:featuredmedia":[{"embeddable":true,"href":"https:\/\/ibcparts.eu\/nl\/wp-json\/wp\/v2\/media\/19149"}],"wp:attachment":[{"href":"https:\/\/ibcparts.eu\/nl\/wp-json\/wp\/v2\/media?parent=19143"}],"wp:term":[{"taxonomy":"product_brand","embeddable":true,"href":"https:\/\/ibcparts.eu\/nl\/wp-json\/wp\/v2\/product_brand?post=19143"},{"taxonomy":"product_cat","embeddable":true,"href":"https:\/\/ibcparts.eu\/nl\/wp-json\/wp\/v2\/product_cat?post=19143"},{"taxonomy":"product_tag","embeddable":true,"href":"https:\/\/ibcparts.eu\/nl\/wp-json\/wp\/v2\/product_tag?post=19143"}],"curies":[{"name":"wp","href":"https:\/\/api.w.org\/{rel}","templated":true}]}}