{"id":18759,"date":"2025-12-04T07:46:50","date_gmt":"2025-12-04T06:46:50","guid":{"rendered":"https:\/\/ibcparts.eu\/?post_type=product&#038;p=18759"},"modified":"2026-01-14T09:23:38","modified_gmt":"2026-01-14T08:23:38","slug":"duo-zaporedno","status":"publish","type":"product","link":"https:\/\/ibcparts.eu\/nl\/product\/duo-inline\/","title":{"rendered":"DUO ZAPOREDNO &#8211; povezava dveh IBC cistern (ena za drugo)"},"content":{"rendered":"<p style=\"margin-bottom: var(--wd-tags-margin-bottom); font-style: normal; font-variant-ligatures: normal; font-variant-caps: normal; font-weight: 400; font-family: Lato, Arial, Helvetica, sans-serif; font-size: 14px;\"><strong>Upgrade-opties:<\/strong><\/p>\n<ul style=\"margin-bottom: var(--list-mb); padding-left: var(--li-pl); font-style: normal; font-variant-ligatures: normal; font-variant-caps: normal; font-family: Lato, Arial, Helvetica, sans-serif; font-size: 14px; --list-mb: 20px; --li-mb: 10px; --li-pl: 17px;\">\n<li style=\"margin-bottom: var(--li-mb); font-size: 14px;\"><b>Gumijasto tesnilo<\/b> 2x (GRATIS): Zgolj rezerva. Originalno penasto tesnilo se s\u010dasoma potla\u010di. \u010ce so na ventilu nepravilnosti, se lahko tako tesnilo po\u0161koduje. V tem primeru ga nadomestite z gumijastim tesnilom. Ne uporabljajte dveh tesnil hkrati, ker ni potrebe.<\/li>\n<li style=\"margin-bottom: var(--li-mb); font-size: 14px;\"><b>Duo PLUS<\/b> (Priklop za vrtno cev z ventilom): Ta nadgradnja obstoje\u010di povezavi doda ventil s priklopom za vrtno cev. Obi\u010dajno je zelo prakti\u010dno, da je vrtna cev vedno priklopljena, glavna pipa pa je namenjena hitremu pretakanju v zalivalko.<\/li>\n<li style=\"font-size: 14px;\"><b>SkyTap<\/b> (Pipa dvignjena na vi\u0161ino zalivalke): Ta nadgradnja povi\u0161a polo\u017eaj glavne pipe na povezavi na vi\u0161ino zalivalke (cca 35cm od tal).<\/li>\n<\/ul>\n<p style=\"margin-bottom: var(--wd-tags-margin-bottom); font-style: normal; font-variant-ligatures: normal; font-variant-caps: normal; font-family: Lato, Arial, Helvetica, sans-serif; font-size: 14px;\"><b>Napotek:<br \/>\n<\/b>\u010ce boste vodo speljali v eno cisterno, mora imeti druga cisterna omogo\u010deno odzra\u010devanje, da se voda nemoteno pretaka preko ventilov.<\/p>\n<p><strong>Dit kunt u op verschillende manieren doen:<\/strong><\/p>\n<p class=\" translation-block\"><strong style=\"color: #666666;font-family: 'Libre Franklin';font-size: 16px;font-style: normal\">1. <\/strong>Als u het niet erg vindt dat het water via de opening van het deksel van de tweede tank naar buiten stroomt wanneer deze tot de rand is gevuld, kunt u het deksel eenvoudig iets losdraaien \u2013 net genoeg om lucht door te laten. Zodra beide tanks volledig zijn gevuld, zal het overtollige water (overloop) hier wegstromen.<br style=\"color: #666666;font-family: 'Libre Franklin';font-size: 16px\"><strong style=\"color: #666666;font-family: 'Libre Franklin';font-size: 16px;font-style: normal\">2. <\/strong>Een <a href=\"https:\/\/ibcparts.eu\/izdelek\/pokrov-z-oddusnikom\/\" target=\"_self\"><span style=\"color: #666666;font-family: Libre Franklin\">ontluchtingsdeksel<\/span><\/a> werkt op een vergelijkbare manier \u2013 lucht kan passeren, maar ook water stroomt weg zodra de tanks tot de rand zijn gevuld.<br style=\"color: #666666;font-family: 'Libre Franklin';font-size: 16px\"><strong style=\"color: #666666;font-family: 'Libre Franklin';font-size: 16px;font-style: normal\">3.<\/strong> U kunt een <a style=\"color: #666666;font-family: 'Libre Franklin';font-size: 16px;font-style: normal;font-weight: 300\" href=\"https:\/\/ibcparts.eu\/izdelek\/pokrov-pipelink\/\" target=\"_self\">PipeLink-deksel<\/a> gebruiken (zoals weergegeven in de animatie) of een <a href=\"https:\/\/ibcparts.eu\/izdelek\/pokrov-autovent\/\" target=\"_self\"><i>AutoVent<\/i><\/a>-deksel \u2013 <b>aanbevolen.<\/b><br style=\"color: #666666;font-family: 'Libre Franklin';font-size: 16px\"><strong style=\"color: #666666;font-family: 'Libre Franklin';font-size: 16px;font-style: normal\">4.<\/strong> Gebruik een deksel met uitgang en bevestig hierop een geschikte koppeling (bijv. T-stuk voor PE-buis, tuinslang, flexibele slang, PVC-buis\u2026).<br style=\"color: #666666;font-family: 'Libre Franklin';font-size: 16px\"><strong style=\"color: #666666;font-family: 'Libre Franklin';font-size: 16px;font-style: normal\">5. <\/strong>Als er een groter hoogteverschil is tussen de afvoer van de regenpijp en de bovenkant van de tank, kunt u een <a style=\"color: #666666;font-family: 'Libre Franklin';font-size: 16px;font-style: normal;font-weight: 300\" href=\"https:\/\/ibcparts.eu\/izdelek\/skoznik-flowtek-bend\/\" target=\"_self\">FlowTek Bend doorvoer<\/a> gebruiken (gebruik een deksel met uitgang of boor een gat in de tank). Sluit hier een tuinslang op aan. Bevestig het andere uiteinde van de slang boven het niveau waar het water de tank binnenkomt (bij<\/p>\n<p>&nbsp;<\/p>\n<p style=\"margin-bottom: var(--wd-tags-margin-bottom); font-style: normal; font-variant-ligatures: normal; font-variant-caps: normal; font-weight: 400; font-family: Lato, Arial, Helvetica, sans-serif; font-size: 14px;\">Za dodatna vpra\u0161anja in svetovanje nas kontaktirajte.<\/p>\n<p style=\"margin-bottom: var(--wd-tags-margin-bottom); font-style: normal; font-variant-ligatures: normal; font-variant-caps: normal; font-weight: 400; font-family: Lato, Arial, Helvetica, sans-serif; font-size: 14px;\">Prosimo vas, da si pred monta\u017eo preberete spodnja opozorila\/nasvete.<br \/>\nOpozorilo:<br \/>\nCisterne so na prvi pogled enake, vendar se med seboj razlikujejo. Najve\u010dja razlika je prav v ventilih. Standarden in najbolj pogost zunanji premer ventila je 60mm. V praksi se lahko razlikuje in je med\u00a055 in 62mm.<br \/>\nVsi reducirji S60 v na\u0161i ponudbi so zasnovani tako, da ustrezajo vsem grobim navojem na ventilih premera 60mm (S60x6). Glede na malenkostne razlike v \u201cstandardnih\u201d navojih ventilov, je lahko ob\u010dutek pri monta\u017ei reducirja razli\u010den. Lahko se popolnoma prilega, lahko gre malenkost ohlapno ali malenkost bolj na tesno. Ko ga privija\u010dimo do konca, zadeva tesni in je fiksna. Vsi reducirji so preverjene kakovosti.<\/p>\n<p style=\"margin-bottom: var(--wd-tags-margin-bottom); font-style: normal; font-variant-ligatures: normal; font-variant-caps: normal; font-weight: 400; font-family: Lato, Arial, Helvetica, sans-serif; font-size: 14px;\">Nasvet:<br \/>\nPred monta\u017eo bodite pozorni na to, da je lice ventila cisterne (kamor montiramo reducir)\u00a0gladko in nepo\u0161kodovano. Nove cisterne imajo aluminijasto plombo na odprtini ventila \u2013 \u010de je ta povr\u0161no odstranjena, je lahko to vzrok slab\u0161ega tesnjenja reducirja. Vsakr\u0161ne nepravilnosti na ventilu odstranite oz pobrusite s smirkovim papirjem pred prvo monta\u017eo reducirja.<\/p>\n<p style=\"margin-bottom: var(--wd-tags-margin-bottom); font-style: normal; font-variant-ligatures: normal; font-variant-caps: normal; font-weight: 400; font-family: Lato, Arial, Helvetica, sans-serif; font-size: 14px;\">Reducirji AVA, uporabljeni v sistemih DUO ZAPOREDNO so izredno trpe\u017eni in UV odporni.<\/p>\n<p>Spodaj je prikazana animacija ene izmed mo\u017enosti delujo\u010de povezave (sicer prikazan DUO KLASIK, delovanje je enako):<br \/>\nUporabljen je Filter padne vode\u00a0ter pokrov\u00a0<a style=\"font-style: normal; font-variant-ligatures: normal; font-variant-caps: normal; font-weight: 400; font-family: Lato, Arial, Helvetica, sans-serif; font-size: 14px;\" href=\"https:\/\/ibcparts.eu\/izdelek\/tritonflex\/\"><i style=\"font-size: 14px;\">TritonFlex<\/i><\/a>. Na drugi cisterni je pokrov z oddu\u0161nikom.<\/p>\n<p><img decoding=\"async\" src=\"https:\/\/ibcparts.eu\/wp-content\/uploads\/2021\/11\/povezava-ibc-cistern-duo-animacija-1.gif\" alt=\"\" width=\"435\" height=\"397\" \/><\/p>","protected":false},"excerpt":{"rendered":"<div class=\"paragraph\">\n<h2 data-start=\"243\" data-end=\"390\"><strong data-start=\"243\" data-end=\"390\">Mo\u010dna, zanesljiva in ugodna zaporedna povezava dveh IBC cistern (ena za drugo) s fleksibilno cevjo \u2013 \u017ee sestavljena in pripravljena za monta\u017eo.<\/strong><\/h2>\n<p data-start=\"392\" data-end=\"808\">DUO ZAPOREDNO je sistem za <strong data-start=\"419\" data-end=\"471\">povezavo dveh IBC cistern v zaporedni postavitvi<\/strong>, kjer sta cisterne postavljeni ena za drugo in obrnjeni v isto smer. Povezava poteka s <strong data-start=\"559\" data-end=\"589\">fleksibilno armirano cevjo<\/strong>, ki omogo\u010da prilagodljivo monta\u017eo. Sistem je primeren za zbiranje de\u017eevnice, tehni\u010dno vodo in druge aplikacije, kjer je potrebna stabilna, dolgotrajna in zanesljiva re\u0161itev brez pu\u0161\u010danja.<\/p>\n<hr data-start=\"810\" data-end=\"813\" \/>\n<h3 data-start=\"815\" data-end=\"847\">Zakaj izbrati DUO ZAPOREDNO?<\/h3>\n<ul>\n<li data-start=\"850\" data-end=\"884\">Sterke en beproefde constructie<\/li>\n<li data-start=\"887\" data-end=\"931\">\u017de sestavljen sistem \u2013 brez dodatnega dela<\/li>\n<li data-start=\"934\" data-end=\"992\">Zaporedna postavitev cistern (ena za drugo, v isto smer)<\/li>\n<li data-start=\"995\" data-end=\"1059\">Fleksibilna armirana cev za la\u017ejo prilagoditev<\/li>\n<li data-start=\"1062\" data-end=\"1119\">EPDM tesnilo \u2013 odli\u010dno tesnjenje in visoka vzdr\u017eljivost<\/li>\n<li data-start=\"1122\" data-end=\"1155\">Zelo enostavna in hitra monta\u017ea<\/li>\n<\/ul>\n<p><u><strong>Opcije:<br \/>\n<\/strong><\/u><strong>ZAPBREZ: <span style=\"color: #508d24; font-size: medium;\">35,99\u20ac<\/span><\/strong>\u00a0Brez pipe in t-kosa, samo povezava med cisternama.<br \/>\n<strong>ZAP1<\/strong>: <strong><span style=\"color: #508d24; font-size: medium;\">47,50\u20ac <\/span><\/strong>Kovinska 3\/4&#8243; pipa\u00a0GardenFlow*\u00a0z nastavkom za cev.<br \/>\n<strong>ZAP2<\/strong>: <strong><span style=\"color: #508d24; font-size: medium;\">53,50\u20ac <\/span><\/strong>Kovinska 3\/4&#8221; pipa\u00a0HighFlow*\u00a0z nastavkom za cev.<br \/>\n<strong>ZAP3<\/strong>: <strong><span style=\"color: #508d24; font-size: medium;\">59,50\u20ac <\/span><\/strong>Kovinska dvojna 1\/2&#8243; PRO pipa* z nastavkom za cev in s &#8220;klik&#8221; nastavkom.<br \/>\n<strong>ZAP4<\/strong>: <strong><span style=\"color: #508d24; font-size: medium;\">65,50\u20ac <\/span><\/strong>Kovinska dvojna 3\/4&#8243; PRO pipa* z nastavkom za cev in s &#8220;klik&#8221; nastavkom.<br \/>\n<strong>ZAP5<\/strong>: <strong><span style=\"color: #508d24; font-size: medium;\">58,50\u20ac <\/span><\/strong>Kovinska\u00a0 1&#8243;\u00a0 pipa\u00a0QuickFlow\u00a0z nastavkom za cev.<br \/>\n<strong>ZAP6<\/strong>: <strong><span style=\"color: #508d24; font-size: medium;\">58,50\u20ac <\/span><\/strong>Plasti\u010dni\u00a01&#8243; MF PRO ventil*\u00a0s plasti\u010dnim ravnim nastavkom za cev 25mm.<br \/>\n<strong>ZAP7<\/strong>: <strong><span style=\"color: #508d24; font-size: medium;\">58,50\u20ac <\/span><\/strong>Kovinski\u00a0 1&#8243; PRO ventil* z medeninastim ravnim nastavkom za cev 25mm.<br \/>\n<strong>ZAP8<\/strong>: <strong><span style=\"color: #508d24; font-size: medium;\">58,50\u20ac <\/span><\/strong>Plasti\u010dni\u00a01&#8243; MF PRO ventil*\u00a0s plasti\u010dnim nastavkom &#8211; koleno za cev 25mm.<br \/>\n\u200b<\/p>\n<p data-start=\"1966\" data-end=\"2062\">\u27a1\ufe0f <strong data-start=\"1969\" data-end=\"2008\">Sistem lahko sestavimo tudi po meri<\/strong> \u2013 ve\u010d izhodov, ventili za hidrofor, dodatne pipe itd.<\/p>\n<p><strong>Paket vsebuje:<\/strong><br \/>\n2x reducir AVA za cisterne z ventilom fi 55-62mm, grobi navoj S60x6 (DN50)., PP T-kos F, vrtljivo koleno F, <strong>200 cm<\/strong> armirane fleksibilne cevi 1&#8243; (32m), pipo, redukcijo, 2x objemka 32mm.<\/p>\n<p><strong>*Ve\u010d informacij o pipah in ventilih lahko najdete\u00a0<a href=\"https:\/\/ibcparts.eu\/kategorije\/pipe-ventili-in-medeninasti-prikljucki\/\">tukaj<\/a>.<\/strong><\/p>\n<h3 data-start=\"2128\" data-end=\"2154\">Afdichting en materialen<\/h3>\n<p data-start=\"2155\" data-end=\"2318\">Uporabljeno je <strong data-start=\"2170\" data-end=\"2194\">tesnilo iz EPDM gume<\/strong>, ki zagotavlja <strong data-start=\"2210\" data-end=\"2261\">zanesljivo, dolgotrajno tesnjenje brez pu\u0161\u010danja<\/strong>, tudi pri starej\u0161ih ali rahlo po\u0161kodovanih IBC ventilih.<\/p>\n<p data-start=\"2320\" data-end=\"2519\">Povezovalna <strong data-start=\"2332\" data-end=\"2375\">armirana fleksibilna cev dol\u017eine 200 cm<\/strong> omogo\u010da ve\u010dji razmak med cisternama, \u010de je to potrebno. Cev lahko po \u017eelji tudi skraj\u0161ate.<br data-start=\"2466\" data-end=\"2469\" \/><em data-start=\"2469\" data-end=\"2519\">(Standardna dol\u017eina IBC cisterne je cca 120 cm.)<\/em><\/p>\n<hr data-start=\"2521\" data-end=\"2524\" \/>\n<h3 data-start=\"2526\" data-end=\"2549\">Dodatne informacije<\/h3>\n<ul>\n<li data-start=\"2552\" data-end=\"2630\">Sistem je dobavljiv v velikosti <strong data-start=\"2584\" data-end=\"2598\">1\u2033 (32 mm)<\/strong>, razen \u010de je druga\u010de ozna\u010deno<\/li>\n<li data-start=\"2633\" data-end=\"2720\">Povezovalna cev poteka <strong data-start=\"2656\" data-end=\"2679\">med paleto cisterne<\/strong>, kar omogo\u010da \u010disto in varno postavitev<\/li>\n<li data-start=\"2723\" data-end=\"2776\">Monta\u017ea je zelo enostavna \u2013 sistem je \u017ee sestavljen<\/li>\n<\/ul>\n<hr data-start=\"3738\" data-end=\"3741\" \/>\n<h3 data-start=\"3062\" data-end=\"3089\">Razlika med DUO sistemi<\/h3>\n<ul>\n<li class=\" translation-block\"><strong>SIMPLE<\/strong>: kraan of klep op de uiterst linker of rechter tank (u kunt dit tijdens de montage bepalen \u2013 aan te passen aan uw behoeften \u2013 zie de afbeelding in de galerij bij SIMPLE).<\/li>\n<li><strong>KLASIK<\/strong>: pipa ali ventil med dvema cisternama (med katerima dvema se lahko odlo\u010dite takrat, ko montirate \u2013 prilagodite va\u0161im potrebam \u2013 glejte sliko v galeriji pri KLASIK).<\/li>\n<li><strong>FLEXI<\/strong>: povezava dveh cistern s fleksibilno armirano cevjo \u2013 (glejte sliko v galeriji pri FLEXI).<\/li>\n<li><strong>ZAPOREDNO<\/strong>: povezava dveh cistern s fleksibilno armirano cevjo v postavitvi ena za drugo, obe obrnjeni v isto smer \u2013 (glejte sliko v galeriji pri ZAPOREDNO).<\/li>\n<li><strong>VERTIKAL<\/strong>: povezava dveh cistern v postavitvi ena na vrhu druge \u2013 (glejte sliko v galeriji pri VERTIKAL).<\/li>\n<\/ul>\n<hr data-start=\"3429\" data-end=\"3432\" \/>\n<p data-start=\"3434\" data-end=\"3736\"><strong data-start=\"3434\" data-end=\"3736\">DUO ZAPOREDNO ustreza ve\u010dini IBC cistern s standardnim ventilom S60\u00d76. Monta\u017ea je zelo enostavna, sistem je \u017ee predsestavljen in ne zahteva posebnega znanja. Vsi materiali so vzdr\u017eljivi, UV odporni in primerni za dolgotrajno zunanjo uporabo. Pri druga\u010dnem navoju ventila sistem prilagodimo po meri.<\/strong><\/p>\n<\/div>","protected":false},"featured_media":18769,"template":"","meta":[],"product_brand":[],"product_cat":[264,189],"product_tag":[332,331,456],"class_list":{"0":"post-18759","1":"product","2":"type-product","3":"status-publish","4":"has-post-thumbnail","6":"product_cat-sistemi-duo","7":"product_cat-sistemi-za-povezavo","8":"product_tag-ibc-connection-system","9":"product_tag-povezava-ibc-cistern-s-fleksibilno-1-cevjo","10":"product_tag-zaporedna-povezava-dveh-ibc-cistern","12":"first","13":"instock","14":"shipping-taxable","15":"purchasable","16":"product-type-variable"},"yoast_head":"<!-- This site is optimized with the Yoast SEO plugin v27.1.1 - https:\/\/yoast.com\/product\/yoast-seo-wordpress\/ -->\n<title>DUO ZAPOREDNO - povezava dveh IBC cistern (ena za drugo) | IBCparts.eu<\/title>\n<meta name=\"description\" content=\"Enostaven, mo\u010dan, ugoden sistem za povezavo dveh IBC cistern v postavitvi ena za drugo s fleksibilno armirano cevjo premera 32mm (1&quot;).\" \/>\n<meta name=\"robots\" content=\"index, follow, max-snippet:-1, max-image-preview:large, max-video-preview:-1\" \/>\n<link rel=\"canonical\" href=\"https:\/\/ibcparts.eu\/nl\/product\/duo-inline\/\" \/>\n<meta property=\"og:locale\" content=\"nl_NL\" \/>\n<meta property=\"og:type\" content=\"article\" \/>\n<meta property=\"og:title\" content=\"DUO ZAPOREDNO - povezava dveh IBC cistern (ena za drugo) | IBCparts.eu\" \/>\n<meta property=\"og:description\" content=\"Enostaven, mo\u010dan, ugoden sistem za povezavo dveh IBC cistern v postavitvi ena za drugo s fleksibilno armirano cevjo premera 32mm (1&quot;).\" \/>\n<meta property=\"og:url\" content=\"https:\/\/ibcparts.eu\/nl\/product\/duo-inline\/\" \/>\n<meta property=\"og:site_name\" content=\"IBCparts.eu\" \/>\n<meta property=\"article:modified_time\" content=\"2026-01-14T08:23:38+00:00\" \/>\n<meta property=\"og:image\" content=\"https:\/\/ibcparts.eu\/wp-content\/uploads\/2025\/12\/povezava-IBC-cistern-DUO-zaporedno.png\" \/>\n\t<meta property=\"og:image:width\" content=\"500\" \/>\n\t<meta property=\"og:image:height\" content=\"500\" \/>\n\t<meta property=\"og:image:type\" content=\"image\/png\" \/>\n<meta name=\"twitter:card\" content=\"summary_large_image\" \/>\n<meta name=\"twitter:label1\" content=\"Geschatte leestijd\" \/>\n\t<meta name=\"twitter:data1\" content=\"3 minuten\" \/>\n<script type=\"application\/ld+json\" class=\"yoast-schema-graph\">{\"@context\":\"https:\/\/schema.org\",\"@graph\":[{\"@type\":\"WebPage\",\"@id\":\"https:\/\/ibcparts.eu\/izdelek\/duo-zaporedno\/\",\"url\":\"https:\/\/ibcparts.eu\/izdelek\/duo-zaporedno\/\",\"name\":\"DUO ZAPOREDNO - povezava dveh IBC cistern (ena za drugo) | IBCparts.eu\",\"isPartOf\":{\"@id\":\"https:\/\/ibcparts.eu\/#website\"},\"primaryImageOfPage\":{\"@id\":\"https:\/\/ibcparts.eu\/izdelek\/duo-zaporedno\/#primaryimage\"},\"image\":{\"@id\":\"https:\/\/ibcparts.eu\/izdelek\/duo-zaporedno\/#primaryimage\"},\"thumbnailUrl\":\"https:\/\/ibcparts.eu\/wp-content\/uploads\/2025\/12\/povezava-IBC-cistern-DUO-zaporedno.png\",\"datePublished\":\"2025-12-04T06:46:50+00:00\",\"dateModified\":\"2026-01-14T08:23:38+00:00\",\"description\":\"Enostaven, mo\u010dan, ugoden sistem za povezavo dveh IBC cistern v postavitvi ena za drugo s fleksibilno armirano cevjo premera 32mm (1\\\").\",\"breadcrumb\":{\"@id\":\"https:\/\/ibcparts.eu\/izdelek\/duo-zaporedno\/#breadcrumb\"},\"inLanguage\":\"nl-NL\",\"potentialAction\":[{\"@type\":\"ReadAction\",\"target\":[\"https:\/\/ibcparts.eu\/izdelek\/duo-zaporedno\/\"]}]},{\"@type\":\"ImageObject\",\"inLanguage\":\"nl-NL\",\"@id\":\"https:\/\/ibcparts.eu\/izdelek\/duo-zaporedno\/#primaryimage\",\"url\":\"https:\/\/ibcparts.eu\/wp-content\/uploads\/2025\/12\/povezava-IBC-cistern-DUO-zaporedno.png\",\"contentUrl\":\"https:\/\/ibcparts.eu\/wp-content\/uploads\/2025\/12\/povezava-IBC-cistern-DUO-zaporedno.png\",\"width\":500,\"height\":500,\"caption\":\"povezava dveh IBC cistern DUO zaporedno\"},{\"@type\":\"BreadcrumbList\",\"@id\":\"https:\/\/ibcparts.eu\/izdelek\/duo-zaporedno\/#breadcrumb\",\"itemListElement\":[{\"@type\":\"ListItem\",\"position\":1,\"name\":\"Home\",\"item\":\"https:\/\/ibcparts.eu\/\"},{\"@type\":\"ListItem\",\"position\":2,\"name\":\"Nakupujte\",\"item\":\"https:\/\/ibcparts.eu\/nakupujte\/\"},{\"@type\":\"ListItem\",\"position\":3,\"name\":\"DUO ZAPOREDNO &#8211; povezava dveh IBC cistern (ena za drugo)\"}]},{\"@type\":\"WebSite\",\"@id\":\"https:\/\/ibcparts.eu\/#website\",\"url\":\"https:\/\/ibcparts.eu\/\",\"name\":\"IBCparts.eu\",\"description\":\"\",\"publisher\":{\"@id\":\"https:\/\/ibcparts.eu\/#organization\"},\"potentialAction\":[{\"@type\":\"SearchAction\",\"target\":{\"@type\":\"EntryPoint\",\"urlTemplate\":\"https:\/\/ibcparts.eu\/?s={search_term_string}\"},\"query-input\":{\"@type\":\"PropertyValueSpecification\",\"valueRequired\":true,\"valueName\":\"search_term_string\"}}],\"inLanguage\":\"nl-NL\"},{\"@type\":\"Organization\",\"@id\":\"https:\/\/ibcparts.eu\/#organization\",\"name\":\"IBCparts\",\"url\":\"https:\/\/ibcparts.eu\/\",\"logo\":{\"@type\":\"ImageObject\",\"inLanguage\":\"nl-NL\",\"@id\":\"https:\/\/ibcparts.eu\/#\/schema\/logo\/image\/\",\"url\":\"https:\/\/ibcparts.eu\/wp-content\/uploads\/2021\/10\/Footer-Logo.png\",\"contentUrl\":\"https:\/\/ibcparts.eu\/wp-content\/uploads\/2021\/10\/Footer-Logo.png\",\"width\":1992,\"height\":772,\"caption\":\"IBCparts\"},\"image\":{\"@id\":\"https:\/\/ibcparts.eu\/#\/schema\/logo\/image\/\"}}]}<\/script>\n<!-- \/ Yoast SEO plugin. -->","yoast_head_json":{"title":"DUO ZAPOREDNO - povezava dveh IBC cistern (ena za drugo) | IBCparts.eu","description":"Enostaven, mo\u010dan, ugoden sistem za povezavo dveh IBC cistern v postavitvi ena za drugo s fleksibilno armirano cevjo premera 32mm (1\").","robots":{"index":"index","follow":"follow","max-snippet":"max-snippet:-1","max-image-preview":"max-image-preview:large","max-video-preview":"max-video-preview:-1"},"canonical":"https:\/\/ibcparts.eu\/nl\/product\/duo-inline\/","og_locale":"nl_NL","og_type":"article","og_title":"DUO ZAPOREDNO - povezava dveh IBC cistern (ena za drugo) | IBCparts.eu","og_description":"Enostaven, mo\u010dan, ugoden sistem za povezavo dveh IBC cistern v postavitvi ena za drugo s fleksibilno armirano cevjo premera 32mm (1\").","og_url":"https:\/\/ibcparts.eu\/nl\/product\/duo-inline\/","og_site_name":"IBCparts.eu","article_modified_time":"2026-01-14T08:23:38+00:00","og_image":[{"width":500,"height":500,"url":"https:\/\/ibcparts.eu\/wp-content\/uploads\/2025\/12\/povezava-IBC-cistern-DUO-zaporedno.png","type":"image\/png"}],"twitter_card":"summary_large_image","twitter_misc":{"Geschatte leestijd":"3 minuten"},"schema":{"@context":"https:\/\/schema.org","@graph":[{"@type":"WebPage","@id":"https:\/\/ibcparts.eu\/izdelek\/duo-zaporedno\/","url":"https:\/\/ibcparts.eu\/izdelek\/duo-zaporedno\/","name":"DUO ZAPOREDNO - povezava dveh IBC cistern (ena za drugo) | IBCparts.eu","isPartOf":{"@id":"https:\/\/ibcparts.eu\/#website"},"primaryImageOfPage":{"@id":"https:\/\/ibcparts.eu\/izdelek\/duo-zaporedno\/#primaryimage"},"image":{"@id":"https:\/\/ibcparts.eu\/izdelek\/duo-zaporedno\/#primaryimage"},"thumbnailUrl":"https:\/\/ibcparts.eu\/wp-content\/uploads\/2025\/12\/povezava-IBC-cistern-DUO-zaporedno.png","datePublished":"2025-12-04T06:46:50+00:00","dateModified":"2026-01-14T08:23:38+00:00","description":"Enostaven, mo\u010dan, ugoden sistem za povezavo dveh IBC cistern v postavitvi ena za drugo s fleksibilno armirano cevjo premera 32mm (1\").","breadcrumb":{"@id":"https:\/\/ibcparts.eu\/izdelek\/duo-zaporedno\/#breadcrumb"},"inLanguage":"nl-NL","potentialAction":[{"@type":"ReadAction","target":["https:\/\/ibcparts.eu\/izdelek\/duo-zaporedno\/"]}]},{"@type":"ImageObject","inLanguage":"nl-NL","@id":"https:\/\/ibcparts.eu\/izdelek\/duo-zaporedno\/#primaryimage","url":"https:\/\/ibcparts.eu\/wp-content\/uploads\/2025\/12\/povezava-IBC-cistern-DUO-zaporedno.png","contentUrl":"https:\/\/ibcparts.eu\/wp-content\/uploads\/2025\/12\/povezava-IBC-cistern-DUO-zaporedno.png","width":500,"height":500,"caption":"povezava dveh IBC cistern DUO zaporedno"},{"@type":"BreadcrumbList","@id":"https:\/\/ibcparts.eu\/izdelek\/duo-zaporedno\/#breadcrumb","itemListElement":[{"@type":"ListItem","position":1,"name":"Home","item":"https:\/\/ibcparts.eu\/"},{"@type":"ListItem","position":2,"name":"Nakupujte","item":"https:\/\/ibcparts.eu\/nakupujte\/"},{"@type":"ListItem","position":3,"name":"DUO ZAPOREDNO &#8211; povezava dveh IBC cistern (ena za drugo)"}]},{"@type":"WebSite","@id":"https:\/\/ibcparts.eu\/#website","url":"https:\/\/ibcparts.eu\/","name":"IBCparts.eu","description":"","publisher":{"@id":"https:\/\/ibcparts.eu\/#organization"},"potentialAction":[{"@type":"SearchAction","target":{"@type":"EntryPoint","urlTemplate":"https:\/\/ibcparts.eu\/?s={search_term_string}"},"query-input":{"@type":"PropertyValueSpecification","valueRequired":true,"valueName":"search_term_string"}}],"inLanguage":"nl-NL"},{"@type":"Organization","@id":"https:\/\/ibcparts.eu\/#organization","name":"IBCparts","url":"https:\/\/ibcparts.eu\/","logo":{"@type":"ImageObject","inLanguage":"nl-NL","@id":"https:\/\/ibcparts.eu\/#\/schema\/logo\/image\/","url":"https:\/\/ibcparts.eu\/wp-content\/uploads\/2021\/10\/Footer-Logo.png","contentUrl":"https:\/\/ibcparts.eu\/wp-content\/uploads\/2021\/10\/Footer-Logo.png","width":1992,"height":772,"caption":"IBCparts"},"image":{"@id":"https:\/\/ibcparts.eu\/#\/schema\/logo\/image\/"}}]}},"_links":{"self":[{"href":"https:\/\/ibcparts.eu\/nl\/wp-json\/wp\/v2\/product\/18759","targetHints":{"allow":["GET"]}}],"collection":[{"href":"https:\/\/ibcparts.eu\/nl\/wp-json\/wp\/v2\/product"}],"about":[{"href":"https:\/\/ibcparts.eu\/nl\/wp-json\/wp\/v2\/types\/product"}],"version-history":[{"count":4,"href":"https:\/\/ibcparts.eu\/nl\/wp-json\/wp\/v2\/product\/18759\/revisions"}],"predecessor-version":[{"id":20268,"href":"https:\/\/ibcparts.eu\/nl\/wp-json\/wp\/v2\/product\/18759\/revisions\/20268"}],"wp:featuredmedia":[{"embeddable":true,"href":"https:\/\/ibcparts.eu\/nl\/wp-json\/wp\/v2\/media\/18769"}],"wp:attachment":[{"href":"https:\/\/ibcparts.eu\/nl\/wp-json\/wp\/v2\/media?parent=18759"}],"wp:term":[{"taxonomy":"product_brand","embeddable":true,"href":"https:\/\/ibcparts.eu\/nl\/wp-json\/wp\/v2\/product_brand?post=18759"},{"taxonomy":"product_cat","embeddable":true,"href":"https:\/\/ibcparts.eu\/nl\/wp-json\/wp\/v2\/product_cat?post=18759"},{"taxonomy":"product_tag","embeddable":true,"href":"https:\/\/ibcparts.eu\/nl\/wp-json\/wp\/v2\/product_tag?post=18759"}],"curies":[{"name":"wp","href":"https:\/\/api.w.org\/{rel}","templated":true}]}}