{"id":18615,"date":"2025-12-01T14:11:55","date_gmt":"2025-12-01T13:11:55","guid":{"rendered":"https:\/\/ibcparts.eu\/?post_type=product&#038;p=18615"},"modified":"2026-01-14T10:02:45","modified_gmt":"2026-01-14T09:02:45","slug":"izolacijska-ponjava-thermox","status":"publish","type":"product","link":"https:\/\/ibcparts.eu\/nl\/product\/thermox-thermische-isolatiehoes\/","title":{"rendered":"Izolacijska ponjava ThermoX PU za IBC cisterno"},"content":{"rendered":"","protected":false},"excerpt":{"rendered":"<h2>Izolacijska ponjava ThermoX, zasnovana za izolacijo in ohranjanje temperature IBC cisterne.<\/h2>\n<p>IBC termo prevleka ponuja ve\u010d prednosti:<\/p>\n<ul>\n<li>izdelana iz <strong data-start=\"358\" data-end=\"399\">vzdr\u017eljive 420D tkanine s PU-premazom<\/strong>, ki ponuja odli\u010dno odpornost proti vlagi, obrabi in UV-\u017earkom.<\/li>\n<li>Zelo dobra odpornost na trganje, drgnjenje in vremenske vplive.<\/li>\n<li><strong data-start=\"639\" data-end=\"664\">Odli\u010dna vodoodpornost<\/strong> \u2013 poliuretanski premaz (PU) u\u010dinkovito odbija vodo in \u0161\u010diti vsebino IBC rezervoarja pred de\u017ejem, snegom in vlago, \u010deprav je mi\u0161ljena za notranje prostore in transport.<\/li>\n<li>Zmanj\u0161a izmenjavo zraka.<\/li>\n<li>Zmanj\u0161a kratkotrajna nihanja temperature (ekstremna vro\u010dina\/mraz)<\/li>\n<li>Pokrov se odpira z velcro trakom.<\/li>\n<li>Odprtina pri ventilu se odpira z velcro trakom.<\/li>\n<li>Idealna je za za\u0161\u010dito vsebine pred kratkotrajnimi temperaturnimi nihanji in temperaturnimi vrhovi.<\/li>\n<li><strong data-start=\"783\" data-end=\"805\">Toplotna izolacija<\/strong> \u2013 notranja plast iz <strong data-start=\"826\" data-end=\"849\">aluminijaste folije<\/strong> odbija toploto in pomaga ohranjati stabilno temperaturo vsebine v vro\u010dini ali mrazu.<\/li>\n<li>Minimalen ali nikakr\u0161en prenos toplote od zunaj.<\/li>\n<li>Enostavna monta\u017ea na katero koli standardno 1000-litrsko cisterno.<\/li>\n<li>Dimenzija: 1200 x 1000 x 1150 mm<\/li>\n<\/ul>","protected":false},"featured_media":18616,"template":"","meta":[],"product_brand":[],"product_cat":[317,262],"product_tag":[432],"class_list":{"0":"post-18615","1":"product","2":"type-product","3":"status-publish","4":"has-post-thumbnail","6":"product_cat-grelniki-zascitne-in-termoizolacijske-ponjave-za-sode-in-ibc-cisterne","7":"product_cat-zascitne-ponjave","8":"product_tag-izolacijska-ponjava-thermox","10":"first","11":"instock","12":"shipping-taxable","13":"purchasable","14":"product-type-simple"},"yoast_head":"<!-- This site is optimized with the Yoast SEO plugin v27.1.1 - https:\/\/yoast.com\/product\/yoast-seo-wordpress\/ -->\n<title>Izolacijska ponjava ThermoX PU za IBC cisterno | IBCparts.eu<\/title>\n<meta name=\"description\" content=\"Izolacijska ponjava ThermoX iz 420D PU z aluminijasto notranjostjo nudi vrhunsko za\u0161\u010dito, vodoodpornost in odli\u010dno toplotno izolacijo IBC cisterne.\" \/>\n<meta name=\"robots\" content=\"index, follow, max-snippet:-1, max-image-preview:large, max-video-preview:-1\" \/>\n<link rel=\"canonical\" href=\"https:\/\/ibcparts.eu\/nl\/product\/thermox-thermische-isolatiehoes\/\" \/>\n<meta property=\"og:locale\" content=\"nl_NL\" \/>\n<meta property=\"og:type\" content=\"article\" \/>\n<meta property=\"og:title\" content=\"Izolacijska ponjava ThermoX PU za IBC cisterno | IBCparts.eu\" \/>\n<meta property=\"og:description\" content=\"Izolacijska ponjava ThermoX iz 420D PU z aluminijasto notranjostjo nudi vrhunsko za\u0161\u010dito, vodoodpornost in odli\u010dno toplotno izolacijo IBC cisterne.\" \/>\n<meta property=\"og:url\" content=\"https:\/\/ibcparts.eu\/nl\/product\/thermox-thermische-isolatiehoes\/\" \/>\n<meta property=\"og:site_name\" content=\"IBCparts.eu\" \/>\n<meta property=\"article:modified_time\" content=\"2026-01-14T09:02:45+00:00\" \/>\n<meta property=\"og:image\" content=\"https:\/\/ibcparts.eu\/wp-content\/uploads\/2025\/12\/Izolacijska-ponjava-ThermoX-ibcparts-e1764595521235.png\" \/>\n\t<meta property=\"og:image:width\" content=\"476\" \/>\n\t<meta property=\"og:image:height\" content=\"475\" \/>\n\t<meta property=\"og:image:type\" content=\"image\/png\" \/>\n<meta name=\"twitter:card\" content=\"summary_large_image\" \/>\n<script type=\"application\/ld+json\" class=\"yoast-schema-graph\">{\"@context\":\"https:\/\/schema.org\",\"@graph\":[{\"@type\":\"WebPage\",\"@id\":\"https:\/\/ibcparts.eu\/izdelek\/izolacijska-ponjava-thermox\/\",\"url\":\"https:\/\/ibcparts.eu\/izdelek\/izolacijska-ponjava-thermox\/\",\"name\":\"Izolacijska ponjava ThermoX PU za IBC cisterno | IBCparts.eu\",\"isPartOf\":{\"@id\":\"https:\/\/ibcparts.eu\/#website\"},\"primaryImageOfPage\":{\"@id\":\"https:\/\/ibcparts.eu\/izdelek\/izolacijska-ponjava-thermox\/#primaryimage\"},\"image\":{\"@id\":\"https:\/\/ibcparts.eu\/izdelek\/izolacijska-ponjava-thermox\/#primaryimage\"},\"thumbnailUrl\":\"https:\/\/ibcparts.eu\/wp-content\/uploads\/2025\/12\/Izolacijska-ponjava-ThermoX-ibcparts-e1764595521235.png\",\"datePublished\":\"2025-12-01T13:11:55+00:00\",\"dateModified\":\"2026-01-14T09:02:45+00:00\",\"description\":\"Izolacijska ponjava ThermoX iz 420D PU z aluminijasto notranjostjo nudi vrhunsko za\u0161\u010dito, vodoodpornost in odli\u010dno toplotno izolacijo IBC cisterne.\",\"breadcrumb\":{\"@id\":\"https:\/\/ibcparts.eu\/izdelek\/izolacijska-ponjava-thermox\/#breadcrumb\"},\"inLanguage\":\"nl-NL\",\"potentialAction\":[{\"@type\":\"ReadAction\",\"target\":[\"https:\/\/ibcparts.eu\/izdelek\/izolacijska-ponjava-thermox\/\"]}]},{\"@type\":\"ImageObject\",\"inLanguage\":\"nl-NL\",\"@id\":\"https:\/\/ibcparts.eu\/izdelek\/izolacijska-ponjava-thermox\/#primaryimage\",\"url\":\"https:\/\/ibcparts.eu\/wp-content\/uploads\/2025\/12\/Izolacijska-ponjava-ThermoX-ibcparts-e1764595521235.png\",\"contentUrl\":\"https:\/\/ibcparts.eu\/wp-content\/uploads\/2025\/12\/Izolacijska-ponjava-ThermoX-ibcparts-e1764595521235.png\",\"width\":476,\"height\":475,\"caption\":\"Izolacijska ponjava ThermoX\"},{\"@type\":\"BreadcrumbList\",\"@id\":\"https:\/\/ibcparts.eu\/izdelek\/izolacijska-ponjava-thermox\/#breadcrumb\",\"itemListElement\":[{\"@type\":\"ListItem\",\"position\":1,\"name\":\"Home\",\"item\":\"https:\/\/ibcparts.eu\/\"},{\"@type\":\"ListItem\",\"position\":2,\"name\":\"Nakupujte\",\"item\":\"https:\/\/ibcparts.eu\/nakupujte\/\"},{\"@type\":\"ListItem\",\"position\":3,\"name\":\"Izolacijska ponjava ThermoX PU za IBC cisterno\"}]},{\"@type\":\"WebSite\",\"@id\":\"https:\/\/ibcparts.eu\/#website\",\"url\":\"https:\/\/ibcparts.eu\/\",\"name\":\"IBCparts.eu\",\"description\":\"\",\"publisher\":{\"@id\":\"https:\/\/ibcparts.eu\/#organization\"},\"potentialAction\":[{\"@type\":\"SearchAction\",\"target\":{\"@type\":\"EntryPoint\",\"urlTemplate\":\"https:\/\/ibcparts.eu\/?s={search_term_string}\"},\"query-input\":{\"@type\":\"PropertyValueSpecification\",\"valueRequired\":true,\"valueName\":\"search_term_string\"}}],\"inLanguage\":\"nl-NL\"},{\"@type\":\"Organization\",\"@id\":\"https:\/\/ibcparts.eu\/#organization\",\"name\":\"IBCparts\",\"url\":\"https:\/\/ibcparts.eu\/\",\"logo\":{\"@type\":\"ImageObject\",\"inLanguage\":\"nl-NL\",\"@id\":\"https:\/\/ibcparts.eu\/#\/schema\/logo\/image\/\",\"url\":\"https:\/\/ibcparts.eu\/wp-content\/uploads\/2021\/10\/Footer-Logo.png\",\"contentUrl\":\"https:\/\/ibcparts.eu\/wp-content\/uploads\/2021\/10\/Footer-Logo.png\",\"width\":1992,\"height\":772,\"caption\":\"IBCparts\"},\"image\":{\"@id\":\"https:\/\/ibcparts.eu\/#\/schema\/logo\/image\/\"}}]}<\/script>\n<!-- \/ Yoast SEO plugin. -->","yoast_head_json":{"title":"Izolacijska ponjava ThermoX PU za IBC cisterno | IBCparts.eu","description":"Izolacijska ponjava ThermoX iz 420D PU z aluminijasto notranjostjo nudi vrhunsko za\u0161\u010dito, vodoodpornost in odli\u010dno toplotno izolacijo IBC cisterne.","robots":{"index":"index","follow":"follow","max-snippet":"max-snippet:-1","max-image-preview":"max-image-preview:large","max-video-preview":"max-video-preview:-1"},"canonical":"https:\/\/ibcparts.eu\/nl\/product\/thermox-thermische-isolatiehoes\/","og_locale":"nl_NL","og_type":"article","og_title":"Izolacijska ponjava ThermoX PU za IBC cisterno | IBCparts.eu","og_description":"Izolacijska ponjava ThermoX iz 420D PU z aluminijasto notranjostjo nudi vrhunsko za\u0161\u010dito, vodoodpornost in odli\u010dno toplotno izolacijo IBC cisterne.","og_url":"https:\/\/ibcparts.eu\/nl\/product\/thermox-thermische-isolatiehoes\/","og_site_name":"IBCparts.eu","article_modified_time":"2026-01-14T09:02:45+00:00","og_image":[{"width":476,"height":475,"url":"https:\/\/ibcparts.eu\/wp-content\/uploads\/2025\/12\/Izolacijska-ponjava-ThermoX-ibcparts-e1764595521235.png","type":"image\/png"}],"twitter_card":"summary_large_image","schema":{"@context":"https:\/\/schema.org","@graph":[{"@type":"WebPage","@id":"https:\/\/ibcparts.eu\/izdelek\/izolacijska-ponjava-thermox\/","url":"https:\/\/ibcparts.eu\/izdelek\/izolacijska-ponjava-thermox\/","name":"Izolacijska ponjava ThermoX PU za IBC cisterno | IBCparts.eu","isPartOf":{"@id":"https:\/\/ibcparts.eu\/#website"},"primaryImageOfPage":{"@id":"https:\/\/ibcparts.eu\/izdelek\/izolacijska-ponjava-thermox\/#primaryimage"},"image":{"@id":"https:\/\/ibcparts.eu\/izdelek\/izolacijska-ponjava-thermox\/#primaryimage"},"thumbnailUrl":"https:\/\/ibcparts.eu\/wp-content\/uploads\/2025\/12\/Izolacijska-ponjava-ThermoX-ibcparts-e1764595521235.png","datePublished":"2025-12-01T13:11:55+00:00","dateModified":"2026-01-14T09:02:45+00:00","description":"Izolacijska ponjava ThermoX iz 420D PU z aluminijasto notranjostjo nudi vrhunsko za\u0161\u010dito, vodoodpornost in odli\u010dno toplotno izolacijo IBC cisterne.","breadcrumb":{"@id":"https:\/\/ibcparts.eu\/izdelek\/izolacijska-ponjava-thermox\/#breadcrumb"},"inLanguage":"nl-NL","potentialAction":[{"@type":"ReadAction","target":["https:\/\/ibcparts.eu\/izdelek\/izolacijska-ponjava-thermox\/"]}]},{"@type":"ImageObject","inLanguage":"nl-NL","@id":"https:\/\/ibcparts.eu\/izdelek\/izolacijska-ponjava-thermox\/#primaryimage","url":"https:\/\/ibcparts.eu\/wp-content\/uploads\/2025\/12\/Izolacijska-ponjava-ThermoX-ibcparts-e1764595521235.png","contentUrl":"https:\/\/ibcparts.eu\/wp-content\/uploads\/2025\/12\/Izolacijska-ponjava-ThermoX-ibcparts-e1764595521235.png","width":476,"height":475,"caption":"Izolacijska ponjava ThermoX"},{"@type":"BreadcrumbList","@id":"https:\/\/ibcparts.eu\/izdelek\/izolacijska-ponjava-thermox\/#breadcrumb","itemListElement":[{"@type":"ListItem","position":1,"name":"Home","item":"https:\/\/ibcparts.eu\/"},{"@type":"ListItem","position":2,"name":"Nakupujte","item":"https:\/\/ibcparts.eu\/nakupujte\/"},{"@type":"ListItem","position":3,"name":"Izolacijska ponjava ThermoX PU za IBC cisterno"}]},{"@type":"WebSite","@id":"https:\/\/ibcparts.eu\/#website","url":"https:\/\/ibcparts.eu\/","name":"IBCparts.eu","description":"","publisher":{"@id":"https:\/\/ibcparts.eu\/#organization"},"potentialAction":[{"@type":"SearchAction","target":{"@type":"EntryPoint","urlTemplate":"https:\/\/ibcparts.eu\/?s={search_term_string}"},"query-input":{"@type":"PropertyValueSpecification","valueRequired":true,"valueName":"search_term_string"}}],"inLanguage":"nl-NL"},{"@type":"Organization","@id":"https:\/\/ibcparts.eu\/#organization","name":"IBCparts","url":"https:\/\/ibcparts.eu\/","logo":{"@type":"ImageObject","inLanguage":"nl-NL","@id":"https:\/\/ibcparts.eu\/#\/schema\/logo\/image\/","url":"https:\/\/ibcparts.eu\/wp-content\/uploads\/2021\/10\/Footer-Logo.png","contentUrl":"https:\/\/ibcparts.eu\/wp-content\/uploads\/2021\/10\/Footer-Logo.png","width":1992,"height":772,"caption":"IBCparts"},"image":{"@id":"https:\/\/ibcparts.eu\/#\/schema\/logo\/image\/"}}]}},"_links":{"self":[{"href":"https:\/\/ibcparts.eu\/nl\/wp-json\/wp\/v2\/product\/18615","targetHints":{"allow":["GET"]}}],"collection":[{"href":"https:\/\/ibcparts.eu\/nl\/wp-json\/wp\/v2\/product"}],"about":[{"href":"https:\/\/ibcparts.eu\/nl\/wp-json\/wp\/v2\/types\/product"}],"version-history":[{"count":1,"href":"https:\/\/ibcparts.eu\/nl\/wp-json\/wp\/v2\/product\/18615\/revisions"}],"predecessor-version":[{"id":20272,"href":"https:\/\/ibcparts.eu\/nl\/wp-json\/wp\/v2\/product\/18615\/revisions\/20272"}],"wp:featuredmedia":[{"embeddable":true,"href":"https:\/\/ibcparts.eu\/nl\/wp-json\/wp\/v2\/media\/18616"}],"wp:attachment":[{"href":"https:\/\/ibcparts.eu\/nl\/wp-json\/wp\/v2\/media?parent=18615"}],"wp:term":[{"taxonomy":"product_brand","embeddable":true,"href":"https:\/\/ibcparts.eu\/nl\/wp-json\/wp\/v2\/product_brand?post=18615"},{"taxonomy":"product_cat","embeddable":true,"href":"https:\/\/ibcparts.eu\/nl\/wp-json\/wp\/v2\/product_cat?post=18615"},{"taxonomy":"product_tag","embeddable":true,"href":"https:\/\/ibcparts.eu\/nl\/wp-json\/wp\/v2\/product_tag?post=18615"}],"curies":[{"name":"wp","href":"https:\/\/api.w.org\/{rel}","templated":true}]}}