{"id":18466,"date":"2025-11-27T12:07:38","date_gmt":"2025-11-27T11:07:38","guid":{"rendered":"https:\/\/ibcparts.eu\/?post_type=product&#038;p=18466"},"modified":"2026-01-09T08:41:05","modified_gmt":"2026-01-09T07:41:05","slug":"podaljsek-s60-strong","status":"publish","type":"product","link":"https:\/\/ibcparts.eu\/nl\/product\/s60-strong-verlengstuk\/","title":{"rendered":"S60 STRONG verlengstuk voor IBC-container"},"content":{"rendered":"","protected":false},"excerpt":{"rendered":"<h1 data-start=\"171\" data-end=\"247\">S60x6 STRONG verlengstuk met vrouwelijke en mannelijke schroefdraad voor IBC-container<\/h1>\n<p data-start=\"249\" data-end=\"827\" class=\" translation-block\">De S60 STRONG verlenging is een hoogwaardige en zeer sterke verlenging voor IBC-containers met een ventieldiameter van 55\u201362 mm en een grove S60x6-schroefdraad. Aan de ene zijde heeft deze een interne (vrouwelijke) S60x6-schroefdraad en aan de andere zijde een externe (mannelijke) S60x6-schroefdraad. Hij wordt gebruikt als <strong>adapter of aansluiting voor een IBC-container<\/strong> om de uitloop te verlengen of als vervanging van het ventiel, in combinatie met een geschikte verloopstuk en kraan, wanneer de container een grove schroefdraad van 60 mm heeft. Hij is voorzien van een PVC-afdichting die <strong>betrouwbare afdichting, zelfs bij kleine onregelmatigheden aan het ventiel<\/strong> en een hoge mechanische duurzaamheid garandeert.<\/p>\n<p data-start=\"829\" data-end=\"854\"><strong data-start=\"829\" data-end=\"852\">Technische specificaties<\/strong><\/p>\n<ul>\n<li data-start=\"857\" data-end=\"920\">Producttype: verlengstuk (adapter \/ aansluiting voor IBC-container)<\/li>\n<li>Kvaliteten in zelo mo\u010dan podalj\u0161ek STRONG S60x6 za cisterne (z ventilom) fi 55 &#8211; 62mm.<\/li>\n<li class=\" translation-block\"><strong>Type schroefdraad:<\/strong> Vrouwelijke S60x6-schroefdraad aan de ene zijde en mannelijke S60x6 aan de andere zijde.<\/li>\n<li><strong>Dol\u017eina:<\/strong> 110mm<\/li>\n<li><strong>Materiaal<\/strong> PP<\/li>\n<li><strong>Kleur<\/strong> bela<\/li>\n<li><strong>Afdichting:<\/strong> PVC<\/li>\n<li>Uitstekende afdichting en hoge duurzaamheid!<\/li>\n<li>Podalj\u0161ek STRONG se lahko uporablja tudi kot nadomestilo ventila (s primernim reducirjem in pipo), \u010de je navoj na cisterni fi60mm grobi navoj.<\/li>\n<\/ul>\n<p>&nbsp;<\/p>\n<p>&nbsp;<\/p>","protected":false},"featured_media":14720,"template":"","meta":[],"product_brand":[],"product_cat":[170,298],"product_tag":[394],"class_list":{"0":"post-18466","1":"product","2":"type-product","3":"status-publish","4":"has-post-thumbnail","6":"product_cat-reducirji-in-prikljucki-za-ibc","7":"product_cat-prikljucki-za-cisterno-z-navojem-s60x6","8":"product_tag-podaljsek-ventila-strong-za-ibc-cisterno","10":"first","11":"instock","12":"shipping-taxable","13":"purchasable","14":"product-type-simple"},"yoast_head":"<!-- This site is optimized with the Yoast SEO plugin v27.1.1 - https:\/\/yoast.com\/product\/yoast-seo-wordpress\/ -->\n<title>Podalj\u0161ek S60 STRONG za IBC cisterno | IBCparts.eu<\/title>\n<meta name=\"description\" content=\"Podalj\u0161ek ventila STRONG za IBC cisterno. Vrsta navoja: \u017denski navoj S60x6 na eni strani in mo\u0161ki S60x6 na drugi strani.\" \/>\n<meta name=\"robots\" content=\"index, follow, max-snippet:-1, max-image-preview:large, max-video-preview:-1\" \/>\n<link rel=\"canonical\" href=\"https:\/\/ibcparts.eu\/nl\/product\/s60-strong-verlengstuk\/\" \/>\n<meta property=\"og:locale\" content=\"nl_NL\" \/>\n<meta property=\"og:type\" content=\"article\" \/>\n<meta property=\"og:title\" content=\"Podalj\u0161ek S60 STRONG za IBC cisterno | IBCparts.eu\" \/>\n<meta property=\"og:description\" content=\"Podalj\u0161ek ventila STRONG za IBC cisterno. Vrsta navoja: \u017denski navoj S60x6 na eni strani in mo\u0161ki S60x6 na drugi strani.\" \/>\n<meta property=\"og:url\" content=\"https:\/\/ibcparts.eu\/nl\/product\/s60-strong-verlengstuk\/\" \/>\n<meta property=\"og:site_name\" content=\"IBCparts.eu\" \/>\n<meta property=\"article:modified_time\" content=\"2026-01-09T07:41:05+00:00\" \/>\n<meta property=\"og:image\" content=\"https:\/\/ibcparts.eu\/wp-content\/uploads\/2021\/11\/Podaljsek-S60x6-novi-za-IBC-cisterno.jpg\" \/>\n\t<meta property=\"og:image:width\" content=\"590\" \/>\n\t<meta property=\"og:image:height\" content=\"590\" \/>\n\t<meta property=\"og:image:type\" content=\"image\/jpeg\" \/>\n<meta name=\"twitter:card\" content=\"summary_large_image\" \/>\n<script type=\"application\/ld+json\" class=\"yoast-schema-graph\">{\"@context\":\"https:\/\/schema.org\",\"@graph\":[{\"@type\":\"WebPage\",\"@id\":\"https:\/\/ibcparts.eu\/izdelek\/podaljsek-s60-strong\/\",\"url\":\"https:\/\/ibcparts.eu\/izdelek\/podaljsek-s60-strong\/\",\"name\":\"Podalj\u0161ek S60 STRONG za IBC cisterno | IBCparts.eu\",\"isPartOf\":{\"@id\":\"https:\/\/ibcparts.eu\/#website\"},\"primaryImageOfPage\":{\"@id\":\"https:\/\/ibcparts.eu\/izdelek\/podaljsek-s60-strong\/#primaryimage\"},\"image\":{\"@id\":\"https:\/\/ibcparts.eu\/izdelek\/podaljsek-s60-strong\/#primaryimage\"},\"thumbnailUrl\":\"https:\/\/ibcparts.eu\/wp-content\/uploads\/2021\/11\/Podaljsek-S60x6-novi-za-IBC-cisterno.jpg\",\"datePublished\":\"2025-11-27T11:07:38+00:00\",\"dateModified\":\"2026-01-09T07:41:05+00:00\",\"description\":\"Podalj\u0161ek ventila STRONG za IBC cisterno. Vrsta navoja: \u017denski navoj S60x6 na eni strani in mo\u0161ki S60x6 na drugi strani.\",\"breadcrumb\":{\"@id\":\"https:\/\/ibcparts.eu\/izdelek\/podaljsek-s60-strong\/#breadcrumb\"},\"inLanguage\":\"nl-NL\",\"potentialAction\":[{\"@type\":\"ReadAction\",\"target\":[\"https:\/\/ibcparts.eu\/izdelek\/podaljsek-s60-strong\/\"]}]},{\"@type\":\"ImageObject\",\"inLanguage\":\"nl-NL\",\"@id\":\"https:\/\/ibcparts.eu\/izdelek\/podaljsek-s60-strong\/#primaryimage\",\"url\":\"https:\/\/ibcparts.eu\/wp-content\/uploads\/2021\/11\/Podaljsek-S60x6-novi-za-IBC-cisterno.jpg\",\"contentUrl\":\"https:\/\/ibcparts.eu\/wp-content\/uploads\/2021\/11\/Podaljsek-S60x6-novi-za-IBC-cisterno.jpg\",\"width\":590,\"height\":590,\"caption\":\"Podalj\u0161ek ventila za IBC cisterno\"},{\"@type\":\"BreadcrumbList\",\"@id\":\"https:\/\/ibcparts.eu\/izdelek\/podaljsek-s60-strong\/#breadcrumb\",\"itemListElement\":[{\"@type\":\"ListItem\",\"position\":1,\"name\":\"Home\",\"item\":\"https:\/\/ibcparts.eu\/\"},{\"@type\":\"ListItem\",\"position\":2,\"name\":\"Nakupujte\",\"item\":\"https:\/\/ibcparts.eu\/nakupujte\/\"},{\"@type\":\"ListItem\",\"position\":3,\"name\":\"Podalj\u0161ek S60 STRONG za IBC cisterno\"}]},{\"@type\":\"WebSite\",\"@id\":\"https:\/\/ibcparts.eu\/#website\",\"url\":\"https:\/\/ibcparts.eu\/\",\"name\":\"IBCparts.eu\",\"description\":\"\",\"publisher\":{\"@id\":\"https:\/\/ibcparts.eu\/#organization\"},\"potentialAction\":[{\"@type\":\"SearchAction\",\"target\":{\"@type\":\"EntryPoint\",\"urlTemplate\":\"https:\/\/ibcparts.eu\/?s={search_term_string}\"},\"query-input\":{\"@type\":\"PropertyValueSpecification\",\"valueRequired\":true,\"valueName\":\"search_term_string\"}}],\"inLanguage\":\"nl-NL\"},{\"@type\":\"Organization\",\"@id\":\"https:\/\/ibcparts.eu\/#organization\",\"name\":\"IBCparts\",\"url\":\"https:\/\/ibcparts.eu\/\",\"logo\":{\"@type\":\"ImageObject\",\"inLanguage\":\"nl-NL\",\"@id\":\"https:\/\/ibcparts.eu\/#\/schema\/logo\/image\/\",\"url\":\"https:\/\/ibcparts.eu\/wp-content\/uploads\/2021\/10\/Footer-Logo.png\",\"contentUrl\":\"https:\/\/ibcparts.eu\/wp-content\/uploads\/2021\/10\/Footer-Logo.png\",\"width\":1992,\"height\":772,\"caption\":\"IBCparts\"},\"image\":{\"@id\":\"https:\/\/ibcparts.eu\/#\/schema\/logo\/image\/\"}}]}<\/script>\n<!-- \/ Yoast SEO plugin. -->","yoast_head_json":{"title":"Podalj\u0161ek S60 STRONG za IBC cisterno | IBCparts.eu","description":"Podalj\u0161ek ventila STRONG za IBC cisterno. Vrsta navoja: \u017denski navoj S60x6 na eni strani in mo\u0161ki S60x6 na drugi strani.","robots":{"index":"index","follow":"follow","max-snippet":"max-snippet:-1","max-image-preview":"max-image-preview:large","max-video-preview":"max-video-preview:-1"},"canonical":"https:\/\/ibcparts.eu\/nl\/product\/s60-strong-verlengstuk\/","og_locale":"nl_NL","og_type":"article","og_title":"Podalj\u0161ek S60 STRONG za IBC cisterno | IBCparts.eu","og_description":"Podalj\u0161ek ventila STRONG za IBC cisterno. Vrsta navoja: \u017denski navoj S60x6 na eni strani in mo\u0161ki S60x6 na drugi strani.","og_url":"https:\/\/ibcparts.eu\/nl\/product\/s60-strong-verlengstuk\/","og_site_name":"IBCparts.eu","article_modified_time":"2026-01-09T07:41:05+00:00","og_image":[{"width":590,"height":590,"url":"https:\/\/ibcparts.eu\/wp-content\/uploads\/2021\/11\/Podaljsek-S60x6-novi-za-IBC-cisterno.jpg","type":"image\/jpeg"}],"twitter_card":"summary_large_image","schema":{"@context":"https:\/\/schema.org","@graph":[{"@type":"WebPage","@id":"https:\/\/ibcparts.eu\/izdelek\/podaljsek-s60-strong\/","url":"https:\/\/ibcparts.eu\/izdelek\/podaljsek-s60-strong\/","name":"Podalj\u0161ek S60 STRONG za IBC cisterno | IBCparts.eu","isPartOf":{"@id":"https:\/\/ibcparts.eu\/#website"},"primaryImageOfPage":{"@id":"https:\/\/ibcparts.eu\/izdelek\/podaljsek-s60-strong\/#primaryimage"},"image":{"@id":"https:\/\/ibcparts.eu\/izdelek\/podaljsek-s60-strong\/#primaryimage"},"thumbnailUrl":"https:\/\/ibcparts.eu\/wp-content\/uploads\/2021\/11\/Podaljsek-S60x6-novi-za-IBC-cisterno.jpg","datePublished":"2025-11-27T11:07:38+00:00","dateModified":"2026-01-09T07:41:05+00:00","description":"Podalj\u0161ek ventila STRONG za IBC cisterno. Vrsta navoja: \u017denski navoj S60x6 na eni strani in mo\u0161ki S60x6 na drugi strani.","breadcrumb":{"@id":"https:\/\/ibcparts.eu\/izdelek\/podaljsek-s60-strong\/#breadcrumb"},"inLanguage":"nl-NL","potentialAction":[{"@type":"ReadAction","target":["https:\/\/ibcparts.eu\/izdelek\/podaljsek-s60-strong\/"]}]},{"@type":"ImageObject","inLanguage":"nl-NL","@id":"https:\/\/ibcparts.eu\/izdelek\/podaljsek-s60-strong\/#primaryimage","url":"https:\/\/ibcparts.eu\/wp-content\/uploads\/2021\/11\/Podaljsek-S60x6-novi-za-IBC-cisterno.jpg","contentUrl":"https:\/\/ibcparts.eu\/wp-content\/uploads\/2021\/11\/Podaljsek-S60x6-novi-za-IBC-cisterno.jpg","width":590,"height":590,"caption":"Podalj\u0161ek ventila za IBC cisterno"},{"@type":"BreadcrumbList","@id":"https:\/\/ibcparts.eu\/izdelek\/podaljsek-s60-strong\/#breadcrumb","itemListElement":[{"@type":"ListItem","position":1,"name":"Home","item":"https:\/\/ibcparts.eu\/"},{"@type":"ListItem","position":2,"name":"Nakupujte","item":"https:\/\/ibcparts.eu\/nakupujte\/"},{"@type":"ListItem","position":3,"name":"Podalj\u0161ek S60 STRONG za IBC cisterno"}]},{"@type":"WebSite","@id":"https:\/\/ibcparts.eu\/#website","url":"https:\/\/ibcparts.eu\/","name":"IBCparts.eu","description":"","publisher":{"@id":"https:\/\/ibcparts.eu\/#organization"},"potentialAction":[{"@type":"SearchAction","target":{"@type":"EntryPoint","urlTemplate":"https:\/\/ibcparts.eu\/?s={search_term_string}"},"query-input":{"@type":"PropertyValueSpecification","valueRequired":true,"valueName":"search_term_string"}}],"inLanguage":"nl-NL"},{"@type":"Organization","@id":"https:\/\/ibcparts.eu\/#organization","name":"IBCparts","url":"https:\/\/ibcparts.eu\/","logo":{"@type":"ImageObject","inLanguage":"nl-NL","@id":"https:\/\/ibcparts.eu\/#\/schema\/logo\/image\/","url":"https:\/\/ibcparts.eu\/wp-content\/uploads\/2021\/10\/Footer-Logo.png","contentUrl":"https:\/\/ibcparts.eu\/wp-content\/uploads\/2021\/10\/Footer-Logo.png","width":1992,"height":772,"caption":"IBCparts"},"image":{"@id":"https:\/\/ibcparts.eu\/#\/schema\/logo\/image\/"}}]}},"_links":{"self":[{"href":"https:\/\/ibcparts.eu\/nl\/wp-json\/wp\/v2\/product\/18466","targetHints":{"allow":["GET"]}}],"collection":[{"href":"https:\/\/ibcparts.eu\/nl\/wp-json\/wp\/v2\/product"}],"about":[{"href":"https:\/\/ibcparts.eu\/nl\/wp-json\/wp\/v2\/types\/product"}],"version-history":[{"count":1,"href":"https:\/\/ibcparts.eu\/nl\/wp-json\/wp\/v2\/product\/18466\/revisions"}],"predecessor-version":[{"id":20067,"href":"https:\/\/ibcparts.eu\/nl\/wp-json\/wp\/v2\/product\/18466\/revisions\/20067"}],"wp:featuredmedia":[{"embeddable":true,"href":"https:\/\/ibcparts.eu\/nl\/wp-json\/wp\/v2\/media\/14720"}],"wp:attachment":[{"href":"https:\/\/ibcparts.eu\/nl\/wp-json\/wp\/v2\/media?parent=18466"}],"wp:term":[{"taxonomy":"product_brand","embeddable":true,"href":"https:\/\/ibcparts.eu\/nl\/wp-json\/wp\/v2\/product_brand?post=18466"},{"taxonomy":"product_cat","embeddable":true,"href":"https:\/\/ibcparts.eu\/nl\/wp-json\/wp\/v2\/product_cat?post=18466"},{"taxonomy":"product_tag","embeddable":true,"href":"https:\/\/ibcparts.eu\/nl\/wp-json\/wp\/v2\/product_tag?post=18466"}],"curies":[{"name":"wp","href":"https:\/\/api.w.org\/{rel}","templated":true}]}}