{"id":18186,"date":"2025-11-22T10:07:58","date_gmt":"2025-11-22T09:07:58","guid":{"rendered":"https:\/\/ibcparts.eu\/?post_type=product&#038;p=18186"},"modified":"2026-01-14T09:27:35","modified_gmt":"2026-01-14T08:27:35","slug":"sistem-3simple","status":"publish","type":"product","link":"https:\/\/ibcparts.eu\/nl\/product\/sistem-3simple\/","title":{"rendered":"3+ SIMPLE (verbind 3 of meer IBC-tanks horizontaal)"},"content":{"rendered":"<p><iframe title=\"How to connect two IBC containers using DUO system.\" width=\"500\" height=\"281\" src=\"https:\/\/www.youtube.com\/embed\/ZKfg1PYo-qQ?feature=oembed\" frameborder=\"0\" allow=\"accelerometer; autoplay; clipboard-write; encrypted-media; gyroscope; picture-in-picture; web-share\" referrerpolicy=\"strict-origin-when-cross-origin\" allowfullscreen><\/iframe><\/p>\n<p class=\" translation-block\">Productinformatie:<br>\nSysteem voor het verbinden van drie IBC-tanks \u2013 nu nog sterker en voordeliger!<\/p>\n<p><strong><span style=\"font-size: medium;\">Nu met EPDM-rubberen afdichtingen GRATIS!<\/span><\/strong><\/p>\n<p>Paket vsebuje:<br \/>\n3x AVA-reductor voor tanks met een klep \u00d8 55\u201362 mm, grof draad S60x6 (DN50), 1x T-stuk F, 1x bocht F, 1x PP T-stuk, 1x aansluiting M, 2x alkathene slang*, kraan, reductie.<\/p>\n<p>*Alkaten cevi so rahlo ukrivljene, ker so shranjene na kolutih. Uporabljamo MEHKE alkaten cevi, ki so bolj pro\u017ene in veliko enostavnej\u0161e za uporabo &#8211; pri monta\u017ei jih poravnate in ostanejo v tem polo\u017eaju.<\/p>\n<p>De aansluitingen voor de alkathene slang zijn groen van kleur, zoals op de afbeelding.<\/p>\n<p>De afstand tussen de tanks na installatie van het 3+ KLASIK-systeem is 2 tot 6 cm \u2013 indien nodig kunt u de slang zelf inkorten met een Olfa-mes.<\/p>\n<p>Uitstekende afdichting en hoge duurzaamheid!<\/p>\n<p>Het systeem is verkrijgbaar in maat 1\u2033 (32 mm).<\/p>\n<p>&nbsp;<\/p>\n<p><strong>*Ve\u010d informacij o pipah in ventilih lahko najdete\u00a0<a href=\"https:\/\/ibcparts.eu\/kategorije\/pipe-ventili-in-medeninasti-prikljucki\/\">tukaj<\/a>.<\/strong><\/p>\n<p style=\"margin-bottom: var(--wd-tags-margin-bottom); font-style: normal; font-variant-ligatures: normal; font-variant-caps: normal; font-family: Lato, Arial, Helvetica, sans-serif; font-size: 14px;\"><b>Napotek:<br \/>\n<\/b>\u010ce boste vodo speljali v eno cisterno, mora imeti druga cisterna omogo\u010deno odzra\u010devanje, da se voda nemoteno pretaka preko ventilov.<\/p>\n<p><strong>Dit kunt u op verschillende manieren doen:<\/strong><\/p>\n<p class=\" translation-block\"><strong style=\"color: #666666;font-family: 'Libre Franklin';font-size: 16px;font-style: normal\">1. <\/strong>Als u het niet erg vindt dat het water via de opening van het deksel van de tweede tank naar buiten stroomt wanneer deze tot de rand is gevuld, kunt u het deksel eenvoudig iets losdraaien \u2013 net genoeg om lucht door te laten. Zodra beide tanks volledig zijn gevuld, zal het overtollige water (overloop) hier wegstromen.<br style=\"color: #666666;font-family: 'Libre Franklin';font-size: 16px\"><strong style=\"color: #666666;font-family: 'Libre Franklin';font-size: 16px;font-style: normal\">2. <\/strong>Een <a href=\"https:\/\/ibcparts.eu\/izdelek\/pokrov-z-oddusnikom\/\" target=\"_self\"><span style=\"color: #666666;font-family: Libre Franklin\">ontluchtingsdeksel<\/span><\/a> werkt op een vergelijkbare manier \u2013 lucht kan passeren, maar ook water stroomt weg zodra de tanks tot de rand zijn gevuld.<br style=\"color: #666666;font-family: 'Libre Franklin';font-size: 16px\"><strong style=\"color: #666666;font-family: 'Libre Franklin';font-size: 16px;font-style: normal\">3.<\/strong> U kunt een <a style=\"color: #666666;font-family: 'Libre Franklin';font-size: 16px;font-style: normal;font-weight: 300\" href=\"https:\/\/ibcparts.eu\/izdelek\/pokrov-pipelink\/\" target=\"_self\">PipeLink-deksel<\/a> gebruiken (zoals weergegeven in de animatie) of een <a href=\"https:\/\/ibcparts.eu\/izdelek\/pokrov-autovent\/\" target=\"_self\"><i>AutoVent<\/i><\/a>-deksel \u2013 <b>aanbevolen.<\/b><br style=\"color: #666666;font-family: 'Libre Franklin';font-size: 16px\"><strong style=\"color: #666666;font-family: 'Libre Franklin';font-size: 16px;font-style: normal\">4.<\/strong> Gebruik een deksel met uitgang en bevestig hierop een geschikte koppeling (bijv. T-stuk voor PE-buis, tuinslang, flexibele slang, PVC-buis\u2026).<br style=\"color: #666666;font-family: 'Libre Franklin';font-size: 16px\"><strong style=\"color: #666666;font-family: 'Libre Franklin';font-size: 16px;font-style: normal\">5. <\/strong>Als er een groter hoogteverschil is tussen de afvoer van de regenpijp en de bovenkant van de tank, kunt u een <a style=\"color: #666666;font-family: 'Libre Franklin';font-size: 16px;font-style: normal;font-weight: 300\" href=\"https:\/\/ibcparts.eu\/izdelek\/skoznik-flowtek-bend\/\" target=\"_self\">FlowTek Bend doorvoer<\/a> gebruiken (gebruik een deksel met uitgang of boor een gat in de tank). Sluit hier een tuinslang op aan. Bevestig het andere uiteinde van de slang boven het niveau waar het water de tank binnenkomt (bij<\/p>\n<p>Sestavimo tudi sistem po va\u0161ih \u017eeljah. Lahko tudi ve\u010d izhodov, ventil za priklop hidroforja, ve\u010d pip itd&#8230; Priklop hidroforja je najbolj prakti\u010den povsem na desni strani &#8211; zaradi smeri odpiranja ro\u010dke ventila.<\/p>\n<p>&nbsp;<\/p>\n<p>De AVA-reducties die in de 3+ KLASIK-systemen worden gebruikt, zijn uiterst duurzaam en hebben een EPDM-rubberen afdichting.<\/p>","protected":false},"excerpt":{"rendered":"<h2 data-start=\"184\" data-end=\"304\"><strong data-start=\"184\" data-end=\"304\">Sterke, betrouwbare en voordelige horizontale verbinding van drie of meer IBC-containers \u2013 voorgemonteerd en klaar voor installatie.<\/strong><\/h2>\n<p data-start=\"306\" data-end=\"617\" class=\" translation-block\">3+ SIMPLE is een vernieuwd systeem voor <strong data-start=\"340\" data-end=\"400\">het horizontaal verbinden van IBC-tanks<\/strong>, bedoeld voor effici\u00ebnt regenwater verzamelen en doorvoeren. Het gebruikt een <strong data-start=\"468\" data-end=\"504\">zachtere, flexibele LDPE-slang<\/strong>, die eenvoudige installatie, betrouwbare afdichting en minder belasting van de kleppen mogelijk maakt \u2013 zelfs op oneffen oppervlakken.<\/p>\n<hr data-start=\"619\" data-end=\"622\" \/>\n<h3 data-start=\"624\" data-end=\"652\">Waarom kiezen voor 3+ SIMPLE?<\/h3>\n<ul>\n<li data-start=\"655\" data-end=\"689\">Sterke en beproefde constructie<\/li>\n<li data-start=\"692\" data-end=\"736\">Voorgemonteerd systeem \u2013 geen extra werk nodig (de buis kan indien nodig met een stanleymes worden ingekort)<\/li>\n<li data-start=\"739\" data-end=\"784\" class=\" translation-block\">Ontworpen voor het koppelen van 3 of meer IBC-tanks<\/li>\n<li data-start=\"787\" data-end=\"830\">100% EPDM-afdichting \u2013 lekvrij, UV-bestendig<\/li>\n<li data-start=\"833\" data-end=\"899\">Zachtere LDPE-buis voor eenvoudige montage en lange levensduur<\/li>\n<li data-start=\"902\" data-end=\"963\">Ook geschikt voor oudere of licht beschadigde IBC-kleppen<\/li>\n<\/ul>\n<hr data-start=\"965\" data-end=\"968\" \/>\n<h3 data-start=\"970\" data-end=\"988\">Prijs \/ Opties:<\/h3>\n<ul>\n<li><strong><span style=\"color: #508d24; font-size: medium;\">\u200b<\/span><\/strong>Artikelnr.: #65X, <strong>TRIOX<\/strong>: <strong><span style=\"color: #508d24; font-size: medium;\">43,99\u20ac <\/span><\/strong>(samo povezava, brez pipe).<\/li>\n<li>\u0161t.artikla: #65S1, <strong>TRIS1<\/strong>: <strong><span style=\"color: #508d24; font-size: medium;\">55,50\u20ac <\/span><\/strong>(kovinska pipa 3\/4&#8243; GardenFlow*).<\/li>\n<li><strong><span style=\"color: #508d24; font-size: medium;\">\u200b<\/span><\/strong>\u0161t.artikla: #65S2, <strong>TRIS2<\/strong>: <strong><span style=\"color: #508d24; font-size: medium;\">58,50\u20ac <\/span><\/strong>(kovinska pipa 3\/4&#8243; HighFlow*).<\/li>\n<li>\u0161t.artikla: #65S3, <strong>TRIS3<\/strong>: <strong><span style=\"color: #508d24; font-size: medium;\">63,50\u20ac <\/span><\/strong>(<u>dvojna\u00a0<\/u>kovinska pipa 1\/2&#8243; PRO*).<\/li>\n<li>\u0161t.artikla: #65S4, <strong>TRIS4<\/strong>: <strong><span style=\"color: #508d24; font-size: medium;\">67,50\u20ac <\/span><\/strong>(<u>dvojna\u00a0<\/u>kovinska pipa 3\/4&#8243; PRO*).<\/li>\n<li>\u0161t.artikla: #65S5, <strong>TRIS5<\/strong>:\u00a0<strong><span style=\"color: #508d24; font-size: medium;\">61,50\u20ac <\/span><\/strong>(kovinska pipa 1&#8243; QuickFlow*).<\/li>\n<li>\u0161t.artikla: #65S6, <strong>TRIS6<\/strong>:\u00a0<strong><span style=\"color: #508d24; font-size: medium;\">61,50\u20ac <\/span><\/strong>(plasti\u010dni 1\u2033 MF PRO ventil* s plasti\u010dnim ravnim nastavkom za cev 25mm*).<\/li>\n<li>\u0161t.artikla: #65S7, <strong>TRIS7<\/strong>:\u00a0<strong><span style=\"color: #508d24; font-size: medium;\">65,50\u20ac <\/span><\/strong>(kovinski\u00a0 1\u2033 PRO ventil* z medeninastim ravnim nastavkom za cev 25mm*).<\/li>\n<li>\u0161t.artikla: #65S8, <strong>TRIS8<\/strong>:\u00a0<strong><span style=\"color: #508d24; font-size: medium;\">61,50\u20ac <\/span><\/strong>(plasti\u010dni 1\u2033 MF PRO ventil* s plasti\u010dnim nastavkom \u2013 koleno za cev 25mm*).<\/li>\n<\/ul>\n<hr data-start=\"1815\" data-end=\"1818\" \/>\n<h3 data-start=\"1820\" data-end=\"1846\">Afdichting en materialen<\/h3>\n<p data-start=\"1847\" data-end=\"2069\" class=\" translation-block\">Er wordt een <strong data-start=\"1862\" data-end=\"1906\">100% EPDM-afdichting \u2013 exclusief bij ons<\/strong> gebruikt, speciaal ontwikkeld met optimale hardheid die zelfs grotere onregelmatigheden aan de klep effectief compenseert en zorgt voor <strong data-start=\"2017\" data-end=\"2068\">een langdurige, betrouwbare afdichting zonder lekkages<\/strong>.<\/p>\n<hr data-start=\"2218\" data-end=\"2221\" \/>\n<h3 data-start=\"2223\" data-end=\"2270\">Systeemuitbreiding \u2013 voeg meer tanks toe<\/h3>\n<p data-start=\"2271\" data-end=\"2444\" class=\" translation-block\">Met de <strong data-start=\"2478\" data-end=\"2492\">Multi-link<\/strong>-optie kunt u aan het systeem <strong data-start=\"2514\" data-end=\"2552\">een onbeperkt aantal extra tanks<\/strong> toevoegen in een horizontale opstelling.<br data-start=\"2576\" data-end=\"2579\">Voorbeeld: verbinding van 5 tanks = basispakket (3) + 2\u00d7 Multi-link.<\/p>\n<p data-start=\"2446\" data-end=\"2548\" class=\" translation-block\">Als uw IBC-tanks op de grond staan, kunt u met de <strong data-start=\"2504\" data-end=\"2514\">SkyTap<\/strong>-optie moeiteloos water overgieten in een gieter.<\/p>\n<hr data-start=\"2550\" data-end=\"2553\" \/>\n<h3 data-start=\"2555\" data-end=\"2592\">3+ systemen (hoe ze verschillen):<\/h3>\n<ul>\n<li class=\" translation-block\"><strong>SIMPLE<\/strong>: kraan of klep op de uiterst linker of rechter tank (u kunt dit tijdens de montage bepalen \u2013 aan te passen aan uw behoeften \u2013 zie de afbeelding in de galerij bij SIMPLE).<\/li>\n<li class=\" translation-block\"><strong>KLASIK<\/strong>: kraan of klep tussen twee tanks (u bepaalt tijdens de montage tussen welke twee \u2013 aan te passen aan uw behoeften \u2013 zie de afbeelding in de galerij bij KLASIK).<\/li>\n<li class=\" translation-block\"><strong>PRO<\/strong>: kraan of klep op een van de middelste tanks (bij 3 gekoppelde tanks bevindt de kraan zich op de middelste tank; bij meer gekoppelde tanks kunt u dit tijdens de montage bepalen \u2013 aan te passen aan uw behoeften \u2013 zie de afbeelding in de galerij bij PRO).<\/li>\n<\/ul>\n<h3 data-start=\"2857\" data-end=\"2881\">Upgrade-opties:<\/h3>\n<ul>\n<li data-start=\"2884\" data-end=\"2937\" class=\" translation-block\"><strong data-start=\"2884\" data-end=\"2898\">Multi-link<\/strong> (reductor, T-stuk, 1 m slang)<\/li>\n<li data-start=\"2940\" data-end=\"2999\" class=\" translation-block\"><strong data-start=\"2940\" data-end=\"2950\">SkyTap<\/strong> (kraan verhoogd tot gieterhoogte)<\/li>\n<\/ul>\n<hr data-start=\"3001\" data-end=\"3004\" \/>\n<p data-start=\"3006\" data-end=\"3300\"><strong data-start=\"3006\" data-end=\"3300\">3+ SIMPLE is geschikt voor de meeste IBC-tanks met een standaard S60\u00d76-klep. De installatie is zeer eenvoudig, omdat het systeem al voorgemonteerd is en geen speciale kennis vereist. Alle materialen zijn duurzaam, UV-bestendig en geschikt voor langdurig buitengebruik. Bij een andere klepdraad wordt het systeem op maat aangepast.<\/strong><\/p>","protected":false},"featured_media":18204,"template":"","meta":[],"product_brand":[],"product_cat":[191,189],"product_tag":[269],"class_list":{"0":"post-18186","1":"product","2":"type-product","3":"status-publish","4":"has-post-thumbnail","6":"product_cat-sistemi-3","7":"product_cat-sistemi-za-povezavo","8":"product_tag-povezava-ibc-cistern","10":"first","11":"instock","12":"shipping-taxable","13":"purchasable","14":"product-type-variable"},"yoast_head":"<!-- This site is optimized with the Yoast SEO plugin v27.1.1 - https:\/\/yoast.com\/product\/yoast-seo-wordpress\/ -->\n<title>3+ SIMPLE (vodoravno pove\u017eite 3 ali ve\u010d IBC cistern) | IBCparts.eu<\/title>\n<meta name=\"description\" content=\"Sistem 3+ SIMPLE za povezavo treh ali ve\u010d IBC cistern. Sedaj \u0161e mo\u010dnej\u0161i in \u0161e cenej\u0161i! Mo\u010dan. Izjemno uporaben. \u0160e ugodnej\u0161i. \u017de sestavljen!\" \/>\n<meta name=\"robots\" content=\"index, follow, max-snippet:-1, max-image-preview:large, max-video-preview:-1\" \/>\n<link rel=\"canonical\" href=\"https:\/\/ibcparts.eu\/nl\/product\/sistem-3simple\/\" \/>\n<meta property=\"og:locale\" content=\"nl_NL\" \/>\n<meta property=\"og:type\" content=\"article\" \/>\n<meta property=\"og:title\" content=\"3+ SIMPLE (vodoravno pove\u017eite 3 ali ve\u010d IBC cistern) | IBCparts.eu\" \/>\n<meta property=\"og:description\" content=\"Sistem 3+ SIMPLE za povezavo treh ali ve\u010d IBC cistern. Sedaj \u0161e mo\u010dnej\u0161i in \u0161e cenej\u0161i! Mo\u010dan. Izjemno uporaben. \u0160e ugodnej\u0161i. \u017de sestavljen!\" \/>\n<meta property=\"og:url\" content=\"https:\/\/ibcparts.eu\/nl\/product\/sistem-3simple\/\" \/>\n<meta property=\"og:site_name\" content=\"IBCparts.eu\" \/>\n<meta property=\"article:modified_time\" content=\"2026-01-14T08:27:35+00:00\" \/>\n<meta property=\"og:image\" content=\"https:\/\/ibcparts.eu\/wp-content\/uploads\/2025\/11\/TRIO-SIMPLE.png\" \/>\n\t<meta property=\"og:image:width\" content=\"827\" \/>\n\t<meta property=\"og:image:height\" content=\"827\" \/>\n\t<meta property=\"og:image:type\" content=\"image\/png\" \/>\n<meta name=\"twitter:card\" content=\"summary_large_image\" \/>\n<meta name=\"twitter:label1\" content=\"Geschatte leestijd\" \/>\n\t<meta name=\"twitter:data1\" content=\"3 minuten\" \/>\n<script type=\"application\/ld+json\" class=\"yoast-schema-graph\">{\"@context\":\"https:\/\/schema.org\",\"@graph\":[{\"@type\":\"WebPage\",\"@id\":\"https:\/\/ibcparts.eu\/izdelek\/sistem-3simple\/\",\"url\":\"https:\/\/ibcparts.eu\/izdelek\/sistem-3simple\/\",\"name\":\"3+ SIMPLE (vodoravno pove\u017eite 3 ali ve\u010d IBC cistern) | IBCparts.eu\",\"isPartOf\":{\"@id\":\"https:\/\/ibcparts.eu\/#website\"},\"primaryImageOfPage\":{\"@id\":\"https:\/\/ibcparts.eu\/izdelek\/sistem-3simple\/#primaryimage\"},\"image\":{\"@id\":\"https:\/\/ibcparts.eu\/izdelek\/sistem-3simple\/#primaryimage\"},\"thumbnailUrl\":\"https:\/\/ibcparts.eu\/wp-content\/uploads\/2025\/11\/TRIO-SIMPLE.png\",\"datePublished\":\"2025-11-22T09:07:58+00:00\",\"dateModified\":\"2026-01-14T08:27:35+00:00\",\"description\":\"Sistem 3+ SIMPLE za povezavo treh ali ve\u010d IBC cistern. Sedaj \u0161e mo\u010dnej\u0161i in \u0161e cenej\u0161i! Mo\u010dan. Izjemno uporaben. \u0160e ugodnej\u0161i. \u017de sestavljen!\",\"breadcrumb\":{\"@id\":\"https:\/\/ibcparts.eu\/izdelek\/sistem-3simple\/#breadcrumb\"},\"inLanguage\":\"nl-NL\",\"potentialAction\":[{\"@type\":\"ReadAction\",\"target\":[\"https:\/\/ibcparts.eu\/izdelek\/sistem-3simple\/\"]}]},{\"@type\":\"ImageObject\",\"inLanguage\":\"nl-NL\",\"@id\":\"https:\/\/ibcparts.eu\/izdelek\/sistem-3simple\/#primaryimage\",\"url\":\"https:\/\/ibcparts.eu\/wp-content\/uploads\/2025\/11\/TRIO-SIMPLE.png\",\"contentUrl\":\"https:\/\/ibcparts.eu\/wp-content\/uploads\/2025\/11\/TRIO-SIMPLE.png\",\"width\":827,\"height\":827,\"caption\":\"Sistem 3+ SIMPLE za povezavo treh ali ve\u010d IBC cistern.\"},{\"@type\":\"BreadcrumbList\",\"@id\":\"https:\/\/ibcparts.eu\/izdelek\/sistem-3simple\/#breadcrumb\",\"itemListElement\":[{\"@type\":\"ListItem\",\"position\":1,\"name\":\"Home\",\"item\":\"https:\/\/ibcparts.eu\/\"},{\"@type\":\"ListItem\",\"position\":2,\"name\":\"Nakupujte\",\"item\":\"https:\/\/ibcparts.eu\/nakupujte\/\"},{\"@type\":\"ListItem\",\"position\":3,\"name\":\"3+ SIMPLE (vodoravno pove\u017eite 3 ali ve\u010d IBC cistern)\"}]},{\"@type\":\"WebSite\",\"@id\":\"https:\/\/ibcparts.eu\/#website\",\"url\":\"https:\/\/ibcparts.eu\/\",\"name\":\"IBCparts.eu\",\"description\":\"\",\"publisher\":{\"@id\":\"https:\/\/ibcparts.eu\/#organization\"},\"potentialAction\":[{\"@type\":\"SearchAction\",\"target\":{\"@type\":\"EntryPoint\",\"urlTemplate\":\"https:\/\/ibcparts.eu\/?s={search_term_string}\"},\"query-input\":{\"@type\":\"PropertyValueSpecification\",\"valueRequired\":true,\"valueName\":\"search_term_string\"}}],\"inLanguage\":\"nl-NL\"},{\"@type\":\"Organization\",\"@id\":\"https:\/\/ibcparts.eu\/#organization\",\"name\":\"IBCparts\",\"url\":\"https:\/\/ibcparts.eu\/\",\"logo\":{\"@type\":\"ImageObject\",\"inLanguage\":\"nl-NL\",\"@id\":\"https:\/\/ibcparts.eu\/#\/schema\/logo\/image\/\",\"url\":\"https:\/\/ibcparts.eu\/wp-content\/uploads\/2021\/10\/Footer-Logo.png\",\"contentUrl\":\"https:\/\/ibcparts.eu\/wp-content\/uploads\/2021\/10\/Footer-Logo.png\",\"width\":1992,\"height\":772,\"caption\":\"IBCparts\"},\"image\":{\"@id\":\"https:\/\/ibcparts.eu\/#\/schema\/logo\/image\/\"}}]}<\/script>\n<!-- \/ Yoast SEO plugin. -->","yoast_head_json":{"title":"3+ SIMPLE (vodoravno pove\u017eite 3 ali ve\u010d IBC cistern) | IBCparts.eu","description":"Sistem 3+ SIMPLE za povezavo treh ali ve\u010d IBC cistern. Sedaj \u0161e mo\u010dnej\u0161i in \u0161e cenej\u0161i! Mo\u010dan. Izjemno uporaben. \u0160e ugodnej\u0161i. \u017de sestavljen!","robots":{"index":"index","follow":"follow","max-snippet":"max-snippet:-1","max-image-preview":"max-image-preview:large","max-video-preview":"max-video-preview:-1"},"canonical":"https:\/\/ibcparts.eu\/nl\/product\/sistem-3simple\/","og_locale":"nl_NL","og_type":"article","og_title":"3+ SIMPLE (vodoravno pove\u017eite 3 ali ve\u010d IBC cistern) | IBCparts.eu","og_description":"Sistem 3+ SIMPLE za povezavo treh ali ve\u010d IBC cistern. Sedaj \u0161e mo\u010dnej\u0161i in \u0161e cenej\u0161i! Mo\u010dan. Izjemno uporaben. \u0160e ugodnej\u0161i. \u017de sestavljen!","og_url":"https:\/\/ibcparts.eu\/nl\/product\/sistem-3simple\/","og_site_name":"IBCparts.eu","article_modified_time":"2026-01-14T08:27:35+00:00","og_image":[{"width":827,"height":827,"url":"https:\/\/ibcparts.eu\/wp-content\/uploads\/2025\/11\/TRIO-SIMPLE.png","type":"image\/png"}],"twitter_card":"summary_large_image","twitter_misc":{"Geschatte leestijd":"3 minuten"},"schema":{"@context":"https:\/\/schema.org","@graph":[{"@type":"WebPage","@id":"https:\/\/ibcparts.eu\/izdelek\/sistem-3simple\/","url":"https:\/\/ibcparts.eu\/izdelek\/sistem-3simple\/","name":"3+ SIMPLE (vodoravno pove\u017eite 3 ali ve\u010d IBC cistern) | IBCparts.eu","isPartOf":{"@id":"https:\/\/ibcparts.eu\/#website"},"primaryImageOfPage":{"@id":"https:\/\/ibcparts.eu\/izdelek\/sistem-3simple\/#primaryimage"},"image":{"@id":"https:\/\/ibcparts.eu\/izdelek\/sistem-3simple\/#primaryimage"},"thumbnailUrl":"https:\/\/ibcparts.eu\/wp-content\/uploads\/2025\/11\/TRIO-SIMPLE.png","datePublished":"2025-11-22T09:07:58+00:00","dateModified":"2026-01-14T08:27:35+00:00","description":"Sistem 3+ SIMPLE za povezavo treh ali ve\u010d IBC cistern. Sedaj \u0161e mo\u010dnej\u0161i in \u0161e cenej\u0161i! Mo\u010dan. Izjemno uporaben. \u0160e ugodnej\u0161i. \u017de sestavljen!","breadcrumb":{"@id":"https:\/\/ibcparts.eu\/izdelek\/sistem-3simple\/#breadcrumb"},"inLanguage":"nl-NL","potentialAction":[{"@type":"ReadAction","target":["https:\/\/ibcparts.eu\/izdelek\/sistem-3simple\/"]}]},{"@type":"ImageObject","inLanguage":"nl-NL","@id":"https:\/\/ibcparts.eu\/izdelek\/sistem-3simple\/#primaryimage","url":"https:\/\/ibcparts.eu\/wp-content\/uploads\/2025\/11\/TRIO-SIMPLE.png","contentUrl":"https:\/\/ibcparts.eu\/wp-content\/uploads\/2025\/11\/TRIO-SIMPLE.png","width":827,"height":827,"caption":"Sistem 3+ SIMPLE za povezavo treh ali ve\u010d IBC cistern."},{"@type":"BreadcrumbList","@id":"https:\/\/ibcparts.eu\/izdelek\/sistem-3simple\/#breadcrumb","itemListElement":[{"@type":"ListItem","position":1,"name":"Home","item":"https:\/\/ibcparts.eu\/"},{"@type":"ListItem","position":2,"name":"Nakupujte","item":"https:\/\/ibcparts.eu\/nakupujte\/"},{"@type":"ListItem","position":3,"name":"3+ SIMPLE (vodoravno pove\u017eite 3 ali ve\u010d IBC cistern)"}]},{"@type":"WebSite","@id":"https:\/\/ibcparts.eu\/#website","url":"https:\/\/ibcparts.eu\/","name":"IBCparts.eu","description":"","publisher":{"@id":"https:\/\/ibcparts.eu\/#organization"},"potentialAction":[{"@type":"SearchAction","target":{"@type":"EntryPoint","urlTemplate":"https:\/\/ibcparts.eu\/?s={search_term_string}"},"query-input":{"@type":"PropertyValueSpecification","valueRequired":true,"valueName":"search_term_string"}}],"inLanguage":"nl-NL"},{"@type":"Organization","@id":"https:\/\/ibcparts.eu\/#organization","name":"IBCparts","url":"https:\/\/ibcparts.eu\/","logo":{"@type":"ImageObject","inLanguage":"nl-NL","@id":"https:\/\/ibcparts.eu\/#\/schema\/logo\/image\/","url":"https:\/\/ibcparts.eu\/wp-content\/uploads\/2021\/10\/Footer-Logo.png","contentUrl":"https:\/\/ibcparts.eu\/wp-content\/uploads\/2021\/10\/Footer-Logo.png","width":1992,"height":772,"caption":"IBCparts"},"image":{"@id":"https:\/\/ibcparts.eu\/#\/schema\/logo\/image\/"}}]}},"_links":{"self":[{"href":"https:\/\/ibcparts.eu\/nl\/wp-json\/wp\/v2\/product\/18186","targetHints":{"allow":["GET"]}}],"collection":[{"href":"https:\/\/ibcparts.eu\/nl\/wp-json\/wp\/v2\/product"}],"about":[{"href":"https:\/\/ibcparts.eu\/nl\/wp-json\/wp\/v2\/types\/product"}],"version-history":[{"count":3,"href":"https:\/\/ibcparts.eu\/nl\/wp-json\/wp\/v2\/product\/18186\/revisions"}],"predecessor-version":[{"id":20269,"href":"https:\/\/ibcparts.eu\/nl\/wp-json\/wp\/v2\/product\/18186\/revisions\/20269"}],"wp:featuredmedia":[{"embeddable":true,"href":"https:\/\/ibcparts.eu\/nl\/wp-json\/wp\/v2\/media\/18204"}],"wp:attachment":[{"href":"https:\/\/ibcparts.eu\/nl\/wp-json\/wp\/v2\/media?parent=18186"}],"wp:term":[{"taxonomy":"product_brand","embeddable":true,"href":"https:\/\/ibcparts.eu\/nl\/wp-json\/wp\/v2\/product_brand?post=18186"},{"taxonomy":"product_cat","embeddable":true,"href":"https:\/\/ibcparts.eu\/nl\/wp-json\/wp\/v2\/product_cat?post=18186"},{"taxonomy":"product_tag","embeddable":true,"href":"https:\/\/ibcparts.eu\/nl\/wp-json\/wp\/v2\/product_tag?post=18186"}],"curies":[{"name":"wp","href":"https:\/\/api.w.org\/{rel}","templated":true}]}}