{"id":16954,"date":"2024-06-07T10:37:38","date_gmt":"2024-06-07T09:37:38","guid":{"rendered":"https:\/\/ibcparts.eu\/?post_type=product&#038;p=16954"},"modified":"2025-11-16T10:14:38","modified_gmt":"2025-11-16T09:14:38","slug":"filter-dezevnice-mini","status":"publish","type":"product","link":"https:\/\/ibcparts.eu\/nl\/product\/mini-regenwaterfilter\/","title":{"rendered":"Filter de\u017eevnice MINI"},"content":{"rendered":"","protected":false},"excerpt":{"rendered":"<p><span style=\"font-size: large;\"><strong>Productinformatie:<\/strong><br \/>\n\u200bFilter za \u017eleb s sitom za listje.<\/span><\/p>\n<ul>\n<li>Odli\u010dna mehanska filtracija s\u00a0sitom kot odstranjevalcem listja.<\/li>\n<li>Za padne cevi (\u017elebove) fi 70mm &#8211; 100mm (odprtino morate izrezati sami &#8211; mehka plastika).<\/li>\n<li>Stranski odtok zunanjega premera 1&#8243; &#8211; 25mm. Lahko uporabite na\u0161o armirano 1&#8243; cev.<\/li>\n<li>Priporo\u010dljivo za<strong> do cca 50 m2<\/strong>\u00a0strehe.<\/li>\n<li>Zimsko-letni na\u010din &#8211; samo preklopite drsnik na ohi\u0161ju.<\/li>\n<li>Primeren je za stalno uporabo brez \u010di\u0161\u010denja.<\/li>\n<li>Trpe\u017ena izdelava, odli\u010dna odpornost.\u200b<\/li>\n<li>Izdelano v Nem\u010diji.<\/li>\n<\/ul>\n<p>Material: plastika.<br \/>\nBarva filtra: siva<\/p>","protected":false},"featured_media":16956,"template":"","meta":[],"product_brand":[],"product_cat":[186],"product_tag":[],"class_list":{"0":"post-16954","1":"product","2":"type-product","3":"status-publish","4":"has-post-thumbnail","6":"product_cat-filtri-za-dezevnico-in-pvc-redukcije","8":"first","9":"instock","10":"sale","11":"shipping-taxable","12":"purchasable","13":"product-type-simple"},"yoast_head":"<!-- This site is optimized with the Yoast SEO plugin v27.1.1 - https:\/\/yoast.com\/product\/yoast-seo-wordpress\/ -->\n<title>Filter de\u017eevnice MINI | IBCparts.eu<\/title>\n<meta name=\"description\" content=\"Za padne cevi (\u017elebove) fi 70mm - 100mm. Stranski odtok zunanjega premera 1&quot; - 25mm. Priporo\u010dljivo za do cca 50 m2\u00a0strehe.\" \/>\n<meta name=\"robots\" content=\"index, follow, max-snippet:-1, max-image-preview:large, max-video-preview:-1\" \/>\n<link rel=\"canonical\" href=\"https:\/\/ibcparts.eu\/nl\/product\/mini-regenwaterfilter\/\" \/>\n<meta property=\"og:locale\" content=\"nl_NL\" \/>\n<meta property=\"og:type\" content=\"article\" \/>\n<meta property=\"og:title\" content=\"Filter de\u017eevnice MINI | IBCparts.eu\" \/>\n<meta property=\"og:description\" content=\"Za padne cevi (\u017elebove) fi 70mm - 100mm. Stranski odtok zunanjega premera 1&quot; - 25mm. Priporo\u010dljivo za do cca 50 m2\u00a0strehe.\" \/>\n<meta property=\"og:url\" content=\"https:\/\/ibcparts.eu\/nl\/product\/mini-regenwaterfilter\/\" \/>\n<meta property=\"og:site_name\" content=\"IBCparts.eu\" \/>\n<meta property=\"article:modified_time\" content=\"2025-11-16T09:14:38+00:00\" \/>\n<meta property=\"og:image\" content=\"https:\/\/ibcparts.eu\/wp-content\/uploads\/2024\/06\/Filter-MINI.jpg\" \/>\n\t<meta property=\"og:image:width\" content=\"828\" \/>\n\t<meta property=\"og:image:height\" content=\"828\" \/>\n\t<meta property=\"og:image:type\" content=\"image\/jpeg\" \/>\n<meta name=\"twitter:card\" content=\"summary_large_image\" \/>\n<script type=\"application\/ld+json\" class=\"yoast-schema-graph\">{\"@context\":\"https:\/\/schema.org\",\"@graph\":[{\"@type\":\"WebPage\",\"@id\":\"https:\/\/ibcparts.eu\/izdelek\/filter-dezevnice-mini\/\",\"url\":\"https:\/\/ibcparts.eu\/izdelek\/filter-dezevnice-mini\/\",\"name\":\"Filter de\u017eevnice MINI | IBCparts.eu\",\"isPartOf\":{\"@id\":\"https:\/\/ibcparts.eu\/#website\"},\"primaryImageOfPage\":{\"@id\":\"https:\/\/ibcparts.eu\/izdelek\/filter-dezevnice-mini\/#primaryimage\"},\"image\":{\"@id\":\"https:\/\/ibcparts.eu\/izdelek\/filter-dezevnice-mini\/#primaryimage\"},\"thumbnailUrl\":\"https:\/\/ibcparts.eu\/wp-content\/uploads\/2024\/06\/Filter-MINI.jpg\",\"datePublished\":\"2024-06-07T09:37:38+00:00\",\"dateModified\":\"2025-11-16T09:14:38+00:00\",\"description\":\"Za padne cevi (\u017elebove) fi 70mm - 100mm. Stranski odtok zunanjega premera 1\\\" - 25mm. Priporo\u010dljivo za do cca 50 m2\u00a0strehe.\",\"breadcrumb\":{\"@id\":\"https:\/\/ibcparts.eu\/izdelek\/filter-dezevnice-mini\/#breadcrumb\"},\"inLanguage\":\"nl-NL\",\"potentialAction\":[{\"@type\":\"ReadAction\",\"target\":[\"https:\/\/ibcparts.eu\/izdelek\/filter-dezevnice-mini\/\"]}]},{\"@type\":\"ImageObject\",\"inLanguage\":\"nl-NL\",\"@id\":\"https:\/\/ibcparts.eu\/izdelek\/filter-dezevnice-mini\/#primaryimage\",\"url\":\"https:\/\/ibcparts.eu\/wp-content\/uploads\/2024\/06\/Filter-MINI.jpg\",\"contentUrl\":\"https:\/\/ibcparts.eu\/wp-content\/uploads\/2024\/06\/Filter-MINI.jpg\",\"width\":828,\"height\":828},{\"@type\":\"BreadcrumbList\",\"@id\":\"https:\/\/ibcparts.eu\/izdelek\/filter-dezevnice-mini\/#breadcrumb\",\"itemListElement\":[{\"@type\":\"ListItem\",\"position\":1,\"name\":\"Home\",\"item\":\"https:\/\/ibcparts.eu\/\"},{\"@type\":\"ListItem\",\"position\":2,\"name\":\"Nakupujte\",\"item\":\"https:\/\/ibcparts.eu\/nakupujte\/\"},{\"@type\":\"ListItem\",\"position\":3,\"name\":\"Filter de\u017eevnice MINI\"}]},{\"@type\":\"WebSite\",\"@id\":\"https:\/\/ibcparts.eu\/#website\",\"url\":\"https:\/\/ibcparts.eu\/\",\"name\":\"IBCparts.eu\",\"description\":\"\",\"publisher\":{\"@id\":\"https:\/\/ibcparts.eu\/#organization\"},\"potentialAction\":[{\"@type\":\"SearchAction\",\"target\":{\"@type\":\"EntryPoint\",\"urlTemplate\":\"https:\/\/ibcparts.eu\/?s={search_term_string}\"},\"query-input\":{\"@type\":\"PropertyValueSpecification\",\"valueRequired\":true,\"valueName\":\"search_term_string\"}}],\"inLanguage\":\"nl-NL\"},{\"@type\":\"Organization\",\"@id\":\"https:\/\/ibcparts.eu\/#organization\",\"name\":\"IBCparts\",\"url\":\"https:\/\/ibcparts.eu\/\",\"logo\":{\"@type\":\"ImageObject\",\"inLanguage\":\"nl-NL\",\"@id\":\"https:\/\/ibcparts.eu\/#\/schema\/logo\/image\/\",\"url\":\"https:\/\/ibcparts.eu\/wp-content\/uploads\/2021\/10\/Footer-Logo.png\",\"contentUrl\":\"https:\/\/ibcparts.eu\/wp-content\/uploads\/2021\/10\/Footer-Logo.png\",\"width\":1992,\"height\":772,\"caption\":\"IBCparts\"},\"image\":{\"@id\":\"https:\/\/ibcparts.eu\/#\/schema\/logo\/image\/\"}}]}<\/script>\n<!-- \/ Yoast SEO plugin. -->","yoast_head_json":{"title":"Filter de\u017eevnice MINI | IBCparts.eu","description":"Za padne cevi (\u017elebove) fi 70mm - 100mm. Stranski odtok zunanjega premera 1\" - 25mm. Priporo\u010dljivo za do cca 50 m2\u00a0strehe.","robots":{"index":"index","follow":"follow","max-snippet":"max-snippet:-1","max-image-preview":"max-image-preview:large","max-video-preview":"max-video-preview:-1"},"canonical":"https:\/\/ibcparts.eu\/nl\/product\/mini-regenwaterfilter\/","og_locale":"nl_NL","og_type":"article","og_title":"Filter de\u017eevnice MINI | IBCparts.eu","og_description":"Za padne cevi (\u017elebove) fi 70mm - 100mm. Stranski odtok zunanjega premera 1\" - 25mm. Priporo\u010dljivo za do cca 50 m2\u00a0strehe.","og_url":"https:\/\/ibcparts.eu\/nl\/product\/mini-regenwaterfilter\/","og_site_name":"IBCparts.eu","article_modified_time":"2025-11-16T09:14:38+00:00","og_image":[{"width":828,"height":828,"url":"https:\/\/ibcparts.eu\/wp-content\/uploads\/2024\/06\/Filter-MINI.jpg","type":"image\/jpeg"}],"twitter_card":"summary_large_image","schema":{"@context":"https:\/\/schema.org","@graph":[{"@type":"WebPage","@id":"https:\/\/ibcparts.eu\/izdelek\/filter-dezevnice-mini\/","url":"https:\/\/ibcparts.eu\/izdelek\/filter-dezevnice-mini\/","name":"Filter de\u017eevnice MINI | IBCparts.eu","isPartOf":{"@id":"https:\/\/ibcparts.eu\/#website"},"primaryImageOfPage":{"@id":"https:\/\/ibcparts.eu\/izdelek\/filter-dezevnice-mini\/#primaryimage"},"image":{"@id":"https:\/\/ibcparts.eu\/izdelek\/filter-dezevnice-mini\/#primaryimage"},"thumbnailUrl":"https:\/\/ibcparts.eu\/wp-content\/uploads\/2024\/06\/Filter-MINI.jpg","datePublished":"2024-06-07T09:37:38+00:00","dateModified":"2025-11-16T09:14:38+00:00","description":"Za padne cevi (\u017elebove) fi 70mm - 100mm. Stranski odtok zunanjega premera 1\" - 25mm. Priporo\u010dljivo za do cca 50 m2\u00a0strehe.","breadcrumb":{"@id":"https:\/\/ibcparts.eu\/izdelek\/filter-dezevnice-mini\/#breadcrumb"},"inLanguage":"nl-NL","potentialAction":[{"@type":"ReadAction","target":["https:\/\/ibcparts.eu\/izdelek\/filter-dezevnice-mini\/"]}]},{"@type":"ImageObject","inLanguage":"nl-NL","@id":"https:\/\/ibcparts.eu\/izdelek\/filter-dezevnice-mini\/#primaryimage","url":"https:\/\/ibcparts.eu\/wp-content\/uploads\/2024\/06\/Filter-MINI.jpg","contentUrl":"https:\/\/ibcparts.eu\/wp-content\/uploads\/2024\/06\/Filter-MINI.jpg","width":828,"height":828},{"@type":"BreadcrumbList","@id":"https:\/\/ibcparts.eu\/izdelek\/filter-dezevnice-mini\/#breadcrumb","itemListElement":[{"@type":"ListItem","position":1,"name":"Home","item":"https:\/\/ibcparts.eu\/"},{"@type":"ListItem","position":2,"name":"Nakupujte","item":"https:\/\/ibcparts.eu\/nakupujte\/"},{"@type":"ListItem","position":3,"name":"Filter de\u017eevnice MINI"}]},{"@type":"WebSite","@id":"https:\/\/ibcparts.eu\/#website","url":"https:\/\/ibcparts.eu\/","name":"IBCparts.eu","description":"","publisher":{"@id":"https:\/\/ibcparts.eu\/#organization"},"potentialAction":[{"@type":"SearchAction","target":{"@type":"EntryPoint","urlTemplate":"https:\/\/ibcparts.eu\/?s={search_term_string}"},"query-input":{"@type":"PropertyValueSpecification","valueRequired":true,"valueName":"search_term_string"}}],"inLanguage":"nl-NL"},{"@type":"Organization","@id":"https:\/\/ibcparts.eu\/#organization","name":"IBCparts","url":"https:\/\/ibcparts.eu\/","logo":{"@type":"ImageObject","inLanguage":"nl-NL","@id":"https:\/\/ibcparts.eu\/#\/schema\/logo\/image\/","url":"https:\/\/ibcparts.eu\/wp-content\/uploads\/2021\/10\/Footer-Logo.png","contentUrl":"https:\/\/ibcparts.eu\/wp-content\/uploads\/2021\/10\/Footer-Logo.png","width":1992,"height":772,"caption":"IBCparts"},"image":{"@id":"https:\/\/ibcparts.eu\/#\/schema\/logo\/image\/"}}]}},"_links":{"self":[{"href":"https:\/\/ibcparts.eu\/nl\/wp-json\/wp\/v2\/product\/16954","targetHints":{"allow":["GET"]}}],"collection":[{"href":"https:\/\/ibcparts.eu\/nl\/wp-json\/wp\/v2\/product"}],"about":[{"href":"https:\/\/ibcparts.eu\/nl\/wp-json\/wp\/v2\/types\/product"}],"version-history":[{"count":0,"href":"https:\/\/ibcparts.eu\/nl\/wp-json\/wp\/v2\/product\/16954\/revisions"}],"wp:featuredmedia":[{"embeddable":true,"href":"https:\/\/ibcparts.eu\/nl\/wp-json\/wp\/v2\/media\/16956"}],"wp:attachment":[{"href":"https:\/\/ibcparts.eu\/nl\/wp-json\/wp\/v2\/media?parent=16954"}],"wp:term":[{"taxonomy":"product_brand","embeddable":true,"href":"https:\/\/ibcparts.eu\/nl\/wp-json\/wp\/v2\/product_brand?post=16954"},{"taxonomy":"product_cat","embeddable":true,"href":"https:\/\/ibcparts.eu\/nl\/wp-json\/wp\/v2\/product_cat?post=16954"},{"taxonomy":"product_tag","embeddable":true,"href":"https:\/\/ibcparts.eu\/nl\/wp-json\/wp\/v2\/product_tag?post=16954"}],"curies":[{"name":"wp","href":"https:\/\/api.w.org\/{rel}","templated":true}]}}