{"id":16298,"date":"2024-02-07T08:49:18","date_gmt":"2024-02-07T07:49:18","guid":{"rendered":"https:\/\/ibcparts.eu\/?post_type=product&#038;p=16298"},"modified":"2026-02-11T14:20:22","modified_gmt":"2026-02-11T13:20:22","slug":"tesnilo-92x68x5mm-epdm-silikon-tudi-za-reducirje-s100","status":"publish","type":"product","link":"https:\/\/ibcparts.eu\/nl\/product\/afdichting-88x67x3mm-epdm-siliconen-voor-s100-reducties\/","title":{"rendered":"Tesnilo 92x68x5 mm [za IBC adapter S100]  (1 kos)"},"content":{"rendered":"","protected":false},"excerpt":{"rendered":"<h3 data-start=\"319\" data-end=\"335\">Opis izdelka<\/h3>\n<p data-start=\"336\" data-end=\"623\">Tesnilo za IBC adapter <strong data-start=\"359\" data-end=\"386\">S100 dimenzije 92\u00d768 mm<\/strong> je namenjeno zanesljivemu tesnjenju IBC cistern in pripadajo\u010dih adapterjev. Zaradi optimalne trdote materiala u\u010dinkovito izravna tudi ve\u010dje nepravilnosti na nale\u017enih povr\u0161inah ter zagotavlja dolgotrajno in varno tesnjenje brez pu\u0161\u010danja.<\/p>\n<p data-start=\"625\" data-end=\"780\">Izdelek je primeren za uporabo v industriji, kmetijstvu in drugih tehni\u010dnih aplikacijah, kjer je zahtevana natan\u010dna in zanesljiva tesnitev IBC priklju\u010dkov.<\/p>\n<hr data-start=\"782\" data-end=\"785\" \/>\n<h3 data-start=\"806\" data-end=\"848\"><strong data-start=\"810\" data-end=\"848\">Razpolo\u017eljivi materiali in uporaba<\/strong><\/h3>\n<p data-start=\"850\" data-end=\"916\">Tesnila so na voljo v razli\u010dnih materialih, glede na vrsto medija:<\/p>\n<ul>\n<li data-start=\"980\" data-end=\"1031\"><strong data-start=\"980\" data-end=\"996\">EPDM tesnilo<\/strong>\u00a0\u2013 odporno na razli\u010dne kemikalije<\/li>\n<li data-start=\"1034\" data-end=\"1086\"><strong data-start=\"1034\" data-end=\"1049\">NBR tesnilo<\/strong>\u00a0\u2013 primerno za stik z nafto in olji<\/li>\n<li data-start=\"1089\" data-end=\"1158\"><strong data-start=\"1089\" data-end=\"1111\">Silikonsko tesnilo<\/strong> \u2013 primerno za razne smole in aplikacije, ki zahtevajo visoko ali nizko temperaturo<\/li>\n<\/ul>\n<p data-start=\"1160\" data-end=\"1242\">Izbira materiala omogo\u010da optimalno prilagoditev glede na konkretne pogoje uporabe.<\/p>\n<hr data-start=\"1244\" data-end=\"1247\" \/>\n<h3 data-start=\"787\" data-end=\"820\">Dimenzije in tehni\u010dni podatki<\/h3>\n<ul>\n<li data-start=\"823\" data-end=\"850\">Zunanji premer: <strong data-start=\"839\" data-end=\"848\">92 mm<\/strong><\/li>\n<li data-start=\"853\" data-end=\"881\">Notranji premer: <strong data-start=\"870\" data-end=\"879\">68 mm<\/strong><\/li>\n<li data-start=\"884\" data-end=\"913\">Debelina: <strong data-start=\"894\" data-end=\"911\">5 mm<\/strong><\/li>\n<li data-start=\"916\" data-end=\"937\">Koli\u010dina: <strong data-start=\"926\" data-end=\"935\">1 kos<\/strong><\/li>\n<li data-start=\"940\" data-end=\"970\">Standard: <strong data-start=\"950\" data-end=\"970\">IBC adapter S100<\/strong><\/li>\n<\/ul>\n<p>Uporabljeni materiali so <strong data-start=\"769\" data-end=\"792\">\u010disti, brez me\u0161anic<\/strong>, kar pomeni bolj\u0161o odpornost, dalj\u0161o \u017eivljenjsko dobo in zanesljivo tesnjenje.<\/p>\n<hr data-start=\"972\" data-end=\"975\" \/>\n<h3 data-start=\"977\" data-end=\"1010\">Pomembna opomba glede uporabe<\/h3>\n<p data-start=\"1011\" data-end=\"1191\">Uporabnik je dol\u017ean pred uporabo preveriti ustreznost in kompatibilnost materiala tesnila z izbranim medijem ter konkretnimi pogoji uporabe (npr. koncentracija, temperatura, tlak).<\/p>","protected":false},"featured_media":19422,"template":"","meta":[],"product_brand":[],"product_cat":[185],"product_tag":[518],"class_list":{"0":"post-16298","1":"product","2":"type-product","3":"status-publish","4":"has-post-thumbnail","6":"product_cat-tesnila","7":"product_tag-tesnilo-za-ibc-cisterno","9":"first","10":"instock","11":"shipping-taxable","12":"purchasable","13":"product-type-variable"},"yoast_head":"<!-- This site is optimized with the Yoast SEO plugin v27.1.1 - https:\/\/yoast.com\/product\/yoast-seo-wordpress\/ -->\n<title>Tesnilo 92x68x5 mm [za IBC adapter S100] (1 kos)<\/title>\n<meta name=\"description\" content=\"Okroglo plo\u0161\u010dato tesnilo za adapterje za IBC cisterno z ventilom fi 100mm (navoj S100x8) 92x68x5 EPDM, NBR ali silikon. Zanesljivo tesnjenje brez pu\u0161\u010danja.\" \/>\n<meta name=\"robots\" content=\"index, follow, max-snippet:-1, max-image-preview:large, max-video-preview:-1\" \/>\n<link rel=\"canonical\" href=\"https:\/\/ibcparts.eu\/nl\/product\/afdichting-88x67x3mm-epdm-siliconen-voor-s100-reducties\/\" \/>\n<meta property=\"og:locale\" content=\"nl_NL\" \/>\n<meta property=\"og:type\" content=\"article\" \/>\n<meta property=\"og:title\" content=\"Tesnilo 92x68x5 mm [za IBC adapter S100] (1 kos)\" \/>\n<meta property=\"og:description\" content=\"Okroglo plo\u0161\u010dato tesnilo za adapterje za IBC cisterno z ventilom fi 100mm (navoj S100x8) 92x68x5 EPDM, NBR ali silikon. Zanesljivo tesnjenje brez pu\u0161\u010danja.\" \/>\n<meta property=\"og:url\" content=\"https:\/\/ibcparts.eu\/nl\/product\/afdichting-88x67x3mm-epdm-siliconen-voor-s100-reducties\/\" \/>\n<meta property=\"og:site_name\" content=\"IBCparts.eu\" \/>\n<meta property=\"article:modified_time\" content=\"2026-02-11T13:20:22+00:00\" \/>\n<meta property=\"og:image\" content=\"https:\/\/ibcparts.eu\/wp-content\/uploads\/2024\/02\/Tesnilo-za-IBC-cisterno-1.jpg\" \/>\n\t<meta property=\"og:image:width\" content=\"768\" \/>\n\t<meta property=\"og:image:height\" content=\"512\" \/>\n\t<meta property=\"og:image:type\" content=\"image\/jpeg\" \/>\n<meta name=\"twitter:card\" content=\"summary_large_image\" \/>\n<script type=\"application\/ld+json\" class=\"yoast-schema-graph\">{\"@context\":\"https:\/\/schema.org\",\"@graph\":[{\"@type\":\"WebPage\",\"@id\":\"https:\/\/ibcparts.eu\/izdelek\/tesnilo-92x68x5mm-epdm-silikon-tudi-za-reducirje-s100\/\",\"url\":\"https:\/\/ibcparts.eu\/izdelek\/tesnilo-92x68x5mm-epdm-silikon-tudi-za-reducirje-s100\/\",\"name\":\"Tesnilo 92x68x5 mm [za IBC adapter S100] (1 kos)\",\"isPartOf\":{\"@id\":\"https:\/\/ibcparts.eu\/#website\"},\"primaryImageOfPage\":{\"@id\":\"https:\/\/ibcparts.eu\/izdelek\/tesnilo-92x68x5mm-epdm-silikon-tudi-za-reducirje-s100\/#primaryimage\"},\"image\":{\"@id\":\"https:\/\/ibcparts.eu\/izdelek\/tesnilo-92x68x5mm-epdm-silikon-tudi-za-reducirje-s100\/#primaryimage\"},\"thumbnailUrl\":\"https:\/\/ibcparts.eu\/wp-content\/uploads\/2024\/02\/Tesnilo-za-IBC-cisterno-1.jpg\",\"datePublished\":\"2024-02-07T07:49:18+00:00\",\"dateModified\":\"2026-02-11T13:20:22+00:00\",\"description\":\"Okroglo plo\u0161\u010dato tesnilo za adapterje za IBC cisterno z ventilom fi 100mm (navoj S100x8) 92x68x5 EPDM, NBR ali silikon. Zanesljivo tesnjenje brez pu\u0161\u010danja.\",\"breadcrumb\":{\"@id\":\"https:\/\/ibcparts.eu\/izdelek\/tesnilo-92x68x5mm-epdm-silikon-tudi-za-reducirje-s100\/#breadcrumb\"},\"inLanguage\":\"nl-NL\",\"potentialAction\":[{\"@type\":\"ReadAction\",\"target\":[\"https:\/\/ibcparts.eu\/izdelek\/tesnilo-92x68x5mm-epdm-silikon-tudi-za-reducirje-s100\/\"]}]},{\"@type\":\"ImageObject\",\"inLanguage\":\"nl-NL\",\"@id\":\"https:\/\/ibcparts.eu\/izdelek\/tesnilo-92x68x5mm-epdm-silikon-tudi-za-reducirje-s100\/#primaryimage\",\"url\":\"https:\/\/ibcparts.eu\/wp-content\/uploads\/2024\/02\/Tesnilo-za-IBC-cisterno-1.jpg\",\"contentUrl\":\"https:\/\/ibcparts.eu\/wp-content\/uploads\/2024\/02\/Tesnilo-za-IBC-cisterno-1.jpg\",\"width\":768,\"height\":512,\"caption\":\"Tesnilo za IBC adapter S100 88x67 mm\"},{\"@type\":\"BreadcrumbList\",\"@id\":\"https:\/\/ibcparts.eu\/izdelek\/tesnilo-92x68x5mm-epdm-silikon-tudi-za-reducirje-s100\/#breadcrumb\",\"itemListElement\":[{\"@type\":\"ListItem\",\"position\":1,\"name\":\"Home\",\"item\":\"https:\/\/ibcparts.eu\/\"},{\"@type\":\"ListItem\",\"position\":2,\"name\":\"Nakupujte\",\"item\":\"https:\/\/ibcparts.eu\/nakupujte\/\"},{\"@type\":\"ListItem\",\"position\":3,\"name\":\"Tesnilo 92x68x5 mm [za IBC adapter S100] (1 kos)\"}]},{\"@type\":\"WebSite\",\"@id\":\"https:\/\/ibcparts.eu\/#website\",\"url\":\"https:\/\/ibcparts.eu\/\",\"name\":\"IBCparts.eu\",\"description\":\"\",\"publisher\":{\"@id\":\"https:\/\/ibcparts.eu\/#organization\"},\"potentialAction\":[{\"@type\":\"SearchAction\",\"target\":{\"@type\":\"EntryPoint\",\"urlTemplate\":\"https:\/\/ibcparts.eu\/?s={search_term_string}\"},\"query-input\":{\"@type\":\"PropertyValueSpecification\",\"valueRequired\":true,\"valueName\":\"search_term_string\"}}],\"inLanguage\":\"nl-NL\"},{\"@type\":\"Organization\",\"@id\":\"https:\/\/ibcparts.eu\/#organization\",\"name\":\"IBCparts\",\"url\":\"https:\/\/ibcparts.eu\/\",\"logo\":{\"@type\":\"ImageObject\",\"inLanguage\":\"nl-NL\",\"@id\":\"https:\/\/ibcparts.eu\/#\/schema\/logo\/image\/\",\"url\":\"https:\/\/ibcparts.eu\/wp-content\/uploads\/2021\/10\/Footer-Logo.png\",\"contentUrl\":\"https:\/\/ibcparts.eu\/wp-content\/uploads\/2021\/10\/Footer-Logo.png\",\"width\":1992,\"height\":772,\"caption\":\"IBCparts\"},\"image\":{\"@id\":\"https:\/\/ibcparts.eu\/#\/schema\/logo\/image\/\"}}]}<\/script>\n<!-- \/ Yoast SEO plugin. -->","yoast_head_json":{"title":"Tesnilo 92x68x5 mm [za IBC adapter S100] (1 kos)","description":"Okroglo plo\u0161\u010dato tesnilo za adapterje za IBC cisterno z ventilom fi 100mm (navoj S100x8) 92x68x5 EPDM, NBR ali silikon. Zanesljivo tesnjenje brez pu\u0161\u010danja.","robots":{"index":"index","follow":"follow","max-snippet":"max-snippet:-1","max-image-preview":"max-image-preview:large","max-video-preview":"max-video-preview:-1"},"canonical":"https:\/\/ibcparts.eu\/nl\/product\/afdichting-88x67x3mm-epdm-siliconen-voor-s100-reducties\/","og_locale":"nl_NL","og_type":"article","og_title":"Tesnilo 92x68x5 mm [za IBC adapter S100] (1 kos)","og_description":"Okroglo plo\u0161\u010dato tesnilo za adapterje za IBC cisterno z ventilom fi 100mm (navoj S100x8) 92x68x5 EPDM, NBR ali silikon. Zanesljivo tesnjenje brez pu\u0161\u010danja.","og_url":"https:\/\/ibcparts.eu\/nl\/product\/afdichting-88x67x3mm-epdm-siliconen-voor-s100-reducties\/","og_site_name":"IBCparts.eu","article_modified_time":"2026-02-11T13:20:22+00:00","og_image":[{"width":768,"height":512,"url":"https:\/\/ibcparts.eu\/wp-content\/uploads\/2024\/02\/Tesnilo-za-IBC-cisterno-1.jpg","type":"image\/jpeg"}],"twitter_card":"summary_large_image","schema":{"@context":"https:\/\/schema.org","@graph":[{"@type":"WebPage","@id":"https:\/\/ibcparts.eu\/izdelek\/tesnilo-92x68x5mm-epdm-silikon-tudi-za-reducirje-s100\/","url":"https:\/\/ibcparts.eu\/izdelek\/tesnilo-92x68x5mm-epdm-silikon-tudi-za-reducirje-s100\/","name":"Tesnilo 92x68x5 mm [za IBC adapter S100] (1 kos)","isPartOf":{"@id":"https:\/\/ibcparts.eu\/#website"},"primaryImageOfPage":{"@id":"https:\/\/ibcparts.eu\/izdelek\/tesnilo-92x68x5mm-epdm-silikon-tudi-za-reducirje-s100\/#primaryimage"},"image":{"@id":"https:\/\/ibcparts.eu\/izdelek\/tesnilo-92x68x5mm-epdm-silikon-tudi-za-reducirje-s100\/#primaryimage"},"thumbnailUrl":"https:\/\/ibcparts.eu\/wp-content\/uploads\/2024\/02\/Tesnilo-za-IBC-cisterno-1.jpg","datePublished":"2024-02-07T07:49:18+00:00","dateModified":"2026-02-11T13:20:22+00:00","description":"Okroglo plo\u0161\u010dato tesnilo za adapterje za IBC cisterno z ventilom fi 100mm (navoj S100x8) 92x68x5 EPDM, NBR ali silikon. Zanesljivo tesnjenje brez pu\u0161\u010danja.","breadcrumb":{"@id":"https:\/\/ibcparts.eu\/izdelek\/tesnilo-92x68x5mm-epdm-silikon-tudi-za-reducirje-s100\/#breadcrumb"},"inLanguage":"nl-NL","potentialAction":[{"@type":"ReadAction","target":["https:\/\/ibcparts.eu\/izdelek\/tesnilo-92x68x5mm-epdm-silikon-tudi-za-reducirje-s100\/"]}]},{"@type":"ImageObject","inLanguage":"nl-NL","@id":"https:\/\/ibcparts.eu\/izdelek\/tesnilo-92x68x5mm-epdm-silikon-tudi-za-reducirje-s100\/#primaryimage","url":"https:\/\/ibcparts.eu\/wp-content\/uploads\/2024\/02\/Tesnilo-za-IBC-cisterno-1.jpg","contentUrl":"https:\/\/ibcparts.eu\/wp-content\/uploads\/2024\/02\/Tesnilo-za-IBC-cisterno-1.jpg","width":768,"height":512,"caption":"Tesnilo za IBC adapter S100 88x67 mm"},{"@type":"BreadcrumbList","@id":"https:\/\/ibcparts.eu\/izdelek\/tesnilo-92x68x5mm-epdm-silikon-tudi-za-reducirje-s100\/#breadcrumb","itemListElement":[{"@type":"ListItem","position":1,"name":"Home","item":"https:\/\/ibcparts.eu\/"},{"@type":"ListItem","position":2,"name":"Nakupujte","item":"https:\/\/ibcparts.eu\/nakupujte\/"},{"@type":"ListItem","position":3,"name":"Tesnilo 92x68x5 mm [za IBC adapter S100] (1 kos)"}]},{"@type":"WebSite","@id":"https:\/\/ibcparts.eu\/#website","url":"https:\/\/ibcparts.eu\/","name":"IBCparts.eu","description":"","publisher":{"@id":"https:\/\/ibcparts.eu\/#organization"},"potentialAction":[{"@type":"SearchAction","target":{"@type":"EntryPoint","urlTemplate":"https:\/\/ibcparts.eu\/?s={search_term_string}"},"query-input":{"@type":"PropertyValueSpecification","valueRequired":true,"valueName":"search_term_string"}}],"inLanguage":"nl-NL"},{"@type":"Organization","@id":"https:\/\/ibcparts.eu\/#organization","name":"IBCparts","url":"https:\/\/ibcparts.eu\/","logo":{"@type":"ImageObject","inLanguage":"nl-NL","@id":"https:\/\/ibcparts.eu\/#\/schema\/logo\/image\/","url":"https:\/\/ibcparts.eu\/wp-content\/uploads\/2021\/10\/Footer-Logo.png","contentUrl":"https:\/\/ibcparts.eu\/wp-content\/uploads\/2021\/10\/Footer-Logo.png","width":1992,"height":772,"caption":"IBCparts"},"image":{"@id":"https:\/\/ibcparts.eu\/#\/schema\/logo\/image\/"}}]}},"_links":{"self":[{"href":"https:\/\/ibcparts.eu\/nl\/wp-json\/wp\/v2\/product\/16298","targetHints":{"allow":["GET"]}}],"collection":[{"href":"https:\/\/ibcparts.eu\/nl\/wp-json\/wp\/v2\/product"}],"about":[{"href":"https:\/\/ibcparts.eu\/nl\/wp-json\/wp\/v2\/types\/product"}],"version-history":[{"count":10,"href":"https:\/\/ibcparts.eu\/nl\/wp-json\/wp\/v2\/product\/16298\/revisions"}],"predecessor-version":[{"id":20604,"href":"https:\/\/ibcparts.eu\/nl\/wp-json\/wp\/v2\/product\/16298\/revisions\/20604"}],"wp:featuredmedia":[{"embeddable":true,"href":"https:\/\/ibcparts.eu\/nl\/wp-json\/wp\/v2\/media\/19422"}],"wp:attachment":[{"href":"https:\/\/ibcparts.eu\/nl\/wp-json\/wp\/v2\/media?parent=16298"}],"wp:term":[{"taxonomy":"product_brand","embeddable":true,"href":"https:\/\/ibcparts.eu\/nl\/wp-json\/wp\/v2\/product_brand?post=16298"},{"taxonomy":"product_cat","embeddable":true,"href":"https:\/\/ibcparts.eu\/nl\/wp-json\/wp\/v2\/product_cat?post=16298"},{"taxonomy":"product_tag","embeddable":true,"href":"https:\/\/ibcparts.eu\/nl\/wp-json\/wp\/v2\/product_tag?post=16298"}],"curies":[{"name":"wp","href":"https:\/\/api.w.org\/{rel}","templated":true}]}}