{"id":16265,"date":"2024-02-01T12:01:26","date_gmt":"2024-02-01T11:01:26","guid":{"rendered":"https:\/\/ibcparts.eu\/?post_type=product&#038;p=16265"},"modified":"2026-02-09T07:58:10","modified_gmt":"2026-02-09T06:58:10","slug":"komplet-pro-glide","status":"publish","type":"product","link":"https:\/\/ibcparts.eu\/nl\/product\/komplet-pro-glide\/","title":{"rendered":"Komplet PRO\u00a0GLIDE (3\/4&#8243;, 1&#8243;) za IBC cisterno"},"content":{"rendered":"","protected":false},"excerpt":{"rendered":"<h2 data-start=\"207\" data-end=\"293\"><strong data-start=\"211\" data-end=\"293\">Komplet PRO GLIDE \u2013 MF PRO ventil s PP kolenom za cev za IBC cisterno (S60x6 \/ DN50)<\/strong><\/h2>\n<p data-start=\"295\" data-end=\"564\"><strong data-start=\"295\" data-end=\"332\">Priklju\u010dni ventil za IBC cisterno<\/strong> z <strong data-start=\"335\" data-end=\"353\">Reducirjem PRO<\/strong> in <strong data-start=\"357\" data-end=\"407\">MF PRO ventilom s PP nastavkom v obliki kolena<\/strong>. Komplet je \u017ee sestavljen in deluje kot zanesljiv <strong data-start=\"458\" data-end=\"485\">adapter voor IBC-container<\/strong>, primeren za ve\u010dino standardnih IBC cistern z grobim navojem <strong data-start=\"547\" data-end=\"563\">S60x6 (DN50)<\/strong>.<\/p>\n<p data-start=\"566\" data-end=\"832\"><strong data-start=\"566\" data-end=\"579\">PP koleno<\/strong> omogo\u010da kotni izhod cevi, kar je posebej prakti\u010dno tam, kjer je malo prostora ali kjer \u017eelite speljati cev navzdol brez lomljenja. Na voljo je <strong data-start=\"723\" data-end=\"773\">PP nastavek za cev 3\/4\u2033 (20 mm) ali 1\u2033 (25 mm)<\/strong>, kar omogo\u010da direkten priklop cevi brez dodatnih redukcij.<\/p>\n<p data-start=\"834\" data-end=\"1059\">Glavna prednost kompleta je\u00a0<strong data-start=\"920\" data-end=\"935\">Reducir PRO<\/strong>, izdelan iz visokokakovostnega materiala (\u010disti PP, stru\u017een iz enega kosa, masiven) in opremljen z\u00a0<strong data-start=\"992\" data-end=\"1054\">NB\/SB gumijastim tesnilom. Certificirano za stik z \u017eivili<\/strong>. Na trgu pogosto najdemo zelo podobne, vendar z bistveno tanj\u0161o steno.<\/p>\n<p data-start=\"1061\" data-end=\"1221\" class=\" translation-block\">De set is compatibel met IBC-containers met een buitendiameter van de schroefdraad van 55\u201362 mm en een schroefdraadspoed van ~6 mm, wat de meest voorkomende standaard is bij IBC-ventielen.<\/p>\n<p data-start=\"1223\" data-end=\"1311\">Na voljo je tudi mo\u017enost dokupa <strong data-start=\"1255\" data-end=\"1287\">razli\u010dnih tesnil (NBR, EPDM)<\/strong> glede na namen uporabe.<\/p>\n<p data-start=\"1313\" data-end=\"1430\" class=\" translation-block\">Als uw IBC-container een ander type ventiel heeft, kunt u een geschikte IBC-adapter kiezen of contact met ons opnemen voor hulp.<\/p>\n<p data-start=\"1432\" data-end=\"1454\"><strong data-start=\"1432\" data-end=\"1454\">Belangrijkste voordelen:<\/strong><\/p>\n<ul>\n<li data-start=\"1457\" data-end=\"1496\">priklju\u010dni <strong data-start=\"1468\" data-end=\"1494\">ventil za IBC cisterno<\/strong><\/li>\n<li data-start=\"1499\" data-end=\"1543\" class=\" translation-block\">Functioneert als adapter \/ aansluiting voor een IBC-ventiel<\/li>\n<li data-start=\"1546\" data-end=\"1581\" class=\" translation-block\">Standaard schroefdraad S60x6 \/ DN50<\/li>\n<li data-start=\"1584\" data-end=\"1634\" class=\" translation-block\">PRO-reduceeradapter met NB\/SB-afdichting (geschikt voor contact met levensmiddelen)<\/li>\n<li data-start=\"1637\" data-end=\"1669\"><strong data-start=\"1637\" data-end=\"1667\">zelo kvaliteten krogli\u010dni MF PRO ventil s PP kolenom<\/strong><\/li>\n<li data-start=\"1672\" data-end=\"1721\">nastavek za cev <strong data-start=\"1688\" data-end=\"1719\">3\/4\u2033 (20 mm) ali 1\u2033 (25 mm)<\/strong><\/li>\n<li data-start=\"1724\" data-end=\"1776\">idealno za bo\u010dni ali navzdol usmerjen priklop cevi<\/li>\n<\/ul>\n<p class=\" translation-block\">Als uw container een ander ventiel heeft, kunt u het type ventiel <a href=\"https:\/\/ibcparts.eu\/nl\/ibc-info\/\" target=\"_self\">hier<\/a> bekijken en vervolgens de juiste adapter kiezen. Als u nog steeds niet helemaal zeker bent, neem dan contact met ons op.<\/p>","protected":false},"featured_media":16268,"template":"","meta":[],"product_brand":[],"product_cat":[173],"product_tag":[],"class_list":{"0":"post-16265","1":"product","2":"type-product","3":"status-publish","4":"has-post-thumbnail","6":"product_cat-kompleti-pro","8":"first","9":"instock","10":"shipping-taxable","11":"purchasable","12":"product-type-variable"},"yoast_head":"<!-- This site is optimized with the Yoast SEO plugin v27.1.1 - https:\/\/yoast.com\/product\/yoast-seo-wordpress\/ -->\n<title>Komplet PRO\u00a0GLIDE (3\/4&quot;, 1&quot;) za IBC cisterno | IBCparts.eu<\/title>\n<meta name=\"description\" content=\"Priklju\u010dni ventil oziroma adapter za IBC cisterno S60x6 (DN50) z MF PRO ventilom in PP kolenom za cev 3\/4\u2033 ali 1\u2033. Z Reducirjem PRO.\" \/>\n<meta name=\"robots\" content=\"index, follow, max-snippet:-1, max-image-preview:large, max-video-preview:-1\" \/>\n<link rel=\"canonical\" href=\"https:\/\/ibcparts.eu\/nl\/product\/komplet-pro-glide\/\" \/>\n<meta property=\"og:locale\" content=\"nl_NL\" \/>\n<meta property=\"og:type\" content=\"article\" \/>\n<meta property=\"og:title\" content=\"Komplet PRO\u00a0GLIDE (3\/4&quot;, 1&quot;) za IBC cisterno | IBCparts.eu\" \/>\n<meta property=\"og:description\" content=\"Priklju\u010dni ventil oziroma adapter za IBC cisterno S60x6 (DN50) z MF PRO ventilom in PP kolenom za cev 3\/4\u2033 ali 1\u2033. Z Reducirjem PRO.\" \/>\n<meta property=\"og:url\" content=\"https:\/\/ibcparts.eu\/nl\/product\/komplet-pro-glide\/\" \/>\n<meta property=\"og:site_name\" content=\"IBCparts.eu\" \/>\n<meta property=\"article:modified_time\" content=\"2026-02-09T06:58:10+00:00\" \/>\n<meta property=\"og:image\" content=\"https:\/\/ibcparts.eu\/wp-content\/uploads\/2024\/02\/komplet-pro-it1.jpg\" \/>\n\t<meta property=\"og:image:width\" content=\"709\" \/>\n\t<meta property=\"og:image:height\" content=\"708\" \/>\n\t<meta property=\"og:image:type\" content=\"image\/jpeg\" \/>\n<meta name=\"twitter:card\" content=\"summary_large_image\" \/>\n<script type=\"application\/ld+json\" class=\"yoast-schema-graph\">{\"@context\":\"https:\/\/schema.org\",\"@graph\":[{\"@type\":\"WebPage\",\"@id\":\"https:\/\/ibcparts.eu\/izdelek\/komplet-pro-glide\/\",\"url\":\"https:\/\/ibcparts.eu\/izdelek\/komplet-pro-glide\/\",\"name\":\"Komplet PRO\u00a0GLIDE (3\/4\\\", 1\\\") za IBC cisterno | IBCparts.eu\",\"isPartOf\":{\"@id\":\"https:\/\/ibcparts.eu\/#website\"},\"primaryImageOfPage\":{\"@id\":\"https:\/\/ibcparts.eu\/izdelek\/komplet-pro-glide\/#primaryimage\"},\"image\":{\"@id\":\"https:\/\/ibcparts.eu\/izdelek\/komplet-pro-glide\/#primaryimage\"},\"thumbnailUrl\":\"https:\/\/ibcparts.eu\/wp-content\/uploads\/2024\/02\/komplet-pro-it1.jpg\",\"datePublished\":\"2024-02-01T11:01:26+00:00\",\"dateModified\":\"2026-02-09T06:58:10+00:00\",\"description\":\"Priklju\u010dni ventil oziroma adapter za IBC cisterno S60x6 (DN50) z MF PRO ventilom in PP kolenom za cev 3\/4\u2033 ali 1\u2033. Z Reducirjem PRO.\",\"breadcrumb\":{\"@id\":\"https:\/\/ibcparts.eu\/izdelek\/komplet-pro-glide\/#breadcrumb\"},\"inLanguage\":\"nl-NL\",\"potentialAction\":[{\"@type\":\"ReadAction\",\"target\":[\"https:\/\/ibcparts.eu\/izdelek\/komplet-pro-glide\/\"]}]},{\"@type\":\"ImageObject\",\"inLanguage\":\"nl-NL\",\"@id\":\"https:\/\/ibcparts.eu\/izdelek\/komplet-pro-glide\/#primaryimage\",\"url\":\"https:\/\/ibcparts.eu\/wp-content\/uploads\/2024\/02\/komplet-pro-it1.jpg\",\"contentUrl\":\"https:\/\/ibcparts.eu\/wp-content\/uploads\/2024\/02\/komplet-pro-it1.jpg\",\"width\":709,\"height\":708,\"caption\":\"Priklju\u010dni ventil oziroma adapter z ventilom za IBC cisterno S60x6 (DN50)\"},{\"@type\":\"BreadcrumbList\",\"@id\":\"https:\/\/ibcparts.eu\/izdelek\/komplet-pro-glide\/#breadcrumb\",\"itemListElement\":[{\"@type\":\"ListItem\",\"position\":1,\"name\":\"Home\",\"item\":\"https:\/\/ibcparts.eu\/\"},{\"@type\":\"ListItem\",\"position\":2,\"name\":\"Nakupujte\",\"item\":\"https:\/\/ibcparts.eu\/nakupujte\/\"},{\"@type\":\"ListItem\",\"position\":3,\"name\":\"Komplet PRO\u00a0GLIDE (3\/4&#8243;, 1&#8243;) za IBC cisterno\"}]},{\"@type\":\"WebSite\",\"@id\":\"https:\/\/ibcparts.eu\/#website\",\"url\":\"https:\/\/ibcparts.eu\/\",\"name\":\"IBCparts.eu\",\"description\":\"\",\"publisher\":{\"@id\":\"https:\/\/ibcparts.eu\/#organization\"},\"potentialAction\":[{\"@type\":\"SearchAction\",\"target\":{\"@type\":\"EntryPoint\",\"urlTemplate\":\"https:\/\/ibcparts.eu\/?s={search_term_string}\"},\"query-input\":{\"@type\":\"PropertyValueSpecification\",\"valueRequired\":true,\"valueName\":\"search_term_string\"}}],\"inLanguage\":\"nl-NL\"},{\"@type\":\"Organization\",\"@id\":\"https:\/\/ibcparts.eu\/#organization\",\"name\":\"IBCparts\",\"url\":\"https:\/\/ibcparts.eu\/\",\"logo\":{\"@type\":\"ImageObject\",\"inLanguage\":\"nl-NL\",\"@id\":\"https:\/\/ibcparts.eu\/#\/schema\/logo\/image\/\",\"url\":\"https:\/\/ibcparts.eu\/wp-content\/uploads\/2021\/10\/Footer-Logo.png\",\"contentUrl\":\"https:\/\/ibcparts.eu\/wp-content\/uploads\/2021\/10\/Footer-Logo.png\",\"width\":1992,\"height\":772,\"caption\":\"IBCparts\"},\"image\":{\"@id\":\"https:\/\/ibcparts.eu\/#\/schema\/logo\/image\/\"}}]}<\/script>\n<!-- \/ Yoast SEO plugin. -->","yoast_head_json":{"title":"Komplet PRO\u00a0GLIDE (3\/4\", 1\") za IBC cisterno | IBCparts.eu","description":"Priklju\u010dni ventil oziroma adapter za IBC cisterno S60x6 (DN50) z MF PRO ventilom in PP kolenom za cev 3\/4\u2033 ali 1\u2033. Z Reducirjem PRO.","robots":{"index":"index","follow":"follow","max-snippet":"max-snippet:-1","max-image-preview":"max-image-preview:large","max-video-preview":"max-video-preview:-1"},"canonical":"https:\/\/ibcparts.eu\/nl\/product\/komplet-pro-glide\/","og_locale":"nl_NL","og_type":"article","og_title":"Komplet PRO\u00a0GLIDE (3\/4\", 1\") za IBC cisterno | IBCparts.eu","og_description":"Priklju\u010dni ventil oziroma adapter za IBC cisterno S60x6 (DN50) z MF PRO ventilom in PP kolenom za cev 3\/4\u2033 ali 1\u2033. Z Reducirjem PRO.","og_url":"https:\/\/ibcparts.eu\/nl\/product\/komplet-pro-glide\/","og_site_name":"IBCparts.eu","article_modified_time":"2026-02-09T06:58:10+00:00","og_image":[{"width":709,"height":708,"url":"https:\/\/ibcparts.eu\/wp-content\/uploads\/2024\/02\/komplet-pro-it1.jpg","type":"image\/jpeg"}],"twitter_card":"summary_large_image","schema":{"@context":"https:\/\/schema.org","@graph":[{"@type":"WebPage","@id":"https:\/\/ibcparts.eu\/izdelek\/komplet-pro-glide\/","url":"https:\/\/ibcparts.eu\/izdelek\/komplet-pro-glide\/","name":"Komplet PRO\u00a0GLIDE (3\/4\", 1\") za IBC cisterno | IBCparts.eu","isPartOf":{"@id":"https:\/\/ibcparts.eu\/#website"},"primaryImageOfPage":{"@id":"https:\/\/ibcparts.eu\/izdelek\/komplet-pro-glide\/#primaryimage"},"image":{"@id":"https:\/\/ibcparts.eu\/izdelek\/komplet-pro-glide\/#primaryimage"},"thumbnailUrl":"https:\/\/ibcparts.eu\/wp-content\/uploads\/2024\/02\/komplet-pro-it1.jpg","datePublished":"2024-02-01T11:01:26+00:00","dateModified":"2026-02-09T06:58:10+00:00","description":"Priklju\u010dni ventil oziroma adapter za IBC cisterno S60x6 (DN50) z MF PRO ventilom in PP kolenom za cev 3\/4\u2033 ali 1\u2033. Z Reducirjem PRO.","breadcrumb":{"@id":"https:\/\/ibcparts.eu\/izdelek\/komplet-pro-glide\/#breadcrumb"},"inLanguage":"nl-NL","potentialAction":[{"@type":"ReadAction","target":["https:\/\/ibcparts.eu\/izdelek\/komplet-pro-glide\/"]}]},{"@type":"ImageObject","inLanguage":"nl-NL","@id":"https:\/\/ibcparts.eu\/izdelek\/komplet-pro-glide\/#primaryimage","url":"https:\/\/ibcparts.eu\/wp-content\/uploads\/2024\/02\/komplet-pro-it1.jpg","contentUrl":"https:\/\/ibcparts.eu\/wp-content\/uploads\/2024\/02\/komplet-pro-it1.jpg","width":709,"height":708,"caption":"Priklju\u010dni ventil oziroma adapter z ventilom za IBC cisterno S60x6 (DN50)"},{"@type":"BreadcrumbList","@id":"https:\/\/ibcparts.eu\/izdelek\/komplet-pro-glide\/#breadcrumb","itemListElement":[{"@type":"ListItem","position":1,"name":"Home","item":"https:\/\/ibcparts.eu\/"},{"@type":"ListItem","position":2,"name":"Nakupujte","item":"https:\/\/ibcparts.eu\/nakupujte\/"},{"@type":"ListItem","position":3,"name":"Komplet PRO\u00a0GLIDE (3\/4&#8243;, 1&#8243;) za IBC cisterno"}]},{"@type":"WebSite","@id":"https:\/\/ibcparts.eu\/#website","url":"https:\/\/ibcparts.eu\/","name":"IBCparts.eu","description":"","publisher":{"@id":"https:\/\/ibcparts.eu\/#organization"},"potentialAction":[{"@type":"SearchAction","target":{"@type":"EntryPoint","urlTemplate":"https:\/\/ibcparts.eu\/?s={search_term_string}"},"query-input":{"@type":"PropertyValueSpecification","valueRequired":true,"valueName":"search_term_string"}}],"inLanguage":"nl-NL"},{"@type":"Organization","@id":"https:\/\/ibcparts.eu\/#organization","name":"IBCparts","url":"https:\/\/ibcparts.eu\/","logo":{"@type":"ImageObject","inLanguage":"nl-NL","@id":"https:\/\/ibcparts.eu\/#\/schema\/logo\/image\/","url":"https:\/\/ibcparts.eu\/wp-content\/uploads\/2021\/10\/Footer-Logo.png","contentUrl":"https:\/\/ibcparts.eu\/wp-content\/uploads\/2021\/10\/Footer-Logo.png","width":1992,"height":772,"caption":"IBCparts"},"image":{"@id":"https:\/\/ibcparts.eu\/#\/schema\/logo\/image\/"}}]}},"_links":{"self":[{"href":"https:\/\/ibcparts.eu\/nl\/wp-json\/wp\/v2\/product\/16265","targetHints":{"allow":["GET"]}}],"collection":[{"href":"https:\/\/ibcparts.eu\/nl\/wp-json\/wp\/v2\/product"}],"about":[{"href":"https:\/\/ibcparts.eu\/nl\/wp-json\/wp\/v2\/types\/product"}],"version-history":[{"count":6,"href":"https:\/\/ibcparts.eu\/nl\/wp-json\/wp\/v2\/product\/16265\/revisions"}],"predecessor-version":[{"id":20546,"href":"https:\/\/ibcparts.eu\/nl\/wp-json\/wp\/v2\/product\/16265\/revisions\/20546"}],"wp:featuredmedia":[{"embeddable":true,"href":"https:\/\/ibcparts.eu\/nl\/wp-json\/wp\/v2\/media\/16268"}],"wp:attachment":[{"href":"https:\/\/ibcparts.eu\/nl\/wp-json\/wp\/v2\/media?parent=16265"}],"wp:term":[{"taxonomy":"product_brand","embeddable":true,"href":"https:\/\/ibcparts.eu\/nl\/wp-json\/wp\/v2\/product_brand?post=16265"},{"taxonomy":"product_cat","embeddable":true,"href":"https:\/\/ibcparts.eu\/nl\/wp-json\/wp\/v2\/product_cat?post=16265"},{"taxonomy":"product_tag","embeddable":true,"href":"https:\/\/ibcparts.eu\/nl\/wp-json\/wp\/v2\/product_tag?post=16265"}],"curies":[{"name":"wp","href":"https:\/\/api.w.org\/{rel}","templated":true}]}}