{"id":15756,"date":"2023-09-19T13:08:30","date_gmt":"2023-09-19T12:08:30","guid":{"rendered":"https:\/\/ibcparts.eu\/?post_type=product&#038;p=15756"},"modified":"2025-11-18T16:48:53","modified_gmt":"2025-11-18T15:48:53","slug":"podstavni-bazni-grelec-za-1000l-ibc-cisterno","status":"publish","type":"product","link":"https:\/\/ibcparts.eu\/nl\/product\/alapfuto-1000l-ibc-tartalyhoz\/","title":{"rendered":"Podstavni (bazni) grelec za 1000L IBC cisterno"},"content":{"rendered":"","protected":false},"excerpt":{"rendered":"<ul>\n<li>Podstavni grelec IBC je name\u0161\u010den pod rezervoar IBC in ga je mogo\u010de nastaviti do 150 \u00b0C.<\/li>\n<li>Sam grelni element je vodoodporen in bo deloval tudi zunaj, ne glede na vremenske razmere, \u010de sta vti\u010d in krmilnik za\u0161\u010ditena pred neposrednim de\u017ejem (grelni element ima stopnjo za\u0161\u010dite IP64 in krmilnik ima stopnjo za\u0161\u010dite IP54).<\/li>\n<li>Podstavni grelec IBC je mogo\u010de kombinirati z grelnimi ali izolacijskimi pla\u0161\u010di, izolacijskimi pokrovi in\/ali pokrovi za hitrej\u0161i \u010das segrevanja in bolj\u0161o temperaturno stabilnost.<\/li>\n<li>Podstavni grelec za 1000L IBC cisterno.<\/li>\n<li>Senzor PT100.<\/li>\n<li>Stopnja za\u0161\u010dite IP64 (krmilnik: IP54).<\/li>\n<li>Vklju\u010dno z zunanjim krmilnikom DigiTherm (\u0161t. izdelka: 19-2674).<\/li>\n<li>Mo\u010d: 230V 2700W<\/li>\n<li>Dimenzija: 1035x851mm<\/li>\n<li>Te\u017ea: 5 kg<\/li>\n<li><strong>Smo zastopniki za EU podjetje, ki proizvaja grelne in za\u0161\u010ditne pla\u0161\u010de.<\/strong><\/li>\n<li><strong>Zato je cena za ta izdelek brez DDV in to\u010den znesek po\u0161tnine se izra\u010duna pri izdelavi predra\u010duna.<\/strong><\/li>\n<li>Obi\u010dajno upo\u0161tevamo dodaten popust, sploh na koli\u010dino 2 ali ve\u010d.<\/li>\n<\/ul>","protected":false},"featured_media":15757,"template":"","meta":[],"product_brand":[],"product_cat":[317],"product_tag":[],"class_list":{"0":"post-15756","1":"product","2":"type-product","3":"status-publish","4":"has-post-thumbnail","6":"product_cat-grelniki-zascitne-in-termoizolacijske-ponjave-za-sode-in-ibc-cisterne","8":"first","9":"instock","10":"sale","11":"shipping-taxable","12":"purchasable","13":"product-type-simple"},"yoast_head":"<!-- This site is optimized with the Yoast SEO plugin v27.1.1 - https:\/\/yoast.com\/product\/yoast-seo-wordpress\/ -->\n<title>Podstavni (bazni) grelec za 1000L IBC cisterno | IBCparts.eu<\/title>\n<meta name=\"description\" content=\"Vodoodporni podstavni grelec je name\u0161\u010den pod IBC cisterno in ga je mogo\u010de nastaviti do 150 \u00b0C.\" \/>\n<meta name=\"robots\" content=\"index, follow, max-snippet:-1, max-image-preview:large, max-video-preview:-1\" \/>\n<link rel=\"canonical\" href=\"https:\/\/ibcparts.eu\/nl\/item\/podstavni-bazni-grelec-za-1000l-ibc-cisterno\/\" \/>\n<meta property=\"og:locale\" content=\"nl_NL\" \/>\n<meta property=\"og:type\" content=\"article\" \/>\n<meta property=\"og:title\" content=\"Podstavni (bazni) grelec za 1000L IBC cisterno | IBCparts.eu\" \/>\n<meta property=\"og:description\" content=\"Vodoodporni podstavni grelec je name\u0161\u010den pod IBC cisterno in ga je mogo\u010de nastaviti do 150 \u00b0C.\" \/>\n<meta property=\"og:url\" content=\"https:\/\/ibcparts.eu\/nl\/item\/podstavni-bazni-grelec-za-1000l-ibc-cisterno\/\" \/>\n<meta property=\"og:site_name\" content=\"IBCparts.eu\" \/>\n<meta property=\"article:modified_time\" content=\"2025-11-18T15:48:53+00:00\" \/>\n<meta property=\"og:image\" content=\"https:\/\/ibcparts.eu\/wp-content\/uploads\/2023\/09\/13-1436S.jpg\" \/>\n\t<meta property=\"og:image:width\" content=\"828\" \/>\n\t<meta property=\"og:image:height\" content=\"828\" \/>\n\t<meta property=\"og:image:type\" content=\"image\/jpeg\" \/>\n<meta name=\"twitter:card\" content=\"summary_large_image\" \/>\n<script type=\"application\/ld+json\" class=\"yoast-schema-graph\">{\"@context\":\"https:\/\/schema.org\",\"@graph\":[{\"@type\":\"WebPage\",\"@id\":\"https:\/\/ibcparts.eu\/en\/item\/podstavni-bazni-grelec-za-1000l-ibc-cisterno\/\",\"url\":\"https:\/\/ibcparts.eu\/en\/item\/podstavni-bazni-grelec-za-1000l-ibc-cisterno\/\",\"name\":\"Podstavni (bazni) grelec za 1000L IBC cisterno | IBCparts.eu\",\"isPartOf\":{\"@id\":\"https:\/\/ibcparts.eu\/#website\"},\"primaryImageOfPage\":{\"@id\":\"https:\/\/ibcparts.eu\/en\/item\/podstavni-bazni-grelec-za-1000l-ibc-cisterno\/#primaryimage\"},\"image\":{\"@id\":\"https:\/\/ibcparts.eu\/en\/item\/podstavni-bazni-grelec-za-1000l-ibc-cisterno\/#primaryimage\"},\"thumbnailUrl\":\"https:\/\/ibcparts.eu\/wp-content\/uploads\/2023\/09\/13-1436S.jpg\",\"datePublished\":\"2023-09-19T12:08:30+00:00\",\"dateModified\":\"2025-11-18T15:48:53+00:00\",\"description\":\"Vodoodporni podstavni grelec je name\u0161\u010den pod IBC cisterno in ga je mogo\u010de nastaviti do 150 \u00b0C.\",\"breadcrumb\":{\"@id\":\"https:\/\/ibcparts.eu\/en\/item\/podstavni-bazni-grelec-za-1000l-ibc-cisterno\/#breadcrumb\"},\"inLanguage\":\"nl-NL\",\"potentialAction\":[{\"@type\":\"ReadAction\",\"target\":[\"https:\/\/ibcparts.eu\/en\/item\/podstavni-bazni-grelec-za-1000l-ibc-cisterno\/\"]}]},{\"@type\":\"ImageObject\",\"inLanguage\":\"nl-NL\",\"@id\":\"https:\/\/ibcparts.eu\/en\/item\/podstavni-bazni-grelec-za-1000l-ibc-cisterno\/#primaryimage\",\"url\":\"https:\/\/ibcparts.eu\/wp-content\/uploads\/2023\/09\/13-1436S.jpg\",\"contentUrl\":\"https:\/\/ibcparts.eu\/wp-content\/uploads\/2023\/09\/13-1436S.jpg\",\"width\":828,\"height\":828},{\"@type\":\"BreadcrumbList\",\"@id\":\"https:\/\/ibcparts.eu\/en\/item\/podstavni-bazni-grelec-za-1000l-ibc-cisterno\/#breadcrumb\",\"itemListElement\":[{\"@type\":\"ListItem\",\"position\":1,\"name\":\"Home\",\"item\":\"https:\/\/ibcparts.eu\/\"},{\"@type\":\"ListItem\",\"position\":2,\"name\":\"Nakupujte\",\"item\":\"https:\/\/ibcparts.eu\/nakupujte\/\"},{\"@type\":\"ListItem\",\"position\":3,\"name\":\"Podstavni (bazni) grelec za 1000L IBC cisterno\"}]},{\"@type\":\"WebSite\",\"@id\":\"https:\/\/ibcparts.eu\/#website\",\"url\":\"https:\/\/ibcparts.eu\/\",\"name\":\"IBCparts.eu\",\"description\":\"\",\"publisher\":{\"@id\":\"https:\/\/ibcparts.eu\/#organization\"},\"potentialAction\":[{\"@type\":\"SearchAction\",\"target\":{\"@type\":\"EntryPoint\",\"urlTemplate\":\"https:\/\/ibcparts.eu\/?s={search_term_string}\"},\"query-input\":{\"@type\":\"PropertyValueSpecification\",\"valueRequired\":true,\"valueName\":\"search_term_string\"}}],\"inLanguage\":\"nl-NL\"},{\"@type\":\"Organization\",\"@id\":\"https:\/\/ibcparts.eu\/#organization\",\"name\":\"IBCparts\",\"url\":\"https:\/\/ibcparts.eu\/\",\"logo\":{\"@type\":\"ImageObject\",\"inLanguage\":\"nl-NL\",\"@id\":\"https:\/\/ibcparts.eu\/#\/schema\/logo\/image\/\",\"url\":\"https:\/\/ibcparts.eu\/wp-content\/uploads\/2021\/10\/Footer-Logo.png\",\"contentUrl\":\"https:\/\/ibcparts.eu\/wp-content\/uploads\/2021\/10\/Footer-Logo.png\",\"width\":1992,\"height\":772,\"caption\":\"IBCparts\"},\"image\":{\"@id\":\"https:\/\/ibcparts.eu\/#\/schema\/logo\/image\/\"}}]}<\/script>\n<!-- \/ Yoast SEO plugin. -->","yoast_head_json":{"title":"Podstavni (bazni) grelec za 1000L IBC cisterno | IBCparts.eu","description":"Vodoodporni podstavni grelec je name\u0161\u010den pod IBC cisterno in ga je mogo\u010de nastaviti do 150 \u00b0C.","robots":{"index":"index","follow":"follow","max-snippet":"max-snippet:-1","max-image-preview":"max-image-preview:large","max-video-preview":"max-video-preview:-1"},"canonical":"https:\/\/ibcparts.eu\/nl\/item\/podstavni-bazni-grelec-za-1000l-ibc-cisterno\/","og_locale":"nl_NL","og_type":"article","og_title":"Podstavni (bazni) grelec za 1000L IBC cisterno | IBCparts.eu","og_description":"Vodoodporni podstavni grelec je name\u0161\u010den pod IBC cisterno in ga je mogo\u010de nastaviti do 150 \u00b0C.","og_url":"https:\/\/ibcparts.eu\/nl\/item\/podstavni-bazni-grelec-za-1000l-ibc-cisterno\/","og_site_name":"IBCparts.eu","article_modified_time":"2025-11-18T15:48:53+00:00","og_image":[{"width":828,"height":828,"url":"https:\/\/ibcparts.eu\/wp-content\/uploads\/2023\/09\/13-1436S.jpg","type":"image\/jpeg"}],"twitter_card":"summary_large_image","schema":{"@context":"https:\/\/schema.org","@graph":[{"@type":"WebPage","@id":"https:\/\/ibcparts.eu\/en\/item\/podstavni-bazni-grelec-za-1000l-ibc-cisterno\/","url":"https:\/\/ibcparts.eu\/en\/item\/podstavni-bazni-grelec-za-1000l-ibc-cisterno\/","name":"Podstavni (bazni) grelec za 1000L IBC cisterno | IBCparts.eu","isPartOf":{"@id":"https:\/\/ibcparts.eu\/#website"},"primaryImageOfPage":{"@id":"https:\/\/ibcparts.eu\/en\/item\/podstavni-bazni-grelec-za-1000l-ibc-cisterno\/#primaryimage"},"image":{"@id":"https:\/\/ibcparts.eu\/en\/item\/podstavni-bazni-grelec-za-1000l-ibc-cisterno\/#primaryimage"},"thumbnailUrl":"https:\/\/ibcparts.eu\/wp-content\/uploads\/2023\/09\/13-1436S.jpg","datePublished":"2023-09-19T12:08:30+00:00","dateModified":"2025-11-18T15:48:53+00:00","description":"Vodoodporni podstavni grelec je name\u0161\u010den pod IBC cisterno in ga je mogo\u010de nastaviti do 150 \u00b0C.","breadcrumb":{"@id":"https:\/\/ibcparts.eu\/en\/item\/podstavni-bazni-grelec-za-1000l-ibc-cisterno\/#breadcrumb"},"inLanguage":"nl-NL","potentialAction":[{"@type":"ReadAction","target":["https:\/\/ibcparts.eu\/en\/item\/podstavni-bazni-grelec-za-1000l-ibc-cisterno\/"]}]},{"@type":"ImageObject","inLanguage":"nl-NL","@id":"https:\/\/ibcparts.eu\/en\/item\/podstavni-bazni-grelec-za-1000l-ibc-cisterno\/#primaryimage","url":"https:\/\/ibcparts.eu\/wp-content\/uploads\/2023\/09\/13-1436S.jpg","contentUrl":"https:\/\/ibcparts.eu\/wp-content\/uploads\/2023\/09\/13-1436S.jpg","width":828,"height":828},{"@type":"BreadcrumbList","@id":"https:\/\/ibcparts.eu\/en\/item\/podstavni-bazni-grelec-za-1000l-ibc-cisterno\/#breadcrumb","itemListElement":[{"@type":"ListItem","position":1,"name":"Home","item":"https:\/\/ibcparts.eu\/"},{"@type":"ListItem","position":2,"name":"Nakupujte","item":"https:\/\/ibcparts.eu\/nakupujte\/"},{"@type":"ListItem","position":3,"name":"Podstavni (bazni) grelec za 1000L IBC cisterno"}]},{"@type":"WebSite","@id":"https:\/\/ibcparts.eu\/#website","url":"https:\/\/ibcparts.eu\/","name":"IBCparts.eu","description":"","publisher":{"@id":"https:\/\/ibcparts.eu\/#organization"},"potentialAction":[{"@type":"SearchAction","target":{"@type":"EntryPoint","urlTemplate":"https:\/\/ibcparts.eu\/?s={search_term_string}"},"query-input":{"@type":"PropertyValueSpecification","valueRequired":true,"valueName":"search_term_string"}}],"inLanguage":"nl-NL"},{"@type":"Organization","@id":"https:\/\/ibcparts.eu\/#organization","name":"IBCparts","url":"https:\/\/ibcparts.eu\/","logo":{"@type":"ImageObject","inLanguage":"nl-NL","@id":"https:\/\/ibcparts.eu\/#\/schema\/logo\/image\/","url":"https:\/\/ibcparts.eu\/wp-content\/uploads\/2021\/10\/Footer-Logo.png","contentUrl":"https:\/\/ibcparts.eu\/wp-content\/uploads\/2021\/10\/Footer-Logo.png","width":1992,"height":772,"caption":"IBCparts"},"image":{"@id":"https:\/\/ibcparts.eu\/#\/schema\/logo\/image\/"}}]}},"_links":{"self":[{"href":"https:\/\/ibcparts.eu\/nl\/wp-json\/wp\/v2\/product\/15756","targetHints":{"allow":["GET"]}}],"collection":[{"href":"https:\/\/ibcparts.eu\/nl\/wp-json\/wp\/v2\/product"}],"about":[{"href":"https:\/\/ibcparts.eu\/nl\/wp-json\/wp\/v2\/types\/product"}],"version-history":[{"count":0,"href":"https:\/\/ibcparts.eu\/nl\/wp-json\/wp\/v2\/product\/15756\/revisions"}],"wp:featuredmedia":[{"embeddable":true,"href":"https:\/\/ibcparts.eu\/nl\/wp-json\/wp\/v2\/media\/15757"}],"wp:attachment":[{"href":"https:\/\/ibcparts.eu\/nl\/wp-json\/wp\/v2\/media?parent=15756"}],"wp:term":[{"taxonomy":"product_brand","embeddable":true,"href":"https:\/\/ibcparts.eu\/nl\/wp-json\/wp\/v2\/product_brand?post=15756"},{"taxonomy":"product_cat","embeddable":true,"href":"https:\/\/ibcparts.eu\/nl\/wp-json\/wp\/v2\/product_cat?post=15756"},{"taxonomy":"product_tag","embeddable":true,"href":"https:\/\/ibcparts.eu\/nl\/wp-json\/wp\/v2\/product_tag?post=15756"}],"curies":[{"name":"wp","href":"https:\/\/api.w.org\/{rel}","templated":true}]}}