{"id":14671,"date":"2023-03-10T17:22:41","date_gmt":"2023-03-10T16:22:41","guid":{"rendered":"https:\/\/ibcparts.eu\/?post_type=product&#038;p=14671"},"modified":"2026-01-13T13:50:28","modified_gmt":"2026-01-13T12:50:28","slug":"pokrovcek-ventila-ibc-cisterne-s60x6-poln-bel-certificiran-za-stik-z-zivili","status":"publish","type":"product","link":"https:\/\/ibcparts.eu\/nl\/product\/ibc-ventieldop-s60x6-massief-wit-voedselveilig\/","title":{"rendered":"S60 ventieldop voor IBC-container, gesloten, wit (food grade)"},"content":{"rendered":"<p class=\" translation-block\"><span style=\"font-size: large;\">Kvaliteten dvodelni pokrov\u010dek ventila za IBC cisterne z ventilom S60x6.<\/span><br>\r\nNarejen iz enega kosa + tesnilo.<\/p>\n<ul>\n<li>Gecertificeerd voor contact met voedingsmiddelen.<\/li>\n<li>Materiaal: HDPE \u2013 een van de meest duurzame kunststoffen, voedselveilig en zeer goed bestand tegen weersinvloeden.<\/li>\n<li>Kleur: wit<\/li>\n<li>Afdichting van PE-schuim aan de binnenzijde. Zorgt voor een uitstekende afdichting, zelfs bij kleine onregelmatigheden aan de klep. Is de klep beschadigd en heeft deze scherpe randen, dan kan ook deze afdichting beschadigd raken.<\/li>\n<\/ul>","protected":false},"excerpt":{"rendered":"<h2 data-start=\"219\" data-end=\"291\">S60x6 ventieldop voor IBC-container, gesloten, wit, food grade<\/h2>\n<p data-start=\"293\" data-end=\"704\" class=\" translation-block\">De gesloten tweedelige S60x6 ventieldop is bedoeld voor het afsluiten en beschermen van de klep op IBC-containers. Hij is uit \u00e9\u00e9n stuk gemaakt van HDPE-materiaal dat is gecertificeerd voor contact met voedingsmiddelen en heeft aan de binnenzijde een afdichting van PE-schuim, die zorgt voor <strong>een betrouwbare afdichting, zelfs bij kleine onregelmatigheden aan de klep<\/strong>. Geschikt voor het opslaan en overgieten van vloeistoffen waarbij contact met voedingsmiddelen vereist is.<\/p>\n<p data-start=\"706\" data-end=\"727\">Technische specificaties<\/p>\n<ul>\n<li data-start=\"730\" data-end=\"762\">Producttype: ventieldop<\/li>\n<li data-start=\"765\" data-end=\"779\">Schroefdraad: S60x6<\/li>\n<li data-start=\"782\" data-end=\"807\">Material: HDPE (food grade)<\/li>\n<li data-start=\"842\" data-end=\"855\">Kleur: wit<\/li>\n<li data-start=\"858\" data-end=\"897\">Certificering: geschikt voor contact met voedingsmiddelen<\/li>\n<li data-start=\"900\" data-end=\"937\">Afdichting: PE-schuim aan de binnenzijde<\/li>\n<\/ul>\n<p>Uitstekende afdichting en hoge duurzaamheid!<\/p>\n<p><strong>Meer stuks, meer korting \u2013 aantallen van verschillende artikelen en varianten worden opgeteld!<\/strong><\/p>","protected":false},"featured_media":15917,"template":"","meta":[],"product_brand":[],"product_cat":[170,298],"product_tag":[],"class_list":{"0":"post-14671","1":"product","2":"type-product","3":"status-publish","4":"has-post-thumbnail","6":"product_cat-reducirji-in-prikljucki-za-ibc","7":"product_cat-prikljucki-za-cisterno-z-navojem-s60x6","9":"first","10":"instock","11":"shipping-taxable","12":"purchasable","13":"product-type-simple"},"yoast_head":"<!-- This site is optimized with the Yoast SEO plugin v27.1.1 - https:\/\/yoast.com\/product\/yoast-seo-wordpress\/ -->\n<title>Pokrov\u010dek ventila S60 za IBC cisterno, poln, bel (food grade) | IBCparts.eu<\/title>\n<meta name=\"description\" content=\"Poln pokrov\u010dek ventila S60x6 za IBC cisterno iz HDPE, primeren za stik z \u017eivili. S tesnilom iz PE pene za zanesljivo tesnjenje brez pu\u0161\u010danja.\" \/>\n<meta name=\"robots\" content=\"index, follow, max-snippet:-1, max-image-preview:large, max-video-preview:-1\" \/>\n<link rel=\"canonical\" href=\"https:\/\/ibcparts.eu\/nl\/product\/ibc-ventieldop-s60x6-massief-wit-voedselveilig\/\" \/>\n<meta property=\"og:locale\" content=\"nl_NL\" \/>\n<meta property=\"og:type\" content=\"article\" \/>\n<meta property=\"og:title\" content=\"Pokrov\u010dek ventila S60 za IBC cisterno, poln, bel (food grade) | IBCparts.eu\" \/>\n<meta property=\"og:description\" content=\"Poln pokrov\u010dek ventila S60x6 za IBC cisterno iz HDPE, primeren za stik z \u017eivili. S tesnilom iz PE pene za zanesljivo tesnjenje brez pu\u0161\u010danja.\" \/>\n<meta property=\"og:url\" content=\"https:\/\/ibcparts.eu\/nl\/product\/ibc-ventieldop-s60x6-massief-wit-voedselveilig\/\" \/>\n<meta property=\"og:site_name\" content=\"IBCparts.eu\" \/>\n<meta property=\"article:modified_time\" content=\"2026-01-13T12:50:28+00:00\" \/>\n<meta property=\"og:image\" content=\"https:\/\/ibcparts.eu\/wp-content\/uploads\/2023\/03\/pokrov-ek-poln-za-ibc-cisterno.png\" \/>\n\t<meta property=\"og:image:width\" content=\"433\" \/>\n\t<meta property=\"og:image:height\" content=\"433\" \/>\n\t<meta property=\"og:image:type\" content=\"image\/png\" \/>\n<meta name=\"twitter:card\" content=\"summary_large_image\" \/>\n<script type=\"application\/ld+json\" class=\"yoast-schema-graph\">{\"@context\":\"https:\/\/schema.org\",\"@graph\":[{\"@type\":\"WebPage\",\"@id\":\"https:\/\/ibcparts.eu\/izdelek\/pokrovcek-ventila-ibc-cisterne-s60x6-poln-bel-certificiran-za-stik-z-zivili\/\",\"url\":\"https:\/\/ibcparts.eu\/izdelek\/pokrovcek-ventila-ibc-cisterne-s60x6-poln-bel-certificiran-za-stik-z-zivili\/\",\"name\":\"Pokrov\u010dek ventila S60 za IBC cisterno, poln, bel (food grade) | IBCparts.eu\",\"isPartOf\":{\"@id\":\"https:\/\/ibcparts.eu\/#website\"},\"primaryImageOfPage\":{\"@id\":\"https:\/\/ibcparts.eu\/izdelek\/pokrovcek-ventila-ibc-cisterne-s60x6-poln-bel-certificiran-za-stik-z-zivili\/#primaryimage\"},\"image\":{\"@id\":\"https:\/\/ibcparts.eu\/izdelek\/pokrovcek-ventila-ibc-cisterne-s60x6-poln-bel-certificiran-za-stik-z-zivili\/#primaryimage\"},\"thumbnailUrl\":\"https:\/\/ibcparts.eu\/wp-content\/uploads\/2023\/03\/pokrov-ek-poln-za-ibc-cisterno.png\",\"datePublished\":\"2023-03-10T16:22:41+00:00\",\"dateModified\":\"2026-01-13T12:50:28+00:00\",\"description\":\"Poln pokrov\u010dek ventila S60x6 za IBC cisterno iz HDPE, primeren za stik z \u017eivili. S tesnilom iz PE pene za zanesljivo tesnjenje brez pu\u0161\u010danja.\",\"breadcrumb\":{\"@id\":\"https:\/\/ibcparts.eu\/izdelek\/pokrovcek-ventila-ibc-cisterne-s60x6-poln-bel-certificiran-za-stik-z-zivili\/#breadcrumb\"},\"inLanguage\":\"nl-NL\",\"potentialAction\":[{\"@type\":\"ReadAction\",\"target\":[\"https:\/\/ibcparts.eu\/izdelek\/pokrovcek-ventila-ibc-cisterne-s60x6-poln-bel-certificiran-za-stik-z-zivili\/\"]}]},{\"@type\":\"ImageObject\",\"inLanguage\":\"nl-NL\",\"@id\":\"https:\/\/ibcparts.eu\/izdelek\/pokrovcek-ventila-ibc-cisterne-s60x6-poln-bel-certificiran-za-stik-z-zivili\/#primaryimage\",\"url\":\"https:\/\/ibcparts.eu\/wp-content\/uploads\/2023\/03\/pokrov-ek-poln-za-ibc-cisterno.png\",\"contentUrl\":\"https:\/\/ibcparts.eu\/wp-content\/uploads\/2023\/03\/pokrov-ek-poln-za-ibc-cisterno.png\",\"width\":433,\"height\":433},{\"@type\":\"BreadcrumbList\",\"@id\":\"https:\/\/ibcparts.eu\/izdelek\/pokrovcek-ventila-ibc-cisterne-s60x6-poln-bel-certificiran-za-stik-z-zivili\/#breadcrumb\",\"itemListElement\":[{\"@type\":\"ListItem\",\"position\":1,\"name\":\"Home\",\"item\":\"https:\/\/ibcparts.eu\/\"},{\"@type\":\"ListItem\",\"position\":2,\"name\":\"Nakupujte\",\"item\":\"https:\/\/ibcparts.eu\/nakupujte\/\"},{\"@type\":\"ListItem\",\"position\":3,\"name\":\"Pokrov\u010dek ventila S60 za IBC cisterno, poln, bel (food grade)\"}]},{\"@type\":\"WebSite\",\"@id\":\"https:\/\/ibcparts.eu\/#website\",\"url\":\"https:\/\/ibcparts.eu\/\",\"name\":\"IBCparts.eu\",\"description\":\"\",\"publisher\":{\"@id\":\"https:\/\/ibcparts.eu\/#organization\"},\"potentialAction\":[{\"@type\":\"SearchAction\",\"target\":{\"@type\":\"EntryPoint\",\"urlTemplate\":\"https:\/\/ibcparts.eu\/?s={search_term_string}\"},\"query-input\":{\"@type\":\"PropertyValueSpecification\",\"valueRequired\":true,\"valueName\":\"search_term_string\"}}],\"inLanguage\":\"nl-NL\"},{\"@type\":\"Organization\",\"@id\":\"https:\/\/ibcparts.eu\/#organization\",\"name\":\"IBCparts\",\"url\":\"https:\/\/ibcparts.eu\/\",\"logo\":{\"@type\":\"ImageObject\",\"inLanguage\":\"nl-NL\",\"@id\":\"https:\/\/ibcparts.eu\/#\/schema\/logo\/image\/\",\"url\":\"https:\/\/ibcparts.eu\/wp-content\/uploads\/2021\/10\/Footer-Logo.png\",\"contentUrl\":\"https:\/\/ibcparts.eu\/wp-content\/uploads\/2021\/10\/Footer-Logo.png\",\"width\":1992,\"height\":772,\"caption\":\"IBCparts\"},\"image\":{\"@id\":\"https:\/\/ibcparts.eu\/#\/schema\/logo\/image\/\"}}]}<\/script>\n<!-- \/ Yoast SEO plugin. -->","yoast_head_json":{"title":"Pokrov\u010dek ventila S60 za IBC cisterno, poln, bel (food grade) | IBCparts.eu","description":"Poln pokrov\u010dek ventila S60x6 za IBC cisterno iz HDPE, primeren za stik z \u017eivili. S tesnilom iz PE pene za zanesljivo tesnjenje brez pu\u0161\u010danja.","robots":{"index":"index","follow":"follow","max-snippet":"max-snippet:-1","max-image-preview":"max-image-preview:large","max-video-preview":"max-video-preview:-1"},"canonical":"https:\/\/ibcparts.eu\/nl\/product\/ibc-ventieldop-s60x6-massief-wit-voedselveilig\/","og_locale":"nl_NL","og_type":"article","og_title":"Pokrov\u010dek ventila S60 za IBC cisterno, poln, bel (food grade) | IBCparts.eu","og_description":"Poln pokrov\u010dek ventila S60x6 za IBC cisterno iz HDPE, primeren za stik z \u017eivili. S tesnilom iz PE pene za zanesljivo tesnjenje brez pu\u0161\u010danja.","og_url":"https:\/\/ibcparts.eu\/nl\/product\/ibc-ventieldop-s60x6-massief-wit-voedselveilig\/","og_site_name":"IBCparts.eu","article_modified_time":"2026-01-13T12:50:28+00:00","og_image":[{"width":433,"height":433,"url":"https:\/\/ibcparts.eu\/wp-content\/uploads\/2023\/03\/pokrov-ek-poln-za-ibc-cisterno.png","type":"image\/png"}],"twitter_card":"summary_large_image","schema":{"@context":"https:\/\/schema.org","@graph":[{"@type":"WebPage","@id":"https:\/\/ibcparts.eu\/izdelek\/pokrovcek-ventila-ibc-cisterne-s60x6-poln-bel-certificiran-za-stik-z-zivili\/","url":"https:\/\/ibcparts.eu\/izdelek\/pokrovcek-ventila-ibc-cisterne-s60x6-poln-bel-certificiran-za-stik-z-zivili\/","name":"Pokrov\u010dek ventila S60 za IBC cisterno, poln, bel (food grade) | IBCparts.eu","isPartOf":{"@id":"https:\/\/ibcparts.eu\/#website"},"primaryImageOfPage":{"@id":"https:\/\/ibcparts.eu\/izdelek\/pokrovcek-ventila-ibc-cisterne-s60x6-poln-bel-certificiran-za-stik-z-zivili\/#primaryimage"},"image":{"@id":"https:\/\/ibcparts.eu\/izdelek\/pokrovcek-ventila-ibc-cisterne-s60x6-poln-bel-certificiran-za-stik-z-zivili\/#primaryimage"},"thumbnailUrl":"https:\/\/ibcparts.eu\/wp-content\/uploads\/2023\/03\/pokrov-ek-poln-za-ibc-cisterno.png","datePublished":"2023-03-10T16:22:41+00:00","dateModified":"2026-01-13T12:50:28+00:00","description":"Poln pokrov\u010dek ventila S60x6 za IBC cisterno iz HDPE, primeren za stik z \u017eivili. S tesnilom iz PE pene za zanesljivo tesnjenje brez pu\u0161\u010danja.","breadcrumb":{"@id":"https:\/\/ibcparts.eu\/izdelek\/pokrovcek-ventila-ibc-cisterne-s60x6-poln-bel-certificiran-za-stik-z-zivili\/#breadcrumb"},"inLanguage":"nl-NL","potentialAction":[{"@type":"ReadAction","target":["https:\/\/ibcparts.eu\/izdelek\/pokrovcek-ventila-ibc-cisterne-s60x6-poln-bel-certificiran-za-stik-z-zivili\/"]}]},{"@type":"ImageObject","inLanguage":"nl-NL","@id":"https:\/\/ibcparts.eu\/izdelek\/pokrovcek-ventila-ibc-cisterne-s60x6-poln-bel-certificiran-za-stik-z-zivili\/#primaryimage","url":"https:\/\/ibcparts.eu\/wp-content\/uploads\/2023\/03\/pokrov-ek-poln-za-ibc-cisterno.png","contentUrl":"https:\/\/ibcparts.eu\/wp-content\/uploads\/2023\/03\/pokrov-ek-poln-za-ibc-cisterno.png","width":433,"height":433},{"@type":"BreadcrumbList","@id":"https:\/\/ibcparts.eu\/izdelek\/pokrovcek-ventila-ibc-cisterne-s60x6-poln-bel-certificiran-za-stik-z-zivili\/#breadcrumb","itemListElement":[{"@type":"ListItem","position":1,"name":"Home","item":"https:\/\/ibcparts.eu\/"},{"@type":"ListItem","position":2,"name":"Nakupujte","item":"https:\/\/ibcparts.eu\/nakupujte\/"},{"@type":"ListItem","position":3,"name":"Pokrov\u010dek ventila S60 za IBC cisterno, poln, bel (food grade)"}]},{"@type":"WebSite","@id":"https:\/\/ibcparts.eu\/#website","url":"https:\/\/ibcparts.eu\/","name":"IBCparts.eu","description":"","publisher":{"@id":"https:\/\/ibcparts.eu\/#organization"},"potentialAction":[{"@type":"SearchAction","target":{"@type":"EntryPoint","urlTemplate":"https:\/\/ibcparts.eu\/?s={search_term_string}"},"query-input":{"@type":"PropertyValueSpecification","valueRequired":true,"valueName":"search_term_string"}}],"inLanguage":"nl-NL"},{"@type":"Organization","@id":"https:\/\/ibcparts.eu\/#organization","name":"IBCparts","url":"https:\/\/ibcparts.eu\/","logo":{"@type":"ImageObject","inLanguage":"nl-NL","@id":"https:\/\/ibcparts.eu\/#\/schema\/logo\/image\/","url":"https:\/\/ibcparts.eu\/wp-content\/uploads\/2021\/10\/Footer-Logo.png","contentUrl":"https:\/\/ibcparts.eu\/wp-content\/uploads\/2021\/10\/Footer-Logo.png","width":1992,"height":772,"caption":"IBCparts"},"image":{"@id":"https:\/\/ibcparts.eu\/#\/schema\/logo\/image\/"}}]}},"_links":{"self":[{"href":"https:\/\/ibcparts.eu\/nl\/wp-json\/wp\/v2\/product\/14671","targetHints":{"allow":["GET"]}}],"collection":[{"href":"https:\/\/ibcparts.eu\/nl\/wp-json\/wp\/v2\/product"}],"about":[{"href":"https:\/\/ibcparts.eu\/nl\/wp-json\/wp\/v2\/types\/product"}],"version-history":[{"count":3,"href":"https:\/\/ibcparts.eu\/nl\/wp-json\/wp\/v2\/product\/14671\/revisions"}],"predecessor-version":[{"id":20155,"href":"https:\/\/ibcparts.eu\/nl\/wp-json\/wp\/v2\/product\/14671\/revisions\/20155"}],"wp:featuredmedia":[{"embeddable":true,"href":"https:\/\/ibcparts.eu\/nl\/wp-json\/wp\/v2\/media\/15917"}],"wp:attachment":[{"href":"https:\/\/ibcparts.eu\/nl\/wp-json\/wp\/v2\/media?parent=14671"}],"wp:term":[{"taxonomy":"product_brand","embeddable":true,"href":"https:\/\/ibcparts.eu\/nl\/wp-json\/wp\/v2\/product_brand?post=14671"},{"taxonomy":"product_cat","embeddable":true,"href":"https:\/\/ibcparts.eu\/nl\/wp-json\/wp\/v2\/product_cat?post=14671"},{"taxonomy":"product_tag","embeddable":true,"href":"https:\/\/ibcparts.eu\/nl\/wp-json\/wp\/v2\/product_tag?post=14671"}],"curies":[{"name":"wp","href":"https:\/\/api.w.org\/{rel}","templated":true}]}}