{"id":14591,"date":"2023-03-06T10:11:12","date_gmt":"2023-03-06T09:11:12","guid":{"rendered":"https:\/\/ibcparts.eu\/?post_type=product&#038;p=14591"},"modified":"2026-03-10T10:49:20","modified_gmt":"2026-03-10T09:49:20","slug":"sos-komplet-za-nadomestilo-lepljenega-ventila-ibc-cisterne","status":"publish","type":"product","link":"https:\/\/ibcparts.eu\/nl\/product\/sos-set-voor-vervanging-van-gelijmde-ibc-klep\/","title":{"rendered":"SOS komplet za nadomestilo fiksnega (integriranega) ventila IBC cisterne"},"content":{"rendered":"","protected":false},"excerpt":{"rendered":"<h2 data-start=\"204\" data-end=\"262\">SOS komplet za fiksni (integrirani) ventil IBC cisterne<\/h2>\n<p data-start=\"264\" data-end=\"522\">SOS komplet je namenjen <strong data-start=\"288\" data-end=\"368\">nadomestilu fiksnega (lepljenega oziroma integriranega) ventila IBC cisterne<\/strong>, kjer standardna zamenjava ventila ni mogo\u010da. Re\u0161itev omogo\u010da varno in trajno predelavo izpusta v primeru <strong data-start=\"480\" data-end=\"521\">po\u0161kodovanega ali pu\u0161\u010dajo\u010dega ventila<\/strong>.<\/p>\n<p data-start=\"264\" data-end=\"522\"><strong>Po\u0161kodovan ventil \u0161e ne pomeni, da je cisterna neuporabna. Uporaba lepil, silikonov ali generi\u010dnih izdelkov je v veliki ve\u010dini primerov neuspe\u0161na.<\/strong><\/p>\n<p data-start=\"524\" data-end=\"700\">Komplet je razvit za <strong data-start=\"545\" data-end=\"587\">najpogostej\u0161o izvedbo fiksnega ventila<\/strong>, kot je prikazano v navodilih in meritvah, ter omogo\u010da nadaljnjo nadgradnjo izpusta glede na potrebe uporabnika.<\/p>\n<hr data-start=\"702\" data-end=\"705\" \/>\n<h3 data-start=\"707\" data-end=\"730\">Kako deluje re\u0161itev<\/h3>\n<p data-start=\"731\" data-end=\"1022\">Po odstranitvi fiksnega ventila se v cisterno <strong data-start=\"777\" data-end=\"813\">z notranje strani vstavi adapter<\/strong>, ki ustvari <strong data-start=\"826\" data-end=\"864\">standardni 6\/4&#8243; (1 1\/2&#8243;) BSP navoj<\/strong>. Adapter se zatesni z <strong data-start=\"887\" data-end=\"928\">edinstveno kombinacijo tesnil<\/strong>\u00a0ter pritrdi z matico z zunanje strani, kar zagotavlja <strong data-start=\"983\" data-end=\"1021\">stabilnost in zanesljivo tesnjenje<\/strong>.<\/p>\n<p data-start=\"1024\" data-end=\"1137\">Na tako pridobljen navoj je mogo\u010de namestiti razli\u010dne priklju\u010dke ali ventil, odvisno od izbrane izvedbe kompleta.<\/p>\n<h3 data-start=\"1024\" data-end=\"1137\">Prednosti na\u0161e re\u0161itve:<\/h3>\n<ul>\n<li data-start=\"1024\" data-end=\"1137\">Zaradi posebne oblike voda ne zastaja v cisterni, umazanija se ne zatika ob adapter<\/li>\n<li data-start=\"1024\" data-end=\"1137\">100% tesnjenje<\/li>\n<li data-start=\"1024\" data-end=\"1137\">enostavna monta\u017ea<\/li>\n<li data-start=\"1024\" data-end=\"1137\">prilagodljivost sistema<\/li>\n<li data-start=\"1024\" data-end=\"1137\">\u010disti polipropilen, brez primesi<\/li>\n<li data-start=\"1024\" data-end=\"1137\">100% EPDM tesnila<\/li>\n<li data-start=\"1024\" data-end=\"1137\">edinstvena, preverjena, unikatna re\u0161itev.<\/li>\n<\/ul>\n<p><strong>Tukaj najdete kompleten vodi\u010d, skupaj z video prikazom:<\/strong> \ud83d\udc49 <a class=\"woodmart-nav-link\" href=\"https:\/\/ibcparts.eu\/resitev-za-poskodovan-fiksni-integriran-ventil-ibc-cisterne\/\">Oplossing voor een beschadigde vaste (ge\u00efntegreerde) IBC-tankklep<\/a><\/p>\n<hr data-start=\"1139\" data-end=\"1142\" \/>\n<h3 data-start=\"1144\" data-end=\"1174\">Izbira izvedbe (variacije)<\/h3>\n<p data-start=\"1175\" data-end=\"1241\">Glede na na\u010din uporabe lahko izberete ustrezno variacijo kompleta:<\/p>\n<ul>\n<li data-start=\"1245\" data-end=\"1282\"><strong data-start=\"1245\" data-end=\"1280\">6\/4&#8243; (1 1\/2&#8243;) BSP \u2013 mo\u0161ki navoj<\/strong><\/li>\n<li data-start=\"1348\" data-end=\"1375\"><strong data-start=\"1348\" data-end=\"1373\">1&#8243; BSP \u2013 \u017eenski navoj<\/strong><\/li>\n<li data-start=\"1378\" data-end=\"1404\"><strong data-start=\"1378\" data-end=\"1402\">1&#8243; BSP \u2013 mo\u0161ki navoj<\/strong><\/li>\n<li data-start=\"1407\" data-end=\"1434\"><strong data-start=\"1407\" data-end=\"1432\">Komplet z 1&#8243; PRO ventilom z ravnim izpustom<\/strong><\/li>\n<li data-start=\"1437\" data-end=\"1475\"><strong data-start=\"1437\" data-end=\"1475\">Komplet z 1&#8243; PRO ventilom z 90\u00b0 izpustom<\/strong><\/li>\n<\/ul>\n<p data-start=\"247\" data-end=\"347\">\u2705 Re\u0161itev je bila <strong data-start=\"263\" data-end=\"283\">namensko razvita<\/strong> z mislijo na <strong data-start=\"297\" data-end=\"344\">enostavno uporabo in dolgo \u017eivljenjsko dobo<\/strong>.<\/p>\n<p data-start=\"354\" data-end=\"529\">Celoten komplet je zasnovan tako, da ga <strong data-start=\"394\" data-end=\"438\">sestavite brez uporabe teflonskega traku<\/strong>. Tesnjenje je zagotovljeno z <strong data-start=\"468\" data-end=\"495\">namenskimi EPDM tesnili<\/strong>, ki so vgrajena tudi v redukcije.<\/p>\n<p>Monta\u017ea je enostavna, zahteva pa nekaj ro\u010dnih spretnosti.<\/p>\n<p data-start=\"1477\" data-end=\"1671\">\ud83d\udc49 <strong data-start=\"1480\" data-end=\"1491\">Nasvet:<\/strong><br data-start=\"1491\" data-end=\"1494\" \/>Za neposredno uporabo in regulacijo pretoka priporo\u010damo <strong data-start=\"1550\" data-end=\"1572\">komplet z ventilom<\/strong>. Za nadaljnje prilagoditve ali priklop obstoje\u010dih elementov izberite <strong data-start=\"1642\" data-end=\"1670\">ustrezno navojno izvedbo<\/strong>.<\/p>\n<hr data-start=\"1673\" data-end=\"1676\" \/>\n<h3 data-start=\"1678\" data-end=\"1711\">Podalj\u0161ana izvedba \u010dez paleto<\/h3>\n<p data-start=\"1712\" data-end=\"1902\">Kompleti z ventilom so <strong data-start=\"1735\" data-end=\"1758\">ustrezno podalj\u0161ani<\/strong>, tako da ventil <strong data-start=\"1775\" data-end=\"1808\">gleda \u010dez paleto IBC cisterne<\/strong>. To omogo\u010da enostaven dostop in la\u017eje upravljanje.<\/p>\n<hr data-start=\"1904\" data-end=\"1907\" \/>\n<h3 data-start=\"1909\" data-end=\"1935\">Prednosti SOS kompleta<\/h3>\n<ul>\n<li data-start=\"1938\" data-end=\"2002\">re\u0161itev za fiksni \/ integrirani ventil, ki ga ni mogo\u010de odviti<\/li>\n<li data-start=\"2005\" data-end=\"2066\">primeren za popravilo po\u0161kodovanega ali pu\u0161\u010dajo\u010dega izpusta<\/li>\n<li data-start=\"2069\" data-end=\"2114\">standardni BSP navoj za \u0161iroko zdru\u017eljivost<\/li>\n<li data-start=\"2117\" data-end=\"2167\">mo\u017enost izbire razli\u010dnih priklju\u010dkov in ventilov<\/li>\n<li data-start=\"2170\" data-end=\"2224\">robustna in preverjena re\u0161itev za dolgoro\u010dno uporabo<\/li>\n<\/ul>\n<hr data-start=\"2226\" data-end=\"2229\" \/>\n<h3 data-start=\"2231\" data-end=\"2243\">Pomembno<\/h3>\n<p data-start=\"2244\" data-end=\"2437\">Pred naro\u010dilom priporo\u010damo, da <strong data-start=\"2275\" data-end=\"2300\">preverite tip ventila<\/strong> in sledite navodilom za pravilno pripravo odprtine. Odprtine ne pove\u010dujte izven priporo\u010denih dimenzij, saj to lahko vpliva na tesnjenje.<\/p>\n<hr data-start=\"2226\" data-end=\"2229\" \/>\n<p data-start=\"2231\" data-end=\"2243\">\u010ce imate fiksni ventil druga\u010dne velikosti in izvedbe, si modra lahko pomagate z na\u0161imi \ud83d\udc49 <a href=\"https:\/\/ibcparts.eu\/kategorije\/skozniki\/\">Doorvoerkoppelingen<\/a><\/p>\n<p>&nbsp;<\/p>\n<p data-start=\"2231\" data-end=\"2243\">","protected":false},"featured_media":20455,"template":"","meta":[],"product_brand":[],"product_cat":[178,315],"product_tag":[478],"class_list":{"0":"post-14591","1":"product","2":"type-product","3":"status-publish","4":"has-post-thumbnail","6":"product_cat-skozniki","7":"product_cat-sos-kit","8":"product_tag-sos-komplet-za-popravilo-ventila-ibc-cisterne","10":"first","11":"instock","12":"sale","13":"shipping-taxable","14":"purchasable","15":"product-type-variable"},"yoast_head":"<!-- This site is optimized with the Yoast SEO plugin v27.1.1 - https:\/\/yoast.com\/product\/yoast-seo-wordpress\/ -->\n<title>SOS komplet za nadomestilo fiksnega (integriranega) ventila IBC cisterne<\/title>\n<meta name=\"description\" content=\"SOS komplet za nadomestilo fiksnega (integriranega, lepljenega) ventila IBC cisterne. Razli\u010dne izvedbe priklju\u010dkov in ventila.\" \/>\n<meta name=\"robots\" content=\"index, follow, max-snippet:-1, max-image-preview:large, max-video-preview:-1\" \/>\n<link rel=\"canonical\" href=\"https:\/\/ibcparts.eu\/nl\/product\/sos-set-voor-vervanging-van-gelijmde-ibc-klep\/\" \/>\n<meta property=\"og:locale\" content=\"nl_NL\" \/>\n<meta property=\"og:type\" content=\"article\" \/>\n<meta property=\"og:title\" content=\"SOS komplet za nadomestilo fiksnega (integriranega) ventila IBC cisterne\" \/>\n<meta property=\"og:description\" content=\"SOS komplet za nadomestilo fiksnega (integriranega, lepljenega) ventila IBC cisterne. Razli\u010dne izvedbe priklju\u010dkov in ventila.\" \/>\n<meta property=\"og:url\" content=\"https:\/\/ibcparts.eu\/nl\/product\/sos-set-voor-vervanging-van-gelijmde-ibc-klep\/\" \/>\n<meta property=\"og:site_name\" content=\"IBCparts.eu\" \/>\n<meta property=\"article:modified_time\" content=\"2026-03-10T09:49:20+00:00\" \/>\n<meta property=\"og:image\" content=\"https:\/\/ibcparts.eu\/wp-content\/uploads\/2023\/03\/SOS-komplet-za-nadomestilo-lepljenega-ventila-IBC-cisterne.jpg\" \/>\n\t<meta property=\"og:image:width\" content=\"1000\" \/>\n\t<meta property=\"og:image:height\" content=\"1000\" \/>\n\t<meta property=\"og:image:type\" content=\"image\/jpeg\" \/>\n<meta name=\"twitter:card\" content=\"summary_large_image\" \/>\n<script type=\"application\/ld+json\" class=\"yoast-schema-graph\">{\"@context\":\"https:\/\/schema.org\",\"@graph\":[{\"@type\":\"WebPage\",\"@id\":\"https:\/\/ibcparts.eu\/izdelek\/sos-komplet-za-nadomestilo-lepljenega-ventila-ibc-cisterne\/\",\"url\":\"https:\/\/ibcparts.eu\/izdelek\/sos-komplet-za-nadomestilo-lepljenega-ventila-ibc-cisterne\/\",\"name\":\"SOS komplet za nadomestilo fiksnega (integriranega) ventila IBC cisterne\",\"isPartOf\":{\"@id\":\"https:\/\/ibcparts.eu\/#website\"},\"primaryImageOfPage\":{\"@id\":\"https:\/\/ibcparts.eu\/izdelek\/sos-komplet-za-nadomestilo-lepljenega-ventila-ibc-cisterne\/#primaryimage\"},\"image\":{\"@id\":\"https:\/\/ibcparts.eu\/izdelek\/sos-komplet-za-nadomestilo-lepljenega-ventila-ibc-cisterne\/#primaryimage\"},\"thumbnailUrl\":\"https:\/\/ibcparts.eu\/wp-content\/uploads\/2023\/03\/SOS-komplet-za-nadomestilo-lepljenega-ventila-IBC-cisterne.jpg\",\"datePublished\":\"2023-03-06T09:11:12+00:00\",\"dateModified\":\"2026-03-10T09:49:20+00:00\",\"description\":\"SOS komplet za nadomestilo fiksnega (integriranega, lepljenega) ventila IBC cisterne. Razli\u010dne izvedbe priklju\u010dkov in ventila.\",\"breadcrumb\":{\"@id\":\"https:\/\/ibcparts.eu\/izdelek\/sos-komplet-za-nadomestilo-lepljenega-ventila-ibc-cisterne\/#breadcrumb\"},\"inLanguage\":\"nl-NL\",\"potentialAction\":[{\"@type\":\"ReadAction\",\"target\":[\"https:\/\/ibcparts.eu\/izdelek\/sos-komplet-za-nadomestilo-lepljenega-ventila-ibc-cisterne\/\"]}]},{\"@type\":\"ImageObject\",\"inLanguage\":\"nl-NL\",\"@id\":\"https:\/\/ibcparts.eu\/izdelek\/sos-komplet-za-nadomestilo-lepljenega-ventila-ibc-cisterne\/#primaryimage\",\"url\":\"https:\/\/ibcparts.eu\/wp-content\/uploads\/2023\/03\/SOS-komplet-za-nadomestilo-lepljenega-ventila-IBC-cisterne.jpg\",\"contentUrl\":\"https:\/\/ibcparts.eu\/wp-content\/uploads\/2023\/03\/SOS-komplet-za-nadomestilo-lepljenega-ventila-IBC-cisterne.jpg\",\"width\":1000,\"height\":1000,\"caption\":\"SOS komplet za nadomestilo lepljenega ventila IBC cisterne\"},{\"@type\":\"BreadcrumbList\",\"@id\":\"https:\/\/ibcparts.eu\/izdelek\/sos-komplet-za-nadomestilo-lepljenega-ventila-ibc-cisterne\/#breadcrumb\",\"itemListElement\":[{\"@type\":\"ListItem\",\"position\":1,\"name\":\"Home\",\"item\":\"https:\/\/ibcparts.eu\/\"},{\"@type\":\"ListItem\",\"position\":2,\"name\":\"Nakupujte\",\"item\":\"https:\/\/ibcparts.eu\/nakupujte\/\"},{\"@type\":\"ListItem\",\"position\":3,\"name\":\"SOS komplet za nadomestilo fiksnega (integriranega) ventila IBC cisterne\"}]},{\"@type\":\"WebSite\",\"@id\":\"https:\/\/ibcparts.eu\/#website\",\"url\":\"https:\/\/ibcparts.eu\/\",\"name\":\"IBCparts.eu\",\"description\":\"\",\"publisher\":{\"@id\":\"https:\/\/ibcparts.eu\/#organization\"},\"potentialAction\":[{\"@type\":\"SearchAction\",\"target\":{\"@type\":\"EntryPoint\",\"urlTemplate\":\"https:\/\/ibcparts.eu\/?s={search_term_string}\"},\"query-input\":{\"@type\":\"PropertyValueSpecification\",\"valueRequired\":true,\"valueName\":\"search_term_string\"}}],\"inLanguage\":\"nl-NL\"},{\"@type\":\"Organization\",\"@id\":\"https:\/\/ibcparts.eu\/#organization\",\"name\":\"IBCparts\",\"url\":\"https:\/\/ibcparts.eu\/\",\"logo\":{\"@type\":\"ImageObject\",\"inLanguage\":\"nl-NL\",\"@id\":\"https:\/\/ibcparts.eu\/#\/schema\/logo\/image\/\",\"url\":\"https:\/\/ibcparts.eu\/wp-content\/uploads\/2021\/10\/Footer-Logo.png\",\"contentUrl\":\"https:\/\/ibcparts.eu\/wp-content\/uploads\/2021\/10\/Footer-Logo.png\",\"width\":1992,\"height\":772,\"caption\":\"IBCparts\"},\"image\":{\"@id\":\"https:\/\/ibcparts.eu\/#\/schema\/logo\/image\/\"}}]}<\/script>\n<!-- \/ Yoast SEO plugin. -->","yoast_head_json":{"title":"SOS komplet za nadomestilo fiksnega (integriranega) ventila IBC cisterne","description":"SOS komplet za nadomestilo fiksnega (integriranega, lepljenega) ventila IBC cisterne. Razli\u010dne izvedbe priklju\u010dkov in ventila.","robots":{"index":"index","follow":"follow","max-snippet":"max-snippet:-1","max-image-preview":"max-image-preview:large","max-video-preview":"max-video-preview:-1"},"canonical":"https:\/\/ibcparts.eu\/nl\/product\/sos-set-voor-vervanging-van-gelijmde-ibc-klep\/","og_locale":"nl_NL","og_type":"article","og_title":"SOS komplet za nadomestilo fiksnega (integriranega) ventila IBC cisterne","og_description":"SOS komplet za nadomestilo fiksnega (integriranega, lepljenega) ventila IBC cisterne. Razli\u010dne izvedbe priklju\u010dkov in ventila.","og_url":"https:\/\/ibcparts.eu\/nl\/product\/sos-set-voor-vervanging-van-gelijmde-ibc-klep\/","og_site_name":"IBCparts.eu","article_modified_time":"2026-03-10T09:49:20+00:00","og_image":[{"width":1000,"height":1000,"url":"https:\/\/ibcparts.eu\/wp-content\/uploads\/2023\/03\/SOS-komplet-za-nadomestilo-lepljenega-ventila-IBC-cisterne.jpg","type":"image\/jpeg"}],"twitter_card":"summary_large_image","schema":{"@context":"https:\/\/schema.org","@graph":[{"@type":"WebPage","@id":"https:\/\/ibcparts.eu\/izdelek\/sos-komplet-za-nadomestilo-lepljenega-ventila-ibc-cisterne\/","url":"https:\/\/ibcparts.eu\/izdelek\/sos-komplet-za-nadomestilo-lepljenega-ventila-ibc-cisterne\/","name":"SOS komplet za nadomestilo fiksnega (integriranega) ventila IBC cisterne","isPartOf":{"@id":"https:\/\/ibcparts.eu\/#website"},"primaryImageOfPage":{"@id":"https:\/\/ibcparts.eu\/izdelek\/sos-komplet-za-nadomestilo-lepljenega-ventila-ibc-cisterne\/#primaryimage"},"image":{"@id":"https:\/\/ibcparts.eu\/izdelek\/sos-komplet-za-nadomestilo-lepljenega-ventila-ibc-cisterne\/#primaryimage"},"thumbnailUrl":"https:\/\/ibcparts.eu\/wp-content\/uploads\/2023\/03\/SOS-komplet-za-nadomestilo-lepljenega-ventila-IBC-cisterne.jpg","datePublished":"2023-03-06T09:11:12+00:00","dateModified":"2026-03-10T09:49:20+00:00","description":"SOS komplet za nadomestilo fiksnega (integriranega, lepljenega) ventila IBC cisterne. Razli\u010dne izvedbe priklju\u010dkov in ventila.","breadcrumb":{"@id":"https:\/\/ibcparts.eu\/izdelek\/sos-komplet-za-nadomestilo-lepljenega-ventila-ibc-cisterne\/#breadcrumb"},"inLanguage":"nl-NL","potentialAction":[{"@type":"ReadAction","target":["https:\/\/ibcparts.eu\/izdelek\/sos-komplet-za-nadomestilo-lepljenega-ventila-ibc-cisterne\/"]}]},{"@type":"ImageObject","inLanguage":"nl-NL","@id":"https:\/\/ibcparts.eu\/izdelek\/sos-komplet-za-nadomestilo-lepljenega-ventila-ibc-cisterne\/#primaryimage","url":"https:\/\/ibcparts.eu\/wp-content\/uploads\/2023\/03\/SOS-komplet-za-nadomestilo-lepljenega-ventila-IBC-cisterne.jpg","contentUrl":"https:\/\/ibcparts.eu\/wp-content\/uploads\/2023\/03\/SOS-komplet-za-nadomestilo-lepljenega-ventila-IBC-cisterne.jpg","width":1000,"height":1000,"caption":"SOS komplet za nadomestilo lepljenega ventila IBC cisterne"},{"@type":"BreadcrumbList","@id":"https:\/\/ibcparts.eu\/izdelek\/sos-komplet-za-nadomestilo-lepljenega-ventila-ibc-cisterne\/#breadcrumb","itemListElement":[{"@type":"ListItem","position":1,"name":"Home","item":"https:\/\/ibcparts.eu\/"},{"@type":"ListItem","position":2,"name":"Nakupujte","item":"https:\/\/ibcparts.eu\/nakupujte\/"},{"@type":"ListItem","position":3,"name":"SOS komplet za nadomestilo fiksnega (integriranega) ventila IBC cisterne"}]},{"@type":"WebSite","@id":"https:\/\/ibcparts.eu\/#website","url":"https:\/\/ibcparts.eu\/","name":"IBCparts.eu","description":"","publisher":{"@id":"https:\/\/ibcparts.eu\/#organization"},"potentialAction":[{"@type":"SearchAction","target":{"@type":"EntryPoint","urlTemplate":"https:\/\/ibcparts.eu\/?s={search_term_string}"},"query-input":{"@type":"PropertyValueSpecification","valueRequired":true,"valueName":"search_term_string"}}],"inLanguage":"nl-NL"},{"@type":"Organization","@id":"https:\/\/ibcparts.eu\/#organization","name":"IBCparts","url":"https:\/\/ibcparts.eu\/","logo":{"@type":"ImageObject","inLanguage":"nl-NL","@id":"https:\/\/ibcparts.eu\/#\/schema\/logo\/image\/","url":"https:\/\/ibcparts.eu\/wp-content\/uploads\/2021\/10\/Footer-Logo.png","contentUrl":"https:\/\/ibcparts.eu\/wp-content\/uploads\/2021\/10\/Footer-Logo.png","width":1992,"height":772,"caption":"IBCparts"},"image":{"@id":"https:\/\/ibcparts.eu\/#\/schema\/logo\/image\/"}}]}},"_links":{"self":[{"href":"https:\/\/ibcparts.eu\/nl\/wp-json\/wp\/v2\/product\/14591","targetHints":{"allow":["GET"]}}],"collection":[{"href":"https:\/\/ibcparts.eu\/nl\/wp-json\/wp\/v2\/product"}],"about":[{"href":"https:\/\/ibcparts.eu\/nl\/wp-json\/wp\/v2\/types\/product"}],"version-history":[{"count":7,"href":"https:\/\/ibcparts.eu\/nl\/wp-json\/wp\/v2\/product\/14591\/revisions"}],"predecessor-version":[{"id":20485,"href":"https:\/\/ibcparts.eu\/nl\/wp-json\/wp\/v2\/product\/14591\/revisions\/20485"}],"wp:featuredmedia":[{"embeddable":true,"href":"https:\/\/ibcparts.eu\/nl\/wp-json\/wp\/v2\/media\/20455"}],"wp:attachment":[{"href":"https:\/\/ibcparts.eu\/nl\/wp-json\/wp\/v2\/media?parent=14591"}],"wp:term":[{"taxonomy":"product_brand","embeddable":true,"href":"https:\/\/ibcparts.eu\/nl\/wp-json\/wp\/v2\/product_brand?post=14591"},{"taxonomy":"product_cat","embeddable":true,"href":"https:\/\/ibcparts.eu\/nl\/wp-json\/wp\/v2\/product_cat?post=14591"},{"taxonomy":"product_tag","embeddable":true,"href":"https:\/\/ibcparts.eu\/nl\/wp-json\/wp\/v2\/product_tag?post=14591"}],"curies":[{"name":"wp","href":"https:\/\/api.w.org\/{rel}","templated":true}]}}