{"id":14405,"date":"2023-02-26T16:17:54","date_gmt":"2023-02-26T15:17:54","guid":{"rendered":"https:\/\/ibcparts.eu\/?post_type=product&#038;p=14405"},"modified":"2026-04-14T10:24:53","modified_gmt":"2026-04-14T09:24:53","slug":"ibc-cisterna-1000l-1x-rabljena-foodcert","status":"publish","type":"product","link":"https:\/\/ibcparts.eu\/nl\/product\/ibc-tartaly-1000l-1x-hasznalt-elelmiszeripari\/","title":{"rendered":"IBC cisterna 1000 L \u2013 rabljena, FOODCERT"},"content":{"rendered":"<p><span style=\"font-size: large;\"><strong>Productinformatie:<\/strong><br \/>\n\u200bIBC cisterna, enkrat rabljena za transport\u00a0<strong>prehrane\u00a0<\/strong>oz dodatkov k prehrani- najve\u010dkrat\u00a0rastlinskih ekstraktov (npr. ekstrakt \u0161ipka).<br \/>\nOprana z vro\u010do vodo, brez kemikalij.<\/span><\/p>\n<p><strong>Opozorilo!<\/strong><br \/>\nOb nakupu rabljenih cistern iz oglasov bodite pozorni na to, da je cisterna neopore\u010dna, ter da niso bile uporabljene za transport kemikalij.<\/p>\n<p>\u010ce cisterna ni neopore\u010dna, pomeni da ni ustrezna tudi za\u00a0 zalivanje vrta.<\/p>\n<p>Vsekakor ne \u0161koduje, \u010de jih pred uporabo \u0161e enkrat operete z vodo, to velja tudi za na\u0161e rabljene in tudi za vse nove cisterne, saj je lahko v njej nekaj ml vode (kondenz). V vsaki stoje\u010di vodi se lahko \u017ee po nekaj dneh, mno\u017eijo mikroorganizmi.<\/p>\n<p><strong>Ve\u010dkrat postavljena vpra\u0161anja:<\/strong><\/p>\n<p>Zakaj jih nimate vedno na zalogi?<br \/>\nNa\u0161a glavna dejavnost so dodatki za IBC cisterne. Ob\u010dasno pa imamo\u00a0mo\u017enost\u00a0na\u0161im strankam ponuditi odli\u010dne rabljene (obnovljene)\u00a0tudi\u00a0<strong>FOODGRADE\u00a0<\/strong>cisterne. Lahko se zgodi, da ve\u010d kot pol leta ni nove zaloge &#8211; trudimo se, da temu ni tako.<\/p>\n<p><strong>Ali imajo rabljene cisterne certifikat?<\/strong><br \/>\nNobene rabljene cisterne nimajo certifikata o ponovni ustreznosti, ker niti ni in\u0161titucije, ki bi to preverjala oz. certifikat izdajala.\u00a0<strong>Na\u0161e FOODGRADE cisterne pa imajo sledljivost<\/strong>, ki jo ima le redkokatera rabljena cisterna.<\/p>\n<p><strong>Zakaj rabljene cisterne podjetja prodajajo in jih raje ne vrnejo nazaj od koder so jih prejeli, \u010de je cisterna \u0161e uporabna?<\/strong><br \/>\nV ve\u010djih mestih to deluje. Schutz ima npr. linijo Recobulk (ogrodje se popravi, \u010de je potrebno, balon cisterne pa se zamenja z novim. Transportni stro\u0161ki in ostali dejavniki to mo\u017enost omejijo. Najve\u010dkrat je vrednost cisterne vklju\u010dena v ceno surovine.<\/p>\n<p><strong>Ali imajo va\u0161e rabljene cisterne kak\u0161en vonj?<\/strong><br \/>\nV 90% primerih ne &#8211; oziroma po HDPE plastiki, tako kot nove.<br \/>\nV 10% primerih lahko, npr. po sladkem (fruktoza) ipd.<\/p>\n<p><strong>Ali so va\u0161e rabljene cisterne primerne tudi za pitno vodo?<\/strong><br \/>\nOdgovor je na kratko ne. Zakaj? Stoje\u010da voda je problem tudi v novih cisternah. \u010ce ni dodanih konzervansov, UV sterilizacije ipd., se v njej razvijajo mikroorganizmi, ki lahko \u0161kodujejo zdravju, \u010de\/ko jih je preve\u010d. Za pitno vodo priporo\u010damo nove cisterne (ne nujno Food grade, tudi pri obi\u010dajnih novih cisternah gre za \u010disti, nerecikliran HDPE, ki je primeren za ta namen)\u00a0in pa ustrezno pre\u010di\u0161\u010devanje oz konzerviranje itd &#8211; s tem se\u00a0<u>ne\u00a0<\/u>ukvarjamo. Na\u0161e cisterne so uporabljene izrecno za \u017eivila, oprane pa so z vro\u010do vodo.<\/p>\n<p><strong>Ali je voda bolj \u010dista v \u010drni cisterni?<\/strong><br \/>\nNe vemo, ker umazanije v njej ne vidimo zaradi \u010drnih sten. \u0160alo na stran &#8211; mikroorganizmi in alge se definitivno razra\u0161\u010dajo manj. Tudi plastika teh cistern je bolj UV odporna. Se pa voda v cisterni bolj greje in tudi, \u010de bi bilo cisterno dobro o\u010distiti, tega ne opazimo, ker se dejansko ne vidi. Bolj priporo\u010damo obi\u010dajno (belo) cisterno in\u00a0<a href=\"https:\/\/ibcparts.eu\/izdelek\/zascitna-ponjava-tarp-za-ibc-cisterno\/\">za\u0161\u010ditno ponjavo<\/a>. Voda tako ostaja hladnej\u0161a, tudi \u010de je ponjava \u010drna, saj zrak deluje kot izolator. Na zalogi pa imamo obi\u010dajno tudi \u010drne cisterne.<\/p>\n<p><strong>Kak\u0161na je \u017eivljenjska doba cisterne?<\/strong><br \/>\nLahko 3 leta, lahko 30 let. Odvisno od kvalitete cisterne, od zunanjih dejavnikov (sonce, mraz), od skrbi zanjo, ter nenazadnje od sre\u010de. Problemi se obi\u010dajno najprej za\u010dnejo pri ventilih, z balonom ni ve\u010djih te\u017eav. Ventili IBC cistern niso namenjeni konstantnemu odpiranju in zapiranju, zato svetujemo, da uporabljate komplete\u00a0<a href=\"https:\/\/ibcparts.eu\/kompleti-pipareducir\/\">Pipa+reducir<\/a>, ki jih najdete v na\u0161i ponudbi.<\/p>\n<p><strong>Ali moramo pozimi vodo spustiti iz cisterne?<\/strong><br \/>\nDa, najbolje je tako. In ventil (in pipo) pustite odprt.<br \/>\n\u010ce boste vodo pozimi pustili v cisterni, bodite pozorni na to, da ni popolnoma polna. Ventil in pipo izolirajte (pokrijte s toplim blagom).<\/p>\n<p><strong>Ali je kovinsko ogrodje nerjave\u010de?<\/strong><br \/>\nDa, je namre\u010d galvanizirano. Prav tako paleta, \u010de je kovinska.<\/p>\n<p>&nbsp;<\/p>\n<p><strong>\u010ce potrebujete ve\u010dji zalogovnik, lahko pove\u017eete dve ali ve\u010d cistern med seboj.\u00a0<\/strong>V videu si lahko pogledate na kak\u0161en na\u010din.<br \/>\nVe\u010d informacij o sistemih najdete <strong><a href=\"https:\/\/ibcparts.eu\/product-category\/sistemi-za-povezavo\/\">\u00a0TUKAJ.<\/a><\/strong><\/p>\n<p><iframe title=\"How to connect two IBC containers using DUO system.\" width=\"500\" height=\"281\" src=\"https:\/\/www.youtube.com\/embed\/ZKfg1PYo-qQ?feature=oembed\" frameborder=\"0\" allow=\"accelerometer; autoplay; clipboard-write; encrypted-media; gyroscope; picture-in-picture; web-share\" referrerpolicy=\"strict-origin-when-cross-origin\" allowfullscreen><\/iframe><\/p>","protected":false},"excerpt":{"rendered":"<h2 data-start=\"1401\" data-end=\"1456\"><strong data-start=\"1401\" data-end=\"1456\">IBC cisterna 1000 L \u2013 rabljena, FOODCERT certificirana, o\u010di\u0161\u010dena.<\/strong><\/h2>\n<p>Zelo kvaliteten proizvajalec Schutz, linija (R)ECOBULK <strong>FOODCERT\u00a0<\/strong>in\u00a0<strong>FOOD-EX<\/strong>.\u00a0EX se nana\u0161a na cisterno, ki je bila razvr\u0161\u010dena kot varna za uporabo na nevarnih obmo\u010djih. EX pomeni increased safety oz\u00a0<strong>zvi\u0161ana varnost<\/strong>. Torej najbolj\u0161a mo\u017ena kombinacija IBC cisterne.<\/p>\n<p>-na\u00a0<strong>plasti\u010dni ali kovinski\u00a0<\/strong>paleti (odvisno od trenutne zaloge),<\/p>\n<p>-standardni ventil S60 &#8211; za ta navoj obstaja\u00a0<strong>ogromno priklju\u010dkov<\/strong>,<br \/>\n-ventil je lepljen ali privija\u010den na cisterno. Proizvajalec Schutz ima zelo\u00a0<strong>kvalitetno plastiko<\/strong>, zato je ventil\u00a0<strong>zelo vzdr\u017eljiv<\/strong>.<\/p>\n<p>-pokrov standardne dimenzije 165mm &#8211; obi\u010dajno navaden, lahko pa je tudi z oddu\u0161nikom (\u010de je to za vas pomembno, nas na to pri naro\u010dilu opozorite).<\/p>\n<p>&#8211;<strong>starost do 8 mesecev od proizvodnje<\/strong>\u00a0&#8211; prakti\u010dno nove cisterne &#8211; zelo pomembno, ker je plastika dejansko nova in ni bila izpostavljena soncu in s tem UV \u017earkom. Najdejo se tudi cisterne, ki so starej\u0161e od 8 mesecev (zaradi manj\u0161e porabe surovine), vendar so bile vedno skladi\u0161\u010dene v pokritem skladi\u0161\u010du.<\/p>\n<p><strong>Dimenzije:<\/strong><br \/>\nDol\u017eina x \u0161irina x vi\u0161ina = 120 x 100 x 117cm.<\/p>\n<p><strong>SAMO OSEBNI PREVZEM &#8211; NE PO\u0160ILJAMO PO PO\u0160TI<\/strong><\/p>","protected":false},"featured_media":14407,"template":"","meta":[],"product_brand":[],"product_cat":[308,182],"product_tag":[358],"class_list":{"0":"post-14405","1":"product","2":"type-product","3":"status-publish","4":"has-post-thumbnail","6":"product_cat-cisterne","7":"product_cat-ibc-cisterne-ventili-in-dodatki","8":"product_tag-ibc-cisterna-foodgrade","9":"product_shipping_class-no-shipping-pick-up-only","11":"first","12":"outofstock","13":"shipping-taxable","14":"purchasable","15":"product-type-simple"},"yoast_head":"<!-- This site is optimized with the Yoast SEO plugin v27.1.1 - https:\/\/yoast.com\/product\/yoast-seo-wordpress\/ -->\n<title>IBC cisterna 1000 L \u2013 rabljena, FOODCERT | IBCparts.eu<\/title>\n<meta name=\"description\" content=\"Foodgrade IBC cisterna, uporabljena 1x za transport sestavine za prehrano, posebej certificirana za transport \u017eivil,\u00a0o\u010di\u0161\u010dena z vro\u010do vodo, prakti\u010dno nova.\" \/>\n<meta name=\"robots\" content=\"index, follow, max-snippet:-1, max-image-preview:large, max-video-preview:-1\" \/>\n<link rel=\"canonical\" href=\"https:\/\/ibcparts.eu\/nl\/product\/ibc-tartaly-1000l-1x-hasznalt-elelmiszeripari\/\" \/>\n<meta property=\"og:locale\" content=\"nl_NL\" \/>\n<meta property=\"og:type\" content=\"article\" \/>\n<meta property=\"og:title\" content=\"IBC cisterna 1000 L \u2013 rabljena, FOODCERT | IBCparts.eu\" \/>\n<meta property=\"og:description\" content=\"Foodgrade IBC cisterna, uporabljena 1x za transport sestavine za prehrano, posebej certificirana za transport \u017eivil,\u00a0o\u010di\u0161\u010dena z vro\u010do vodo, prakti\u010dno nova.\" \/>\n<meta property=\"og:url\" content=\"https:\/\/ibcparts.eu\/nl\/product\/ibc-tartaly-1000l-1x-hasznalt-elelmiszeripari\/\" \/>\n<meta property=\"og:site_name\" content=\"IBCparts.eu\" \/>\n<meta property=\"article:modified_time\" content=\"2026-04-14T09:24:53+00:00\" \/>\n<meta property=\"og:image\" content=\"https:\/\/ibcparts.eu\/wp-content\/uploads\/2023\/02\/ibc-cisterna-fda-foodgrade-namoci-orig-1_orig.jpg\" \/>\n\t<meta property=\"og:image:width\" content=\"591\" \/>\n\t<meta property=\"og:image:height\" content=\"591\" \/>\n\t<meta property=\"og:image:type\" content=\"image\/jpeg\" \/>\n<meta name=\"twitter:card\" content=\"summary_large_image\" \/>\n<meta name=\"twitter:label1\" content=\"Geschatte leestijd\" \/>\n\t<meta name=\"twitter:data1\" content=\"3 minuten\" \/>\n<script type=\"application\/ld+json\" class=\"yoast-schema-graph\">{\"@context\":\"https:\/\/schema.org\",\"@graph\":[{\"@type\":\"WebPage\",\"@id\":\"https:\/\/ibcparts.eu\/izdelek\/ibc-cisterna-1000l-1x-rabljena-foodcert\/\",\"url\":\"https:\/\/ibcparts.eu\/izdelek\/ibc-cisterna-1000l-1x-rabljena-foodcert\/\",\"name\":\"IBC cisterna 1000 L \u2013 rabljena, FOODCERT | IBCparts.eu\",\"isPartOf\":{\"@id\":\"https:\/\/ibcparts.eu\/#website\"},\"primaryImageOfPage\":{\"@id\":\"https:\/\/ibcparts.eu\/izdelek\/ibc-cisterna-1000l-1x-rabljena-foodcert\/#primaryimage\"},\"image\":{\"@id\":\"https:\/\/ibcparts.eu\/izdelek\/ibc-cisterna-1000l-1x-rabljena-foodcert\/#primaryimage\"},\"thumbnailUrl\":\"https:\/\/ibcparts.eu\/wp-content\/uploads\/2023\/02\/ibc-cisterna-fda-foodgrade-namoci-orig-1_orig.jpg\",\"datePublished\":\"2023-02-26T15:17:54+00:00\",\"dateModified\":\"2026-04-14T09:24:53+00:00\",\"description\":\"Foodgrade IBC cisterna, uporabljena 1x za transport sestavine za prehrano, posebej certificirana za transport \u017eivil,\u00a0o\u010di\u0161\u010dena z vro\u010do vodo, prakti\u010dno nova.\",\"breadcrumb\":{\"@id\":\"https:\/\/ibcparts.eu\/izdelek\/ibc-cisterna-1000l-1x-rabljena-foodcert\/#breadcrumb\"},\"inLanguage\":\"nl-NL\",\"potentialAction\":[{\"@type\":\"ReadAction\",\"target\":[\"https:\/\/ibcparts.eu\/izdelek\/ibc-cisterna-1000l-1x-rabljena-foodcert\/\"]}]},{\"@type\":\"ImageObject\",\"inLanguage\":\"nl-NL\",\"@id\":\"https:\/\/ibcparts.eu\/izdelek\/ibc-cisterna-1000l-1x-rabljena-foodcert\/#primaryimage\",\"url\":\"https:\/\/ibcparts.eu\/wp-content\/uploads\/2023\/02\/ibc-cisterna-fda-foodgrade-namoci-orig-1_orig.jpg\",\"contentUrl\":\"https:\/\/ibcparts.eu\/wp-content\/uploads\/2023\/02\/ibc-cisterna-fda-foodgrade-namoci-orig-1_orig.jpg\",\"width\":591,\"height\":591},{\"@type\":\"BreadcrumbList\",\"@id\":\"https:\/\/ibcparts.eu\/izdelek\/ibc-cisterna-1000l-1x-rabljena-foodcert\/#breadcrumb\",\"itemListElement\":[{\"@type\":\"ListItem\",\"position\":1,\"name\":\"Home\",\"item\":\"https:\/\/ibcparts.eu\/\"},{\"@type\":\"ListItem\",\"position\":2,\"name\":\"Nakupujte\",\"item\":\"https:\/\/ibcparts.eu\/nakupujte\/\"},{\"@type\":\"ListItem\",\"position\":3,\"name\":\"IBC cisterna 1000 L \u2013 rabljena, FOODCERT\"}]},{\"@type\":\"WebSite\",\"@id\":\"https:\/\/ibcparts.eu\/#website\",\"url\":\"https:\/\/ibcparts.eu\/\",\"name\":\"IBCparts.eu\",\"description\":\"\",\"publisher\":{\"@id\":\"https:\/\/ibcparts.eu\/#organization\"},\"potentialAction\":[{\"@type\":\"SearchAction\",\"target\":{\"@type\":\"EntryPoint\",\"urlTemplate\":\"https:\/\/ibcparts.eu\/?s={search_term_string}\"},\"query-input\":{\"@type\":\"PropertyValueSpecification\",\"valueRequired\":true,\"valueName\":\"search_term_string\"}}],\"inLanguage\":\"nl-NL\"},{\"@type\":\"Organization\",\"@id\":\"https:\/\/ibcparts.eu\/#organization\",\"name\":\"IBCparts\",\"url\":\"https:\/\/ibcparts.eu\/\",\"logo\":{\"@type\":\"ImageObject\",\"inLanguage\":\"nl-NL\",\"@id\":\"https:\/\/ibcparts.eu\/#\/schema\/logo\/image\/\",\"url\":\"https:\/\/ibcparts.eu\/wp-content\/uploads\/2021\/10\/Footer-Logo.png\",\"contentUrl\":\"https:\/\/ibcparts.eu\/wp-content\/uploads\/2021\/10\/Footer-Logo.png\",\"width\":1992,\"height\":772,\"caption\":\"IBCparts\"},\"image\":{\"@id\":\"https:\/\/ibcparts.eu\/#\/schema\/logo\/image\/\"}}]}<\/script>\n<!-- \/ Yoast SEO plugin. -->","yoast_head_json":{"title":"IBC cisterna 1000 L \u2013 rabljena, FOODCERT | IBCparts.eu","description":"Foodgrade IBC cisterna, uporabljena 1x za transport sestavine za prehrano, posebej certificirana za transport \u017eivil,\u00a0o\u010di\u0161\u010dena z vro\u010do vodo, prakti\u010dno nova.","robots":{"index":"index","follow":"follow","max-snippet":"max-snippet:-1","max-image-preview":"max-image-preview:large","max-video-preview":"max-video-preview:-1"},"canonical":"https:\/\/ibcparts.eu\/nl\/product\/ibc-tartaly-1000l-1x-hasznalt-elelmiszeripari\/","og_locale":"nl_NL","og_type":"article","og_title":"IBC cisterna 1000 L \u2013 rabljena, FOODCERT | IBCparts.eu","og_description":"Foodgrade IBC cisterna, uporabljena 1x za transport sestavine za prehrano, posebej certificirana za transport \u017eivil,\u00a0o\u010di\u0161\u010dena z vro\u010do vodo, prakti\u010dno nova.","og_url":"https:\/\/ibcparts.eu\/nl\/product\/ibc-tartaly-1000l-1x-hasznalt-elelmiszeripari\/","og_site_name":"IBCparts.eu","article_modified_time":"2026-04-14T09:24:53+00:00","og_image":[{"width":591,"height":591,"url":"https:\/\/ibcparts.eu\/wp-content\/uploads\/2023\/02\/ibc-cisterna-fda-foodgrade-namoci-orig-1_orig.jpg","type":"image\/jpeg"}],"twitter_card":"summary_large_image","twitter_misc":{"Geschatte leestijd":"3 minuten"},"schema":{"@context":"https:\/\/schema.org","@graph":[{"@type":"WebPage","@id":"https:\/\/ibcparts.eu\/izdelek\/ibc-cisterna-1000l-1x-rabljena-foodcert\/","url":"https:\/\/ibcparts.eu\/izdelek\/ibc-cisterna-1000l-1x-rabljena-foodcert\/","name":"IBC cisterna 1000 L \u2013 rabljena, FOODCERT | IBCparts.eu","isPartOf":{"@id":"https:\/\/ibcparts.eu\/#website"},"primaryImageOfPage":{"@id":"https:\/\/ibcparts.eu\/izdelek\/ibc-cisterna-1000l-1x-rabljena-foodcert\/#primaryimage"},"image":{"@id":"https:\/\/ibcparts.eu\/izdelek\/ibc-cisterna-1000l-1x-rabljena-foodcert\/#primaryimage"},"thumbnailUrl":"https:\/\/ibcparts.eu\/wp-content\/uploads\/2023\/02\/ibc-cisterna-fda-foodgrade-namoci-orig-1_orig.jpg","datePublished":"2023-02-26T15:17:54+00:00","dateModified":"2026-04-14T09:24:53+00:00","description":"Foodgrade IBC cisterna, uporabljena 1x za transport sestavine za prehrano, posebej certificirana za transport \u017eivil,\u00a0o\u010di\u0161\u010dena z vro\u010do vodo, prakti\u010dno nova.","breadcrumb":{"@id":"https:\/\/ibcparts.eu\/izdelek\/ibc-cisterna-1000l-1x-rabljena-foodcert\/#breadcrumb"},"inLanguage":"nl-NL","potentialAction":[{"@type":"ReadAction","target":["https:\/\/ibcparts.eu\/izdelek\/ibc-cisterna-1000l-1x-rabljena-foodcert\/"]}]},{"@type":"ImageObject","inLanguage":"nl-NL","@id":"https:\/\/ibcparts.eu\/izdelek\/ibc-cisterna-1000l-1x-rabljena-foodcert\/#primaryimage","url":"https:\/\/ibcparts.eu\/wp-content\/uploads\/2023\/02\/ibc-cisterna-fda-foodgrade-namoci-orig-1_orig.jpg","contentUrl":"https:\/\/ibcparts.eu\/wp-content\/uploads\/2023\/02\/ibc-cisterna-fda-foodgrade-namoci-orig-1_orig.jpg","width":591,"height":591},{"@type":"BreadcrumbList","@id":"https:\/\/ibcparts.eu\/izdelek\/ibc-cisterna-1000l-1x-rabljena-foodcert\/#breadcrumb","itemListElement":[{"@type":"ListItem","position":1,"name":"Home","item":"https:\/\/ibcparts.eu\/"},{"@type":"ListItem","position":2,"name":"Nakupujte","item":"https:\/\/ibcparts.eu\/nakupujte\/"},{"@type":"ListItem","position":3,"name":"IBC cisterna 1000 L \u2013 rabljena, FOODCERT"}]},{"@type":"WebSite","@id":"https:\/\/ibcparts.eu\/#website","url":"https:\/\/ibcparts.eu\/","name":"IBCparts.eu","description":"","publisher":{"@id":"https:\/\/ibcparts.eu\/#organization"},"potentialAction":[{"@type":"SearchAction","target":{"@type":"EntryPoint","urlTemplate":"https:\/\/ibcparts.eu\/?s={search_term_string}"},"query-input":{"@type":"PropertyValueSpecification","valueRequired":true,"valueName":"search_term_string"}}],"inLanguage":"nl-NL"},{"@type":"Organization","@id":"https:\/\/ibcparts.eu\/#organization","name":"IBCparts","url":"https:\/\/ibcparts.eu\/","logo":{"@type":"ImageObject","inLanguage":"nl-NL","@id":"https:\/\/ibcparts.eu\/#\/schema\/logo\/image\/","url":"https:\/\/ibcparts.eu\/wp-content\/uploads\/2021\/10\/Footer-Logo.png","contentUrl":"https:\/\/ibcparts.eu\/wp-content\/uploads\/2021\/10\/Footer-Logo.png","width":1992,"height":772,"caption":"IBCparts"},"image":{"@id":"https:\/\/ibcparts.eu\/#\/schema\/logo\/image\/"}}]}},"_links":{"self":[{"href":"https:\/\/ibcparts.eu\/nl\/wp-json\/wp\/v2\/product\/14405","targetHints":{"allow":["GET"]}}],"collection":[{"href":"https:\/\/ibcparts.eu\/nl\/wp-json\/wp\/v2\/product"}],"about":[{"href":"https:\/\/ibcparts.eu\/nl\/wp-json\/wp\/v2\/types\/product"}],"version-history":[{"count":4,"href":"https:\/\/ibcparts.eu\/nl\/wp-json\/wp\/v2\/product\/14405\/revisions"}],"predecessor-version":[{"id":20326,"href":"https:\/\/ibcparts.eu\/nl\/wp-json\/wp\/v2\/product\/14405\/revisions\/20326"}],"wp:featuredmedia":[{"embeddable":true,"href":"https:\/\/ibcparts.eu\/nl\/wp-json\/wp\/v2\/media\/14407"}],"wp:attachment":[{"href":"https:\/\/ibcparts.eu\/nl\/wp-json\/wp\/v2\/media?parent=14405"}],"wp:term":[{"taxonomy":"product_brand","embeddable":true,"href":"https:\/\/ibcparts.eu\/nl\/wp-json\/wp\/v2\/product_brand?post=14405"},{"taxonomy":"product_cat","embeddable":true,"href":"https:\/\/ibcparts.eu\/nl\/wp-json\/wp\/v2\/product_cat?post=14405"},{"taxonomy":"product_tag","embeddable":true,"href":"https:\/\/ibcparts.eu\/nl\/wp-json\/wp\/v2\/product_tag?post=14405"}],"curies":[{"name":"wp","href":"https:\/\/api.w.org\/{rel}","templated":true}]}}