{"id":12210,"date":"2022-01-14T15:43:34","date_gmt":"2022-01-14T14:43:34","guid":{"rendered":"https:\/\/ibcparts.eu\/?post_type=product&#038;p=12210"},"modified":"2026-01-06T10:45:44","modified_gmt":"2026-01-06T09:45:44","slug":"uv-zascitna-ponjava-pro-za-ibc-cisterno","status":"publish","type":"product","link":"https:\/\/ibcparts.eu\/nl\/product\/uv-beschermhoes-pro-voor-ibc-tank\/","title":{"rendered":"Za\u0161\u010ditna ponjava PRO za IBC cisterno"},"content":{"rendered":"","protected":false},"excerpt":{"rendered":"<p>Za\u0161\u010ditna ponjava za 1000L IBC cisterno.<\/p>\n<ul>\n<li>Glavna funkcija:\u00a0\u200bPrepre\u010duje nabiranje alg v cisterni, ki je namenjena za zalivanje vrta.<\/li>\n<li>Podalj\u0161uje \u017eivljenjsko dobo cisterne, saj zaustavlja UV \u017earke, ki \u0161kodujejo va\u0161i cisterni (plastika brez UV za\u0161\u010dite s\u010dasoma razpoka, postane trda, preperi).<\/li>\n<li>Izdelana je iz materiala LDPE.<\/li>\n<li>Nizka prepustnost vlage omogo\u010da, da je tudi pri nizkih temperaturah material fleksibilen.<\/li>\n<li>Primernej\u0161a za notranje prostore &#8211; skladi\u0161\u010da. Ponjava je namenjena\u00a0za\u0161\u010diti cisterne pred svetlobo in UV \u017earki, kar pa ne pomeni, da je ponjava sama 100% UV odporna!<\/li>\n<li>Debelej\u0161i material.<\/li>\n<li>Pri\u010dakovana \u017eivljenjska doba je &gt;2 leti pri obi\u010dajni izpostavljenosti. Zunanji dejavniki lahko to dobo tudi skraj\u0161ajo.<\/li>\n<\/ul>\n<p><strong>Beschrijving:<\/strong><br \/>\nDol\u017eina: 1280 mm<br \/>\n\u0160irina: 1080 mm<br \/>\nVi\u0161ina: 1160 mm &#8211; do tal<br \/>\nTe\u017ea: 1300 g<br \/>\nMaterial: LDPE (UV odpornej\u0161i polietilen)*<br \/>\nDebelina materiala: 190\u00b5<br \/>\nBarva: \u010crna<br \/>\n<span style=\"font-size: medium;\">Odprtine: za zgornji pokrov in pri ventilu, tudi odrezi za vilice vili\u010darja.<\/span><\/p>","protected":false},"featured_media":12212,"template":"","meta":[],"product_brand":[],"product_cat":[182,262],"product_tag":[],"class_list":{"0":"post-12210","1":"product","2":"type-product","3":"status-publish","4":"has-post-thumbnail","6":"product_cat-ibc-cisterne-ventili-in-dodatki","7":"product_cat-zascitne-ponjave","9":"first","10":"instock","11":"shipping-taxable","12":"purchasable","13":"product-type-simple"},"yoast_head":"<!-- This site is optimized with the Yoast SEO plugin v27.1.1 - https:\/\/yoast.com\/product\/yoast-seo-wordpress\/ -->\n<title>Za\u0161\u010ditna ponjava PRO za IBC cisterno | IBCparts.eu<\/title>\n<meta name=\"description\" content=\"Profesionalna za\u0161\u010ditna ponjava IZ UV odporne folije za 1000L IBC cisterno. Prepre\u010duje nabiranje alg v cisterni, ki je namenjena za zalivanje vrta.\" \/>\n<meta name=\"robots\" content=\"index, follow, max-snippet:-1, max-image-preview:large, max-video-preview:-1\" \/>\n<link rel=\"canonical\" href=\"https:\/\/ibcparts.eu\/nl\/product\/uv-beschermhoes-pro-voor-ibc-tank\/\" \/>\n<meta property=\"og:locale\" content=\"nl_NL\" \/>\n<meta property=\"og:type\" content=\"article\" \/>\n<meta property=\"og:title\" content=\"Za\u0161\u010ditna ponjava PRO za IBC cisterno | IBCparts.eu\" \/>\n<meta property=\"og:description\" content=\"Profesionalna za\u0161\u010ditna ponjava IZ UV odporne folije za 1000L IBC cisterno. Prepre\u010duje nabiranje alg v cisterni, ki je namenjena za zalivanje vrta.\" \/>\n<meta property=\"og:url\" content=\"https:\/\/ibcparts.eu\/nl\/product\/uv-beschermhoes-pro-voor-ibc-tank\/\" \/>\n<meta property=\"og:site_name\" content=\"IBCparts.eu\" \/>\n<meta property=\"article:modified_time\" content=\"2026-01-06T09:45:44+00:00\" \/>\n<meta property=\"og:image\" content=\"https:\/\/ibcparts.eu\/wp-content\/uploads\/2022\/01\/uv-pro2_orig.jpg\" \/>\n\t<meta property=\"og:image:width\" content=\"354\" \/>\n\t<meta property=\"og:image:height\" content=\"354\" \/>\n\t<meta property=\"og:image:type\" content=\"image\/jpeg\" \/>\n<meta name=\"twitter:card\" content=\"summary_large_image\" \/>\n<script type=\"application\/ld+json\" class=\"yoast-schema-graph\">{\"@context\":\"https:\/\/schema.org\",\"@graph\":[{\"@type\":\"WebPage\",\"@id\":\"https:\/\/ibcparts.eu\/izdelek\/uv-zascitna-ponjava-pro-za-ibc-cisterno\/\",\"url\":\"https:\/\/ibcparts.eu\/izdelek\/uv-zascitna-ponjava-pro-za-ibc-cisterno\/\",\"name\":\"Za\u0161\u010ditna ponjava PRO za IBC cisterno | IBCparts.eu\",\"isPartOf\":{\"@id\":\"https:\/\/ibcparts.eu\/#website\"},\"primaryImageOfPage\":{\"@id\":\"https:\/\/ibcparts.eu\/izdelek\/uv-zascitna-ponjava-pro-za-ibc-cisterno\/#primaryimage\"},\"image\":{\"@id\":\"https:\/\/ibcparts.eu\/izdelek\/uv-zascitna-ponjava-pro-za-ibc-cisterno\/#primaryimage\"},\"thumbnailUrl\":\"https:\/\/ibcparts.eu\/wp-content\/uploads\/2022\/01\/uv-pro2_orig.jpg\",\"datePublished\":\"2022-01-14T14:43:34+00:00\",\"dateModified\":\"2026-01-06T09:45:44+00:00\",\"description\":\"Profesionalna za\u0161\u010ditna ponjava IZ UV odporne folije za 1000L IBC cisterno. Prepre\u010duje nabiranje alg v cisterni, ki je namenjena za zalivanje vrta.\",\"breadcrumb\":{\"@id\":\"https:\/\/ibcparts.eu\/izdelek\/uv-zascitna-ponjava-pro-za-ibc-cisterno\/#breadcrumb\"},\"inLanguage\":\"nl-NL\",\"potentialAction\":[{\"@type\":\"ReadAction\",\"target\":[\"https:\/\/ibcparts.eu\/izdelek\/uv-zascitna-ponjava-pro-za-ibc-cisterno\/\"]}]},{\"@type\":\"ImageObject\",\"inLanguage\":\"nl-NL\",\"@id\":\"https:\/\/ibcparts.eu\/izdelek\/uv-zascitna-ponjava-pro-za-ibc-cisterno\/#primaryimage\",\"url\":\"https:\/\/ibcparts.eu\/wp-content\/uploads\/2022\/01\/uv-pro2_orig.jpg\",\"contentUrl\":\"https:\/\/ibcparts.eu\/wp-content\/uploads\/2022\/01\/uv-pro2_orig.jpg\",\"width\":354,\"height\":354,\"caption\":\"uv-zascitna-ponjava-pro-za-ibc-cisterno\"},{\"@type\":\"BreadcrumbList\",\"@id\":\"https:\/\/ibcparts.eu\/izdelek\/uv-zascitna-ponjava-pro-za-ibc-cisterno\/#breadcrumb\",\"itemListElement\":[{\"@type\":\"ListItem\",\"position\":1,\"name\":\"Home\",\"item\":\"https:\/\/ibcparts.eu\/\"},{\"@type\":\"ListItem\",\"position\":2,\"name\":\"Nakupujte\",\"item\":\"https:\/\/ibcparts.eu\/nakupujte\/\"},{\"@type\":\"ListItem\",\"position\":3,\"name\":\"Za\u0161\u010ditna ponjava PRO za IBC cisterno\"}]},{\"@type\":\"WebSite\",\"@id\":\"https:\/\/ibcparts.eu\/#website\",\"url\":\"https:\/\/ibcparts.eu\/\",\"name\":\"IBCparts.eu\",\"description\":\"\",\"publisher\":{\"@id\":\"https:\/\/ibcparts.eu\/#organization\"},\"potentialAction\":[{\"@type\":\"SearchAction\",\"target\":{\"@type\":\"EntryPoint\",\"urlTemplate\":\"https:\/\/ibcparts.eu\/?s={search_term_string}\"},\"query-input\":{\"@type\":\"PropertyValueSpecification\",\"valueRequired\":true,\"valueName\":\"search_term_string\"}}],\"inLanguage\":\"nl-NL\"},{\"@type\":\"Organization\",\"@id\":\"https:\/\/ibcparts.eu\/#organization\",\"name\":\"IBCparts\",\"url\":\"https:\/\/ibcparts.eu\/\",\"logo\":{\"@type\":\"ImageObject\",\"inLanguage\":\"nl-NL\",\"@id\":\"https:\/\/ibcparts.eu\/#\/schema\/logo\/image\/\",\"url\":\"https:\/\/ibcparts.eu\/wp-content\/uploads\/2021\/10\/Footer-Logo.png\",\"contentUrl\":\"https:\/\/ibcparts.eu\/wp-content\/uploads\/2021\/10\/Footer-Logo.png\",\"width\":1992,\"height\":772,\"caption\":\"IBCparts\"},\"image\":{\"@id\":\"https:\/\/ibcparts.eu\/#\/schema\/logo\/image\/\"}}]}<\/script>\n<!-- \/ Yoast SEO plugin. -->","yoast_head_json":{"title":"Za\u0161\u010ditna ponjava PRO za IBC cisterno | IBCparts.eu","description":"Profesionalna za\u0161\u010ditna ponjava IZ UV odporne folije za 1000L IBC cisterno. Prepre\u010duje nabiranje alg v cisterni, ki je namenjena za zalivanje vrta.","robots":{"index":"index","follow":"follow","max-snippet":"max-snippet:-1","max-image-preview":"max-image-preview:large","max-video-preview":"max-video-preview:-1"},"canonical":"https:\/\/ibcparts.eu\/nl\/product\/uv-beschermhoes-pro-voor-ibc-tank\/","og_locale":"nl_NL","og_type":"article","og_title":"Za\u0161\u010ditna ponjava PRO za IBC cisterno | IBCparts.eu","og_description":"Profesionalna za\u0161\u010ditna ponjava IZ UV odporne folije za 1000L IBC cisterno. Prepre\u010duje nabiranje alg v cisterni, ki je namenjena za zalivanje vrta.","og_url":"https:\/\/ibcparts.eu\/nl\/product\/uv-beschermhoes-pro-voor-ibc-tank\/","og_site_name":"IBCparts.eu","article_modified_time":"2026-01-06T09:45:44+00:00","og_image":[{"width":354,"height":354,"url":"https:\/\/ibcparts.eu\/wp-content\/uploads\/2022\/01\/uv-pro2_orig.jpg","type":"image\/jpeg"}],"twitter_card":"summary_large_image","schema":{"@context":"https:\/\/schema.org","@graph":[{"@type":"WebPage","@id":"https:\/\/ibcparts.eu\/izdelek\/uv-zascitna-ponjava-pro-za-ibc-cisterno\/","url":"https:\/\/ibcparts.eu\/izdelek\/uv-zascitna-ponjava-pro-za-ibc-cisterno\/","name":"Za\u0161\u010ditna ponjava PRO za IBC cisterno | IBCparts.eu","isPartOf":{"@id":"https:\/\/ibcparts.eu\/#website"},"primaryImageOfPage":{"@id":"https:\/\/ibcparts.eu\/izdelek\/uv-zascitna-ponjava-pro-za-ibc-cisterno\/#primaryimage"},"image":{"@id":"https:\/\/ibcparts.eu\/izdelek\/uv-zascitna-ponjava-pro-za-ibc-cisterno\/#primaryimage"},"thumbnailUrl":"https:\/\/ibcparts.eu\/wp-content\/uploads\/2022\/01\/uv-pro2_orig.jpg","datePublished":"2022-01-14T14:43:34+00:00","dateModified":"2026-01-06T09:45:44+00:00","description":"Profesionalna za\u0161\u010ditna ponjava IZ UV odporne folije za 1000L IBC cisterno. Prepre\u010duje nabiranje alg v cisterni, ki je namenjena za zalivanje vrta.","breadcrumb":{"@id":"https:\/\/ibcparts.eu\/izdelek\/uv-zascitna-ponjava-pro-za-ibc-cisterno\/#breadcrumb"},"inLanguage":"nl-NL","potentialAction":[{"@type":"ReadAction","target":["https:\/\/ibcparts.eu\/izdelek\/uv-zascitna-ponjava-pro-za-ibc-cisterno\/"]}]},{"@type":"ImageObject","inLanguage":"nl-NL","@id":"https:\/\/ibcparts.eu\/izdelek\/uv-zascitna-ponjava-pro-za-ibc-cisterno\/#primaryimage","url":"https:\/\/ibcparts.eu\/wp-content\/uploads\/2022\/01\/uv-pro2_orig.jpg","contentUrl":"https:\/\/ibcparts.eu\/wp-content\/uploads\/2022\/01\/uv-pro2_orig.jpg","width":354,"height":354,"caption":"uv-zascitna-ponjava-pro-za-ibc-cisterno"},{"@type":"BreadcrumbList","@id":"https:\/\/ibcparts.eu\/izdelek\/uv-zascitna-ponjava-pro-za-ibc-cisterno\/#breadcrumb","itemListElement":[{"@type":"ListItem","position":1,"name":"Home","item":"https:\/\/ibcparts.eu\/"},{"@type":"ListItem","position":2,"name":"Nakupujte","item":"https:\/\/ibcparts.eu\/nakupujte\/"},{"@type":"ListItem","position":3,"name":"Za\u0161\u010ditna ponjava PRO za IBC cisterno"}]},{"@type":"WebSite","@id":"https:\/\/ibcparts.eu\/#website","url":"https:\/\/ibcparts.eu\/","name":"IBCparts.eu","description":"","publisher":{"@id":"https:\/\/ibcparts.eu\/#organization"},"potentialAction":[{"@type":"SearchAction","target":{"@type":"EntryPoint","urlTemplate":"https:\/\/ibcparts.eu\/?s={search_term_string}"},"query-input":{"@type":"PropertyValueSpecification","valueRequired":true,"valueName":"search_term_string"}}],"inLanguage":"nl-NL"},{"@type":"Organization","@id":"https:\/\/ibcparts.eu\/#organization","name":"IBCparts","url":"https:\/\/ibcparts.eu\/","logo":{"@type":"ImageObject","inLanguage":"nl-NL","@id":"https:\/\/ibcparts.eu\/#\/schema\/logo\/image\/","url":"https:\/\/ibcparts.eu\/wp-content\/uploads\/2021\/10\/Footer-Logo.png","contentUrl":"https:\/\/ibcparts.eu\/wp-content\/uploads\/2021\/10\/Footer-Logo.png","width":1992,"height":772,"caption":"IBCparts"},"image":{"@id":"https:\/\/ibcparts.eu\/#\/schema\/logo\/image\/"}}]}},"_links":{"self":[{"href":"https:\/\/ibcparts.eu\/nl\/wp-json\/wp\/v2\/product\/12210","targetHints":{"allow":["GET"]}}],"collection":[{"href":"https:\/\/ibcparts.eu\/nl\/wp-json\/wp\/v2\/product"}],"about":[{"href":"https:\/\/ibcparts.eu\/nl\/wp-json\/wp\/v2\/types\/product"}],"version-history":[{"count":2,"href":"https:\/\/ibcparts.eu\/nl\/wp-json\/wp\/v2\/product\/12210\/revisions"}],"predecessor-version":[{"id":19840,"href":"https:\/\/ibcparts.eu\/nl\/wp-json\/wp\/v2\/product\/12210\/revisions\/19840"}],"wp:featuredmedia":[{"embeddable":true,"href":"https:\/\/ibcparts.eu\/nl\/wp-json\/wp\/v2\/media\/12212"}],"wp:attachment":[{"href":"https:\/\/ibcparts.eu\/nl\/wp-json\/wp\/v2\/media?parent=12210"}],"wp:term":[{"taxonomy":"product_brand","embeddable":true,"href":"https:\/\/ibcparts.eu\/nl\/wp-json\/wp\/v2\/product_brand?post=12210"},{"taxonomy":"product_cat","embeddable":true,"href":"https:\/\/ibcparts.eu\/nl\/wp-json\/wp\/v2\/product_cat?post=12210"},{"taxonomy":"product_tag","embeddable":true,"href":"https:\/\/ibcparts.eu\/nl\/wp-json\/wp\/v2\/product_tag?post=12210"}],"curies":[{"name":"wp","href":"https:\/\/api.w.org\/{rel}","templated":true}]}}