{"id":8495,"date":"2021-12-16T12:28:12","date_gmt":"2021-12-16T11:28:12","guid":{"rendered":"https:\/\/ibcparts.eu\/?page_id=8495"},"modified":"2026-05-06T12:01:59","modified_gmt":"2026-05-06T11:01:59","slug":"placilo-odprema-in-dostava","status":"publish","type":"page","link":"https:\/\/ibcparts.eu\/nl\/betaling-verzending-en-levering\/","title":{"rendered":"Pla\u010dilo, odprema in dostava."},"content":{"rendered":"<div data-elementor-type=\"wp-page\" data-elementor-id=\"8495\" class=\"elementor elementor-8495\" data-elementor-post-type=\"page\">\n\t\t\t\t\t\t<section class=\"wd-negative-gap elementor-section elementor-top-section elementor-element elementor-element-6b572c06 elementor-section-boxed elementor-section-height-default elementor-section-height-default\" data-id=\"6b572c06\" data-element_type=\"section\" data-e-type=\"section\">\n\t\t\t\t\t\t<div class=\"elementor-container elementor-column-gap-default\">\n\t\t\t\t\t<div class=\"elementor-column elementor-col-100 elementor-top-column elementor-element elementor-element-227d11ca\" data-id=\"227d11ca\" data-element_type=\"column\" data-e-type=\"column\">\n\t\t\t<div class=\"elementor-widget-wrap elementor-element-populated\">\n\t\t\t\t\t\t<div class=\"elementor-element elementor-element-a694d8e elementor-position-left elementor-vertical-align-top elementor-widget elementor-widget-image-box\" data-id=\"a694d8e\" data-element_type=\"widget\" data-e-type=\"widget\" data-widget_type=\"image-box.default\">\n\t\t\t\t<div class=\"elementor-widget-container\">\n\t\t\t\t\t<div class=\"elementor-image-box-wrapper\"><figure class=\"elementor-image-box-img\"><img decoding=\"async\" width=\"34\" height=\"17\" src=\"https:\/\/ibcparts.eu\/wp-content\/uploads\/2022\/01\/to-do-even-mor2e.jpg\" class=\"attachment-thumbnail size-thumbnail wp-image-12554\" alt=\"to do even mor2e\" srcset=\"https:\/\/ibcparts.eu\/wp-content\/uploads\/2022\/01\/to-do-even-mor2e.jpg 34w, https:\/\/ibcparts.eu\/wp-content\/uploads\/2022\/01\/to-do-even-mor2e-18x9.jpg 18w\" sizes=\"(max-width: 34px) 100vw, 34px\" \/><\/figure><div class=\"elementor-image-box-content\"><h3 class=\"elementor-image-box-title\">SLOVENIJA<\/h3><p class=\"elementor-image-box-description\">Trudimo se, da pakete odpremimo \u010dimprej. Dobavni rok za vse pakete je lahko do 5 delovnih dni po pla\u010dilu sploh v \u010dasu visoke sezone (marec-avgust). <br>Trudimo se, da je dobavni rok \u010dim kraj\u0161i. Realno je tudi v tem obdobju 3 delovne dni.<br><br>GLS <b>4,99\u20ac.<\/b><br>Gratis contactloze afhaling op de magazijnlocatie is ook mogelijk na voorafgaande afspraak.\n<br><br>\nNARO\u010cILO IN PLA\u010cILO<br>\nIzdelke lahko naro\u010dite prek spletnega obrazca, e-maila ali telefona. \u010ce se ne oglasimo na telefon, vas pokli\u010demo nazaj.<br>Pla\u010dilo je mogo\u010de preko ban\u010dnega nakazila (po prejetju va\u0161ega naro\u010dila vam po\u0161ljemo (pred)ra\u010dun za pla\u010dilo) ali<br>pla\u010dilo po povzetju (z odkupnino), pla\u010date kurirju z gotovino ali kartico.<br><br>Na spletni strani IBCparts.eu velja minimalno naro\u010dilo 15\u20ac (brez upo\u0161tevanja po\u0161tnine). \u010ce je znesek naro\u010dila ni\u017eji od 15\u20ac, smo primorani zara\u010dunati manipulativne stro\u0161ke v vi\u0161ini 5\u20ac.\n\nVse cene so v \u20ac in ne vklju\u010dujejo DDV.\nNismo zavezanci za DDV.<span style=\"color: var(--wd-title-color);font-family: var(--wd-title-font);font-size: 22px;font-style: normal;font-weight: var(--wd-title-font-weight)\"><\/span><\/p><\/div><\/div>\t\t\t\t<\/div>\n\t\t\t\t<\/div>\n\t\t\t\t<div class=\"elementor-element elementor-element-01f9810 elementor-position-left elementor-vertical-align-top elementor-widget elementor-widget-image-box\" data-id=\"01f9810\" data-element_type=\"widget\" data-e-type=\"widget\" data-widget_type=\"image-box.default\">\n\t\t\t\t<div class=\"elementor-widget-container\">\n\t\t\t\t\t<div class=\"elementor-image-box-wrapper\"><figure class=\"elementor-image-box-img\"><img decoding=\"async\" width=\"150\" height=\"100\" src=\"https:\/\/ibcparts.eu\/wp-content\/uploads\/2022\/01\/to-do-even-more-150x100.jpg\" class=\"attachment-thumbnail size-thumbnail wp-image-12556\" alt=\"to do even more\" srcset=\"https:\/\/ibcparts.eu\/wp-content\/uploads\/2022\/01\/to-do-even-more-150x100.jpg 150w, https:\/\/ibcparts.eu\/wp-content\/uploads\/2022\/01\/to-do-even-more-18x12.jpg 18w, https:\/\/ibcparts.eu\/wp-content\/uploads\/2022\/01\/to-do-even-more.jpg 254w\" sizes=\"(max-width: 150px) 100vw, 150px\" \/><\/figure><div class=\"elementor-image-box-content\"><h3 class=\"elementor-image-box-title\">EU DR\u017dAVE<\/h3><p class=\"elementor-image-box-description\"><b>Kroati\u00eb:<\/b> GLS <b>6,99\u20ac; <\/b>predra\u010dun ali odkupnina (cash on delivery).<br><br><span style=\"font-style: normal;font-weight: 700;font-family: Lato, Arial, Helvetica, sans-serif;font-size: 14px\">Mad\u017earska, <\/span><span style=\"font-style: normal;font-weight: 700;font-family: Lato, Arial, Helvetica, sans-serif;font-size: 14px\">Poljska, \u010ce\u0161ka, Slova\u0161ka,<\/span><span style=\"font-style: normal;font-weight: 700;font-family: Lato, Arial, Helvetica, sans-serif;font-size: 14px\"> <\/span><span style=\"font-family: Lato, Arial, Helvetica, sans-serif;font-size: 14px;font-style: normal;font-weight: 400\">: 8,99\u20ac; <\/span><span style=\"font-family: Lato, Arial, Helvetica, sans-serif;font-size: 14px;font-style: normal;font-weight: 400\">predra\u010dun ali odkupnina (cash on delivery).<\/span><br><br><b>Oostenrijk, Duitsland, Luxemburg, Nederland, Belgi\u00eb<\/b><span style=\"font-style: normal;font-weight: 700;font-family: Lato, Arial, Helvetica, sans-serif;font-size: 14px\"> <\/span>: 9,99\u20ac; predra\u010dun.<br><br><b>Itali\u00eb, Denemarken<\/b>: <span style=\"font-family: Lato, Arial, Helvetica, sans-serif;font-size: 14px;font-style: normal;font-weight: 400\">19,90\u20ac.<\/span><br><br><b>Francija, Litva, <span style=\"font-family: Lato, Arial, Helvetica, sans-serif;font-size: 14px;font-style: normal\">Romunija, Bulgarija, \u0160panija, \u0160vedska, Estonija, Latvija, Finska, Srbija<\/span><\/b>: 25<span style=\"font-family: Lato, Arial, Helvetica, sans-serif;font-size: 14px;font-style: normal;font-weight: 400\">,90\u20ac<\/span><span style=\"font-family: Lato, Arial, Helvetica, sans-serif;font-size: 14px;font-style: normal;font-weight: 400\">; predra\u010dun.<\/span><br><br><b>Portugal, Zwitserland, Griekenland, Ierland, Turkije<\/b>: 29,90\u20ac<span style=\"font-family: Lato, Arial, Helvetica, sans-serif;font-size: 14px;font-style: normal;font-weight: 400\">; predra\u010dun.<\/span><br>\nVse cene so v \u20ac in brez DDV. Na\u0161e podjetje ni predmet DDV.<br><\/p><\/div><\/div>\t\t\t\t<\/div>\n\t\t\t\t<\/div>\n\t\t\t\t<div class=\"elementor-element elementor-element-3600264 elementor-position-left elementor-vertical-align-top elementor-widget elementor-widget-image-box\" data-id=\"3600264\" data-element_type=\"widget\" data-e-type=\"widget\" data-widget_type=\"image-box.default\">\n\t\t\t\t<div class=\"elementor-widget-container\">\n\t\t\t\t\t<div class=\"elementor-image-box-wrapper\"><figure class=\"elementor-image-box-img\"><img decoding=\"async\" width=\"150\" height=\"79\" src=\"https:\/\/ibcparts.eu\/wp-content\/uploads\/2023\/09\/usa-150x79.png\" class=\"attachment-thumbnail size-thumbnail wp-image-15752\" alt=\"\" srcset=\"https:\/\/ibcparts.eu\/wp-content\/uploads\/2023\/09\/usa-150x79.png 150w, https:\/\/ibcparts.eu\/wp-content\/uploads\/2023\/09\/usa-300x158.png 300w, https:\/\/ibcparts.eu\/wp-content\/uploads\/2023\/09\/usa-18x9.png 18w, https:\/\/ibcparts.eu\/wp-content\/uploads\/2023\/09\/usa.png 310w\" sizes=\"(max-width: 150px) 100vw, 150px\" \/><\/figure><div class=\"elementor-image-box-content\"><h3 class=\"elementor-image-box-title\">ZDRU\u017dENE DR\u017dAVE AMERIKE in KANADA <\/h3><p class=\"elementor-image-box-description\">Po\u0161tnina v Zdru\u017eene dr\u017eave Amerike in Kanado: 49,00\u20ac.<br><br>Bodite pozorni na to da je v ZDA in Kanadi standardni navoj pri fitingih in priklju\u010dkih NPT in ne BSP - ve\u010d o tem v zavihku IBC INFO.<\/p><\/div><\/div>\t\t\t\t<\/div>\n\t\t\t\t<\/div>\n\t\t\t\t\t<\/div>\n\t\t<\/div>\n\t\t\t\t\t<\/div>\n\t\t<\/section>\n\t\t\t\t<section class=\"wd-negative-gap elementor-section elementor-top-section elementor-element elementor-element-778163e elementor-section-boxed elementor-section-height-default elementor-section-height-default\" data-id=\"778163e\" data-element_type=\"section\" data-e-type=\"section\" data-settings=\"{&quot;background_background&quot;:&quot;classic&quot;}\">\n\t\t\t\t\t\t<div class=\"elementor-container elementor-column-gap-default\">\n\t\t\t\t\t<div class=\"elementor-column elementor-col-100 elementor-top-column elementor-element elementor-element-ac8481c\" data-id=\"ac8481c\" data-element_type=\"column\" data-e-type=\"column\">\n\t\t\t<div class=\"elementor-widget-wrap elementor-element-populated\">\n\t\t\t\t\t\t<div class=\"elementor-element elementor-element-4ec29bb elementor-position-top elementor-widget elementor-widget-image-box\" data-id=\"4ec29bb\" data-element_type=\"widget\" data-e-type=\"widget\" data-widget_type=\"image-box.default\">\n\t\t\t\t<div class=\"elementor-widget-container\">\n\t\t\t\t\t<div class=\"elementor-image-box-wrapper\"><figure class=\"elementor-image-box-img\"><img decoding=\"async\" width=\"86\" height=\"106\" src=\"https:\/\/ibcparts.eu\/wp-content\/uploads\/2017\/06\/anketa.png\" class=\"attachment-full size-full wp-image-12080\" alt=\"anketa\" srcset=\"https:\/\/ibcparts.eu\/wp-content\/uploads\/2017\/06\/anketa.png 86w, https:\/\/ibcparts.eu\/wp-content\/uploads\/2017\/06\/anketa-10x12.png 10w\" sizes=\"(max-width: 86px) 100vw, 86px\" \/><\/figure><div class=\"elementor-image-box-content\"><p class=\"elementor-image-box-description\">Rezultati na\u0161e ankete so pokazali, da ste s ponudbo in storitvijo izjemno zadovoljni!<br>Hvala!<\/p><\/div><\/div>\t\t\t\t<\/div>\n\t\t\t\t<\/div>\n\t\t\t\t\t<\/div>\n\t\t<\/div>\n\t\t\t\t\t<\/div>\n\t\t<\/section>\n\t\t\t\t<\/div>","protected":false},"excerpt":{"rendered":"<p>SLOVENIJA Trudimo se, da pakete odpremimo \u010dimprej. Dobavni rok za vse pakete je lahko do 5 delovnih dni po pla\u010dilu<\/p>","protected":false},"author":1,"featured_media":0,"parent":0,"menu_order":0,"comment_status":"closed","ping_status":"closed","template":"elementor_header_footer","meta":{"footnotes":""},"class_list":["post-8495","page","type-page","status-publish","hentry"],"yoast_head":"<!-- This site is optimized with the Yoast SEO plugin v27.1.1 - https:\/\/yoast.com\/product\/yoast-seo-wordpress\/ -->\n<title>Pla\u010dilo, odprema in dostava. | IBCparts.eu<\/title>\n<meta name=\"description\" content=\"Pakete odpremimo \u0161e isti ali naslednji delovni dan po pla\u010dilu (pred)ra\u010duna ali po dogovoru! EXPRESNO \u2013 \u010de nas pokli\u010dete\" \/>\n<meta name=\"robots\" content=\"index, follow, max-snippet:-1, max-image-preview:large, max-video-preview:-1\" \/>\n<link rel=\"canonical\" href=\"https:\/\/ibcparts.eu\/nl\/betaling-verzending-en-levering\/\" \/>\n<meta property=\"og:locale\" content=\"nl_NL\" \/>\n<meta property=\"og:type\" content=\"article\" \/>\n<meta property=\"og:title\" content=\"Pla\u010dilo, odprema in dostava. | IBCparts.eu\" \/>\n<meta property=\"og:description\" content=\"Pakete odpremimo \u0161e isti ali naslednji delovni dan po pla\u010dilu (pred)ra\u010duna ali po dogovoru! EXPRESNO \u2013 \u010de nas pokli\u010dete\" \/>\n<meta property=\"og:url\" content=\"https:\/\/ibcparts.eu\/nl\/betaling-verzending-en-levering\/\" \/>\n<meta property=\"og:site_name\" content=\"IBCparts.eu\" \/>\n<meta property=\"article:modified_time\" content=\"2026-05-06T11:01:59+00:00\" \/>\n<meta property=\"og:image\" content=\"https:\/\/ibcparts.eu\/wp-content\/uploads\/2022\/01\/to-do-even-mor2e.jpg\" \/>\n\t<meta property=\"og:image:width\" content=\"34\" \/>\n\t<meta property=\"og:image:height\" content=\"17\" \/>\n\t<meta property=\"og:image:type\" content=\"image\/jpeg\" \/>\n<meta name=\"twitter:card\" content=\"summary_large_image\" \/>\n<meta name=\"twitter:label1\" content=\"Geschatte leestijd\" \/>\n\t<meta name=\"twitter:data1\" content=\"2 minuten\" \/>\n<script type=\"application\/ld+json\" class=\"yoast-schema-graph\">{\"@context\":\"https:\/\/schema.org\",\"@graph\":[{\"@type\":\"WebPage\",\"@id\":\"https:\/\/ibcparts.eu\/placilo-odprema-in-dostava\/\",\"url\":\"https:\/\/ibcparts.eu\/placilo-odprema-in-dostava\/\",\"name\":\"Pla\u010dilo, odprema in dostava. | IBCparts.eu\",\"isPartOf\":{\"@id\":\"https:\/\/ibcparts.eu\/#website\"},\"primaryImageOfPage\":{\"@id\":\"https:\/\/ibcparts.eu\/placilo-odprema-in-dostava\/#primaryimage\"},\"image\":{\"@id\":\"https:\/\/ibcparts.eu\/placilo-odprema-in-dostava\/#primaryimage\"},\"thumbnailUrl\":\"https:\/\/ibcparts.eu\/wp-content\/uploads\/2022\/01\/to-do-even-mor2e.jpg\",\"datePublished\":\"2021-12-16T11:28:12+00:00\",\"dateModified\":\"2026-05-06T11:01:59+00:00\",\"description\":\"Pakete odpremimo \u0161e isti ali naslednji delovni dan po pla\u010dilu (pred)ra\u010duna ali po dogovoru! EXPRESNO \u2013 \u010de nas pokli\u010dete\",\"breadcrumb\":{\"@id\":\"https:\/\/ibcparts.eu\/placilo-odprema-in-dostava\/#breadcrumb\"},\"inLanguage\":\"nl-NL\",\"potentialAction\":[{\"@type\":\"ReadAction\",\"target\":[\"https:\/\/ibcparts.eu\/placilo-odprema-in-dostava\/\"]}]},{\"@type\":\"ImageObject\",\"inLanguage\":\"nl-NL\",\"@id\":\"https:\/\/ibcparts.eu\/placilo-odprema-in-dostava\/#primaryimage\",\"url\":\"https:\/\/ibcparts.eu\/wp-content\/uploads\/2022\/01\/to-do-even-mor2e.jpg\",\"contentUrl\":\"https:\/\/ibcparts.eu\/wp-content\/uploads\/2022\/01\/to-do-even-mor2e.jpg\"},{\"@type\":\"BreadcrumbList\",\"@id\":\"https:\/\/ibcparts.eu\/placilo-odprema-in-dostava\/#breadcrumb\",\"itemListElement\":[{\"@type\":\"ListItem\",\"position\":1,\"name\":\"Home\",\"item\":\"https:\/\/ibcparts.eu\/\"},{\"@type\":\"ListItem\",\"position\":2,\"name\":\"Pla\u010dilo, odprema in dostava.\"}]},{\"@type\":\"WebSite\",\"@id\":\"https:\/\/ibcparts.eu\/#website\",\"url\":\"https:\/\/ibcparts.eu\/\",\"name\":\"IBCparts.eu\",\"description\":\"\",\"publisher\":{\"@id\":\"https:\/\/ibcparts.eu\/#organization\"},\"potentialAction\":[{\"@type\":\"SearchAction\",\"target\":{\"@type\":\"EntryPoint\",\"urlTemplate\":\"https:\/\/ibcparts.eu\/?s={search_term_string}\"},\"query-input\":{\"@type\":\"PropertyValueSpecification\",\"valueRequired\":true,\"valueName\":\"search_term_string\"}}],\"inLanguage\":\"nl-NL\"},{\"@type\":\"Organization\",\"@id\":\"https:\/\/ibcparts.eu\/#organization\",\"name\":\"IBCparts\",\"url\":\"https:\/\/ibcparts.eu\/\",\"logo\":{\"@type\":\"ImageObject\",\"inLanguage\":\"nl-NL\",\"@id\":\"https:\/\/ibcparts.eu\/#\/schema\/logo\/image\/\",\"url\":\"https:\/\/ibcparts.eu\/wp-content\/uploads\/2021\/10\/Footer-Logo.png\",\"contentUrl\":\"https:\/\/ibcparts.eu\/wp-content\/uploads\/2021\/10\/Footer-Logo.png\",\"width\":1992,\"height\":772,\"caption\":\"IBCparts\"},\"image\":{\"@id\":\"https:\/\/ibcparts.eu\/#\/schema\/logo\/image\/\"}}]}<\/script>\n<!-- \/ Yoast SEO plugin. -->","yoast_head_json":{"title":"Pla\u010dilo, odprema in dostava. | IBCparts.eu","description":"Pakete odpremimo \u0161e isti ali naslednji delovni dan po pla\u010dilu (pred)ra\u010duna ali po dogovoru! EXPRESNO \u2013 \u010de nas pokli\u010dete","robots":{"index":"index","follow":"follow","max-snippet":"max-snippet:-1","max-image-preview":"max-image-preview:large","max-video-preview":"max-video-preview:-1"},"canonical":"https:\/\/ibcparts.eu\/nl\/betaling-verzending-en-levering\/","og_locale":"nl_NL","og_type":"article","og_title":"Pla\u010dilo, odprema in dostava. | IBCparts.eu","og_description":"Pakete odpremimo \u0161e isti ali naslednji delovni dan po pla\u010dilu (pred)ra\u010duna ali po dogovoru! EXPRESNO \u2013 \u010de nas pokli\u010dete","og_url":"https:\/\/ibcparts.eu\/nl\/betaling-verzending-en-levering\/","og_site_name":"IBCparts.eu","article_modified_time":"2026-05-06T11:01:59+00:00","og_image":[{"width":34,"height":17,"url":"https:\/\/ibcparts.eu\/wp-content\/uploads\/2022\/01\/to-do-even-mor2e.jpg","type":"image\/jpeg"}],"twitter_card":"summary_large_image","twitter_misc":{"Geschatte leestijd":"2 minuten"},"schema":{"@context":"https:\/\/schema.org","@graph":[{"@type":"WebPage","@id":"https:\/\/ibcparts.eu\/placilo-odprema-in-dostava\/","url":"https:\/\/ibcparts.eu\/placilo-odprema-in-dostava\/","name":"Pla\u010dilo, odprema in dostava. | IBCparts.eu","isPartOf":{"@id":"https:\/\/ibcparts.eu\/#website"},"primaryImageOfPage":{"@id":"https:\/\/ibcparts.eu\/placilo-odprema-in-dostava\/#primaryimage"},"image":{"@id":"https:\/\/ibcparts.eu\/placilo-odprema-in-dostava\/#primaryimage"},"thumbnailUrl":"https:\/\/ibcparts.eu\/wp-content\/uploads\/2022\/01\/to-do-even-mor2e.jpg","datePublished":"2021-12-16T11:28:12+00:00","dateModified":"2026-05-06T11:01:59+00:00","description":"Pakete odpremimo \u0161e isti ali naslednji delovni dan po pla\u010dilu (pred)ra\u010duna ali po dogovoru! EXPRESNO \u2013 \u010de nas pokli\u010dete","breadcrumb":{"@id":"https:\/\/ibcparts.eu\/placilo-odprema-in-dostava\/#breadcrumb"},"inLanguage":"nl-NL","potentialAction":[{"@type":"ReadAction","target":["https:\/\/ibcparts.eu\/placilo-odprema-in-dostava\/"]}]},{"@type":"ImageObject","inLanguage":"nl-NL","@id":"https:\/\/ibcparts.eu\/placilo-odprema-in-dostava\/#primaryimage","url":"https:\/\/ibcparts.eu\/wp-content\/uploads\/2022\/01\/to-do-even-mor2e.jpg","contentUrl":"https:\/\/ibcparts.eu\/wp-content\/uploads\/2022\/01\/to-do-even-mor2e.jpg"},{"@type":"BreadcrumbList","@id":"https:\/\/ibcparts.eu\/placilo-odprema-in-dostava\/#breadcrumb","itemListElement":[{"@type":"ListItem","position":1,"name":"Home","item":"https:\/\/ibcparts.eu\/"},{"@type":"ListItem","position":2,"name":"Pla\u010dilo, odprema in dostava."}]},{"@type":"WebSite","@id":"https:\/\/ibcparts.eu\/#website","url":"https:\/\/ibcparts.eu\/","name":"IBCparts.eu","description":"","publisher":{"@id":"https:\/\/ibcparts.eu\/#organization"},"potentialAction":[{"@type":"SearchAction","target":{"@type":"EntryPoint","urlTemplate":"https:\/\/ibcparts.eu\/?s={search_term_string}"},"query-input":{"@type":"PropertyValueSpecification","valueRequired":true,"valueName":"search_term_string"}}],"inLanguage":"nl-NL"},{"@type":"Organization","@id":"https:\/\/ibcparts.eu\/#organization","name":"IBCparts","url":"https:\/\/ibcparts.eu\/","logo":{"@type":"ImageObject","inLanguage":"nl-NL","@id":"https:\/\/ibcparts.eu\/#\/schema\/logo\/image\/","url":"https:\/\/ibcparts.eu\/wp-content\/uploads\/2021\/10\/Footer-Logo.png","contentUrl":"https:\/\/ibcparts.eu\/wp-content\/uploads\/2021\/10\/Footer-Logo.png","width":1992,"height":772,"caption":"IBCparts"},"image":{"@id":"https:\/\/ibcparts.eu\/#\/schema\/logo\/image\/"}}]}},"_links":{"self":[{"href":"https:\/\/ibcparts.eu\/nl\/wp-json\/wp\/v2\/pages\/8495","targetHints":{"allow":["GET"]}}],"collection":[{"href":"https:\/\/ibcparts.eu\/nl\/wp-json\/wp\/v2\/pages"}],"about":[{"href":"https:\/\/ibcparts.eu\/nl\/wp-json\/wp\/v2\/types\/page"}],"author":[{"embeddable":true,"href":"https:\/\/ibcparts.eu\/nl\/wp-json\/wp\/v2\/users\/1"}],"replies":[{"embeddable":true,"href":"https:\/\/ibcparts.eu\/nl\/wp-json\/wp\/v2\/comments?post=8495"}],"version-history":[{"count":3,"href":"https:\/\/ibcparts.eu\/nl\/wp-json\/wp\/v2\/pages\/8495\/revisions"}],"predecessor-version":[{"id":21092,"href":"https:\/\/ibcparts.eu\/nl\/wp-json\/wp\/v2\/pages\/8495\/revisions\/21092"}],"wp:attachment":[{"href":"https:\/\/ibcparts.eu\/nl\/wp-json\/wp\/v2\/media?parent=8495"}],"curies":[{"name":"wp","href":"https:\/\/api.w.org\/{rel}","templated":true}]}}