{"id":8100,"date":"2021-12-10T07:19:12","date_gmt":"2021-12-10T06:19:12","guid":{"rendered":"https:\/\/ibcparts.eu\/?post_type=product&#038;p=8100"},"modified":"2026-03-03T08:29:28","modified_gmt":"2026-03-03T07:29:28","slug":"komplet-eco-3-4-gf","status":"publish","type":"product","link":"https:\/\/ibcparts.eu\/it\/prodotto\/komplet-eco-3-4-gf\/","title":{"rendered":"Komplet ECO\u00a03\/4&#8221; GF  \u2013 priklju\u010dna pipa za IBC cisterno"},"content":{"rendered":"","protected":false},"excerpt":{"rendered":"<h2>Cenovno ugoden komplet za IBC cisterno s 3\/4&#8243; kovinsko GardenFlow pipo.\u200b<\/h2>\n<p>Completo\u00a0<b>\u00e8<\/b>\u00a0<strong>gi\u00e0 redatto<\/strong>\u00a0e si adatta ai serbatoi IBC con valvola con diametro della filettatura esterna\u00a0<strong>55 - 62 mm<\/strong>\u00a0e la spaziatura dei fili:\u00a0<strong>~6 mm<\/strong>\u00a0(filo grosso).<br \/>\nS60x6 (2,36\u2033)\/ DN50 - \u00c8 la filettatura classica e pi\u00f9 comune sui serbatoi.<\/p>\n<p><strong>3\/4\u2033<\/strong>\u00a0un rubinetto \u00e8 la scelta abituale quando si usa\u00a0<strong>\"Gardena\" Raccordo per tubo da giardino<\/strong>\u00a0(diametro interno:\u00a0<strong>9 mm<\/strong>.) e occasionalmente direttamente nell'annaffiatoio. Diametro interno del rubinetto da 3\/4\u2033:\u00a0<strong>10 mm<\/strong>.<\/p>\n<p>Tutti i rubinetti hanno una bocca di erogazione\u00a0<strong>rete di plastica<\/strong>\u00a0per formare l'uscita. Se nel serbatoio sono presenti impurit\u00e0, queste possono rimanere intrappolate in questa maglia e il flusso non \u00e8 pi\u00f9 massimizzato. Questa maglia\u00a0<strong>possono essere facilmente rimossi.<\/strong><\/p>\n<p><b>Gratis EPDM - <\/b>guarnizione in gomma.<\/p>\n<p>\u00c8 inoltre possibile avvitare il connettore del tubo da giardino \"gardena\" sul kit. Potete trovarlo <strong><a href=\"https:\/\/ibcparts.eu\/izdelek\/medeninast-gardena-nastavek\/\">qui<\/a>\u00a0<\/strong>(il raccordo filettato da 1\u2033 \u00e8 adatto a questo rubinetto).<\/p>\n<p>Se il vostro serbatoio \u00e8 dotato di una valvola diversa, \u00e8 possibile\u00a0<a href=\"https:\/\/ibcparts.eu\/ibc-info\/\">qui<\/a>\u00a0verificare il tipo di valvola, quindi selezionare l'adattatore appropriato. Se non siete ancora sicuri, contattateci.<\/p>\n<p>Na\u0161i artikli so <strong>mehansko mo\u010dnej\u0161i, stabilnej\u0161i in brez neznanih materialnih me\u0161anic<\/strong>, ki so pogoste pri nizkokakovostnih izdelkih.<br \/>\nTo pomeni\u00a0<strong>dalj\u0161o \u017eivljenjsko dobo, zanesljivej\u0161e delovanje in ve\u010djo varnost pri uporabi<\/strong>.<\/p>\n<p><a href=\"https:\/\/ibcparts.eu\/ibc-adapter-s-pipo-ali-ventilom-kako-izbrati-pravi-komplet-za-vaso-cisterno\/\">\ud83d\udc49 Kako izbrati pravi komplet s pipo za va\u0161o IBC cisterno<\/a><\/p>","protected":false},"featured_media":16002,"template":"","meta":[],"product_brand":[],"product_cat":[172],"product_tag":[],"class_list":{"0":"post-8100","1":"product","2":"type-product","3":"status-publish","4":"has-post-thumbnail","6":"product_cat-kompleti-eco","8":"first","9":"instock","10":"shipping-taxable","11":"purchasable","12":"product-type-simple"},"yoast_head":"<!-- This site is optimized with the Yoast SEO plugin v27.1.1 - https:\/\/yoast.com\/product\/yoast-seo-wordpress\/ -->\n<title>Komplet ECO\u00a03\/4&#039;&#039; GF \u2013 priklju\u010dna pipa za IBC cisterno | IBCparts.eu<\/title>\n<meta name=\"description\" content=\"Komplet za IBC cisterno s 3\/4\u2033 kovinsko GardenFlow pipo. \u017de sestavljen, z EPDM tesnilom, primeren za S60\u00d76 (DN50) navoj in Gardena priklop.\" \/>\n<meta name=\"robots\" content=\"index, follow, max-snippet:-1, max-image-preview:large, max-video-preview:-1\" \/>\n<link rel=\"canonical\" href=\"https:\/\/ibcparts.eu\/it\/prodotto\/komplet-eco-3-4-gf\/\" \/>\n<meta property=\"og:locale\" content=\"it_IT\" \/>\n<meta property=\"og:type\" content=\"article\" \/>\n<meta property=\"og:title\" content=\"Komplet ECO\u00a03\/4&#039;&#039; GF \u2013 priklju\u010dna pipa za IBC cisterno | IBCparts.eu\" \/>\n<meta property=\"og:description\" content=\"Komplet za IBC cisterno s 3\/4\u2033 kovinsko GardenFlow pipo. \u017de sestavljen, z EPDM tesnilom, primeren za S60\u00d76 (DN50) navoj in Gardena priklop.\" \/>\n<meta property=\"og:url\" content=\"https:\/\/ibcparts.eu\/it\/prodotto\/komplet-eco-3-4-gf\/\" \/>\n<meta property=\"og:site_name\" content=\"IBCparts.eu\" \/>\n<meta property=\"article:modified_time\" content=\"2026-03-03T07:29:28+00:00\" \/>\n<meta property=\"og:image\" content=\"https:\/\/ibcparts.eu\/wp-content\/uploads\/2021\/12\/kompleti-eco-za-ibc-cisterno-34-GF.jpg\" \/>\n\t<meta property=\"og:image:width\" content=\"812\" \/>\n\t<meta property=\"og:image:height\" content=\"812\" \/>\n\t<meta property=\"og:image:type\" content=\"image\/jpeg\" \/>\n<meta name=\"twitter:card\" content=\"summary_large_image\" \/>\n<script type=\"application\/ld+json\" class=\"yoast-schema-graph\">{\"@context\":\"https:\/\/schema.org\",\"@graph\":[{\"@type\":\"WebPage\",\"@id\":\"https:\/\/ibcparts.eu\/izdelek\/komplet-eco-3-4-gf\/\",\"url\":\"https:\/\/ibcparts.eu\/izdelek\/komplet-eco-3-4-gf\/\",\"name\":\"Komplet ECO\u00a03\/4'' GF \u2013 priklju\u010dna pipa za IBC cisterno | IBCparts.eu\",\"isPartOf\":{\"@id\":\"https:\/\/ibcparts.eu\/#website\"},\"primaryImageOfPage\":{\"@id\":\"https:\/\/ibcparts.eu\/izdelek\/komplet-eco-3-4-gf\/#primaryimage\"},\"image\":{\"@id\":\"https:\/\/ibcparts.eu\/izdelek\/komplet-eco-3-4-gf\/#primaryimage\"},\"thumbnailUrl\":\"https:\/\/ibcparts.eu\/wp-content\/uploads\/2021\/12\/kompleti-eco-za-ibc-cisterno-34-GF.jpg\",\"datePublished\":\"2021-12-10T06:19:12+00:00\",\"dateModified\":\"2026-03-03T07:29:28+00:00\",\"description\":\"Komplet za IBC cisterno s 3\/4\u2033 kovinsko GardenFlow pipo. \u017de sestavljen, z EPDM tesnilom, primeren za S60\u00d76 (DN50) navoj in Gardena priklop.\",\"breadcrumb\":{\"@id\":\"https:\/\/ibcparts.eu\/izdelek\/komplet-eco-3-4-gf\/#breadcrumb\"},\"inLanguage\":\"it-IT\",\"potentialAction\":[{\"@type\":\"ReadAction\",\"target\":[\"https:\/\/ibcparts.eu\/izdelek\/komplet-eco-3-4-gf\/\"]}]},{\"@type\":\"ImageObject\",\"inLanguage\":\"it-IT\",\"@id\":\"https:\/\/ibcparts.eu\/izdelek\/komplet-eco-3-4-gf\/#primaryimage\",\"url\":\"https:\/\/ibcparts.eu\/wp-content\/uploads\/2021\/12\/kompleti-eco-za-ibc-cisterno-34-GF.jpg\",\"contentUrl\":\"https:\/\/ibcparts.eu\/wp-content\/uploads\/2021\/12\/kompleti-eco-za-ibc-cisterno-34-GF.jpg\",\"width\":812,\"height\":812},{\"@type\":\"BreadcrumbList\",\"@id\":\"https:\/\/ibcparts.eu\/izdelek\/komplet-eco-3-4-gf\/#breadcrumb\",\"itemListElement\":[{\"@type\":\"ListItem\",\"position\":1,\"name\":\"Home\",\"item\":\"https:\/\/ibcparts.eu\/\"},{\"@type\":\"ListItem\",\"position\":2,\"name\":\"Nakupujte\",\"item\":\"https:\/\/ibcparts.eu\/nakupujte\/\"},{\"@type\":\"ListItem\",\"position\":3,\"name\":\"Komplet ECO\u00a03\/4&#8221; GF \u2013 priklju\u010dna pipa za IBC cisterno\"}]},{\"@type\":\"WebSite\",\"@id\":\"https:\/\/ibcparts.eu\/#website\",\"url\":\"https:\/\/ibcparts.eu\/\",\"name\":\"IBCparts.eu\",\"description\":\"\",\"publisher\":{\"@id\":\"https:\/\/ibcparts.eu\/#organization\"},\"potentialAction\":[{\"@type\":\"SearchAction\",\"target\":{\"@type\":\"EntryPoint\",\"urlTemplate\":\"https:\/\/ibcparts.eu\/?s={search_term_string}\"},\"query-input\":{\"@type\":\"PropertyValueSpecification\",\"valueRequired\":true,\"valueName\":\"search_term_string\"}}],\"inLanguage\":\"it-IT\"},{\"@type\":\"Organization\",\"@id\":\"https:\/\/ibcparts.eu\/#organization\",\"name\":\"IBCparts\",\"url\":\"https:\/\/ibcparts.eu\/\",\"logo\":{\"@type\":\"ImageObject\",\"inLanguage\":\"it-IT\",\"@id\":\"https:\/\/ibcparts.eu\/#\/schema\/logo\/image\/\",\"url\":\"https:\/\/ibcparts.eu\/wp-content\/uploads\/2021\/10\/Footer-Logo.png\",\"contentUrl\":\"https:\/\/ibcparts.eu\/wp-content\/uploads\/2021\/10\/Footer-Logo.png\",\"width\":1992,\"height\":772,\"caption\":\"IBCparts\"},\"image\":{\"@id\":\"https:\/\/ibcparts.eu\/#\/schema\/logo\/image\/\"}}]}<\/script>\n<!-- \/ Yoast SEO plugin. -->","yoast_head_json":{"title":"Komplet ECO\u00a03\/4'' GF \u2013 priklju\u010dna pipa za IBC cisterno | IBCparts.eu","description":"Komplet za IBC cisterno s 3\/4\u2033 kovinsko GardenFlow pipo. \u017de sestavljen, z EPDM tesnilom, primeren za S60\u00d76 (DN50) navoj in Gardena priklop.","robots":{"index":"index","follow":"follow","max-snippet":"max-snippet:-1","max-image-preview":"max-image-preview:large","max-video-preview":"max-video-preview:-1"},"canonical":"https:\/\/ibcparts.eu\/it\/prodotto\/komplet-eco-3-4-gf\/","og_locale":"it_IT","og_type":"article","og_title":"Komplet ECO\u00a03\/4'' GF \u2013 priklju\u010dna pipa za IBC cisterno | IBCparts.eu","og_description":"Komplet za IBC cisterno s 3\/4\u2033 kovinsko GardenFlow pipo. \u017de sestavljen, z EPDM tesnilom, primeren za S60\u00d76 (DN50) navoj in Gardena priklop.","og_url":"https:\/\/ibcparts.eu\/it\/prodotto\/komplet-eco-3-4-gf\/","og_site_name":"IBCparts.eu","article_modified_time":"2026-03-03T07:29:28+00:00","og_image":[{"width":812,"height":812,"url":"https:\/\/ibcparts.eu\/wp-content\/uploads\/2021\/12\/kompleti-eco-za-ibc-cisterno-34-GF.jpg","type":"image\/jpeg"}],"twitter_card":"summary_large_image","schema":{"@context":"https:\/\/schema.org","@graph":[{"@type":"WebPage","@id":"https:\/\/ibcparts.eu\/izdelek\/komplet-eco-3-4-gf\/","url":"https:\/\/ibcparts.eu\/izdelek\/komplet-eco-3-4-gf\/","name":"Komplet ECO\u00a03\/4'' GF \u2013 priklju\u010dna pipa za IBC cisterno | IBCparts.eu","isPartOf":{"@id":"https:\/\/ibcparts.eu\/#website"},"primaryImageOfPage":{"@id":"https:\/\/ibcparts.eu\/izdelek\/komplet-eco-3-4-gf\/#primaryimage"},"image":{"@id":"https:\/\/ibcparts.eu\/izdelek\/komplet-eco-3-4-gf\/#primaryimage"},"thumbnailUrl":"https:\/\/ibcparts.eu\/wp-content\/uploads\/2021\/12\/kompleti-eco-za-ibc-cisterno-34-GF.jpg","datePublished":"2021-12-10T06:19:12+00:00","dateModified":"2026-03-03T07:29:28+00:00","description":"Komplet za IBC cisterno s 3\/4\u2033 kovinsko GardenFlow pipo. \u017de sestavljen, z EPDM tesnilom, primeren za S60\u00d76 (DN50) navoj in Gardena priklop.","breadcrumb":{"@id":"https:\/\/ibcparts.eu\/izdelek\/komplet-eco-3-4-gf\/#breadcrumb"},"inLanguage":"it-IT","potentialAction":[{"@type":"ReadAction","target":["https:\/\/ibcparts.eu\/izdelek\/komplet-eco-3-4-gf\/"]}]},{"@type":"ImageObject","inLanguage":"it-IT","@id":"https:\/\/ibcparts.eu\/izdelek\/komplet-eco-3-4-gf\/#primaryimage","url":"https:\/\/ibcparts.eu\/wp-content\/uploads\/2021\/12\/kompleti-eco-za-ibc-cisterno-34-GF.jpg","contentUrl":"https:\/\/ibcparts.eu\/wp-content\/uploads\/2021\/12\/kompleti-eco-za-ibc-cisterno-34-GF.jpg","width":812,"height":812},{"@type":"BreadcrumbList","@id":"https:\/\/ibcparts.eu\/izdelek\/komplet-eco-3-4-gf\/#breadcrumb","itemListElement":[{"@type":"ListItem","position":1,"name":"Home","item":"https:\/\/ibcparts.eu\/"},{"@type":"ListItem","position":2,"name":"Nakupujte","item":"https:\/\/ibcparts.eu\/nakupujte\/"},{"@type":"ListItem","position":3,"name":"Komplet ECO\u00a03\/4&#8221; GF \u2013 priklju\u010dna pipa za IBC cisterno"}]},{"@type":"WebSite","@id":"https:\/\/ibcparts.eu\/#website","url":"https:\/\/ibcparts.eu\/","name":"IBCparts.eu","description":"","publisher":{"@id":"https:\/\/ibcparts.eu\/#organization"},"potentialAction":[{"@type":"SearchAction","target":{"@type":"EntryPoint","urlTemplate":"https:\/\/ibcparts.eu\/?s={search_term_string}"},"query-input":{"@type":"PropertyValueSpecification","valueRequired":true,"valueName":"search_term_string"}}],"inLanguage":"it-IT"},{"@type":"Organization","@id":"https:\/\/ibcparts.eu\/#organization","name":"IBCparts","url":"https:\/\/ibcparts.eu\/","logo":{"@type":"ImageObject","inLanguage":"it-IT","@id":"https:\/\/ibcparts.eu\/#\/schema\/logo\/image\/","url":"https:\/\/ibcparts.eu\/wp-content\/uploads\/2021\/10\/Footer-Logo.png","contentUrl":"https:\/\/ibcparts.eu\/wp-content\/uploads\/2021\/10\/Footer-Logo.png","width":1992,"height":772,"caption":"IBCparts"},"image":{"@id":"https:\/\/ibcparts.eu\/#\/schema\/logo\/image\/"}}]}},"_links":{"self":[{"href":"https:\/\/ibcparts.eu\/it\/wp-json\/wp\/v2\/product\/8100","targetHints":{"allow":["GET"]}}],"collection":[{"href":"https:\/\/ibcparts.eu\/it\/wp-json\/wp\/v2\/product"}],"about":[{"href":"https:\/\/ibcparts.eu\/it\/wp-json\/wp\/v2\/types\/product"}],"version-history":[{"count":5,"href":"https:\/\/ibcparts.eu\/it\/wp-json\/wp\/v2\/product\/8100\/revisions"}],"predecessor-version":[{"id":20701,"href":"https:\/\/ibcparts.eu\/it\/wp-json\/wp\/v2\/product\/8100\/revisions\/20701"}],"wp:featuredmedia":[{"embeddable":true,"href":"https:\/\/ibcparts.eu\/it\/wp-json\/wp\/v2\/media\/16002"}],"wp:attachment":[{"href":"https:\/\/ibcparts.eu\/it\/wp-json\/wp\/v2\/media?parent=8100"}],"wp:term":[{"taxonomy":"product_brand","embeddable":true,"href":"https:\/\/ibcparts.eu\/it\/wp-json\/wp\/v2\/product_brand?post=8100"},{"taxonomy":"product_cat","embeddable":true,"href":"https:\/\/ibcparts.eu\/it\/wp-json\/wp\/v2\/product_cat?post=8100"},{"taxonomy":"product_tag","embeddable":true,"href":"https:\/\/ibcparts.eu\/it\/wp-json\/wp\/v2\/product_tag?post=8100"}],"curies":[{"name":"wp","href":"https:\/\/api.w.org\/{rel}","templated":true}]}}