{"id":7882,"date":"2021-11-14T19:02:17","date_gmt":"2021-11-14T18:02:17","guid":{"rendered":"https:\/\/ibcparts.eu\/?post_type=product&#038;p=7882"},"modified":"2026-03-12T15:42:19","modified_gmt":"2026-03-12T14:42:19","slug":"ibc-cisterna-1000l-za-vodo-koleno-gratis","status":"publish","type":"product","link":"https:\/\/ibcparts.eu\/it\/prodotto\/ibc-cisterna-1000l-za-vodo-koleno-gratis\/","title":{"rendered":"IBC cisterna 1000 L Schutz \u2013 rabljena, prehranska industrija"},"content":{"rendered":"<p><strong>Attenzione.<\/strong><br \/>\nQuando si acquistano serbatoi di seconda mano da annunci pubblicitari, assicurarsi che il serbatoio sia pulito e non sia stato utilizzato per il trasporto di sostanze chimiche.<\/p>\n<p>Se la cisterna non \u00e8 pulita, non \u00e8 adatta per innaffiare il giardino.<\/p>\n<p>Na\u0161e cisterne so trenutno iz podjetja, kjer proizvajajo pija\u010do. V njih so bile razli\u010dne surovine za izdelavo teh pija\u010d. To\u010dno katera surovina je bila v kateri cisterni ni znano, pomembno je to, da je bila ta surovina \u017eivilo.<br \/>\nSo o\u010di\u0161\u010dene in pripravljene za uporabo. Ne \u0161koduje, \u010de jih pred uporabo \u0161e enkrat operete z vodo.<\/p>\n<p><strong>Domande ripetute:<\/strong><\/p>\n<p>Perch\u00e9 non li avete sempre in magazzino?<br \/>\nNa\u0161a glavna dejavnost so dodatki za IBC cisterne. Ob\u010dasno pa imamo mo\u017enost na\u0161im strankam ponuditi odli\u010dne rabljene (obnovljene) ob\u010dasno tudi FOODGRADE cisterne. Lahko se zgodi, da ve\u010d kot pol leta ni nove zaloge.<\/p>\n<p><strong>I serbatoi usati hanno un certificato?<\/strong><br \/>\nNobene rabljene cisterne nimajo certifikata o ponovni ustreznosti, ker niti ni in\u0161titucije, ki bi to preverjala oz. certifikat izdajala.\u00a0Na\u0161e FOODGRADE cisterne pa imajo sledljivost, ki jo ima le redkokatera rabljena cisterna.<\/p>\n<p><strong>Perch\u00e9 le aziende vendono i serbatoi usati invece di restituirli se sono ancora utilizzabili?<\/strong><br \/>\nNelle citt\u00e0 pi\u00f9 grandi, questo funziona. Schutz dispone, ad esempio, della linea Recobulk (il telaio viene riparato, se necessario, e il pallone cisterna viene sostituito con uno nuovo). I costi di trasporto e altri fattori limitano questa opzione. Il pi\u00f9 delle volte il valore del serbatoio \u00e8 incluso nel prezzo della materia prima.<\/p>\n<p><strong>I vostri serbatoi usati hanno un odore?<\/strong><br \/>\nNon nelle custodie 90% - o in plastica HDPE, come nuove.<br \/>\nNei casi 10%, ad esempio dopo un dolce (fruttosio), ecc.<\/p>\n<p><strong>I vostri serbatoi usati sono adatti anche per l'acqua potabile?<\/strong><br \/>\nLa risposta breve \u00e8 no. Perch\u00e9? L'acqua stagnante \u00e8 un problema anche nelle vasche nuove. In assenza di conservanti aggiunti, sterilizzazione a raggi UV, ecc. vi crescono microrganismi che possono essere dannosi per la salute se\/quando sono troppi. Per l'acqua potabile, si consiglia di utilizzare nuovi serbatoi (non necessariamente di tipo alimentare, anche i normali serbatoi nuovi sono in HDPE pulito e non riciclato, adatto a questo scopo) e di procedere a un'adeguata purificazione o conservazione, ecc.\u00a0<u>No\u00a0<\/u>ukvarjamo. Na\u0161e cisterne so uporabljene izrecno za prehransko industrijo, oprane pa so z vro\u010do vodo pod pritiskom.<\/p>\n<p><strong>L'acqua viene pulita in un serbatoio nero?<\/strong><br \/>\nNon lo sappiamo perch\u00e9 non riusciamo a vedere la sporcizia che c'\u00e8 dentro a causa delle pareti nere. A parte gli scherzi, i microrganismi e le alghe sono sicuramente meno proliferati. Inoltre, la plastica di queste vasche \u00e8 pi\u00f9 resistente ai raggi UV. Tuttavia, l'acqua nella vasca si riscalda di pi\u00f9 e anche se la vasca fosse ben pulita, non ce ne accorgeremmo perch\u00e9 non \u00e8 proprio visibile. Preferiamo una vasca normale (bianca) e\u00a0<a href=\"https:\/\/ibcparts.eu\/izdelek\/zascitna-ponjava-tarp-za-ibc-cisterno\/\">un telone di protezione<\/a>. In questo modo l'acqua rimane pi\u00f9 fresca anche se il telo \u00e8 nero, poich\u00e9 l'aria funge da isolante. Di solito abbiamo anche serbatoi neri in magazzino.<\/p>\n<p><strong>Qual \u00e8 la durata di un serbatoio?<\/strong><br \/>\nPu\u00f2 durare 3 anni, pu\u00f2 durare 30 anni. Dipende dalla qualit\u00e0 della vasca, dai fattori esterni (sole, freddo), da quanto \u00e8 curata e, non da ultimo, dalla fortuna. I problemi di solito iniziano prima di tutto con le valvole, mentre non ci sono grossi problemi con il pallone. Le valvole dei serbatoi IBC non sono progettate per essere aperte e chiuse costantemente, quindi vi consigliamo di utilizzare dei kit\u00a0<a href=\"https:\/\/ibcparts.eu\/kompleti-pipareducir\/\">Pipa+riduttore<\/a>, che potete trovare nella nostra offerta.<\/p>\n<p><strong>\u00c8 necessario scaricare l'acqua dalla cisterna in inverno?<\/strong><br \/>\nS\u00ec, \u00e8 meglio cos\u00ec. E lasciate la valvola (e il rubinetto) aperti.<br \/>\nSe lasciate l'acqua nel serbatoio durante l'inverno, assicuratevi che non sia completamente pieno. Isolare la valvola e il rubinetto (coprire con un panno caldo).<\/p>\n<p><strong>La struttura metallica \u00e8 inossidabile?<\/strong><br \/>\nDa, je namre\u010d galvanizirano &#8211; hladno cinkano. Prav tako paleta, \u010de je kovinska. \u010ce se po\u0161koduje, lahko za\u010dne rjaveti.<\/p>","protected":false},"excerpt":{"rendered":"<p><span style=\"font-size: large;\"><strong>Informazioni sul prodotto:<\/strong><br \/>\n\u200bIBC cisterna, enkrat rabljena za transport sestavine za pija\u010do.<br \/>\nTovarni\u0161ko oprana in kot nova.<\/span><\/p>\n<p><strong>I vantaggi della nostra autocisterna<\/strong>:<br \/>\n-Zelo kvaliteten proizvajalec Schutz.<br \/>\n-a\u00a0<strong>plastica o metallo\u00a0<\/strong>paleti,<br \/>\n-standardni ventil S60 &#8211; za ta navoj obstaja ogromno priklju\u010dkov,<br \/>\n-ventil je lepljen ali privija\u010den na cisterno.<br \/>\n-Coperchio standard da 165 mm - di solito liscio, ma pu\u00f2 anche essere ventilato (se questo \u00e8 importante per voi, fatecelo sapere al momento dell'ordine).<br \/>\n&#8211;<strong>starost do ~4 mesece<\/strong> &#8211; prakti\u010dno nove cisterne &#8211; zelo pomembno, ker je plastika prakti\u010dno nova.<\/p>\n<p><strong>Dimensioni:<\/strong><br \/>\nLunghezza x larghezza x altezza = 120 x 100 x 117 cm.<\/p>\n<p><strong>SAMO OSEBNI PREVZEM\u00a0 &#8211; NE PO\u0160ILJAMO PO PO\u0160TI<\/strong><\/p>","protected":false},"featured_media":17317,"template":"","meta":[],"product_brand":[],"product_cat":[308,182],"product_tag":[351,341,352,340],"class_list":{"0":"post-7882","1":"product","2":"type-product","3":"status-publish","4":"has-post-thumbnail","6":"product_cat-cisterne","7":"product_cat-ibc-cisterne-ventili-in-dodatki","8":"product_tag-ibc-cisterna","9":"product_tag-kot-nova","10":"product_tag-na-kovinski-ali-plasticni-paleti","11":"product_tag-rabljena-ibc-cisterna","12":"product_shipping_class-no-shipping-pick-up-only","14":"first","15":"instock","16":"shipping-taxable","17":"purchasable","18":"product-type-variable"},"yoast_head":"<!-- This site is optimized with the Yoast SEO plugin v27.1.1 - https:\/\/yoast.com\/product\/yoast-seo-wordpress\/ -->\n<title>IBC cisterna 1000 L Schutz \u2013 rabljena, prehranska industrija<\/title>\n<meta name=\"description\" content=\"Standardna IBC cisterna Schutz na kovinski ali plasti\u010dni paleti, uporabljena 1x za transport sestavine za pija\u010do, o\u010di\u0161\u010dena, prakti\u010dno nova.\" \/>\n<meta name=\"robots\" content=\"index, follow, max-snippet:-1, max-image-preview:large, max-video-preview:-1\" \/>\n<link rel=\"canonical\" href=\"https:\/\/ibcparts.eu\/it\/prodotto\/ibc-cisterna-1000l-za-vodo-koleno-gratis\/\" \/>\n<meta property=\"og:locale\" content=\"it_IT\" \/>\n<meta property=\"og:type\" content=\"article\" \/>\n<meta property=\"og:title\" content=\"IBC cisterna 1000 L Schutz \u2013 rabljena, prehranska industrija\" \/>\n<meta property=\"og:description\" content=\"Standardna IBC cisterna Schutz na kovinski ali plasti\u010dni paleti, uporabljena 1x za transport sestavine za pija\u010do, o\u010di\u0161\u010dena, prakti\u010dno nova.\" \/>\n<meta property=\"og:url\" content=\"https:\/\/ibcparts.eu\/it\/prodotto\/ibc-cisterna-1000l-za-vodo-koleno-gratis\/\" \/>\n<meta property=\"og:site_name\" content=\"IBCparts.eu\" \/>\n<meta property=\"article:modified_time\" content=\"2026-03-12T14:42:19+00:00\" \/>\n<meta property=\"og:image\" content=\"https:\/\/ibcparts.eu\/wp-content\/uploads\/2021\/11\/cisterna-ibc-namoci_4-600x600-1.jpg\" \/>\n\t<meta property=\"og:image:width\" content=\"600\" \/>\n\t<meta property=\"og:image:height\" content=\"600\" \/>\n\t<meta property=\"og:image:type\" content=\"image\/jpeg\" \/>\n<meta name=\"twitter:card\" content=\"summary_large_image\" \/>\n<meta name=\"twitter:label1\" content=\"Tempo di lettura stimato\" \/>\n\t<meta name=\"twitter:data1\" content=\"3 minuti\" \/>\n<script type=\"application\/ld+json\" class=\"yoast-schema-graph\">{\"@context\":\"https:\/\/schema.org\",\"@graph\":[{\"@type\":\"WebPage\",\"@id\":\"https:\/\/ibcparts.eu\/izdelek\/ibc-cisterna-1000l-za-vodo-koleno-gratis\/\",\"url\":\"https:\/\/ibcparts.eu\/izdelek\/ibc-cisterna-1000l-za-vodo-koleno-gratis\/\",\"name\":\"IBC cisterna 1000 L Schutz \u2013 rabljena, prehranska industrija\",\"isPartOf\":{\"@id\":\"https:\/\/ibcparts.eu\/#website\"},\"primaryImageOfPage\":{\"@id\":\"https:\/\/ibcparts.eu\/izdelek\/ibc-cisterna-1000l-za-vodo-koleno-gratis\/#primaryimage\"},\"image\":{\"@id\":\"https:\/\/ibcparts.eu\/izdelek\/ibc-cisterna-1000l-za-vodo-koleno-gratis\/#primaryimage\"},\"thumbnailUrl\":\"https:\/\/ibcparts.eu\/wp-content\/uploads\/2021\/11\/cisterna-ibc-namoci_4-600x600-1.jpg\",\"datePublished\":\"2021-11-14T18:02:17+00:00\",\"dateModified\":\"2026-03-12T14:42:19+00:00\",\"description\":\"Standardna IBC cisterna Schutz na kovinski ali plasti\u010dni paleti, uporabljena 1x za transport sestavine za pija\u010do, o\u010di\u0161\u010dena, prakti\u010dno nova.\",\"breadcrumb\":{\"@id\":\"https:\/\/ibcparts.eu\/izdelek\/ibc-cisterna-1000l-za-vodo-koleno-gratis\/#breadcrumb\"},\"inLanguage\":\"it-IT\",\"potentialAction\":[{\"@type\":\"ReadAction\",\"target\":[\"https:\/\/ibcparts.eu\/izdelek\/ibc-cisterna-1000l-za-vodo-koleno-gratis\/\"]}]},{\"@type\":\"ImageObject\",\"inLanguage\":\"it-IT\",\"@id\":\"https:\/\/ibcparts.eu\/izdelek\/ibc-cisterna-1000l-za-vodo-koleno-gratis\/#primaryimage\",\"url\":\"https:\/\/ibcparts.eu\/wp-content\/uploads\/2021\/11\/cisterna-ibc-namoci_4-600x600-1.jpg\",\"contentUrl\":\"https:\/\/ibcparts.eu\/wp-content\/uploads\/2021\/11\/cisterna-ibc-namoci_4-600x600-1.jpg\",\"width\":600,\"height\":600},{\"@type\":\"BreadcrumbList\",\"@id\":\"https:\/\/ibcparts.eu\/izdelek\/ibc-cisterna-1000l-za-vodo-koleno-gratis\/#breadcrumb\",\"itemListElement\":[{\"@type\":\"ListItem\",\"position\":1,\"name\":\"Home\",\"item\":\"https:\/\/ibcparts.eu\/\"},{\"@type\":\"ListItem\",\"position\":2,\"name\":\"Nakupujte\",\"item\":\"https:\/\/ibcparts.eu\/nakupujte\/\"},{\"@type\":\"ListItem\",\"position\":3,\"name\":\"IBC cisterna 1000 L Schutz \u2013 rabljena, prehranska industrija\"}]},{\"@type\":\"WebSite\",\"@id\":\"https:\/\/ibcparts.eu\/#website\",\"url\":\"https:\/\/ibcparts.eu\/\",\"name\":\"IBCparts.eu\",\"description\":\"\",\"publisher\":{\"@id\":\"https:\/\/ibcparts.eu\/#organization\"},\"potentialAction\":[{\"@type\":\"SearchAction\",\"target\":{\"@type\":\"EntryPoint\",\"urlTemplate\":\"https:\/\/ibcparts.eu\/?s={search_term_string}\"},\"query-input\":{\"@type\":\"PropertyValueSpecification\",\"valueRequired\":true,\"valueName\":\"search_term_string\"}}],\"inLanguage\":\"it-IT\"},{\"@type\":\"Organization\",\"@id\":\"https:\/\/ibcparts.eu\/#organization\",\"name\":\"IBCparts\",\"url\":\"https:\/\/ibcparts.eu\/\",\"logo\":{\"@type\":\"ImageObject\",\"inLanguage\":\"it-IT\",\"@id\":\"https:\/\/ibcparts.eu\/#\/schema\/logo\/image\/\",\"url\":\"https:\/\/ibcparts.eu\/wp-content\/uploads\/2021\/10\/Footer-Logo.png\",\"contentUrl\":\"https:\/\/ibcparts.eu\/wp-content\/uploads\/2021\/10\/Footer-Logo.png\",\"width\":1992,\"height\":772,\"caption\":\"IBCparts\"},\"image\":{\"@id\":\"https:\/\/ibcparts.eu\/#\/schema\/logo\/image\/\"}}]}<\/script>\n<!-- \/ Yoast SEO plugin. -->","yoast_head_json":{"title":"IBC cisterna 1000 L Schutz \u2013 rabljena, prehranska industrija","description":"Standardna IBC cisterna Schutz na kovinski ali plasti\u010dni paleti, uporabljena 1x za transport sestavine za pija\u010do, o\u010di\u0161\u010dena, prakti\u010dno nova.","robots":{"index":"index","follow":"follow","max-snippet":"max-snippet:-1","max-image-preview":"max-image-preview:large","max-video-preview":"max-video-preview:-1"},"canonical":"https:\/\/ibcparts.eu\/it\/prodotto\/ibc-cisterna-1000l-za-vodo-koleno-gratis\/","og_locale":"it_IT","og_type":"article","og_title":"IBC cisterna 1000 L Schutz \u2013 rabljena, prehranska industrija","og_description":"Standardna IBC cisterna Schutz na kovinski ali plasti\u010dni paleti, uporabljena 1x za transport sestavine za pija\u010do, o\u010di\u0161\u010dena, prakti\u010dno nova.","og_url":"https:\/\/ibcparts.eu\/it\/prodotto\/ibc-cisterna-1000l-za-vodo-koleno-gratis\/","og_site_name":"IBCparts.eu","article_modified_time":"2026-03-12T14:42:19+00:00","og_image":[{"width":600,"height":600,"url":"https:\/\/ibcparts.eu\/wp-content\/uploads\/2021\/11\/cisterna-ibc-namoci_4-600x600-1.jpg","type":"image\/jpeg"}],"twitter_card":"summary_large_image","twitter_misc":{"Tempo di lettura stimato":"3 minuti"},"schema":{"@context":"https:\/\/schema.org","@graph":[{"@type":"WebPage","@id":"https:\/\/ibcparts.eu\/izdelek\/ibc-cisterna-1000l-za-vodo-koleno-gratis\/","url":"https:\/\/ibcparts.eu\/izdelek\/ibc-cisterna-1000l-za-vodo-koleno-gratis\/","name":"IBC cisterna 1000 L Schutz \u2013 rabljena, prehranska industrija","isPartOf":{"@id":"https:\/\/ibcparts.eu\/#website"},"primaryImageOfPage":{"@id":"https:\/\/ibcparts.eu\/izdelek\/ibc-cisterna-1000l-za-vodo-koleno-gratis\/#primaryimage"},"image":{"@id":"https:\/\/ibcparts.eu\/izdelek\/ibc-cisterna-1000l-za-vodo-koleno-gratis\/#primaryimage"},"thumbnailUrl":"https:\/\/ibcparts.eu\/wp-content\/uploads\/2021\/11\/cisterna-ibc-namoci_4-600x600-1.jpg","datePublished":"2021-11-14T18:02:17+00:00","dateModified":"2026-03-12T14:42:19+00:00","description":"Standardna IBC cisterna Schutz na kovinski ali plasti\u010dni paleti, uporabljena 1x za transport sestavine za pija\u010do, o\u010di\u0161\u010dena, prakti\u010dno nova.","breadcrumb":{"@id":"https:\/\/ibcparts.eu\/izdelek\/ibc-cisterna-1000l-za-vodo-koleno-gratis\/#breadcrumb"},"inLanguage":"it-IT","potentialAction":[{"@type":"ReadAction","target":["https:\/\/ibcparts.eu\/izdelek\/ibc-cisterna-1000l-za-vodo-koleno-gratis\/"]}]},{"@type":"ImageObject","inLanguage":"it-IT","@id":"https:\/\/ibcparts.eu\/izdelek\/ibc-cisterna-1000l-za-vodo-koleno-gratis\/#primaryimage","url":"https:\/\/ibcparts.eu\/wp-content\/uploads\/2021\/11\/cisterna-ibc-namoci_4-600x600-1.jpg","contentUrl":"https:\/\/ibcparts.eu\/wp-content\/uploads\/2021\/11\/cisterna-ibc-namoci_4-600x600-1.jpg","width":600,"height":600},{"@type":"BreadcrumbList","@id":"https:\/\/ibcparts.eu\/izdelek\/ibc-cisterna-1000l-za-vodo-koleno-gratis\/#breadcrumb","itemListElement":[{"@type":"ListItem","position":1,"name":"Home","item":"https:\/\/ibcparts.eu\/"},{"@type":"ListItem","position":2,"name":"Nakupujte","item":"https:\/\/ibcparts.eu\/nakupujte\/"},{"@type":"ListItem","position":3,"name":"IBC cisterna 1000 L Schutz \u2013 rabljena, prehranska industrija"}]},{"@type":"WebSite","@id":"https:\/\/ibcparts.eu\/#website","url":"https:\/\/ibcparts.eu\/","name":"IBCparts.eu","description":"","publisher":{"@id":"https:\/\/ibcparts.eu\/#organization"},"potentialAction":[{"@type":"SearchAction","target":{"@type":"EntryPoint","urlTemplate":"https:\/\/ibcparts.eu\/?s={search_term_string}"},"query-input":{"@type":"PropertyValueSpecification","valueRequired":true,"valueName":"search_term_string"}}],"inLanguage":"it-IT"},{"@type":"Organization","@id":"https:\/\/ibcparts.eu\/#organization","name":"IBCparts","url":"https:\/\/ibcparts.eu\/","logo":{"@type":"ImageObject","inLanguage":"it-IT","@id":"https:\/\/ibcparts.eu\/#\/schema\/logo\/image\/","url":"https:\/\/ibcparts.eu\/wp-content\/uploads\/2021\/10\/Footer-Logo.png","contentUrl":"https:\/\/ibcparts.eu\/wp-content\/uploads\/2021\/10\/Footer-Logo.png","width":1992,"height":772,"caption":"IBCparts"},"image":{"@id":"https:\/\/ibcparts.eu\/#\/schema\/logo\/image\/"}}]}},"_links":{"self":[{"href":"https:\/\/ibcparts.eu\/it\/wp-json\/wp\/v2\/product\/7882","targetHints":{"allow":["GET"]}}],"collection":[{"href":"https:\/\/ibcparts.eu\/it\/wp-json\/wp\/v2\/product"}],"about":[{"href":"https:\/\/ibcparts.eu\/it\/wp-json\/wp\/v2\/types\/product"}],"version-history":[{"count":5,"href":"https:\/\/ibcparts.eu\/it\/wp-json\/wp\/v2\/product\/7882\/revisions"}],"predecessor-version":[{"id":20763,"href":"https:\/\/ibcparts.eu\/it\/wp-json\/wp\/v2\/product\/7882\/revisions\/20763"}],"wp:featuredmedia":[{"embeddable":true,"href":"https:\/\/ibcparts.eu\/it\/wp-json\/wp\/v2\/media\/17317"}],"wp:attachment":[{"href":"https:\/\/ibcparts.eu\/it\/wp-json\/wp\/v2\/media?parent=7882"}],"wp:term":[{"taxonomy":"product_brand","embeddable":true,"href":"https:\/\/ibcparts.eu\/it\/wp-json\/wp\/v2\/product_brand?post=7882"},{"taxonomy":"product_cat","embeddable":true,"href":"https:\/\/ibcparts.eu\/it\/wp-json\/wp\/v2\/product_cat?post=7882"},{"taxonomy":"product_tag","embeddable":true,"href":"https:\/\/ibcparts.eu\/it\/wp-json\/wp\/v2\/product_tag?post=7882"}],"curies":[{"name":"wp","href":"https:\/\/api.w.org\/{rel}","templated":true}]}}