{"id":7822,"date":"2021-11-14T18:28:35","date_gmt":"2021-11-14T17:28:35","guid":{"rendered":"https:\/\/ibcparts.eu\/?post_type=product&#038;p=7822"},"modified":"2026-03-03T08:09:56","modified_gmt":"2026-03-03T07:09:56","slug":"3d-aquamyst-filter","status":"publish","type":"product","link":"https:\/\/ibcparts.eu\/it\/prodotto\/3d-aquamyst-filter\/","title":{"rendered":"Filtro 3D AquaMyst\u00a9 per IBC"},"content":{"rendered":"","protected":false},"excerpt":{"rendered":"<h2 data-start=\"156\" data-end=\"261\"><strong data-start=\"159\" data-end=\"261\">Filtro 3D AquaMyst\u00a9 da 200 micron per cisterne IBC \u2013 acqua piovana pulita senza alghe, zanzare e impurit\u00e0<\/strong><\/h2>\n<p class=\" translation-block\">Presentiamo il filtro <strong>3D AquaMyst<\/strong> da 200 micron per cisterne IBC \u2013 una soluzione di alta qualit\u00e0 per la filtrazione efficiente dell\u2019acqua piovana e la manutenzione delle cisterne. Questo filtro di tipo industriale, realizzato in robusto polipropilene 3D, \u00e8 progettato per prestazioni ottimali anche oltre l\u2019uso previsto.<\/p>\n<p><strong>Vantaggi e suggerimenti in breve:<\/strong><\/p>\n<ol>\n<li class=\" translation-block\"><strong>Migliore purezza dell\u2019acqua piovana:<\/strong> Il nostro filtro garantisce acqua piovana pulita, riduce la quantit\u00e0 di impurit\u00e0 e contribuisce a mantenere la cisterna IBC in buone condizioni. Il filtro \u201cneedled felt\u201d consente un\u2019eccellente filtrazione 3D \u2014 le particelle di sporco vengono trattenute nella sua struttura densa. Trattiene impurit\u00e0 grandi e piccole come foglie, muschio, sabbia, insetti (per cui nella cisterna <strong>non ci sono zanzare<\/strong>), frammenti di tegole e altro.<\/li>\n<li><strong>Certificato FDA (idoneo al contatto con alimenti)<\/strong><\/li>\n<li class=\" translation-block\">Controllo delle alghe: Dite addio alla fastidiosa formazione di alghe. Il design avanzato del nostro filtro riduce la crescita delle alghe e mantiene elevata la qualit\u00e0 dell\u2019acqua. Utilizzando la copertura protettiva TARP, la luce solare viene schermata, limitando ulteriormente lo sviluppo di microrganismi e proteggendo sia il filtro sia la cisterna IBC dalla degradazione UV.<\/li>\n<li class=\" translation-block\"><strong>Perfetta compatibilit\u00e0:<\/strong> Il nostro filtro si adatta perfettamente alle cisterne IBC, offrendo una soluzione di filtrazione su misura. Viene inserito nell\u2019apertura della cisterna IBC con un diametro del coperchio di <strong>165 mm<\/strong>. Il coperchio della cisterna non pu\u00f2 essere chiuso mentre il filtro \u00e8 inserito.<\/li>\n<li class=\" translation-block\"><strong>Garantisce un rapido flusso dell\u2019acqua:<\/strong> L\u2019acqua non ristagna a causa del filtro!<\/li>\n<li class=\" translation-block\"><strong>Lunga durata nel tempo:<\/strong> La spessa struttura in polipropilene del filtro \u00e8 progettata per resistere all\u2019attrito e per filtrare anche particelle dure. Il filtro pu\u00f2 essere svuotato e pulito, ma a causa della struttura 3D non torner\u00e0 come nuovo. Costruzione robusta, ottima resistenza e cuciture rinforzate.<\/li>\n<li class=\" translation-block\"><strong>Sostituzione semplice:<\/strong> Consigliamo di sostituire i filtri due volte a stagione (a seconda delle necessit\u00e0 e delle condizioni sul campo).<\/li>\n<li class=\" translation-block\"><strong>Protezione UV:<\/strong> Mantieni il filtro in condizioni ottimali. Posiziona il filtro lontano dalla luce solare diretta per proteggerlo dai raggi UV e prolungarne la durata.<\/li>\n<li class=\" translation-block\"><strong>Flessibilit\u00e0:<\/strong> Grazie alle sue dimensioni (diametro), \u00e8 adatto a tutte le dimensioni dei tubi che vanno dalla grondaia alla cisterna (fino a 140 mm).<\/li>\n<\/ol>\n<p>Scopri il comfort di una cisterna pulita, una manutenzione ridotta e un\u2019eccellente qualit\u00e0 dell\u2019acqua.<\/p>\n<ul>\n<li><strong>Gostota: 200 mikronov (to pomeni, da so okenca v mre\u017ei velikosti 0,2 mm)<\/strong><\/li>\n<li>Materiaal: polypropyleen (het filter is dikker uitgevoerd om beter bestand te zijn tegen trillingen en mogelijke wrijving van de buis tegen het filter).<\/li>\n<li>Il diametro dell\u2019anello del filtro si adatta perfettamente al collo di una cisterna IBC con un diametro di 165 mm (apertura effettiva 140 mm).<\/li>\n<li>La lunghezza del filtro \u00e8 ottimizzata per il massimo utilizzo dell\u2019acqua sulla base di anni di test.<\/li>\n<\/ul>","protected":false},"featured_media":14630,"template":"","meta":[],"product_brand":[],"product_cat":[186],"product_tag":[290],"class_list":{"0":"post-7822","1":"product","2":"type-product","3":"status-publish","4":"has-post-thumbnail","6":"product_cat-filtri-za-dezevnico-in-pvc-redukcije","7":"product_tag-filter-za-ibc-cisterno","9":"first","10":"instock","11":"shipping-taxable","12":"purchasable","13":"product-type-simple"},"yoast_head":"<!-- This site is optimized with the Yoast SEO plugin v27.1.1 - https:\/\/yoast.com\/product\/yoast-seo-wordpress\/ -->\n<title>3D AquaMyst\u00a9 filter za IBC | IBCparts.eu<\/title>\n<meta name=\"description\" content=\"3D AquaMyst\u00a9 filter za IBC cisterno omogo\u010da odli\u010dno 3D filtracijo\u00a0- delci ne\u010disto\u010d se ujamejo v njegovo gosto mre\u017eo. FDA certificiran (primeren za \u017eivila)\" \/>\n<meta name=\"robots\" content=\"index, follow, max-snippet:-1, max-image-preview:large, max-video-preview:-1\" \/>\n<link rel=\"canonical\" href=\"https:\/\/ibcparts.eu\/it\/prodotto\/3d-aquamyst-filter\/\" \/>\n<meta property=\"og:locale\" content=\"it_IT\" \/>\n<meta property=\"og:type\" content=\"article\" \/>\n<meta property=\"og:title\" content=\"3D AquaMyst\u00a9 filter za IBC | IBCparts.eu\" \/>\n<meta property=\"og:description\" content=\"3D AquaMyst\u00a9 filter za IBC cisterno omogo\u010da odli\u010dno 3D filtracijo\u00a0- delci ne\u010disto\u010d se ujamejo v njegovo gosto mre\u017eo. FDA certificiran (primeren za \u017eivila)\" \/>\n<meta property=\"og:url\" content=\"https:\/\/ibcparts.eu\/it\/prodotto\/3d-aquamyst-filter\/\" \/>\n<meta property=\"og:site_name\" content=\"IBCparts.eu\" \/>\n<meta property=\"article:modified_time\" content=\"2026-03-03T07:09:56+00:00\" \/>\n<meta property=\"og:image\" content=\"https:\/\/ibcparts.eu\/wp-content\/uploads\/2021\/11\/filter-za-v-odprtino-ibc-cisterne_orig.jpg\" \/>\n\t<meta property=\"og:image:width\" content=\"592\" \/>\n\t<meta property=\"og:image:height\" content=\"592\" \/>\n\t<meta property=\"og:image:type\" content=\"image\/jpeg\" \/>\n<meta name=\"twitter:card\" content=\"summary_large_image\" \/>\n<script type=\"application\/ld+json\" class=\"yoast-schema-graph\">{\"@context\":\"https:\/\/schema.org\",\"@graph\":[{\"@type\":\"WebPage\",\"@id\":\"https:\/\/ibcparts.eu\/izdelek\/3d-aquamyst-filter\/\",\"url\":\"https:\/\/ibcparts.eu\/izdelek\/3d-aquamyst-filter\/\",\"name\":\"3D AquaMyst\u00a9 filter za IBC | IBCparts.eu\",\"isPartOf\":{\"@id\":\"https:\/\/ibcparts.eu\/#website\"},\"primaryImageOfPage\":{\"@id\":\"https:\/\/ibcparts.eu\/izdelek\/3d-aquamyst-filter\/#primaryimage\"},\"image\":{\"@id\":\"https:\/\/ibcparts.eu\/izdelek\/3d-aquamyst-filter\/#primaryimage\"},\"thumbnailUrl\":\"https:\/\/ibcparts.eu\/wp-content\/uploads\/2021\/11\/filter-za-v-odprtino-ibc-cisterne_orig.jpg\",\"datePublished\":\"2021-11-14T17:28:35+00:00\",\"dateModified\":\"2026-03-03T07:09:56+00:00\",\"description\":\"3D AquaMyst\u00a9 filter za IBC cisterno omogo\u010da odli\u010dno 3D filtracijo\u00a0- delci ne\u010disto\u010d se ujamejo v njegovo gosto mre\u017eo. FDA certificiran (primeren za \u017eivila)\",\"breadcrumb\":{\"@id\":\"https:\/\/ibcparts.eu\/izdelek\/3d-aquamyst-filter\/#breadcrumb\"},\"inLanguage\":\"it-IT\",\"potentialAction\":[{\"@type\":\"ReadAction\",\"target\":[\"https:\/\/ibcparts.eu\/izdelek\/3d-aquamyst-filter\/\"]}]},{\"@type\":\"ImageObject\",\"inLanguage\":\"it-IT\",\"@id\":\"https:\/\/ibcparts.eu\/izdelek\/3d-aquamyst-filter\/#primaryimage\",\"url\":\"https:\/\/ibcparts.eu\/wp-content\/uploads\/2021\/11\/filter-za-v-odprtino-ibc-cisterne_orig.jpg\",\"contentUrl\":\"https:\/\/ibcparts.eu\/wp-content\/uploads\/2021\/11\/filter-za-v-odprtino-ibc-cisterne_orig.jpg\",\"width\":592,\"height\":592,\"caption\":\"3D AquaMyst\u00a9 filter za IBC cisterno\"},{\"@type\":\"BreadcrumbList\",\"@id\":\"https:\/\/ibcparts.eu\/izdelek\/3d-aquamyst-filter\/#breadcrumb\",\"itemListElement\":[{\"@type\":\"ListItem\",\"position\":1,\"name\":\"Home\",\"item\":\"https:\/\/ibcparts.eu\/\"},{\"@type\":\"ListItem\",\"position\":2,\"name\":\"Nakupujte\",\"item\":\"https:\/\/ibcparts.eu\/nakupujte\/\"},{\"@type\":\"ListItem\",\"position\":3,\"name\":\"3D AquaMyst\u00a9 filter za IBC\"}]},{\"@type\":\"WebSite\",\"@id\":\"https:\/\/ibcparts.eu\/#website\",\"url\":\"https:\/\/ibcparts.eu\/\",\"name\":\"IBCparts.eu\",\"description\":\"\",\"publisher\":{\"@id\":\"https:\/\/ibcparts.eu\/#organization\"},\"potentialAction\":[{\"@type\":\"SearchAction\",\"target\":{\"@type\":\"EntryPoint\",\"urlTemplate\":\"https:\/\/ibcparts.eu\/?s={search_term_string}\"},\"query-input\":{\"@type\":\"PropertyValueSpecification\",\"valueRequired\":true,\"valueName\":\"search_term_string\"}}],\"inLanguage\":\"it-IT\"},{\"@type\":\"Organization\",\"@id\":\"https:\/\/ibcparts.eu\/#organization\",\"name\":\"IBCparts\",\"url\":\"https:\/\/ibcparts.eu\/\",\"logo\":{\"@type\":\"ImageObject\",\"inLanguage\":\"it-IT\",\"@id\":\"https:\/\/ibcparts.eu\/#\/schema\/logo\/image\/\",\"url\":\"https:\/\/ibcparts.eu\/wp-content\/uploads\/2021\/10\/Footer-Logo.png\",\"contentUrl\":\"https:\/\/ibcparts.eu\/wp-content\/uploads\/2021\/10\/Footer-Logo.png\",\"width\":1992,\"height\":772,\"caption\":\"IBCparts\"},\"image\":{\"@id\":\"https:\/\/ibcparts.eu\/#\/schema\/logo\/image\/\"}}]}<\/script>\n<!-- \/ Yoast SEO plugin. -->","yoast_head_json":{"title":"Filtro 3D AquaMyst\u00a9 per IBC | IBCparts.eu","description":"3D AquaMyst\u00a9 filter za IBC cisterno omogo\u010da odli\u010dno 3D filtracijo\u00a0- delci ne\u010disto\u010d se ujamejo v njegovo gosto mre\u017eo. FDA certificiran (primeren za \u017eivila)","robots":{"index":"index","follow":"follow","max-snippet":"max-snippet:-1","max-image-preview":"max-image-preview:large","max-video-preview":"max-video-preview:-1"},"canonical":"https:\/\/ibcparts.eu\/it\/prodotto\/3d-aquamyst-filter\/","og_locale":"it_IT","og_type":"article","og_title":"3D AquaMyst\u00a9 filter za IBC | IBCparts.eu","og_description":"3D AquaMyst\u00a9 filter za IBC cisterno omogo\u010da odli\u010dno 3D filtracijo\u00a0- delci ne\u010disto\u010d se ujamejo v njegovo gosto mre\u017eo. FDA certificiran (primeren za \u017eivila)","og_url":"https:\/\/ibcparts.eu\/it\/prodotto\/3d-aquamyst-filter\/","og_site_name":"IBCparts.eu","article_modified_time":"2026-03-03T07:09:56+00:00","og_image":[{"width":592,"height":592,"url":"https:\/\/ibcparts.eu\/wp-content\/uploads\/2021\/11\/filter-za-v-odprtino-ibc-cisterne_orig.jpg","type":"image\/jpeg"}],"twitter_card":"summary_large_image","schema":{"@context":"https:\/\/schema.org","@graph":[{"@type":"WebPage","@id":"https:\/\/ibcparts.eu\/izdelek\/3d-aquamyst-filter\/","url":"https:\/\/ibcparts.eu\/izdelek\/3d-aquamyst-filter\/","name":"Filtro 3D AquaMyst\u00a9 per IBC | IBCparts.eu","isPartOf":{"@id":"https:\/\/ibcparts.eu\/#website"},"primaryImageOfPage":{"@id":"https:\/\/ibcparts.eu\/izdelek\/3d-aquamyst-filter\/#primaryimage"},"image":{"@id":"https:\/\/ibcparts.eu\/izdelek\/3d-aquamyst-filter\/#primaryimage"},"thumbnailUrl":"https:\/\/ibcparts.eu\/wp-content\/uploads\/2021\/11\/filter-za-v-odprtino-ibc-cisterne_orig.jpg","datePublished":"2021-11-14T17:28:35+00:00","dateModified":"2026-03-03T07:09:56+00:00","description":"3D AquaMyst\u00a9 filter za IBC cisterno omogo\u010da odli\u010dno 3D filtracijo\u00a0- delci ne\u010disto\u010d se ujamejo v njegovo gosto mre\u017eo. FDA certificiran (primeren za \u017eivila)","breadcrumb":{"@id":"https:\/\/ibcparts.eu\/izdelek\/3d-aquamyst-filter\/#breadcrumb"},"inLanguage":"it-IT","potentialAction":[{"@type":"ReadAction","target":["https:\/\/ibcparts.eu\/izdelek\/3d-aquamyst-filter\/"]}]},{"@type":"ImageObject","inLanguage":"it-IT","@id":"https:\/\/ibcparts.eu\/izdelek\/3d-aquamyst-filter\/#primaryimage","url":"https:\/\/ibcparts.eu\/wp-content\/uploads\/2021\/11\/filter-za-v-odprtino-ibc-cisterne_orig.jpg","contentUrl":"https:\/\/ibcparts.eu\/wp-content\/uploads\/2021\/11\/filter-za-v-odprtino-ibc-cisterne_orig.jpg","width":592,"height":592,"caption":"3D AquaMyst\u00a9 filter za IBC cisterno"},{"@type":"BreadcrumbList","@id":"https:\/\/ibcparts.eu\/izdelek\/3d-aquamyst-filter\/#breadcrumb","itemListElement":[{"@type":"ListItem","position":1,"name":"Home","item":"https:\/\/ibcparts.eu\/"},{"@type":"ListItem","position":2,"name":"Nakupujte","item":"https:\/\/ibcparts.eu\/nakupujte\/"},{"@type":"ListItem","position":3,"name":"3D AquaMyst\u00a9 filter za IBC"}]},{"@type":"WebSite","@id":"https:\/\/ibcparts.eu\/#website","url":"https:\/\/ibcparts.eu\/","name":"IBCparts.eu","description":"","publisher":{"@id":"https:\/\/ibcparts.eu\/#organization"},"potentialAction":[{"@type":"SearchAction","target":{"@type":"EntryPoint","urlTemplate":"https:\/\/ibcparts.eu\/?s={search_term_string}"},"query-input":{"@type":"PropertyValueSpecification","valueRequired":true,"valueName":"search_term_string"}}],"inLanguage":"it-IT"},{"@type":"Organization","@id":"https:\/\/ibcparts.eu\/#organization","name":"IBCparts","url":"https:\/\/ibcparts.eu\/","logo":{"@type":"ImageObject","inLanguage":"it-IT","@id":"https:\/\/ibcparts.eu\/#\/schema\/logo\/image\/","url":"https:\/\/ibcparts.eu\/wp-content\/uploads\/2021\/10\/Footer-Logo.png","contentUrl":"https:\/\/ibcparts.eu\/wp-content\/uploads\/2021\/10\/Footer-Logo.png","width":1992,"height":772,"caption":"IBCparts"},"image":{"@id":"https:\/\/ibcparts.eu\/#\/schema\/logo\/image\/"}}]}},"_links":{"self":[{"href":"https:\/\/ibcparts.eu\/it\/wp-json\/wp\/v2\/product\/7822","targetHints":{"allow":["GET"]}}],"collection":[{"href":"https:\/\/ibcparts.eu\/it\/wp-json\/wp\/v2\/product"}],"about":[{"href":"https:\/\/ibcparts.eu\/it\/wp-json\/wp\/v2\/types\/product"}],"version-history":[{"count":4,"href":"https:\/\/ibcparts.eu\/it\/wp-json\/wp\/v2\/product\/7822\/revisions"}],"predecessor-version":[{"id":20698,"href":"https:\/\/ibcparts.eu\/it\/wp-json\/wp\/v2\/product\/7822\/revisions\/20698"}],"wp:featuredmedia":[{"embeddable":true,"href":"https:\/\/ibcparts.eu\/it\/wp-json\/wp\/v2\/media\/14630"}],"wp:attachment":[{"href":"https:\/\/ibcparts.eu\/it\/wp-json\/wp\/v2\/media?parent=7822"}],"wp:term":[{"taxonomy":"product_brand","embeddable":true,"href":"https:\/\/ibcparts.eu\/it\/wp-json\/wp\/v2\/product_brand?post=7822"},{"taxonomy":"product_cat","embeddable":true,"href":"https:\/\/ibcparts.eu\/it\/wp-json\/wp\/v2\/product_cat?post=7822"},{"taxonomy":"product_tag","embeddable":true,"href":"https:\/\/ibcparts.eu\/it\/wp-json\/wp\/v2\/product_tag?post=7822"}],"curies":[{"name":"wp","href":"https:\/\/api.w.org\/{rel}","templated":true}]}}