{"id":7755,"date":"2021-11-14T12:32:22","date_gmt":"2021-11-14T11:32:22","guid":{"rendered":"https:\/\/ibcparts.eu\/?post_type=product&#038;p=7755"},"modified":"2025-12-06T17:07:46","modified_gmt":"2025-12-06T16:07:46","slug":"nipl-dvovijacni","status":"publish","type":"product","link":"https:\/\/ibcparts.eu\/it\/prodotto\/nipl-dvovijacni\/","title":{"rendered":"Nipl bivite MxM"},"content":{"rendered":"","protected":false},"excerpt":{"rendered":"<p>Dvovija\u010dni fiting MxM.<\/p>\n<p>Na obeh straneh zunanji (mo\u0161ki) navoj.<\/p>\n<p>Dimensioni:<\/p>\n<ul>\n<li>1\/2&#8243;<\/li>\n<li>3\/4&#8243;<\/li>\n<li>1&#8243;<\/li>\n<li>5\/4&#8243;<\/li>\n<li>6\/4&#8243;<\/li>\n<li>2&#8243;<\/li>\n<\/ul>\n<p>Materiale: PP<\/p>\n<p>Tipo di filettatura: BSP (standard)<\/p>\n<p><strong>Pi\u00f9 pezzi, maggiore sconto \u2013 le quantit\u00e0 di articoli e varianti diverse vengono sommate!<\/strong><\/p>","protected":false},"featured_media":18738,"template":"","meta":[],"product_brand":[],"product_cat":[179,266],"product_tag":[350],"class_list":{"0":"post-7755","1":"product","2":"type-product","3":"status-publish","4":"has-post-thumbnail","6":"product_cat-alkaten-prikljucki-in-pp-fitingi","7":"product_cat-pp-fitingi-in-ventili","8":"product_tag-dvovijacni-fiting-mxm","10":"first","11":"instock","12":"shipping-taxable","13":"purchasable","14":"product-type-variable"},"yoast_head":"<!-- This site is optimized with the Yoast SEO plugin v27.1.1 - https:\/\/yoast.com\/product\/yoast-seo-wordpress\/ -->\n<title>Nipl dvovija\u010dni MxM | IBCparts.eu<\/title>\n<meta name=\"description\" content=\"Dvovija\u010dni fiting MxM. Na obeh straneh zunanji (mo\u0161ki) navoj. Velikosti: 1\/2, &quot;3\/4&quot;, 1&quot;, 5\/4&quot;, 6\/4&quot;, 2&quot;. Material: PP\" \/>\n<meta name=\"robots\" content=\"index, follow, max-snippet:-1, max-image-preview:large, max-video-preview:-1\" \/>\n<link rel=\"canonical\" href=\"https:\/\/ibcparts.eu\/it\/prodotto\/nipl-dvovijacni\/\" \/>\n<meta property=\"og:locale\" content=\"it_IT\" \/>\n<meta property=\"og:type\" content=\"article\" \/>\n<meta property=\"og:title\" content=\"Nipl dvovija\u010dni MxM | IBCparts.eu\" \/>\n<meta property=\"og:description\" content=\"Dvovija\u010dni fiting MxM. Na obeh straneh zunanji (mo\u0161ki) navoj. Velikosti: 1\/2, &quot;3\/4&quot;, 1&quot;, 5\/4&quot;, 6\/4&quot;, 2&quot;. Material: PP\" \/>\n<meta property=\"og:url\" content=\"https:\/\/ibcparts.eu\/it\/prodotto\/nipl-dvovijacni\/\" \/>\n<meta property=\"og:site_name\" content=\"IBCparts.eu\" \/>\n<meta property=\"article:modified_time\" content=\"2025-12-06T16:07:46+00:00\" \/>\n<meta property=\"og:image\" content=\"https:\/\/ibcparts.eu\/wp-content\/uploads\/2021\/11\/Nipl-dvovijacni-MxM.png\" \/>\n\t<meta property=\"og:image:width\" content=\"500\" \/>\n\t<meta property=\"og:image:height\" content=\"500\" \/>\n\t<meta property=\"og:image:type\" content=\"image\/png\" \/>\n<meta name=\"twitter:card\" content=\"summary_large_image\" \/>\n<script type=\"application\/ld+json\" class=\"yoast-schema-graph\">{\"@context\":\"https:\/\/schema.org\",\"@graph\":[{\"@type\":\"WebPage\",\"@id\":\"https:\/\/ibcparts.eu\/izdelek\/nipl-dvovijacni\/\",\"url\":\"https:\/\/ibcparts.eu\/izdelek\/nipl-dvovijacni\/\",\"name\":\"Nipl dvovija\u010dni MxM | IBCparts.eu\",\"isPartOf\":{\"@id\":\"https:\/\/ibcparts.eu\/#website\"},\"primaryImageOfPage\":{\"@id\":\"https:\/\/ibcparts.eu\/izdelek\/nipl-dvovijacni\/#primaryimage\"},\"image\":{\"@id\":\"https:\/\/ibcparts.eu\/izdelek\/nipl-dvovijacni\/#primaryimage\"},\"thumbnailUrl\":\"https:\/\/ibcparts.eu\/wp-content\/uploads\/2021\/11\/Nipl-dvovijacni-MxM.png\",\"datePublished\":\"2021-11-14T11:32:22+00:00\",\"dateModified\":\"2025-12-06T16:07:46+00:00\",\"description\":\"Dvovija\u010dni fiting MxM. Na obeh straneh zunanji (mo\u0161ki) navoj. Velikosti: 1\/2, \\\"3\/4\\\", 1\\\", 5\/4\\\", 6\/4\\\", 2\\\". Material: PP\",\"breadcrumb\":{\"@id\":\"https:\/\/ibcparts.eu\/izdelek\/nipl-dvovijacni\/#breadcrumb\"},\"inLanguage\":\"it-IT\",\"potentialAction\":[{\"@type\":\"ReadAction\",\"target\":[\"https:\/\/ibcparts.eu\/izdelek\/nipl-dvovijacni\/\"]}]},{\"@type\":\"ImageObject\",\"inLanguage\":\"it-IT\",\"@id\":\"https:\/\/ibcparts.eu\/izdelek\/nipl-dvovijacni\/#primaryimage\",\"url\":\"https:\/\/ibcparts.eu\/wp-content\/uploads\/2021\/11\/Nipl-dvovijacni-MxM.png\",\"contentUrl\":\"https:\/\/ibcparts.eu\/wp-content\/uploads\/2021\/11\/Nipl-dvovijacni-MxM.png\",\"width\":500,\"height\":500,\"caption\":\"Nipl dvovija\u010dni MxM\"},{\"@type\":\"BreadcrumbList\",\"@id\":\"https:\/\/ibcparts.eu\/izdelek\/nipl-dvovijacni\/#breadcrumb\",\"itemListElement\":[{\"@type\":\"ListItem\",\"position\":1,\"name\":\"Home\",\"item\":\"https:\/\/ibcparts.eu\/\"},{\"@type\":\"ListItem\",\"position\":2,\"name\":\"Nakupujte\",\"item\":\"https:\/\/ibcparts.eu\/nakupujte\/\"},{\"@type\":\"ListItem\",\"position\":3,\"name\":\"Nipl dvovija\u010dni MxM\"}]},{\"@type\":\"WebSite\",\"@id\":\"https:\/\/ibcparts.eu\/#website\",\"url\":\"https:\/\/ibcparts.eu\/\",\"name\":\"IBCparts.eu\",\"description\":\"\",\"publisher\":{\"@id\":\"https:\/\/ibcparts.eu\/#organization\"},\"potentialAction\":[{\"@type\":\"SearchAction\",\"target\":{\"@type\":\"EntryPoint\",\"urlTemplate\":\"https:\/\/ibcparts.eu\/?s={search_term_string}\"},\"query-input\":{\"@type\":\"PropertyValueSpecification\",\"valueRequired\":true,\"valueName\":\"search_term_string\"}}],\"inLanguage\":\"it-IT\"},{\"@type\":\"Organization\",\"@id\":\"https:\/\/ibcparts.eu\/#organization\",\"name\":\"IBCparts\",\"url\":\"https:\/\/ibcparts.eu\/\",\"logo\":{\"@type\":\"ImageObject\",\"inLanguage\":\"it-IT\",\"@id\":\"https:\/\/ibcparts.eu\/#\/schema\/logo\/image\/\",\"url\":\"https:\/\/ibcparts.eu\/wp-content\/uploads\/2021\/10\/Footer-Logo.png\",\"contentUrl\":\"https:\/\/ibcparts.eu\/wp-content\/uploads\/2021\/10\/Footer-Logo.png\",\"width\":1992,\"height\":772,\"caption\":\"IBCparts\"},\"image\":{\"@id\":\"https:\/\/ibcparts.eu\/#\/schema\/logo\/image\/\"}}]}<\/script>\n<!-- \/ Yoast SEO plugin. -->","yoast_head_json":{"title":"Nipl dvovija\u010dni MxM | IBCparts.eu","description":"Dvovija\u010dni fiting MxM. Na obeh straneh zunanji (mo\u0161ki) navoj. Velikosti: 1\/2, \"3\/4\", 1\", 5\/4\", 6\/4\", 2\". Material: PP","robots":{"index":"index","follow":"follow","max-snippet":"max-snippet:-1","max-image-preview":"max-image-preview:large","max-video-preview":"max-video-preview:-1"},"canonical":"https:\/\/ibcparts.eu\/it\/prodotto\/nipl-dvovijacni\/","og_locale":"it_IT","og_type":"article","og_title":"Nipl dvovija\u010dni MxM | IBCparts.eu","og_description":"Dvovija\u010dni fiting MxM. Na obeh straneh zunanji (mo\u0161ki) navoj. Velikosti: 1\/2, \"3\/4\", 1\", 5\/4\", 6\/4\", 2\". Material: PP","og_url":"https:\/\/ibcparts.eu\/it\/prodotto\/nipl-dvovijacni\/","og_site_name":"IBCparts.eu","article_modified_time":"2025-12-06T16:07:46+00:00","og_image":[{"width":500,"height":500,"url":"https:\/\/ibcparts.eu\/wp-content\/uploads\/2021\/11\/Nipl-dvovijacni-MxM.png","type":"image\/png"}],"twitter_card":"summary_large_image","schema":{"@context":"https:\/\/schema.org","@graph":[{"@type":"WebPage","@id":"https:\/\/ibcparts.eu\/izdelek\/nipl-dvovijacni\/","url":"https:\/\/ibcparts.eu\/izdelek\/nipl-dvovijacni\/","name":"Nipl dvovija\u010dni MxM | IBCparts.eu","isPartOf":{"@id":"https:\/\/ibcparts.eu\/#website"},"primaryImageOfPage":{"@id":"https:\/\/ibcparts.eu\/izdelek\/nipl-dvovijacni\/#primaryimage"},"image":{"@id":"https:\/\/ibcparts.eu\/izdelek\/nipl-dvovijacni\/#primaryimage"},"thumbnailUrl":"https:\/\/ibcparts.eu\/wp-content\/uploads\/2021\/11\/Nipl-dvovijacni-MxM.png","datePublished":"2021-11-14T11:32:22+00:00","dateModified":"2025-12-06T16:07:46+00:00","description":"Dvovija\u010dni fiting MxM. Na obeh straneh zunanji (mo\u0161ki) navoj. Velikosti: 1\/2, \"3\/4\", 1\", 5\/4\", 6\/4\", 2\". Material: PP","breadcrumb":{"@id":"https:\/\/ibcparts.eu\/izdelek\/nipl-dvovijacni\/#breadcrumb"},"inLanguage":"it-IT","potentialAction":[{"@type":"ReadAction","target":["https:\/\/ibcparts.eu\/izdelek\/nipl-dvovijacni\/"]}]},{"@type":"ImageObject","inLanguage":"it-IT","@id":"https:\/\/ibcparts.eu\/izdelek\/nipl-dvovijacni\/#primaryimage","url":"https:\/\/ibcparts.eu\/wp-content\/uploads\/2021\/11\/Nipl-dvovijacni-MxM.png","contentUrl":"https:\/\/ibcparts.eu\/wp-content\/uploads\/2021\/11\/Nipl-dvovijacni-MxM.png","width":500,"height":500,"caption":"Nipl dvovija\u010dni MxM"},{"@type":"BreadcrumbList","@id":"https:\/\/ibcparts.eu\/izdelek\/nipl-dvovijacni\/#breadcrumb","itemListElement":[{"@type":"ListItem","position":1,"name":"Home","item":"https:\/\/ibcparts.eu\/"},{"@type":"ListItem","position":2,"name":"Nakupujte","item":"https:\/\/ibcparts.eu\/nakupujte\/"},{"@type":"ListItem","position":3,"name":"Nipl dvovija\u010dni MxM"}]},{"@type":"WebSite","@id":"https:\/\/ibcparts.eu\/#website","url":"https:\/\/ibcparts.eu\/","name":"IBCparts.eu","description":"","publisher":{"@id":"https:\/\/ibcparts.eu\/#organization"},"potentialAction":[{"@type":"SearchAction","target":{"@type":"EntryPoint","urlTemplate":"https:\/\/ibcparts.eu\/?s={search_term_string}"},"query-input":{"@type":"PropertyValueSpecification","valueRequired":true,"valueName":"search_term_string"}}],"inLanguage":"it-IT"},{"@type":"Organization","@id":"https:\/\/ibcparts.eu\/#organization","name":"IBCparts","url":"https:\/\/ibcparts.eu\/","logo":{"@type":"ImageObject","inLanguage":"it-IT","@id":"https:\/\/ibcparts.eu\/#\/schema\/logo\/image\/","url":"https:\/\/ibcparts.eu\/wp-content\/uploads\/2021\/10\/Footer-Logo.png","contentUrl":"https:\/\/ibcparts.eu\/wp-content\/uploads\/2021\/10\/Footer-Logo.png","width":1992,"height":772,"caption":"IBCparts"},"image":{"@id":"https:\/\/ibcparts.eu\/#\/schema\/logo\/image\/"}}]}},"_links":{"self":[{"href":"https:\/\/ibcparts.eu\/it\/wp-json\/wp\/v2\/product\/7755","targetHints":{"allow":["GET"]}}],"collection":[{"href":"https:\/\/ibcparts.eu\/it\/wp-json\/wp\/v2\/product"}],"about":[{"href":"https:\/\/ibcparts.eu\/it\/wp-json\/wp\/v2\/types\/product"}],"version-history":[{"count":0,"href":"https:\/\/ibcparts.eu\/it\/wp-json\/wp\/v2\/product\/7755\/revisions"}],"wp:featuredmedia":[{"embeddable":true,"href":"https:\/\/ibcparts.eu\/it\/wp-json\/wp\/v2\/media\/18738"}],"wp:attachment":[{"href":"https:\/\/ibcparts.eu\/it\/wp-json\/wp\/v2\/media?parent=7755"}],"wp:term":[{"taxonomy":"product_brand","embeddable":true,"href":"https:\/\/ibcparts.eu\/it\/wp-json\/wp\/v2\/product_brand?post=7755"},{"taxonomy":"product_cat","embeddable":true,"href":"https:\/\/ibcparts.eu\/it\/wp-json\/wp\/v2\/product_cat?post=7755"},{"taxonomy":"product_tag","embeddable":true,"href":"https:\/\/ibcparts.eu\/it\/wp-json\/wp\/v2\/product_tag?post=7755"}],"curies":[{"name":"wp","href":"https:\/\/api.w.org\/{rel}","templated":true}]}}