{"id":7569,"date":"2021-11-09T16:24:49","date_gmt":"2021-11-09T15:24:49","guid":{"rendered":"https:\/\/ibcparts.eu\/?post_type=product&#038;p=7569"},"modified":"2026-01-13T13:50:17","modified_gmt":"2026-01-13T12:50:17","slug":"lid-for-ibc-tank-with-valve-fi-60mm","status":"publish","type":"product","link":"https:\/\/ibcparts.eu\/it\/prodotto\/lid-for-ibc-tank-with-valve-fi-60mm\/","title":{"rendered":"Tappo valvola S60 per cisterna IBC (a tre pezzi)"},"content":{"rendered":"<p><span style=\"font-size: large;\">Tappo valvola a tre pezzi di alta qualit\u00e0 (copripolvere) per cisterne IBC con filettatura S60x6.\u00a0<\/span><\/p>\n<ul>\n<li>Tipo di filettatura: S60x6 (filettatura grossa). \u00c8 il tipo di valvola pi\u00f9 comune sulle cisterne IBC.<\/li>\n<li>Materiale: PP \u2013 noto per la sua robustezza, leggerezza e resistenza agli agenti chimici e al calore<\/li>\n<li>Colore: nero\/rosso<\/li>\n<li>Guarnizione in schiuma PE sul lato interno. Garantisce un\u2019ottima tenuta anche in presenza di piccole irregolarit\u00e0 della valvola. Tuttavia, se la valvola \u00e8 danneggiata e presenta bordi taglienti, anche questa guarnizione potrebbe danneggiarsi.<\/li>\n<\/ul>\n<p><span style=\"font-size: large;\">\u00a0<\/span><\/p>","protected":false},"excerpt":{"rendered":"<h2><span style=\"font-size: large;\">Tappo valvola a tre pezzi di alta qualit\u00e0 (copripolvere) per cisterne IBC con filettatura S60x6.<\/span><\/h2>\n<p data-start=\"212\" data-end=\"510\">Il tappo valvola S60x6 a tre pezzi (copripolvere) \u00e8 progettato per proteggere la valvola delle cisterne IBC con filettatura standard S60x6. \u00c8 realizzato in materiale PP ed \u00e8 dotato di una guarnizione interna in schiuma PE, che garantisce una tenuta affidabile e protegge la valvola da sporco e agenti esterni.<\/p>\n<p data-start=\"682\" data-end=\"703\"><strong>Caratteristiche tecniche<\/strong><\/p>\n<ul>\n<li>Tipo di filettatura: S60x6<\/li>\n<li>Materiale: PP<\/li>\n<li>Colore: nero\/rosso<\/li>\n<li>Guarnizione in schiuma (PE) all'interno.<\/li>\n<\/ul>\n<p><strong>Pi\u00f9 pezzi, maggiore sconto \u2013 le quantit\u00e0 di articoli e varianti diverse vengono sommate!<\/strong><\/p>","protected":false},"featured_media":7570,"template":"","meta":[],"product_brand":[],"product_cat":[170,298],"product_tag":[465],"class_list":{"0":"post-7569","1":"product","2":"type-product","3":"status-publish","4":"has-post-thumbnail","6":"product_cat-reducirji-in-prikljucki-za-ibc","7":"product_cat-prikljucki-za-cisterno-z-navojem-s60x6","8":"product_tag-pokrovcek-ventila-s60-za-ibc-cisterne","10":"first","11":"instock","12":"shipping-taxable","13":"purchasable","14":"product-type-simple"},"yoast_head":"<!-- This site is optimized with the Yoast SEO plugin v27.1.1 - https:\/\/yoast.com\/product\/yoast-seo-wordpress\/ -->\n<title>Pokrov\u010dek ventila S60 za IBC cisterno (trodelni) | IBCparts.eu<\/title>\n<meta name=\"description\" content=\"Trodelen pokrov\u010dek (dustcap) ventila S60x6 za IBC cisterno. Izdelan iz PP, s tesnilom iz PE pene za zanesljivo za\u0161\u010dito in tesnjenje ventila.\" \/>\n<meta name=\"robots\" content=\"index, follow, max-snippet:-1, max-image-preview:large, max-video-preview:-1\" \/>\n<link rel=\"canonical\" href=\"https:\/\/ibcparts.eu\/it\/prodotto\/lid-for-ibc-tank-with-valve-fi-60mm\/\" \/>\n<meta property=\"og:locale\" content=\"it_IT\" \/>\n<meta property=\"og:type\" content=\"article\" \/>\n<meta property=\"og:title\" content=\"Pokrov\u010dek ventila S60 za IBC cisterno (trodelni) | IBCparts.eu\" \/>\n<meta property=\"og:description\" content=\"Trodelen pokrov\u010dek (dustcap) ventila S60x6 za IBC cisterno. Izdelan iz PP, s tesnilom iz PE pene za zanesljivo za\u0161\u010dito in tesnjenje ventila.\" \/>\n<meta property=\"og:url\" content=\"https:\/\/ibcparts.eu\/it\/prodotto\/lid-for-ibc-tank-with-valve-fi-60mm\/\" \/>\n<meta property=\"og:site_name\" content=\"IBCparts.eu\" \/>\n<meta property=\"article:modified_time\" content=\"2026-01-13T12:50:17+00:00\" \/>\n<meta property=\"og:image\" content=\"https:\/\/ibcparts.eu\/wp-content\/uploads\/2021\/11\/ibc-pokrov_orig.jpg\" \/>\n\t<meta property=\"og:image:width\" content=\"870\" \/>\n\t<meta property=\"og:image:height\" content=\"870\" \/>\n\t<meta property=\"og:image:type\" content=\"image\/jpeg\" \/>\n<meta name=\"twitter:card\" content=\"summary_large_image\" \/>\n<script type=\"application\/ld+json\" class=\"yoast-schema-graph\">{\"@context\":\"https:\/\/schema.org\",\"@graph\":[{\"@type\":\"WebPage\",\"@id\":\"https:\/\/ibcparts.eu\/izdelek\/lid-for-ibc-tank-with-valve-fi-60mm\/\",\"url\":\"https:\/\/ibcparts.eu\/izdelek\/lid-for-ibc-tank-with-valve-fi-60mm\/\",\"name\":\"Pokrov\u010dek ventila S60 za IBC cisterno (trodelni) | IBCparts.eu\",\"isPartOf\":{\"@id\":\"https:\/\/ibcparts.eu\/#website\"},\"primaryImageOfPage\":{\"@id\":\"https:\/\/ibcparts.eu\/izdelek\/lid-for-ibc-tank-with-valve-fi-60mm\/#primaryimage\"},\"image\":{\"@id\":\"https:\/\/ibcparts.eu\/izdelek\/lid-for-ibc-tank-with-valve-fi-60mm\/#primaryimage\"},\"thumbnailUrl\":\"https:\/\/ibcparts.eu\/wp-content\/uploads\/2021\/11\/ibc-pokrov_orig.jpg\",\"datePublished\":\"2021-11-09T15:24:49+00:00\",\"dateModified\":\"2026-01-13T12:50:17+00:00\",\"description\":\"Trodelen pokrov\u010dek (dustcap) ventila S60x6 za IBC cisterno. Izdelan iz PP, s tesnilom iz PE pene za zanesljivo za\u0161\u010dito in tesnjenje ventila.\",\"breadcrumb\":{\"@id\":\"https:\/\/ibcparts.eu\/izdelek\/lid-for-ibc-tank-with-valve-fi-60mm\/#breadcrumb\"},\"inLanguage\":\"it-IT\",\"potentialAction\":[{\"@type\":\"ReadAction\",\"target\":[\"https:\/\/ibcparts.eu\/izdelek\/lid-for-ibc-tank-with-valve-fi-60mm\/\"]}]},{\"@type\":\"ImageObject\",\"inLanguage\":\"it-IT\",\"@id\":\"https:\/\/ibcparts.eu\/izdelek\/lid-for-ibc-tank-with-valve-fi-60mm\/#primaryimage\",\"url\":\"https:\/\/ibcparts.eu\/wp-content\/uploads\/2021\/11\/ibc-pokrov_orig.jpg\",\"contentUrl\":\"https:\/\/ibcparts.eu\/wp-content\/uploads\/2021\/11\/ibc-pokrov_orig.jpg\",\"width\":870,\"height\":870,\"caption\":\"ibc-pokrov_orig\"},{\"@type\":\"BreadcrumbList\",\"@id\":\"https:\/\/ibcparts.eu\/izdelek\/lid-for-ibc-tank-with-valve-fi-60mm\/#breadcrumb\",\"itemListElement\":[{\"@type\":\"ListItem\",\"position\":1,\"name\":\"Home\",\"item\":\"https:\/\/ibcparts.eu\/\"},{\"@type\":\"ListItem\",\"position\":2,\"name\":\"Nakupujte\",\"item\":\"https:\/\/ibcparts.eu\/nakupujte\/\"},{\"@type\":\"ListItem\",\"position\":3,\"name\":\"Pokrov\u010dek ventila S60 za IBC cisterno (trodelni)\"}]},{\"@type\":\"WebSite\",\"@id\":\"https:\/\/ibcparts.eu\/#website\",\"url\":\"https:\/\/ibcparts.eu\/\",\"name\":\"IBCparts.eu\",\"description\":\"\",\"publisher\":{\"@id\":\"https:\/\/ibcparts.eu\/#organization\"},\"potentialAction\":[{\"@type\":\"SearchAction\",\"target\":{\"@type\":\"EntryPoint\",\"urlTemplate\":\"https:\/\/ibcparts.eu\/?s={search_term_string}\"},\"query-input\":{\"@type\":\"PropertyValueSpecification\",\"valueRequired\":true,\"valueName\":\"search_term_string\"}}],\"inLanguage\":\"it-IT\"},{\"@type\":\"Organization\",\"@id\":\"https:\/\/ibcparts.eu\/#organization\",\"name\":\"IBCparts\",\"url\":\"https:\/\/ibcparts.eu\/\",\"logo\":{\"@type\":\"ImageObject\",\"inLanguage\":\"it-IT\",\"@id\":\"https:\/\/ibcparts.eu\/#\/schema\/logo\/image\/\",\"url\":\"https:\/\/ibcparts.eu\/wp-content\/uploads\/2021\/10\/Footer-Logo.png\",\"contentUrl\":\"https:\/\/ibcparts.eu\/wp-content\/uploads\/2021\/10\/Footer-Logo.png\",\"width\":1992,\"height\":772,\"caption\":\"IBCparts\"},\"image\":{\"@id\":\"https:\/\/ibcparts.eu\/#\/schema\/logo\/image\/\"}}]}<\/script>\n<!-- \/ Yoast SEO plugin. -->","yoast_head_json":{"title":"Pokrov\u010dek ventila S60 za IBC cisterno (trodelni) | IBCparts.eu","description":"Trodelen pokrov\u010dek (dustcap) ventila S60x6 za IBC cisterno. Izdelan iz PP, s tesnilom iz PE pene za zanesljivo za\u0161\u010dito in tesnjenje ventila.","robots":{"index":"index","follow":"follow","max-snippet":"max-snippet:-1","max-image-preview":"max-image-preview:large","max-video-preview":"max-video-preview:-1"},"canonical":"https:\/\/ibcparts.eu\/it\/prodotto\/lid-for-ibc-tank-with-valve-fi-60mm\/","og_locale":"it_IT","og_type":"article","og_title":"Pokrov\u010dek ventila S60 za IBC cisterno (trodelni) | IBCparts.eu","og_description":"Trodelen pokrov\u010dek (dustcap) ventila S60x6 za IBC cisterno. Izdelan iz PP, s tesnilom iz PE pene za zanesljivo za\u0161\u010dito in tesnjenje ventila.","og_url":"https:\/\/ibcparts.eu\/it\/prodotto\/lid-for-ibc-tank-with-valve-fi-60mm\/","og_site_name":"IBCparts.eu","article_modified_time":"2026-01-13T12:50:17+00:00","og_image":[{"width":870,"height":870,"url":"https:\/\/ibcparts.eu\/wp-content\/uploads\/2021\/11\/ibc-pokrov_orig.jpg","type":"image\/jpeg"}],"twitter_card":"summary_large_image","schema":{"@context":"https:\/\/schema.org","@graph":[{"@type":"WebPage","@id":"https:\/\/ibcparts.eu\/izdelek\/lid-for-ibc-tank-with-valve-fi-60mm\/","url":"https:\/\/ibcparts.eu\/izdelek\/lid-for-ibc-tank-with-valve-fi-60mm\/","name":"Pokrov\u010dek ventila S60 za IBC cisterno (trodelni) | IBCparts.eu","isPartOf":{"@id":"https:\/\/ibcparts.eu\/#website"},"primaryImageOfPage":{"@id":"https:\/\/ibcparts.eu\/izdelek\/lid-for-ibc-tank-with-valve-fi-60mm\/#primaryimage"},"image":{"@id":"https:\/\/ibcparts.eu\/izdelek\/lid-for-ibc-tank-with-valve-fi-60mm\/#primaryimage"},"thumbnailUrl":"https:\/\/ibcparts.eu\/wp-content\/uploads\/2021\/11\/ibc-pokrov_orig.jpg","datePublished":"2021-11-09T15:24:49+00:00","dateModified":"2026-01-13T12:50:17+00:00","description":"Trodelen pokrov\u010dek (dustcap) ventila S60x6 za IBC cisterno. Izdelan iz PP, s tesnilom iz PE pene za zanesljivo za\u0161\u010dito in tesnjenje ventila.","breadcrumb":{"@id":"https:\/\/ibcparts.eu\/izdelek\/lid-for-ibc-tank-with-valve-fi-60mm\/#breadcrumb"},"inLanguage":"it-IT","potentialAction":[{"@type":"ReadAction","target":["https:\/\/ibcparts.eu\/izdelek\/lid-for-ibc-tank-with-valve-fi-60mm\/"]}]},{"@type":"ImageObject","inLanguage":"it-IT","@id":"https:\/\/ibcparts.eu\/izdelek\/lid-for-ibc-tank-with-valve-fi-60mm\/#primaryimage","url":"https:\/\/ibcparts.eu\/wp-content\/uploads\/2021\/11\/ibc-pokrov_orig.jpg","contentUrl":"https:\/\/ibcparts.eu\/wp-content\/uploads\/2021\/11\/ibc-pokrov_orig.jpg","width":870,"height":870,"caption":"ibc-pokrov_orig"},{"@type":"BreadcrumbList","@id":"https:\/\/ibcparts.eu\/izdelek\/lid-for-ibc-tank-with-valve-fi-60mm\/#breadcrumb","itemListElement":[{"@type":"ListItem","position":1,"name":"Home","item":"https:\/\/ibcparts.eu\/"},{"@type":"ListItem","position":2,"name":"Nakupujte","item":"https:\/\/ibcparts.eu\/nakupujte\/"},{"@type":"ListItem","position":3,"name":"Pokrov\u010dek ventila S60 za IBC cisterno (trodelni)"}]},{"@type":"WebSite","@id":"https:\/\/ibcparts.eu\/#website","url":"https:\/\/ibcparts.eu\/","name":"IBCparts.eu","description":"","publisher":{"@id":"https:\/\/ibcparts.eu\/#organization"},"potentialAction":[{"@type":"SearchAction","target":{"@type":"EntryPoint","urlTemplate":"https:\/\/ibcparts.eu\/?s={search_term_string}"},"query-input":{"@type":"PropertyValueSpecification","valueRequired":true,"valueName":"search_term_string"}}],"inLanguage":"it-IT"},{"@type":"Organization","@id":"https:\/\/ibcparts.eu\/#organization","name":"IBCparts","url":"https:\/\/ibcparts.eu\/","logo":{"@type":"ImageObject","inLanguage":"it-IT","@id":"https:\/\/ibcparts.eu\/#\/schema\/logo\/image\/","url":"https:\/\/ibcparts.eu\/wp-content\/uploads\/2021\/10\/Footer-Logo.png","contentUrl":"https:\/\/ibcparts.eu\/wp-content\/uploads\/2021\/10\/Footer-Logo.png","width":1992,"height":772,"caption":"IBCparts"},"image":{"@id":"https:\/\/ibcparts.eu\/#\/schema\/logo\/image\/"}}]}},"_links":{"self":[{"href":"https:\/\/ibcparts.eu\/it\/wp-json\/wp\/v2\/product\/7569","targetHints":{"allow":["GET"]}}],"collection":[{"href":"https:\/\/ibcparts.eu\/it\/wp-json\/wp\/v2\/product"}],"about":[{"href":"https:\/\/ibcparts.eu\/it\/wp-json\/wp\/v2\/types\/product"}],"version-history":[{"count":3,"href":"https:\/\/ibcparts.eu\/it\/wp-json\/wp\/v2\/product\/7569\/revisions"}],"predecessor-version":[{"id":20154,"href":"https:\/\/ibcparts.eu\/it\/wp-json\/wp\/v2\/product\/7569\/revisions\/20154"}],"wp:featuredmedia":[{"embeddable":true,"href":"https:\/\/ibcparts.eu\/it\/wp-json\/wp\/v2\/media\/7570"}],"wp:attachment":[{"href":"https:\/\/ibcparts.eu\/it\/wp-json\/wp\/v2\/media?parent=7569"}],"wp:term":[{"taxonomy":"product_brand","embeddable":true,"href":"https:\/\/ibcparts.eu\/it\/wp-json\/wp\/v2\/product_brand?post=7569"},{"taxonomy":"product_cat","embeddable":true,"href":"https:\/\/ibcparts.eu\/it\/wp-json\/wp\/v2\/product_cat?post=7569"},{"taxonomy":"product_tag","embeddable":true,"href":"https:\/\/ibcparts.eu\/it\/wp-json\/wp\/v2\/product_tag?post=7569"}],"curies":[{"name":"wp","href":"https:\/\/api.w.org\/{rel}","templated":true}]}}