{"id":7501,"date":"2021-11-09T10:50:16","date_gmt":"2021-11-09T09:50:16","guid":{"rendered":"https:\/\/ibcparts.eu\/?post_type=product&#038;p=7501"},"modified":"2026-01-13T14:19:21","modified_gmt":"2026-01-13T13:19:21","slug":"koleno-camlock-50mm","status":"publish","type":"product","link":"https:\/\/ibcparts.eu\/it\/prodotto\/koleno-camlock-50mm\/","title":{"rendered":"Gomito camlock 50 mm per cisterna IBC"},"content":{"rendered":"","protected":false},"excerpt":{"rendered":"<h2 data-start=\"179\" data-end=\"219\">Gomito camlock da 2\u2033 per tubo da 50 mm<\/h2>\n<p data-start=\"221\" data-end=\"586\" class=\" translation-block\">Il gomito camlock da 50 mm \u00e8 un raccordo camlock da 2\u2033 con gomito, destinato al collegamento a una <strong data-start=\"311\" data-end=\"332\">valvola camlock da 2\u2033<\/strong> su cisterne IBC o altri sistemi con connessione camlock. Viene utilizzato come <strong data-start=\"407\" data-end=\"437\">adattatore o raccordo<\/strong> quando \u00e8 necessaria un\u2019uscita angolata e un collegamento rapido senza rotazione. Consente un facile collegamento e scollegamento del tubo e un lavoro pulito senza fuoriuscite.<\/p>\n<p data-start=\"588\" data-end=\"613\"><strong data-start=\"588\" data-end=\"611\">Caratteristiche tecniche<\/strong><\/p>\n<ul>\n<li data-start=\"616\" data-end=\"645\">Tipo di prodotto: gomito camlock<\/li>\n<li data-start=\"648\" data-end=\"674\">Tipo di collegamento: 2\u2033 camlock<\/li>\n<li data-start=\"677\" data-end=\"716\">Attacco tubo: 50 mm (diametro interno)<\/li>\n<li data-start=\"719\" data-end=\"736\">Izvedba: koleno<\/li>\n<li data-start=\"739\" data-end=\"759\">Materiale: PP<\/li>\n<li data-start=\"739\" data-end=\"759\">Guarnizione: EPDM<\/li>\n<li class=\" translation-block\">Da utilizzare con la giunzione rapida <a href=\"https:\/\/ibcparts.eu\/izdelek\/hitra-spojka-camlock-za-ibc-cisterne-z-ventilom-fi-60mm\/\" target=\"_self\">#166<\/a> o con una valvola camlock se \u00e8 gi\u00e0 presente sulla cisterna.<\/li>\n<\/ul>","protected":false},"featured_media":15939,"template":"","meta":[],"product_brand":[],"product_cat":[195,170],"product_tag":[506],"class_list":{"0":"post-7501","1":"product","2":"type-product","3":"status-publish","4":"has-post-thumbnail","6":"product_cat-camlock-prikljucki","7":"product_cat-reducirji-in-prikljucki-za-ibc","8":"product_tag-camlock","10":"first","11":"instock","12":"sale","13":"shipping-taxable","14":"purchasable","15":"product-type-simple"},"yoast_head":"<!-- This site is optimized with the Yoast SEO plugin v27.1.1 - https:\/\/yoast.com\/product\/yoast-seo-wordpress\/ -->\n<title>Koleno camlock 50mm za IBC cisterno | IBCparts.eu<\/title>\n<meta name=\"description\" content=\"2&quot; camlock priklju\u010dek s kolenom za cev 50mm (notranji premer cevi). Uporabiti s hitro spojko ali s camlock ventilom, \u010de je le-ta \u017ee na cisterni.\" \/>\n<meta name=\"robots\" content=\"index, follow, max-snippet:-1, max-image-preview:large, max-video-preview:-1\" \/>\n<link rel=\"canonical\" href=\"https:\/\/ibcparts.eu\/it\/prodotto\/koleno-camlock-50mm\/\" \/>\n<meta property=\"og:locale\" content=\"it_IT\" \/>\n<meta property=\"og:type\" content=\"article\" \/>\n<meta property=\"og:title\" content=\"Koleno camlock 50mm za IBC cisterno | IBCparts.eu\" \/>\n<meta property=\"og:description\" content=\"2&quot; camlock priklju\u010dek s kolenom za cev 50mm (notranji premer cevi). Uporabiti s hitro spojko ali s camlock ventilom, \u010de je le-ta \u017ee na cisterni.\" \/>\n<meta property=\"og:url\" content=\"https:\/\/ibcparts.eu\/it\/prodotto\/koleno-camlock-50mm\/\" \/>\n<meta property=\"og:site_name\" content=\"IBCparts.eu\" \/>\n<meta property=\"article:modified_time\" content=\"2026-01-13T13:19:21+00:00\" \/>\n<meta property=\"og:image\" content=\"https:\/\/ibcparts.eu\/wp-content\/uploads\/2021\/11\/koleno-camlock-50_orig.jpg\" \/>\n\t<meta property=\"og:image:width\" content=\"591\" \/>\n\t<meta property=\"og:image:height\" content=\"591\" \/>\n\t<meta property=\"og:image:type\" content=\"image\/jpeg\" \/>\n<meta name=\"twitter:card\" content=\"summary_large_image\" \/>\n<script type=\"application\/ld+json\" class=\"yoast-schema-graph\">{\"@context\":\"https:\/\/schema.org\",\"@graph\":[{\"@type\":\"WebPage\",\"@id\":\"https:\/\/ibcparts.eu\/izdelek\/koleno-camlock-50mm\/\",\"url\":\"https:\/\/ibcparts.eu\/izdelek\/koleno-camlock-50mm\/\",\"name\":\"Koleno camlock 50mm za IBC cisterno | IBCparts.eu\",\"isPartOf\":{\"@id\":\"https:\/\/ibcparts.eu\/#website\"},\"primaryImageOfPage\":{\"@id\":\"https:\/\/ibcparts.eu\/izdelek\/koleno-camlock-50mm\/#primaryimage\"},\"image\":{\"@id\":\"https:\/\/ibcparts.eu\/izdelek\/koleno-camlock-50mm\/#primaryimage\"},\"thumbnailUrl\":\"https:\/\/ibcparts.eu\/wp-content\/uploads\/2021\/11\/koleno-camlock-50_orig.jpg\",\"datePublished\":\"2021-11-09T09:50:16+00:00\",\"dateModified\":\"2026-01-13T13:19:21+00:00\",\"description\":\"2\\\" camlock priklju\u010dek s kolenom za cev 50mm (notranji premer cevi). Uporabiti s hitro spojko ali s camlock ventilom, \u010de je le-ta \u017ee na cisterni.\",\"breadcrumb\":{\"@id\":\"https:\/\/ibcparts.eu\/izdelek\/koleno-camlock-50mm\/#breadcrumb\"},\"inLanguage\":\"it-IT\",\"potentialAction\":[{\"@type\":\"ReadAction\",\"target\":[\"https:\/\/ibcparts.eu\/izdelek\/koleno-camlock-50mm\/\"]}]},{\"@type\":\"ImageObject\",\"inLanguage\":\"it-IT\",\"@id\":\"https:\/\/ibcparts.eu\/izdelek\/koleno-camlock-50mm\/#primaryimage\",\"url\":\"https:\/\/ibcparts.eu\/wp-content\/uploads\/2021\/11\/koleno-camlock-50_orig.jpg\",\"contentUrl\":\"https:\/\/ibcparts.eu\/wp-content\/uploads\/2021\/11\/koleno-camlock-50_orig.jpg\",\"width\":591,\"height\":591},{\"@type\":\"BreadcrumbList\",\"@id\":\"https:\/\/ibcparts.eu\/izdelek\/koleno-camlock-50mm\/#breadcrumb\",\"itemListElement\":[{\"@type\":\"ListItem\",\"position\":1,\"name\":\"Home\",\"item\":\"https:\/\/ibcparts.eu\/\"},{\"@type\":\"ListItem\",\"position\":2,\"name\":\"Nakupujte\",\"item\":\"https:\/\/ibcparts.eu\/nakupujte\/\"},{\"@type\":\"ListItem\",\"position\":3,\"name\":\"Koleno camlock 50mm za IBC cisterno\"}]},{\"@type\":\"WebSite\",\"@id\":\"https:\/\/ibcparts.eu\/#website\",\"url\":\"https:\/\/ibcparts.eu\/\",\"name\":\"IBCparts.eu\",\"description\":\"\",\"publisher\":{\"@id\":\"https:\/\/ibcparts.eu\/#organization\"},\"potentialAction\":[{\"@type\":\"SearchAction\",\"target\":{\"@type\":\"EntryPoint\",\"urlTemplate\":\"https:\/\/ibcparts.eu\/?s={search_term_string}\"},\"query-input\":{\"@type\":\"PropertyValueSpecification\",\"valueRequired\":true,\"valueName\":\"search_term_string\"}}],\"inLanguage\":\"it-IT\"},{\"@type\":\"Organization\",\"@id\":\"https:\/\/ibcparts.eu\/#organization\",\"name\":\"IBCparts\",\"url\":\"https:\/\/ibcparts.eu\/\",\"logo\":{\"@type\":\"ImageObject\",\"inLanguage\":\"it-IT\",\"@id\":\"https:\/\/ibcparts.eu\/#\/schema\/logo\/image\/\",\"url\":\"https:\/\/ibcparts.eu\/wp-content\/uploads\/2021\/10\/Footer-Logo.png\",\"contentUrl\":\"https:\/\/ibcparts.eu\/wp-content\/uploads\/2021\/10\/Footer-Logo.png\",\"width\":1992,\"height\":772,\"caption\":\"IBCparts\"},\"image\":{\"@id\":\"https:\/\/ibcparts.eu\/#\/schema\/logo\/image\/\"}}]}<\/script>\n<!-- \/ Yoast SEO plugin. -->","yoast_head_json":{"title":"Koleno camlock 50mm za IBC cisterno | IBCparts.eu","description":"Connettore camlock da 2\" con gomito per tubo da 50 mm (diametro interno del tubo). Da utilizzare con l'attacco rapido o la valvola camlock se gi\u00e0 montata sul serbatoio.","robots":{"index":"index","follow":"follow","max-snippet":"max-snippet:-1","max-image-preview":"max-image-preview:large","max-video-preview":"max-video-preview:-1"},"canonical":"https:\/\/ibcparts.eu\/it\/prodotto\/koleno-camlock-50mm\/","og_locale":"it_IT","og_type":"article","og_title":"Koleno camlock 50mm za IBC cisterno | IBCparts.eu","og_description":"2\" camlock priklju\u010dek s kolenom za cev 50mm (notranji premer cevi). Uporabiti s hitro spojko ali s camlock ventilom, \u010de je le-ta \u017ee na cisterni.","og_url":"https:\/\/ibcparts.eu\/it\/prodotto\/koleno-camlock-50mm\/","og_site_name":"IBCparts.eu","article_modified_time":"2026-01-13T13:19:21+00:00","og_image":[{"width":591,"height":591,"url":"https:\/\/ibcparts.eu\/wp-content\/uploads\/2021\/11\/koleno-camlock-50_orig.jpg","type":"image\/jpeg"}],"twitter_card":"summary_large_image","schema":{"@context":"https:\/\/schema.org","@graph":[{"@type":"WebPage","@id":"https:\/\/ibcparts.eu\/izdelek\/koleno-camlock-50mm\/","url":"https:\/\/ibcparts.eu\/izdelek\/koleno-camlock-50mm\/","name":"Koleno camlock 50mm za IBC cisterno | IBCparts.eu","isPartOf":{"@id":"https:\/\/ibcparts.eu\/#website"},"primaryImageOfPage":{"@id":"https:\/\/ibcparts.eu\/izdelek\/koleno-camlock-50mm\/#primaryimage"},"image":{"@id":"https:\/\/ibcparts.eu\/izdelek\/koleno-camlock-50mm\/#primaryimage"},"thumbnailUrl":"https:\/\/ibcparts.eu\/wp-content\/uploads\/2021\/11\/koleno-camlock-50_orig.jpg","datePublished":"2021-11-09T09:50:16+00:00","dateModified":"2026-01-13T13:19:21+00:00","description":"Connettore camlock da 2\" con gomito per tubo da 50 mm (diametro interno del tubo). Da utilizzare con l'attacco rapido o la valvola camlock se gi\u00e0 montata sul serbatoio.","breadcrumb":{"@id":"https:\/\/ibcparts.eu\/izdelek\/koleno-camlock-50mm\/#breadcrumb"},"inLanguage":"it-IT","potentialAction":[{"@type":"ReadAction","target":["https:\/\/ibcparts.eu\/izdelek\/koleno-camlock-50mm\/"]}]},{"@type":"ImageObject","inLanguage":"it-IT","@id":"https:\/\/ibcparts.eu\/izdelek\/koleno-camlock-50mm\/#primaryimage","url":"https:\/\/ibcparts.eu\/wp-content\/uploads\/2021\/11\/koleno-camlock-50_orig.jpg","contentUrl":"https:\/\/ibcparts.eu\/wp-content\/uploads\/2021\/11\/koleno-camlock-50_orig.jpg","width":591,"height":591},{"@type":"BreadcrumbList","@id":"https:\/\/ibcparts.eu\/izdelek\/koleno-camlock-50mm\/#breadcrumb","itemListElement":[{"@type":"ListItem","position":1,"name":"Home","item":"https:\/\/ibcparts.eu\/"},{"@type":"ListItem","position":2,"name":"Nakupujte","item":"https:\/\/ibcparts.eu\/nakupujte\/"},{"@type":"ListItem","position":3,"name":"Koleno camlock 50mm za IBC cisterno"}]},{"@type":"WebSite","@id":"https:\/\/ibcparts.eu\/#website","url":"https:\/\/ibcparts.eu\/","name":"IBCparts.eu","description":"","publisher":{"@id":"https:\/\/ibcparts.eu\/#organization"},"potentialAction":[{"@type":"SearchAction","target":{"@type":"EntryPoint","urlTemplate":"https:\/\/ibcparts.eu\/?s={search_term_string}"},"query-input":{"@type":"PropertyValueSpecification","valueRequired":true,"valueName":"search_term_string"}}],"inLanguage":"it-IT"},{"@type":"Organization","@id":"https:\/\/ibcparts.eu\/#organization","name":"IBCparts","url":"https:\/\/ibcparts.eu\/","logo":{"@type":"ImageObject","inLanguage":"it-IT","@id":"https:\/\/ibcparts.eu\/#\/schema\/logo\/image\/","url":"https:\/\/ibcparts.eu\/wp-content\/uploads\/2021\/10\/Footer-Logo.png","contentUrl":"https:\/\/ibcparts.eu\/wp-content\/uploads\/2021\/10\/Footer-Logo.png","width":1992,"height":772,"caption":"IBCparts"},"image":{"@id":"https:\/\/ibcparts.eu\/#\/schema\/logo\/image\/"}}]}},"_links":{"self":[{"href":"https:\/\/ibcparts.eu\/it\/wp-json\/wp\/v2\/product\/7501","targetHints":{"allow":["GET"]}}],"collection":[{"href":"https:\/\/ibcparts.eu\/it\/wp-json\/wp\/v2\/product"}],"about":[{"href":"https:\/\/ibcparts.eu\/it\/wp-json\/wp\/v2\/types\/product"}],"version-history":[{"count":6,"href":"https:\/\/ibcparts.eu\/it\/wp-json\/wp\/v2\/product\/7501\/revisions"}],"predecessor-version":[{"id":20205,"href":"https:\/\/ibcparts.eu\/it\/wp-json\/wp\/v2\/product\/7501\/revisions\/20205"}],"wp:featuredmedia":[{"embeddable":true,"href":"https:\/\/ibcparts.eu\/it\/wp-json\/wp\/v2\/media\/15939"}],"wp:attachment":[{"href":"https:\/\/ibcparts.eu\/it\/wp-json\/wp\/v2\/media?parent=7501"}],"wp:term":[{"taxonomy":"product_brand","embeddable":true,"href":"https:\/\/ibcparts.eu\/it\/wp-json\/wp\/v2\/product_brand?post=7501"},{"taxonomy":"product_cat","embeddable":true,"href":"https:\/\/ibcparts.eu\/it\/wp-json\/wp\/v2\/product_cat?post=7501"},{"taxonomy":"product_tag","embeddable":true,"href":"https:\/\/ibcparts.eu\/it\/wp-json\/wp\/v2\/product_tag?post=7501"}],"curies":[{"name":"wp","href":"https:\/\/api.w.org\/{rel}","templated":true}]}}