{"id":7124,"date":"2021-11-04T09:51:22","date_gmt":"2021-11-04T09:51:22","guid":{"rendered":"https:\/\/ibcparts.eu\/?post_type=product&#038;p=7124"},"modified":"2026-01-06T13:41:18","modified_gmt":"2026-01-06T12:41:18","slug":"sistem-4x-pro","status":"publish","type":"product","link":"https:\/\/ibcparts.eu\/it\/prodotto\/sistem-4x-pro\/","title":{"rendered":"4X PRO"},"content":{"rendered":"<p style=\"text-align: center;\"><strong>Video dimostrativo su come assemblare un sistema 4x PRO:<\/strong><br \/>\n<span style=\"color: #515151;\"><br \/>\nNella confezione di solito il nastro \u00e8 gi\u00e0 presente sulle filettature dove \u00e8 necessario oppure \u00e8 incluso.<\/span><\/p>\n<p><iframe title=\"Come collegare quattro contenitori IBC (due impilati l&#039;uno sull&#039;altro) per formare un sistema di raccolta dell&#039;acqua.\" width=\"500\" height=\"281\" src=\"https:\/\/www.youtube.com\/embed\/Bt3LsHn-2Sk?start=23&#038;feature=oembed\" frameborder=\"0\" allow=\"accelerometer; autoplay; clipboard-write; encrypted-media; gyroscope; picture-in-picture; web-share\" referrerpolicy=\"strict-origin-when-cross-origin\" allowfullscreen><\/iframe><\/p>\n<p>&nbsp;<\/p>\n<h4>Il serbatoio inferiore deve essere sfiatato per consentire all'acqua di scorrere agevolmente attraverso le valvole.<\/h4>\n<p><img decoding=\"async\" class=\"aligncenter\" src=\"https:\/\/www.namoci.si\/uploads\/1\/1\/7\/5\/117519317\/published\/duo-vertikal-gif1.gif?1661170515\" alt=\"Immagine\" \/><\/p>\n<p><strong>I modi pi\u00f9 semplici ed economici per farlo sono:<\/strong><\/p>\n<p><img decoding=\"async\" class=\"\" src=\"https:\/\/ibcparts.eu\/wp-content\/uploads\/2021\/11\/pokrov-hoseflow-1.png\" sizes=\"(max-width: 500px) 100vw, 500px\" srcset=\"https:\/\/ibcparts.eu\/wp-content\/uploads\/2021\/11\/pokrov-hoseflow-1.png 500w, https:\/\/ibcparts.eu\/wp-content\/uploads\/2021\/11\/pokrov-hoseflow-1-300x300.png 300w, https:\/\/ibcparts.eu\/wp-content\/uploads\/2021\/11\/pokrov-hoseflow-1-150x150.png 150w, https:\/\/ibcparts.eu\/wp-content\/uploads\/2021\/11\/pokrov-hoseflow-1-12x12.png 12w\" alt=\"\" width=\"303\" height=\"303\" \/><br \/>\n<img decoding=\"async\" class=\"\" src=\"https:\/\/ibcparts.eu\/wp-content\/uploads\/2021\/11\/lower-ibc-venting_orig.jpg\" sizes=\"(max-width: 827px) 100vw, 827px\" srcset=\"https:\/\/ibcparts.eu\/wp-content\/uploads\/2021\/11\/lower-ibc-venting_orig.jpg 827w, https:\/\/ibcparts.eu\/wp-content\/uploads\/2021\/11\/lower-ibc-venting_orig-300x300.jpg 300w, https:\/\/ibcparts.eu\/wp-content\/uploads\/2021\/11\/lower-ibc-venting_orig-150x150.jpg 150w, https:\/\/ibcparts.eu\/wp-content\/uploads\/2021\/11\/lower-ibc-venting_orig-768x768.jpg 768w, https:\/\/ibcparts.eu\/wp-content\/uploads\/2021\/11\/lower-ibc-venting_orig-12x12.jpg 12w, https:\/\/ibcparts.eu\/wp-content\/uploads\/2021\/11\/lower-ibc-venting_orig-600x600.jpg 600w\" alt=\"\" width=\"363\" height=\"363\" \/><\/p>\n<p>Utilizzate il coperchio HoseFlow (nella foto) - al quale collegate il tubo da giardino - sul serbatoio inferiore.  Fissate l'altra estremit\u00e0 del tubo flessibile al di sopra dell'altezza in cui l'acqua confluisce nel serbatoio superiore (ad esempio, dove avete un rubinetto dalla grondaia - di solito sono sufficienti 200 cm di tubo). In questo modo il serbatoio inferiore si riempir\u00e0 senza problemi attraverso la valvola.<\/p>\n<p><strong>Si prega di notare che questo articolo pu\u00f2 essere utilizzato solo se si dispone di un serbatoio su un pallet metallico o se il serbatoio non ha una gamba centrale.<\/strong><\/p>\n<p><a href=\"https:\/\/ibcparts.eu\/izdelek\/pokrov-hoseflow\/\">Copertura HoseFlow (nuova versione!)<\/a><\/p>\n<p>\u010ce \u017ee imate pokrov z navojem na sredini, lahko uporabite:<\/p>\n<p><img decoding=\"async\" src=\"https:\/\/ibcparts.eu\/wp-content\/uploads\/2021\/11\/airvent.png\" sizes=\"(max-width: 238px) 100vw, 238px\" srcset=\"https:\/\/ibcparts.eu\/wp-content\/uploads\/2021\/11\/airvent.png 238w, https:\/\/ibcparts.eu\/wp-content\/uploads\/2021\/11\/airvent-150x150.png 150w, https:\/\/ibcparts.eu\/wp-content\/uploads\/2021\/11\/airvent-12x12.png 12w\" alt=\"\" width=\"238\" height=\"238\" \/><\/p>\n<p><a href=\"https:\/\/ibcparts.eu\/izdelek\/oddusnik-easy\/\"><strong>Od<\/strong><strong>du\u0161nik AirVent<\/strong><\/a><\/p>\n<p><strong>Si prega di notare che questo articolo pu\u00f2 essere utilizzato solo se si dispone di un serbatoio su un pallet metallico o se il serbatoio non ha una gamba centrale.<\/strong><\/p>\n<p>\u010ce imate cisterno, ki ima sredinsko nogo in le-ta sedi na pokrovu spodnje cisterne, lahko zadevo re\u0161ite podobno z na\u0161imi <a href=\"https:\/\/ibcparts.eu\/kategorije\/skozniki\/\"><strong>parentesi<\/strong> <\/a>&#8211; priporo\u010dljivo <strong>20 ali 25mm<\/strong>.<\/p>\n<p>Solo che in questo caso \u00e8 necessario praticare un foro adeguato nella parte superiore del serbatoio inferiore, preferibilmente vicino al coperchio.<\/p>\n<p><img decoding=\"async\" class=\"alignnone wp-image-18620\" src=\"http:\/\/ibcparts.eu\/wp-content\/uploads\/2023\/03\/Skoznik-FlowTek-Bend-300x300.png\" alt=\"Skoznik FlowTek Bend (15mm, 20mm, 25mm, 50mm)\" width=\"213\" height=\"213\" srcset=\"https:\/\/ibcparts.eu\/wp-content\/uploads\/2023\/03\/Skoznik-FlowTek-Bend-300x300.png 300w, https:\/\/ibcparts.eu\/wp-content\/uploads\/2023\/03\/Skoznik-FlowTek-Bend-150x150.png 150w, https:\/\/ibcparts.eu\/wp-content\/uploads\/2023\/03\/Skoznik-FlowTek-Bend-12x12.png 12w, https:\/\/ibcparts.eu\/wp-content\/uploads\/2023\/03\/Skoznik-FlowTek-Bend.png 499w\" sizes=\"(max-width: 213px) 100vw, 213px\" \/><\/p>\n<p><strong><a href=\"https:\/\/ibcparts.eu\/izdelek\/skoznik-flowtek-bend\/\">Skozniki FlowTek Bend<\/a><\/strong><\/p>\n<p><strong>Suggerimento!<\/strong><br \/>\nSi consiglia vivamente di far passare l'acqua attraverso un filtro quando entra nella vasca per evitare marciumi, muffe e crescita eccessiva di microrganismi nella vasca.<br \/>\nOffriamo filtri per l'acqua piovana da montare su un tubo con grondaia, che filtrano le impurit\u00e0 pi\u00f9 grandi (foglie, muschio, ecc.).<br \/>\nAbbiamo anche una variet\u00e0 di filtri fini da montare sul serbatoio IBC stesso.<br \/>\nAssicuratevi che l'acqua dei vostri serbatoi rimanga pulita il pi\u00f9 a lungo possibile. <a href=\"https:\/\/ibcparts.eu\/izdelek\/zascitna-ponjava-tarp-za-ibc-cisterno\/\">Con tappetino di protezione UV per serbatoio IBC<\/a> limitare ulteriormente la crescita dei microrganismi.<\/p>\n<p><img decoding=\"async\" class=\"alignleft\" src=\"https:\/\/www.namoci.si\/uploads\/1\/1\/7\/5\/117519317\/povezava-ibc-cistern-duo-vertikal-z-opcijo-duo-plus-31_orig.jpg\" alt=\"Opzione PLUS per serbatoio IBC\" width=\"214\" height=\"214\" \/><\/p>\n<p>&nbsp;<\/p>\n<p>&nbsp;<\/p>\n<p>&nbsp;<\/p>\n<p>&nbsp;<\/p>\n<p>&nbsp;<\/p>\n<p>&nbsp;<\/p>\n<p><strong><span style=\"color: #6cb83a;\">Opzione PLUS!<\/span><\/strong><\/p>\n<p>\u00c8 inoltre possibile scegliere un'opzione <strong>PI\u00d9<\/strong>. In questo modo si ottiene un'uscita aggiuntiva per il tubo da giardino - vedi foto.<br \/>\nIn questo modo \u00e8 possibile svuotare completamente il serbatoio senza interferire con il sistema.<\/p>","protected":false},"excerpt":{"rendered":"<p><span style=\"font-size: large;\">Sistema per il collegamento di quattro serbatoi IBC.<\/span><\/p>\n<p><strong><span style=\"font-size: medium;\"><span style=\"color: #5fa233;\">La posizione del rubinetto pu\u00f2 essere su uno qualsiasi dei tubi\u00a0<\/span><\/span><\/strong><span style=\"font-size: medium;\"><span style=\"color: #626262;\">- decidete voi quando si tratta di installazione.<\/span><\/span><\/p>\n<p><strong><span style=\"font-size: medium;\"><span style=\"color: #508d24;\">PREZZO:<\/span><\/span><\/strong><br \/>\n<strong><span style=\"color: #508d24; font-size: medium;\">\u200b<\/span><\/strong>Codice articolo: #570b,\u00a0<strong>4XP1<\/strong>:\u00a0<strong><span style=\"color: #508d24; font-size: medium;\">103,50\u20ac\u00a0<\/span><\/strong>(rubinetto metallico 3\/4\u2033GardeFlow*).<br \/>\n<strong><span style=\"color: #508d24; font-size: medium;\">\u200b<\/span><\/strong>Codice articolo: #570c,\u00a0<strong>4XP2<\/strong>:\u00a0<strong><span style=\"color: #508d24; font-size: medium;\">104,50\u20ac\u00a0<\/span><\/strong>(rubinetto metallico HighFlow da 3\/4\"*).<br \/>\n<strong><span style=\"color: #508d24; font-size: medium;\">\u200b<\/span><\/strong>Codice articolo: #570d,\u00a0<strong>4XP3<\/strong>:\u00a0<strong><span style=\"color: #508d24; font-size: medium;\">113,50\u20ac\u00a0<\/span><\/strong>(<u>doppio\u00a0<\/u>1\/2\u2033 PRO* rubinetto metallico).<br \/>\n<strong><span style=\"color: #508d24; font-size: medium;\">\u200b<\/span><\/strong>Codice articolo: #570e,\u00a0<strong>4XP4<\/strong>:\u00a0<strong><span style=\"color: #508d24; font-size: medium;\">117,50\u20ac\u00a0<\/span><\/strong>(<u>doppio\u00a0<\/u>rubinetto metallico 3\/4 PRO*).<br \/>\nCodice articolo: #570f,\u00a0<strong>4XP5<\/strong>:\u00a0<strong><span style=\"color: #508d24; font-size: medium;\">109,50\u20ac\u00a0<\/span><\/strong>(1\u2033 rubinetto metallico*).<br \/>\nCodice articolo: #570g,\u00a0<strong>4XP6<\/strong>:\u00a0<strong><span style=\"color: #508d24; font-size: medium;\">109,50\u20ac\u00a0<\/span><\/strong>(1\u2033 rubinetto QuickFlow in metallo*).<br \/>\nCodice articolo: #570h,\u00a0<strong>4XP7<\/strong>:\u00a0<strong><span style=\"color: #508d24; font-size: medium;\">109,50\u20ac\u00a0<\/span><\/strong>(valvola metallica da 3\/4\u2033 + rubinetto*).<br \/>\nCodice articolo: #570i,\u00a0<strong>4XP8<\/strong>:\u00a0<strong><span style=\"color: #508d24; font-size: medium;\">111,50\u20ac\u00a0<\/span><\/strong>(1\u2033 valvola metallica + rubinetto*).<br \/>\nCodice articolo: #570j,\u00a0<strong>4XP9<\/strong>:\u00a0<strong><span style=\"color: #508d24; font-size: medium;\">111,50\u20ac\u00a0<\/span><\/strong>(valvola in plastica da 1\u2033 + rubinetto*).<\/p>\n<p>Installazione molto facile.<br \/>\n\u200b\u200b<strong><span style=\"font-size: medium;\">Gi\u00e0 inventato per voi.<\/span><\/strong><\/p>\n<p><span style=\"font-size: large;\">\u200b<\/span><br \/>\n<strong>Il pacchetto include:<\/strong><br \/>\nRiduttore AVA 4x per serbatoi con valvola fi 55-62mm, filettatura grossa S60x6 (DN50), raccordo a T F 5x, giunto a gomito 4x, tubo flessibile, rubinetto, riduttore.<\/p>\n<p><strong><span style=\"font-size: medium;\">Ora con guarnizioni in gomma EPDM GRATIS.<\/span><\/strong><\/p>\n<p><em><span style=\"font-size: medium;\">*I tubi di alkaten sono leggermente curvi perch\u00e9 sono conservati su bobine. Noi usiamo i tubi alkatene LESS, che sono pi\u00f9 flessibili e molto pi\u00f9 facili da usare - li raddrizzi quando li installi e rimangono in quella posizione.<\/span><\/em><\/p>\n<p>Guarnizione in schiuma (PE). Eccellente tenuta e alta durata!<\/p>\n<p><strong>*Ulteriori informazioni su rubinetti e valvole sono disponibili sul sito\u00a0<a href=\"https:\/\/ibcparts.eu\/kategorije\/pipe-ventili-in-medeninasti-prikljucki\/\">qui<\/a>.<\/strong><\/p>\n<p><strong>Possiamo anche costruire un sistema secondo le vostre specifiche. Uscite multiple, una valvola per collegare un idroforo, rubinetti multipli, ecc... Il collegamento dell'idroforo \u00e8 pi\u00f9 pratico sul lato destro - a causa della direzione di apertura della maniglia della valvola.<\/strong><\/p>\n<p><strong>Contattateci per ulteriori domande e consigli.<\/strong><\/p>","protected":false},"featured_media":12584,"template":"","meta":[],"product_brand":[],"product_cat":[190,189],"product_tag":[],"class_list":{"0":"post-7124","1":"product","2":"type-product","3":"status-publish","4":"has-post-thumbnail","6":"product_cat-sistemi-4x","7":"product_cat-sistemi-za-povezavo","9":"first","10":"instock","11":"shipping-taxable","12":"purchasable","13":"product-type-variable"},"yoast_head":"<!-- This site is optimized with the Yoast SEO plugin v27.1.1 - https:\/\/yoast.com\/product\/yoast-seo-wordpress\/ -->\n<title>4X PRO | IBCparts.eu<\/title>\n<meta name=\"description\" content=\"Sistem 4X PRO za povezavo \u0161tirih IBC cistern s postavitvijo ena na drugi (2+2).\" \/>\n<meta name=\"robots\" content=\"index, follow, max-snippet:-1, max-image-preview:large, max-video-preview:-1\" \/>\n<link rel=\"canonical\" href=\"https:\/\/ibcparts.eu\/it\/prodotto\/sistem-4x-pro\/\" \/>\n<meta property=\"og:locale\" content=\"it_IT\" \/>\n<meta property=\"og:type\" content=\"article\" \/>\n<meta property=\"og:title\" content=\"4X PRO | IBCparts.eu\" \/>\n<meta property=\"og:description\" content=\"Sistem 4X PRO za povezavo \u0161tirih IBC cistern s postavitvijo ena na drugi (2+2).\" \/>\n<meta property=\"og:url\" content=\"https:\/\/ibcparts.eu\/it\/prodotto\/sistem-4x-pro\/\" \/>\n<meta property=\"og:site_name\" content=\"IBCparts.eu\" \/>\n<meta property=\"article:modified_time\" content=\"2026-01-06T12:41:18+00:00\" \/>\n<meta property=\"og:image\" content=\"https:\/\/ibcparts.eu\/wp-content\/uploads\/2022\/01\/4X-PRO.jpg\" \/>\n\t<meta property=\"og:image:width\" content=\"1181\" \/>\n\t<meta property=\"og:image:height\" content=\"1181\" \/>\n\t<meta property=\"og:image:type\" content=\"image\/jpeg\" \/>\n<meta name=\"twitter:card\" content=\"summary_large_image\" \/>\n<script type=\"application\/ld+json\" class=\"yoast-schema-graph\">{\"@context\":\"https:\/\/schema.org\",\"@graph\":[{\"@type\":\"WebPage\",\"@id\":\"https:\/\/ibcparts.eu\/izdelek\/sistem-4x-pro\/\",\"url\":\"https:\/\/ibcparts.eu\/izdelek\/sistem-4x-pro\/\",\"name\":\"4X PRO | IBCparts.eu\",\"isPartOf\":{\"@id\":\"https:\/\/ibcparts.eu\/#website\"},\"primaryImageOfPage\":{\"@id\":\"https:\/\/ibcparts.eu\/izdelek\/sistem-4x-pro\/#primaryimage\"},\"image\":{\"@id\":\"https:\/\/ibcparts.eu\/izdelek\/sistem-4x-pro\/#primaryimage\"},\"thumbnailUrl\":\"https:\/\/ibcparts.eu\/wp-content\/uploads\/2022\/01\/4X-PRO.jpg\",\"datePublished\":\"2021-11-04T09:51:22+00:00\",\"dateModified\":\"2026-01-06T12:41:18+00:00\",\"description\":\"Sistem 4X PRO za povezavo \u0161tirih IBC cistern s postavitvijo ena na drugi (2+2).\",\"breadcrumb\":{\"@id\":\"https:\/\/ibcparts.eu\/izdelek\/sistem-4x-pro\/#breadcrumb\"},\"inLanguage\":\"it-IT\",\"potentialAction\":[{\"@type\":\"ReadAction\",\"target\":[\"https:\/\/ibcparts.eu\/izdelek\/sistem-4x-pro\/\"]}]},{\"@type\":\"ImageObject\",\"inLanguage\":\"it-IT\",\"@id\":\"https:\/\/ibcparts.eu\/izdelek\/sistem-4x-pro\/#primaryimage\",\"url\":\"https:\/\/ibcparts.eu\/wp-content\/uploads\/2022\/01\/4X-PRO.jpg\",\"contentUrl\":\"https:\/\/ibcparts.eu\/wp-content\/uploads\/2022\/01\/4X-PRO.jpg\",\"width\":1181,\"height\":1181,\"caption\":\"4X PRO\"},{\"@type\":\"BreadcrumbList\",\"@id\":\"https:\/\/ibcparts.eu\/izdelek\/sistem-4x-pro\/#breadcrumb\",\"itemListElement\":[{\"@type\":\"ListItem\",\"position\":1,\"name\":\"Home\",\"item\":\"https:\/\/ibcparts.eu\/\"},{\"@type\":\"ListItem\",\"position\":2,\"name\":\"Nakupujte\",\"item\":\"https:\/\/ibcparts.eu\/nakupujte\/\"},{\"@type\":\"ListItem\",\"position\":3,\"name\":\"4X PRO\"}]},{\"@type\":\"WebSite\",\"@id\":\"https:\/\/ibcparts.eu\/#website\",\"url\":\"https:\/\/ibcparts.eu\/\",\"name\":\"IBCparts.eu\",\"description\":\"\",\"publisher\":{\"@id\":\"https:\/\/ibcparts.eu\/#organization\"},\"potentialAction\":[{\"@type\":\"SearchAction\",\"target\":{\"@type\":\"EntryPoint\",\"urlTemplate\":\"https:\/\/ibcparts.eu\/?s={search_term_string}\"},\"query-input\":{\"@type\":\"PropertyValueSpecification\",\"valueRequired\":true,\"valueName\":\"search_term_string\"}}],\"inLanguage\":\"it-IT\"},{\"@type\":\"Organization\",\"@id\":\"https:\/\/ibcparts.eu\/#organization\",\"name\":\"IBCparts\",\"url\":\"https:\/\/ibcparts.eu\/\",\"logo\":{\"@type\":\"ImageObject\",\"inLanguage\":\"it-IT\",\"@id\":\"https:\/\/ibcparts.eu\/#\/schema\/logo\/image\/\",\"url\":\"https:\/\/ibcparts.eu\/wp-content\/uploads\/2021\/10\/Footer-Logo.png\",\"contentUrl\":\"https:\/\/ibcparts.eu\/wp-content\/uploads\/2021\/10\/Footer-Logo.png\",\"width\":1992,\"height\":772,\"caption\":\"IBCparts\"},\"image\":{\"@id\":\"https:\/\/ibcparts.eu\/#\/schema\/logo\/image\/\"}}]}<\/script>\n<!-- \/ Yoast SEO plugin. -->","yoast_head_json":{"title":"4X PRO | IBCparts.eu","description":"Sistema 4X PRO per il collegamento di quattro serbatoi IBC in configurazione 2+2.","robots":{"index":"index","follow":"follow","max-snippet":"max-snippet:-1","max-image-preview":"max-image-preview:large","max-video-preview":"max-video-preview:-1"},"canonical":"https:\/\/ibcparts.eu\/it\/prodotto\/sistem-4x-pro\/","og_locale":"it_IT","og_type":"article","og_title":"4X PRO | IBCparts.eu","og_description":"Sistem 4X PRO za povezavo \u0161tirih IBC cistern s postavitvijo ena na drugi (2+2).","og_url":"https:\/\/ibcparts.eu\/it\/prodotto\/sistem-4x-pro\/","og_site_name":"IBCparts.eu","article_modified_time":"2026-01-06T12:41:18+00:00","og_image":[{"width":1181,"height":1181,"url":"https:\/\/ibcparts.eu\/wp-content\/uploads\/2022\/01\/4X-PRO.jpg","type":"image\/jpeg"}],"twitter_card":"summary_large_image","schema":{"@context":"https:\/\/schema.org","@graph":[{"@type":"WebPage","@id":"https:\/\/ibcparts.eu\/izdelek\/sistem-4x-pro\/","url":"https:\/\/ibcparts.eu\/izdelek\/sistem-4x-pro\/","name":"4X PRO | IBCparts.eu","isPartOf":{"@id":"https:\/\/ibcparts.eu\/#website"},"primaryImageOfPage":{"@id":"https:\/\/ibcparts.eu\/izdelek\/sistem-4x-pro\/#primaryimage"},"image":{"@id":"https:\/\/ibcparts.eu\/izdelek\/sistem-4x-pro\/#primaryimage"},"thumbnailUrl":"https:\/\/ibcparts.eu\/wp-content\/uploads\/2022\/01\/4X-PRO.jpg","datePublished":"2021-11-04T09:51:22+00:00","dateModified":"2026-01-06T12:41:18+00:00","description":"Sistema 4X PRO per il collegamento di quattro serbatoi IBC in configurazione 2+2.","breadcrumb":{"@id":"https:\/\/ibcparts.eu\/izdelek\/sistem-4x-pro\/#breadcrumb"},"inLanguage":"it-IT","potentialAction":[{"@type":"ReadAction","target":["https:\/\/ibcparts.eu\/izdelek\/sistem-4x-pro\/"]}]},{"@type":"ImageObject","inLanguage":"it-IT","@id":"https:\/\/ibcparts.eu\/izdelek\/sistem-4x-pro\/#primaryimage","url":"https:\/\/ibcparts.eu\/wp-content\/uploads\/2022\/01\/4X-PRO.jpg","contentUrl":"https:\/\/ibcparts.eu\/wp-content\/uploads\/2022\/01\/4X-PRO.jpg","width":1181,"height":1181,"caption":"4X PRO"},{"@type":"BreadcrumbList","@id":"https:\/\/ibcparts.eu\/izdelek\/sistem-4x-pro\/#breadcrumb","itemListElement":[{"@type":"ListItem","position":1,"name":"Home","item":"https:\/\/ibcparts.eu\/"},{"@type":"ListItem","position":2,"name":"Nakupujte","item":"https:\/\/ibcparts.eu\/nakupujte\/"},{"@type":"ListItem","position":3,"name":"4X PRO"}]},{"@type":"WebSite","@id":"https:\/\/ibcparts.eu\/#website","url":"https:\/\/ibcparts.eu\/","name":"IBCparts.eu","description":"","publisher":{"@id":"https:\/\/ibcparts.eu\/#organization"},"potentialAction":[{"@type":"SearchAction","target":{"@type":"EntryPoint","urlTemplate":"https:\/\/ibcparts.eu\/?s={search_term_string}"},"query-input":{"@type":"PropertyValueSpecification","valueRequired":true,"valueName":"search_term_string"}}],"inLanguage":"it-IT"},{"@type":"Organization","@id":"https:\/\/ibcparts.eu\/#organization","name":"IBCparts","url":"https:\/\/ibcparts.eu\/","logo":{"@type":"ImageObject","inLanguage":"it-IT","@id":"https:\/\/ibcparts.eu\/#\/schema\/logo\/image\/","url":"https:\/\/ibcparts.eu\/wp-content\/uploads\/2021\/10\/Footer-Logo.png","contentUrl":"https:\/\/ibcparts.eu\/wp-content\/uploads\/2021\/10\/Footer-Logo.png","width":1992,"height":772,"caption":"IBCparts"},"image":{"@id":"https:\/\/ibcparts.eu\/#\/schema\/logo\/image\/"}}]}},"_links":{"self":[{"href":"https:\/\/ibcparts.eu\/it\/wp-json\/wp\/v2\/product\/7124","targetHints":{"allow":["GET"]}}],"collection":[{"href":"https:\/\/ibcparts.eu\/it\/wp-json\/wp\/v2\/product"}],"about":[{"href":"https:\/\/ibcparts.eu\/it\/wp-json\/wp\/v2\/types\/product"}],"version-history":[{"count":3,"href":"https:\/\/ibcparts.eu\/it\/wp-json\/wp\/v2\/product\/7124\/revisions"}],"predecessor-version":[{"id":19875,"href":"https:\/\/ibcparts.eu\/it\/wp-json\/wp\/v2\/product\/7124\/revisions\/19875"}],"wp:featuredmedia":[{"embeddable":true,"href":"https:\/\/ibcparts.eu\/it\/wp-json\/wp\/v2\/media\/12584"}],"wp:attachment":[{"href":"https:\/\/ibcparts.eu\/it\/wp-json\/wp\/v2\/media?parent=7124"}],"wp:term":[{"taxonomy":"product_brand","embeddable":true,"href":"https:\/\/ibcparts.eu\/it\/wp-json\/wp\/v2\/product_brand?post=7124"},{"taxonomy":"product_cat","embeddable":true,"href":"https:\/\/ibcparts.eu\/it\/wp-json\/wp\/v2\/product_cat?post=7124"},{"taxonomy":"product_tag","embeddable":true,"href":"https:\/\/ibcparts.eu\/it\/wp-json\/wp\/v2\/product_tag?post=7124"}],"curies":[{"name":"wp","href":"https:\/\/api.w.org\/{rel}","templated":true}]}}