{"id":7038,"date":"2021-11-04T08:07:24","date_gmt":"2021-11-04T07:07:24","guid":{"rendered":"https:\/\/ibcparts.eu\/?post_type=product&#038;p=7038"},"modified":"2025-12-27T18:19:14","modified_gmt":"2025-12-27T17:19:14","slug":"rocka-za-natakanje","status":"publish","type":"product","link":"https:\/\/ibcparts.eu\/it\/prodotto\/pistola-di-erogazione\/","title":{"rendered":"Ro\u010dka za natakanje (voda, AdBlue)"},"content":{"rendered":"<div class=\"paragraph\"><\/div>","protected":false},"excerpt":{"rendered":"<p><span style=\"font-size: large;\">\u200bKvalitetna ro\u010dka za pretakanje vode, AdBlue.<\/span><\/p>\n<ul>\n<li>Material ro\u010dke: PP in nerjave\u010de jeklo<\/li>\n<li>Colore: bianco.<\/li>\n<li><strong>Dimensione: 3\/4\u2033\u00a0<\/strong>(18 mm di diametro su entrambi i lati).<\/li>\n<li>Primerna za vodo in za AdBlue.<\/li>\n<li>Se ne izklopi avtomatsko, \u010de je rezervoar poln.<\/li>\n<li>Ima zati\u010d, ki dr\u017ei odprt pretok, brez da jo dr\u017eite v roki.<\/li>\n<\/ul>\n<p>Facile da usare e molto resistente!<\/p>","protected":false},"featured_media":19147,"template":"","meta":[],"product_brand":[],"product_cat":[187,486,319],"product_tag":[399],"class_list":{"0":"post-7038","1":"product","2":"type-product","3":"status-publish","4":"has-post-thumbnail","6":"product_cat-pripomocki-za-pretakanje-tekocine","7":"product_cat-rocke-za-pretakanje-tekocine","8":"product_cat-vse-za-uporabo-z-adblue","9":"product_tag-rocka-za-natakanje-adblue","11":"first","12":"instock","13":"shipping-taxable","14":"purchasable","15":"product-type-simple"},"yoast_head":"<!-- This site is optimized with the Yoast SEO plugin v27.1.1 - https:\/\/yoast.com\/product\/yoast-seo-wordpress\/ -->\n<title>Ro\u010dka za natakanje (voda, AdBlue) | IBCparts.eu<\/title>\n<meta name=\"description\" content=\"\u200bKvalitetna ro\u010dka za pretakanje vode in AdBlue. Velikost: 3\/4&quot;\u00a0(na obeh straneh 18mm premera). Material: PP in nerjave\u010de jeklo.\" \/>\n<meta name=\"robots\" content=\"index, follow, max-snippet:-1, max-image-preview:large, max-video-preview:-1\" \/>\n<link rel=\"canonical\" href=\"https:\/\/ibcparts.eu\/it\/prodotto\/pistola-di-erogazione\/\" \/>\n<meta property=\"og:locale\" content=\"it_IT\" \/>\n<meta property=\"og:type\" content=\"article\" \/>\n<meta property=\"og:title\" content=\"Ro\u010dka za natakanje (voda, AdBlue) | IBCparts.eu\" \/>\n<meta property=\"og:description\" content=\"\u200bKvalitetna ro\u010dka za pretakanje vode in AdBlue. Velikost: 3\/4&quot;\u00a0(na obeh straneh 18mm premera). Material: PP in nerjave\u010de jeklo.\" \/>\n<meta property=\"og:url\" content=\"https:\/\/ibcparts.eu\/it\/prodotto\/pistola-di-erogazione\/\" \/>\n<meta property=\"og:site_name\" content=\"IBCparts.eu\" \/>\n<meta property=\"article:modified_time\" content=\"2025-12-27T17:19:14+00:00\" \/>\n<meta property=\"og:image\" content=\"https:\/\/ibcparts.eu\/wp-content\/uploads\/2021\/11\/Rocka-za-pretakanje-AdBlue-1.png\" \/>\n\t<meta property=\"og:image:width\" content=\"500\" \/>\n\t<meta property=\"og:image:height\" content=\"500\" \/>\n\t<meta property=\"og:image:type\" content=\"image\/png\" \/>\n<meta name=\"twitter:card\" content=\"summary_large_image\" \/>\n<script type=\"application\/ld+json\" class=\"yoast-schema-graph\">{\"@context\":\"https:\/\/schema.org\",\"@graph\":[{\"@type\":\"WebPage\",\"@id\":\"https:\/\/ibcparts.eu\/izdelek\/rocka-za-natakanje\/\",\"url\":\"https:\/\/ibcparts.eu\/izdelek\/rocka-za-natakanje\/\",\"name\":\"Ro\u010dka za natakanje (voda, AdBlue) | IBCparts.eu\",\"isPartOf\":{\"@id\":\"https:\/\/ibcparts.eu\/#website\"},\"primaryImageOfPage\":{\"@id\":\"https:\/\/ibcparts.eu\/izdelek\/rocka-za-natakanje\/#primaryimage\"},\"image\":{\"@id\":\"https:\/\/ibcparts.eu\/izdelek\/rocka-za-natakanje\/#primaryimage\"},\"thumbnailUrl\":\"https:\/\/ibcparts.eu\/wp-content\/uploads\/2021\/11\/Rocka-za-pretakanje-AdBlue-1.png\",\"datePublished\":\"2021-11-04T07:07:24+00:00\",\"dateModified\":\"2025-12-27T17:19:14+00:00\",\"description\":\"\u200bKvalitetna ro\u010dka za pretakanje vode in AdBlue. Velikost: 3\/4\\\"\u00a0(na obeh straneh 18mm premera). Material: PP in nerjave\u010de jeklo.\",\"breadcrumb\":{\"@id\":\"https:\/\/ibcparts.eu\/izdelek\/rocka-za-natakanje\/#breadcrumb\"},\"inLanguage\":\"it-IT\",\"potentialAction\":[{\"@type\":\"ReadAction\",\"target\":[\"https:\/\/ibcparts.eu\/izdelek\/rocka-za-natakanje\/\"]}]},{\"@type\":\"ImageObject\",\"inLanguage\":\"it-IT\",\"@id\":\"https:\/\/ibcparts.eu\/izdelek\/rocka-za-natakanje\/#primaryimage\",\"url\":\"https:\/\/ibcparts.eu\/wp-content\/uploads\/2021\/11\/Rocka-za-pretakanje-AdBlue-1.png\",\"contentUrl\":\"https:\/\/ibcparts.eu\/wp-content\/uploads\/2021\/11\/Rocka-za-pretakanje-AdBlue-1.png\",\"width\":500,\"height\":500,\"caption\":\"Ro\u010dka za pretakanje AdBlue\"},{\"@type\":\"BreadcrumbList\",\"@id\":\"https:\/\/ibcparts.eu\/izdelek\/rocka-za-natakanje\/#breadcrumb\",\"itemListElement\":[{\"@type\":\"ListItem\",\"position\":1,\"name\":\"Home\",\"item\":\"https:\/\/ibcparts.eu\/\"},{\"@type\":\"ListItem\",\"position\":2,\"name\":\"Nakupujte\",\"item\":\"https:\/\/ibcparts.eu\/nakupujte\/\"},{\"@type\":\"ListItem\",\"position\":3,\"name\":\"Ro\u010dka za natakanje (voda, AdBlue)\"}]},{\"@type\":\"WebSite\",\"@id\":\"https:\/\/ibcparts.eu\/#website\",\"url\":\"https:\/\/ibcparts.eu\/\",\"name\":\"IBCparts.eu\",\"description\":\"\",\"publisher\":{\"@id\":\"https:\/\/ibcparts.eu\/#organization\"},\"potentialAction\":[{\"@type\":\"SearchAction\",\"target\":{\"@type\":\"EntryPoint\",\"urlTemplate\":\"https:\/\/ibcparts.eu\/?s={search_term_string}\"},\"query-input\":{\"@type\":\"PropertyValueSpecification\",\"valueRequired\":true,\"valueName\":\"search_term_string\"}}],\"inLanguage\":\"it-IT\"},{\"@type\":\"Organization\",\"@id\":\"https:\/\/ibcparts.eu\/#organization\",\"name\":\"IBCparts\",\"url\":\"https:\/\/ibcparts.eu\/\",\"logo\":{\"@type\":\"ImageObject\",\"inLanguage\":\"it-IT\",\"@id\":\"https:\/\/ibcparts.eu\/#\/schema\/logo\/image\/\",\"url\":\"https:\/\/ibcparts.eu\/wp-content\/uploads\/2021\/10\/Footer-Logo.png\",\"contentUrl\":\"https:\/\/ibcparts.eu\/wp-content\/uploads\/2021\/10\/Footer-Logo.png\",\"width\":1992,\"height\":772,\"caption\":\"IBCparts\"},\"image\":{\"@id\":\"https:\/\/ibcparts.eu\/#\/schema\/logo\/image\/\"}}]}<\/script>\n<!-- \/ Yoast SEO plugin. -->","yoast_head_json":{"title":"Ro\u010dka za natakanje (voda, AdBlue) | IBCparts.eu","description":"\u200bKvalitetna ro\u010dka za pretakanje vode in AdBlue. Velikost: 3\/4\"\u00a0(na obeh straneh 18mm premera). Material: PP in nerjave\u010de jeklo.","robots":{"index":"index","follow":"follow","max-snippet":"max-snippet:-1","max-image-preview":"max-image-preview:large","max-video-preview":"max-video-preview:-1"},"canonical":"https:\/\/ibcparts.eu\/it\/prodotto\/pistola-di-erogazione\/","og_locale":"it_IT","og_type":"article","og_title":"Ro\u010dka za natakanje (voda, AdBlue) | IBCparts.eu","og_description":"\u200bKvalitetna ro\u010dka za pretakanje vode in AdBlue. Velikost: 3\/4\"\u00a0(na obeh straneh 18mm premera). Material: PP in nerjave\u010de jeklo.","og_url":"https:\/\/ibcparts.eu\/it\/prodotto\/pistola-di-erogazione\/","og_site_name":"IBCparts.eu","article_modified_time":"2025-12-27T17:19:14+00:00","og_image":[{"width":500,"height":500,"url":"https:\/\/ibcparts.eu\/wp-content\/uploads\/2021\/11\/Rocka-za-pretakanje-AdBlue-1.png","type":"image\/png"}],"twitter_card":"summary_large_image","schema":{"@context":"https:\/\/schema.org","@graph":[{"@type":"WebPage","@id":"https:\/\/ibcparts.eu\/izdelek\/rocka-za-natakanje\/","url":"https:\/\/ibcparts.eu\/izdelek\/rocka-za-natakanje\/","name":"Ro\u010dka za natakanje (voda, AdBlue) | IBCparts.eu","isPartOf":{"@id":"https:\/\/ibcparts.eu\/#website"},"primaryImageOfPage":{"@id":"https:\/\/ibcparts.eu\/izdelek\/rocka-za-natakanje\/#primaryimage"},"image":{"@id":"https:\/\/ibcparts.eu\/izdelek\/rocka-za-natakanje\/#primaryimage"},"thumbnailUrl":"https:\/\/ibcparts.eu\/wp-content\/uploads\/2021\/11\/Rocka-za-pretakanje-AdBlue-1.png","datePublished":"2021-11-04T07:07:24+00:00","dateModified":"2025-12-27T17:19:14+00:00","description":"\u200bKvalitetna ro\u010dka za pretakanje vode in AdBlue. Velikost: 3\/4\"\u00a0(na obeh straneh 18mm premera). Material: PP in nerjave\u010de jeklo.","breadcrumb":{"@id":"https:\/\/ibcparts.eu\/izdelek\/rocka-za-natakanje\/#breadcrumb"},"inLanguage":"it-IT","potentialAction":[{"@type":"ReadAction","target":["https:\/\/ibcparts.eu\/izdelek\/rocka-za-natakanje\/"]}]},{"@type":"ImageObject","inLanguage":"it-IT","@id":"https:\/\/ibcparts.eu\/izdelek\/rocka-za-natakanje\/#primaryimage","url":"https:\/\/ibcparts.eu\/wp-content\/uploads\/2021\/11\/Rocka-za-pretakanje-AdBlue-1.png","contentUrl":"https:\/\/ibcparts.eu\/wp-content\/uploads\/2021\/11\/Rocka-za-pretakanje-AdBlue-1.png","width":500,"height":500,"caption":"Ro\u010dka za pretakanje AdBlue"},{"@type":"BreadcrumbList","@id":"https:\/\/ibcparts.eu\/izdelek\/rocka-za-natakanje\/#breadcrumb","itemListElement":[{"@type":"ListItem","position":1,"name":"Home","item":"https:\/\/ibcparts.eu\/"},{"@type":"ListItem","position":2,"name":"Nakupujte","item":"https:\/\/ibcparts.eu\/nakupujte\/"},{"@type":"ListItem","position":3,"name":"Ro\u010dka za natakanje (voda, AdBlue)"}]},{"@type":"WebSite","@id":"https:\/\/ibcparts.eu\/#website","url":"https:\/\/ibcparts.eu\/","name":"IBCparts.eu","description":"","publisher":{"@id":"https:\/\/ibcparts.eu\/#organization"},"potentialAction":[{"@type":"SearchAction","target":{"@type":"EntryPoint","urlTemplate":"https:\/\/ibcparts.eu\/?s={search_term_string}"},"query-input":{"@type":"PropertyValueSpecification","valueRequired":true,"valueName":"search_term_string"}}],"inLanguage":"it-IT"},{"@type":"Organization","@id":"https:\/\/ibcparts.eu\/#organization","name":"IBCparts","url":"https:\/\/ibcparts.eu\/","logo":{"@type":"ImageObject","inLanguage":"it-IT","@id":"https:\/\/ibcparts.eu\/#\/schema\/logo\/image\/","url":"https:\/\/ibcparts.eu\/wp-content\/uploads\/2021\/10\/Footer-Logo.png","contentUrl":"https:\/\/ibcparts.eu\/wp-content\/uploads\/2021\/10\/Footer-Logo.png","width":1992,"height":772,"caption":"IBCparts"},"image":{"@id":"https:\/\/ibcparts.eu\/#\/schema\/logo\/image\/"}}]}},"_links":{"self":[{"href":"https:\/\/ibcparts.eu\/it\/wp-json\/wp\/v2\/product\/7038","targetHints":{"allow":["GET"]}}],"collection":[{"href":"https:\/\/ibcparts.eu\/it\/wp-json\/wp\/v2\/product"}],"about":[{"href":"https:\/\/ibcparts.eu\/it\/wp-json\/wp\/v2\/types\/product"}],"version-history":[{"count":1,"href":"https:\/\/ibcparts.eu\/it\/wp-json\/wp\/v2\/product\/7038\/revisions"}],"predecessor-version":[{"id":19454,"href":"https:\/\/ibcparts.eu\/it\/wp-json\/wp\/v2\/product\/7038\/revisions\/19454"}],"wp:featuredmedia":[{"embeddable":true,"href":"https:\/\/ibcparts.eu\/it\/wp-json\/wp\/v2\/media\/19147"}],"wp:attachment":[{"href":"https:\/\/ibcparts.eu\/it\/wp-json\/wp\/v2\/media?parent=7038"}],"wp:term":[{"taxonomy":"product_brand","embeddable":true,"href":"https:\/\/ibcparts.eu\/it\/wp-json\/wp\/v2\/product_brand?post=7038"},{"taxonomy":"product_cat","embeddable":true,"href":"https:\/\/ibcparts.eu\/it\/wp-json\/wp\/v2\/product_cat?post=7038"},{"taxonomy":"product_tag","embeddable":true,"href":"https:\/\/ibcparts.eu\/it\/wp-json\/wp\/v2\/product_tag?post=7038"}],"curies":[{"name":"wp","href":"https:\/\/api.w.org\/{rel}","templated":true}]}}