{"id":6316,"date":"2021-10-16T18:21:20","date_gmt":"2021-10-16T17:21:20","guid":{"rendered":"https:\/\/ibcparts.eu\/?post_type=product&#038;p=6316"},"modified":"2026-01-13T14:20:04","modified_gmt":"2026-01-13T13:20:04","slug":"reducir-iz-s100-na-1","status":"publish","type":"product","link":"https:\/\/ibcparts.eu\/it\/prodotto\/reducir-iz-s100-na-1\/","title":{"rendered":"Riduttore S100 PRO per cisterna IBC (1\u2033)"},"content":{"rendered":"","protected":false},"excerpt":{"rendered":"<h2 data-start=\"144\" data-end=\"213\">Riduttore S100 PRO con filettatura BSP interna da 1\u2033 per cisterna IBC<\/h2>\n<p data-start=\"215\" data-end=\"817\" class=\" translation-block\">Il riduttore S100 PRO \u00e8 un riduttore professionale, di altissima qualit\u00e0 e molto resistente per cisterne IBC con filettatura S100x8 (\u00d8 97\u2013100 mm, filetto grosso). \u00c8 progettato per il montaggio sulla valvola o direttamente sul serbatoio della cisterna quando \u00e8 presente la filettatura S100x8. Viene utilizzato come <strong data-start=\"472\" data-end=\"518\">adattatore o raccordo per cisterna IBC<\/strong> in tutti i tipi di utilizzo, compreso quello industriale. \u00c8 realizzato in materiale PP puro, lavorato al tornio, presenta una superficie ruvida per una presa migliore ed \u00e8 dotato di una guarnizione in gomma NB\/SB sul lato interno che garantisce <strong data-start=\"712\" data-end=\"778\">una tenuta affidabile anche in presenza di piccole irregolarit\u00e0 del filetto<\/strong>. Il prodotto \u00e8 idoneo al contatto con alimenti.<\/p>\n<p data-start=\"819\" data-end=\"844\"><strong data-start=\"819\" data-end=\"842\">Caratteristiche tecniche<\/strong><\/p>\n<ul>\n<li data-start=\"847\" data-end=\"908\">Tipo di prodotto: riduttore (adattatore \/ raccordo per cisterna IBC)<\/li>\n<li data-start=\"911\" data-end=\"956\">Tipo di filettatura sulla cisterna: S100x8, filetto grosso<\/li>\n<li data-start=\"959\" data-end=\"1031\">Adatto per filettature sulla cisterna: \u00d8 97\u2013100 mm (diametro esterno comprensivo di filetto)<\/li>\n<li data-start=\"1034\" data-end=\"1079\">Tipo di filettatura in uscita: interna (femmina) BSP<\/li>\n<li data-start=\"1082\" data-end=\"1100\">Dimensione della filettatura: <strong>1\u2033<\/strong><\/li>\n<li data-start=\"1135\" data-end=\"1164\">Materiale: PP puro, lavorato al tornio<\/li>\n<li data-start=\"1167\" data-end=\"1180\">Colore: nero<\/li>\n<li data-start=\"1183\" data-end=\"1220\">Superficie: ruvida per una migliore presa<\/li>\n<li data-start=\"1223\" data-end=\"1257\">Guarnizione: guarnizione in gomma NB\/SB<\/li>\n<li data-start=\"1260\" data-end=\"1291\">Idoneo al contatto con alimenti: s\u00ec<\/li>\n<\/ul>\n<p data-start=\"1293\" data-end=\"1397\">Informazioni aggiuntive:<\/p>\n<p class=\" translation-block\">\u00c8 inoltre possibile acquistare <a href=\"https:\/\/ibcparts.eu\/nakupujte\/tesnila\/tesnilo-90x74\/\" target=\"_self\">guarnizioni<\/a>: EPDM (sostanze chimiche), NBR (olio), SILICONE (resine).<\/p>","protected":false},"featured_media":14659,"template":"","meta":[],"product_brand":[],"product_cat":[170,303],"product_tag":[395],"class_list":{"0":"post-6316","1":"product","2":"type-product","3":"status-publish","4":"has-post-thumbnail","6":"product_cat-reducirji-in-prikljucki-za-ibc","7":"product_cat-s100x8","8":"product_tag-adapter-pro-s100x8-za-ibc-cisterno","10":"first","11":"instock","12":"shipping-taxable","13":"purchasable","14":"product-type-simple"},"yoast_head":"<!-- This site is optimized with the Yoast SEO plugin v27.1.1 - https:\/\/yoast.com\/product\/yoast-seo-wordpress\/ -->\n<title>Reducir S100 PRO za IBC cisterno (1\u2033) | IBCparts.eu<\/title>\n<meta name=\"description\" content=\"Adapter S100x8 PRO za IBC cisterno z navojem ali ventilom fi 97-100mm (S100x8). Merite zunanji premer,\u200b z navoji vred. Material: \u010disti PP\" \/>\n<meta name=\"robots\" content=\"index, follow, max-snippet:-1, max-image-preview:large, max-video-preview:-1\" \/>\n<link rel=\"canonical\" href=\"https:\/\/ibcparts.eu\/it\/prodotto\/reducir-iz-s100-na-1\/\" \/>\n<meta property=\"og:locale\" content=\"it_IT\" \/>\n<meta property=\"og:type\" content=\"article\" \/>\n<meta property=\"og:title\" content=\"Reducir S100 PRO za IBC cisterno (1\u2033) | IBCparts.eu\" \/>\n<meta property=\"og:description\" content=\"Adapter S100x8 PRO za IBC cisterno z navojem ali ventilom fi 97-100mm (S100x8). Merite zunanji premer,\u200b z navoji vred. Material: \u010disti PP\" \/>\n<meta property=\"og:url\" content=\"https:\/\/ibcparts.eu\/it\/prodotto\/reducir-iz-s100-na-1\/\" \/>\n<meta property=\"og:site_name\" content=\"IBCparts.eu\" \/>\n<meta property=\"article:modified_time\" content=\"2026-01-13T13:20:04+00:00\" \/>\n<meta property=\"og:image\" content=\"https:\/\/ibcparts.eu\/wp-content\/uploads\/2021\/11\/dd.jpg\" \/>\n\t<meta property=\"og:image:width\" content=\"500\" \/>\n\t<meta property=\"og:image:height\" content=\"500\" \/>\n\t<meta property=\"og:image:type\" content=\"image\/jpeg\" \/>\n<meta name=\"twitter:card\" content=\"summary_large_image\" \/>\n<script type=\"application\/ld+json\" class=\"yoast-schema-graph\">{\"@context\":\"https:\/\/schema.org\",\"@graph\":[{\"@type\":\"WebPage\",\"@id\":\"https:\/\/ibcparts.eu\/izdelek\/reducir-iz-s100-na-1\/\",\"url\":\"https:\/\/ibcparts.eu\/izdelek\/reducir-iz-s100-na-1\/\",\"name\":\"Reducir S100 PRO za IBC cisterno (1\u2033) | IBCparts.eu\",\"isPartOf\":{\"@id\":\"https:\/\/ibcparts.eu\/#website\"},\"primaryImageOfPage\":{\"@id\":\"https:\/\/ibcparts.eu\/izdelek\/reducir-iz-s100-na-1\/#primaryimage\"},\"image\":{\"@id\":\"https:\/\/ibcparts.eu\/izdelek\/reducir-iz-s100-na-1\/#primaryimage\"},\"thumbnailUrl\":\"https:\/\/ibcparts.eu\/wp-content\/uploads\/2021\/11\/dd.jpg\",\"datePublished\":\"2021-10-16T17:21:20+00:00\",\"dateModified\":\"2026-01-13T13:20:04+00:00\",\"description\":\"Adapter S100x8 PRO za IBC cisterno z navojem ali ventilom fi 97-100mm (S100x8). Merite zunanji premer,\u200b z navoji vred. Material: \u010disti PP\",\"breadcrumb\":{\"@id\":\"https:\/\/ibcparts.eu\/izdelek\/reducir-iz-s100-na-1\/#breadcrumb\"},\"inLanguage\":\"it-IT\",\"potentialAction\":[{\"@type\":\"ReadAction\",\"target\":[\"https:\/\/ibcparts.eu\/izdelek\/reducir-iz-s100-na-1\/\"]}]},{\"@type\":\"ImageObject\",\"inLanguage\":\"it-IT\",\"@id\":\"https:\/\/ibcparts.eu\/izdelek\/reducir-iz-s100-na-1\/#primaryimage\",\"url\":\"https:\/\/ibcparts.eu\/wp-content\/uploads\/2021\/11\/dd.jpg\",\"contentUrl\":\"https:\/\/ibcparts.eu\/wp-content\/uploads\/2021\/11\/dd.jpg\",\"width\":500,\"height\":500},{\"@type\":\"BreadcrumbList\",\"@id\":\"https:\/\/ibcparts.eu\/izdelek\/reducir-iz-s100-na-1\/#breadcrumb\",\"itemListElement\":[{\"@type\":\"ListItem\",\"position\":1,\"name\":\"Home\",\"item\":\"https:\/\/ibcparts.eu\/\"},{\"@type\":\"ListItem\",\"position\":2,\"name\":\"Nakupujte\",\"item\":\"https:\/\/ibcparts.eu\/nakupujte\/\"},{\"@type\":\"ListItem\",\"position\":3,\"name\":\"Reducir S100 PRO za IBC cisterno (1\u2033)\"}]},{\"@type\":\"WebSite\",\"@id\":\"https:\/\/ibcparts.eu\/#website\",\"url\":\"https:\/\/ibcparts.eu\/\",\"name\":\"IBCparts.eu\",\"description\":\"\",\"publisher\":{\"@id\":\"https:\/\/ibcparts.eu\/#organization\"},\"potentialAction\":[{\"@type\":\"SearchAction\",\"target\":{\"@type\":\"EntryPoint\",\"urlTemplate\":\"https:\/\/ibcparts.eu\/?s={search_term_string}\"},\"query-input\":{\"@type\":\"PropertyValueSpecification\",\"valueRequired\":true,\"valueName\":\"search_term_string\"}}],\"inLanguage\":\"it-IT\"},{\"@type\":\"Organization\",\"@id\":\"https:\/\/ibcparts.eu\/#organization\",\"name\":\"IBCparts\",\"url\":\"https:\/\/ibcparts.eu\/\",\"logo\":{\"@type\":\"ImageObject\",\"inLanguage\":\"it-IT\",\"@id\":\"https:\/\/ibcparts.eu\/#\/schema\/logo\/image\/\",\"url\":\"https:\/\/ibcparts.eu\/wp-content\/uploads\/2021\/10\/Footer-Logo.png\",\"contentUrl\":\"https:\/\/ibcparts.eu\/wp-content\/uploads\/2021\/10\/Footer-Logo.png\",\"width\":1992,\"height\":772,\"caption\":\"IBCparts\"},\"image\":{\"@id\":\"https:\/\/ibcparts.eu\/#\/schema\/logo\/image\/\"}}]}<\/script>\n<!-- \/ Yoast SEO plugin. -->","yoast_head_json":{"title":"Reducir S100 PRO za IBC cisterno (1\u2033) | IBCparts.eu","description":"Adapter S100x8 PRO za IBC cisterno z navojem ali ventilom fi 97-100mm (S100x8). Merite zunanji premer,\u200b z navoji vred. Material: \u010disti PP","robots":{"index":"index","follow":"follow","max-snippet":"max-snippet:-1","max-image-preview":"max-image-preview:large","max-video-preview":"max-video-preview:-1"},"canonical":"https:\/\/ibcparts.eu\/it\/prodotto\/reducir-iz-s100-na-1\/","og_locale":"it_IT","og_type":"article","og_title":"Reducir S100 PRO za IBC cisterno (1\u2033) | IBCparts.eu","og_description":"Adapter S100x8 PRO za IBC cisterno z navojem ali ventilom fi 97-100mm (S100x8). Merite zunanji premer,\u200b z navoji vred. Material: \u010disti PP","og_url":"https:\/\/ibcparts.eu\/it\/prodotto\/reducir-iz-s100-na-1\/","og_site_name":"IBCparts.eu","article_modified_time":"2026-01-13T13:20:04+00:00","og_image":[{"width":500,"height":500,"url":"https:\/\/ibcparts.eu\/wp-content\/uploads\/2021\/11\/dd.jpg","type":"image\/jpeg"}],"twitter_card":"summary_large_image","schema":{"@context":"https:\/\/schema.org","@graph":[{"@type":"WebPage","@id":"https:\/\/ibcparts.eu\/izdelek\/reducir-iz-s100-na-1\/","url":"https:\/\/ibcparts.eu\/izdelek\/reducir-iz-s100-na-1\/","name":"Reducir S100 PRO za IBC cisterno (1\u2033) | IBCparts.eu","isPartOf":{"@id":"https:\/\/ibcparts.eu\/#website"},"primaryImageOfPage":{"@id":"https:\/\/ibcparts.eu\/izdelek\/reducir-iz-s100-na-1\/#primaryimage"},"image":{"@id":"https:\/\/ibcparts.eu\/izdelek\/reducir-iz-s100-na-1\/#primaryimage"},"thumbnailUrl":"https:\/\/ibcparts.eu\/wp-content\/uploads\/2021\/11\/dd.jpg","datePublished":"2021-10-16T17:21:20+00:00","dateModified":"2026-01-13T13:20:04+00:00","description":"Adapter S100x8 PRO za IBC cisterno z navojem ali ventilom fi 97-100mm (S100x8). Merite zunanji premer,\u200b z navoji vred. Material: \u010disti PP","breadcrumb":{"@id":"https:\/\/ibcparts.eu\/izdelek\/reducir-iz-s100-na-1\/#breadcrumb"},"inLanguage":"it-IT","potentialAction":[{"@type":"ReadAction","target":["https:\/\/ibcparts.eu\/izdelek\/reducir-iz-s100-na-1\/"]}]},{"@type":"ImageObject","inLanguage":"it-IT","@id":"https:\/\/ibcparts.eu\/izdelek\/reducir-iz-s100-na-1\/#primaryimage","url":"https:\/\/ibcparts.eu\/wp-content\/uploads\/2021\/11\/dd.jpg","contentUrl":"https:\/\/ibcparts.eu\/wp-content\/uploads\/2021\/11\/dd.jpg","width":500,"height":500},{"@type":"BreadcrumbList","@id":"https:\/\/ibcparts.eu\/izdelek\/reducir-iz-s100-na-1\/#breadcrumb","itemListElement":[{"@type":"ListItem","position":1,"name":"Home","item":"https:\/\/ibcparts.eu\/"},{"@type":"ListItem","position":2,"name":"Nakupujte","item":"https:\/\/ibcparts.eu\/nakupujte\/"},{"@type":"ListItem","position":3,"name":"Reducir S100 PRO za IBC cisterno (1\u2033)"}]},{"@type":"WebSite","@id":"https:\/\/ibcparts.eu\/#website","url":"https:\/\/ibcparts.eu\/","name":"IBCparts.eu","description":"","publisher":{"@id":"https:\/\/ibcparts.eu\/#organization"},"potentialAction":[{"@type":"SearchAction","target":{"@type":"EntryPoint","urlTemplate":"https:\/\/ibcparts.eu\/?s={search_term_string}"},"query-input":{"@type":"PropertyValueSpecification","valueRequired":true,"valueName":"search_term_string"}}],"inLanguage":"it-IT"},{"@type":"Organization","@id":"https:\/\/ibcparts.eu\/#organization","name":"IBCparts","url":"https:\/\/ibcparts.eu\/","logo":{"@type":"ImageObject","inLanguage":"it-IT","@id":"https:\/\/ibcparts.eu\/#\/schema\/logo\/image\/","url":"https:\/\/ibcparts.eu\/wp-content\/uploads\/2021\/10\/Footer-Logo.png","contentUrl":"https:\/\/ibcparts.eu\/wp-content\/uploads\/2021\/10\/Footer-Logo.png","width":1992,"height":772,"caption":"IBCparts"},"image":{"@id":"https:\/\/ibcparts.eu\/#\/schema\/logo\/image\/"}}]}},"_links":{"self":[{"href":"https:\/\/ibcparts.eu\/it\/wp-json\/wp\/v2\/product\/6316","targetHints":{"allow":["GET"]}}],"collection":[{"href":"https:\/\/ibcparts.eu\/it\/wp-json\/wp\/v2\/product"}],"about":[{"href":"https:\/\/ibcparts.eu\/it\/wp-json\/wp\/v2\/types\/product"}],"version-history":[{"count":2,"href":"https:\/\/ibcparts.eu\/it\/wp-json\/wp\/v2\/product\/6316\/revisions"}],"predecessor-version":[{"id":20206,"href":"https:\/\/ibcparts.eu\/it\/wp-json\/wp\/v2\/product\/6316\/revisions\/20206"}],"wp:featuredmedia":[{"embeddable":true,"href":"https:\/\/ibcparts.eu\/it\/wp-json\/wp\/v2\/media\/14659"}],"wp:attachment":[{"href":"https:\/\/ibcparts.eu\/it\/wp-json\/wp\/v2\/media?parent=6316"}],"wp:term":[{"taxonomy":"product_brand","embeddable":true,"href":"https:\/\/ibcparts.eu\/it\/wp-json\/wp\/v2\/product_brand?post=6316"},{"taxonomy":"product_cat","embeddable":true,"href":"https:\/\/ibcparts.eu\/it\/wp-json\/wp\/v2\/product_cat?post=6316"},{"taxonomy":"product_tag","embeddable":true,"href":"https:\/\/ibcparts.eu\/it\/wp-json\/wp\/v2\/product_tag?post=6316"}],"curies":[{"name":"wp","href":"https:\/\/api.w.org\/{rel}","templated":true}]}}