{"id":20373,"date":"2026-01-20T09:47:00","date_gmt":"2026-01-20T08:47:00","guid":{"rendered":"https:\/\/ibcparts.eu\/?post_type=product&#038;p=20373"},"modified":"2026-01-20T09:47:00","modified_gmt":"2026-01-20T08:47:00","slug":"prikljucek-za-ibc-cisterno-s-fleksibilno-kovinsko-cevjo-3-4-75-cm","status":"publish","type":"product","link":"https:\/\/ibcparts.eu\/it\/prodotto\/prikljucek-za-ibc-cisterno-s-fleksibilno-kovinsko-cevjo-3-4-75-cm\/","title":{"rendered":"Priklju\u010dek za IBC cisterno s fleksibilno kovinsko cevjo 3\/4&#8243; (75 cm)"},"content":{"rendered":"","protected":false},"excerpt":{"rendered":"<h2 data-start=\"280\" data-end=\"439\">Visokokakovosten <strong data-start=\"297\" data-end=\"327\">priklju\u010dek za IBC cisterno<\/strong> s\u00a0<strong data-start=\"351\" data-end=\"389\">fleksibilno kovinsko cevjo<\/strong> omogo\u010da varen, zanesljiv in prilagodljiv priklop.<\/h2>\n<p data-start=\"441\" data-end=\"479\">Na voljo sta <strong data-start=\"454\" data-end=\"478\">dve izvedbi priklopa<\/strong>:<\/p>\n<ul>\n<li data-start=\"482\" data-end=\"536\"><strong data-start=\"482\" data-end=\"499\">ravni priklop<\/strong> \u2013 cev poteka naravnost iz cisterne<\/li>\n<li data-start=\"539\" data-end=\"621\"><strong data-start=\"539\" data-end=\"560\">kotni priklop 90\u00b0<\/strong> \u2013 izhod s kolenom za stranski priklop<\/li>\n<\/ul>\n<p data-start=\"623\" data-end=\"956\">Adapter vklju\u010duje <strong data-start=\"641\" data-end=\"681\">redukcijo AVA z mo\u0161kim navojem 3\/4&#8243;<\/strong> e <strong data-start=\"685\" data-end=\"702\">EPDM tesnilom<\/strong>, ki zagotavlja odli\u010dno tesnjenje in dolgo \u017eivljenjsko dobo.<br data-start=\"762\" data-end=\"765\" \/><strong data-start=\"765\" data-end=\"816\">Fleksibilna kovinska armirana EPDM cev dol\u017eine 75 cm<\/strong> je izjemno mo\u010dna, odporna na mehanske obremenitve. Na <strong data-start=\"882\" data-end=\"922\">obeh koncih ima notranji navoj 3\/4&#8243;<\/strong>, kar omogo\u010da univerzalno uporabo.<\/p>\n<h3 data-start=\"958\" data-end=\"972\">Caratteristiche:<\/h3>\n<ul>\n<li data-start=\"975\" data-end=\"1003\">primerno za <strong data-start=\"987\" data-end=\"1003\">IBC cisterne z navojem S60x6<\/strong><\/li>\n<li data-start=\"1006\" data-end=\"1047\">izbira priklopa: <strong data-start=\"1023\" data-end=\"1047\">ravni ali 90\u00b0 koleno<\/strong><\/li>\n<li data-start=\"1050\" data-end=\"1093\">redukcija <strong data-start=\"1060\" data-end=\"1093\">AVA \u2013 mo\u010dan mo\u0161ki navoj 3\/4&#8243;<\/strong><\/li>\n<li data-start=\"1096\" data-end=\"1136\"><strong data-start=\"1096\" data-end=\"1112\">EPDM tesnilo<\/strong> za zanesljivo tesnjenje<\/li>\n<li data-start=\"1139\" data-end=\"1176\"><strong data-start=\"1139\" data-end=\"1176\">fleksibilna kovinska armirana cev<\/strong><\/li>\n<li data-start=\"1179\" data-end=\"1202\">dol\u017eina cevi: <strong data-start=\"1193\" data-end=\"1202\">75 cm<\/strong><\/li>\n<li data-start=\"1205\" data-end=\"1250\">filettatura interna <strong data-start=\"1220\" data-end=\"1250\">3\/4&#8243; na obeh straneh cevi<\/strong><\/li>\n<li data-start=\"1253\" data-end=\"1285\">zelo robustna in trpe\u017ena izvedba<\/li>\n<li data-start=\"1288\" data-end=\"1344\">primerno za <strong data-start=\"1300\" data-end=\"1344\">vrtno, kmetijsko in industrijsko uporabo<\/strong><\/li>\n<\/ul>","protected":false},"featured_media":20374,"template":"","meta":[],"product_brand":[],"product_cat":[170,298],"product_tag":[],"class_list":{"0":"post-20373","1":"product","2":"type-product","3":"status-publish","4":"has-post-thumbnail","6":"product_cat-reducirji-in-prikljucki-za-ibc","7":"product_cat-prikljucki-za-cisterno-z-navojem-s60x6","9":"first","10":"instock","11":"shipping-taxable","12":"purchasable","13":"product-type-variable"},"yoast_head":"<!-- This site is optimized with the Yoast SEO plugin v27.1.1 - https:\/\/yoast.com\/product\/yoast-seo-wordpress\/ -->\n<title>Priklju\u010dek za IBC cisterno s fleksibilno kovinsko cevjo 3\/4&quot; (75 cm) | IBCparts.eu<\/title>\n<meta name=\"robots\" content=\"index, follow, max-snippet:-1, max-image-preview:large, max-video-preview:-1\" \/>\n<link rel=\"canonical\" href=\"https:\/\/ibcparts.eu\/it\/prodotto\/prikljucek-za-ibc-cisterno-s-fleksibilno-kovinsko-cevjo-3-4-75-cm\/\" \/>\n<meta property=\"og:locale\" content=\"it_IT\" \/>\n<meta property=\"og:type\" content=\"article\" \/>\n<meta property=\"og:title\" content=\"Priklju\u010dek za IBC cisterno s fleksibilno kovinsko cevjo 3\/4&quot; (75 cm) | IBCparts.eu\" \/>\n<meta property=\"og:description\" content=\"Visokokakovosten priklju\u010dek za IBC cisterno s\u00a0fleksibilno kovinsko cevjo omogo\u010da varen, zanesljiv in prilagodljiv priklop. Na voljo sta dve izvedbi priklopa:    ravni priklop \u2013 cev poteka naravnost iz cisterne  kotni priklop 90\u00b0 \u2013 izhod s kolenom za stranski priklop  Adapter vklju\u010duje redukcijo AVA z mo\u0161kim navojem 3\/4&quot; in EPDM tesnilom, ki zagotavlja odli\u010dno tesnjenje in dolgo \u017eivljenjsko dobo.Fleksibilna kovinska armirana EPDM cev dol\u017eine 75 cm je izjemno mo\u010dna, odporna na mehanske obremenitve. Na obeh koncih ima notranji navoj 3\/4&quot;, kar omogo\u010da univerzalno uporabo.  Lastnosti:   primerno za IBC cisterne z navojem S60x6  izbira priklopa: ravni ali 90\u00b0 koleno  redukcija AVA \u2013 mo\u010dan mo\u0161ki navoj 3\/4&quot;  EPDM tesnilo za zanesljivo tesnjenje  fleksibilna kovinska armirana cev  dol\u017eina cevi: 75 cm  notranji navoj 3\/4&quot; na obeh straneh cevi  zelo robustna in trpe\u017ena izvedba  primerno za vrtno, kmetijsko in industrijsko uporabo\" \/>\n<meta property=\"og:url\" content=\"https:\/\/ibcparts.eu\/it\/prodotto\/prikljucek-za-ibc-cisterno-s-fleksibilno-kovinsko-cevjo-3-4-75-cm\/\" \/>\n<meta property=\"og:site_name\" content=\"IBCparts.eu\" \/>\n<meta property=\"og:image\" content=\"https:\/\/ibcparts.eu\/wp-content\/uploads\/2026\/01\/Prikljucek-za-IBC-cisterno-s-fleksibilno-kovinsko-cevjo-34-75-cm-1.jpg\" \/>\n\t<meta property=\"og:image:width\" content=\"500\" \/>\n\t<meta property=\"og:image:height\" content=\"500\" \/>\n\t<meta property=\"og:image:type\" content=\"image\/jpeg\" \/>\n<meta name=\"twitter:card\" content=\"summary_large_image\" \/>\n<script type=\"application\/ld+json\" class=\"yoast-schema-graph\">{\"@context\":\"https:\/\/schema.org\",\"@graph\":[{\"@type\":\"WebPage\",\"@id\":\"https:\/\/ibcparts.eu\/izdelek\/prikljucek-za-ibc-cisterno-s-fleksibilno-kovinsko-cevjo-3-4-75-cm\/\",\"url\":\"https:\/\/ibcparts.eu\/izdelek\/prikljucek-za-ibc-cisterno-s-fleksibilno-kovinsko-cevjo-3-4-75-cm\/\",\"name\":\"Priklju\u010dek za IBC cisterno s fleksibilno kovinsko cevjo 3\/4\\\" (75 cm) | IBCparts.eu\",\"isPartOf\":{\"@id\":\"https:\/\/ibcparts.eu\/#website\"},\"primaryImageOfPage\":{\"@id\":\"https:\/\/ibcparts.eu\/izdelek\/prikljucek-za-ibc-cisterno-s-fleksibilno-kovinsko-cevjo-3-4-75-cm\/#primaryimage\"},\"image\":{\"@id\":\"https:\/\/ibcparts.eu\/izdelek\/prikljucek-za-ibc-cisterno-s-fleksibilno-kovinsko-cevjo-3-4-75-cm\/#primaryimage\"},\"thumbnailUrl\":\"https:\/\/ibcparts.eu\/wp-content\/uploads\/2026\/01\/Prikljucek-za-IBC-cisterno-s-fleksibilno-kovinsko-cevjo-34-75-cm-1.jpg\",\"datePublished\":\"2026-01-20T08:47:00+00:00\",\"breadcrumb\":{\"@id\":\"https:\/\/ibcparts.eu\/izdelek\/prikljucek-za-ibc-cisterno-s-fleksibilno-kovinsko-cevjo-3-4-75-cm\/#breadcrumb\"},\"inLanguage\":\"it-IT\",\"potentialAction\":[{\"@type\":\"ReadAction\",\"target\":[\"https:\/\/ibcparts.eu\/izdelek\/prikljucek-za-ibc-cisterno-s-fleksibilno-kovinsko-cevjo-3-4-75-cm\/\"]}]},{\"@type\":\"ImageObject\",\"inLanguage\":\"it-IT\",\"@id\":\"https:\/\/ibcparts.eu\/izdelek\/prikljucek-za-ibc-cisterno-s-fleksibilno-kovinsko-cevjo-3-4-75-cm\/#primaryimage\",\"url\":\"https:\/\/ibcparts.eu\/wp-content\/uploads\/2026\/01\/Prikljucek-za-IBC-cisterno-s-fleksibilno-kovinsko-cevjo-34-75-cm-1.jpg\",\"contentUrl\":\"https:\/\/ibcparts.eu\/wp-content\/uploads\/2026\/01\/Prikljucek-za-IBC-cisterno-s-fleksibilno-kovinsko-cevjo-34-75-cm-1.jpg\",\"width\":500,\"height\":500,\"caption\":\"Priklju\u010dek za IBC cisterno s fleksibilno kovinsko cevjo 34 (75 cm)\"},{\"@type\":\"BreadcrumbList\",\"@id\":\"https:\/\/ibcparts.eu\/izdelek\/prikljucek-za-ibc-cisterno-s-fleksibilno-kovinsko-cevjo-3-4-75-cm\/#breadcrumb\",\"itemListElement\":[{\"@type\":\"ListItem\",\"position\":1,\"name\":\"Home\",\"item\":\"https:\/\/ibcparts.eu\/\"},{\"@type\":\"ListItem\",\"position\":2,\"name\":\"Nakupujte\",\"item\":\"https:\/\/ibcparts.eu\/nakupujte\/\"},{\"@type\":\"ListItem\",\"position\":3,\"name\":\"Priklju\u010dek za IBC cisterno s fleksibilno kovinsko cevjo 3\/4&#8243; (75 cm)\"}]},{\"@type\":\"WebSite\",\"@id\":\"https:\/\/ibcparts.eu\/#website\",\"url\":\"https:\/\/ibcparts.eu\/\",\"name\":\"IBCparts.eu\",\"description\":\"\",\"publisher\":{\"@id\":\"https:\/\/ibcparts.eu\/#organization\"},\"potentialAction\":[{\"@type\":\"SearchAction\",\"target\":{\"@type\":\"EntryPoint\",\"urlTemplate\":\"https:\/\/ibcparts.eu\/?s={search_term_string}\"},\"query-input\":{\"@type\":\"PropertyValueSpecification\",\"valueRequired\":true,\"valueName\":\"search_term_string\"}}],\"inLanguage\":\"it-IT\"},{\"@type\":\"Organization\",\"@id\":\"https:\/\/ibcparts.eu\/#organization\",\"name\":\"IBCparts\",\"url\":\"https:\/\/ibcparts.eu\/\",\"logo\":{\"@type\":\"ImageObject\",\"inLanguage\":\"it-IT\",\"@id\":\"https:\/\/ibcparts.eu\/#\/schema\/logo\/image\/\",\"url\":\"https:\/\/ibcparts.eu\/wp-content\/uploads\/2021\/10\/Footer-Logo.png\",\"contentUrl\":\"https:\/\/ibcparts.eu\/wp-content\/uploads\/2021\/10\/Footer-Logo.png\",\"width\":1992,\"height\":772,\"caption\":\"IBCparts\"},\"image\":{\"@id\":\"https:\/\/ibcparts.eu\/#\/schema\/logo\/image\/\"}}]}<\/script>\n<!-- \/ Yoast SEO plugin. -->","yoast_head_json":{"title":"Priklju\u010dek za IBC cisterno s fleksibilno kovinsko cevjo 3\/4\" (75 cm) | IBCparts.eu","robots":{"index":"index","follow":"follow","max-snippet":"max-snippet:-1","max-image-preview":"max-image-preview:large","max-video-preview":"max-video-preview:-1"},"canonical":"https:\/\/ibcparts.eu\/it\/prodotto\/prikljucek-za-ibc-cisterno-s-fleksibilno-kovinsko-cevjo-3-4-75-cm\/","og_locale":"it_IT","og_type":"article","og_title":"Priklju\u010dek za IBC cisterno s fleksibilno kovinsko cevjo 3\/4\" (75 cm) | IBCparts.eu","og_description":"Visokokakovosten priklju\u010dek za IBC cisterno s\u00a0fleksibilno kovinsko cevjo omogo\u010da varen, zanesljiv in prilagodljiv priklop. Na voljo sta dve izvedbi priklopa:    ravni priklop \u2013 cev poteka naravnost iz cisterne  kotni priklop 90\u00b0 \u2013 izhod s kolenom za stranski priklop  Adapter vklju\u010duje redukcijo AVA z mo\u0161kim navojem 3\/4\" in EPDM tesnilom, ki zagotavlja odli\u010dno tesnjenje in dolgo \u017eivljenjsko dobo.Fleksibilna kovinska armirana EPDM cev dol\u017eine 75 cm je izjemno mo\u010dna, odporna na mehanske obremenitve. Na obeh koncih ima notranji navoj 3\/4\", kar omogo\u010da univerzalno uporabo.  Lastnosti:   primerno za IBC cisterne z navojem S60x6  izbira priklopa: ravni ali 90\u00b0 koleno  redukcija AVA \u2013 mo\u010dan mo\u0161ki navoj 3\/4\"  EPDM tesnilo za zanesljivo tesnjenje  fleksibilna kovinska armirana cev  dol\u017eina cevi: 75 cm  notranji navoj 3\/4\" na obeh straneh cevi  zelo robustna in trpe\u017ena izvedba  primerno za vrtno, kmetijsko in industrijsko uporabo","og_url":"https:\/\/ibcparts.eu\/it\/prodotto\/prikljucek-za-ibc-cisterno-s-fleksibilno-kovinsko-cevjo-3-4-75-cm\/","og_site_name":"IBCparts.eu","og_image":[{"width":500,"height":500,"url":"https:\/\/ibcparts.eu\/wp-content\/uploads\/2026\/01\/Prikljucek-za-IBC-cisterno-s-fleksibilno-kovinsko-cevjo-34-75-cm-1.jpg","type":"image\/jpeg"}],"twitter_card":"summary_large_image","schema":{"@context":"https:\/\/schema.org","@graph":[{"@type":"WebPage","@id":"https:\/\/ibcparts.eu\/izdelek\/prikljucek-za-ibc-cisterno-s-fleksibilno-kovinsko-cevjo-3-4-75-cm\/","url":"https:\/\/ibcparts.eu\/izdelek\/prikljucek-za-ibc-cisterno-s-fleksibilno-kovinsko-cevjo-3-4-75-cm\/","name":"Priklju\u010dek za IBC cisterno s fleksibilno kovinsko cevjo 3\/4\" (75 cm) | IBCparts.eu","isPartOf":{"@id":"https:\/\/ibcparts.eu\/#website"},"primaryImageOfPage":{"@id":"https:\/\/ibcparts.eu\/izdelek\/prikljucek-za-ibc-cisterno-s-fleksibilno-kovinsko-cevjo-3-4-75-cm\/#primaryimage"},"image":{"@id":"https:\/\/ibcparts.eu\/izdelek\/prikljucek-za-ibc-cisterno-s-fleksibilno-kovinsko-cevjo-3-4-75-cm\/#primaryimage"},"thumbnailUrl":"https:\/\/ibcparts.eu\/wp-content\/uploads\/2026\/01\/Prikljucek-za-IBC-cisterno-s-fleksibilno-kovinsko-cevjo-34-75-cm-1.jpg","datePublished":"2026-01-20T08:47:00+00:00","breadcrumb":{"@id":"https:\/\/ibcparts.eu\/izdelek\/prikljucek-za-ibc-cisterno-s-fleksibilno-kovinsko-cevjo-3-4-75-cm\/#breadcrumb"},"inLanguage":"it-IT","potentialAction":[{"@type":"ReadAction","target":["https:\/\/ibcparts.eu\/izdelek\/prikljucek-za-ibc-cisterno-s-fleksibilno-kovinsko-cevjo-3-4-75-cm\/"]}]},{"@type":"ImageObject","inLanguage":"it-IT","@id":"https:\/\/ibcparts.eu\/izdelek\/prikljucek-za-ibc-cisterno-s-fleksibilno-kovinsko-cevjo-3-4-75-cm\/#primaryimage","url":"https:\/\/ibcparts.eu\/wp-content\/uploads\/2026\/01\/Prikljucek-za-IBC-cisterno-s-fleksibilno-kovinsko-cevjo-34-75-cm-1.jpg","contentUrl":"https:\/\/ibcparts.eu\/wp-content\/uploads\/2026\/01\/Prikljucek-za-IBC-cisterno-s-fleksibilno-kovinsko-cevjo-34-75-cm-1.jpg","width":500,"height":500,"caption":"Priklju\u010dek za IBC cisterno s fleksibilno kovinsko cevjo 34 (75 cm)"},{"@type":"BreadcrumbList","@id":"https:\/\/ibcparts.eu\/izdelek\/prikljucek-za-ibc-cisterno-s-fleksibilno-kovinsko-cevjo-3-4-75-cm\/#breadcrumb","itemListElement":[{"@type":"ListItem","position":1,"name":"Home","item":"https:\/\/ibcparts.eu\/"},{"@type":"ListItem","position":2,"name":"Nakupujte","item":"https:\/\/ibcparts.eu\/nakupujte\/"},{"@type":"ListItem","position":3,"name":"Priklju\u010dek za IBC cisterno s fleksibilno kovinsko cevjo 3\/4&#8243; (75 cm)"}]},{"@type":"WebSite","@id":"https:\/\/ibcparts.eu\/#website","url":"https:\/\/ibcparts.eu\/","name":"IBCparts.eu","description":"","publisher":{"@id":"https:\/\/ibcparts.eu\/#organization"},"potentialAction":[{"@type":"SearchAction","target":{"@type":"EntryPoint","urlTemplate":"https:\/\/ibcparts.eu\/?s={search_term_string}"},"query-input":{"@type":"PropertyValueSpecification","valueRequired":true,"valueName":"search_term_string"}}],"inLanguage":"it-IT"},{"@type":"Organization","@id":"https:\/\/ibcparts.eu\/#organization","name":"IBCparts","url":"https:\/\/ibcparts.eu\/","logo":{"@type":"ImageObject","inLanguage":"it-IT","@id":"https:\/\/ibcparts.eu\/#\/schema\/logo\/image\/","url":"https:\/\/ibcparts.eu\/wp-content\/uploads\/2021\/10\/Footer-Logo.png","contentUrl":"https:\/\/ibcparts.eu\/wp-content\/uploads\/2021\/10\/Footer-Logo.png","width":1992,"height":772,"caption":"IBCparts"},"image":{"@id":"https:\/\/ibcparts.eu\/#\/schema\/logo\/image\/"}}]}},"_links":{"self":[{"href":"https:\/\/ibcparts.eu\/it\/wp-json\/wp\/v2\/product\/20373","targetHints":{"allow":["GET"]}}],"collection":[{"href":"https:\/\/ibcparts.eu\/it\/wp-json\/wp\/v2\/product"}],"about":[{"href":"https:\/\/ibcparts.eu\/it\/wp-json\/wp\/v2\/types\/product"}],"version-history":[{"count":1,"href":"https:\/\/ibcparts.eu\/it\/wp-json\/wp\/v2\/product\/20373\/revisions"}],"predecessor-version":[{"id":20379,"href":"https:\/\/ibcparts.eu\/it\/wp-json\/wp\/v2\/product\/20373\/revisions\/20379"}],"wp:featuredmedia":[{"embeddable":true,"href":"https:\/\/ibcparts.eu\/it\/wp-json\/wp\/v2\/media\/20374"}],"wp:attachment":[{"href":"https:\/\/ibcparts.eu\/it\/wp-json\/wp\/v2\/media?parent=20373"}],"wp:term":[{"taxonomy":"product_brand","embeddable":true,"href":"https:\/\/ibcparts.eu\/it\/wp-json\/wp\/v2\/product_brand?post=20373"},{"taxonomy":"product_cat","embeddable":true,"href":"https:\/\/ibcparts.eu\/it\/wp-json\/wp\/v2\/product_cat?post=20373"},{"taxonomy":"product_tag","embeddable":true,"href":"https:\/\/ibcparts.eu\/it\/wp-json\/wp\/v2\/product_tag?post=20373"}],"curies":[{"name":"wp","href":"https:\/\/api.w.org\/{rel}","templated":true}]}}