{"id":19704,"date":"2026-01-01T10:47:46","date_gmt":"2026-01-01T09:47:46","guid":{"rendered":"https:\/\/ibcparts.eu\/?post_type=product&#038;p=19704"},"modified":"2026-01-01T10:49:20","modified_gmt":"2026-01-01T09:49:20","slug":"adapter-din-51-f-x-2-bsp-f","status":"publish","type":"product","link":"https:\/\/ibcparts.eu\/it\/prodotto\/adapter-din-51-f-x-2-bsp-f\/","title":{"rendered":"Adapter DIN 51 (F) x 2&#8221; BSP (F)"},"content":{"rendered":"","protected":false},"excerpt":{"rendered":"<h2 data-start=\"173\" data-end=\"215\">Adapter DIN 51 F \u00d7 2\u2033 BSP<\/h2>\n<p data-start=\"217\" data-end=\"424\">Adapter je namenjen <strong data-start=\"237\" data-end=\"295\">povezavi plasti\u010dnih kanistrov in sodov z DIN 51 vratom<\/strong> na standardne <strong data-start=\"310\" data-end=\"331\">2\u2033 BSP priklju\u010dke<\/strong>. Omogo\u010da uporabo ventilov, cevi, \u010drpalk ali druge opreme z 2\u2033 BSP navojem na DIN 61 posodah.<\/p>\n<h3 data-start=\"431\" data-end=\"452\">Klju\u010dne lastnosti<\/h3>\n<ul>\n<li data-start=\"455\" data-end=\"500\">prehodni adapter <strong data-start=\"472\" data-end=\"500\">DIN 51 (\u017eenski) \u00d7 2\u2033 BSP<\/strong><\/li>\n<li data-start=\"503\" data-end=\"555\">omogo\u010da priklop industrijske opreme z <strong>2\u2033 BSP navojem<\/strong><\/li>\n<li data-start=\"558\" data-end=\"583\">primeren za ro\u010dno monta\u017eo<\/li>\n<li data-start=\"586\" data-end=\"626\">robustna izvedba za industrijsko uporabo<\/li>\n<\/ul>\n<h3 data-start=\"685\" data-end=\"711\">Tehni\u010dne specifikacije<\/h3>\n<ul>\n<li data-start=\"714\" data-end=\"754\"><strong data-start=\"714\" data-end=\"733\">Navoj (posoda):<\/strong> DIN 51 (cca <strong data-start=\"792\" data-end=\"801\">51 mm)<\/strong>\u00a0\u017eenski (F)<\/li>\n<li data-start=\"806\" data-end=\"838\"><strong data-start=\"806\" data-end=\"827\">Korak DIN navoja:<\/strong> <strong data-start=\"828\" data-end=\"836\">6 mm<\/strong><\/li>\n<li data-start=\"903\" data-end=\"939\"><strong data-start=\"903\" data-end=\"926\">Navoj na drugi strani:<\/strong> <strong data-start=\"927\" data-end=\"937\">2\u2033 BSP \u017eenski (F)<\/strong><\/li>\n<li data-start=\"942\" data-end=\"975\" class=\" translation-block\"><strong>Materiale:<\/strong> plastica (PP)<\/li>\n<li data-start=\"978\" data-end=\"1031\"><strong data-start=\"978\" data-end=\"992\">Tesnjenje:<\/strong> integrirano tesnilo PP<\/li>\n<\/ul>\n<h3 data-start=\"1038\" data-end=\"1057\">Tipi\u010dne uporabe<\/h3>\n<ul>\n<li data-start=\"1060\" data-end=\"1097\">priklop <strong data-start=\"1068\" data-end=\"1083\">2\u2033 ventilov<\/strong> na kanister<\/li>\n<li data-start=\"1100\" data-end=\"1146\">priklop <strong data-start=\"1108\" data-end=\"1127\">cevi ali \u010drpalk<\/strong> z 2\u2033 BSP navojem<\/li>\n<\/ul>","protected":false},"featured_media":19705,"template":"","meta":[],"product_brand":[],"product_cat":[258],"product_tag":[],"class_list":{"0":"post-19704","1":"product","2":"type-product","3":"status-publish","4":"has-post-thumbnail","6":"product_cat-adapterji-za-plastenke-rocke-in-sode","8":"first","9":"instock","10":"shipping-taxable","11":"purchasable","12":"product-type-simple"},"yoast_head":"<!-- This site is optimized with the Yoast SEO plugin v27.1.1 - https:\/\/yoast.com\/product\/yoast-seo-wordpress\/ -->\n<title>Adapter DIN 51 (F) x 2&#039;&#039; BSP (F)<\/title>\n<meta name=\"description\" content=\"Adapter DIN 51 F \u00d7 2\u2033 BSP za povezavo plasti\u010dnih kanistrov in sodov z industrijsko opremo. Omogo\u010da priklop ventilov, cevi ali \u010drpalk z 2\u2033 BSP navojem.\" \/>\n<meta name=\"robots\" content=\"index, follow, max-snippet:-1, max-image-preview:large, max-video-preview:-1\" \/>\n<link rel=\"canonical\" href=\"https:\/\/ibcparts.eu\/it\/prodotto\/adapter-din-51-f-x-2-bsp-f\/\" \/>\n<meta property=\"og:locale\" content=\"it_IT\" \/>\n<meta property=\"og:type\" content=\"article\" \/>\n<meta property=\"og:title\" content=\"Adapter DIN 51 (F) x 2&#039;&#039; BSP (F)\" \/>\n<meta property=\"og:description\" content=\"Adapter DIN 51 F \u00d7 2\u2033 BSP za povezavo plasti\u010dnih kanistrov in sodov z industrijsko opremo. Omogo\u010da priklop ventilov, cevi ali \u010drpalk z 2\u2033 BSP navojem.\" \/>\n<meta property=\"og:url\" content=\"https:\/\/ibcparts.eu\/it\/prodotto\/adapter-din-51-f-x-2-bsp-f\/\" \/>\n<meta property=\"og:site_name\" content=\"IBCparts.eu\" \/>\n<meta property=\"article:modified_time\" content=\"2026-01-01T09:49:20+00:00\" \/>\n<meta property=\"og:image\" content=\"https:\/\/ibcparts.eu\/wp-content\/uploads\/2026\/01\/adapter-DIN51x-2-BSP.png\" \/>\n\t<meta property=\"og:image:width\" content=\"500\" \/>\n\t<meta property=\"og:image:height\" content=\"500\" \/>\n\t<meta property=\"og:image:type\" content=\"image\/png\" \/>\n<meta name=\"twitter:card\" content=\"summary_large_image\" \/>\n<script type=\"application\/ld+json\" class=\"yoast-schema-graph\">{\"@context\":\"https:\/\/schema.org\",\"@graph\":[{\"@type\":\"WebPage\",\"@id\":\"https:\/\/ibcparts.eu\/izdelek\/adapter-din-51-f-x-2-bsp-f\/\",\"url\":\"https:\/\/ibcparts.eu\/izdelek\/adapter-din-51-f-x-2-bsp-f\/\",\"name\":\"Adapter DIN 51 (F) x 2'' BSP (F)\",\"isPartOf\":{\"@id\":\"https:\/\/ibcparts.eu\/#website\"},\"primaryImageOfPage\":{\"@id\":\"https:\/\/ibcparts.eu\/izdelek\/adapter-din-51-f-x-2-bsp-f\/#primaryimage\"},\"image\":{\"@id\":\"https:\/\/ibcparts.eu\/izdelek\/adapter-din-51-f-x-2-bsp-f\/#primaryimage\"},\"thumbnailUrl\":\"https:\/\/ibcparts.eu\/wp-content\/uploads\/2026\/01\/adapter-DIN51x-2-BSP.png\",\"datePublished\":\"2026-01-01T09:47:46+00:00\",\"dateModified\":\"2026-01-01T09:49:20+00:00\",\"description\":\"Adapter DIN 51 F \u00d7 2\u2033 BSP za povezavo plasti\u010dnih kanistrov in sodov z industrijsko opremo. Omogo\u010da priklop ventilov, cevi ali \u010drpalk z 2\u2033 BSP navojem.\",\"breadcrumb\":{\"@id\":\"https:\/\/ibcparts.eu\/izdelek\/adapter-din-51-f-x-2-bsp-f\/#breadcrumb\"},\"inLanguage\":\"it-IT\",\"potentialAction\":[{\"@type\":\"ReadAction\",\"target\":[\"https:\/\/ibcparts.eu\/izdelek\/adapter-din-51-f-x-2-bsp-f\/\"]}]},{\"@type\":\"ImageObject\",\"inLanguage\":\"it-IT\",\"@id\":\"https:\/\/ibcparts.eu\/izdelek\/adapter-din-51-f-x-2-bsp-f\/#primaryimage\",\"url\":\"https:\/\/ibcparts.eu\/wp-content\/uploads\/2026\/01\/adapter-DIN51x-2-BSP.png\",\"contentUrl\":\"https:\/\/ibcparts.eu\/wp-content\/uploads\/2026\/01\/adapter-DIN51x-2-BSP.png\",\"width\":500,\"height\":500,\"caption\":\"adapter DIN51x 2 BSP\"},{\"@type\":\"BreadcrumbList\",\"@id\":\"https:\/\/ibcparts.eu\/izdelek\/adapter-din-51-f-x-2-bsp-f\/#breadcrumb\",\"itemListElement\":[{\"@type\":\"ListItem\",\"position\":1,\"name\":\"Home\",\"item\":\"https:\/\/ibcparts.eu\/\"},{\"@type\":\"ListItem\",\"position\":2,\"name\":\"Nakupujte\",\"item\":\"https:\/\/ibcparts.eu\/nakupujte\/\"},{\"@type\":\"ListItem\",\"position\":3,\"name\":\"Adapter DIN 51 (F) x 2&#8221; BSP (F)\"}]},{\"@type\":\"WebSite\",\"@id\":\"https:\/\/ibcparts.eu\/#website\",\"url\":\"https:\/\/ibcparts.eu\/\",\"name\":\"IBCparts.eu\",\"description\":\"\",\"publisher\":{\"@id\":\"https:\/\/ibcparts.eu\/#organization\"},\"potentialAction\":[{\"@type\":\"SearchAction\",\"target\":{\"@type\":\"EntryPoint\",\"urlTemplate\":\"https:\/\/ibcparts.eu\/?s={search_term_string}\"},\"query-input\":{\"@type\":\"PropertyValueSpecification\",\"valueRequired\":true,\"valueName\":\"search_term_string\"}}],\"inLanguage\":\"it-IT\"},{\"@type\":\"Organization\",\"@id\":\"https:\/\/ibcparts.eu\/#organization\",\"name\":\"IBCparts\",\"url\":\"https:\/\/ibcparts.eu\/\",\"logo\":{\"@type\":\"ImageObject\",\"inLanguage\":\"it-IT\",\"@id\":\"https:\/\/ibcparts.eu\/#\/schema\/logo\/image\/\",\"url\":\"https:\/\/ibcparts.eu\/wp-content\/uploads\/2021\/10\/Footer-Logo.png\",\"contentUrl\":\"https:\/\/ibcparts.eu\/wp-content\/uploads\/2021\/10\/Footer-Logo.png\",\"width\":1992,\"height\":772,\"caption\":\"IBCparts\"},\"image\":{\"@id\":\"https:\/\/ibcparts.eu\/#\/schema\/logo\/image\/\"}}]}<\/script>\n<!-- \/ Yoast SEO plugin. -->","yoast_head_json":{"title":"Adapter DIN 51 (F) x 2'' BSP (F)","description":"Adapter DIN 51 F \u00d7 2\u2033 BSP za povezavo plasti\u010dnih kanistrov in sodov z industrijsko opremo. Omogo\u010da priklop ventilov, cevi ali \u010drpalk z 2\u2033 BSP navojem.","robots":{"index":"index","follow":"follow","max-snippet":"max-snippet:-1","max-image-preview":"max-image-preview:large","max-video-preview":"max-video-preview:-1"},"canonical":"https:\/\/ibcparts.eu\/it\/prodotto\/adapter-din-51-f-x-2-bsp-f\/","og_locale":"it_IT","og_type":"article","og_title":"Adapter DIN 51 (F) x 2'' BSP (F)","og_description":"Adapter DIN 51 F \u00d7 2\u2033 BSP za povezavo plasti\u010dnih kanistrov in sodov z industrijsko opremo. Omogo\u010da priklop ventilov, cevi ali \u010drpalk z 2\u2033 BSP navojem.","og_url":"https:\/\/ibcparts.eu\/it\/prodotto\/adapter-din-51-f-x-2-bsp-f\/","og_site_name":"IBCparts.eu","article_modified_time":"2026-01-01T09:49:20+00:00","og_image":[{"width":500,"height":500,"url":"https:\/\/ibcparts.eu\/wp-content\/uploads\/2026\/01\/adapter-DIN51x-2-BSP.png","type":"image\/png"}],"twitter_card":"summary_large_image","schema":{"@context":"https:\/\/schema.org","@graph":[{"@type":"WebPage","@id":"https:\/\/ibcparts.eu\/izdelek\/adapter-din-51-f-x-2-bsp-f\/","url":"https:\/\/ibcparts.eu\/izdelek\/adapter-din-51-f-x-2-bsp-f\/","name":"Adapter DIN 51 (F) x 2'' BSP (F)","isPartOf":{"@id":"https:\/\/ibcparts.eu\/#website"},"primaryImageOfPage":{"@id":"https:\/\/ibcparts.eu\/izdelek\/adapter-din-51-f-x-2-bsp-f\/#primaryimage"},"image":{"@id":"https:\/\/ibcparts.eu\/izdelek\/adapter-din-51-f-x-2-bsp-f\/#primaryimage"},"thumbnailUrl":"https:\/\/ibcparts.eu\/wp-content\/uploads\/2026\/01\/adapter-DIN51x-2-BSP.png","datePublished":"2026-01-01T09:47:46+00:00","dateModified":"2026-01-01T09:49:20+00:00","description":"Adapter DIN 51 F \u00d7 2\u2033 BSP za povezavo plasti\u010dnih kanistrov in sodov z industrijsko opremo. Omogo\u010da priklop ventilov, cevi ali \u010drpalk z 2\u2033 BSP navojem.","breadcrumb":{"@id":"https:\/\/ibcparts.eu\/izdelek\/adapter-din-51-f-x-2-bsp-f\/#breadcrumb"},"inLanguage":"it-IT","potentialAction":[{"@type":"ReadAction","target":["https:\/\/ibcparts.eu\/izdelek\/adapter-din-51-f-x-2-bsp-f\/"]}]},{"@type":"ImageObject","inLanguage":"it-IT","@id":"https:\/\/ibcparts.eu\/izdelek\/adapter-din-51-f-x-2-bsp-f\/#primaryimage","url":"https:\/\/ibcparts.eu\/wp-content\/uploads\/2026\/01\/adapter-DIN51x-2-BSP.png","contentUrl":"https:\/\/ibcparts.eu\/wp-content\/uploads\/2026\/01\/adapter-DIN51x-2-BSP.png","width":500,"height":500,"caption":"adapter DIN51x 2 BSP"},{"@type":"BreadcrumbList","@id":"https:\/\/ibcparts.eu\/izdelek\/adapter-din-51-f-x-2-bsp-f\/#breadcrumb","itemListElement":[{"@type":"ListItem","position":1,"name":"Home","item":"https:\/\/ibcparts.eu\/"},{"@type":"ListItem","position":2,"name":"Nakupujte","item":"https:\/\/ibcparts.eu\/nakupujte\/"},{"@type":"ListItem","position":3,"name":"Adapter DIN 51 (F) x 2&#8221; BSP (F)"}]},{"@type":"WebSite","@id":"https:\/\/ibcparts.eu\/#website","url":"https:\/\/ibcparts.eu\/","name":"IBCparts.eu","description":"","publisher":{"@id":"https:\/\/ibcparts.eu\/#organization"},"potentialAction":[{"@type":"SearchAction","target":{"@type":"EntryPoint","urlTemplate":"https:\/\/ibcparts.eu\/?s={search_term_string}"},"query-input":{"@type":"PropertyValueSpecification","valueRequired":true,"valueName":"search_term_string"}}],"inLanguage":"it-IT"},{"@type":"Organization","@id":"https:\/\/ibcparts.eu\/#organization","name":"IBCparts","url":"https:\/\/ibcparts.eu\/","logo":{"@type":"ImageObject","inLanguage":"it-IT","@id":"https:\/\/ibcparts.eu\/#\/schema\/logo\/image\/","url":"https:\/\/ibcparts.eu\/wp-content\/uploads\/2021\/10\/Footer-Logo.png","contentUrl":"https:\/\/ibcparts.eu\/wp-content\/uploads\/2021\/10\/Footer-Logo.png","width":1992,"height":772,"caption":"IBCparts"},"image":{"@id":"https:\/\/ibcparts.eu\/#\/schema\/logo\/image\/"}}]}},"_links":{"self":[{"href":"https:\/\/ibcparts.eu\/it\/wp-json\/wp\/v2\/product\/19704","targetHints":{"allow":["GET"]}}],"collection":[{"href":"https:\/\/ibcparts.eu\/it\/wp-json\/wp\/v2\/product"}],"about":[{"href":"https:\/\/ibcparts.eu\/it\/wp-json\/wp\/v2\/types\/product"}],"version-history":[{"count":1,"href":"https:\/\/ibcparts.eu\/it\/wp-json\/wp\/v2\/product\/19704\/revisions"}],"predecessor-version":[{"id":19706,"href":"https:\/\/ibcparts.eu\/it\/wp-json\/wp\/v2\/product\/19704\/revisions\/19706"}],"wp:featuredmedia":[{"embeddable":true,"href":"https:\/\/ibcparts.eu\/it\/wp-json\/wp\/v2\/media\/19705"}],"wp:attachment":[{"href":"https:\/\/ibcparts.eu\/it\/wp-json\/wp\/v2\/media?parent=19704"}],"wp:term":[{"taxonomy":"product_brand","embeddable":true,"href":"https:\/\/ibcparts.eu\/it\/wp-json\/wp\/v2\/product_brand?post=19704"},{"taxonomy":"product_cat","embeddable":true,"href":"https:\/\/ibcparts.eu\/it\/wp-json\/wp\/v2\/product_cat?post=19704"},{"taxonomy":"product_tag","embeddable":true,"href":"https:\/\/ibcparts.eu\/it\/wp-json\/wp\/v2\/product_tag?post=19704"}],"curies":[{"name":"wp","href":"https:\/\/api.w.org\/{rel}","templated":true}]}}