{"id":18362,"date":"2025-11-25T17:57:55","date_gmt":"2025-11-25T16:57:55","guid":{"rendered":"https:\/\/ibcparts.eu\/?post_type=product&#038;p=18362"},"modified":"2026-01-13T13:53:12","modified_gmt":"2026-01-13T12:53:12","slug":"reducir-sol-klik","status":"publish","type":"product","link":"https:\/\/ibcparts.eu\/it\/prodotto\/reducir-sol-klik\/","title":{"rendered":"Riduttore SOL KLIK per cisterna IBC S60x6 (DN50) con attacco rapido da giardino"},"content":{"rendered":"","protected":false},"excerpt":{"rendered":"<div class=\"woocommerce-product-details__short-description\">\n<div class=\"woocommerce-product-details__short-description\">\n<h2 data-start=\"209\" data-end=\"287\">Riduttore SOL KLIK con attacco a scatto per tubo da giardino per cisterna IBC S60x6<\/h2>\n<p data-start=\"289\" data-end=\"702\">Il riduttore SOL KLIK \u00e8 progettato per uso domestico, in particolare per l\u2019irrigazione del giardino. Viene utilizzato su cisterne IBC con valvola di diametro 55\u201362 mm e filettatura grossa S60x6 (DN50). Il riduttore \u00e8 dotato di attacco a scatto per tubo da giardino e di una guarnizione interna in schiuma PE, che garantisce una tenuta affidabile anche in presenza di piccole irregolarit\u00e0 della valvola. Se la valvola \u00e8 danneggiata e presenta bordi taglienti, anche la guarnizione pu\u00f2 danneggiarsi.<\/p>\n<p data-start=\"704\" data-end=\"725\">Caratteristiche tecniche<\/p>\n<ul>\n<li data-start=\"728\" data-end=\"771\">Tipo di prodotto: riduttore con attacco rapido da giardino<\/li>\n<li data-start=\"774\" data-end=\"813\">Tipo di filettatura: S60x6 (DN50), filettatura grossa<\/li>\n<li data-start=\"816\" data-end=\"850\">Adatto a valvole: \u00d8 55\u201362 mm<\/li>\n<li data-start=\"853\" data-end=\"869\">Materiale: HDPE<\/li>\n<li data-start=\"872\" data-end=\"887\">Colore: verde<\/li>\n<li data-start=\"890\" data-end=\"927\">Guarnizione: schiuma PE sul lato interno<\/li>\n<\/ul>\n<p data-start=\"929\" data-end=\"1017\" class=\" translation-block\">Informazioni aggiuntive:<br>\nPer un utilizzo professionale consigliamo l\u2019impiego di riduttori AVA o PRO.<\/p>\n<\/div>\n<div class=\"btn-atc atc-popup\"><\/div>\n<\/div>","protected":false},"featured_media":18366,"template":"","meta":[],"product_brand":[],"product_cat":[170,298],"product_tag":[278,277,275,273,274,272,321,276],"class_list":{"0":"post-18362","1":"product","2":"type-product","3":"status-publish","4":"has-post-thumbnail","6":"product_cat-reducirji-in-prikljucki-za-ibc","7":"product_cat-prikljucki-za-cisterno-z-navojem-s60x6","8":"product_tag-adapter-for-ibc-container","9":"product_tag-adapter-za-1000l","10":"product_tag-adapter-za-kontejner","11":"product_tag-cep-za-cisterno","12":"product_tag-cep-za-ibc","13":"product_tag-ibc-adapter","14":"product_tag-reducir-za-ibc-cisterno","15":"product_tag-reducir-za-kontejner","17":"first","18":"instock","19":"shipping-taxable","20":"purchasable","21":"product-type-simple"},"yoast_head":"<!-- This site is optimized with the Yoast SEO plugin v27.1.1 - https:\/\/yoast.com\/product\/yoast-seo-wordpress\/ -->\n<title>Reducir SOL KLIK za IBC cisterno S60x6 (DN50) z vrtno hitro spojko | IBCparts.eu<\/title>\n<meta name=\"description\" content=\"Reducir SOL KLIK za IBC cisterno S60x6 (DN50) z vrtno klik spojko. Iz HDPE, s tesnilom iz PE pene za zanesljivo tesnjenje pri doma\u010di uporabi.\" \/>\n<meta name=\"robots\" content=\"index, follow, max-snippet:-1, max-image-preview:large, max-video-preview:-1\" \/>\n<link rel=\"canonical\" href=\"https:\/\/ibcparts.eu\/it\/prodotto\/reducir-sol-klik\/\" \/>\n<meta property=\"og:locale\" content=\"it_IT\" \/>\n<meta property=\"og:type\" content=\"article\" \/>\n<meta property=\"og:title\" content=\"Reducir SOL KLIK za IBC cisterno S60x6 (DN50) z vrtno hitro spojko | IBCparts.eu\" \/>\n<meta property=\"og:description\" content=\"Reducir SOL KLIK za IBC cisterno S60x6 (DN50) z vrtno klik spojko. Iz HDPE, s tesnilom iz PE pene za zanesljivo tesnjenje pri doma\u010di uporabi.\" \/>\n<meta property=\"og:url\" content=\"https:\/\/ibcparts.eu\/it\/prodotto\/reducir-sol-klik\/\" \/>\n<meta property=\"og:site_name\" content=\"IBCparts.eu\" \/>\n<meta property=\"article:modified_time\" content=\"2026-01-13T12:53:12+00:00\" \/>\n<meta property=\"og:image\" content=\"https:\/\/ibcparts.eu\/wp-content\/uploads\/2025\/11\/20251125_172401-removebg-preview-min.png\" \/>\n\t<meta property=\"og:image:width\" content=\"500\" \/>\n\t<meta property=\"og:image:height\" content=\"500\" \/>\n\t<meta property=\"og:image:type\" content=\"image\/png\" \/>\n<meta name=\"twitter:card\" content=\"summary_large_image\" \/>\n<meta name=\"twitter:label1\" content=\"Tempo di lettura stimato\" \/>\n\t<meta name=\"twitter:data1\" content=\"3 minuti\" \/>\n<script type=\"application\/ld+json\" class=\"yoast-schema-graph\">{\"@context\":\"https:\/\/schema.org\",\"@graph\":[{\"@type\":\"WebPage\",\"@id\":\"https:\/\/ibcparts.eu\/izdelek\/reducir-sol-klik\/\",\"url\":\"https:\/\/ibcparts.eu\/izdelek\/reducir-sol-klik\/\",\"name\":\"Reducir SOL KLIK za IBC cisterno S60x6 (DN50) z vrtno hitro spojko | IBCparts.eu\",\"isPartOf\":{\"@id\":\"https:\/\/ibcparts.eu\/#website\"},\"primaryImageOfPage\":{\"@id\":\"https:\/\/ibcparts.eu\/izdelek\/reducir-sol-klik\/#primaryimage\"},\"image\":{\"@id\":\"https:\/\/ibcparts.eu\/izdelek\/reducir-sol-klik\/#primaryimage\"},\"thumbnailUrl\":\"https:\/\/ibcparts.eu\/wp-content\/uploads\/2025\/11\/20251125_172401-removebg-preview-min.png\",\"datePublished\":\"2025-11-25T16:57:55+00:00\",\"dateModified\":\"2026-01-13T12:53:12+00:00\",\"description\":\"Reducir SOL KLIK za IBC cisterno S60x6 (DN50) z vrtno klik spojko. Iz HDPE, s tesnilom iz PE pene za zanesljivo tesnjenje pri doma\u010di uporabi.\",\"breadcrumb\":{\"@id\":\"https:\/\/ibcparts.eu\/izdelek\/reducir-sol-klik\/#breadcrumb\"},\"inLanguage\":\"it-IT\",\"potentialAction\":[{\"@type\":\"ReadAction\",\"target\":[\"https:\/\/ibcparts.eu\/izdelek\/reducir-sol-klik\/\"]}]},{\"@type\":\"ImageObject\",\"inLanguage\":\"it-IT\",\"@id\":\"https:\/\/ibcparts.eu\/izdelek\/reducir-sol-klik\/#primaryimage\",\"url\":\"https:\/\/ibcparts.eu\/wp-content\/uploads\/2025\/11\/20251125_172401-removebg-preview-min.png\",\"contentUrl\":\"https:\/\/ibcparts.eu\/wp-content\/uploads\/2025\/11\/20251125_172401-removebg-preview-min.png\",\"width\":500,\"height\":500,\"caption\":\"Reducir SOL + klik nastavek za vrtno cev\"},{\"@type\":\"BreadcrumbList\",\"@id\":\"https:\/\/ibcparts.eu\/izdelek\/reducir-sol-klik\/#breadcrumb\",\"itemListElement\":[{\"@type\":\"ListItem\",\"position\":1,\"name\":\"Home\",\"item\":\"https:\/\/ibcparts.eu\/\"},{\"@type\":\"ListItem\",\"position\":2,\"name\":\"Nakupujte\",\"item\":\"https:\/\/ibcparts.eu\/nakupujte\/\"},{\"@type\":\"ListItem\",\"position\":3,\"name\":\"Reducir SOL KLIK za IBC cisterno S60x6 (DN50) z vrtno hitro spojko\"}]},{\"@type\":\"WebSite\",\"@id\":\"https:\/\/ibcparts.eu\/#website\",\"url\":\"https:\/\/ibcparts.eu\/\",\"name\":\"IBCparts.eu\",\"description\":\"\",\"publisher\":{\"@id\":\"https:\/\/ibcparts.eu\/#organization\"},\"potentialAction\":[{\"@type\":\"SearchAction\",\"target\":{\"@type\":\"EntryPoint\",\"urlTemplate\":\"https:\/\/ibcparts.eu\/?s={search_term_string}\"},\"query-input\":{\"@type\":\"PropertyValueSpecification\",\"valueRequired\":true,\"valueName\":\"search_term_string\"}}],\"inLanguage\":\"it-IT\"},{\"@type\":\"Organization\",\"@id\":\"https:\/\/ibcparts.eu\/#organization\",\"name\":\"IBCparts\",\"url\":\"https:\/\/ibcparts.eu\/\",\"logo\":{\"@type\":\"ImageObject\",\"inLanguage\":\"it-IT\",\"@id\":\"https:\/\/ibcparts.eu\/#\/schema\/logo\/image\/\",\"url\":\"https:\/\/ibcparts.eu\/wp-content\/uploads\/2021\/10\/Footer-Logo.png\",\"contentUrl\":\"https:\/\/ibcparts.eu\/wp-content\/uploads\/2021\/10\/Footer-Logo.png\",\"width\":1992,\"height\":772,\"caption\":\"IBCparts\"},\"image\":{\"@id\":\"https:\/\/ibcparts.eu\/#\/schema\/logo\/image\/\"}}]}<\/script>\n<!-- \/ Yoast SEO plugin. -->","yoast_head_json":{"title":"Reducir SOL KLIK za IBC cisterno S60x6 (DN50) z vrtno hitro spojko | IBCparts.eu","description":"Reducir SOL KLIK za IBC cisterno S60x6 (DN50) z vrtno klik spojko. Iz HDPE, s tesnilom iz PE pene za zanesljivo tesnjenje pri doma\u010di uporabi.","robots":{"index":"index","follow":"follow","max-snippet":"max-snippet:-1","max-image-preview":"max-image-preview:large","max-video-preview":"max-video-preview:-1"},"canonical":"https:\/\/ibcparts.eu\/it\/prodotto\/reducir-sol-klik\/","og_locale":"it_IT","og_type":"article","og_title":"Reducir SOL KLIK za IBC cisterno S60x6 (DN50) z vrtno hitro spojko | IBCparts.eu","og_description":"Reducir SOL KLIK za IBC cisterno S60x6 (DN50) z vrtno klik spojko. Iz HDPE, s tesnilom iz PE pene za zanesljivo tesnjenje pri doma\u010di uporabi.","og_url":"https:\/\/ibcparts.eu\/it\/prodotto\/reducir-sol-klik\/","og_site_name":"IBCparts.eu","article_modified_time":"2026-01-13T12:53:12+00:00","og_image":[{"width":500,"height":500,"url":"https:\/\/ibcparts.eu\/wp-content\/uploads\/2025\/11\/20251125_172401-removebg-preview-min.png","type":"image\/png"}],"twitter_card":"summary_large_image","twitter_misc":{"Tempo di lettura stimato":"3 minuti"},"schema":{"@context":"https:\/\/schema.org","@graph":[{"@type":"WebPage","@id":"https:\/\/ibcparts.eu\/izdelek\/reducir-sol-klik\/","url":"https:\/\/ibcparts.eu\/izdelek\/reducir-sol-klik\/","name":"Reducir SOL KLIK za IBC cisterno S60x6 (DN50) z vrtno hitro spojko | IBCparts.eu","isPartOf":{"@id":"https:\/\/ibcparts.eu\/#website"},"primaryImageOfPage":{"@id":"https:\/\/ibcparts.eu\/izdelek\/reducir-sol-klik\/#primaryimage"},"image":{"@id":"https:\/\/ibcparts.eu\/izdelek\/reducir-sol-klik\/#primaryimage"},"thumbnailUrl":"https:\/\/ibcparts.eu\/wp-content\/uploads\/2025\/11\/20251125_172401-removebg-preview-min.png","datePublished":"2025-11-25T16:57:55+00:00","dateModified":"2026-01-13T12:53:12+00:00","description":"Reducir SOL KLIK za IBC cisterno S60x6 (DN50) z vrtno klik spojko. Iz HDPE, s tesnilom iz PE pene za zanesljivo tesnjenje pri doma\u010di uporabi.","breadcrumb":{"@id":"https:\/\/ibcparts.eu\/izdelek\/reducir-sol-klik\/#breadcrumb"},"inLanguage":"it-IT","potentialAction":[{"@type":"ReadAction","target":["https:\/\/ibcparts.eu\/izdelek\/reducir-sol-klik\/"]}]},{"@type":"ImageObject","inLanguage":"it-IT","@id":"https:\/\/ibcparts.eu\/izdelek\/reducir-sol-klik\/#primaryimage","url":"https:\/\/ibcparts.eu\/wp-content\/uploads\/2025\/11\/20251125_172401-removebg-preview-min.png","contentUrl":"https:\/\/ibcparts.eu\/wp-content\/uploads\/2025\/11\/20251125_172401-removebg-preview-min.png","width":500,"height":500,"caption":"Reducir SOL + klik nastavek za vrtno cev"},{"@type":"BreadcrumbList","@id":"https:\/\/ibcparts.eu\/izdelek\/reducir-sol-klik\/#breadcrumb","itemListElement":[{"@type":"ListItem","position":1,"name":"Home","item":"https:\/\/ibcparts.eu\/"},{"@type":"ListItem","position":2,"name":"Nakupujte","item":"https:\/\/ibcparts.eu\/nakupujte\/"},{"@type":"ListItem","position":3,"name":"Reducir SOL KLIK za IBC cisterno S60x6 (DN50) z vrtno hitro spojko"}]},{"@type":"WebSite","@id":"https:\/\/ibcparts.eu\/#website","url":"https:\/\/ibcparts.eu\/","name":"IBCparts.eu","description":"","publisher":{"@id":"https:\/\/ibcparts.eu\/#organization"},"potentialAction":[{"@type":"SearchAction","target":{"@type":"EntryPoint","urlTemplate":"https:\/\/ibcparts.eu\/?s={search_term_string}"},"query-input":{"@type":"PropertyValueSpecification","valueRequired":true,"valueName":"search_term_string"}}],"inLanguage":"it-IT"},{"@type":"Organization","@id":"https:\/\/ibcparts.eu\/#organization","name":"IBCparts","url":"https:\/\/ibcparts.eu\/","logo":{"@type":"ImageObject","inLanguage":"it-IT","@id":"https:\/\/ibcparts.eu\/#\/schema\/logo\/image\/","url":"https:\/\/ibcparts.eu\/wp-content\/uploads\/2021\/10\/Footer-Logo.png","contentUrl":"https:\/\/ibcparts.eu\/wp-content\/uploads\/2021\/10\/Footer-Logo.png","width":1992,"height":772,"caption":"IBCparts"},"image":{"@id":"https:\/\/ibcparts.eu\/#\/schema\/logo\/image\/"}}]}},"_links":{"self":[{"href":"https:\/\/ibcparts.eu\/it\/wp-json\/wp\/v2\/product\/18362","targetHints":{"allow":["GET"]}}],"collection":[{"href":"https:\/\/ibcparts.eu\/it\/wp-json\/wp\/v2\/product"}],"about":[{"href":"https:\/\/ibcparts.eu\/it\/wp-json\/wp\/v2\/types\/product"}],"version-history":[{"count":3,"href":"https:\/\/ibcparts.eu\/it\/wp-json\/wp\/v2\/product\/18362\/revisions"}],"predecessor-version":[{"id":20159,"href":"https:\/\/ibcparts.eu\/it\/wp-json\/wp\/v2\/product\/18362\/revisions\/20159"}],"wp:featuredmedia":[{"embeddable":true,"href":"https:\/\/ibcparts.eu\/it\/wp-json\/wp\/v2\/media\/18366"}],"wp:attachment":[{"href":"https:\/\/ibcparts.eu\/it\/wp-json\/wp\/v2\/media?parent=18362"}],"wp:term":[{"taxonomy":"product_brand","embeddable":true,"href":"https:\/\/ibcparts.eu\/it\/wp-json\/wp\/v2\/product_brand?post=18362"},{"taxonomy":"product_cat","embeddable":true,"href":"https:\/\/ibcparts.eu\/it\/wp-json\/wp\/v2\/product_cat?post=18362"},{"taxonomy":"product_tag","embeddable":true,"href":"https:\/\/ibcparts.eu\/it\/wp-json\/wp\/v2\/product_tag?post=18362"}],"curies":[{"name":"wp","href":"https:\/\/api.w.org\/{rel}","templated":true}]}}