{"id":18186,"date":"2025-11-22T10:07:58","date_gmt":"2025-11-22T09:07:58","guid":{"rendered":"https:\/\/ibcparts.eu\/?post_type=product&#038;p=18186"},"modified":"2026-01-14T09:27:35","modified_gmt":"2026-01-14T08:27:35","slug":"sistem-3simple","status":"publish","type":"product","link":"https:\/\/ibcparts.eu\/it\/prodotto\/sistem-3simple\/","title":{"rendered":"3+ SIMPLE (collega 3 o pi\u00f9 cisterne IBC orizzontalmente)"},"content":{"rendered":"<p><iframe title=\"Come collegare due contenitori IBC con il sistema DUO.\" width=\"500\" height=\"281\" src=\"https:\/\/www.youtube.com\/embed\/ZKfg1PYo-qQ?feature=oembed\" frameborder=\"0\" allow=\"accelerometer; autoplay; clipboard-write; encrypted-media; gyroscope; picture-in-picture; web-share\" referrerpolicy=\"strict-origin-when-cross-origin\" allowfullscreen><\/iframe><\/p>\n<p class=\" translation-block\">Informazioni sul prodotto:<br>\nSistema per il collegamento di tre cisterne IBC \u2013 ora ancora pi\u00f9 resistente e conveniente!<\/p>\n<p><strong><span style=\"font-size: medium;\">Ora con guarnizioni in gomma EPDM GRATUITE!<\/span><\/strong><\/p>\n<p>Il pacchetto include:<br \/>\n3x riduttore AVA per cisterne con valvola \u00d8 55\u201362 mm, filettatura grossa S60x6 (DN50), 1x T-piece F, 1x gomito F, 1x T-piece in PP, 1x raccordo M, 2x tubo in alkathene*, rubinetto, riduzione.<\/p>\n<p>*I tubi di alkaten sono leggermente curvi perch\u00e9 sono conservati su bobine. Noi usiamo i tubi alkatene LESS, che sono pi\u00f9 flessibili e molto pi\u00f9 facili da usare - li raddrizzi quando li installi e rimangono in quella posizione.<\/p>\n<p>I collegamenti per il tubo alcalino sono di colore verde, come mostrato nell'immagine.<\/p>\n<p>Lo spazio tra le vasche dopo l'installazione del sistema 3+ KLASIK \u00e8 compreso tra 2 e 6 cm - se necessario, potete accorciare voi stessi il tubo con un coltello olfa.<\/p>\n<p>Eccellente tenuta e alta durata!<\/p>\n<p>Il sistema \u00e8 disponibile nella misura di 1\u2033 (32mm).<\/p>\n<p>&nbsp;<\/p>\n<p><strong>*Ulteriori informazioni su rubinetti e valvole sono disponibili sul sito\u00a0<a href=\"https:\/\/ibcparts.eu\/kategorije\/pipe-ventili-in-medeninasti-prikljucki\/\">qui<\/a>.<\/strong><\/p>\n<p style=\"margin-bottom: var(--wd-tags-margin-bottom); font-style: normal; font-variant-ligatures: normal; font-variant-caps: normal; font-family: Lato, Arial, Helvetica, sans-serif; font-size: 14px;\"><b>Riferimento:<br \/>\n<\/b>Se avete intenzione di scaricare l'acqua in un serbatoio, l'altro serbatoio deve essere sfiatato per permettere all'acqua di fluire senza problemi attraverso le valvole.<\/p>\n<p><strong>Ci sono diversi modi per farlo:<\/strong><\/p>\n<p class=\" translation-block\"><strong style=\"color: #666666;font-family: 'Libre Franklin';font-size: 16px;font-style: normal\">1. <\/strong>Se non vi d\u00e0 fastidio che l\u2019acqua fuoriesca attraverso l\u2019apertura del coperchio della seconda cisterna quando si riempie fino all\u2019orlo, potete semplicemente allentare leggermente il coperchio, quanto basta per permettere il passaggio dell\u2019aria. Quando entrambe le cisterne sono completamente piene, l\u2019acqua in eccesso (troppo pieno) defluir\u00e0 da qui.<br style=\"color: #666666;font-family: 'Libre Franklin';font-size: 16px\"><strong style=\"color: #666666;font-family: 'Libre Franklin';font-size: 16px;font-style: normal\">2. <\/strong>Un <a href=\"https:\/\/ibcparts.eu\/izdelek\/pokrov-z-oddusnikom\/\" target=\"_self\"><span style=\"color: #666666;font-family: Libre Franklin\">coperchio con sfiato<\/span><\/a> funziona in modo simile \u2013 l\u2019aria passa, ma anche l\u2019acqua fuoriesce quando le cisterne si riempiono fino all\u2019orlo.<br style=\"color: #666666;font-family: 'Libre Franklin';font-size: 16px\"><strong style=\"color: #666666;font-family: 'Libre Franklin';font-size: 16px;font-style: normal\">3.<\/strong> \u00c8 possibile utilizzare un <a style=\"color: #666666;font-family: 'Libre Franklin';font-size: 16px;font-style: normal;font-weight: 300\" href=\"https:\/\/ibcparts.eu\/izdelek\/pokrov-pipelink\/\" target=\"_self\">coperchio PipeLink<\/a> (come mostrato nell\u2019animazione) o un coperchio <a href=\"https:\/\/ibcparts.eu\/izdelek\/pokrov-autovent\/\" target=\"_self\"><i>AutoVent<\/i><\/a> \u2013 <b>consigliato.<\/b><br style=\"color: #666666;font-family: 'Libre Franklin';font-size: 16px\"><strong style=\"color: #666666;font-family: 'Libre Franklin';font-size: 16px;font-style: normal\">4.<\/strong> Utilizzate un coperchio con uscita e fissatevi un raccordo adatto (ad es. raccordo a T per tubo PE, tubo da giardino, tubo flessibile, tubo in PVC\u2026).<br style=\"color: #666666;font-family: 'Libre Franklin';font-size: 16px\"><strong style=\"color: #666666;font-family: 'Libre Franklin';font-size: 16px;font-style: normal\">5. <\/strong>Se c\u2019\u00e8 una maggiore differenza di altezza tra l\u2019uscita del pluviale e la parte superiore della cisterna, \u00e8 possibile utilizzare un <a style=\"color: #666666;font-family: 'Libre Franklin';font-size: 16px;font-style: normal;font-weight: 300\" href=\"https:\/\/ibcparts.eu\/izdelek\/skoznik-flowtek-bend\/\" target=\"_self\">passaparete FlowTek Bend<\/a> (usare un coperchio con uscita o praticare un foro nella cisterna). Collegare un tubo da giardino a questa uscita. Fissare l\u2019altra estremit\u00e0 del tubo sopra il livello di ingresso dell\u2019acqua nella cisterna (ad es. nel punto di diramazione del pluviale). In questo modo l\u2019acqua non fuoriuscir\u00e0 nemmeno quando le cisterne sono completamente piene, mentre la cisterna potr\u00e0 comunque \u201crespirare\u201d.<\/p>\n<p>Possiamo anche costruire un sistema secondo le vostre specifiche. Uscite multiple, una valvola per collegare un idroforo, rubinetti multipli, ecc... Il collegamento dell'idroforo \u00e8 pi\u00f9 pratico sul lato destro - a causa della direzione di apertura della maniglia della valvola.<\/p>\n<p>&nbsp;<\/p>\n<p>I riduttori AVA utilizzati nei sistemi KLASIK 3+ sono estremamente resistenti e dotati di una guarnizione in gomma EPDM.<\/p>","protected":false},"excerpt":{"rendered":"<h2 data-start=\"184\" data-end=\"304\"><strong data-start=\"184\" data-end=\"304\">Collegamento orizzontale robusto, affidabile ed economico di tre o pi\u00f9 cisterne IBC \u2013 gi\u00e0 assemblato e pronto per il montaggio.<\/strong><\/h2>\n<p data-start=\"306\" data-end=\"617\" class=\" translation-block\">3+ SIMPLE \u00e8 un sistema rinnovato per <strong data-start=\"340\" data-end=\"400\">collegare le cisterne IBC in disposizione orizzontale<\/strong>, pensato per la raccolta e il trasferimento efficiente dell\u2019acqua piovana. Utilizza un <strong data-start=\"468\" data-end=\"504\">tubo LDPE pi\u00f9 morbido e flessibile<\/strong>, che consente un\u2019installazione semplice, una tenuta affidabile e meno stress sulle valvole \u2013 anche su superfici irregolari.<\/p>\n<hr data-start=\"619\" data-end=\"622\" \/>\n<h3 data-start=\"624\" data-end=\"652\">Perch\u00e9 scegliere 3+ SIMPLE?<\/h3>\n<ul>\n<li data-start=\"655\" data-end=\"689\">Struttura solida e collaudata<\/li>\n<li data-start=\"692\" data-end=\"736\">Sistema preassemblato \u2013 nessun lavoro aggiuntivo necessario (il tubo pu\u00f2 essere accorciato se necessario con un taglierino)<\/li>\n<li data-start=\"739\" data-end=\"784\" class=\" translation-block\">Progettato per il collegamento di 3 o pi\u00f9 cisterne IBC<\/li>\n<li data-start=\"787\" data-end=\"830\">Guarnizione 100% EPDM \u2013 non perde, resistente ai raggi UV<\/li>\n<li data-start=\"833\" data-end=\"899\">Tubo LDPE pi\u00f9 morbido per un montaggio semplice e una lunga durata<\/li>\n<li data-start=\"902\" data-end=\"963\">Adatto anche per valvole IBC pi\u00f9 vecchie o leggermente danneggiate<\/li>\n<\/ul>\n<hr data-start=\"965\" data-end=\"968\" \/>\n<h3 data-start=\"970\" data-end=\"988\">Prezzo \/ Opzioni:<\/h3>\n<ul>\n<li><strong><span style=\"color: #508d24; font-size: medium;\">\u200b<\/span><\/strong>Codice articolo: #65X, <strong>TRIOX<\/strong>: <strong><span style=\"color: #508d24; font-size: medium;\">43,99\u20ac <\/span><\/strong>(solo collegamento, senza rubinetto).<\/li>\n<li>\u0161t.artikla: #65S1, <strong>TRIS1<\/strong>: <strong><span style=\"color: #508d24; font-size: medium;\">55,50\u20ac <\/span><\/strong>(rubinetto GardenFlow 3\/4\u2033 in metallo*).<\/li>\n<li><strong><span style=\"color: #508d24; font-size: medium;\">\u200b<\/span><\/strong>\u0161t.artikla: #65S2, <strong>TRIS2<\/strong>: <strong><span style=\"color: #508d24; font-size: medium;\">58,50\u20ac <\/span><\/strong>(rubinetto metallico HighFlow da 3\/4\u2033*).<\/li>\n<li>\u0161t.artikla: #65S3, <strong>TRIS3<\/strong>: <strong><span style=\"color: #508d24; font-size: medium;\">63,50\u20ac <\/span><\/strong>(<u>doppio\u00a0<\/u>1\/2\u2033 PRO* rubinetto metallico).<\/li>\n<li>\u0161t.artikla: #65S4, <strong>TRIS4<\/strong>: <strong><span style=\"color: #508d24; font-size: medium;\">67,50\u20ac <\/span><\/strong>(<u>doppio\u00a0<\/u>rubinetto metallico 3\/4\u2033 PRO*).<\/li>\n<li>\u0161t.artikla: #65S5, <strong>TRIS5<\/strong>:\u00a0<strong><span style=\"color: #508d24; font-size: medium;\">61,50\u20ac <\/span><\/strong>(1\u2033 rubinetto QuickFlow in metallo*).<\/li>\n<li>\u0161t.artikla: #65S6, <strong>TRIS6<\/strong>:\u00a0<strong><span style=\"color: #508d24; font-size: medium;\">61,50\u20ac <\/span><\/strong>(valvola MF PRO da 1\u2033 in plastica* con ugello per tubo flessibile diritto da 25 mm in plastica*).<\/li>\n<li>\u0161t.artikla: #65S7, <strong>TRIS7<\/strong>:\u00a0<strong><span style=\"color: #508d24; font-size: medium;\">65,50\u20ac <\/span><\/strong>(valvola PRO da 1\u2033 in metallo* con raccordo per tubo diritto da 25 mm in ottone*).<\/li>\n<li>\u0161t.artikla: #65S8, <strong>TRIS8<\/strong>:\u00a0<strong><span style=\"color: #508d24; font-size: medium;\">61,50\u20ac <\/span><\/strong>(valvola MF PRO da 1\u2033 in plastica* con adattatore in plastica - gomito per tubo da 25 mm*).<\/li>\n<\/ul>\n<hr data-start=\"1815\" data-end=\"1818\" \/>\n<h3 data-start=\"1820\" data-end=\"1846\">Tenuta e materiali<\/h3>\n<p data-start=\"1847\" data-end=\"2069\" class=\" translation-block\">Viene utilizzata una <strong data-start=\"1862\" data-end=\"1906\">guarnizione al 100% EPDM \u2013 esclusiva da noi<\/strong>, appositamente sviluppata con durezza ottimale che compensa efficacemente anche le irregolarit\u00e0 pi\u00f9 grandi sulla valvola e garantisce una <strong data-start=\"2017\" data-end=\"2068\">tenuta affidabile e duratura senza perdite<\/strong>.<\/p>\n<hr data-start=\"2218\" data-end=\"2221\" \/>\n<h3 data-start=\"2223\" data-end=\"2270\">Espansione del sistema \u2013 aggiungi altre cisterne<\/h3>\n<p data-start=\"2271\" data-end=\"2444\" class=\" translation-block\">Con l\u2019opzione <strong data-start=\"2478\" data-end=\"2492\">Multi-link<\/strong> \u00e8 possibile aggiungere al sistema <strong data-start=\"2514\" data-end=\"2552\">un numero illimitato di cisterne aggiuntive<\/strong> in disposizione orizzontale.<br data-start=\"2576\" data-end=\"2579\">Esempio: collegamento di 5 cisterne = pacchetto base (3) + 2\u00d7 Multi-link.<\/p>\n<p data-start=\"2446\" data-end=\"2548\" class=\" translation-block\">Se le cisterne IBC sono posizionate a terra, con l\u2019opzione <strong data-start=\"2504\" data-end=\"2514\">SkyTap<\/strong> potete facilmente trasferire l\u2019acqua in un annaffiatoio.<\/p>\n<hr data-start=\"2550\" data-end=\"2553\" \/>\n<h3 data-start=\"2555\" data-end=\"2592\">Sistemi 3+ (in cosa differiscono):<\/h3>\n<ul>\n<li class=\" translation-block\"><strong>SIMPLE<\/strong>: rubinetto o valvola sulla cisterna all\u2019estrema sinistra o destra (la scelta pu\u00f2 essere fatta durante l\u2019installazione \u2013 adattabile alle vostre esigenze \u2013 vedere l\u2019immagine nella galleria di SIMPLE).<\/li>\n<li class=\" translation-block\"><strong>KLASIK<\/strong>: rubinetto o valvola tra due cisterne (\u00e8 possibile decidere tra quali due durante l\u2019installazione \u2013 adattabile alle vostre esigenze \u2013 vedere l\u2019immagine nella galleria di KLASIK).<\/li>\n<li class=\" translation-block\"><strong>PRO<\/strong>: rubinetto o valvola su una delle cisterne centrali (se sono collegate 3 cisterne, il rubinetto \u00e8 sulla cisterna centrale; se sono collegate pi\u00f9 cisterne, la scelta pu\u00f2 essere fatta durante l\u2019installazione \u2013 adattabile alle vostre esigenze \u2013 vedere l\u2019immagine nella galleria di PRO).<\/li>\n<\/ul>\n<h3 data-start=\"2857\" data-end=\"2881\">Opzioni di aggiornamento:<\/h3>\n<ul>\n<li data-start=\"2884\" data-end=\"2937\" class=\" translation-block\"><strong data-start=\"2884\" data-end=\"2898\">Multi-link<\/strong> (riduttore, T-piece, tubo da 1 m)<\/li>\n<li data-start=\"2940\" data-end=\"2999\" class=\" translation-block\"><strong data-start=\"2940\" data-end=\"2950\">SkyTap<\/strong> (rubinetto sollevato all\u2019altezza dell\u2019annaffiatoio)<\/li>\n<\/ul>\n<hr data-start=\"3001\" data-end=\"3004\" \/>\n<p data-start=\"3006\" data-end=\"3300\"><strong data-start=\"3006\" data-end=\"3300\">3+ SIMPLE \u00e8 compatibile con la maggior parte delle cisterne IBC dotate di valvola standard S60\u00d76. L\u2019installazione \u00e8 molto semplice, poich\u00e9 il sistema \u00e8 gi\u00e0 assemblato e non richiede competenze particolari. Tutti i materiali sono resistenti, anti-UV e adatti a un uso esterno prolungato. In caso di filettature della valvola diverse, il sistema viene adattato su misura.<\/strong><\/p>","protected":false},"featured_media":18204,"template":"","meta":[],"product_brand":[],"product_cat":[191,189],"product_tag":[269],"class_list":{"0":"post-18186","1":"product","2":"type-product","3":"status-publish","4":"has-post-thumbnail","6":"product_cat-sistemi-3","7":"product_cat-sistemi-za-povezavo","8":"product_tag-povezava-ibc-cistern","10":"first","11":"instock","12":"shipping-taxable","13":"purchasable","14":"product-type-variable"},"yoast_head":"<!-- This site is optimized with the Yoast SEO plugin v27.1.1 - https:\/\/yoast.com\/product\/yoast-seo-wordpress\/ -->\n<title>3+ SIMPLE (vodoravno pove\u017eite 3 ali ve\u010d IBC cistern) | IBCparts.eu<\/title>\n<meta name=\"description\" content=\"Sistem 3+ SIMPLE za povezavo treh ali ve\u010d IBC cistern. Sedaj \u0161e mo\u010dnej\u0161i in \u0161e cenej\u0161i! Mo\u010dan. Izjemno uporaben. \u0160e ugodnej\u0161i. \u017de sestavljen!\" \/>\n<meta name=\"robots\" content=\"index, follow, max-snippet:-1, max-image-preview:large, max-video-preview:-1\" \/>\n<link rel=\"canonical\" href=\"https:\/\/ibcparts.eu\/it\/prodotto\/sistem-3simple\/\" \/>\n<meta property=\"og:locale\" content=\"it_IT\" \/>\n<meta property=\"og:type\" content=\"article\" \/>\n<meta property=\"og:title\" content=\"3+ SIMPLE (vodoravno pove\u017eite 3 ali ve\u010d IBC cistern) | IBCparts.eu\" \/>\n<meta property=\"og:description\" content=\"Sistem 3+ SIMPLE za povezavo treh ali ve\u010d IBC cistern. Sedaj \u0161e mo\u010dnej\u0161i in \u0161e cenej\u0161i! Mo\u010dan. Izjemno uporaben. \u0160e ugodnej\u0161i. \u017de sestavljen!\" \/>\n<meta property=\"og:url\" content=\"https:\/\/ibcparts.eu\/it\/prodotto\/sistem-3simple\/\" \/>\n<meta property=\"og:site_name\" content=\"IBCparts.eu\" \/>\n<meta property=\"article:modified_time\" content=\"2026-01-14T08:27:35+00:00\" \/>\n<meta property=\"og:image\" content=\"https:\/\/ibcparts.eu\/wp-content\/uploads\/2025\/11\/TRIO-SIMPLE.png\" \/>\n\t<meta property=\"og:image:width\" content=\"827\" \/>\n\t<meta property=\"og:image:height\" content=\"827\" \/>\n\t<meta property=\"og:image:type\" content=\"image\/png\" \/>\n<meta name=\"twitter:card\" content=\"summary_large_image\" \/>\n<meta name=\"twitter:label1\" content=\"Tempo di lettura stimato\" \/>\n\t<meta name=\"twitter:data1\" content=\"3 minuti\" \/>\n<script type=\"application\/ld+json\" class=\"yoast-schema-graph\">{\"@context\":\"https:\/\/schema.org\",\"@graph\":[{\"@type\":\"WebPage\",\"@id\":\"https:\/\/ibcparts.eu\/izdelek\/sistem-3simple\/\",\"url\":\"https:\/\/ibcparts.eu\/izdelek\/sistem-3simple\/\",\"name\":\"3+ SIMPLE (vodoravno pove\u017eite 3 ali ve\u010d IBC cistern) | IBCparts.eu\",\"isPartOf\":{\"@id\":\"https:\/\/ibcparts.eu\/#website\"},\"primaryImageOfPage\":{\"@id\":\"https:\/\/ibcparts.eu\/izdelek\/sistem-3simple\/#primaryimage\"},\"image\":{\"@id\":\"https:\/\/ibcparts.eu\/izdelek\/sistem-3simple\/#primaryimage\"},\"thumbnailUrl\":\"https:\/\/ibcparts.eu\/wp-content\/uploads\/2025\/11\/TRIO-SIMPLE.png\",\"datePublished\":\"2025-11-22T09:07:58+00:00\",\"dateModified\":\"2026-01-14T08:27:35+00:00\",\"description\":\"Sistem 3+ SIMPLE za povezavo treh ali ve\u010d IBC cistern. Sedaj \u0161e mo\u010dnej\u0161i in \u0161e cenej\u0161i! Mo\u010dan. Izjemno uporaben. \u0160e ugodnej\u0161i. \u017de sestavljen!\",\"breadcrumb\":{\"@id\":\"https:\/\/ibcparts.eu\/izdelek\/sistem-3simple\/#breadcrumb\"},\"inLanguage\":\"it-IT\",\"potentialAction\":[{\"@type\":\"ReadAction\",\"target\":[\"https:\/\/ibcparts.eu\/izdelek\/sistem-3simple\/\"]}]},{\"@type\":\"ImageObject\",\"inLanguage\":\"it-IT\",\"@id\":\"https:\/\/ibcparts.eu\/izdelek\/sistem-3simple\/#primaryimage\",\"url\":\"https:\/\/ibcparts.eu\/wp-content\/uploads\/2025\/11\/TRIO-SIMPLE.png\",\"contentUrl\":\"https:\/\/ibcparts.eu\/wp-content\/uploads\/2025\/11\/TRIO-SIMPLE.png\",\"width\":827,\"height\":827,\"caption\":\"Sistem 3+ SIMPLE za povezavo treh ali ve\u010d IBC cistern.\"},{\"@type\":\"BreadcrumbList\",\"@id\":\"https:\/\/ibcparts.eu\/izdelek\/sistem-3simple\/#breadcrumb\",\"itemListElement\":[{\"@type\":\"ListItem\",\"position\":1,\"name\":\"Home\",\"item\":\"https:\/\/ibcparts.eu\/\"},{\"@type\":\"ListItem\",\"position\":2,\"name\":\"Nakupujte\",\"item\":\"https:\/\/ibcparts.eu\/nakupujte\/\"},{\"@type\":\"ListItem\",\"position\":3,\"name\":\"3+ SIMPLE (vodoravno pove\u017eite 3 ali ve\u010d IBC cistern)\"}]},{\"@type\":\"WebSite\",\"@id\":\"https:\/\/ibcparts.eu\/#website\",\"url\":\"https:\/\/ibcparts.eu\/\",\"name\":\"IBCparts.eu\",\"description\":\"\",\"publisher\":{\"@id\":\"https:\/\/ibcparts.eu\/#organization\"},\"potentialAction\":[{\"@type\":\"SearchAction\",\"target\":{\"@type\":\"EntryPoint\",\"urlTemplate\":\"https:\/\/ibcparts.eu\/?s={search_term_string}\"},\"query-input\":{\"@type\":\"PropertyValueSpecification\",\"valueRequired\":true,\"valueName\":\"search_term_string\"}}],\"inLanguage\":\"it-IT\"},{\"@type\":\"Organization\",\"@id\":\"https:\/\/ibcparts.eu\/#organization\",\"name\":\"IBCparts\",\"url\":\"https:\/\/ibcparts.eu\/\",\"logo\":{\"@type\":\"ImageObject\",\"inLanguage\":\"it-IT\",\"@id\":\"https:\/\/ibcparts.eu\/#\/schema\/logo\/image\/\",\"url\":\"https:\/\/ibcparts.eu\/wp-content\/uploads\/2021\/10\/Footer-Logo.png\",\"contentUrl\":\"https:\/\/ibcparts.eu\/wp-content\/uploads\/2021\/10\/Footer-Logo.png\",\"width\":1992,\"height\":772,\"caption\":\"IBCparts\"},\"image\":{\"@id\":\"https:\/\/ibcparts.eu\/#\/schema\/logo\/image\/\"}}]}<\/script>\n<!-- \/ Yoast SEO plugin. -->","yoast_head_json":{"title":"3+ SIMPLE (vodoravno pove\u017eite 3 ali ve\u010d IBC cistern) | IBCparts.eu","description":"Sistem 3+ SIMPLE za povezavo treh ali ve\u010d IBC cistern. Sedaj \u0161e mo\u010dnej\u0161i in \u0161e cenej\u0161i! Mo\u010dan. Izjemno uporaben. \u0160e ugodnej\u0161i. \u017de sestavljen!","robots":{"index":"index","follow":"follow","max-snippet":"max-snippet:-1","max-image-preview":"max-image-preview:large","max-video-preview":"max-video-preview:-1"},"canonical":"https:\/\/ibcparts.eu\/it\/prodotto\/sistem-3simple\/","og_locale":"it_IT","og_type":"article","og_title":"3+ SIMPLE (vodoravno pove\u017eite 3 ali ve\u010d IBC cistern) | IBCparts.eu","og_description":"Sistem 3+ SIMPLE za povezavo treh ali ve\u010d IBC cistern. Sedaj \u0161e mo\u010dnej\u0161i in \u0161e cenej\u0161i! Mo\u010dan. Izjemno uporaben. \u0160e ugodnej\u0161i. \u017de sestavljen!","og_url":"https:\/\/ibcparts.eu\/it\/prodotto\/sistem-3simple\/","og_site_name":"IBCparts.eu","article_modified_time":"2026-01-14T08:27:35+00:00","og_image":[{"width":827,"height":827,"url":"https:\/\/ibcparts.eu\/wp-content\/uploads\/2025\/11\/TRIO-SIMPLE.png","type":"image\/png"}],"twitter_card":"summary_large_image","twitter_misc":{"Tempo di lettura stimato":"3 minuti"},"schema":{"@context":"https:\/\/schema.org","@graph":[{"@type":"WebPage","@id":"https:\/\/ibcparts.eu\/izdelek\/sistem-3simple\/","url":"https:\/\/ibcparts.eu\/izdelek\/sistem-3simple\/","name":"3+ SIMPLE (vodoravno pove\u017eite 3 ali ve\u010d IBC cistern) | IBCparts.eu","isPartOf":{"@id":"https:\/\/ibcparts.eu\/#website"},"primaryImageOfPage":{"@id":"https:\/\/ibcparts.eu\/izdelek\/sistem-3simple\/#primaryimage"},"image":{"@id":"https:\/\/ibcparts.eu\/izdelek\/sistem-3simple\/#primaryimage"},"thumbnailUrl":"https:\/\/ibcparts.eu\/wp-content\/uploads\/2025\/11\/TRIO-SIMPLE.png","datePublished":"2025-11-22T09:07:58+00:00","dateModified":"2026-01-14T08:27:35+00:00","description":"Sistem 3+ SIMPLE za povezavo treh ali ve\u010d IBC cistern. Sedaj \u0161e mo\u010dnej\u0161i in \u0161e cenej\u0161i! Mo\u010dan. Izjemno uporaben. \u0160e ugodnej\u0161i. \u017de sestavljen!","breadcrumb":{"@id":"https:\/\/ibcparts.eu\/izdelek\/sistem-3simple\/#breadcrumb"},"inLanguage":"it-IT","potentialAction":[{"@type":"ReadAction","target":["https:\/\/ibcparts.eu\/izdelek\/sistem-3simple\/"]}]},{"@type":"ImageObject","inLanguage":"it-IT","@id":"https:\/\/ibcparts.eu\/izdelek\/sistem-3simple\/#primaryimage","url":"https:\/\/ibcparts.eu\/wp-content\/uploads\/2025\/11\/TRIO-SIMPLE.png","contentUrl":"https:\/\/ibcparts.eu\/wp-content\/uploads\/2025\/11\/TRIO-SIMPLE.png","width":827,"height":827,"caption":"Sistem 3+ SIMPLE za povezavo treh ali ve\u010d IBC cistern."},{"@type":"BreadcrumbList","@id":"https:\/\/ibcparts.eu\/izdelek\/sistem-3simple\/#breadcrumb","itemListElement":[{"@type":"ListItem","position":1,"name":"Home","item":"https:\/\/ibcparts.eu\/"},{"@type":"ListItem","position":2,"name":"Nakupujte","item":"https:\/\/ibcparts.eu\/nakupujte\/"},{"@type":"ListItem","position":3,"name":"3+ SIMPLE (vodoravno pove\u017eite 3 ali ve\u010d IBC cistern)"}]},{"@type":"WebSite","@id":"https:\/\/ibcparts.eu\/#website","url":"https:\/\/ibcparts.eu\/","name":"IBCparts.eu","description":"","publisher":{"@id":"https:\/\/ibcparts.eu\/#organization"},"potentialAction":[{"@type":"SearchAction","target":{"@type":"EntryPoint","urlTemplate":"https:\/\/ibcparts.eu\/?s={search_term_string}"},"query-input":{"@type":"PropertyValueSpecification","valueRequired":true,"valueName":"search_term_string"}}],"inLanguage":"it-IT"},{"@type":"Organization","@id":"https:\/\/ibcparts.eu\/#organization","name":"IBCparts","url":"https:\/\/ibcparts.eu\/","logo":{"@type":"ImageObject","inLanguage":"it-IT","@id":"https:\/\/ibcparts.eu\/#\/schema\/logo\/image\/","url":"https:\/\/ibcparts.eu\/wp-content\/uploads\/2021\/10\/Footer-Logo.png","contentUrl":"https:\/\/ibcparts.eu\/wp-content\/uploads\/2021\/10\/Footer-Logo.png","width":1992,"height":772,"caption":"IBCparts"},"image":{"@id":"https:\/\/ibcparts.eu\/#\/schema\/logo\/image\/"}}]}},"_links":{"self":[{"href":"https:\/\/ibcparts.eu\/it\/wp-json\/wp\/v2\/product\/18186","targetHints":{"allow":["GET"]}}],"collection":[{"href":"https:\/\/ibcparts.eu\/it\/wp-json\/wp\/v2\/product"}],"about":[{"href":"https:\/\/ibcparts.eu\/it\/wp-json\/wp\/v2\/types\/product"}],"version-history":[{"count":3,"href":"https:\/\/ibcparts.eu\/it\/wp-json\/wp\/v2\/product\/18186\/revisions"}],"predecessor-version":[{"id":20269,"href":"https:\/\/ibcparts.eu\/it\/wp-json\/wp\/v2\/product\/18186\/revisions\/20269"}],"wp:featuredmedia":[{"embeddable":true,"href":"https:\/\/ibcparts.eu\/it\/wp-json\/wp\/v2\/media\/18204"}],"wp:attachment":[{"href":"https:\/\/ibcparts.eu\/it\/wp-json\/wp\/v2\/media?parent=18186"}],"wp:term":[{"taxonomy":"product_brand","embeddable":true,"href":"https:\/\/ibcparts.eu\/it\/wp-json\/wp\/v2\/product_brand?post=18186"},{"taxonomy":"product_cat","embeddable":true,"href":"https:\/\/ibcparts.eu\/it\/wp-json\/wp\/v2\/product_cat?post=18186"},{"taxonomy":"product_tag","embeddable":true,"href":"https:\/\/ibcparts.eu\/it\/wp-json\/wp\/v2\/product_tag?post=18186"}],"curies":[{"name":"wp","href":"https:\/\/api.w.org\/{rel}","templated":true}]}}