{"id":17233,"date":"2024-08-07T12:32:35","date_gmt":"2024-08-07T11:32:35","guid":{"rendered":"https:\/\/ibcparts.eu\/?post_type=product&#038;p=17233"},"modified":"2025-12-05T09:17:44","modified_gmt":"2025-12-05T08:17:44","slug":"ogrevalna-odeja-za-odmrzovanje-tal","status":"publish","type":"product","link":"https:\/\/ibcparts.eu\/it\/prodotto\/coperta-riscaldante-per-scongelamento-del-terreno\/","title":{"rendered":"Ogrevalne odeje, blazine UltraHeat (0-90\u00baC)"},"content":{"rendered":"","protected":false},"excerpt":{"rendered":"<p>Con una coperta riscaldante \u00e8 possibile scongelare facilmente il terreno e il suolo ghiacciati, le tubature congelate e sciogliere ghiaccio e neve.<\/p>\n<p>Pu\u00f2 essere utilizzato come protezione antigelo per tubazioni e altre apparecchiature a rischio di congelamento.<\/p>\n<p>Le coperte sono isolate dall'alto e irradiano calore solo verso il basso.<\/p>\n<p>Sono realizzati con materiali durevoli, impermeabili e resistenti agli agenti atmosferici, per una lunga durata e possono sopportare quasi tutte le condizioni.<br \/>\ncondizioni.<\/p>\n<p>Ideale per:<\/p>\n<ul>\n<li>Polimerizzazione del calcestruzzo.<\/li>\n<li>Scongelamento del terreno ghiacciato.<\/li>\n<li>Preriscaldamento dei materiali da costruzione.<\/li>\n<li>Protezione dei materiali da costruzione dal gelo.<\/li>\n<li>Mantenimento del calore nei cavi elettrici e di telecomunicazione.<\/li>\n<\/ul>\n<p>&nbsp;<\/p>\n<p><strong>Variacije (vse 230V):<\/strong><\/p>\n<ul>\n<li>500 x 50 cm, 1140W<\/li>\n<li>500 x 50 cm, 1485W<\/li>\n<li>300 x 50 cm, 700W<\/li>\n<li>200 x 50 cm, 560W<\/li>\n<li>100 x 50 cm, 230V 270W<\/li>\n<li>60 x 60 cm, 230V 200W<\/li>\n<li>100 x 100 cm, 230V 450W<\/li>\n<li>130 x 130 cm, 230V 750W<\/li>\n<li>200 x 100 cm, 230V 1200W<\/li>\n<li>300 x 100 cm, 230V 1730W<\/li>\n<li>70 x 100 x 70 cm, 230V 200W (trikotna oblika &#8211; triangular)<\/li>\n<li>120 x 80 cm, 230V 450W<\/li>\n<li>100 x 29 cm, 230V 200W<\/li>\n<li>150 x 29 cm, 230V 220W<\/li>\n<li>380 x 29 cm, 230V 400W<\/li>\n<li>380 x 29 cm, 230V 650W<\/li>\n<\/ul>\n<p>&nbsp;<\/p>\n<ul>\n<li>Materiali in PVC resistenti.<\/li>\n<li>Classe IP67.<\/li>\n<li>Prodotto nell'UE.<\/li>\n<li><strong>Cena za ta izdelek je brez DDV. Po\u0161tnina zna\u0161a 60\u20ac.<\/strong><\/li>\n<\/ul>\n<p>L'installazione \u00e8 molto semplice, cos\u00ec come il reimballaggio una volta terminato il lavoro. \u00c8 sufficiente dispiegare il tappetino sulla superficie su cui si desidera lavorare. Collegare il cavo di alimentazione e si ottiene una superficie scongelata in tutta sicurezza. Una volta scongelata la superficie, scollegare il cavo di alimentazione e arrotolare la coperta.<\/p>","protected":false},"featured_media":17237,"template":"","meta":[],"product_brand":[],"product_cat":[317],"product_tag":[330,458,329,328],"class_list":{"0":"post-17233","1":"product","2":"type-product","3":"status-publish","4":"has-post-thumbnail","6":"product_cat-grelniki-zascitne-in-termoizolacijske-ponjave-za-sode-in-ibc-cisterne","7":"product_tag-grelec-betona","8":"product_tag-grelna-blazina","9":"product_tag-grelnik-tal","10":"product_tag-odeja-za-odmrzovanje-tal","12":"first","13":"instock","14":"shipping-taxable","15":"purchasable","16":"product-type-variable"},"yoast_head":"<!-- This site is optimized with the Yoast SEO plugin v27.1.1 - https:\/\/yoast.com\/product\/yoast-seo-wordpress\/ -->\n<title>Ogrevalne odeje, blazine UltraHeat (0-90\u00baC) | IBCparts.eu<\/title>\n<meta name=\"description\" content=\"Ogrevalna odeja za odmrzovanje tal, strjevanje betona, za\u0161\u010dito pred zmrzovanjem cevovodov in druge opreme, ki jim grozi zmrzovanje.\" \/>\n<meta name=\"robots\" content=\"index, follow, max-snippet:-1, max-image-preview:large, max-video-preview:-1\" \/>\n<link rel=\"canonical\" href=\"https:\/\/ibcparts.eu\/it\/produkt\/ogrevalna-odeja-za-odmrzovanje-tal\/\" \/>\n<meta property=\"og:locale\" content=\"it_IT\" \/>\n<meta property=\"og:type\" content=\"article\" \/>\n<meta property=\"og:title\" content=\"Ogrevalne odeje, blazine UltraHeat (0-90\u00baC) | IBCparts.eu\" \/>\n<meta property=\"og:description\" content=\"Ogrevalna odeja za odmrzovanje tal, strjevanje betona, za\u0161\u010dito pred zmrzovanjem cevovodov in druge opreme, ki jim grozi zmrzovanje.\" \/>\n<meta property=\"og:url\" content=\"https:\/\/ibcparts.eu\/it\/produkt\/ogrevalna-odeja-za-odmrzovanje-tal\/\" \/>\n<meta property=\"og:site_name\" content=\"IBCparts.eu\" \/>\n<meta property=\"article:modified_time\" content=\"2025-12-05T08:17:44+00:00\" \/>\n<meta property=\"og:image\" content=\"https:\/\/ibcparts.eu\/wp-content\/uploads\/2024\/08\/Ogrevalna-odeja-za-odmrzovanje-tal-removebg-preview.png\" \/>\n\t<meta property=\"og:image:width\" content=\"500\" \/>\n\t<meta property=\"og:image:height\" content=\"500\" \/>\n\t<meta property=\"og:image:type\" content=\"image\/png\" \/>\n<meta name=\"twitter:card\" content=\"summary_large_image\" \/>\n<script type=\"application\/ld+json\" class=\"yoast-schema-graph\">{\"@context\":\"https:\/\/schema.org\",\"@graph\":[{\"@type\":\"WebPage\",\"@id\":\"https:\/\/ibcparts.eu\/de\/produkt\/ogrevalna-odeja-za-odmrzovanje-tal\/\",\"url\":\"https:\/\/ibcparts.eu\/de\/produkt\/ogrevalna-odeja-za-odmrzovanje-tal\/\",\"name\":\"Ogrevalne odeje, blazine UltraHeat (0-90\u00baC) | IBCparts.eu\",\"isPartOf\":{\"@id\":\"https:\/\/ibcparts.eu\/#website\"},\"primaryImageOfPage\":{\"@id\":\"https:\/\/ibcparts.eu\/de\/produkt\/ogrevalna-odeja-za-odmrzovanje-tal\/#primaryimage\"},\"image\":{\"@id\":\"https:\/\/ibcparts.eu\/de\/produkt\/ogrevalna-odeja-za-odmrzovanje-tal\/#primaryimage\"},\"thumbnailUrl\":\"https:\/\/ibcparts.eu\/wp-content\/uploads\/2024\/08\/Ogrevalna-odeja-za-odmrzovanje-tal-removebg-preview.png\",\"datePublished\":\"2024-08-07T11:32:35+00:00\",\"dateModified\":\"2025-12-05T08:17:44+00:00\",\"description\":\"Ogrevalna odeja za odmrzovanje tal, strjevanje betona, za\u0161\u010dito pred zmrzovanjem cevovodov in druge opreme, ki jim grozi zmrzovanje.\",\"breadcrumb\":{\"@id\":\"https:\/\/ibcparts.eu\/de\/produkt\/ogrevalna-odeja-za-odmrzovanje-tal\/#breadcrumb\"},\"inLanguage\":\"it-IT\",\"potentialAction\":[{\"@type\":\"ReadAction\",\"target\":[\"https:\/\/ibcparts.eu\/de\/produkt\/ogrevalna-odeja-za-odmrzovanje-tal\/\"]}]},{\"@type\":\"ImageObject\",\"inLanguage\":\"it-IT\",\"@id\":\"https:\/\/ibcparts.eu\/de\/produkt\/ogrevalna-odeja-za-odmrzovanje-tal\/#primaryimage\",\"url\":\"https:\/\/ibcparts.eu\/wp-content\/uploads\/2024\/08\/Ogrevalna-odeja-za-odmrzovanje-tal-removebg-preview.png\",\"contentUrl\":\"https:\/\/ibcparts.eu\/wp-content\/uploads\/2024\/08\/Ogrevalna-odeja-za-odmrzovanje-tal-removebg-preview.png\",\"width\":500,\"height\":500},{\"@type\":\"BreadcrumbList\",\"@id\":\"https:\/\/ibcparts.eu\/de\/produkt\/ogrevalna-odeja-za-odmrzovanje-tal\/#breadcrumb\",\"itemListElement\":[{\"@type\":\"ListItem\",\"position\":1,\"name\":\"Home\",\"item\":\"https:\/\/ibcparts.eu\/\"},{\"@type\":\"ListItem\",\"position\":2,\"name\":\"Nakupujte\",\"item\":\"https:\/\/ibcparts.eu\/nakupujte\/\"},{\"@type\":\"ListItem\",\"position\":3,\"name\":\"Ogrevalne odeje, blazine UltraHeat (0-90\u00baC)\"}]},{\"@type\":\"WebSite\",\"@id\":\"https:\/\/ibcparts.eu\/#website\",\"url\":\"https:\/\/ibcparts.eu\/\",\"name\":\"IBCparts.eu\",\"description\":\"\",\"publisher\":{\"@id\":\"https:\/\/ibcparts.eu\/#organization\"},\"potentialAction\":[{\"@type\":\"SearchAction\",\"target\":{\"@type\":\"EntryPoint\",\"urlTemplate\":\"https:\/\/ibcparts.eu\/?s={search_term_string}\"},\"query-input\":{\"@type\":\"PropertyValueSpecification\",\"valueRequired\":true,\"valueName\":\"search_term_string\"}}],\"inLanguage\":\"it-IT\"},{\"@type\":\"Organization\",\"@id\":\"https:\/\/ibcparts.eu\/#organization\",\"name\":\"IBCparts\",\"url\":\"https:\/\/ibcparts.eu\/\",\"logo\":{\"@type\":\"ImageObject\",\"inLanguage\":\"it-IT\",\"@id\":\"https:\/\/ibcparts.eu\/#\/schema\/logo\/image\/\",\"url\":\"https:\/\/ibcparts.eu\/wp-content\/uploads\/2021\/10\/Footer-Logo.png\",\"contentUrl\":\"https:\/\/ibcparts.eu\/wp-content\/uploads\/2021\/10\/Footer-Logo.png\",\"width\":1992,\"height\":772,\"caption\":\"IBCparts\"},\"image\":{\"@id\":\"https:\/\/ibcparts.eu\/#\/schema\/logo\/image\/\"}}]}<\/script>\n<!-- \/ Yoast SEO plugin. -->","yoast_head_json":{"title":"Ogrevalne odeje, blazine UltraHeat (0-90\u00baC) | IBCparts.eu","description":"Coperta riscaldante per lo scongelamento di pavimenti, l'indurimento del calcestruzzo, la protezione antigelo di tubature e altre apparecchiature a rischio di congelamento.","robots":{"index":"index","follow":"follow","max-snippet":"max-snippet:-1","max-image-preview":"max-image-preview:large","max-video-preview":"max-video-preview:-1"},"canonical":"https:\/\/ibcparts.eu\/it\/produkt\/ogrevalna-odeja-za-odmrzovanje-tal\/","og_locale":"it_IT","og_type":"article","og_title":"Ogrevalne odeje, blazine UltraHeat (0-90\u00baC) | IBCparts.eu","og_description":"Ogrevalna odeja za odmrzovanje tal, strjevanje betona, za\u0161\u010dito pred zmrzovanjem cevovodov in druge opreme, ki jim grozi zmrzovanje.","og_url":"https:\/\/ibcparts.eu\/it\/produkt\/ogrevalna-odeja-za-odmrzovanje-tal\/","og_site_name":"IBCparts.eu","article_modified_time":"2025-12-05T08:17:44+00:00","og_image":[{"width":500,"height":500,"url":"https:\/\/ibcparts.eu\/wp-content\/uploads\/2024\/08\/Ogrevalna-odeja-za-odmrzovanje-tal-removebg-preview.png","type":"image\/png"}],"twitter_card":"summary_large_image","schema":{"@context":"https:\/\/schema.org","@graph":[{"@type":"WebPage","@id":"https:\/\/ibcparts.eu\/de\/produkt\/ogrevalna-odeja-za-odmrzovanje-tal\/","url":"https:\/\/ibcparts.eu\/de\/produkt\/ogrevalna-odeja-za-odmrzovanje-tal\/","name":"Ogrevalne odeje, blazine UltraHeat (0-90\u00baC) | IBCparts.eu","isPartOf":{"@id":"https:\/\/ibcparts.eu\/#website"},"primaryImageOfPage":{"@id":"https:\/\/ibcparts.eu\/de\/produkt\/ogrevalna-odeja-za-odmrzovanje-tal\/#primaryimage"},"image":{"@id":"https:\/\/ibcparts.eu\/de\/produkt\/ogrevalna-odeja-za-odmrzovanje-tal\/#primaryimage"},"thumbnailUrl":"https:\/\/ibcparts.eu\/wp-content\/uploads\/2024\/08\/Ogrevalna-odeja-za-odmrzovanje-tal-removebg-preview.png","datePublished":"2024-08-07T11:32:35+00:00","dateModified":"2025-12-05T08:17:44+00:00","description":"Coperta riscaldante per lo scongelamento di pavimenti, l'indurimento del calcestruzzo, la protezione antigelo di tubature e altre apparecchiature a rischio di congelamento.","breadcrumb":{"@id":"https:\/\/ibcparts.eu\/de\/produkt\/ogrevalna-odeja-za-odmrzovanje-tal\/#breadcrumb"},"inLanguage":"it-IT","potentialAction":[{"@type":"ReadAction","target":["https:\/\/ibcparts.eu\/de\/produkt\/ogrevalna-odeja-za-odmrzovanje-tal\/"]}]},{"@type":"ImageObject","inLanguage":"it-IT","@id":"https:\/\/ibcparts.eu\/de\/produkt\/ogrevalna-odeja-za-odmrzovanje-tal\/#primaryimage","url":"https:\/\/ibcparts.eu\/wp-content\/uploads\/2024\/08\/Ogrevalna-odeja-za-odmrzovanje-tal-removebg-preview.png","contentUrl":"https:\/\/ibcparts.eu\/wp-content\/uploads\/2024\/08\/Ogrevalna-odeja-za-odmrzovanje-tal-removebg-preview.png","width":500,"height":500},{"@type":"BreadcrumbList","@id":"https:\/\/ibcparts.eu\/de\/produkt\/ogrevalna-odeja-za-odmrzovanje-tal\/#breadcrumb","itemListElement":[{"@type":"ListItem","position":1,"name":"Home","item":"https:\/\/ibcparts.eu\/"},{"@type":"ListItem","position":2,"name":"Nakupujte","item":"https:\/\/ibcparts.eu\/nakupujte\/"},{"@type":"ListItem","position":3,"name":"Ogrevalne odeje, blazine UltraHeat (0-90\u00baC)"}]},{"@type":"WebSite","@id":"https:\/\/ibcparts.eu\/#website","url":"https:\/\/ibcparts.eu\/","name":"IBCparts.eu","description":"","publisher":{"@id":"https:\/\/ibcparts.eu\/#organization"},"potentialAction":[{"@type":"SearchAction","target":{"@type":"EntryPoint","urlTemplate":"https:\/\/ibcparts.eu\/?s={search_term_string}"},"query-input":{"@type":"PropertyValueSpecification","valueRequired":true,"valueName":"search_term_string"}}],"inLanguage":"it-IT"},{"@type":"Organization","@id":"https:\/\/ibcparts.eu\/#organization","name":"IBCparts","url":"https:\/\/ibcparts.eu\/","logo":{"@type":"ImageObject","inLanguage":"it-IT","@id":"https:\/\/ibcparts.eu\/#\/schema\/logo\/image\/","url":"https:\/\/ibcparts.eu\/wp-content\/uploads\/2021\/10\/Footer-Logo.png","contentUrl":"https:\/\/ibcparts.eu\/wp-content\/uploads\/2021\/10\/Footer-Logo.png","width":1992,"height":772,"caption":"IBCparts"},"image":{"@id":"https:\/\/ibcparts.eu\/#\/schema\/logo\/image\/"}}]}},"_links":{"self":[{"href":"https:\/\/ibcparts.eu\/it\/wp-json\/wp\/v2\/product\/17233","targetHints":{"allow":["GET"]}}],"collection":[{"href":"https:\/\/ibcparts.eu\/it\/wp-json\/wp\/v2\/product"}],"about":[{"href":"https:\/\/ibcparts.eu\/it\/wp-json\/wp\/v2\/types\/product"}],"version-history":[{"count":0,"href":"https:\/\/ibcparts.eu\/it\/wp-json\/wp\/v2\/product\/17233\/revisions"}],"wp:featuredmedia":[{"embeddable":true,"href":"https:\/\/ibcparts.eu\/it\/wp-json\/wp\/v2\/media\/17237"}],"wp:attachment":[{"href":"https:\/\/ibcparts.eu\/it\/wp-json\/wp\/v2\/media?parent=17233"}],"wp:term":[{"taxonomy":"product_brand","embeddable":true,"href":"https:\/\/ibcparts.eu\/it\/wp-json\/wp\/v2\/product_brand?post=17233"},{"taxonomy":"product_cat","embeddable":true,"href":"https:\/\/ibcparts.eu\/it\/wp-json\/wp\/v2\/product_cat?post=17233"},{"taxonomy":"product_tag","embeddable":true,"href":"https:\/\/ibcparts.eu\/it\/wp-json\/wp\/v2\/product_tag?post=17233"}],"curies":[{"name":"wp","href":"https:\/\/api.w.org\/{rel}","templated":true}]}}