{"id":16997,"date":"2024-06-11T09:29:13","date_gmt":"2024-06-11T08:29:13","guid":{"rendered":"https:\/\/ibcparts.eu\/?post_type=product&#038;p=16997"},"modified":"2026-02-12T15:49:19","modified_gmt":"2026-02-12T14:49:19","slug":"cds-prikljucek-piusi","status":"publish","type":"product","link":"https:\/\/ibcparts.eu\/it\/prodotto\/raccordo-cds-piusi-per-adblue\/","title":{"rendered":"Collegamento SEC\/CDS per AdBlue"},"content":{"rendered":"","protected":false},"excerpt":{"rendered":"<p data-start=\"50\" data-end=\"156\"><strong data-start=\"50\" data-end=\"156\">CDS (Closed Dispense System) priklju\u010dek za sesalno cev \u2013 90\u00b0 izhod, za\u0161\u010dita AdBlue\u2122 pred kontaminacijo<\/strong><\/p>\n<ul>\n<li>CDS (Closed Dispense System) za priklju\u010ditev sesalne cevi na sod ali IBC cisterno.<\/li>\n<li>Uscita del tubo flessibile a 90 gradi.<\/li>\n<li>Polipropilene.<\/li>\n<li>Ta CDS\/SEC priklju\u010dek deluje tako, da se odpira\/zapira z vija\u010denjem, zato ne pride po po\u0161kodovanja priklju\u010dka, kot je to pogosto pri drugih verzijah\/kopijah.<\/li>\n<li>Z uporabo tega priklju\u010dka si zagotovite, da ne pride do kontaminacije AdBlue\u2122 .<\/li>\n<\/ul>","protected":false},"featured_media":17001,"template":"","meta":[],"product_brand":[],"product_cat":[182,319],"product_tag":[296],"class_list":{"0":"post-16997","1":"product","2":"type-product","3":"status-publish","4":"has-post-thumbnail","6":"product_cat-ibc-cisterne-ventili-in-dodatki","7":"product_cat-vse-za-uporabo-z-adblue","8":"product_tag-pokrov-za-ibc-cisterno","10":"first","11":"instock","12":"shipping-taxable","13":"purchasable","14":"product-type-simple"},"yoast_head":"<!-- This site is optimized with the Yoast SEO plugin v27.1.1 - https:\/\/yoast.com\/product\/yoast-seo-wordpress\/ -->\n<title>SEC\/CDS priklju\u010dek za AdBlue | IBCparts.eu<\/title>\n<meta name=\"description\" content=\"CDS (Closed Dispense System) priklju\u010dek za sesalno cev z 90\u00b0 izhodom. Iz PP materiala, odpiranje\/zapiranje z vija\u010denjem brez po\u0161kodb. Prepre\u010duje kontaminacijo AdBlue\u2122.\" \/>\n<meta name=\"robots\" content=\"index, follow, max-snippet:-1, max-image-preview:large, max-video-preview:-1\" \/>\n<link rel=\"canonical\" href=\"https:\/\/ibcparts.eu\/it\/prodotto\/raccordo-cds-piusi-per-adblue\/\" \/>\n<meta property=\"og:locale\" content=\"it_IT\" \/>\n<meta property=\"og:type\" content=\"article\" \/>\n<meta property=\"og:title\" content=\"SEC\/CDS priklju\u010dek za AdBlue | IBCparts.eu\" \/>\n<meta property=\"og:description\" content=\"CDS (Closed Dispense System) priklju\u010dek za sesalno cev z 90\u00b0 izhodom. Iz PP materiala, odpiranje\/zapiranje z vija\u010denjem brez po\u0161kodb. Prepre\u010duje kontaminacijo AdBlue\u2122.\" \/>\n<meta property=\"og:url\" content=\"https:\/\/ibcparts.eu\/it\/prodotto\/raccordo-cds-piusi-per-adblue\/\" \/>\n<meta property=\"og:site_name\" content=\"IBCparts.eu\" \/>\n<meta property=\"article:modified_time\" content=\"2026-02-12T14:49:19+00:00\" \/>\n<meta property=\"og:image\" content=\"https:\/\/ibcparts.eu\/wp-content\/uploads\/2024\/06\/31fX4jzGl8L-e1718095060321.jpg\" \/>\n\t<meta property=\"og:image:width\" content=\"440\" \/>\n\t<meta property=\"og:image:height\" content=\"440\" \/>\n\t<meta property=\"og:image:type\" content=\"image\/jpeg\" \/>\n<meta name=\"twitter:card\" content=\"summary_large_image\" \/>\n<script type=\"application\/ld+json\" class=\"yoast-schema-graph\">{\"@context\":\"https:\/\/schema.org\",\"@graph\":[{\"@type\":\"WebPage\",\"@id\":\"https:\/\/ibcparts.eu\/izdelek\/cds-prikljucek-piusi\/\",\"url\":\"https:\/\/ibcparts.eu\/izdelek\/cds-prikljucek-piusi\/\",\"name\":\"SEC\/CDS priklju\u010dek za AdBlue | IBCparts.eu\",\"isPartOf\":{\"@id\":\"https:\/\/ibcparts.eu\/#website\"},\"primaryImageOfPage\":{\"@id\":\"https:\/\/ibcparts.eu\/izdelek\/cds-prikljucek-piusi\/#primaryimage\"},\"image\":{\"@id\":\"https:\/\/ibcparts.eu\/izdelek\/cds-prikljucek-piusi\/#primaryimage\"},\"thumbnailUrl\":\"https:\/\/ibcparts.eu\/wp-content\/uploads\/2024\/06\/31fX4jzGl8L-e1718095060321.jpg\",\"datePublished\":\"2024-06-11T08:29:13+00:00\",\"dateModified\":\"2026-02-12T14:49:19+00:00\",\"description\":\"CDS (Closed Dispense System) priklju\u010dek za sesalno cev z 90\u00b0 izhodom. Iz PP materiala, odpiranje\/zapiranje z vija\u010denjem brez po\u0161kodb. Prepre\u010duje kontaminacijo AdBlue\u2122.\",\"breadcrumb\":{\"@id\":\"https:\/\/ibcparts.eu\/izdelek\/cds-prikljucek-piusi\/#breadcrumb\"},\"inLanguage\":\"it-IT\",\"potentialAction\":[{\"@type\":\"ReadAction\",\"target\":[\"https:\/\/ibcparts.eu\/izdelek\/cds-prikljucek-piusi\/\"]}]},{\"@type\":\"ImageObject\",\"inLanguage\":\"it-IT\",\"@id\":\"https:\/\/ibcparts.eu\/izdelek\/cds-prikljucek-piusi\/#primaryimage\",\"url\":\"https:\/\/ibcparts.eu\/wp-content\/uploads\/2024\/06\/31fX4jzGl8L-e1718095060321.jpg\",\"contentUrl\":\"https:\/\/ibcparts.eu\/wp-content\/uploads\/2024\/06\/31fX4jzGl8L-e1718095060321.jpg\",\"width\":440,\"height\":440,\"caption\":\"CDS (Closed Dispense System) priklju\u010dek za sesalno cev z 90-stopinjskim izhodom za AdBlue\u2122\"},{\"@type\":\"BreadcrumbList\",\"@id\":\"https:\/\/ibcparts.eu\/izdelek\/cds-prikljucek-piusi\/#breadcrumb\",\"itemListElement\":[{\"@type\":\"ListItem\",\"position\":1,\"name\":\"Home\",\"item\":\"https:\/\/ibcparts.eu\/\"},{\"@type\":\"ListItem\",\"position\":2,\"name\":\"Nakupujte\",\"item\":\"https:\/\/ibcparts.eu\/nakupujte\/\"},{\"@type\":\"ListItem\",\"position\":3,\"name\":\"SEC\/CDS priklju\u010dek za AdBlue\"}]},{\"@type\":\"WebSite\",\"@id\":\"https:\/\/ibcparts.eu\/#website\",\"url\":\"https:\/\/ibcparts.eu\/\",\"name\":\"IBCparts.eu\",\"description\":\"\",\"publisher\":{\"@id\":\"https:\/\/ibcparts.eu\/#organization\"},\"potentialAction\":[{\"@type\":\"SearchAction\",\"target\":{\"@type\":\"EntryPoint\",\"urlTemplate\":\"https:\/\/ibcparts.eu\/?s={search_term_string}\"},\"query-input\":{\"@type\":\"PropertyValueSpecification\",\"valueRequired\":true,\"valueName\":\"search_term_string\"}}],\"inLanguage\":\"it-IT\"},{\"@type\":\"Organization\",\"@id\":\"https:\/\/ibcparts.eu\/#organization\",\"name\":\"IBCparts\",\"url\":\"https:\/\/ibcparts.eu\/\",\"logo\":{\"@type\":\"ImageObject\",\"inLanguage\":\"it-IT\",\"@id\":\"https:\/\/ibcparts.eu\/#\/schema\/logo\/image\/\",\"url\":\"https:\/\/ibcparts.eu\/wp-content\/uploads\/2021\/10\/Footer-Logo.png\",\"contentUrl\":\"https:\/\/ibcparts.eu\/wp-content\/uploads\/2021\/10\/Footer-Logo.png\",\"width\":1992,\"height\":772,\"caption\":\"IBCparts\"},\"image\":{\"@id\":\"https:\/\/ibcparts.eu\/#\/schema\/logo\/image\/\"}}]}<\/script>\n<!-- \/ Yoast SEO plugin. -->","yoast_head_json":{"title":"Connettore AdBlue SEC\/CDS | IBCparts.eu","description":"CDS (Closed Dispense System) priklju\u010dek za sesalno cev z 90\u00b0 izhodom. Iz PP materiala, odpiranje\/zapiranje z vija\u010denjem brez po\u0161kodb. Prepre\u010duje kontaminacijo AdBlue\u2122.","robots":{"index":"index","follow":"follow","max-snippet":"max-snippet:-1","max-image-preview":"max-image-preview:large","max-video-preview":"max-video-preview:-1"},"canonical":"https:\/\/ibcparts.eu\/it\/prodotto\/raccordo-cds-piusi-per-adblue\/","og_locale":"it_IT","og_type":"article","og_title":"SEC\/CDS priklju\u010dek za AdBlue | IBCparts.eu","og_description":"CDS (Closed Dispense System) priklju\u010dek za sesalno cev z 90\u00b0 izhodom. Iz PP materiala, odpiranje\/zapiranje z vija\u010denjem brez po\u0161kodb. Prepre\u010duje kontaminacijo AdBlue\u2122.","og_url":"https:\/\/ibcparts.eu\/it\/prodotto\/raccordo-cds-piusi-per-adblue\/","og_site_name":"IBCparts.eu","article_modified_time":"2026-02-12T14:49:19+00:00","og_image":[{"width":440,"height":440,"url":"https:\/\/ibcparts.eu\/wp-content\/uploads\/2024\/06\/31fX4jzGl8L-e1718095060321.jpg","type":"image\/jpeg"}],"twitter_card":"summary_large_image","schema":{"@context":"https:\/\/schema.org","@graph":[{"@type":"WebPage","@id":"https:\/\/ibcparts.eu\/izdelek\/cds-prikljucek-piusi\/","url":"https:\/\/ibcparts.eu\/izdelek\/cds-prikljucek-piusi\/","name":"Connettore AdBlue SEC\/CDS | IBCparts.eu","isPartOf":{"@id":"https:\/\/ibcparts.eu\/#website"},"primaryImageOfPage":{"@id":"https:\/\/ibcparts.eu\/izdelek\/cds-prikljucek-piusi\/#primaryimage"},"image":{"@id":"https:\/\/ibcparts.eu\/izdelek\/cds-prikljucek-piusi\/#primaryimage"},"thumbnailUrl":"https:\/\/ibcparts.eu\/wp-content\/uploads\/2024\/06\/31fX4jzGl8L-e1718095060321.jpg","datePublished":"2024-06-11T08:29:13+00:00","dateModified":"2026-02-12T14:49:19+00:00","description":"CDS (Closed Dispense System) priklju\u010dek za sesalno cev z 90\u00b0 izhodom. Iz PP materiala, odpiranje\/zapiranje z vija\u010denjem brez po\u0161kodb. Prepre\u010duje kontaminacijo AdBlue\u2122.","breadcrumb":{"@id":"https:\/\/ibcparts.eu\/izdelek\/cds-prikljucek-piusi\/#breadcrumb"},"inLanguage":"it-IT","potentialAction":[{"@type":"ReadAction","target":["https:\/\/ibcparts.eu\/izdelek\/cds-prikljucek-piusi\/"]}]},{"@type":"ImageObject","inLanguage":"it-IT","@id":"https:\/\/ibcparts.eu\/izdelek\/cds-prikljucek-piusi\/#primaryimage","url":"https:\/\/ibcparts.eu\/wp-content\/uploads\/2024\/06\/31fX4jzGl8L-e1718095060321.jpg","contentUrl":"https:\/\/ibcparts.eu\/wp-content\/uploads\/2024\/06\/31fX4jzGl8L-e1718095060321.jpg","width":440,"height":440,"caption":"CDS (Closed Dispense System) priklju\u010dek za sesalno cev z 90-stopinjskim izhodom za AdBlue\u2122"},{"@type":"BreadcrumbList","@id":"https:\/\/ibcparts.eu\/izdelek\/cds-prikljucek-piusi\/#breadcrumb","itemListElement":[{"@type":"ListItem","position":1,"name":"Home","item":"https:\/\/ibcparts.eu\/"},{"@type":"ListItem","position":2,"name":"Nakupujte","item":"https:\/\/ibcparts.eu\/nakupujte\/"},{"@type":"ListItem","position":3,"name":"SEC\/CDS priklju\u010dek za AdBlue"}]},{"@type":"WebSite","@id":"https:\/\/ibcparts.eu\/#website","url":"https:\/\/ibcparts.eu\/","name":"IBCparts.eu","description":"","publisher":{"@id":"https:\/\/ibcparts.eu\/#organization"},"potentialAction":[{"@type":"SearchAction","target":{"@type":"EntryPoint","urlTemplate":"https:\/\/ibcparts.eu\/?s={search_term_string}"},"query-input":{"@type":"PropertyValueSpecification","valueRequired":true,"valueName":"search_term_string"}}],"inLanguage":"it-IT"},{"@type":"Organization","@id":"https:\/\/ibcparts.eu\/#organization","name":"IBCparts","url":"https:\/\/ibcparts.eu\/","logo":{"@type":"ImageObject","inLanguage":"it-IT","@id":"https:\/\/ibcparts.eu\/#\/schema\/logo\/image\/","url":"https:\/\/ibcparts.eu\/wp-content\/uploads\/2021\/10\/Footer-Logo.png","contentUrl":"https:\/\/ibcparts.eu\/wp-content\/uploads\/2021\/10\/Footer-Logo.png","width":1992,"height":772,"caption":"IBCparts"},"image":{"@id":"https:\/\/ibcparts.eu\/#\/schema\/logo\/image\/"}}]}},"_links":{"self":[{"href":"https:\/\/ibcparts.eu\/it\/wp-json\/wp\/v2\/product\/16997","targetHints":{"allow":["GET"]}}],"collection":[{"href":"https:\/\/ibcparts.eu\/it\/wp-json\/wp\/v2\/product"}],"about":[{"href":"https:\/\/ibcparts.eu\/it\/wp-json\/wp\/v2\/types\/product"}],"version-history":[{"count":1,"href":"https:\/\/ibcparts.eu\/it\/wp-json\/wp\/v2\/product\/16997\/revisions"}],"predecessor-version":[{"id":20621,"href":"https:\/\/ibcparts.eu\/it\/wp-json\/wp\/v2\/product\/16997\/revisions\/20621"}],"wp:featuredmedia":[{"embeddable":true,"href":"https:\/\/ibcparts.eu\/it\/wp-json\/wp\/v2\/media\/17001"}],"wp:attachment":[{"href":"https:\/\/ibcparts.eu\/it\/wp-json\/wp\/v2\/media?parent=16997"}],"wp:term":[{"taxonomy":"product_brand","embeddable":true,"href":"https:\/\/ibcparts.eu\/it\/wp-json\/wp\/v2\/product_brand?post=16997"},{"taxonomy":"product_cat","embeddable":true,"href":"https:\/\/ibcparts.eu\/it\/wp-json\/wp\/v2\/product_cat?post=16997"},{"taxonomy":"product_tag","embeddable":true,"href":"https:\/\/ibcparts.eu\/it\/wp-json\/wp\/v2\/product_tag?post=16997"}],"curies":[{"name":"wp","href":"https:\/\/api.w.org\/{rel}","templated":true}]}}