{"id":16490,"date":"2024-03-22T07:49:08","date_gmt":"2024-03-22T06:49:08","guid":{"rendered":"https:\/\/ibcparts.eu\/?post_type=product&#038;p=16490"},"modified":"2026-01-13T13:49:59","modified_gmt":"2026-01-13T12:49:59","slug":"reducir-sol","status":"publish","type":"product","link":"https:\/\/ibcparts.eu\/it\/prodotto\/riduttore-sol\/","title":{"rendered":"Riduttore SOL S60 (1\/2\", 3\/4\u2033 e 1\u2033)"},"content":{"rendered":"<p><strong>Informazioni sul prodotto:<\/strong><br \/>\nRiduttore SOL, progettato per uso domestico (giardino). Adatto a cisterne con valvola da 55\u201362 mm, filettatura grossa S60x6 (DN50) \u2013 il tipo di valvola pi\u00f9 comune sulle cisterne IBC.<br \/>\nTipo di filettatura centrale: Filettatura BSP femmina disponibile in tre diverse dimensioni \u2013 adatta a tutti i rubinetti standard presenti sul mercato.<\/p>\n<p><strong>Materiale: <\/strong>HDPE, plastica resistente e protetta contro i raggi UV<br \/>\n<strong>Colore: <\/strong>verde<br \/>\n<strong>Guarnizione<\/strong> Realizzata in schiuma PE sul lato interno. Garantisce un\u2019ottima tenuta anche in presenza di piccole irregolarit\u00e0 della valvola. Tuttavia, se la valvola \u00e8 danneggiata e presenta bordi taglienti, anche questa guarnizione potrebbe danneggiarsi.<\/p>\n<p><strong>Dimensioni della filettatura<\/strong><\/p>\n<ul>\n<li>Filetto femmina da 1\/2\u2033,<\/li>\n<li>Filetto interno da 3\/4\u2033,<\/li>\n<li>Filetto interno da 1\u2033.<\/li>\n<\/ul>\n<p>Non sono i pi\u00f9 adatti per i collegamenti da serbatoio a serbatoio, poich\u00e9 il carico su di essi \u00e8 maggiore e la durata di vita \u00e8 molto ridotta.<\/p>\n<p>Per un utilizzo professionale consigliamo l\u2019impiego di riduttori AVA o PRO.<\/p>\n<p>&nbsp;<\/p>","protected":false},"excerpt":{"rendered":"<div class=\"woocommerce-product-details__short-description\">\n<h2>Il riduttore SOL pi\u00f9 conveniente per serbatoi IBC, pensato per uso domestico (giardino).<\/h2>\n<\/div>\n<div class=\"btn-atc atc-popup\">\n<ul>\n<li class=\" translation-block\">Per serbatoi con valvola di diametro 55\u201362 mm, filetto grosso S60\u00d76 (DN50).<\/li>\n<li><strong>Tipo di filettatura centrale<\/strong> Filettatura BSP femmina disponibile in tre diverse dimensioni<\/li>\n<li><strong>Materiale: <\/strong>HDPE<\/li>\n<li><strong>Colore: <\/strong>verde<\/li>\n<li><strong>Guarnizione<\/strong>\u00a0in schiuma (PE) all'interno.<\/li>\n<\/ul>\n<p><strong>Dimensioni della filettatura<\/strong><\/p>\n<ul>\n<li>Filetto femmina da 1\/2\u2033,<\/li>\n<li>Filetto interno da 3\/4\u2033,<\/li>\n<li>Filetto interno da 1\u2033.<\/li>\n<\/ul>\n<\/div>","protected":false},"featured_media":16494,"template":"","meta":[],"product_brand":[],"product_cat":[170,298],"product_tag":[278,277,275,273,274,272,321,276],"class_list":{"0":"post-16490","1":"product","2":"type-product","3":"status-publish","4":"has-post-thumbnail","6":"product_cat-reducirji-in-prikljucki-za-ibc","7":"product_cat-prikljucki-za-cisterno-z-navojem-s60x6","8":"product_tag-adapter-for-ibc-container","9":"product_tag-adapter-za-1000l","10":"product_tag-adapter-za-kontejner","11":"product_tag-cep-za-cisterno","12":"product_tag-cep-za-ibc","13":"product_tag-ibc-adapter","14":"product_tag-reducir-za-ibc-cisterno","15":"product_tag-reducir-za-kontejner","17":"first","18":"instock","19":"sale","20":"shipping-taxable","21":"purchasable","22":"product-type-variable"},"yoast_head":"<!-- This site is optimized with the Yoast SEO plugin v27.1.1 - https:\/\/yoast.com\/product\/yoast-seo-wordpress\/ -->\n<title>Reducir SOL S60 (1\/2&#039;&#039;, 3\/4&quot; in 1&quot;) | IBCparts.eu<\/title>\n<meta name=\"description\" content=\"Reducir SOL za IBC cisterno, namenjen za doma\u010do uporabo (vrt). Za cisterne z ventilom S60x6 (DN50).\" \/>\n<meta name=\"robots\" content=\"index, follow, max-snippet:-1, max-image-preview:large, max-video-preview:-1\" \/>\n<link rel=\"canonical\" href=\"https:\/\/ibcparts.eu\/it\/prodotto\/riduttore-sol\/\" \/>\n<meta property=\"og:locale\" content=\"it_IT\" \/>\n<meta property=\"og:type\" content=\"article\" \/>\n<meta property=\"og:title\" content=\"Reducir SOL S60 (1\/2&#039;&#039;, 3\/4&quot; in 1&quot;) | IBCparts.eu\" \/>\n<meta property=\"og:description\" content=\"Reducir SOL za IBC cisterno, namenjen za doma\u010do uporabo (vrt). Za cisterne z ventilom S60x6 (DN50).\" \/>\n<meta property=\"og:url\" content=\"https:\/\/ibcparts.eu\/it\/prodotto\/riduttore-sol\/\" \/>\n<meta property=\"og:site_name\" content=\"IBCparts.eu\" \/>\n<meta property=\"article:modified_time\" content=\"2026-01-13T12:49:59+00:00\" \/>\n<meta property=\"og:image\" content=\"https:\/\/ibcparts.eu\/wp-content\/uploads\/2024\/03\/124512_YP0352_web_1920x1920.webp\" \/>\n\t<meta property=\"og:image:width\" content=\"1920\" \/>\n\t<meta property=\"og:image:height\" content=\"1920\" \/>\n\t<meta property=\"og:image:type\" content=\"image\/webp\" \/>\n<meta name=\"twitter:card\" content=\"summary_large_image\" \/>\n<meta name=\"twitter:label1\" content=\"Tempo di lettura stimato\" \/>\n\t<meta name=\"twitter:data1\" content=\"3 minuti\" \/>\n<script type=\"application\/ld+json\" class=\"yoast-schema-graph\">{\"@context\":\"https:\/\/schema.org\",\"@graph\":[{\"@type\":\"WebPage\",\"@id\":\"https:\/\/ibcparts.eu\/izdelek\/reducir-sol\/\",\"url\":\"https:\/\/ibcparts.eu\/izdelek\/reducir-sol\/\",\"name\":\"Reducir SOL S60 (1\/2'', 3\/4\\\" in 1\\\") | IBCparts.eu\",\"isPartOf\":{\"@id\":\"https:\/\/ibcparts.eu\/#website\"},\"primaryImageOfPage\":{\"@id\":\"https:\/\/ibcparts.eu\/izdelek\/reducir-sol\/#primaryimage\"},\"image\":{\"@id\":\"https:\/\/ibcparts.eu\/izdelek\/reducir-sol\/#primaryimage\"},\"thumbnailUrl\":\"https:\/\/ibcparts.eu\/wp-content\/uploads\/2024\/03\/124512_YP0352_web_1920x1920.webp\",\"datePublished\":\"2024-03-22T06:49:08+00:00\",\"dateModified\":\"2026-01-13T12:49:59+00:00\",\"description\":\"Reducir SOL za IBC cisterno, namenjen za doma\u010do uporabo (vrt). Za cisterne z ventilom S60x6 (DN50).\",\"breadcrumb\":{\"@id\":\"https:\/\/ibcparts.eu\/izdelek\/reducir-sol\/#breadcrumb\"},\"inLanguage\":\"it-IT\",\"potentialAction\":[{\"@type\":\"ReadAction\",\"target\":[\"https:\/\/ibcparts.eu\/izdelek\/reducir-sol\/\"]}]},{\"@type\":\"ImageObject\",\"inLanguage\":\"it-IT\",\"@id\":\"https:\/\/ibcparts.eu\/izdelek\/reducir-sol\/#primaryimage\",\"url\":\"https:\/\/ibcparts.eu\/wp-content\/uploads\/2024\/03\/124512_YP0352_web_1920x1920.webp\",\"contentUrl\":\"https:\/\/ibcparts.eu\/wp-content\/uploads\/2024\/03\/124512_YP0352_web_1920x1920.webp\",\"width\":1920,\"height\":1920,\"caption\":\"Reducir SOL za IBC cisterno\"},{\"@type\":\"BreadcrumbList\",\"@id\":\"https:\/\/ibcparts.eu\/izdelek\/reducir-sol\/#breadcrumb\",\"itemListElement\":[{\"@type\":\"ListItem\",\"position\":1,\"name\":\"Home\",\"item\":\"https:\/\/ibcparts.eu\/\"},{\"@type\":\"ListItem\",\"position\":2,\"name\":\"Nakupujte\",\"item\":\"https:\/\/ibcparts.eu\/nakupujte\/\"},{\"@type\":\"ListItem\",\"position\":3,\"name\":\"Reducir SOL S60 (1\/2&#8221;, 3\/4&#8243; in 1&#8243;)\"}]},{\"@type\":\"WebSite\",\"@id\":\"https:\/\/ibcparts.eu\/#website\",\"url\":\"https:\/\/ibcparts.eu\/\",\"name\":\"IBCparts.eu\",\"description\":\"\",\"publisher\":{\"@id\":\"https:\/\/ibcparts.eu\/#organization\"},\"potentialAction\":[{\"@type\":\"SearchAction\",\"target\":{\"@type\":\"EntryPoint\",\"urlTemplate\":\"https:\/\/ibcparts.eu\/?s={search_term_string}\"},\"query-input\":{\"@type\":\"PropertyValueSpecification\",\"valueRequired\":true,\"valueName\":\"search_term_string\"}}],\"inLanguage\":\"it-IT\"},{\"@type\":\"Organization\",\"@id\":\"https:\/\/ibcparts.eu\/#organization\",\"name\":\"IBCparts\",\"url\":\"https:\/\/ibcparts.eu\/\",\"logo\":{\"@type\":\"ImageObject\",\"inLanguage\":\"it-IT\",\"@id\":\"https:\/\/ibcparts.eu\/#\/schema\/logo\/image\/\",\"url\":\"https:\/\/ibcparts.eu\/wp-content\/uploads\/2021\/10\/Footer-Logo.png\",\"contentUrl\":\"https:\/\/ibcparts.eu\/wp-content\/uploads\/2021\/10\/Footer-Logo.png\",\"width\":1992,\"height\":772,\"caption\":\"IBCparts\"},\"image\":{\"@id\":\"https:\/\/ibcparts.eu\/#\/schema\/logo\/image\/\"}}]}<\/script>\n<!-- \/ Yoast SEO plugin. -->","yoast_head_json":{"title":"Riduttore SOL S60 (1\/2'', 3\/4\" e 1\") | IBCparts.eu","description":"Riduttore SOL per serbatoio IBC, progettato per uso domestico (giardino). Per serbatoi con valvola S60x6 (DN50).","robots":{"index":"index","follow":"follow","max-snippet":"max-snippet:-1","max-image-preview":"max-image-preview:large","max-video-preview":"max-video-preview:-1"},"canonical":"https:\/\/ibcparts.eu\/it\/prodotto\/riduttore-sol\/","og_locale":"it_IT","og_type":"article","og_title":"Reducir SOL S60 (1\/2'', 3\/4\" in 1\") | IBCparts.eu","og_description":"Reducir SOL za IBC cisterno, namenjen za doma\u010do uporabo (vrt). Za cisterne z ventilom S60x6 (DN50).","og_url":"https:\/\/ibcparts.eu\/it\/prodotto\/riduttore-sol\/","og_site_name":"IBCparts.eu","article_modified_time":"2026-01-13T12:49:59+00:00","og_image":[{"width":1920,"height":1920,"url":"https:\/\/ibcparts.eu\/wp-content\/uploads\/2024\/03\/124512_YP0352_web_1920x1920.webp","type":"image\/webp"}],"twitter_card":"summary_large_image","twitter_misc":{"Tempo di lettura stimato":"3 minuti"},"schema":{"@context":"https:\/\/schema.org","@graph":[{"@type":"WebPage","@id":"https:\/\/ibcparts.eu\/izdelek\/reducir-sol\/","url":"https:\/\/ibcparts.eu\/izdelek\/reducir-sol\/","name":"Riduttore SOL S60 (1\/2'', 3\/4\" e 1\") | IBCparts.eu","isPartOf":{"@id":"https:\/\/ibcparts.eu\/#website"},"primaryImageOfPage":{"@id":"https:\/\/ibcparts.eu\/izdelek\/reducir-sol\/#primaryimage"},"image":{"@id":"https:\/\/ibcparts.eu\/izdelek\/reducir-sol\/#primaryimage"},"thumbnailUrl":"https:\/\/ibcparts.eu\/wp-content\/uploads\/2024\/03\/124512_YP0352_web_1920x1920.webp","datePublished":"2024-03-22T06:49:08+00:00","dateModified":"2026-01-13T12:49:59+00:00","description":"Riduttore SOL per serbatoio IBC, progettato per uso domestico (giardino). Per serbatoi con valvola S60x6 (DN50).","breadcrumb":{"@id":"https:\/\/ibcparts.eu\/izdelek\/reducir-sol\/#breadcrumb"},"inLanguage":"it-IT","potentialAction":[{"@type":"ReadAction","target":["https:\/\/ibcparts.eu\/izdelek\/reducir-sol\/"]}]},{"@type":"ImageObject","inLanguage":"it-IT","@id":"https:\/\/ibcparts.eu\/izdelek\/reducir-sol\/#primaryimage","url":"https:\/\/ibcparts.eu\/wp-content\/uploads\/2024\/03\/124512_YP0352_web_1920x1920.webp","contentUrl":"https:\/\/ibcparts.eu\/wp-content\/uploads\/2024\/03\/124512_YP0352_web_1920x1920.webp","width":1920,"height":1920,"caption":"Reducir SOL za IBC cisterno"},{"@type":"BreadcrumbList","@id":"https:\/\/ibcparts.eu\/izdelek\/reducir-sol\/#breadcrumb","itemListElement":[{"@type":"ListItem","position":1,"name":"Home","item":"https:\/\/ibcparts.eu\/"},{"@type":"ListItem","position":2,"name":"Nakupujte","item":"https:\/\/ibcparts.eu\/nakupujte\/"},{"@type":"ListItem","position":3,"name":"Reducir SOL S60 (1\/2&#8221;, 3\/4&#8243; in 1&#8243;)"}]},{"@type":"WebSite","@id":"https:\/\/ibcparts.eu\/#website","url":"https:\/\/ibcparts.eu\/","name":"IBCparts.eu","description":"","publisher":{"@id":"https:\/\/ibcparts.eu\/#organization"},"potentialAction":[{"@type":"SearchAction","target":{"@type":"EntryPoint","urlTemplate":"https:\/\/ibcparts.eu\/?s={search_term_string}"},"query-input":{"@type":"PropertyValueSpecification","valueRequired":true,"valueName":"search_term_string"}}],"inLanguage":"it-IT"},{"@type":"Organization","@id":"https:\/\/ibcparts.eu\/#organization","name":"IBCparts","url":"https:\/\/ibcparts.eu\/","logo":{"@type":"ImageObject","inLanguage":"it-IT","@id":"https:\/\/ibcparts.eu\/#\/schema\/logo\/image\/","url":"https:\/\/ibcparts.eu\/wp-content\/uploads\/2021\/10\/Footer-Logo.png","contentUrl":"https:\/\/ibcparts.eu\/wp-content\/uploads\/2021\/10\/Footer-Logo.png","width":1992,"height":772,"caption":"IBCparts"},"image":{"@id":"https:\/\/ibcparts.eu\/#\/schema\/logo\/image\/"}}]}},"_links":{"self":[{"href":"https:\/\/ibcparts.eu\/it\/wp-json\/wp\/v2\/product\/16490","targetHints":{"allow":["GET"]}}],"collection":[{"href":"https:\/\/ibcparts.eu\/it\/wp-json\/wp\/v2\/product"}],"about":[{"href":"https:\/\/ibcparts.eu\/it\/wp-json\/wp\/v2\/types\/product"}],"version-history":[{"count":2,"href":"https:\/\/ibcparts.eu\/it\/wp-json\/wp\/v2\/product\/16490\/revisions"}],"predecessor-version":[{"id":20153,"href":"https:\/\/ibcparts.eu\/it\/wp-json\/wp\/v2\/product\/16490\/revisions\/20153"}],"wp:featuredmedia":[{"embeddable":true,"href":"https:\/\/ibcparts.eu\/it\/wp-json\/wp\/v2\/media\/16494"}],"wp:attachment":[{"href":"https:\/\/ibcparts.eu\/it\/wp-json\/wp\/v2\/media?parent=16490"}],"wp:term":[{"taxonomy":"product_brand","embeddable":true,"href":"https:\/\/ibcparts.eu\/it\/wp-json\/wp\/v2\/product_brand?post=16490"},{"taxonomy":"product_cat","embeddable":true,"href":"https:\/\/ibcparts.eu\/it\/wp-json\/wp\/v2\/product_cat?post=16490"},{"taxonomy":"product_tag","embeddable":true,"href":"https:\/\/ibcparts.eu\/it\/wp-json\/wp\/v2\/product_tag?post=16490"}],"curies":[{"name":"wp","href":"https:\/\/api.w.org\/{rel}","templated":true}]}}