{"id":16250,"date":"2024-02-01T11:52:27","date_gmt":"2024-02-01T10:52:27","guid":{"rendered":"https:\/\/ibcparts.eu\/?post_type=product&#038;p=16250"},"modified":"2026-02-09T08:10:18","modified_gmt":"2026-02-09T07:10:18","slug":"komplet-pro-1-lite","status":"publish","type":"product","link":"https:\/\/ibcparts.eu\/it\/prodotto\/komplet-pro-1-lite\/","title":{"rendered":"Set PRO 1\u2033 Lite (leva allungata) per cisterna IBC"},"content":{"rendered":"","protected":false},"excerpt":{"rendered":"<h2 data-start=\"179\" data-end=\"255\"><strong data-start=\"183\" data-end=\"255\">Set PRO 1\u2033 Lite con leva allungata \u2013 rubinetto di collegamento per cisterna IBC (S60x6 \/ DN50)<\/strong><\/h2>\n<p data-start=\"257\" data-end=\"503\" class=\" translation-block\">Rubinetto di collegamento per cisterna IBC con riduttore PRO e rubinetto Lite in metallo da 1\u2033. Il set \u00e8 gi\u00e0 assemblato e funziona come un affidabile adattatore per cisterna IBC, adatto alla maggior parte delle cisterne IBC standard con filettatura grossa S60x6 (DN50).<\/p>\n<p data-start=\"505\" data-end=\"766\" class=\" translation-block\">Il rubinetto Lite da 1\u2033 \u00e8 progettato per il rapido travaso dell\u2019acqua, soprattutto direttamente in un annaffiatoio o in un altro contenitore. A causa della sua struttura non consente il collegamento di un tubo da giardino, ma presenta un ampio diametro interno di 15 mm, che garantisce un\u2019elevata portata con una struttura semplice e leggera.<\/p>\n<p data-start=\"768\" data-end=\"950\" class=\" translation-block\">All\u2019uscita del rubinetto \u00e8 installata una retina in plastica per la formatura del getto, che pu\u00f2 essere facilmente rimossa se nella cisterna sono presenti impurit\u00e0.<\/p>\n<p data-start=\"952\" data-end=\"1177\">Glavna prednost kompleta je\u00a0<strong data-start=\"920\" data-end=\"935\">Reducir PRO<\/strong>, izdelan iz visokokakovostnega materiala (\u010disti PP, stru\u017een iz enega kosa, masiven) in opremljen z\u00a0<strong data-start=\"992\" data-end=\"1054\">NB\/SB gumijastim tesnilom. Certificirano za stik z \u017eivili<\/strong>. Na trgu pogosto najdemo zelo podobne, vendar z bistveno tanj\u0161o steno.<\/p>\n<p data-start=\"1179\" data-end=\"1339\" class=\" translation-block\">Il set \u00e8 compatibile con cisterne IBC con un diametro esterno della filettatura di 55\u201362 mm e un passo della filettatura di ~6 mm, che rappresenta lo standard pi\u00f9 comune per le valvole IBC.<\/p>\n<p data-start=\"1341\" data-end=\"1458\" class=\" translation-block\">Se la Sua cisterna IBC ha un tipo di valvola diverso, pu\u00f2 scegliere un adattatore IBC adatto oppure contattarci per assistenza.<\/p>\n<p data-start=\"1460\" data-end=\"1482\"><strong data-start=\"1460\" data-end=\"1482\">Vantaggi principali:<\/strong><\/p>\n<ul>\n<li data-start=\"1485\" data-end=\"1522\" class=\" translation-block\">Rubinetto di collegamento per cisterna IBC<\/li>\n<li data-start=\"1525\" data-end=\"1569\" class=\" translation-block\">Funziona come adattatore \/ raccordo per valvola IBC<\/li>\n<li data-start=\"1572\" data-end=\"1607\" class=\" translation-block\">Filettatura standard S60x6 \/ DN50<\/li>\n<li data-start=\"1610\" data-end=\"1660\" class=\" translation-block\">Riduttore PRO con guarnizione NB\/SB (idoneo al contatto con alimenti)<\/li>\n<li data-start=\"1663\" data-end=\"1694\"><strong data-start=\"1663\" data-end=\"1692\">1\u2033 rubinetto metallico Lite con leva allungata<\/strong><\/li>\n<li data-start=\"1697\" data-end=\"1740\" class=\" translation-block\">Diametro interno 15 mm per un flusso rapido<\/li>\n<li data-start=\"1743\" data-end=\"1775\">Ideale per il riempimento di un annaffiatoio<\/li>\n<\/ul>\n<p class=\" translation-block\">Se il Suo contenitore ha una valvola diversa, pu\u00f2 verificare il tipo di valvola <a href=\"https:\/\/ibcparts.eu\/it\/ibc-info\/\" target=\"_self\">qui<\/a> e quindi scegliere l\u2019adattatore appropriato. Se non \u00e8 ancora del tutto sicuro, La preghiamo di contattarci.<\/p>","protected":false},"featured_media":16251,"template":"","meta":[],"product_brand":[],"product_cat":[173],"product_tag":[],"class_list":{"0":"post-16250","1":"product","2":"type-product","3":"status-publish","4":"has-post-thumbnail","6":"product_cat-kompleti-pro","8":"first","9":"instock","10":"shipping-taxable","11":"purchasable","12":"product-type-simple"},"yoast_head":"<!-- This site is optimized with the Yoast SEO plugin v27.1.1 - https:\/\/yoast.com\/product\/yoast-seo-wordpress\/ -->\n<title>Komplet PRO\u00a01&quot; Lite za IBC cisterno | IBCparts.eu<\/title>\n<meta name=\"description\" content=\"Priklju\u010dna pipa oziroma adapter za IBC cisterno S60x6 (DN50) z 1\u2033 Lite kovinsko pipo z dalj\u0161im ro\u010dajem. Hiter pretok, primerna za zalivalko.\" \/>\n<meta name=\"robots\" content=\"index, follow, max-snippet:-1, max-image-preview:large, max-video-preview:-1\" \/>\n<link rel=\"canonical\" href=\"https:\/\/ibcparts.eu\/it\/prodotto\/komplet-pro-1-lite\/\" \/>\n<meta property=\"og:locale\" content=\"it_IT\" \/>\n<meta property=\"og:type\" content=\"article\" \/>\n<meta property=\"og:title\" content=\"Komplet PRO\u00a01&quot; Lite za IBC cisterno | IBCparts.eu\" \/>\n<meta property=\"og:description\" content=\"Priklju\u010dna pipa oziroma adapter za IBC cisterno S60x6 (DN50) z 1\u2033 Lite kovinsko pipo z dalj\u0161im ro\u010dajem. Hiter pretok, primerna za zalivalko.\" \/>\n<meta property=\"og:url\" content=\"https:\/\/ibcparts.eu\/it\/prodotto\/komplet-pro-1-lite\/\" \/>\n<meta property=\"og:site_name\" content=\"IBCparts.eu\" \/>\n<meta property=\"article:modified_time\" content=\"2026-02-09T07:10:18+00:00\" \/>\n<meta property=\"og:image\" content=\"https:\/\/ibcparts.eu\/wp-content\/uploads\/2024\/02\/komplet-pro-1-orig-removebg-preview.png\" \/>\n\t<meta property=\"og:image:width\" content=\"500\" \/>\n\t<meta property=\"og:image:height\" content=\"500\" \/>\n\t<meta property=\"og:image:type\" content=\"image\/png\" \/>\n<meta name=\"twitter:card\" content=\"summary_large_image\" \/>\n<script type=\"application\/ld+json\" class=\"yoast-schema-graph\">{\"@context\":\"https:\/\/schema.org\",\"@graph\":[{\"@type\":\"WebPage\",\"@id\":\"https:\/\/ibcparts.eu\/izdelek\/komplet-pro-1-lite\/\",\"url\":\"https:\/\/ibcparts.eu\/izdelek\/komplet-pro-1-lite\/\",\"name\":\"Komplet PRO\u00a01\\\" Lite za IBC cisterno | IBCparts.eu\",\"isPartOf\":{\"@id\":\"https:\/\/ibcparts.eu\/#website\"},\"primaryImageOfPage\":{\"@id\":\"https:\/\/ibcparts.eu\/izdelek\/komplet-pro-1-lite\/#primaryimage\"},\"image\":{\"@id\":\"https:\/\/ibcparts.eu\/izdelek\/komplet-pro-1-lite\/#primaryimage\"},\"thumbnailUrl\":\"https:\/\/ibcparts.eu\/wp-content\/uploads\/2024\/02\/komplet-pro-1-orig-removebg-preview.png\",\"datePublished\":\"2024-02-01T10:52:27+00:00\",\"dateModified\":\"2026-02-09T07:10:18+00:00\",\"description\":\"Priklju\u010dna pipa oziroma adapter za IBC cisterno S60x6 (DN50) z 1\u2033 Lite kovinsko pipo z dalj\u0161im ro\u010dajem. Hiter pretok, primerna za zalivalko.\",\"breadcrumb\":{\"@id\":\"https:\/\/ibcparts.eu\/izdelek\/komplet-pro-1-lite\/#breadcrumb\"},\"inLanguage\":\"it-IT\",\"potentialAction\":[{\"@type\":\"ReadAction\",\"target\":[\"https:\/\/ibcparts.eu\/izdelek\/komplet-pro-1-lite\/\"]}]},{\"@type\":\"ImageObject\",\"inLanguage\":\"it-IT\",\"@id\":\"https:\/\/ibcparts.eu\/izdelek\/komplet-pro-1-lite\/#primaryimage\",\"url\":\"https:\/\/ibcparts.eu\/wp-content\/uploads\/2024\/02\/komplet-pro-1-orig-removebg-preview.png\",\"contentUrl\":\"https:\/\/ibcparts.eu\/wp-content\/uploads\/2024\/02\/komplet-pro-1-orig-removebg-preview.png\",\"width\":500,\"height\":500,\"caption\":\"Priklju\u010dna pipa oziroma adapter za IBC cisterno S60x6 (DN50) z 1\u2033 Lite kovinsko pipo z dalj\u0161im ro\u010dajem.\"},{\"@type\":\"BreadcrumbList\",\"@id\":\"https:\/\/ibcparts.eu\/izdelek\/komplet-pro-1-lite\/#breadcrumb\",\"itemListElement\":[{\"@type\":\"ListItem\",\"position\":1,\"name\":\"Home\",\"item\":\"https:\/\/ibcparts.eu\/\"},{\"@type\":\"ListItem\",\"position\":2,\"name\":\"Nakupujte\",\"item\":\"https:\/\/ibcparts.eu\/nakupujte\/\"},{\"@type\":\"ListItem\",\"position\":3,\"name\":\"Komplet PRO\u00a01&#8243; Lite za IBC cisterno\"}]},{\"@type\":\"WebSite\",\"@id\":\"https:\/\/ibcparts.eu\/#website\",\"url\":\"https:\/\/ibcparts.eu\/\",\"name\":\"IBCparts.eu\",\"description\":\"\",\"publisher\":{\"@id\":\"https:\/\/ibcparts.eu\/#organization\"},\"potentialAction\":[{\"@type\":\"SearchAction\",\"target\":{\"@type\":\"EntryPoint\",\"urlTemplate\":\"https:\/\/ibcparts.eu\/?s={search_term_string}\"},\"query-input\":{\"@type\":\"PropertyValueSpecification\",\"valueRequired\":true,\"valueName\":\"search_term_string\"}}],\"inLanguage\":\"it-IT\"},{\"@type\":\"Organization\",\"@id\":\"https:\/\/ibcparts.eu\/#organization\",\"name\":\"IBCparts\",\"url\":\"https:\/\/ibcparts.eu\/\",\"logo\":{\"@type\":\"ImageObject\",\"inLanguage\":\"it-IT\",\"@id\":\"https:\/\/ibcparts.eu\/#\/schema\/logo\/image\/\",\"url\":\"https:\/\/ibcparts.eu\/wp-content\/uploads\/2021\/10\/Footer-Logo.png\",\"contentUrl\":\"https:\/\/ibcparts.eu\/wp-content\/uploads\/2021\/10\/Footer-Logo.png\",\"width\":1992,\"height\":772,\"caption\":\"IBCparts\"},\"image\":{\"@id\":\"https:\/\/ibcparts.eu\/#\/schema\/logo\/image\/\"}}]}<\/script>\n<!-- \/ Yoast SEO plugin. -->","yoast_head_json":{"title":"Komplet PRO\u00a01\" Lite za IBC cisterno | IBCparts.eu","description":"Priklju\u010dna pipa oziroma adapter za IBC cisterno S60x6 (DN50) z 1\u2033 Lite kovinsko pipo z dalj\u0161im ro\u010dajem. Hiter pretok, primerna za zalivalko.","robots":{"index":"index","follow":"follow","max-snippet":"max-snippet:-1","max-image-preview":"max-image-preview:large","max-video-preview":"max-video-preview:-1"},"canonical":"https:\/\/ibcparts.eu\/it\/prodotto\/komplet-pro-1-lite\/","og_locale":"it_IT","og_type":"article","og_title":"Komplet PRO\u00a01\" Lite za IBC cisterno | IBCparts.eu","og_description":"Priklju\u010dna pipa oziroma adapter za IBC cisterno S60x6 (DN50) z 1\u2033 Lite kovinsko pipo z dalj\u0161im ro\u010dajem. Hiter pretok, primerna za zalivalko.","og_url":"https:\/\/ibcparts.eu\/it\/prodotto\/komplet-pro-1-lite\/","og_site_name":"IBCparts.eu","article_modified_time":"2026-02-09T07:10:18+00:00","og_image":[{"width":500,"height":500,"url":"https:\/\/ibcparts.eu\/wp-content\/uploads\/2024\/02\/komplet-pro-1-orig-removebg-preview.png","type":"image\/png"}],"twitter_card":"summary_large_image","schema":{"@context":"https:\/\/schema.org","@graph":[{"@type":"WebPage","@id":"https:\/\/ibcparts.eu\/izdelek\/komplet-pro-1-lite\/","url":"https:\/\/ibcparts.eu\/izdelek\/komplet-pro-1-lite\/","name":"Komplet PRO\u00a01\" Lite za IBC cisterno | IBCparts.eu","isPartOf":{"@id":"https:\/\/ibcparts.eu\/#website"},"primaryImageOfPage":{"@id":"https:\/\/ibcparts.eu\/izdelek\/komplet-pro-1-lite\/#primaryimage"},"image":{"@id":"https:\/\/ibcparts.eu\/izdelek\/komplet-pro-1-lite\/#primaryimage"},"thumbnailUrl":"https:\/\/ibcparts.eu\/wp-content\/uploads\/2024\/02\/komplet-pro-1-orig-removebg-preview.png","datePublished":"2024-02-01T10:52:27+00:00","dateModified":"2026-02-09T07:10:18+00:00","description":"Priklju\u010dna pipa oziroma adapter za IBC cisterno S60x6 (DN50) z 1\u2033 Lite kovinsko pipo z dalj\u0161im ro\u010dajem. Hiter pretok, primerna za zalivalko.","breadcrumb":{"@id":"https:\/\/ibcparts.eu\/izdelek\/komplet-pro-1-lite\/#breadcrumb"},"inLanguage":"it-IT","potentialAction":[{"@type":"ReadAction","target":["https:\/\/ibcparts.eu\/izdelek\/komplet-pro-1-lite\/"]}]},{"@type":"ImageObject","inLanguage":"it-IT","@id":"https:\/\/ibcparts.eu\/izdelek\/komplet-pro-1-lite\/#primaryimage","url":"https:\/\/ibcparts.eu\/wp-content\/uploads\/2024\/02\/komplet-pro-1-orig-removebg-preview.png","contentUrl":"https:\/\/ibcparts.eu\/wp-content\/uploads\/2024\/02\/komplet-pro-1-orig-removebg-preview.png","width":500,"height":500,"caption":"Priklju\u010dna pipa oziroma adapter za IBC cisterno S60x6 (DN50) z 1\u2033 Lite kovinsko pipo z dalj\u0161im ro\u010dajem."},{"@type":"BreadcrumbList","@id":"https:\/\/ibcparts.eu\/izdelek\/komplet-pro-1-lite\/#breadcrumb","itemListElement":[{"@type":"ListItem","position":1,"name":"Home","item":"https:\/\/ibcparts.eu\/"},{"@type":"ListItem","position":2,"name":"Nakupujte","item":"https:\/\/ibcparts.eu\/nakupujte\/"},{"@type":"ListItem","position":3,"name":"Komplet PRO\u00a01&#8243; Lite za IBC cisterno"}]},{"@type":"WebSite","@id":"https:\/\/ibcparts.eu\/#website","url":"https:\/\/ibcparts.eu\/","name":"IBCparts.eu","description":"","publisher":{"@id":"https:\/\/ibcparts.eu\/#organization"},"potentialAction":[{"@type":"SearchAction","target":{"@type":"EntryPoint","urlTemplate":"https:\/\/ibcparts.eu\/?s={search_term_string}"},"query-input":{"@type":"PropertyValueSpecification","valueRequired":true,"valueName":"search_term_string"}}],"inLanguage":"it-IT"},{"@type":"Organization","@id":"https:\/\/ibcparts.eu\/#organization","name":"IBCparts","url":"https:\/\/ibcparts.eu\/","logo":{"@type":"ImageObject","inLanguage":"it-IT","@id":"https:\/\/ibcparts.eu\/#\/schema\/logo\/image\/","url":"https:\/\/ibcparts.eu\/wp-content\/uploads\/2021\/10\/Footer-Logo.png","contentUrl":"https:\/\/ibcparts.eu\/wp-content\/uploads\/2021\/10\/Footer-Logo.png","width":1992,"height":772,"caption":"IBCparts"},"image":{"@id":"https:\/\/ibcparts.eu\/#\/schema\/logo\/image\/"}}]}},"_links":{"self":[{"href":"https:\/\/ibcparts.eu\/it\/wp-json\/wp\/v2\/product\/16250","targetHints":{"allow":["GET"]}}],"collection":[{"href":"https:\/\/ibcparts.eu\/it\/wp-json\/wp\/v2\/product"}],"about":[{"href":"https:\/\/ibcparts.eu\/it\/wp-json\/wp\/v2\/types\/product"}],"version-history":[{"count":5,"href":"https:\/\/ibcparts.eu\/it\/wp-json\/wp\/v2\/product\/16250\/revisions"}],"predecessor-version":[{"id":20552,"href":"https:\/\/ibcparts.eu\/it\/wp-json\/wp\/v2\/product\/16250\/revisions\/20552"}],"wp:featuredmedia":[{"embeddable":true,"href":"https:\/\/ibcparts.eu\/it\/wp-json\/wp\/v2\/media\/16251"}],"wp:attachment":[{"href":"https:\/\/ibcparts.eu\/it\/wp-json\/wp\/v2\/media?parent=16250"}],"wp:term":[{"taxonomy":"product_brand","embeddable":true,"href":"https:\/\/ibcparts.eu\/it\/wp-json\/wp\/v2\/product_brand?post=16250"},{"taxonomy":"product_cat","embeddable":true,"href":"https:\/\/ibcparts.eu\/it\/wp-json\/wp\/v2\/product_cat?post=16250"},{"taxonomy":"product_tag","embeddable":true,"href":"https:\/\/ibcparts.eu\/it\/wp-json\/wp\/v2\/product_tag?post=16250"}],"curies":[{"name":"wp","href":"https:\/\/api.w.org\/{rel}","templated":true}]}}