{"id":16097,"date":"2024-01-25T08:55:38","date_gmt":"2024-01-25T07:55:38","guid":{"rendered":"https:\/\/ibcparts.eu\/?post_type=product&#038;p=16097"},"modified":"2026-04-10T09:28:47","modified_gmt":"2026-04-10T08:28:47","slug":"kobra-s60","status":"publish","type":"product","link":"https:\/\/ibcparts.eu\/it\/prodotto\/kobra-s60\/","title":{"rendered":"Sistema Kobra S60 (scegliere tra 5 varianti)"},"content":{"rendered":"","protected":false},"excerpt":{"rendered":"<h2 data-start=\"225\" data-end=\"386\"><strong data-start=\"225\" data-end=\"282\">Mo\u010dan sistem za la\u017eje pretakanje vode iz IBC cisterne<\/strong>, posebej primeren za lokacije, kjer <strong data-start=\"319\" data-end=\"349\">ni mo\u017enosti dviga cisterne<\/strong> (npr. nizke strehe, omejen prostor).<\/h2>\n<p data-start=\"388\" data-end=\"476\">Sistem omogo\u010da enostavno in zanesljivo uporabo tudi tam, kjer klasi\u010dne re\u0161itve odpadejo.<\/p>\n<hr data-start=\"478\" data-end=\"481\" \/>\n<h3 data-start=\"483\" data-end=\"511\">Zakaj izbrati ta sistem?<\/h3>\n<ul>\n<li data-start=\"514\" data-end=\"564\">Izjemno primeren za nizke postavitve IBC cistern<\/li>\n<li data-start=\"567\" data-end=\"609\"><strong data-start=\"567\" data-end=\"593\">Skupna vi\u0161ina sistema:<\/strong> cca <strong data-start=\"598\" data-end=\"607\">33 cm<\/strong><\/li>\n<li data-start=\"612\" data-end=\"680\">Nov, \u0161e <strong data-start=\"620\" data-end=\"652\">mo\u010dnej\u0161i in izbolj\u0161an sistem<\/strong> za dolgo \u017eivljenjsko dobo<\/li>\n<li data-start=\"683\" data-end=\"804\"><strong data-start=\"683\" data-end=\"701\">Mini podalj\u0161ek<\/strong> omogo\u010da nemoteno odpiranje in zapiranje ventila<br data-start=\"749\" data-end=\"752\" \/><em data-start=\"754\" data-end=\"802\">(ro\u010dica ventila se ne dotika spodnjega kolena)<\/em><\/li>\n<li data-start=\"683\" data-end=\"804\"><strong>Vsi priklju\u010dki so dimenzije 1&#8243; (32 mm) in zagotavljajo maksimalen pretok<\/strong> <strong>tudi pri odprtih vseh izhodih hkrati.<\/strong><\/li>\n<li data-start=\"683\" data-end=\"804\">Zamenljivi in kompatibilni sestavni deli.<\/li>\n<li data-start=\"683\" data-end=\"804\">Sistem lahko kadarkoli <strong>prilagodite<\/strong> o <strong>nadgradite<\/strong>.<\/li>\n<li data-start=\"807\" data-end=\"849\">Odli\u010dno tesnjenje in visoka vzdr\u017eljivost<\/li>\n<li data-start=\"852\" data-end=\"875\"><strong data-start=\"852\" data-end=\"875\">EPDM tesnilo GRATIS<\/strong><\/li>\n<li data-start=\"852\" data-end=\"875\">Za razliko od nizkocenovnih re\u0161itev podobnega izgleda je na\u0161 sistem <strong>velikosti 1&#8243; (32mm)<\/strong> za razliko od 1\/2&#8243; (16mm), <strong>zelo mo\u010dni sestavni deli<\/strong>, <strong>gumijasto tesnilo<\/strong> in zelo <strong>kvalitetne pipe in ventili<\/strong>.<\/li>\n<li data-start=\"852\" data-end=\"875\"><strong>Prodotto in UE.<\/strong><\/li>\n<\/ul>\n<hr data-start=\"877\" data-end=\"880\" \/>\n<h3 data-start=\"882\" data-end=\"903\">Enostavna monta\u017ea<\/h3>\n<p data-start=\"904\" data-end=\"987\">V paketu dobite sistem \u017ee <strong data-start=\"930\" data-end=\"955\">maksimalno sestavljen<\/strong>.<br data-start=\"956\" data-end=\"959\" \/>Za monta\u017eo vam ostane le \u0161e:<\/p>\n<ul>\n<li data-start=\"990\" data-end=\"1036\">pritrditev spodnjega dela na ventil cisterne<\/li>\n<li data-start=\"1039\" data-end=\"1055\">vstavitev cevi<\/li>\n<li data-start=\"1058\" data-end=\"1082\">priklop zgornjega dela<\/li>\n<\/ul>\n<p data-start=\"1084\" data-end=\"1120\">Posebno tehni\u010dno znanje ni potrebno.<\/p>\n<hr data-start=\"1122\" data-end=\"1125\" \/>\n<h3 data-start=\"1127\" data-end=\"1158\">Popolno praznjenje cisterne<\/h3>\n<p data-start=\"1159\" data-end=\"1249\">Cisterno je mogo\u010de <strong data-start=\"1178\" data-end=\"1202\">popolnoma izprazniti<\/strong>, \u010de sistem <strong data-start=\"1214\" data-end=\"1248\">zasu\u010dete levo ali desno za 90\u00b0<\/strong>.<\/p>\n<hr data-start=\"1251\" data-end=\"1254\" \/>\n<h3 data-start=\"1256\" data-end=\"1281\">Osnovni paket vsebuje<\/h3>\n<ul>\n<li data-start=\"1284\" data-end=\"1387\">Reducir \/ adapter AVA (3\/4\u2033 ali 1\u2033 navoj) za ventile fi <strong data-start=\"1340\" data-end=\"1352\">55\u201362 mm<\/strong><br data-start=\"1352\" data-end=\"1355\" \/><em data-start=\"1357\" data-end=\"1385\">(grobi navoj S60\u00d76 \/ DN50)<\/em><\/li>\n<li data-start=\"1390\" data-end=\"1406\">mini podalj\u0161ek<\/li>\n<li data-start=\"1409\" data-end=\"1428\">2\u00d7 alkaten koleno<\/li>\n<li data-start=\"1431\" data-end=\"1444\">alkaten cev<\/li>\n<li data-start=\"1447\" data-end=\"1477\">pipo (glede na izbrano opcijo)<\/li>\n<\/ul>\n<hr data-start=\"1479\" data-end=\"1482\" \/>\n<h3 data-start=\"1484\" data-end=\"1538\">Opcijska nadgradnja \u2013 <strong data-start=\"1510\" data-end=\"1524\">Cobra PLUS<\/strong> (priporo\u010damo)<\/h3>\n<p data-start=\"1539\" data-end=\"1579\">Z nadgradnjo <strong data-start=\"1552\" data-end=\"1566\">Cobra PLUS<\/strong> imate lahko:<\/p>\n<ul>\n<li data-start=\"1582\" data-end=\"1618\">vrtno cev <strong data-start=\"1592\" data-end=\"1615\">stalno priklopljeno<\/strong>,<\/li>\n<li data-start=\"1621\" data-end=\"1675\">glavno pipo rezervirano za <strong data-start=\"1648\" data-end=\"1674\">pretakanje v zalivalko<\/strong>.<\/li>\n<\/ul>\n<p data-start=\"1677\" data-end=\"1755\">\ud83d\udc49 Na vseh slikah v galeriji je prikazan sistem <strong data-start=\"1725\" data-end=\"1754\">Kobra z opcijo Kobra PLUS<\/strong>.<\/p>\n<hr data-start=\"1757\" data-end=\"1760\" \/>\n<h3 data-start=\"1762\" data-end=\"1786\">Prilagoditev po meri<\/h3>\n<p data-start=\"1787\" data-end=\"1893\">Pri nas dobite <strong data-start=\"1802\" data-end=\"1847\">komplet, natan\u010dno prilagojen va\u0161im \u017eeljam<\/strong> \u2013 glede na na\u010din uporabe, pretok in priklope.<\/p>\n<hr data-start=\"1895\" data-end=\"1898\" \/>\n<h3 data-start=\"1900\" data-end=\"1941\">Kratki napotki pri izbiri glavne pipe<\/h3>\n<ul>\n<li data-start=\"1944\" data-end=\"2077\"><strong data-start=\"1944\" data-end=\"1963\">3\/4\u2033 GardenFlow<\/strong> \u2013 klasi\u010dna izbira za \u201cklik\u201d priklop vrtne cevi in ob\u010dasno pretakanje v zalivalko<br data-start=\"2044\" data-end=\"2047\" \/><em data-start=\"2049\" data-end=\"2075\">(notranji premer: 10 mm)<\/em><\/li>\n<li data-start=\"2080\" data-end=\"2199\"><strong data-start=\"2080\" data-end=\"2097\">3\/4\u2033 Alto flusso<\/strong> \u2013 hitrej\u0161e pretakanje v zalivalko, mo\u017enost odstranitve klik priklopa<br data-start=\"2166\" data-end=\"2169\" \/><em data-start=\"2171\" data-end=\"2197\">(notranji premer: 12 mm)<\/em><\/li>\n<li data-start=\"2202\" data-end=\"2321\"><strong data-start=\"2202\" data-end=\"2226\">Rubinetto doppio da 3\/4\u2033 PRO<\/strong> \u2013 stalen priklop vrtne cevi + dober pretok v zalivalko hkrati<br data-start=\"2288\" data-end=\"2291\" \/><em data-start=\"2293\" data-end=\"2319\">(notranji premer: 12 mm)<\/em><\/li>\n<li data-start=\"2324\" data-end=\"2453\"><strong data-start=\"2324\" data-end=\"2345\">1\u2033 QuickFlow pipa<\/strong> \u2013 maksimalno hitro pretakanje v zalivalko<br data-start=\"2387\" data-end=\"2390\" \/><em data-start=\"2392\" data-end=\"2451\">(ni mo\u017enosti priklopa vrtne cevi, notranji premer: 15 mm)<\/em><\/li>\n<li data-start=\"2456\" data-end=\"2553\"><strong data-start=\"2456\" data-end=\"2476\">Ventil MF PRO 1\u2033<\/strong> \u2013 namenjen maksimalnemu pretoku v zalivalko<br data-start=\"2520\" data-end=\"2523\" \/><em data-start=\"2525\" data-end=\"2551\">(notranji premer: 15 mm)<\/em><\/li>\n<\/ul>\n<hr data-start=\"2555\" data-end=\"2558\" \/>\n<h3 data-start=\"2560\" data-end=\"2583\">Dodatna informacija<\/h3>\n<p data-start=\"2584\" data-end=\"2782\">Vse pipe imajo na izlivu <strong data-start=\"2609\" data-end=\"2651\">plasti\u010dno mre\u017eico za oblikovanje curka<\/strong>.<br data-start=\"2652\" data-end=\"2655\" \/>\u010ce so v cisterni ne\u010disto\u010de, se lahko ujamejo v mre\u017eico in zmanj\u0161ajo pretok \u2013 <strong data-start=\"2732\" data-end=\"2781\">mre\u017eico lahko po potrebi enostavno odstranite<\/strong>.<\/p>","protected":false},"featured_media":16825,"template":"","meta":[],"product_brand":[],"product_cat":[182,188],"product_tag":[],"class_list":{"0":"post-16097","1":"product","2":"type-product","3":"status-publish","4":"has-post-thumbnail","6":"product_cat-ibc-cisterne-ventili-in-dodatki","7":"product_cat-sistem-kobra","9":"first","10":"instock","11":"sale","12":"shipping-taxable","13":"purchasable","14":"product-type-variable"},"yoast_head":"<!-- This site is optimized with the Yoast SEO plugin v27.1.1 - https:\/\/yoast.com\/product\/yoast-seo-wordpress\/ -->\n<title>Sistem Kobra S60 (izberite med 5 variacijami) | IBCparts.eu<\/title>\n<meta name=\"description\" content=\"Mo\u010dan sistem za la\u017eje pretakanje vode iz IBC cisterne pri nizkih postavitvah. \u017de sestavljen komplet z EPDM tesnilom, mo\u017enostjo nadgradnje Kobra PLUS.\" \/>\n<meta name=\"robots\" content=\"index, follow, max-snippet:-1, max-image-preview:large, max-video-preview:-1\" \/>\n<link rel=\"canonical\" href=\"https:\/\/ibcparts.eu\/it\/prodotto\/kobra-s60\/\" \/>\n<meta property=\"og:locale\" content=\"it_IT\" \/>\n<meta property=\"og:type\" content=\"article\" \/>\n<meta property=\"og:title\" content=\"Sistem Kobra S60 (izberite med 5 variacijami) | IBCparts.eu\" \/>\n<meta property=\"og:description\" content=\"Mo\u010dan sistem za la\u017eje pretakanje vode iz IBC cisterne pri nizkih postavitvah. \u017de sestavljen komplet z EPDM tesnilom, mo\u017enostjo nadgradnje Kobra PLUS.\" \/>\n<meta property=\"og:url\" content=\"https:\/\/ibcparts.eu\/it\/prodotto\/kobra-s60\/\" \/>\n<meta property=\"og:site_name\" content=\"IBCparts.eu\" \/>\n<meta property=\"article:modified_time\" content=\"2026-04-10T08:28:47+00:00\" \/>\n<meta property=\"og:image\" content=\"https:\/\/ibcparts.eu\/wp-content\/uploads\/2024\/01\/20240511_143816.jpg\" \/>\n\t<meta property=\"og:image:width\" content=\"500\" \/>\n\t<meta property=\"og:image:height\" content=\"500\" \/>\n\t<meta property=\"og:image:type\" content=\"image\/jpeg\" \/>\n<meta name=\"twitter:card\" content=\"summary_large_image\" \/>\n<script type=\"application\/ld+json\" class=\"yoast-schema-graph\">{\"@context\":\"https:\/\/schema.org\",\"@graph\":[{\"@type\":\"WebPage\",\"@id\":\"https:\/\/ibcparts.eu\/izdelek\/kobra-s60\/\",\"url\":\"https:\/\/ibcparts.eu\/izdelek\/kobra-s60\/\",\"name\":\"Sistem Kobra S60 (izberite med 5 variacijami) | IBCparts.eu\",\"isPartOf\":{\"@id\":\"https:\/\/ibcparts.eu\/#website\"},\"primaryImageOfPage\":{\"@id\":\"https:\/\/ibcparts.eu\/izdelek\/kobra-s60\/#primaryimage\"},\"image\":{\"@id\":\"https:\/\/ibcparts.eu\/izdelek\/kobra-s60\/#primaryimage\"},\"thumbnailUrl\":\"https:\/\/ibcparts.eu\/wp-content\/uploads\/2024\/01\/20240511_143816.jpg\",\"datePublished\":\"2024-01-25T07:55:38+00:00\",\"dateModified\":\"2026-04-10T08:28:47+00:00\",\"description\":\"Mo\u010dan sistem za la\u017eje pretakanje vode iz IBC cisterne pri nizkih postavitvah. \u017de sestavljen komplet z EPDM tesnilom, mo\u017enostjo nadgradnje Kobra PLUS.\",\"breadcrumb\":{\"@id\":\"https:\/\/ibcparts.eu\/izdelek\/kobra-s60\/#breadcrumb\"},\"inLanguage\":\"it-IT\",\"potentialAction\":[{\"@type\":\"ReadAction\",\"target\":[\"https:\/\/ibcparts.eu\/izdelek\/kobra-s60\/\"]}]},{\"@type\":\"ImageObject\",\"inLanguage\":\"it-IT\",\"@id\":\"https:\/\/ibcparts.eu\/izdelek\/kobra-s60\/#primaryimage\",\"url\":\"https:\/\/ibcparts.eu\/wp-content\/uploads\/2024\/01\/20240511_143816.jpg\",\"contentUrl\":\"https:\/\/ibcparts.eu\/wp-content\/uploads\/2024\/01\/20240511_143816.jpg\",\"width\":500,\"height\":500,\"caption\":\"Sistem Kobra za pretakanje vode iz cisterne v zalivalko\"},{\"@type\":\"BreadcrumbList\",\"@id\":\"https:\/\/ibcparts.eu\/izdelek\/kobra-s60\/#breadcrumb\",\"itemListElement\":[{\"@type\":\"ListItem\",\"position\":1,\"name\":\"Home\",\"item\":\"https:\/\/ibcparts.eu\/\"},{\"@type\":\"ListItem\",\"position\":2,\"name\":\"Nakupujte\",\"item\":\"https:\/\/ibcparts.eu\/nakupujte\/\"},{\"@type\":\"ListItem\",\"position\":3,\"name\":\"Sistem Kobra S60 (izberite med 5 variacijami)\"}]},{\"@type\":\"WebSite\",\"@id\":\"https:\/\/ibcparts.eu\/#website\",\"url\":\"https:\/\/ibcparts.eu\/\",\"name\":\"IBCparts.eu\",\"description\":\"\",\"publisher\":{\"@id\":\"https:\/\/ibcparts.eu\/#organization\"},\"potentialAction\":[{\"@type\":\"SearchAction\",\"target\":{\"@type\":\"EntryPoint\",\"urlTemplate\":\"https:\/\/ibcparts.eu\/?s={search_term_string}\"},\"query-input\":{\"@type\":\"PropertyValueSpecification\",\"valueRequired\":true,\"valueName\":\"search_term_string\"}}],\"inLanguage\":\"it-IT\"},{\"@type\":\"Organization\",\"@id\":\"https:\/\/ibcparts.eu\/#organization\",\"name\":\"IBCparts\",\"url\":\"https:\/\/ibcparts.eu\/\",\"logo\":{\"@type\":\"ImageObject\",\"inLanguage\":\"it-IT\",\"@id\":\"https:\/\/ibcparts.eu\/#\/schema\/logo\/image\/\",\"url\":\"https:\/\/ibcparts.eu\/wp-content\/uploads\/2021\/10\/Footer-Logo.png\",\"contentUrl\":\"https:\/\/ibcparts.eu\/wp-content\/uploads\/2021\/10\/Footer-Logo.png\",\"width\":1992,\"height\":772,\"caption\":\"IBCparts\"},\"image\":{\"@id\":\"https:\/\/ibcparts.eu\/#\/schema\/logo\/image\/\"}}]}<\/script>\n<!-- \/ Yoast SEO plugin. -->","yoast_head_json":{"title":"Sistema Kobra S60 (scegliere tra 5 varianti) | IBCparts.eu","description":"Mo\u010dan sistem za la\u017eje pretakanje vode iz IBC cisterne pri nizkih postavitvah. \u017de sestavljen komplet z EPDM tesnilom, mo\u017enostjo nadgradnje Kobra PLUS.","robots":{"index":"index","follow":"follow","max-snippet":"max-snippet:-1","max-image-preview":"max-image-preview:large","max-video-preview":"max-video-preview:-1"},"canonical":"https:\/\/ibcparts.eu\/it\/prodotto\/kobra-s60\/","og_locale":"it_IT","og_type":"article","og_title":"Sistem Kobra S60 (izberite med 5 variacijami) | IBCparts.eu","og_description":"Mo\u010dan sistem za la\u017eje pretakanje vode iz IBC cisterne pri nizkih postavitvah. \u017de sestavljen komplet z EPDM tesnilom, mo\u017enostjo nadgradnje Kobra PLUS.","og_url":"https:\/\/ibcparts.eu\/it\/prodotto\/kobra-s60\/","og_site_name":"IBCparts.eu","article_modified_time":"2026-04-10T08:28:47+00:00","og_image":[{"width":500,"height":500,"url":"https:\/\/ibcparts.eu\/wp-content\/uploads\/2024\/01\/20240511_143816.jpg","type":"image\/jpeg"}],"twitter_card":"summary_large_image","schema":{"@context":"https:\/\/schema.org","@graph":[{"@type":"WebPage","@id":"https:\/\/ibcparts.eu\/izdelek\/kobra-s60\/","url":"https:\/\/ibcparts.eu\/izdelek\/kobra-s60\/","name":"Sistema Kobra S60 (scegliere tra 5 varianti) | IBCparts.eu","isPartOf":{"@id":"https:\/\/ibcparts.eu\/#website"},"primaryImageOfPage":{"@id":"https:\/\/ibcparts.eu\/izdelek\/kobra-s60\/#primaryimage"},"image":{"@id":"https:\/\/ibcparts.eu\/izdelek\/kobra-s60\/#primaryimage"},"thumbnailUrl":"https:\/\/ibcparts.eu\/wp-content\/uploads\/2024\/01\/20240511_143816.jpg","datePublished":"2024-01-25T07:55:38+00:00","dateModified":"2026-04-10T08:28:47+00:00","description":"Mo\u010dan sistem za la\u017eje pretakanje vode iz IBC cisterne pri nizkih postavitvah. \u017de sestavljen komplet z EPDM tesnilom, mo\u017enostjo nadgradnje Kobra PLUS.","breadcrumb":{"@id":"https:\/\/ibcparts.eu\/izdelek\/kobra-s60\/#breadcrumb"},"inLanguage":"it-IT","potentialAction":[{"@type":"ReadAction","target":["https:\/\/ibcparts.eu\/izdelek\/kobra-s60\/"]}]},{"@type":"ImageObject","inLanguage":"it-IT","@id":"https:\/\/ibcparts.eu\/izdelek\/kobra-s60\/#primaryimage","url":"https:\/\/ibcparts.eu\/wp-content\/uploads\/2024\/01\/20240511_143816.jpg","contentUrl":"https:\/\/ibcparts.eu\/wp-content\/uploads\/2024\/01\/20240511_143816.jpg","width":500,"height":500,"caption":"Sistem Kobra za pretakanje vode iz cisterne v zalivalko"},{"@type":"BreadcrumbList","@id":"https:\/\/ibcparts.eu\/izdelek\/kobra-s60\/#breadcrumb","itemListElement":[{"@type":"ListItem","position":1,"name":"Home","item":"https:\/\/ibcparts.eu\/"},{"@type":"ListItem","position":2,"name":"Nakupujte","item":"https:\/\/ibcparts.eu\/nakupujte\/"},{"@type":"ListItem","position":3,"name":"Sistem Kobra S60 (izberite med 5 variacijami)"}]},{"@type":"WebSite","@id":"https:\/\/ibcparts.eu\/#website","url":"https:\/\/ibcparts.eu\/","name":"IBCparts.eu","description":"","publisher":{"@id":"https:\/\/ibcparts.eu\/#organization"},"potentialAction":[{"@type":"SearchAction","target":{"@type":"EntryPoint","urlTemplate":"https:\/\/ibcparts.eu\/?s={search_term_string}"},"query-input":{"@type":"PropertyValueSpecification","valueRequired":true,"valueName":"search_term_string"}}],"inLanguage":"it-IT"},{"@type":"Organization","@id":"https:\/\/ibcparts.eu\/#organization","name":"IBCparts","url":"https:\/\/ibcparts.eu\/","logo":{"@type":"ImageObject","inLanguage":"it-IT","@id":"https:\/\/ibcparts.eu\/#\/schema\/logo\/image\/","url":"https:\/\/ibcparts.eu\/wp-content\/uploads\/2021\/10\/Footer-Logo.png","contentUrl":"https:\/\/ibcparts.eu\/wp-content\/uploads\/2021\/10\/Footer-Logo.png","width":1992,"height":772,"caption":"IBCparts"},"image":{"@id":"https:\/\/ibcparts.eu\/#\/schema\/logo\/image\/"}}]}},"_links":{"self":[{"href":"https:\/\/ibcparts.eu\/it\/wp-json\/wp\/v2\/product\/16097","targetHints":{"allow":["GET"]}}],"collection":[{"href":"https:\/\/ibcparts.eu\/it\/wp-json\/wp\/v2\/product"}],"about":[{"href":"https:\/\/ibcparts.eu\/it\/wp-json\/wp\/v2\/types\/product"}],"version-history":[{"count":4,"href":"https:\/\/ibcparts.eu\/it\/wp-json\/wp\/v2\/product\/16097\/revisions"}],"predecessor-version":[{"id":20925,"href":"https:\/\/ibcparts.eu\/it\/wp-json\/wp\/v2\/product\/16097\/revisions\/20925"}],"wp:featuredmedia":[{"embeddable":true,"href":"https:\/\/ibcparts.eu\/it\/wp-json\/wp\/v2\/media\/16825"}],"wp:attachment":[{"href":"https:\/\/ibcparts.eu\/it\/wp-json\/wp\/v2\/media?parent=16097"}],"wp:term":[{"taxonomy":"product_brand","embeddable":true,"href":"https:\/\/ibcparts.eu\/it\/wp-json\/wp\/v2\/product_brand?post=16097"},{"taxonomy":"product_cat","embeddable":true,"href":"https:\/\/ibcparts.eu\/it\/wp-json\/wp\/v2\/product_cat?post=16097"},{"taxonomy":"product_tag","embeddable":true,"href":"https:\/\/ibcparts.eu\/it\/wp-json\/wp\/v2\/product_tag?post=16097"}],"curies":[{"name":"wp","href":"https:\/\/api.w.org\/{rel}","templated":true}]}}