{"id":16073,"date":"2024-01-25T08:42:30","date_gmt":"2024-01-25T07:42:30","guid":{"rendered":"https:\/\/ibcparts.eu\/?post_type=product&#038;p=16073"},"modified":"2024-01-25T09:10:27","modified_gmt":"2024-01-25T08:10:27","slug":"nadomestek-ventila-s100-pro","status":"publish","type":"product","link":"https:\/\/ibcparts.eu\/it\/prodotto\/valvola-di-ricambio-s100-pro\/","title":{"rendered":"Sostituzione della valvola S100 PRO (scegliere tra 8 varianti)"},"content":{"rendered":"","protected":false},"excerpt":{"rendered":"<p>Valvola di ricambio per serbatoio IBC con filettatura fi 90-100 mm, passo della filettatura 6 mm.<\/p>\n<p>Codice del filo S100x8.<\/p>\n<p>&nbsp;<\/p>\n<p>Si utilizza al posto della valvola originale sul serbatoio se la filettatura del serbatoio \u00e8 S100x8.<\/p>\n<p>Per ulteriori informazioni sulle diverse filettature dei serbatoi, fare clic qui: <a href=\"https:\/\/ibcparts.eu\/ibc-info\/\">IBCINFO<\/a><\/p>\n<p>Nella confezione troverete:<\/p>\n<p>Reducir S100 PRO, prolunga, rubinetto\/valvola, guarnizione in gomma.<\/p>\n<p>Lunghezza circa 33 cm.<\/p>\n<p>&nbsp;<\/p>\n<p><strong>Gi\u00e0 assemblato.<\/strong><\/p>\n<p>&nbsp;<\/p>\n<p><strong>Con noi, otterrete un kit personalizzato in base ai vostri desideri.<\/strong><\/p>\n<p><span style=\"font-size: small;\"><strong>Brevi note:<\/strong><\/span><\/p>\n<ul>\n<li><span style=\"font-size: small;\">Il rubinetto GardenFlow da 3\/4\u2033 \u00e8 la scelta abituale quando si utilizza l'attacco \"a scatto\" per il tubo da giardino (diametro interno: 9 mm.) e occasionalmente anche per il flusso diretto nell'irrigatore. Rubinetto da 3\/4\u2033 diametro interno: 10 mm.<\/span><\/li>\n<li><span style=\"font-size: small;\">Il rubinetto ad alto flusso da 3\/4\u2033 \u00e8 un'ottima scelta quando si utilizza il connettore \"a scatto\" per il tubo da giardino (diametro interno: 9 mm.) e si rimuove il connettore a scatto per ottenere un flusso pi\u00f9 rapido verso l'irrigatore. Diametro interno del rubinetto da 3\/4\u2033: 12 mm.<\/span><\/li>\n<li><span style=\"font-size: small;\">Il rubinetto doppio 3\/4\u2033 PRO \u00e8 molto utile perch\u00e9 consente un collegamento permanente al tubo da giardino e il flusso all'irrigatore \u00e8 molto buono anche quando entrambe le uscite sono aperte contemporaneamente - diametro interno 12 mm.<\/span><\/li>\n<li><span style=\"font-size: small;\">Il rubinetto QuickFlow da 1\u2033 consente di immettere il flusso pi\u00f9 rapido possibile nell'annaffiatoio. Tuttavia, non \u00e8 possibile collegarvi un tubo da giardino. Diametro interno: 15 mm.<\/span><\/li>\n<li><span style=\"font-size: small;\">Le valvole hanno una portata maggiore rispetto ai rubinetti.<\/span><\/li>\n<li><span style=\"font-size: small;\">Tutti i rubinetti sono dotati di una rete in plastica che forma l'erogatore. Se nel serbatoio sono presenti impurit\u00e0, queste possono rimanere intrappolate in questa rete e il flusso non \u00e8 pi\u00f9 massimizzato. Questa rete pu\u00f2 essere facilmente rimossa.<\/span><\/li>\n<\/ul>","protected":false},"featured_media":16071,"template":"","meta":[],"product_brand":[],"product_cat":[182,312,260],"product_tag":[],"class_list":{"0":"post-16073","1":"product","2":"type-product","3":"status-publish","4":"has-post-thumbnail","6":"product_cat-ibc-cisterne-ventili-in-dodatki","7":"product_cat-s100x8-ventili-in-nadomestki-ventilov","8":"product_cat-ventili-in-nadomestki-ventilov","10":"first","11":"instock","12":"sale","13":"shipping-taxable","14":"purchasable","15":"product-type-variable"},"yoast_head":"<!-- This site is optimized with the Yoast SEO plugin v27.1.1 - https:\/\/yoast.com\/product\/yoast-seo-wordpress\/ -->\n<title>Nadomestek ventila S100 PRO (izberite med 8 variacijami) | IBCparts.eu<\/title>\n<meta name=\"description\" content=\"Nadomestek ventila za IBC cisterno z navojem S100x8 (fi 90-100 mm).\u200b Korak navoja 8mm. Dol\u017eina cca 33 cm. Nadomestite originalni ventil.\" \/>\n<meta name=\"robots\" content=\"index, follow, max-snippet:-1, max-image-preview:large, max-video-preview:-1\" \/>\n<link rel=\"canonical\" href=\"https:\/\/ibcparts.eu\/it\/prodotto\/valvola-di-ricambio-s100-pro\/\" \/>\n<meta property=\"og:locale\" content=\"it_IT\" \/>\n<meta property=\"og:type\" content=\"article\" \/>\n<meta property=\"og:title\" content=\"Nadomestek ventila S100 PRO (izberite med 8 variacijami) | IBCparts.eu\" \/>\n<meta property=\"og:description\" content=\"Nadomestek ventila za IBC cisterno z navojem S100x8 (fi 90-100 mm).\u200b Korak navoja 8mm. Dol\u017eina cca 33 cm. Nadomestite originalni ventil.\" \/>\n<meta property=\"og:url\" content=\"https:\/\/ibcparts.eu\/it\/prodotto\/valvola-di-ricambio-s100-pro\/\" \/>\n<meta property=\"og:site_name\" content=\"IBCparts.eu\" \/>\n<meta property=\"article:modified_time\" content=\"2024-01-25T08:10:27+00:00\" \/>\n<meta property=\"og:image\" content=\"https:\/\/ibcparts.eu\/wp-content\/uploads\/2024\/01\/Nadomestek-ventila-S100-PRO.jpg\" \/>\n\t<meta property=\"og:image:width\" content=\"745\" \/>\n\t<meta property=\"og:image:height\" content=\"1054\" \/>\n\t<meta property=\"og:image:type\" content=\"image\/jpeg\" \/>\n<meta name=\"twitter:card\" content=\"summary_large_image\" \/>\n<script type=\"application\/ld+json\" class=\"yoast-schema-graph\">{\"@context\":\"https:\/\/schema.org\",\"@graph\":[{\"@type\":\"WebPage\",\"@id\":\"https:\/\/ibcparts.eu\/izdelek\/nadomestek-ventila-s100-pro\/\",\"url\":\"https:\/\/ibcparts.eu\/izdelek\/nadomestek-ventila-s100-pro\/\",\"name\":\"Nadomestek ventila S100 PRO (izberite med 8 variacijami) | IBCparts.eu\",\"isPartOf\":{\"@id\":\"https:\/\/ibcparts.eu\/#website\"},\"primaryImageOfPage\":{\"@id\":\"https:\/\/ibcparts.eu\/izdelek\/nadomestek-ventila-s100-pro\/#primaryimage\"},\"image\":{\"@id\":\"https:\/\/ibcparts.eu\/izdelek\/nadomestek-ventila-s100-pro\/#primaryimage\"},\"thumbnailUrl\":\"https:\/\/ibcparts.eu\/wp-content\/uploads\/2024\/01\/Nadomestek-ventila-S100-PRO.jpg\",\"datePublished\":\"2024-01-25T07:42:30+00:00\",\"dateModified\":\"2024-01-25T08:10:27+00:00\",\"description\":\"Nadomestek ventila za IBC cisterno z navojem S100x8 (fi 90-100 mm).\u200b Korak navoja 8mm. Dol\u017eina cca 33 cm. Nadomestite originalni ventil.\",\"breadcrumb\":{\"@id\":\"https:\/\/ibcparts.eu\/izdelek\/nadomestek-ventila-s100-pro\/#breadcrumb\"},\"inLanguage\":\"it-IT\",\"potentialAction\":[{\"@type\":\"ReadAction\",\"target\":[\"https:\/\/ibcparts.eu\/izdelek\/nadomestek-ventila-s100-pro\/\"]}]},{\"@type\":\"ImageObject\",\"inLanguage\":\"it-IT\",\"@id\":\"https:\/\/ibcparts.eu\/izdelek\/nadomestek-ventila-s100-pro\/#primaryimage\",\"url\":\"https:\/\/ibcparts.eu\/wp-content\/uploads\/2024\/01\/Nadomestek-ventila-S100-PRO.jpg\",\"contentUrl\":\"https:\/\/ibcparts.eu\/wp-content\/uploads\/2024\/01\/Nadomestek-ventila-S100-PRO.jpg\",\"width\":745,\"height\":1054},{\"@type\":\"BreadcrumbList\",\"@id\":\"https:\/\/ibcparts.eu\/izdelek\/nadomestek-ventila-s100-pro\/#breadcrumb\",\"itemListElement\":[{\"@type\":\"ListItem\",\"position\":1,\"name\":\"Home\",\"item\":\"https:\/\/ibcparts.eu\/\"},{\"@type\":\"ListItem\",\"position\":2,\"name\":\"Nakupujte\",\"item\":\"https:\/\/ibcparts.eu\/nakupujte\/\"},{\"@type\":\"ListItem\",\"position\":3,\"name\":\"Nadomestek ventila S100 PRO (izberite med 8 variacijami)\"}]},{\"@type\":\"WebSite\",\"@id\":\"https:\/\/ibcparts.eu\/#website\",\"url\":\"https:\/\/ibcparts.eu\/\",\"name\":\"IBCparts.eu\",\"description\":\"\",\"publisher\":{\"@id\":\"https:\/\/ibcparts.eu\/#organization\"},\"potentialAction\":[{\"@type\":\"SearchAction\",\"target\":{\"@type\":\"EntryPoint\",\"urlTemplate\":\"https:\/\/ibcparts.eu\/?s={search_term_string}\"},\"query-input\":{\"@type\":\"PropertyValueSpecification\",\"valueRequired\":true,\"valueName\":\"search_term_string\"}}],\"inLanguage\":\"it-IT\"},{\"@type\":\"Organization\",\"@id\":\"https:\/\/ibcparts.eu\/#organization\",\"name\":\"IBCparts\",\"url\":\"https:\/\/ibcparts.eu\/\",\"logo\":{\"@type\":\"ImageObject\",\"inLanguage\":\"it-IT\",\"@id\":\"https:\/\/ibcparts.eu\/#\/schema\/logo\/image\/\",\"url\":\"https:\/\/ibcparts.eu\/wp-content\/uploads\/2021\/10\/Footer-Logo.png\",\"contentUrl\":\"https:\/\/ibcparts.eu\/wp-content\/uploads\/2021\/10\/Footer-Logo.png\",\"width\":1992,\"height\":772,\"caption\":\"IBCparts\"},\"image\":{\"@id\":\"https:\/\/ibcparts.eu\/#\/schema\/logo\/image\/\"}}]}<\/script>\n<!-- \/ Yoast SEO plugin. -->","yoast_head_json":{"title":"Sostituzione valvola S100 PRO (scegliere tra 8 varianti) | IBCparts.eu","description":"Valvola di ricambio per serbatoio IBC con filettatura S100x8 (fi 90-100 mm). Passo della filettatura 8 mm. Lunghezza circa 33 cm. Sostituisce la valvola originale.","robots":{"index":"index","follow":"follow","max-snippet":"max-snippet:-1","max-image-preview":"max-image-preview:large","max-video-preview":"max-video-preview:-1"},"canonical":"https:\/\/ibcparts.eu\/it\/prodotto\/valvola-di-ricambio-s100-pro\/","og_locale":"it_IT","og_type":"article","og_title":"Nadomestek ventila S100 PRO (izberite med 8 variacijami) | IBCparts.eu","og_description":"Nadomestek ventila za IBC cisterno z navojem S100x8 (fi 90-100 mm).\u200b Korak navoja 8mm. Dol\u017eina cca 33 cm. Nadomestite originalni ventil.","og_url":"https:\/\/ibcparts.eu\/it\/prodotto\/valvola-di-ricambio-s100-pro\/","og_site_name":"IBCparts.eu","article_modified_time":"2024-01-25T08:10:27+00:00","og_image":[{"width":745,"height":1054,"url":"https:\/\/ibcparts.eu\/wp-content\/uploads\/2024\/01\/Nadomestek-ventila-S100-PRO.jpg","type":"image\/jpeg"}],"twitter_card":"summary_large_image","schema":{"@context":"https:\/\/schema.org","@graph":[{"@type":"WebPage","@id":"https:\/\/ibcparts.eu\/izdelek\/nadomestek-ventila-s100-pro\/","url":"https:\/\/ibcparts.eu\/izdelek\/nadomestek-ventila-s100-pro\/","name":"Sostituzione valvola S100 PRO (scegliere tra 8 varianti) | IBCparts.eu","isPartOf":{"@id":"https:\/\/ibcparts.eu\/#website"},"primaryImageOfPage":{"@id":"https:\/\/ibcparts.eu\/izdelek\/nadomestek-ventila-s100-pro\/#primaryimage"},"image":{"@id":"https:\/\/ibcparts.eu\/izdelek\/nadomestek-ventila-s100-pro\/#primaryimage"},"thumbnailUrl":"https:\/\/ibcparts.eu\/wp-content\/uploads\/2024\/01\/Nadomestek-ventila-S100-PRO.jpg","datePublished":"2024-01-25T07:42:30+00:00","dateModified":"2024-01-25T08:10:27+00:00","description":"Valvola di ricambio per serbatoio IBC con filettatura S100x8 (fi 90-100 mm). Passo della filettatura 8 mm. Lunghezza circa 33 cm. Sostituisce la valvola originale.","breadcrumb":{"@id":"https:\/\/ibcparts.eu\/izdelek\/nadomestek-ventila-s100-pro\/#breadcrumb"},"inLanguage":"it-IT","potentialAction":[{"@type":"ReadAction","target":["https:\/\/ibcparts.eu\/izdelek\/nadomestek-ventila-s100-pro\/"]}]},{"@type":"ImageObject","inLanguage":"it-IT","@id":"https:\/\/ibcparts.eu\/izdelek\/nadomestek-ventila-s100-pro\/#primaryimage","url":"https:\/\/ibcparts.eu\/wp-content\/uploads\/2024\/01\/Nadomestek-ventila-S100-PRO.jpg","contentUrl":"https:\/\/ibcparts.eu\/wp-content\/uploads\/2024\/01\/Nadomestek-ventila-S100-PRO.jpg","width":745,"height":1054},{"@type":"BreadcrumbList","@id":"https:\/\/ibcparts.eu\/izdelek\/nadomestek-ventila-s100-pro\/#breadcrumb","itemListElement":[{"@type":"ListItem","position":1,"name":"Home","item":"https:\/\/ibcparts.eu\/"},{"@type":"ListItem","position":2,"name":"Nakupujte","item":"https:\/\/ibcparts.eu\/nakupujte\/"},{"@type":"ListItem","position":3,"name":"Nadomestek ventila S100 PRO (izberite med 8 variacijami)"}]},{"@type":"WebSite","@id":"https:\/\/ibcparts.eu\/#website","url":"https:\/\/ibcparts.eu\/","name":"IBCparts.eu","description":"","publisher":{"@id":"https:\/\/ibcparts.eu\/#organization"},"potentialAction":[{"@type":"SearchAction","target":{"@type":"EntryPoint","urlTemplate":"https:\/\/ibcparts.eu\/?s={search_term_string}"},"query-input":{"@type":"PropertyValueSpecification","valueRequired":true,"valueName":"search_term_string"}}],"inLanguage":"it-IT"},{"@type":"Organization","@id":"https:\/\/ibcparts.eu\/#organization","name":"IBCparts","url":"https:\/\/ibcparts.eu\/","logo":{"@type":"ImageObject","inLanguage":"it-IT","@id":"https:\/\/ibcparts.eu\/#\/schema\/logo\/image\/","url":"https:\/\/ibcparts.eu\/wp-content\/uploads\/2021\/10\/Footer-Logo.png","contentUrl":"https:\/\/ibcparts.eu\/wp-content\/uploads\/2021\/10\/Footer-Logo.png","width":1992,"height":772,"caption":"IBCparts"},"image":{"@id":"https:\/\/ibcparts.eu\/#\/schema\/logo\/image\/"}}]}},"_links":{"self":[{"href":"https:\/\/ibcparts.eu\/it\/wp-json\/wp\/v2\/product\/16073","targetHints":{"allow":["GET"]}}],"collection":[{"href":"https:\/\/ibcparts.eu\/it\/wp-json\/wp\/v2\/product"}],"about":[{"href":"https:\/\/ibcparts.eu\/it\/wp-json\/wp\/v2\/types\/product"}],"version-history":[{"count":0,"href":"https:\/\/ibcparts.eu\/it\/wp-json\/wp\/v2\/product\/16073\/revisions"}],"wp:featuredmedia":[{"embeddable":true,"href":"https:\/\/ibcparts.eu\/it\/wp-json\/wp\/v2\/media\/16071"}],"wp:attachment":[{"href":"https:\/\/ibcparts.eu\/it\/wp-json\/wp\/v2\/media?parent=16073"}],"wp:term":[{"taxonomy":"product_brand","embeddable":true,"href":"https:\/\/ibcparts.eu\/it\/wp-json\/wp\/v2\/product_brand?post=16073"},{"taxonomy":"product_cat","embeddable":true,"href":"https:\/\/ibcparts.eu\/it\/wp-json\/wp\/v2\/product_cat?post=16073"},{"taxonomy":"product_tag","embeddable":true,"href":"https:\/\/ibcparts.eu\/it\/wp-json\/wp\/v2\/product_tag?post=16073"}],"curies":[{"name":"wp","href":"https:\/\/api.w.org\/{rel}","templated":true}]}}