{"id":15756,"date":"2023-09-19T13:08:30","date_gmt":"2023-09-19T12:08:30","guid":{"rendered":"https:\/\/ibcparts.eu\/?post_type=product&#038;p=15756"},"modified":"2025-11-18T16:48:53","modified_gmt":"2025-11-18T15:48:53","slug":"podstavni-bazni-grelec-za-1000l-ibc-cisterno","status":"publish","type":"product","link":"https:\/\/ibcparts.eu\/it\/prodotto\/riscaldatore-di-base-per-cisterna-ibc-1000l\/","title":{"rendered":"Riscaldatore di base per serbatoio IBC da 1000L"},"content":{"rendered":"","protected":false},"excerpt":{"rendered":"<ul>\n<li>Il riscaldatore di base IBC \u00e8 installato sotto il serbatoio IBC e pu\u00f2 essere impostato fino a 150 \u00b0C.<\/li>\n<li>L'elemento riscaldante \u00e8 impermeabile e funziona all'esterno, in qualsiasi condizione atmosferica, purch\u00e9 la spina e il controller siano protetti dalla pioggia diretta (l'elemento riscaldante \u00e8 IP64 e il controller \u00e8 IP54).<\/li>\n<li>Il riscaldatore di base IBC pu\u00f2 essere combinato con giacche riscaldanti o isolanti, coperchi isolanti e\/o coperchi per ottenere tempi di riscaldamento pi\u00f9 rapidi e una migliore stabilit\u00e0 della temperatura.<\/li>\n<li>Riscaldatore di base per serbatoio IBC da 1000L.<\/li>\n<li>Sensore PT100.<\/li>\n<li>Grado di protezione IP64 (controllore: IP54).<\/li>\n<li>Compreso il regolatore esterno DigiTherm (n. art.: 19-2674).<\/li>\n<li>Potenza: 230V 2700W<\/li>\n<li>Dimensioni: 1035x851 mm<\/li>\n<li>Peso: 5 kg<\/li>\n<li><strong>Siamo gli agenti UE di un'azienda che produce cappotti riscaldanti e protettivi.<\/strong><\/li>\n<li><strong>Pertanto, il prezzo di questo prodotto \u00e8 al netto dell'IVA e l'importo esatto delle spese di spedizione sar\u00e0 calcolato al momento del preventivo.<\/strong><\/li>\n<li>Di solito teniamo conto di un ulteriore sconto, soprattutto per quantit\u00e0 pari o superiori a 2.<\/li>\n<\/ul>","protected":false},"featured_media":15757,"template":"","meta":[],"product_brand":[],"product_cat":[317],"product_tag":[],"class_list":{"0":"post-15756","1":"product","2":"type-product","3":"status-publish","4":"has-post-thumbnail","6":"product_cat-grelniki-zascitne-in-termoizolacijske-ponjave-za-sode-in-ibc-cisterne","8":"first","9":"instock","10":"sale","11":"shipping-taxable","12":"purchasable","13":"product-type-simple"},"yoast_head":"<!-- This site is optimized with the Yoast SEO plugin v27.1.1 - https:\/\/yoast.com\/product\/yoast-seo-wordpress\/ -->\n<title>Podstavni (bazni) grelec za 1000L IBC cisterno | IBCparts.eu<\/title>\n<meta name=\"description\" content=\"Vodoodporni podstavni grelec je name\u0161\u010den pod IBC cisterno in ga je mogo\u010de nastaviti do 150 \u00b0C.\" \/>\n<meta name=\"robots\" content=\"index, follow, max-snippet:-1, max-image-preview:large, max-video-preview:-1\" \/>\n<link rel=\"canonical\" href=\"https:\/\/ibcparts.eu\/it\/item\/podstavni-bazni-grelec-za-1000l-ibc-cisterno\/\" \/>\n<meta property=\"og:locale\" content=\"it_IT\" \/>\n<meta property=\"og:type\" content=\"article\" \/>\n<meta property=\"og:title\" content=\"Podstavni (bazni) grelec za 1000L IBC cisterno | IBCparts.eu\" \/>\n<meta property=\"og:description\" content=\"Vodoodporni podstavni grelec je name\u0161\u010den pod IBC cisterno in ga je mogo\u010de nastaviti do 150 \u00b0C.\" \/>\n<meta property=\"og:url\" content=\"https:\/\/ibcparts.eu\/it\/item\/podstavni-bazni-grelec-za-1000l-ibc-cisterno\/\" \/>\n<meta property=\"og:site_name\" content=\"IBCparts.eu\" \/>\n<meta property=\"article:modified_time\" content=\"2025-11-18T15:48:53+00:00\" \/>\n<meta property=\"og:image\" content=\"https:\/\/ibcparts.eu\/wp-content\/uploads\/2023\/09\/13-1436S.jpg\" \/>\n\t<meta property=\"og:image:width\" content=\"828\" \/>\n\t<meta property=\"og:image:height\" content=\"828\" \/>\n\t<meta property=\"og:image:type\" content=\"image\/jpeg\" \/>\n<meta name=\"twitter:card\" content=\"summary_large_image\" \/>\n<script type=\"application\/ld+json\" class=\"yoast-schema-graph\">{\"@context\":\"https:\/\/schema.org\",\"@graph\":[{\"@type\":\"WebPage\",\"@id\":\"https:\/\/ibcparts.eu\/en\/item\/podstavni-bazni-grelec-za-1000l-ibc-cisterno\/\",\"url\":\"https:\/\/ibcparts.eu\/en\/item\/podstavni-bazni-grelec-za-1000l-ibc-cisterno\/\",\"name\":\"Podstavni (bazni) grelec za 1000L IBC cisterno | IBCparts.eu\",\"isPartOf\":{\"@id\":\"https:\/\/ibcparts.eu\/#website\"},\"primaryImageOfPage\":{\"@id\":\"https:\/\/ibcparts.eu\/en\/item\/podstavni-bazni-grelec-za-1000l-ibc-cisterno\/#primaryimage\"},\"image\":{\"@id\":\"https:\/\/ibcparts.eu\/en\/item\/podstavni-bazni-grelec-za-1000l-ibc-cisterno\/#primaryimage\"},\"thumbnailUrl\":\"https:\/\/ibcparts.eu\/wp-content\/uploads\/2023\/09\/13-1436S.jpg\",\"datePublished\":\"2023-09-19T12:08:30+00:00\",\"dateModified\":\"2025-11-18T15:48:53+00:00\",\"description\":\"Vodoodporni podstavni grelec je name\u0161\u010den pod IBC cisterno in ga je mogo\u010de nastaviti do 150 \u00b0C.\",\"breadcrumb\":{\"@id\":\"https:\/\/ibcparts.eu\/en\/item\/podstavni-bazni-grelec-za-1000l-ibc-cisterno\/#breadcrumb\"},\"inLanguage\":\"it-IT\",\"potentialAction\":[{\"@type\":\"ReadAction\",\"target\":[\"https:\/\/ibcparts.eu\/en\/item\/podstavni-bazni-grelec-za-1000l-ibc-cisterno\/\"]}]},{\"@type\":\"ImageObject\",\"inLanguage\":\"it-IT\",\"@id\":\"https:\/\/ibcparts.eu\/en\/item\/podstavni-bazni-grelec-za-1000l-ibc-cisterno\/#primaryimage\",\"url\":\"https:\/\/ibcparts.eu\/wp-content\/uploads\/2023\/09\/13-1436S.jpg\",\"contentUrl\":\"https:\/\/ibcparts.eu\/wp-content\/uploads\/2023\/09\/13-1436S.jpg\",\"width\":828,\"height\":828},{\"@type\":\"BreadcrumbList\",\"@id\":\"https:\/\/ibcparts.eu\/en\/item\/podstavni-bazni-grelec-za-1000l-ibc-cisterno\/#breadcrumb\",\"itemListElement\":[{\"@type\":\"ListItem\",\"position\":1,\"name\":\"Home\",\"item\":\"https:\/\/ibcparts.eu\/\"},{\"@type\":\"ListItem\",\"position\":2,\"name\":\"Nakupujte\",\"item\":\"https:\/\/ibcparts.eu\/nakupujte\/\"},{\"@type\":\"ListItem\",\"position\":3,\"name\":\"Podstavni (bazni) grelec za 1000L IBC cisterno\"}]},{\"@type\":\"WebSite\",\"@id\":\"https:\/\/ibcparts.eu\/#website\",\"url\":\"https:\/\/ibcparts.eu\/\",\"name\":\"IBCparts.eu\",\"description\":\"\",\"publisher\":{\"@id\":\"https:\/\/ibcparts.eu\/#organization\"},\"potentialAction\":[{\"@type\":\"SearchAction\",\"target\":{\"@type\":\"EntryPoint\",\"urlTemplate\":\"https:\/\/ibcparts.eu\/?s={search_term_string}\"},\"query-input\":{\"@type\":\"PropertyValueSpecification\",\"valueRequired\":true,\"valueName\":\"search_term_string\"}}],\"inLanguage\":\"it-IT\"},{\"@type\":\"Organization\",\"@id\":\"https:\/\/ibcparts.eu\/#organization\",\"name\":\"IBCparts\",\"url\":\"https:\/\/ibcparts.eu\/\",\"logo\":{\"@type\":\"ImageObject\",\"inLanguage\":\"it-IT\",\"@id\":\"https:\/\/ibcparts.eu\/#\/schema\/logo\/image\/\",\"url\":\"https:\/\/ibcparts.eu\/wp-content\/uploads\/2021\/10\/Footer-Logo.png\",\"contentUrl\":\"https:\/\/ibcparts.eu\/wp-content\/uploads\/2021\/10\/Footer-Logo.png\",\"width\":1992,\"height\":772,\"caption\":\"IBCparts\"},\"image\":{\"@id\":\"https:\/\/ibcparts.eu\/#\/schema\/logo\/image\/\"}}]}<\/script>\n<!-- \/ Yoast SEO plugin. -->","yoast_head_json":{"title":"Riscaldatore di base per serbatoio IBC da 1000L | IBCparts.eu","description":"Il riscaldatore impermeabile a zoccolo \u00e8 installato sotto la vasca IBC e pu\u00f2 essere regolato fino a 150 \u00b0C.","robots":{"index":"index","follow":"follow","max-snippet":"max-snippet:-1","max-image-preview":"max-image-preview:large","max-video-preview":"max-video-preview:-1"},"canonical":"https:\/\/ibcparts.eu\/it\/item\/podstavni-bazni-grelec-za-1000l-ibc-cisterno\/","og_locale":"it_IT","og_type":"article","og_title":"Podstavni (bazni) grelec za 1000L IBC cisterno | IBCparts.eu","og_description":"Vodoodporni podstavni grelec je name\u0161\u010den pod IBC cisterno in ga je mogo\u010de nastaviti do 150 \u00b0C.","og_url":"https:\/\/ibcparts.eu\/it\/item\/podstavni-bazni-grelec-za-1000l-ibc-cisterno\/","og_site_name":"IBCparts.eu","article_modified_time":"2025-11-18T15:48:53+00:00","og_image":[{"width":828,"height":828,"url":"https:\/\/ibcparts.eu\/wp-content\/uploads\/2023\/09\/13-1436S.jpg","type":"image\/jpeg"}],"twitter_card":"summary_large_image","schema":{"@context":"https:\/\/schema.org","@graph":[{"@type":"WebPage","@id":"https:\/\/ibcparts.eu\/en\/item\/podstavni-bazni-grelec-za-1000l-ibc-cisterno\/","url":"https:\/\/ibcparts.eu\/en\/item\/podstavni-bazni-grelec-za-1000l-ibc-cisterno\/","name":"Riscaldatore di base per serbatoio IBC da 1000L | IBCparts.eu","isPartOf":{"@id":"https:\/\/ibcparts.eu\/#website"},"primaryImageOfPage":{"@id":"https:\/\/ibcparts.eu\/en\/item\/podstavni-bazni-grelec-za-1000l-ibc-cisterno\/#primaryimage"},"image":{"@id":"https:\/\/ibcparts.eu\/en\/item\/podstavni-bazni-grelec-za-1000l-ibc-cisterno\/#primaryimage"},"thumbnailUrl":"https:\/\/ibcparts.eu\/wp-content\/uploads\/2023\/09\/13-1436S.jpg","datePublished":"2023-09-19T12:08:30+00:00","dateModified":"2025-11-18T15:48:53+00:00","description":"Il riscaldatore impermeabile a zoccolo \u00e8 installato sotto la vasca IBC e pu\u00f2 essere regolato fino a 150 \u00b0C.","breadcrumb":{"@id":"https:\/\/ibcparts.eu\/en\/item\/podstavni-bazni-grelec-za-1000l-ibc-cisterno\/#breadcrumb"},"inLanguage":"it-IT","potentialAction":[{"@type":"ReadAction","target":["https:\/\/ibcparts.eu\/en\/item\/podstavni-bazni-grelec-za-1000l-ibc-cisterno\/"]}]},{"@type":"ImageObject","inLanguage":"it-IT","@id":"https:\/\/ibcparts.eu\/en\/item\/podstavni-bazni-grelec-za-1000l-ibc-cisterno\/#primaryimage","url":"https:\/\/ibcparts.eu\/wp-content\/uploads\/2023\/09\/13-1436S.jpg","contentUrl":"https:\/\/ibcparts.eu\/wp-content\/uploads\/2023\/09\/13-1436S.jpg","width":828,"height":828},{"@type":"BreadcrumbList","@id":"https:\/\/ibcparts.eu\/en\/item\/podstavni-bazni-grelec-za-1000l-ibc-cisterno\/#breadcrumb","itemListElement":[{"@type":"ListItem","position":1,"name":"Home","item":"https:\/\/ibcparts.eu\/"},{"@type":"ListItem","position":2,"name":"Nakupujte","item":"https:\/\/ibcparts.eu\/nakupujte\/"},{"@type":"ListItem","position":3,"name":"Podstavni (bazni) grelec za 1000L IBC cisterno"}]},{"@type":"WebSite","@id":"https:\/\/ibcparts.eu\/#website","url":"https:\/\/ibcparts.eu\/","name":"IBCparts.eu","description":"","publisher":{"@id":"https:\/\/ibcparts.eu\/#organization"},"potentialAction":[{"@type":"SearchAction","target":{"@type":"EntryPoint","urlTemplate":"https:\/\/ibcparts.eu\/?s={search_term_string}"},"query-input":{"@type":"PropertyValueSpecification","valueRequired":true,"valueName":"search_term_string"}}],"inLanguage":"it-IT"},{"@type":"Organization","@id":"https:\/\/ibcparts.eu\/#organization","name":"IBCparts","url":"https:\/\/ibcparts.eu\/","logo":{"@type":"ImageObject","inLanguage":"it-IT","@id":"https:\/\/ibcparts.eu\/#\/schema\/logo\/image\/","url":"https:\/\/ibcparts.eu\/wp-content\/uploads\/2021\/10\/Footer-Logo.png","contentUrl":"https:\/\/ibcparts.eu\/wp-content\/uploads\/2021\/10\/Footer-Logo.png","width":1992,"height":772,"caption":"IBCparts"},"image":{"@id":"https:\/\/ibcparts.eu\/#\/schema\/logo\/image\/"}}]}},"_links":{"self":[{"href":"https:\/\/ibcparts.eu\/it\/wp-json\/wp\/v2\/product\/15756","targetHints":{"allow":["GET"]}}],"collection":[{"href":"https:\/\/ibcparts.eu\/it\/wp-json\/wp\/v2\/product"}],"about":[{"href":"https:\/\/ibcparts.eu\/it\/wp-json\/wp\/v2\/types\/product"}],"version-history":[{"count":0,"href":"https:\/\/ibcparts.eu\/it\/wp-json\/wp\/v2\/product\/15756\/revisions"}],"wp:featuredmedia":[{"embeddable":true,"href":"https:\/\/ibcparts.eu\/it\/wp-json\/wp\/v2\/media\/15757"}],"wp:attachment":[{"href":"https:\/\/ibcparts.eu\/it\/wp-json\/wp\/v2\/media?parent=15756"}],"wp:term":[{"taxonomy":"product_brand","embeddable":true,"href":"https:\/\/ibcparts.eu\/it\/wp-json\/wp\/v2\/product_brand?post=15756"},{"taxonomy":"product_cat","embeddable":true,"href":"https:\/\/ibcparts.eu\/it\/wp-json\/wp\/v2\/product_cat?post=15756"},{"taxonomy":"product_tag","embeddable":true,"href":"https:\/\/ibcparts.eu\/it\/wp-json\/wp\/v2\/product_tag?post=15756"}],"curies":[{"name":"wp","href":"https:\/\/api.w.org\/{rel}","templated":true}]}}