{"id":15670,"date":"2023-08-31T12:03:49","date_gmt":"2023-08-31T11:03:49","guid":{"rendered":"https:\/\/ibcparts.eu\/?post_type=product&#038;p=15670"},"modified":"2026-01-13T14:16:50","modified_gmt":"2026-01-13T13:16:50","slug":"reducir-s75-lite","status":"publish","type":"product","link":"https:\/\/ibcparts.eu\/it\/prodotto\/reducir-s75-lite\/","title":{"rendered":"Riduttore S75 Lite per cisterna IBC (1\u2033)"},"content":{"rendered":"","protected":false},"excerpt":{"rendered":"<h2 data-start=\"173\" data-end=\"242\">Riduttore S75 LITE con filettatura BSP interna da 1\u2033 per cisterna IBC<\/h2>\n<p data-start=\"244\" data-end=\"676\" class=\" translation-block\">Il riduttore S75 LITE \u00e8 un riduttore pi\u00f9 conveniente per cisterne IBC con filettatura S75x6 (\u00d8 75\u201379 mm, filettatura grossa). Viene utilizzato come <strong>adattatore o raccordo per cisterna IBC nel punto in cui era montata la valvola originale<\/strong>.<\/p>\n<p class=\" translation-block\">Per cisterne con filettatura sulla cisterna \u00d8 75\u201379 mm (filetto grosso) S75x6.<br>\nTipo di filettatura sul lato esterno: filettatura BSP femmina, dimensione 1\u2033 \u2013 vedi immagine.<\/p>\n<p class=\" translation-block\">Materiale: plastica<br>\nColore: verde<br>\nGuarnizione in gomma morbida sul lato interno.<\/p>\n<p>Ottima tenuta e buona durata!<\/p>\n<p class=\" translation-block\">Informazioni aggiuntive:<br data-start=\"1040\" data-end=\"1043\">\nDurante il montaggio di qualsiasi raccordo su questo riduttore, utilizzare sempre il nastro in teflon. Solo in questo modo \u00e8 possibile garantire una tenuta perfetta e il corretto posizionamento del rubinetto o del raccordo.<\/p>\n<p data-start=\"1020\" data-end=\"1309\">Sulle cisterne IBC con filettatura \u00d8 75 mm \u00e8 possibile utilizzare anche una valvola S75 o un ricambio valvola S75.<\/p>","protected":false},"featured_media":15927,"template":"","meta":[],"product_brand":[],"product_cat":[170,299],"product_tag":[516],"class_list":{"0":"post-15670","1":"product","2":"type-product","3":"status-publish","4":"has-post-thumbnail","6":"product_cat-reducirji-in-prikljucki-za-ibc","7":"product_cat-s75x6","8":"product_tag-s75x6","10":"first","11":"instock","12":"sale","13":"shipping-taxable","14":"purchasable","15":"product-type-simple"},"yoast_head":"<!-- This site is optimized with the Yoast SEO plugin v27.1.1 - https:\/\/yoast.com\/product\/yoast-seo-wordpress\/ -->\n<title>Reducir S75 Lite za IBC cisterno (1&quot;) | IBCparts.eu<\/title>\n<meta name=\"description\" content=\"Reducir (adapter) za IBC cisterne z navojem fi 75 \u2013 79mm - kot nadomestek ventila (S75x6).\" \/>\n<meta name=\"robots\" content=\"index, follow, max-snippet:-1, max-image-preview:large, max-video-preview:-1\" \/>\n<link rel=\"canonical\" href=\"https:\/\/ibcparts.eu\/it\/prodotto\/reducir-s75-lite\/\" \/>\n<meta property=\"og:locale\" content=\"it_IT\" \/>\n<meta property=\"og:type\" content=\"article\" \/>\n<meta property=\"og:title\" content=\"Reducir S75 Lite za IBC cisterno (1&quot;) | IBCparts.eu\" \/>\n<meta property=\"og:description\" content=\"Reducir (adapter) za IBC cisterne z navojem fi 75 \u2013 79mm - kot nadomestek ventila (S75x6).\" \/>\n<meta property=\"og:url\" content=\"https:\/\/ibcparts.eu\/it\/prodotto\/reducir-s75-lite\/\" \/>\n<meta property=\"og:site_name\" content=\"IBCparts.eu\" \/>\n<meta property=\"article:modified_time\" content=\"2026-01-13T13:16:50+00:00\" \/>\n<meta property=\"og:image\" content=\"https:\/\/ibcparts.eu\/wp-content\/uploads\/2023\/08\/s75x6-lite.png\" \/>\n\t<meta property=\"og:image:width\" content=\"457\" \/>\n\t<meta property=\"og:image:height\" content=\"457\" \/>\n\t<meta property=\"og:image:type\" content=\"image\/png\" \/>\n<meta name=\"twitter:card\" content=\"summary_large_image\" \/>\n<script type=\"application\/ld+json\" class=\"yoast-schema-graph\">{\"@context\":\"https:\/\/schema.org\",\"@graph\":[{\"@type\":\"WebPage\",\"@id\":\"https:\/\/ibcparts.eu\/izdelek\/reducir-s75-lite\/\",\"url\":\"https:\/\/ibcparts.eu\/izdelek\/reducir-s75-lite\/\",\"name\":\"Reducir S75 Lite za IBC cisterno (1\\\") | IBCparts.eu\",\"isPartOf\":{\"@id\":\"https:\/\/ibcparts.eu\/#website\"},\"primaryImageOfPage\":{\"@id\":\"https:\/\/ibcparts.eu\/izdelek\/reducir-s75-lite\/#primaryimage\"},\"image\":{\"@id\":\"https:\/\/ibcparts.eu\/izdelek\/reducir-s75-lite\/#primaryimage\"},\"thumbnailUrl\":\"https:\/\/ibcparts.eu\/wp-content\/uploads\/2023\/08\/s75x6-lite.png\",\"datePublished\":\"2023-08-31T11:03:49+00:00\",\"dateModified\":\"2026-01-13T13:16:50+00:00\",\"description\":\"Reducir (adapter) za IBC cisterne z navojem fi 75 \u2013 79mm - kot nadomestek ventila (S75x6).\",\"breadcrumb\":{\"@id\":\"https:\/\/ibcparts.eu\/izdelek\/reducir-s75-lite\/#breadcrumb\"},\"inLanguage\":\"it-IT\",\"potentialAction\":[{\"@type\":\"ReadAction\",\"target\":[\"https:\/\/ibcparts.eu\/izdelek\/reducir-s75-lite\/\"]}]},{\"@type\":\"ImageObject\",\"inLanguage\":\"it-IT\",\"@id\":\"https:\/\/ibcparts.eu\/izdelek\/reducir-s75-lite\/#primaryimage\",\"url\":\"https:\/\/ibcparts.eu\/wp-content\/uploads\/2023\/08\/s75x6-lite.png\",\"contentUrl\":\"https:\/\/ibcparts.eu\/wp-content\/uploads\/2023\/08\/s75x6-lite.png\",\"width\":457,\"height\":457},{\"@type\":\"BreadcrumbList\",\"@id\":\"https:\/\/ibcparts.eu\/izdelek\/reducir-s75-lite\/#breadcrumb\",\"itemListElement\":[{\"@type\":\"ListItem\",\"position\":1,\"name\":\"Home\",\"item\":\"https:\/\/ibcparts.eu\/\"},{\"@type\":\"ListItem\",\"position\":2,\"name\":\"Nakupujte\",\"item\":\"https:\/\/ibcparts.eu\/nakupujte\/\"},{\"@type\":\"ListItem\",\"position\":3,\"name\":\"Reducir S75 Lite za IBC cisterno (1&#8243;)\"}]},{\"@type\":\"WebSite\",\"@id\":\"https:\/\/ibcparts.eu\/#website\",\"url\":\"https:\/\/ibcparts.eu\/\",\"name\":\"IBCparts.eu\",\"description\":\"\",\"publisher\":{\"@id\":\"https:\/\/ibcparts.eu\/#organization\"},\"potentialAction\":[{\"@type\":\"SearchAction\",\"target\":{\"@type\":\"EntryPoint\",\"urlTemplate\":\"https:\/\/ibcparts.eu\/?s={search_term_string}\"},\"query-input\":{\"@type\":\"PropertyValueSpecification\",\"valueRequired\":true,\"valueName\":\"search_term_string\"}}],\"inLanguage\":\"it-IT\"},{\"@type\":\"Organization\",\"@id\":\"https:\/\/ibcparts.eu\/#organization\",\"name\":\"IBCparts\",\"url\":\"https:\/\/ibcparts.eu\/\",\"logo\":{\"@type\":\"ImageObject\",\"inLanguage\":\"it-IT\",\"@id\":\"https:\/\/ibcparts.eu\/#\/schema\/logo\/image\/\",\"url\":\"https:\/\/ibcparts.eu\/wp-content\/uploads\/2021\/10\/Footer-Logo.png\",\"contentUrl\":\"https:\/\/ibcparts.eu\/wp-content\/uploads\/2021\/10\/Footer-Logo.png\",\"width\":1992,\"height\":772,\"caption\":\"IBCparts\"},\"image\":{\"@id\":\"https:\/\/ibcparts.eu\/#\/schema\/logo\/image\/\"}}]}<\/script>\n<!-- \/ Yoast SEO plugin. -->","yoast_head_json":{"title":"Reducir S75 Lite za IBC cisterno (1\") | IBCparts.eu","description":"Reducir (adapter) za IBC cisterne z navojem fi 75 \u2013 79mm - kot nadomestek ventila (S75x6).","robots":{"index":"index","follow":"follow","max-snippet":"max-snippet:-1","max-image-preview":"max-image-preview:large","max-video-preview":"max-video-preview:-1"},"canonical":"https:\/\/ibcparts.eu\/it\/prodotto\/reducir-s75-lite\/","og_locale":"it_IT","og_type":"article","og_title":"Reducir S75 Lite za IBC cisterno (1\") | IBCparts.eu","og_description":"Reducir (adapter) za IBC cisterne z navojem fi 75 \u2013 79mm - kot nadomestek ventila (S75x6).","og_url":"https:\/\/ibcparts.eu\/it\/prodotto\/reducir-s75-lite\/","og_site_name":"IBCparts.eu","article_modified_time":"2026-01-13T13:16:50+00:00","og_image":[{"width":457,"height":457,"url":"https:\/\/ibcparts.eu\/wp-content\/uploads\/2023\/08\/s75x6-lite.png","type":"image\/png"}],"twitter_card":"summary_large_image","schema":{"@context":"https:\/\/schema.org","@graph":[{"@type":"WebPage","@id":"https:\/\/ibcparts.eu\/izdelek\/reducir-s75-lite\/","url":"https:\/\/ibcparts.eu\/izdelek\/reducir-s75-lite\/","name":"Reducir S75 Lite za IBC cisterno (1\") | IBCparts.eu","isPartOf":{"@id":"https:\/\/ibcparts.eu\/#website"},"primaryImageOfPage":{"@id":"https:\/\/ibcparts.eu\/izdelek\/reducir-s75-lite\/#primaryimage"},"image":{"@id":"https:\/\/ibcparts.eu\/izdelek\/reducir-s75-lite\/#primaryimage"},"thumbnailUrl":"https:\/\/ibcparts.eu\/wp-content\/uploads\/2023\/08\/s75x6-lite.png","datePublished":"2023-08-31T11:03:49+00:00","dateModified":"2026-01-13T13:16:50+00:00","description":"Reducir (adapter) za IBC cisterne z navojem fi 75 \u2013 79mm - kot nadomestek ventila (S75x6).","breadcrumb":{"@id":"https:\/\/ibcparts.eu\/izdelek\/reducir-s75-lite\/#breadcrumb"},"inLanguage":"it-IT","potentialAction":[{"@type":"ReadAction","target":["https:\/\/ibcparts.eu\/izdelek\/reducir-s75-lite\/"]}]},{"@type":"ImageObject","inLanguage":"it-IT","@id":"https:\/\/ibcparts.eu\/izdelek\/reducir-s75-lite\/#primaryimage","url":"https:\/\/ibcparts.eu\/wp-content\/uploads\/2023\/08\/s75x6-lite.png","contentUrl":"https:\/\/ibcparts.eu\/wp-content\/uploads\/2023\/08\/s75x6-lite.png","width":457,"height":457},{"@type":"BreadcrumbList","@id":"https:\/\/ibcparts.eu\/izdelek\/reducir-s75-lite\/#breadcrumb","itemListElement":[{"@type":"ListItem","position":1,"name":"Home","item":"https:\/\/ibcparts.eu\/"},{"@type":"ListItem","position":2,"name":"Nakupujte","item":"https:\/\/ibcparts.eu\/nakupujte\/"},{"@type":"ListItem","position":3,"name":"Reducir S75 Lite za IBC cisterno (1&#8243;)"}]},{"@type":"WebSite","@id":"https:\/\/ibcparts.eu\/#website","url":"https:\/\/ibcparts.eu\/","name":"IBCparts.eu","description":"","publisher":{"@id":"https:\/\/ibcparts.eu\/#organization"},"potentialAction":[{"@type":"SearchAction","target":{"@type":"EntryPoint","urlTemplate":"https:\/\/ibcparts.eu\/?s={search_term_string}"},"query-input":{"@type":"PropertyValueSpecification","valueRequired":true,"valueName":"search_term_string"}}],"inLanguage":"it-IT"},{"@type":"Organization","@id":"https:\/\/ibcparts.eu\/#organization","name":"IBCparts","url":"https:\/\/ibcparts.eu\/","logo":{"@type":"ImageObject","inLanguage":"it-IT","@id":"https:\/\/ibcparts.eu\/#\/schema\/logo\/image\/","url":"https:\/\/ibcparts.eu\/wp-content\/uploads\/2021\/10\/Footer-Logo.png","contentUrl":"https:\/\/ibcparts.eu\/wp-content\/uploads\/2021\/10\/Footer-Logo.png","width":1992,"height":772,"caption":"IBCparts"},"image":{"@id":"https:\/\/ibcparts.eu\/#\/schema\/logo\/image\/"}}]}},"_links":{"self":[{"href":"https:\/\/ibcparts.eu\/it\/wp-json\/wp\/v2\/product\/15670","targetHints":{"allow":["GET"]}}],"collection":[{"href":"https:\/\/ibcparts.eu\/it\/wp-json\/wp\/v2\/product"}],"about":[{"href":"https:\/\/ibcparts.eu\/it\/wp-json\/wp\/v2\/types\/product"}],"version-history":[{"count":2,"href":"https:\/\/ibcparts.eu\/it\/wp-json\/wp\/v2\/product\/15670\/revisions"}],"predecessor-version":[{"id":20197,"href":"https:\/\/ibcparts.eu\/it\/wp-json\/wp\/v2\/product\/15670\/revisions\/20197"}],"wp:featuredmedia":[{"embeddable":true,"href":"https:\/\/ibcparts.eu\/it\/wp-json\/wp\/v2\/media\/15927"}],"wp:attachment":[{"href":"https:\/\/ibcparts.eu\/it\/wp-json\/wp\/v2\/media?parent=15670"}],"wp:term":[{"taxonomy":"product_brand","embeddable":true,"href":"https:\/\/ibcparts.eu\/it\/wp-json\/wp\/v2\/product_brand?post=15670"},{"taxonomy":"product_cat","embeddable":true,"href":"https:\/\/ibcparts.eu\/it\/wp-json\/wp\/v2\/product_cat?post=15670"},{"taxonomy":"product_tag","embeddable":true,"href":"https:\/\/ibcparts.eu\/it\/wp-json\/wp\/v2\/product_tag?post=15670"}],"curies":[{"name":"wp","href":"https:\/\/api.w.org\/{rel}","templated":true}]}}