{"id":15614,"date":"2023-08-09T13:12:24","date_gmt":"2023-08-09T12:12:24","guid":{"rendered":"https:\/\/ibcparts.eu\/?post_type=product&#038;p=15614"},"modified":"2025-12-06T17:36:04","modified_gmt":"2025-12-06T16:36:04","slug":"y-filter","status":"publish","type":"product","link":"https:\/\/ibcparts.eu\/it\/prodotto\/y-filter\/","title":{"rendered":"Filtro Y"},"content":{"rendered":"","protected":false},"excerpt":{"rendered":"<p>Il filtro a Y perfetto per filtrare l'acqua piovana prima di collegarla a un impianto di irrigazione a goccia.<\/p>\n<ul>\n<li>120 mikronska mre\u017eica.<\/li>\n<li>Zelo enostavno \u010di\u0161\u010denje. Celoten filter se enostavno razstavi in njegova mre\u017eica se odli\u010dno o\u010disti.<\/li>\n<li>Na vsaki strani zunanji (mo\u0161ki) navoj kamor se priklopi cev.<\/li>\n<li>\u00c8 possibile scegliere un filtro con valvola: la valvola \u00e8 posizionata sul lato inferiore e serve a liberare lo sporco che si accumula all'interno del filtro.<\/li>\n<\/ul>\n<p>Dimensioni:<\/p>\n<ul>\n<li>3\/4&#8243;<\/li>\n<li>1&#8243;.<\/li>\n<\/ul>\n<p>&nbsp;<\/p>\n<p>&nbsp;<\/p>\n<p>&nbsp;<\/p>\n<p>&nbsp;<\/p>","protected":false},"featured_media":15620,"template":"","meta":[],"product_brand":[],"product_cat":[186,187],"product_tag":[455],"class_list":{"0":"post-15614","1":"product","2":"type-product","3":"status-publish","4":"has-post-thumbnail","6":"product_cat-filtri-za-dezevnico-in-pvc-redukcije","7":"product_cat-pripomocki-za-pretakanje-tekocine","8":"product_tag-odlicen-y-filter-za-filtracijo-dezevnice-pred-priklopom-na-kapljicni-namakalni-sistem","10":"first","11":"instock","12":"shipping-taxable","13":"purchasable","14":"product-type-variable"},"yoast_head":"<!-- This site is optimized with the Yoast SEO plugin v27.1.1 - https:\/\/yoast.com\/product\/yoast-seo-wordpress\/ -->\n<title>Y filter | IBCparts.eu<\/title>\n<meta name=\"description\" content=\"Odli\u010den Y filter za filtracijo de\u017eevnice pred priklopom na kaplji\u010dni namakalni sistem.\" \/>\n<meta name=\"robots\" content=\"index, follow, max-snippet:-1, max-image-preview:large, max-video-preview:-1\" \/>\n<link rel=\"canonical\" href=\"https:\/\/ibcparts.eu\/it\/prodotto\/y-filter\/\" \/>\n<meta property=\"og:locale\" content=\"it_IT\" \/>\n<meta property=\"og:type\" content=\"article\" \/>\n<meta property=\"og:title\" content=\"Y filter | IBCparts.eu\" \/>\n<meta property=\"og:description\" content=\"Odli\u010den Y filter za filtracijo de\u017eevnice pred priklopom na kaplji\u010dni namakalni sistem.\" \/>\n<meta property=\"og:url\" content=\"https:\/\/ibcparts.eu\/it\/prodotto\/y-filter\/\" \/>\n<meta property=\"og:site_name\" content=\"IBCparts.eu\" \/>\n<meta property=\"article:modified_time\" content=\"2025-12-06T16:36:04+00:00\" \/>\n<meta property=\"og:image\" content=\"https:\/\/ibcparts.eu\/wp-content\/uploads\/2023\/08\/20230807_185022-min-scaled.jpg\" \/>\n\t<meta property=\"og:image:width\" content=\"2560\" \/>\n\t<meta property=\"og:image:height\" content=\"2560\" \/>\n\t<meta property=\"og:image:type\" content=\"image\/jpeg\" \/>\n<meta name=\"twitter:card\" content=\"summary_large_image\" \/>\n<script type=\"application\/ld+json\" class=\"yoast-schema-graph\">{\"@context\":\"https:\/\/schema.org\",\"@graph\":[{\"@type\":\"WebPage\",\"@id\":\"https:\/\/ibcparts.eu\/izdelek\/y-filter\/\",\"url\":\"https:\/\/ibcparts.eu\/izdelek\/y-filter\/\",\"name\":\"Y filter | IBCparts.eu\",\"isPartOf\":{\"@id\":\"https:\/\/ibcparts.eu\/#website\"},\"primaryImageOfPage\":{\"@id\":\"https:\/\/ibcparts.eu\/izdelek\/y-filter\/#primaryimage\"},\"image\":{\"@id\":\"https:\/\/ibcparts.eu\/izdelek\/y-filter\/#primaryimage\"},\"thumbnailUrl\":\"https:\/\/ibcparts.eu\/wp-content\/uploads\/2023\/08\/20230807_185022-min-scaled.jpg\",\"datePublished\":\"2023-08-09T12:12:24+00:00\",\"dateModified\":\"2025-12-06T16:36:04+00:00\",\"description\":\"Odli\u010den Y filter za filtracijo de\u017eevnice pred priklopom na kaplji\u010dni namakalni sistem.\",\"breadcrumb\":{\"@id\":\"https:\/\/ibcparts.eu\/izdelek\/y-filter\/#breadcrumb\"},\"inLanguage\":\"it-IT\",\"potentialAction\":[{\"@type\":\"ReadAction\",\"target\":[\"https:\/\/ibcparts.eu\/izdelek\/y-filter\/\"]}]},{\"@type\":\"ImageObject\",\"inLanguage\":\"it-IT\",\"@id\":\"https:\/\/ibcparts.eu\/izdelek\/y-filter\/#primaryimage\",\"url\":\"https:\/\/ibcparts.eu\/wp-content\/uploads\/2023\/08\/20230807_185022-min-scaled.jpg\",\"contentUrl\":\"https:\/\/ibcparts.eu\/wp-content\/uploads\/2023\/08\/20230807_185022-min-scaled.jpg\",\"width\":2560,\"height\":2560},{\"@type\":\"BreadcrumbList\",\"@id\":\"https:\/\/ibcparts.eu\/izdelek\/y-filter\/#breadcrumb\",\"itemListElement\":[{\"@type\":\"ListItem\",\"position\":1,\"name\":\"Home\",\"item\":\"https:\/\/ibcparts.eu\/\"},{\"@type\":\"ListItem\",\"position\":2,\"name\":\"Nakupujte\",\"item\":\"https:\/\/ibcparts.eu\/nakupujte\/\"},{\"@type\":\"ListItem\",\"position\":3,\"name\":\"Y filter\"}]},{\"@type\":\"WebSite\",\"@id\":\"https:\/\/ibcparts.eu\/#website\",\"url\":\"https:\/\/ibcparts.eu\/\",\"name\":\"IBCparts.eu\",\"description\":\"\",\"publisher\":{\"@id\":\"https:\/\/ibcparts.eu\/#organization\"},\"potentialAction\":[{\"@type\":\"SearchAction\",\"target\":{\"@type\":\"EntryPoint\",\"urlTemplate\":\"https:\/\/ibcparts.eu\/?s={search_term_string}\"},\"query-input\":{\"@type\":\"PropertyValueSpecification\",\"valueRequired\":true,\"valueName\":\"search_term_string\"}}],\"inLanguage\":\"it-IT\"},{\"@type\":\"Organization\",\"@id\":\"https:\/\/ibcparts.eu\/#organization\",\"name\":\"IBCparts\",\"url\":\"https:\/\/ibcparts.eu\/\",\"logo\":{\"@type\":\"ImageObject\",\"inLanguage\":\"it-IT\",\"@id\":\"https:\/\/ibcparts.eu\/#\/schema\/logo\/image\/\",\"url\":\"https:\/\/ibcparts.eu\/wp-content\/uploads\/2021\/10\/Footer-Logo.png\",\"contentUrl\":\"https:\/\/ibcparts.eu\/wp-content\/uploads\/2021\/10\/Footer-Logo.png\",\"width\":1992,\"height\":772,\"caption\":\"IBCparts\"},\"image\":{\"@id\":\"https:\/\/ibcparts.eu\/#\/schema\/logo\/image\/\"}}]}<\/script>\n<!-- \/ Yoast SEO plugin. -->","yoast_head_json":{"title":"Filtro Y | IBCparts.eu","description":"Il filtro a Y perfetto per filtrare l'acqua piovana prima di collegarla a un impianto di irrigazione a goccia.","robots":{"index":"index","follow":"follow","max-snippet":"max-snippet:-1","max-image-preview":"max-image-preview:large","max-video-preview":"max-video-preview:-1"},"canonical":"https:\/\/ibcparts.eu\/it\/prodotto\/y-filter\/","og_locale":"it_IT","og_type":"article","og_title":"Y filter | IBCparts.eu","og_description":"Odli\u010den Y filter za filtracijo de\u017eevnice pred priklopom na kaplji\u010dni namakalni sistem.","og_url":"https:\/\/ibcparts.eu\/it\/prodotto\/y-filter\/","og_site_name":"IBCparts.eu","article_modified_time":"2025-12-06T16:36:04+00:00","og_image":[{"width":2560,"height":2560,"url":"https:\/\/ibcparts.eu\/wp-content\/uploads\/2023\/08\/20230807_185022-min-scaled.jpg","type":"image\/jpeg"}],"twitter_card":"summary_large_image","schema":{"@context":"https:\/\/schema.org","@graph":[{"@type":"WebPage","@id":"https:\/\/ibcparts.eu\/izdelek\/y-filter\/","url":"https:\/\/ibcparts.eu\/izdelek\/y-filter\/","name":"Filtro Y | IBCparts.eu","isPartOf":{"@id":"https:\/\/ibcparts.eu\/#website"},"primaryImageOfPage":{"@id":"https:\/\/ibcparts.eu\/izdelek\/y-filter\/#primaryimage"},"image":{"@id":"https:\/\/ibcparts.eu\/izdelek\/y-filter\/#primaryimage"},"thumbnailUrl":"https:\/\/ibcparts.eu\/wp-content\/uploads\/2023\/08\/20230807_185022-min-scaled.jpg","datePublished":"2023-08-09T12:12:24+00:00","dateModified":"2025-12-06T16:36:04+00:00","description":"Il filtro a Y perfetto per filtrare l'acqua piovana prima di collegarla a un impianto di irrigazione a goccia.","breadcrumb":{"@id":"https:\/\/ibcparts.eu\/izdelek\/y-filter\/#breadcrumb"},"inLanguage":"it-IT","potentialAction":[{"@type":"ReadAction","target":["https:\/\/ibcparts.eu\/izdelek\/y-filter\/"]}]},{"@type":"ImageObject","inLanguage":"it-IT","@id":"https:\/\/ibcparts.eu\/izdelek\/y-filter\/#primaryimage","url":"https:\/\/ibcparts.eu\/wp-content\/uploads\/2023\/08\/20230807_185022-min-scaled.jpg","contentUrl":"https:\/\/ibcparts.eu\/wp-content\/uploads\/2023\/08\/20230807_185022-min-scaled.jpg","width":2560,"height":2560},{"@type":"BreadcrumbList","@id":"https:\/\/ibcparts.eu\/izdelek\/y-filter\/#breadcrumb","itemListElement":[{"@type":"ListItem","position":1,"name":"Home","item":"https:\/\/ibcparts.eu\/"},{"@type":"ListItem","position":2,"name":"Nakupujte","item":"https:\/\/ibcparts.eu\/nakupujte\/"},{"@type":"ListItem","position":3,"name":"Y filter"}]},{"@type":"WebSite","@id":"https:\/\/ibcparts.eu\/#website","url":"https:\/\/ibcparts.eu\/","name":"IBCparts.eu","description":"","publisher":{"@id":"https:\/\/ibcparts.eu\/#organization"},"potentialAction":[{"@type":"SearchAction","target":{"@type":"EntryPoint","urlTemplate":"https:\/\/ibcparts.eu\/?s={search_term_string}"},"query-input":{"@type":"PropertyValueSpecification","valueRequired":true,"valueName":"search_term_string"}}],"inLanguage":"it-IT"},{"@type":"Organization","@id":"https:\/\/ibcparts.eu\/#organization","name":"IBCparts","url":"https:\/\/ibcparts.eu\/","logo":{"@type":"ImageObject","inLanguage":"it-IT","@id":"https:\/\/ibcparts.eu\/#\/schema\/logo\/image\/","url":"https:\/\/ibcparts.eu\/wp-content\/uploads\/2021\/10\/Footer-Logo.png","contentUrl":"https:\/\/ibcparts.eu\/wp-content\/uploads\/2021\/10\/Footer-Logo.png","width":1992,"height":772,"caption":"IBCparts"},"image":{"@id":"https:\/\/ibcparts.eu\/#\/schema\/logo\/image\/"}}]}},"_links":{"self":[{"href":"https:\/\/ibcparts.eu\/it\/wp-json\/wp\/v2\/product\/15614","targetHints":{"allow":["GET"]}}],"collection":[{"href":"https:\/\/ibcparts.eu\/it\/wp-json\/wp\/v2\/product"}],"about":[{"href":"https:\/\/ibcparts.eu\/it\/wp-json\/wp\/v2\/types\/product"}],"version-history":[{"count":0,"href":"https:\/\/ibcparts.eu\/it\/wp-json\/wp\/v2\/product\/15614\/revisions"}],"wp:featuredmedia":[{"embeddable":true,"href":"https:\/\/ibcparts.eu\/it\/wp-json\/wp\/v2\/media\/15620"}],"wp:attachment":[{"href":"https:\/\/ibcparts.eu\/it\/wp-json\/wp\/v2\/media?parent=15614"}],"wp:term":[{"taxonomy":"product_brand","embeddable":true,"href":"https:\/\/ibcparts.eu\/it\/wp-json\/wp\/v2\/product_brand?post=15614"},{"taxonomy":"product_cat","embeddable":true,"href":"https:\/\/ibcparts.eu\/it\/wp-json\/wp\/v2\/product_cat?post=15614"},{"taxonomy":"product_tag","embeddable":true,"href":"https:\/\/ibcparts.eu\/it\/wp-json\/wp\/v2\/product_tag?post=15614"}],"curies":[{"name":"wp","href":"https:\/\/api.w.org\/{rel}","templated":true}]}}