{"id":14864,"date":"2023-04-11T06:12:29","date_gmt":"2023-04-11T05:12:29","guid":{"rendered":"https:\/\/ibcparts.eu\/?post_type=product&#038;p=14864"},"modified":"2026-01-13T14:34:22","modified_gmt":"2026-01-13T13:34:22","slug":"komplet-quickflow1","status":"publish","type":"product","link":"https:\/\/ibcparts.eu\/it\/prodotto\/komplet-quickflow1\/","title":{"rendered":"AVA 1\u2033 Kit QF Lite (impugnatura pi\u00f9 lunga)"},"content":{"rendered":"","protected":false},"excerpt":{"rendered":"<h2 data-start=\"118\" data-end=\"167\">Set AVA QF LITE 1\u2033 \u2013 rubinetto di collegamento per cisterne IBC<\/h2>\n<p data-start=\"171\" data-end=\"215\"><strong data-start=\"171\" data-end=\"184\">Set molto resistente, allungato e resistente ai raggi UV<\/strong><\/p>\n<p data-start=\"171\" data-end=\"215\" class=\" translation-block\"><strong data-start=\"171\" data-end=\"184\">Materiale:<\/strong> PP (polipropilene) di alta qualit\u00e0<\/p>\n<p data-start=\"218\" data-end=\"283\" class=\" translation-block\"><strong data-start=\"254\" data-end=\"266\">Guarnizione:<\/strong> EPDM in materiale puro, <strong data-start=\"294\" data-end=\"317\">in esclusiva da noi<\/strong><\/p>\n<p data-start=\"286\" data-end=\"376\"><strong data-start=\"286\" data-end=\"295\">Kovinska pipa:<\/strong> <strong data-start=\"296\" data-end=\"330\">1\u2033 QuickFlow z dalj\u0161im ro\u010dajem<\/strong> \u2013 za kar se da hitro pretakanje v zalivalko<\/p>\n<ul>\n<li style=\"list-style-type: none;\">\n<ul data-start=\"379\" data-end=\"525\">\n<li data-start=\"379\" data-end=\"398\">\n<p data-start=\"381\" data-end=\"398\">najve\u010dji pretok<\/p>\n<\/li>\n<li data-start=\"401\" data-end=\"451\">\n<p data-start=\"403\" data-end=\"451\">dalj\u0161i ro\u010daj za la\u017eje in natan\u010dnej\u0161e odpiranje<\/p>\n<\/li>\n<li data-start=\"454\" data-end=\"491\">\n<p data-start=\"456\" data-end=\"491\">non adatta al collegamento di un tubo da giardino<\/p>\n<\/li>\n<li data-start=\"494\" data-end=\"525\">\n<p data-start=\"496\" data-end=\"525\">notranji premer pipe: <strong>15 mm<\/strong><\/p>\n<\/li>\n<\/ul>\n<\/li>\n<\/ul>\n<p data-start=\"528\" data-end=\"586\" class=\" translation-block\"><strong data-start=\"518\" data-end=\"530\">Montaggio:<\/strong> assemblato per voi, pronto all\u2019uso<\/p>\n<p data-start=\"589\" data-end=\"648\"><strong data-start=\"589\" data-end=\"608\">Compatibilit\u00e0:<\/strong> IBC cisterne z navojem <strong data-start=\"632\" data-end=\"648\">S60x6 (DN50)<\/strong><\/p>","protected":false},"featured_media":14865,"template":"","meta":[],"product_brand":[],"product_cat":[316],"product_tag":[],"class_list":{"0":"post-14864","1":"product","2":"type-product","3":"status-publish","4":"has-post-thumbnail","6":"product_cat-kompleti-ava","8":"first","9":"instock","10":"sale","11":"shipping-taxable","12":"purchasable","13":"product-type-simple"},"yoast_head":"<!-- This site is optimized with the Yoast SEO plugin v27.1.1 - https:\/\/yoast.com\/product\/yoast-seo-wordpress\/ -->\n<title>Komplet AVA 1&quot; QF Lite (dalj\u0161i ro\u010daj) | IBCparts.eu<\/title>\n<meta name=\"description\" content=\"Komplet AVA QF LITE 1\u2033 za IBC cisterne S60x6. Kovinska QuickFlow pipa z dalj\u0161im ro\u010dajem in najve\u010djim pretokom za hitro polnjenje zalivalke.\" \/>\n<meta name=\"robots\" content=\"index, follow, max-snippet:-1, max-image-preview:large, max-video-preview:-1\" \/>\n<link rel=\"canonical\" href=\"https:\/\/ibcparts.eu\/it\/prodotto\/komplet-quickflow1\/\" \/>\n<meta property=\"og:locale\" content=\"it_IT\" \/>\n<meta property=\"og:type\" content=\"article\" \/>\n<meta property=\"og:title\" content=\"Komplet AVA 1&quot; QF Lite (dalj\u0161i ro\u010daj) | IBCparts.eu\" \/>\n<meta property=\"og:description\" content=\"Komplet AVA QF LITE 1\u2033 za IBC cisterne S60x6. Kovinska QuickFlow pipa z dalj\u0161im ro\u010dajem in najve\u010djim pretokom za hitro polnjenje zalivalke.\" \/>\n<meta property=\"og:url\" content=\"https:\/\/ibcparts.eu\/it\/prodotto\/komplet-quickflow1\/\" \/>\n<meta property=\"og:site_name\" content=\"IBCparts.eu\" \/>\n<meta property=\"article:modified_time\" content=\"2026-01-13T13:34:22+00:00\" \/>\n<meta property=\"og:image\" content=\"https:\/\/ibcparts.eu\/wp-content\/uploads\/2023\/04\/komplet-ava-za-ibc-cisterno-3_orig.jpg\" \/>\n\t<meta property=\"og:image:width\" content=\"827\" \/>\n\t<meta property=\"og:image:height\" content=\"827\" \/>\n\t<meta property=\"og:image:type\" content=\"image\/jpeg\" \/>\n<meta name=\"twitter:card\" content=\"summary_large_image\" \/>\n<script type=\"application\/ld+json\" class=\"yoast-schema-graph\">{\"@context\":\"https:\/\/schema.org\",\"@graph\":[{\"@type\":\"WebPage\",\"@id\":\"https:\/\/ibcparts.eu\/izdelek\/komplet-quickflow1\/\",\"url\":\"https:\/\/ibcparts.eu\/izdelek\/komplet-quickflow1\/\",\"name\":\"Komplet AVA 1\\\" QF Lite (dalj\u0161i ro\u010daj) | IBCparts.eu\",\"isPartOf\":{\"@id\":\"https:\/\/ibcparts.eu\/#website\"},\"primaryImageOfPage\":{\"@id\":\"https:\/\/ibcparts.eu\/izdelek\/komplet-quickflow1\/#primaryimage\"},\"image\":{\"@id\":\"https:\/\/ibcparts.eu\/izdelek\/komplet-quickflow1\/#primaryimage\"},\"thumbnailUrl\":\"https:\/\/ibcparts.eu\/wp-content\/uploads\/2023\/04\/komplet-ava-za-ibc-cisterno-3_orig.jpg\",\"datePublished\":\"2023-04-11T05:12:29+00:00\",\"dateModified\":\"2026-01-13T13:34:22+00:00\",\"description\":\"Komplet AVA QF LITE 1\u2033 za IBC cisterne S60x6. Kovinska QuickFlow pipa z dalj\u0161im ro\u010dajem in najve\u010djim pretokom za hitro polnjenje zalivalke.\",\"breadcrumb\":{\"@id\":\"https:\/\/ibcparts.eu\/izdelek\/komplet-quickflow1\/#breadcrumb\"},\"inLanguage\":\"it-IT\",\"potentialAction\":[{\"@type\":\"ReadAction\",\"target\":[\"https:\/\/ibcparts.eu\/izdelek\/komplet-quickflow1\/\"]}]},{\"@type\":\"ImageObject\",\"inLanguage\":\"it-IT\",\"@id\":\"https:\/\/ibcparts.eu\/izdelek\/komplet-quickflow1\/#primaryimage\",\"url\":\"https:\/\/ibcparts.eu\/wp-content\/uploads\/2023\/04\/komplet-ava-za-ibc-cisterno-3_orig.jpg\",\"contentUrl\":\"https:\/\/ibcparts.eu\/wp-content\/uploads\/2023\/04\/komplet-ava-za-ibc-cisterno-3_orig.jpg\",\"width\":827,\"height\":827},{\"@type\":\"BreadcrumbList\",\"@id\":\"https:\/\/ibcparts.eu\/izdelek\/komplet-quickflow1\/#breadcrumb\",\"itemListElement\":[{\"@type\":\"ListItem\",\"position\":1,\"name\":\"Home\",\"item\":\"https:\/\/ibcparts.eu\/\"},{\"@type\":\"ListItem\",\"position\":2,\"name\":\"Nakupujte\",\"item\":\"https:\/\/ibcparts.eu\/nakupujte\/\"},{\"@type\":\"ListItem\",\"position\":3,\"name\":\"Komplet AVA 1&#8243; QF Lite (dalj\u0161i ro\u010daj)\"}]},{\"@type\":\"WebSite\",\"@id\":\"https:\/\/ibcparts.eu\/#website\",\"url\":\"https:\/\/ibcparts.eu\/\",\"name\":\"IBCparts.eu\",\"description\":\"\",\"publisher\":{\"@id\":\"https:\/\/ibcparts.eu\/#organization\"},\"potentialAction\":[{\"@type\":\"SearchAction\",\"target\":{\"@type\":\"EntryPoint\",\"urlTemplate\":\"https:\/\/ibcparts.eu\/?s={search_term_string}\"},\"query-input\":{\"@type\":\"PropertyValueSpecification\",\"valueRequired\":true,\"valueName\":\"search_term_string\"}}],\"inLanguage\":\"it-IT\"},{\"@type\":\"Organization\",\"@id\":\"https:\/\/ibcparts.eu\/#organization\",\"name\":\"IBCparts\",\"url\":\"https:\/\/ibcparts.eu\/\",\"logo\":{\"@type\":\"ImageObject\",\"inLanguage\":\"it-IT\",\"@id\":\"https:\/\/ibcparts.eu\/#\/schema\/logo\/image\/\",\"url\":\"https:\/\/ibcparts.eu\/wp-content\/uploads\/2021\/10\/Footer-Logo.png\",\"contentUrl\":\"https:\/\/ibcparts.eu\/wp-content\/uploads\/2021\/10\/Footer-Logo.png\",\"width\":1992,\"height\":772,\"caption\":\"IBCparts\"},\"image\":{\"@id\":\"https:\/\/ibcparts.eu\/#\/schema\/logo\/image\/\"}}]}<\/script>\n<!-- \/ Yoast SEO plugin. -->","yoast_head_json":{"title":"AVA 1\" QF Lite kit (maniglia pi\u00f9 lunga) | IBCparts.eu","description":"Komplet AVA QF LITE 1\u2033 za IBC cisterne S60x6. Kovinska QuickFlow pipa z dalj\u0161im ro\u010dajem in najve\u010djim pretokom za hitro polnjenje zalivalke.","robots":{"index":"index","follow":"follow","max-snippet":"max-snippet:-1","max-image-preview":"max-image-preview:large","max-video-preview":"max-video-preview:-1"},"canonical":"https:\/\/ibcparts.eu\/it\/prodotto\/komplet-quickflow1\/","og_locale":"it_IT","og_type":"article","og_title":"Komplet AVA 1\" QF Lite (dalj\u0161i ro\u010daj) | IBCparts.eu","og_description":"Komplet AVA QF LITE 1\u2033 za IBC cisterne S60x6. Kovinska QuickFlow pipa z dalj\u0161im ro\u010dajem in najve\u010djim pretokom za hitro polnjenje zalivalke.","og_url":"https:\/\/ibcparts.eu\/it\/prodotto\/komplet-quickflow1\/","og_site_name":"IBCparts.eu","article_modified_time":"2026-01-13T13:34:22+00:00","og_image":[{"width":827,"height":827,"url":"https:\/\/ibcparts.eu\/wp-content\/uploads\/2023\/04\/komplet-ava-za-ibc-cisterno-3_orig.jpg","type":"image\/jpeg"}],"twitter_card":"summary_large_image","schema":{"@context":"https:\/\/schema.org","@graph":[{"@type":"WebPage","@id":"https:\/\/ibcparts.eu\/izdelek\/komplet-quickflow1\/","url":"https:\/\/ibcparts.eu\/izdelek\/komplet-quickflow1\/","name":"AVA 1\" QF Lite kit (maniglia pi\u00f9 lunga) | IBCparts.eu","isPartOf":{"@id":"https:\/\/ibcparts.eu\/#website"},"primaryImageOfPage":{"@id":"https:\/\/ibcparts.eu\/izdelek\/komplet-quickflow1\/#primaryimage"},"image":{"@id":"https:\/\/ibcparts.eu\/izdelek\/komplet-quickflow1\/#primaryimage"},"thumbnailUrl":"https:\/\/ibcparts.eu\/wp-content\/uploads\/2023\/04\/komplet-ava-za-ibc-cisterno-3_orig.jpg","datePublished":"2023-04-11T05:12:29+00:00","dateModified":"2026-01-13T13:34:22+00:00","description":"Komplet AVA QF LITE 1\u2033 za IBC cisterne S60x6. Kovinska QuickFlow pipa z dalj\u0161im ro\u010dajem in najve\u010djim pretokom za hitro polnjenje zalivalke.","breadcrumb":{"@id":"https:\/\/ibcparts.eu\/izdelek\/komplet-quickflow1\/#breadcrumb"},"inLanguage":"it-IT","potentialAction":[{"@type":"ReadAction","target":["https:\/\/ibcparts.eu\/izdelek\/komplet-quickflow1\/"]}]},{"@type":"ImageObject","inLanguage":"it-IT","@id":"https:\/\/ibcparts.eu\/izdelek\/komplet-quickflow1\/#primaryimage","url":"https:\/\/ibcparts.eu\/wp-content\/uploads\/2023\/04\/komplet-ava-za-ibc-cisterno-3_orig.jpg","contentUrl":"https:\/\/ibcparts.eu\/wp-content\/uploads\/2023\/04\/komplet-ava-za-ibc-cisterno-3_orig.jpg","width":827,"height":827},{"@type":"BreadcrumbList","@id":"https:\/\/ibcparts.eu\/izdelek\/komplet-quickflow1\/#breadcrumb","itemListElement":[{"@type":"ListItem","position":1,"name":"Home","item":"https:\/\/ibcparts.eu\/"},{"@type":"ListItem","position":2,"name":"Nakupujte","item":"https:\/\/ibcparts.eu\/nakupujte\/"},{"@type":"ListItem","position":3,"name":"Komplet AVA 1&#8243; QF Lite (dalj\u0161i ro\u010daj)"}]},{"@type":"WebSite","@id":"https:\/\/ibcparts.eu\/#website","url":"https:\/\/ibcparts.eu\/","name":"IBCparts.eu","description":"","publisher":{"@id":"https:\/\/ibcparts.eu\/#organization"},"potentialAction":[{"@type":"SearchAction","target":{"@type":"EntryPoint","urlTemplate":"https:\/\/ibcparts.eu\/?s={search_term_string}"},"query-input":{"@type":"PropertyValueSpecification","valueRequired":true,"valueName":"search_term_string"}}],"inLanguage":"it-IT"},{"@type":"Organization","@id":"https:\/\/ibcparts.eu\/#organization","name":"IBCparts","url":"https:\/\/ibcparts.eu\/","logo":{"@type":"ImageObject","inLanguage":"it-IT","@id":"https:\/\/ibcparts.eu\/#\/schema\/logo\/image\/","url":"https:\/\/ibcparts.eu\/wp-content\/uploads\/2021\/10\/Footer-Logo.png","contentUrl":"https:\/\/ibcparts.eu\/wp-content\/uploads\/2021\/10\/Footer-Logo.png","width":1992,"height":772,"caption":"IBCparts"},"image":{"@id":"https:\/\/ibcparts.eu\/#\/schema\/logo\/image\/"}}]}},"_links":{"self":[{"href":"https:\/\/ibcparts.eu\/it\/wp-json\/wp\/v2\/product\/14864","targetHints":{"allow":["GET"]}}],"collection":[{"href":"https:\/\/ibcparts.eu\/it\/wp-json\/wp\/v2\/product"}],"about":[{"href":"https:\/\/ibcparts.eu\/it\/wp-json\/wp\/v2\/types\/product"}],"version-history":[{"count":4,"href":"https:\/\/ibcparts.eu\/it\/wp-json\/wp\/v2\/product\/14864\/revisions"}],"predecessor-version":[{"id":20232,"href":"https:\/\/ibcparts.eu\/it\/wp-json\/wp\/v2\/product\/14864\/revisions\/20232"}],"wp:featuredmedia":[{"embeddable":true,"href":"https:\/\/ibcparts.eu\/it\/wp-json\/wp\/v2\/media\/14865"}],"wp:attachment":[{"href":"https:\/\/ibcparts.eu\/it\/wp-json\/wp\/v2\/media?parent=14864"}],"wp:term":[{"taxonomy":"product_brand","embeddable":true,"href":"https:\/\/ibcparts.eu\/it\/wp-json\/wp\/v2\/product_brand?post=14864"},{"taxonomy":"product_cat","embeddable":true,"href":"https:\/\/ibcparts.eu\/it\/wp-json\/wp\/v2\/product_cat?post=14864"},{"taxonomy":"product_tag","embeddable":true,"href":"https:\/\/ibcparts.eu\/it\/wp-json\/wp\/v2\/product_tag?post=14864"}],"curies":[{"name":"wp","href":"https:\/\/api.w.org\/{rel}","templated":true}]}}